{"id":155907,"date":"2023-06-12T09:52:16","date_gmt":"2023-06-12T07:52:16","guid":{"rendered":"https:\/\/autobaak.nl\/?page_id=155907"},"modified":"2023-06-12T09:52:16","modified_gmt":"2023-06-12T07:52:16","slug":"welches-motorol-opel-corsa-e-x15","status":"publish","type":"page","link":"https:\/\/autobaak.nl\/de\/welches-motorol-opel-corsa-e-x15\/","title":{"rendered":"Welches Motor\u00f6l Opel Corsa E X15"},"content":{"rendered":"<p>Sie suchen das richtige Motor\u00f6l f\u00fcr Ihren Opel Corsa C? Welche Art von Motor\u00f6l f\u00fcr Ihren Opel Corsa ben\u00f6tigt wird, h\u00e4ngt von dem jeweiligen Modell und Baujahr des Fahrzeugs ab. Es ist wichtig, ein hochwertiges \u00d6l zu verwenden, das den Spezifikationen des Herstellers entspricht, um eine optimale Leistung und eine lange Lebensdauer des Motors zu gew\u00e4hrleisten.<\/p>\n<h2>Motor\u00f6l Opel Corsa E X15<\/h2>\n<p>In der folgenden \u00dcbersicht haben wir f\u00fcr Sie das passende Motor\u00f6l f\u00fcr Ihren Opel Corsa C X01 sorgf\u00e4ltig aufgelistet. Dennoch empfehlen wir immer, die Betriebsanleitung zu konsultieren oder eine zertifizierte Opel-Werkstatt zu fragen, um die richtige \u00d6lsorte f\u00fcr Ihr spezifisches Fahrzeug zu \u00fcberpr\u00fcfen.<\/p>\n\n<table id=\"tablepress-125\" class=\"tablepress tablepress-id-125 tablepress-responsive\">\n<thead>\n<tr class=\"row-1 odd\">\n\t<th class=\"column-1\">Modell<\/th><th class=\"column-2\">Welches Motor\u00f6l<\/th><th class=\"column-3\">Wann ist zu ersetzen<\/th>\n<\/tr>\n<\/thead>\n<tbody class=\"row-hover\">\n<tr class=\"row-2 even\">\n\t<td class=\"column-1\">Opel Corsa E 1.0 Turbo (66 kW) (2015-2018)<\/td><td class=\"column-2\">0W-20<\/td><td class=\"column-3\">Wechsel alle 30000 km\/12 Monate<\/td>\n<\/tr>\n<tr class=\"row-3 odd\">\n\t<td class=\"column-1\">Opel Corsa E 1.0 Turbo (66 kW) (2018-2019)<\/td><td class=\"column-2\">0W-20<\/td><td class=\"column-3\">Wechsel alle 30000 km\/12 Monate<\/td>\n<\/tr>\n<tr class=\"row-4 even\">\n\t<td class=\"column-1\">Opel Corsa E 1.0 Turbo (85 kW) (2015-2018)<\/td><td class=\"column-2\">0W-20<\/td><td class=\"column-3\">Wechsel alle 30000 km\/12 Monate<\/td>\n<\/tr>\n<tr class=\"row-5 odd\">\n\t<td class=\"column-1\">Opel Corsa E 1.2 (51 kW) (2015-2018)<\/td><td class=\"column-2\">5W-30<\/td><td class=\"column-3\">Wechsel alle 30000 km\/12 Monate<\/td>\n<\/tr>\n<tr class=\"row-6 even\">\n\t<td class=\"column-1\">Opel Corsa E 1.2 (51 kW) (2015-2018)<\/td><td class=\"column-2\">5W-40<\/td><td class=\"column-3\">Wechsel alle 30000 km\/12 Monate<\/td>\n<\/tr>\n<tr class=\"row-7 odd\">\n\t<td class=\"column-1\">Opel Corsa E 1.2 (51 kW) (2018-2019)<\/td><td class=\"column-2\">5W-30<\/td><td class=\"column-3\">Wechsel alle 30000 km\/12 Monate<\/td>\n<\/tr>\n<tr class=\"row-8 even\">\n\t<td class=\"column-1\">Opel Corsa E 1.2 (51 kW) (2018-2019)<\/td><td class=\"column-2\">5W-40<\/td><td class=\"column-3\">Wechsel alle 30000 km\/12 Monate<\/td>\n<\/tr>\n<tr class=\"row-9 odd\">\n\t<td class=\"column-1\">Opel Corsa E 1.3 CDTI (55 kW) (2015-2018)<\/td><td class=\"column-2\">5W-30<\/td><td class=\"column-3\">Wechsel alle 30000 km\/12 Monate<\/td>\n<\/tr>\n<tr class=\"row-10 even\">\n\t<td class=\"column-1\">Opel Corsa E 1.3 CDTI (55 kW) (2015-2018)<\/td><td class=\"column-2\">5W-40<\/td><td class=\"column-3\">Wechsel alle 30000 km\/12 Monate<\/td>\n<\/tr>\n<tr class=\"row-11 odd\">\n\t<td class=\"column-1\">Opel Corsa E 1.3 CDTI (70 kW) (2015-2018)<\/td><td class=\"column-2\">5W-30<\/td><td class=\"column-3\">Wechsel alle 30000 km\/12 Monate<\/td>\n<\/tr>\n<tr class=\"row-12 even\">\n\t<td class=\"column-1\">Opel Corsa E 1.3 CDTI (70 kW) (2015-2018)<\/td><td class=\"column-2\">5W-40<\/td><td class=\"column-3\">Wechsel alle 30000 km\/12 Monate<\/td>\n<\/tr>\n<tr class=\"row-13 odd\">\n\t<td class=\"column-1\">Opel Corsa E 1.4 (55 kW) (2015-2018)<\/td><td class=\"column-2\">5W-30<\/td><td class=\"column-3\">Wechsel alle 30000 km\/12 Monate<\/td>\n<\/tr>\n<tr class=\"row-14 even\">\n\t<td class=\"column-1\">Opel Corsa E 1.4 (55 kW) (2015-2018)<\/td><td class=\"column-2\">5W-40<\/td><td class=\"column-3\">Wechsel alle 30000 km\/12 Monate<\/td>\n<\/tr>\n<tr class=\"row-15 odd\">\n\t<td class=\"column-1\">Opel Corsa E 1.4 (66 kW) (2015-2018)<\/td><td class=\"column-2\">5W-30<\/td><td class=\"column-3\">Wechsel alle 30000 km\/12 Monate<\/td>\n<\/tr>\n<tr class=\"row-16 even\">\n\t<td class=\"column-1\">Opel Corsa E 1.4 (66 kW) (2015-2018)<\/td><td class=\"column-2\">5W-40<\/td><td class=\"column-3\">Wechsel alle 30000 km\/12 Monate<\/td>\n<\/tr>\n<tr class=\"row-17 odd\">\n\t<td class=\"column-1\">Opel Corsa E 1.4 (66 kW) (2018-2019)<\/td><td class=\"column-2\">5W-30<\/td><td class=\"column-3\">Wechsel alle 30000 km\/12 Monate<\/td>\n<\/tr>\n<tr class=\"row-18 even\">\n\t<td class=\"column-1\">Opel Corsa E 1.4 (66 kW) (2018-2019)<\/td><td class=\"column-2\">5W-40<\/td><td class=\"column-3\">Wechsel alle 30000 km\/12 Monate<\/td>\n<\/tr>\n<tr class=\"row-19 odd\">\n\t<td class=\"column-1\">Opel Corsa E 1.4 (66 kW) LPG (2015-2018)<\/td><td class=\"column-2\">5W-30<\/td><td class=\"column-3\">Wechsel alle 30000 km\/12 Monate<\/td>\n<\/tr>\n<tr class=\"row-20 even\">\n\t<td class=\"column-1\">Opel Corsa E 1.4 (66 kW) LPG (2015-2018)<\/td><td class=\"column-2\">5W-40<\/td><td class=\"column-3\">Wechsel alle 30000 km\/12 Monate<\/td>\n<\/tr>\n<tr class=\"row-21 odd\">\n\t<td class=\"column-1\">Opel Corsa E 1.4 (66 kW) LPG (2018-2019)<\/td><td class=\"column-2\">5W-30<\/td><td class=\"column-3\">Wechsel alle 30000 km\/12 Monate<\/td>\n<\/tr>\n<tr class=\"row-22 even\">\n\t<td class=\"column-1\">Opel Corsa E 1.4 (66 kW) LPG (2018-2019)<\/td><td class=\"column-2\">5W-40<\/td><td class=\"column-3\">Wechsel alle 30000 km\/12 Monate<\/td>\n<\/tr>\n<tr class=\"row-23 odd\">\n\t<td class=\"column-1\">Opel Corsa E 1.4 Turbo (110 kW) (2015-2018)<\/td><td class=\"column-2\">5W-30<\/td><td class=\"column-3\">Wechsel alle 30000 km\/12 Monate<\/td>\n<\/tr>\n<tr class=\"row-24 even\">\n\t<td class=\"column-1\">Opel Corsa E 1.4 Turbo (74 kW) (2015-2018)<\/td><td class=\"column-2\">5W-30<\/td><td class=\"column-3\">Wechsel alle 30000 km\/12 Monate<\/td>\n<\/tr>\n<tr class=\"row-25 odd\">\n\t<td class=\"column-1\">Opel Corsa E 1.6 Turbo OPC (2015-2018)<\/td><td class=\"column-2\">5W-30<\/td><td class=\"column-3\">Wechsel alle 30000 km\/12 Monate<\/td>\n<\/tr>\n<tr class=\"row-26 even\">\n\t<td class=\"column-1\">Opel Corsa E 1.6 Turbo OPC (2015-2018)<\/td><td class=\"column-2\">5W-40<\/td><td class=\"column-3\">Wechsel alle 30000 km\/12 Monate<\/td>\n<\/tr>\n<\/tbody>\n<\/table>\n<!-- #tablepress-125 from cache -->","protected":false},"excerpt":{"rendered":"<p>Sie suchen das richtige Motor\u00f6l f\u00fcr Ihren Opel Corsa E X15? Welche Art von Motor\u00f6l f\u00fcr Ihren Opel Corsa ben\u00f6tigt wird, h\u00e4ngt vom jeweiligen Modell und Baujahr des Fahrzeugs ab. Es ist wichtig, ein hochwertiges \u00d6l zu verwenden, das den Spezifikationen des [...]<\/p>","protected":false},"author":1,"featured_media":0,"parent":0,"menu_order":0,"comment_status":"closed","ping_status":"closed","template":"","meta":{"_et_pb_use_builder":"","_et_pb_old_content":"","_et_gb_content_width":"","footnotes":""},"class_list":["post-155907","page","type-page","status-publish","hentry"],"yoast_head":"<!-- This site is optimized with the Yoast SEO plugin v27.4 - https:\/\/yoast.com\/product\/yoast-seo-wordpress\/ -->\n<title>Welke Motorolie Opel Corsa E X15 - Autobaak.nl<\/title>\n<meta name=\"description\" content=\"Welke motorolie Opel Corsa E X15? Op deze pagina een overzicht van alle Opel Corsa E X15 modellen en de bijbehorende motorolie.\" \/>\n<meta name=\"robots\" content=\"index, follow, max-snippet:-1, max-image-preview:large, max-video-preview:-1\" \/>\n<link rel=\"canonical\" href=\"https:\/\/autobaak.nl\/de\/welches-motorol-opel-corsa-e-x15\/\" \/>\n<meta property=\"og:locale\" content=\"de_DE\" \/>\n<meta property=\"og:type\" content=\"article\" \/>\n<meta property=\"og:title\" content=\"Welke Motorolie Opel Corsa E X15 - Autobaak.nl\" \/>\n<meta property=\"og:description\" content=\"Welke motorolie Opel Corsa E X15? Op deze pagina een overzicht van alle Opel Corsa E X15 modellen en de bijbehorende motorolie.\" \/>\n<meta property=\"og:url\" content=\"https:\/\/autobaak.nl\/de\/welches-motorol-opel-corsa-e-x15\/\" \/>\n<meta property=\"og:site_name\" content=\"Autobaak.nl\" \/>\n<meta name=\"twitter:card\" content=\"summary_large_image\" \/>\n<meta name=\"twitter:label1\" content=\"Gesch\u00e4tzte Lesezeit\" \/>\n\t<meta name=\"twitter:data1\" content=\"1\u00a0Minute\" \/>\n<script type=\"application\/ld+json\" class=\"yoast-schema-graph\">{\"@context\":\"https:\\\/\\\/schema.org\",\"@graph\":[{\"@type\":\"WebPage\",\"@id\":\"https:\\\/\\\/autobaak.nl\\\/welke-motorolie-opel-corsa-e-x15\\\/\",\"url\":\"https:\\\/\\\/autobaak.nl\\\/welke-motorolie-opel-corsa-e-x15\\\/\",\"name\":\"Welke Motorolie Opel Corsa E X15 - Autobaak.nl\",\"isPartOf\":{\"@id\":\"https:\\\/\\\/autobaak.nl\\\/#website\"},\"datePublished\":\"2023-06-12T07:52:16+00:00\",\"description\":\"Welke motorolie Opel Corsa E X15? Op deze pagina een overzicht van alle Opel Corsa E X15 modellen en de bijbehorende motorolie.\",\"breadcrumb\":{\"@id\":\"https:\\\/\\\/autobaak.nl\\\/welke-motorolie-opel-corsa-e-x15\\\/#breadcrumb\"},\"inLanguage\":\"de\",\"potentialAction\":[{\"@type\":\"ReadAction\",\"target\":[\"https:\\\/\\\/autobaak.nl\\\/welke-motorolie-opel-corsa-e-x15\\\/\"]}]},{\"@type\":\"BreadcrumbList\",\"@id\":\"https:\\\/\\\/autobaak.nl\\\/welke-motorolie-opel-corsa-e-x15\\\/#breadcrumb\",\"itemListElement\":[{\"@type\":\"ListItem\",\"position\":1,\"name\":\"Home\",\"item\":\"https:\\\/\\\/autobaak.nl\\\/\"},{\"@type\":\"ListItem\",\"position\":2,\"name\":\"Welke Motorolie Opel Corsa E X15\"}]},{\"@type\":\"WebSite\",\"@id\":\"https:\\\/\\\/autobaak.nl\\\/#website\",\"url\":\"https:\\\/\\\/autobaak.nl\\\/\",\"name\":\"Autobaak.nl\",\"description\":\"Cars &amp; Racing\",\"potentialAction\":[{\"@type\":\"SearchAction\",\"target\":{\"@type\":\"EntryPoint\",\"urlTemplate\":\"https:\\\/\\\/autobaak.nl\\\/?s={search_term_string}\"},\"query-input\":{\"@type\":\"PropertyValueSpecification\",\"valueRequired\":true,\"valueName\":\"search_term_string\"}}],\"inLanguage\":\"de\"}]}<\/script>\n<!-- \/ Yoast SEO plugin. -->","yoast_head_json":{"title":"Welches Motor\u00f6l Opel Corsa E X15 - Autobaak.de","description":"Welches Motor\u00f6l Opel Corsa E X15? Auf dieser Seite finden Sie eine Liste aller Opel Corsa E X15 Modelle und deren Motor\u00f6l.","robots":{"index":"index","follow":"follow","max-snippet":"max-snippet:-1","max-image-preview":"max-image-preview:large","max-video-preview":"max-video-preview:-1"},"canonical":"https:\/\/autobaak.nl\/de\/welches-motorol-opel-corsa-e-x15\/","og_locale":"de_DE","og_type":"article","og_title":"Welke Motorolie Opel Corsa E X15 - Autobaak.nl","og_description":"Welke motorolie Opel Corsa E X15? Op deze pagina een overzicht van alle Opel Corsa E X15 modellen en de bijbehorende motorolie.","og_url":"https:\/\/autobaak.nl\/de\/welches-motorol-opel-corsa-e-x15\/","og_site_name":"Autobaak.nl","twitter_card":"summary_large_image","twitter_misc":{"Gesch\u00e4tzte Lesezeit":"1\u00a0Minute"},"schema":{"@context":"https:\/\/schema.org","@graph":[{"@type":"WebPage","@id":"https:\/\/autobaak.nl\/welke-motorolie-opel-corsa-e-x15\/","url":"https:\/\/autobaak.nl\/welke-motorolie-opel-corsa-e-x15\/","name":"Welches Motor\u00f6l Opel Corsa E X15 - Autobaak.de","isPartOf":{"@id":"https:\/\/autobaak.nl\/#website"},"datePublished":"2023-06-12T07:52:16+00:00","description":"Welches Motor\u00f6l Opel Corsa E X15? Auf dieser Seite finden Sie eine Liste aller Opel Corsa E X15 Modelle und deren Motor\u00f6l.","breadcrumb":{"@id":"https:\/\/autobaak.nl\/welke-motorolie-opel-corsa-e-x15\/#breadcrumb"},"inLanguage":"de","potentialAction":[{"@type":"ReadAction","target":["https:\/\/autobaak.nl\/welke-motorolie-opel-corsa-e-x15\/"]}]},{"@type":"BreadcrumbList","@id":"https:\/\/autobaak.nl\/welke-motorolie-opel-corsa-e-x15\/#breadcrumb","itemListElement":[{"@type":"ListItem","position":1,"name":"Home","item":"https:\/\/autobaak.nl\/"},{"@type":"ListItem","position":2,"name":"Welke Motorolie Opel Corsa E X15"}]},{"@type":"WebSite","@id":"https:\/\/autobaak.nl\/#website","url":"https:\/\/autobaak.nl\/","name":"Autobook.de","description":"Autos &amp; Rennsport","potentialAction":[{"@type":"SearchAction","target":{"@type":"EntryPoint","urlTemplate":"https:\/\/autobaak.nl\/?s={search_term_string}"},"query-input":{"@type":"PropertyValueSpecification","valueRequired":true,"valueName":"search_term_string"}}],"inLanguage":"de"}]}},"_links":{"self":[{"href":"https:\/\/autobaak.nl\/de\/wp-json\/wp\/v2\/pages\/155907","targetHints":{"allow":["GET"]}}],"collection":[{"href":"https:\/\/autobaak.nl\/de\/wp-json\/wp\/v2\/pages"}],"about":[{"href":"https:\/\/autobaak.nl\/de\/wp-json\/wp\/v2\/types\/page"}],"author":[{"embeddable":true,"href":"https:\/\/autobaak.nl\/de\/wp-json\/wp\/v2\/users\/1"}],"replies":[{"embeddable":true,"href":"https:\/\/autobaak.nl\/de\/wp-json\/wp\/v2\/comments?post=155907"}],"version-history":[{"count":1,"href":"https:\/\/autobaak.nl\/de\/wp-json\/wp\/v2\/pages\/155907\/revisions"}],"predecessor-version":[{"id":155908,"href":"https:\/\/autobaak.nl\/de\/wp-json\/wp\/v2\/pages\/155907\/revisions\/155908"}],"wp:attachment":[{"href":"https:\/\/autobaak.nl\/de\/wp-json\/wp\/v2\/media?parent=155907"}],"curies":[{"name":"wp","href":"https:\/\/api.w.org\/{rel}","templated":true}]}}