{"id":155915,"date":"2023-06-12T09:57:20","date_gmt":"2023-06-12T07:57:20","guid":{"rendered":"https:\/\/autobaak.nl\/?page_id=155915"},"modified":"2023-06-12T09:57:20","modified_gmt":"2023-06-12T07:57:20","slug":"welches-motorol-opel-insignia","status":"publish","type":"page","link":"https:\/\/autobaak.nl\/de\/welches-motorol-opel-insignia\/","title":{"rendered":"Welches Motor\u00f6l Opel Insignia"},"content":{"rendered":"<p>Sie suchen das richtige Motor\u00f6l f\u00fcr Ihren Opel Insignia? Welche Art von Motor\u00f6l f\u00fcr Ihren Opel Insignia ben\u00f6tigt wird, h\u00e4ngt von dem jeweiligen Modell und Baujahr des Fahrzeugs ab. Es ist wichtig, ein hochwertiges \u00d6l zu verwenden, das den Spezifikationen des Herstellers entspricht, um eine optimale Leistung und eine lange Lebensdauer des Motors zu gew\u00e4hrleisten.<\/p>\n<h2>Motor\u00f6l Opel Insignia<\/h2>\n<p>In der folgenden \u00dcbersicht haben wir das passende Motor\u00f6l f\u00fcr den Opel Insignia sorgf\u00e4ltig aufgelistet. Dennoch empfehlen wir immer, die Betriebsanleitung zu konsultieren oder eine zertifizierte Opel-Werkstatt zu fragen, um die richtige \u00d6lsorte f\u00fcr Ihr spezifisches Fahrzeug zu \u00fcberpr\u00fcfen.<\/p>\n\n<table id=\"tablepress-121\" class=\"tablepress tablepress-id-121 tablepress-responsive\">\n<thead>\n<tr class=\"row-1 odd\">\n\t<th class=\"column-1\">Modell<\/th><th class=\"column-2\">Welches Motor\u00f6l<\/th><th class=\"column-3\">Wann ist zu ersetzen<\/th>\n<\/tr>\n<\/thead>\n<tbody class=\"row-hover\">\n<tr class=\"row-2 even\">\n\t<td class=\"column-1\">Opel Insignia A 1.4 Turbo (103 kW) (2011-2013)<\/td><td class=\"column-2\">5W-30<\/td><td class=\"column-3\">Wechsel alle 30000 km\/12 Monate<\/td>\n<\/tr>\n<tr class=\"row-3 odd\">\n\t<td class=\"column-1\">Opel Insignia A 1.4 Turbo (103 kW) (2013-2017)<\/td><td class=\"column-2\">5W-30<\/td><td class=\"column-3\">Wechsel alle 30000 km\/12 Monate<\/td>\n<\/tr>\n<tr class=\"row-4 even\">\n\t<td class=\"column-1\">Opel Insignia A 1.4 Turbo (103 kW) LPG (2012-2013)<\/td><td class=\"column-2\">5W-30<\/td><td class=\"column-3\">Wechsel alle 30000 km\/12 Monate<\/td>\n<\/tr>\n<tr class=\"row-5 odd\">\n\t<td class=\"column-1\">Opel Insignia A 1.4 Turbo (103 kW) LPG (2013-2017)<\/td><td class=\"column-2\">5W-30<\/td><td class=\"column-3\">Wechsel alle 30000 km\/12 Monate<\/td>\n<\/tr>\n<tr class=\"row-6 even\">\n\t<td class=\"column-1\">Opel Insignia A 1.6 (85 kW) (2008-2011)<\/td><td class=\"column-2\">5W-30<\/td><td class=\"column-3\">Wechsel alle 30000 km\/12 Monate<\/td>\n<\/tr>\n<tr class=\"row-7 odd\">\n\t<td class=\"column-1\">Opel Insignia A 1.6 (85 kW) (2008-2011)<\/td><td class=\"column-2\">5W-40<\/td><td class=\"column-3\">Wechsel alle 30000 km\/12 Monate<\/td>\n<\/tr>\n<tr class=\"row-8 even\">\n\t<td class=\"column-1\">Opel Insignia A 1.6 (85 kW) (2011-2012)<\/td><td class=\"column-2\">5W-30<\/td><td class=\"column-3\">Wechsel alle 30000 km\/12 Monate<\/td>\n<\/tr>\n<tr class=\"row-9 odd\">\n\t<td class=\"column-1\">Opel Insignia A 1.6 (85 kW) (2011-2012)<\/td><td class=\"column-2\">5W-40<\/td><td class=\"column-3\">Wechsel alle 30000 km\/12 Monate<\/td>\n<\/tr>\n<tr class=\"row-10 even\">\n\t<td class=\"column-1\">Opel Insignia A 1.6 CDTI (100 kW) (2015-2017)<\/td><td class=\"column-2\">5W-30<\/td><td class=\"column-3\">Wechsel alle 30000 km\/12 Monate<\/td>\n<\/tr>\n<tr class=\"row-11 odd\">\n\t<td class=\"column-1\">Opel Insignia A 1.6 CDTI (100 kW) (2015-2017)<\/td><td class=\"column-2\">5W-40<\/td><td class=\"column-3\">Wechsel alle 30000 km\/12 Monate<\/td>\n<\/tr>\n<tr class=\"row-12 even\">\n\t<td class=\"column-1\">Opel Insignia A 1.6 CDTI (88 kW) (2015-2017)<\/td><td class=\"column-2\">5W-30<\/td><td class=\"column-3\">Wechsel alle 30000 km\/12 Monate<\/td>\n<\/tr>\n<tr class=\"row-13 odd\">\n\t<td class=\"column-1\">Opel Insignia A 1.6 CDTI (88 kW) (2015-2017)<\/td><td class=\"column-2\">5W-40<\/td><td class=\"column-3\">Wechsel alle 30000 km\/12 Monate<\/td>\n<\/tr>\n<tr class=\"row-14 even\">\n\t<td class=\"column-1\">Opel Insignia A 1.6 Turbo (125 kW) (2013-2015)<\/td><td class=\"column-2\">5W-30<\/td><td class=\"column-3\">Wechsel alle 30000 km\/12 Monate<\/td>\n<\/tr>\n<tr class=\"row-15 odd\">\n\t<td class=\"column-1\">Opel Insignia A 1.6 Turbo (125 kW) (2015-2017)<\/td><td class=\"column-2\">5W-30<\/td><td class=\"column-3\">Wechsel alle 30000 km\/12 Monate<\/td>\n<\/tr>\n<tr class=\"row-16 even\">\n\t<td class=\"column-1\">Opel Insignia A 1.6 Turbo (132 kW) (2009-2011)<\/td><td class=\"column-2\">5W-30<\/td><td class=\"column-3\">Wechsel alle 30000 km\/12 Monate<\/td>\n<\/tr>\n<tr class=\"row-17 odd\">\n\t<td class=\"column-1\">Opel Insignia A 1.6 Turbo (132 kW) (2009-2011)<\/td><td class=\"column-2\">5W-40<\/td><td class=\"column-3\">Wechsel alle 30000 km\/12 Monate<\/td>\n<\/tr>\n<tr class=\"row-18 even\">\n\t<td class=\"column-1\">Opel Insignia A 1.6 Turbo (132 kW) (2011-2013)<\/td><td class=\"column-2\">5W-30<\/td><td class=\"column-3\">Wechsel alle 30000 km\/12 Monate<\/td>\n<\/tr>\n<tr class=\"row-19 odd\">\n\t<td class=\"column-1\">Opel Insignia A 1.6 Turbo (132 kW) (2011-2013)<\/td><td class=\"column-2\">5W-40<\/td><td class=\"column-3\">Wechsel alle 30000 km\/12 Monate<\/td>\n<\/tr>\n<tr class=\"row-20 even\">\n\t<td class=\"column-1\">Opel Insignia A 1.7 CDTI (74 kW) (2008-2011)<\/td><td class=\"column-2\">5W-30<\/td><td class=\"column-3\">Wechsel alle 30000 km\/12 Monate<\/td>\n<\/tr>\n<tr class=\"row-21 odd\">\n\t<td class=\"column-1\">Opel Insignia A 1.7 CDTI (74 kW) (2008-2011)<\/td><td class=\"column-2\">5W-40<\/td><td class=\"column-3\">Wechsel alle 30000 km\/12 Monate<\/td>\n<\/tr>\n<tr class=\"row-22 even\">\n\t<td class=\"column-1\">Opel Insignia A 1.8 (103 kW) (2008-2011)<\/td><td class=\"column-2\">5W-30<\/td><td class=\"column-3\">Wechsel alle 30000 km\/12 Monate<\/td>\n<\/tr>\n<tr class=\"row-23 odd\">\n\t<td class=\"column-1\">Opel Insignia A 1.8 (103 kW) (2008-2011)<\/td><td class=\"column-2\">5W-40<\/td><td class=\"column-3\">Wechsel alle 30000 km\/12 Monate<\/td>\n<\/tr>\n<tr class=\"row-24 even\">\n\t<td class=\"column-1\">Opel Insignia A 1.8 (103 kW) (2012-2015)<\/td><td class=\"column-2\">5W-30<\/td><td class=\"column-3\">Wechsel alle 30000 km\/12 Monate<\/td>\n<\/tr>\n<tr class=\"row-25 odd\">\n\t<td class=\"column-1\">Opel Insignia A 1.8 (103 kW) (2012-2015)<\/td><td class=\"column-2\">5W-40<\/td><td class=\"column-3\">Wechsel alle 30000 km\/12 Monate<\/td>\n<\/tr>\n<tr class=\"row-26 even\">\n\t<td class=\"column-1\">Opel Insignia A 1.8 (103 kW) (2015-2017)<\/td><td class=\"column-2\">5W-30<\/td><td class=\"column-3\">Wechsel alle 30000 km\/12 Monate<\/td>\n<\/tr>\n<tr class=\"row-27 odd\">\n\t<td class=\"column-1\">Opel Insignia A 1.8 (103 kW) (2015-2017)<\/td><td class=\"column-2\">5W-40<\/td><td class=\"column-3\">Wechsel alle 30000 km\/12 Monate<\/td>\n<\/tr>\n<tr class=\"row-28 even\">\n\t<td class=\"column-1\">Opel Insignia A 2.0 BiTurbo CDTI (2008-2010)<\/td><td class=\"column-2\">0W-40<\/td><td class=\"column-3\">Wechsel alle 30000 km\/12 Monate<\/td>\n<\/tr>\n<tr class=\"row-29 odd\">\n\t<td class=\"column-1\">Opel Insignia A 2.0 BiTurbo CDTI (2011-2015)<\/td><td class=\"column-2\">5W-30<\/td><td class=\"column-3\">Wechsel alle 30000 km\/12 Monate<\/td>\n<\/tr>\n<tr class=\"row-30 even\">\n\t<td class=\"column-1\">Opel Insignia A 2.0 BiTurbo CDTI (2011-2015)<\/td><td class=\"column-2\">5W-40<\/td><td class=\"column-3\">Wechsel alle 30000 km\/12 Monate<\/td>\n<\/tr>\n<tr class=\"row-31 odd\">\n\t<td class=\"column-1\">Opel Insignia A 2.0 BiTurbo CDTI 4x4 (2008-2010)<\/td><td class=\"column-2\">0W-40<\/td><td class=\"column-3\">Wechsel alle 30000 km\/12 Monate<\/td>\n<\/tr>\n<tr class=\"row-32 even\">\n\t<td class=\"column-1\">Opel Insignia A 2.0 BiTurbo CDTI 4x4 (2011-2015)<\/td><td class=\"column-2\">5W-30<\/td><td class=\"column-3\">Wechsel alle 30000 km\/12 Monate<\/td>\n<\/tr>\n<tr class=\"row-33 odd\">\n\t<td class=\"column-1\">Opel Insignia A 2.0 BiTurbo CDTI 4x4 (2011-2015)<\/td><td class=\"column-2\">5W-40<\/td><td class=\"column-3\">Wechsel alle 30000 km\/12 Monate<\/td>\n<\/tr>\n<tr class=\"row-34 even\">\n\t<td class=\"column-1\">Opel Insignia A 2.0 CDTI (103 kW) (2013-2015)<\/td><td class=\"column-2\">5W-30<\/td><td class=\"column-3\">Wechsel alle 30000 km\/12 Monate<\/td>\n<\/tr>\n<tr class=\"row-35 odd\">\n\t<td class=\"column-1\">Opel Insignia A 2.0 CDTI (103 kW) (2013-2015)<\/td><td class=\"column-2\">5W-40<\/td><td class=\"column-3\">Wechsel alle 30000 km\/12 Monate<\/td>\n<\/tr>\n<tr class=\"row-36 even\">\n\t<td class=\"column-1\">Opel Insignia A 2.0 CDTI (118 kW) (2008-2011)<\/td><td class=\"column-2\">5W-30<\/td><td class=\"column-3\">Wechsel alle 30000 km\/12 Monate<\/td>\n<\/tr>\n<tr class=\"row-37 odd\">\n\t<td class=\"column-1\">Opel Insignia A 2.0 CDTI (118 kW) (2008-2011)<\/td><td class=\"column-2\">5W-40<\/td><td class=\"column-3\">Wechsel alle 30000 km\/12 Monate<\/td>\n<\/tr>\n<tr class=\"row-38 even\">\n\t<td class=\"column-1\">Opel Insignia A 2.0 CDTI (118 kW) (2011-2013)<\/td><td class=\"column-2\">5W-30<\/td><td class=\"column-3\">Wechsel alle 30000 km\/12 Monate<\/td>\n<\/tr>\n<tr class=\"row-39 odd\">\n\t<td class=\"column-1\">Opel Insignia A 2.0 CDTI (118 kW) (2011-2013)<\/td><td class=\"column-2\">5W-40<\/td><td class=\"column-3\">Wechsel alle 30000 km\/12 Monate<\/td>\n<\/tr>\n<tr class=\"row-40 even\">\n\t<td class=\"column-1\">Opel Insignia A 2.0 CDTI (118 kW) 4x4 (2010-2011)<\/td><td class=\"column-2\">5W-30<\/td><td class=\"column-3\">Wechsel alle 30000 km\/12 Monate<\/td>\n<\/tr>\n<tr class=\"row-41 odd\">\n\t<td class=\"column-1\">Opel Insignia A 2.0 CDTI (118 kW) 4x4 (2010-2011)<\/td><td class=\"column-2\">5W-40<\/td><td class=\"column-3\">Wechsel alle 30000 km\/12 Monate<\/td>\n<\/tr>\n<tr class=\"row-42 even\">\n\t<td class=\"column-1\">Opel Insignia A 2.0 CDTI (118 kW) 4x4 (2011-2013)<\/td><td class=\"column-2\">5W-30<\/td><td class=\"column-3\">Wechsel alle 30000 km\/12 Monate<\/td>\n<\/tr>\n<tr class=\"row-43 odd\">\n\t<td class=\"column-1\">Opel Insignia A 2.0 CDTI (118 kW) 4x4 (2011-2013)<\/td><td class=\"column-2\">5W-40<\/td><td class=\"column-3\">Wechsel alle 30000 km\/12 Monate<\/td>\n<\/tr>\n<tr class=\"row-44 even\">\n\t<td class=\"column-1\">Opel Insignia A 2.0 CDTI (120 kW) (2013-2015)<\/td><td class=\"column-2\">5W-30<\/td><td class=\"column-3\">Wechsel alle 30000 km\/12 Monate<\/td>\n<\/tr>\n<tr class=\"row-45 odd\">\n\t<td class=\"column-1\">Opel Insignia A 2.0 CDTI (120 kW) (2013-2015)<\/td><td class=\"column-2\">5W-40<\/td><td class=\"column-3\">Wechsel alle 30000 km\/12 Monate<\/td>\n<\/tr>\n<tr class=\"row-46 even\">\n\t<td class=\"column-1\">Opel Insignia A 2.0 CDTI (120 kW) 4x4 (2013-2015)<\/td><td class=\"column-2\">5W-30<\/td><td class=\"column-3\">Wechsel alle 30000 km\/12 Monate<\/td>\n<\/tr>\n<tr class=\"row-47 odd\">\n\t<td class=\"column-1\">Opel Insignia A 2.0 CDTI (120 kW) 4x4 (2013-2015)<\/td><td class=\"column-2\">5W-40<\/td><td class=\"column-3\">Wechsel alle 30000 km\/12 Monate<\/td>\n<\/tr>\n<tr class=\"row-48 even\">\n\t<td class=\"column-1\">Opel Insignia A 2.0 CDTI (125 kW) (2015-2017)<\/td><td class=\"column-2\">5W-30<\/td><td class=\"column-3\">Wechsel alle 30000 km\/12 Monate<\/td>\n<\/tr>\n<tr class=\"row-49 odd\">\n\t<td class=\"column-1\">Opel Insignia A 2.0 CDTI (125 kW) (2015-2017)<\/td><td class=\"column-2\">5W-40<\/td><td class=\"column-3\">Wechsel alle 30000 km\/12 Monate<\/td>\n<\/tr>\n<tr class=\"row-50 even\">\n\t<td class=\"column-1\">Opel Insignia A 2.0 CDTI (125 kW) 4x4 (2015-2017)<\/td><td class=\"column-2\">5W-30<\/td><td class=\"column-3\">Wechsel alle 30000 km\/12 Monate<\/td>\n<\/tr>\n<tr class=\"row-51 odd\">\n\t<td class=\"column-1\">Opel Insignia A 2.0 CDTI (125 kW) 4x4 (2015-2017)<\/td><td class=\"column-2\">5W-40<\/td><td class=\"column-3\">Wechsel alle 30000 km\/12 Monate<\/td>\n<\/tr>\n<tr class=\"row-52 even\">\n\t<td class=\"column-1\">Opel Insignia A 2.0 CDTI (81 kW) (2008-2010)<\/td><td class=\"column-2\">5W-30<\/td><td class=\"column-3\">Wechsel alle 30000 km\/12 Monate<\/td>\n<\/tr>\n<tr class=\"row-53 odd\">\n\t<td class=\"column-1\">Opel Insignia A 2.0 CDTI (81 kW) (2008-2010)<\/td><td class=\"column-2\">5W-40<\/td><td class=\"column-3\">Wechsel alle 30000 km\/12 Monate<\/td>\n<\/tr>\n<tr class=\"row-54 even\">\n\t<td class=\"column-1\">Opel Insignia A 2.0 CDTI (81 kW) (2011-2013)<\/td><td class=\"column-2\">5W-30<\/td><td class=\"column-3\">Wechsel alle 30000 km\/12 Monate<\/td>\n<\/tr>\n<tr class=\"row-55 odd\">\n\t<td class=\"column-1\">Opel Insignia A 2.0 CDTI (81 kW) (2011-2013)<\/td><td class=\"column-2\">5W-40<\/td><td class=\"column-3\">Wechsel alle 30000 km\/12 Monate<\/td>\n<\/tr>\n<tr class=\"row-56 even\">\n\t<td class=\"column-1\">Opel Insignia A 2.0 CDTI (88 kW) (2013-2015)<\/td><td class=\"column-2\">5W-30<\/td><td class=\"column-3\">Wechsel alle 30000 km\/12 Monate<\/td>\n<\/tr>\n<tr class=\"row-57 odd\">\n\t<td class=\"column-1\">Opel Insignia A 2.0 CDTI (88 kW) (2013-2015)<\/td><td class=\"column-2\">5W-40<\/td><td class=\"column-3\">Wechsel alle 30000 km\/12 Monate<\/td>\n<\/tr>\n<tr class=\"row-58 even\">\n\t<td class=\"column-1\">Opel Insignia A 2.0 CDTI (96 kW) (2008-2011)<\/td><td class=\"column-2\">5W-30<\/td><td class=\"column-3\">Wechsel alle 30000 km\/12 Monate<\/td>\n<\/tr>\n<tr class=\"row-59 odd\">\n\t<td class=\"column-1\">Opel Insignia A 2.0 CDTI (96 kW) (2008-2011)<\/td><td class=\"column-2\">5W-40<\/td><td class=\"column-3\">Wechsel alle 30000 km\/12 Monate<\/td>\n<\/tr>\n<tr class=\"row-60 even\">\n\t<td class=\"column-1\">Opel Insignia A 2.0 CDTI (96 kW) (2011-2014)<\/td><td class=\"column-2\">5W-30<\/td><td class=\"column-3\">Wechsel alle 30000 km\/12 Monate<\/td>\n<\/tr>\n<tr class=\"row-61 odd\">\n\t<td class=\"column-1\">Opel Insignia A 2.0 CDTI (96 kW) (2011-2014)<\/td><td class=\"column-2\">5W-40<\/td><td class=\"column-3\">Wechsel alle 30000 km\/12 Monate<\/td>\n<\/tr>\n<tr class=\"row-62 even\">\n\t<td class=\"column-1\">Opel Insignia A 2.0 SIDI Turbo (184 kW) (2013-2015)<\/td><td class=\"column-2\">5W-30<\/td><td class=\"column-3\">Wechsel alle 30000 km\/12 Monate<\/td>\n<\/tr>\n<tr class=\"row-63 odd\">\n\t<td class=\"column-1\">Opel Insignia A 2.0 SIDI Turbo (184 kW) (2013-2015)<\/td><td class=\"column-2\">5W-40<\/td><td class=\"column-3\">Wechsel alle 30000 km\/12 Monate<\/td>\n<\/tr>\n<tr class=\"row-64 even\">\n\t<td class=\"column-1\">Opel Insignia A 2.0 SIDI Turbo (184 kW) (2015-2017)<\/td><td class=\"column-2\">5W-30<\/td><td class=\"column-3\">Wechsel alle 30000 km\/12 Monate<\/td>\n<\/tr>\n<tr class=\"row-65 odd\">\n\t<td class=\"column-1\">Opel Insignia A 2.0 SIDI Turbo (184 kW) 4x4 (2013-2015)<\/td><td class=\"column-2\">5W-30<\/td><td class=\"column-3\">Wechsel alle 30000 km\/12 Monate<\/td>\n<\/tr>\n<tr class=\"row-66 even\">\n\t<td class=\"column-1\">Opel Insignia A 2.0 SIDI Turbo (184 kW) 4x4 (2013-2015)<\/td><td class=\"column-2\">5W-40<\/td><td class=\"column-3\">Wechsel alle 30000 km\/12 Monate<\/td>\n<\/tr>\n<tr class=\"row-67 odd\">\n\t<td class=\"column-1\">Opel Insignia A 2.0 SIDI Turbo (184 kW) 4x4 (2015-2017)<\/td><td class=\"column-2\">5W-30<\/td><td class=\"column-3\">Wechsel alle 30000 km\/12 Monate<\/td>\n<\/tr>\n<tr class=\"row-68 even\">\n\t<td class=\"column-1\">Opel Insignia A 2.0 Turbo (162 kW) (2008-2011)<\/td><td class=\"column-2\">5W-30<\/td><td class=\"column-3\">Wechsel alle 30000 km\/12 Monate<\/td>\n<\/tr>\n<tr class=\"row-69 odd\">\n\t<td class=\"column-1\">Opel Insignia A 2.0 Turbo (162 kW) (2008-2011)<\/td><td class=\"column-2\">5W-40<\/td><td class=\"column-3\">Wechsel alle 30000 km\/12 Monate<\/td>\n<\/tr>\n<tr class=\"row-70 even\">\n\t<td class=\"column-1\">Opel Insignia A 2.0 Turbo (162 kW) (2011-2013)<\/td><td class=\"column-2\">5W-30<\/td><td class=\"column-3\">Wechsel alle 30000 km\/12 Monate<\/td>\n<\/tr>\n<tr class=\"row-71 odd\">\n\t<td class=\"column-1\">Opel Insignia A 2.0 Turbo (162 kW) (2011-2013)<\/td><td class=\"column-2\">5W-40<\/td><td class=\"column-3\">Wechsel alle 30000 km\/12 Monate<\/td>\n<\/tr>\n<tr class=\"row-72 even\">\n\t<td class=\"column-1\">Opel Insignia A 2.0 Turbo (162 kW) 4x4 (2008-2011)<\/td><td class=\"column-2\">5W-30<\/td><td class=\"column-3\">Wechsel alle 30000 km\/12 Monate<\/td>\n<\/tr>\n<tr class=\"row-73 odd\">\n\t<td class=\"column-1\">Opel Insignia A 2.0 Turbo (162 kW) 4x4 (2008-2011)<\/td><td class=\"column-2\">5W-40<\/td><td class=\"column-3\">Wechsel alle 30000 km\/12 Monate<\/td>\n<\/tr>\n<tr class=\"row-74 even\">\n\t<td class=\"column-1\">Opel Insignia A 2.0 Turbo (162 kW) 4x4 (2011-2012)<\/td><td class=\"column-2\">5W-30<\/td><td class=\"column-3\">Wechsel alle 30000 km\/12 Monate<\/td>\n<\/tr>\n<tr class=\"row-75 odd\">\n\t<td class=\"column-1\">Opel Insignia A 2.0 Turbo (162 kW) 4x4 (2011-2012)<\/td><td class=\"column-2\">5W-40<\/td><td class=\"column-3\">Wechsel alle 30000 km\/12 Monate<\/td>\n<\/tr>\n<tr class=\"row-76 even\">\n\t<td class=\"column-1\">Opel Insignia A 2.0 Turbo (162 kW) E85 (2010-2011)<\/td><td class=\"column-2\">5W-30<\/td><td class=\"column-3\">Wechsel alle 30000 km\/12 Monate<\/td>\n<\/tr>\n<tr class=\"row-77 odd\">\n\t<td class=\"column-1\">Opel Insignia A 2.0 Turbo (162 kW) E85 (2010-2011)<\/td><td class=\"column-2\">5W-40<\/td><td class=\"column-3\">Wechsel alle 30000 km\/12 Monate<\/td>\n<\/tr>\n<tr class=\"row-78 even\">\n\t<td class=\"column-1\">Opel Insignia A 2.0 Turbo (184 kW) 4x4 (2011-2013)<\/td><td class=\"column-2\">5W-30<\/td><td class=\"column-3\">Wechsel alle 30000 km\/12 Monate<\/td>\n<\/tr>\n<tr class=\"row-79 odd\">\n\t<td class=\"column-1\">Opel Insignia A 2.0 Turbo (184 kW) 4x4 (2011-2013)<\/td><td class=\"column-2\">5W-40<\/td><td class=\"column-3\">Wechsel alle 30000 km\/12 Monate<\/td>\n<\/tr>\n<tr class=\"row-80 even\">\n\t<td class=\"column-1\">Opel Insignia A 2.8 V6 Turbo 4x4 (2008-2011)<\/td><td class=\"column-2\">5W-30<\/td><td class=\"column-3\">Wechsel alle 30000 km\/12 Monate<\/td>\n<\/tr>\n<tr class=\"row-81 odd\">\n\t<td class=\"column-1\">Opel Insignia A 2.8 V6 Turbo 4x4 (2008-2011)<\/td><td class=\"column-2\">5W-40<\/td><td class=\"column-3\">Wechsel alle 30000 km\/12 Monate<\/td>\n<\/tr>\n<tr class=\"row-82 even\">\n\t<td class=\"column-1\">Opel Insignia A 2.8 V6 Turbo 4x4 (2011-2013)<\/td><td class=\"column-2\">5W-30<\/td><td class=\"column-3\">Wechsel alle 30000 km\/12 Monate<\/td>\n<\/tr>\n<tr class=\"row-83 odd\">\n\t<td class=\"column-1\">Opel Insignia A 2.8 V6 Turbo 4x4 (2011-2013)<\/td><td class=\"column-2\">5W-40<\/td><td class=\"column-3\">Wechsel alle 30000 km\/12 Monate<\/td>\n<\/tr>\n<tr class=\"row-84 even\">\n\t<td class=\"column-1\">Opel Insignia A 2.8 V6 Turbo 4x4 OPC (2009-2011)<\/td><td class=\"column-2\">5W-30<\/td><td class=\"column-3\">Wechsel alle 30000 km\/12 Monate<\/td>\n<\/tr>\n<tr class=\"row-85 odd\">\n\t<td class=\"column-1\">Opel Insignia A 2.8 V6 Turbo 4x4 OPC (2009-2011)<\/td><td class=\"column-2\">5W-40<\/td><td class=\"column-3\">Wechsel alle 30000 km\/12 Monate<\/td>\n<\/tr>\n<tr class=\"row-86 even\">\n\t<td class=\"column-1\">Opel Insignia A 2.8 V6 Turbo 4x4 OPC (2011-2015)<\/td><td class=\"column-2\">5W-30<\/td><td class=\"column-3\">Wechsel alle 30000 km\/12 Monate<\/td>\n<\/tr>\n<tr class=\"row-87 odd\">\n\t<td class=\"column-1\">Opel Insignia A 2.8 V6 Turbo 4x4 OPC (2011-2015)<\/td><td class=\"column-2\">5W-40<\/td><td class=\"column-3\">Wechsel alle 30000 km\/12 Monate<\/td>\n<\/tr>\n<tr class=\"row-88 even\">\n\t<td class=\"column-1\">Opel Insignia A 2.8 V6 Turbo 4x4 OPC (2015-2017)<\/td><td class=\"column-2\">5W-30<\/td><td class=\"column-3\">Wechsel alle 30000 km\/12 Monate<\/td>\n<\/tr>\n<tr class=\"row-89 odd\">\n\t<td class=\"column-1\">Opel Insignia A 2.8 V6 Turbo 4x4 OPC (2015-2017)<\/td><td class=\"column-2\">5W-40<\/td><td class=\"column-3\">Wechsel alle 30000 km\/12 Monate<\/td>\n<\/tr>\n<\/tbody>\n<\/table>\n<!-- #tablepress-121 from cache -->","protected":false},"excerpt":{"rendered":"<p>Sie suchen das richtige Motor\u00f6l f\u00fcr Ihren Opel Insignia? Welche Art von Motor\u00f6l f\u00fcr Ihren Opel Insignia ben\u00f6tigt wird, h\u00e4ngt vom jeweiligen Modell und Baujahr des Fahrzeugs ab. Es ist wichtig, ein hochwertiges \u00d6l zu verwenden, das den Spezifikationen des Herstellers entspricht, [...]<\/p>","protected":false},"author":1,"featured_media":0,"parent":0,"menu_order":0,"comment_status":"closed","ping_status":"closed","template":"","meta":{"_et_pb_use_builder":"","_et_pb_old_content":"","_et_gb_content_width":"","footnotes":""},"class_list":["post-155915","page","type-page","status-publish","hentry"],"yoast_head":"<!-- This site is optimized with the Yoast SEO plugin v27.4 - https:\/\/yoast.com\/product\/yoast-seo-wordpress\/ -->\n<title>Welke Motorolie Opel Insignia - Autobaak.nl<\/title>\n<meta name=\"description\" content=\"Welke motorolie Opel Insignia? Op deze pagina een overzicht van alle Opel Insignia modellen en de bijbehorende motorolie.\" \/>\n<meta name=\"robots\" content=\"index, follow, max-snippet:-1, max-image-preview:large, max-video-preview:-1\" \/>\n<link rel=\"canonical\" href=\"https:\/\/autobaak.nl\/de\/welches-motorol-opel-insignia\/\" \/>\n<meta property=\"og:locale\" content=\"de_DE\" \/>\n<meta property=\"og:type\" content=\"article\" \/>\n<meta property=\"og:title\" content=\"Welke Motorolie Opel Insignia - Autobaak.nl\" \/>\n<meta property=\"og:description\" content=\"Welke motorolie Opel Insignia? Op deze pagina een overzicht van alle Opel Insignia modellen en de bijbehorende motorolie.\" \/>\n<meta property=\"og:url\" content=\"https:\/\/autobaak.nl\/de\/welches-motorol-opel-insignia\/\" \/>\n<meta property=\"og:site_name\" content=\"Autobaak.nl\" \/>\n<meta name=\"twitter:card\" content=\"summary_large_image\" \/>\n<meta name=\"twitter:label1\" content=\"Gesch\u00e4tzte Lesezeit\" \/>\n\t<meta name=\"twitter:data1\" content=\"1\u00a0Minute\" \/>\n<script type=\"application\/ld+json\" class=\"yoast-schema-graph\">{\"@context\":\"https:\\\/\\\/schema.org\",\"@graph\":[{\"@type\":\"WebPage\",\"@id\":\"https:\\\/\\\/autobaak.nl\\\/welke-motorolie-opel-insignia\\\/\",\"url\":\"https:\\\/\\\/autobaak.nl\\\/welke-motorolie-opel-insignia\\\/\",\"name\":\"Welke Motorolie Opel Insignia - Autobaak.nl\",\"isPartOf\":{\"@id\":\"https:\\\/\\\/autobaak.nl\\\/#website\"},\"datePublished\":\"2023-06-12T07:57:20+00:00\",\"description\":\"Welke motorolie Opel Insignia? Op deze pagina een overzicht van alle Opel Insignia modellen en de bijbehorende motorolie.\",\"breadcrumb\":{\"@id\":\"https:\\\/\\\/autobaak.nl\\\/welke-motorolie-opel-insignia\\\/#breadcrumb\"},\"inLanguage\":\"de\",\"potentialAction\":[{\"@type\":\"ReadAction\",\"target\":[\"https:\\\/\\\/autobaak.nl\\\/welke-motorolie-opel-insignia\\\/\"]}]},{\"@type\":\"BreadcrumbList\",\"@id\":\"https:\\\/\\\/autobaak.nl\\\/welke-motorolie-opel-insignia\\\/#breadcrumb\",\"itemListElement\":[{\"@type\":\"ListItem\",\"position\":1,\"name\":\"Home\",\"item\":\"https:\\\/\\\/autobaak.nl\\\/\"},{\"@type\":\"ListItem\",\"position\":2,\"name\":\"Welke Motorolie Opel Insignia\"}]},{\"@type\":\"WebSite\",\"@id\":\"https:\\\/\\\/autobaak.nl\\\/#website\",\"url\":\"https:\\\/\\\/autobaak.nl\\\/\",\"name\":\"Autobaak.nl\",\"description\":\"Cars &amp; Racing\",\"potentialAction\":[{\"@type\":\"SearchAction\",\"target\":{\"@type\":\"EntryPoint\",\"urlTemplate\":\"https:\\\/\\\/autobaak.nl\\\/?s={search_term_string}\"},\"query-input\":{\"@type\":\"PropertyValueSpecification\",\"valueRequired\":true,\"valueName\":\"search_term_string\"}}],\"inLanguage\":\"de\"}]}<\/script>\n<!-- \/ Yoast SEO plugin. -->","yoast_head_json":{"title":"Welches Motor\u00f6l Opel Insignia - Autobaak.de","description":"Welches Motor\u00f6l Opel Insignia? Auf dieser Seite finden Sie alle Opel Insignia Modelle und das entsprechende Motor\u00f6l.","robots":{"index":"index","follow":"follow","max-snippet":"max-snippet:-1","max-image-preview":"max-image-preview:large","max-video-preview":"max-video-preview:-1"},"canonical":"https:\/\/autobaak.nl\/de\/welches-motorol-opel-insignia\/","og_locale":"de_DE","og_type":"article","og_title":"Welke Motorolie Opel Insignia - Autobaak.nl","og_description":"Welke motorolie Opel Insignia? Op deze pagina een overzicht van alle Opel Insignia modellen en de bijbehorende motorolie.","og_url":"https:\/\/autobaak.nl\/de\/welches-motorol-opel-insignia\/","og_site_name":"Autobaak.nl","twitter_card":"summary_large_image","twitter_misc":{"Gesch\u00e4tzte Lesezeit":"1\u00a0Minute"},"schema":{"@context":"https:\/\/schema.org","@graph":[{"@type":"WebPage","@id":"https:\/\/autobaak.nl\/welke-motorolie-opel-insignia\/","url":"https:\/\/autobaak.nl\/welke-motorolie-opel-insignia\/","name":"Welches Motor\u00f6l Opel Insignia - Autobaak.de","isPartOf":{"@id":"https:\/\/autobaak.nl\/#website"},"datePublished":"2023-06-12T07:57:20+00:00","description":"Welches Motor\u00f6l Opel Insignia? Auf dieser Seite finden Sie alle Opel Insignia Modelle und das entsprechende Motor\u00f6l.","breadcrumb":{"@id":"https:\/\/autobaak.nl\/welke-motorolie-opel-insignia\/#breadcrumb"},"inLanguage":"de","potentialAction":[{"@type":"ReadAction","target":["https:\/\/autobaak.nl\/welke-motorolie-opel-insignia\/"]}]},{"@type":"BreadcrumbList","@id":"https:\/\/autobaak.nl\/welke-motorolie-opel-insignia\/#breadcrumb","itemListElement":[{"@type":"ListItem","position":1,"name":"Home","item":"https:\/\/autobaak.nl\/"},{"@type":"ListItem","position":2,"name":"Welke Motorolie Opel Insignia"}]},{"@type":"WebSite","@id":"https:\/\/autobaak.nl\/#website","url":"https:\/\/autobaak.nl\/","name":"Autobook.de","description":"Autos &amp; Rennsport","potentialAction":[{"@type":"SearchAction","target":{"@type":"EntryPoint","urlTemplate":"https:\/\/autobaak.nl\/?s={search_term_string}"},"query-input":{"@type":"PropertyValueSpecification","valueRequired":true,"valueName":"search_term_string"}}],"inLanguage":"de"}]}},"_links":{"self":[{"href":"https:\/\/autobaak.nl\/de\/wp-json\/wp\/v2\/pages\/155915","targetHints":{"allow":["GET"]}}],"collection":[{"href":"https:\/\/autobaak.nl\/de\/wp-json\/wp\/v2\/pages"}],"about":[{"href":"https:\/\/autobaak.nl\/de\/wp-json\/wp\/v2\/types\/page"}],"author":[{"embeddable":true,"href":"https:\/\/autobaak.nl\/de\/wp-json\/wp\/v2\/users\/1"}],"replies":[{"embeddable":true,"href":"https:\/\/autobaak.nl\/de\/wp-json\/wp\/v2\/comments?post=155915"}],"version-history":[{"count":1,"href":"https:\/\/autobaak.nl\/de\/wp-json\/wp\/v2\/pages\/155915\/revisions"}],"predecessor-version":[{"id":155916,"href":"https:\/\/autobaak.nl\/de\/wp-json\/wp\/v2\/pages\/155915\/revisions\/155916"}],"wp:attachment":[{"href":"https:\/\/autobaak.nl\/de\/wp-json\/wp\/v2\/media?parent=155915"}],"curies":[{"name":"wp","href":"https:\/\/api.w.org\/{rel}","templated":true}]}}