{"id":155926,"date":"2023-06-12T10:09:56","date_gmt":"2023-06-12T08:09:56","guid":{"rendered":"https:\/\/autobaak.nl\/?page_id=155926"},"modified":"2023-06-12T10:09:56","modified_gmt":"2023-06-12T08:09:56","slug":"welches-motorol-hat-ihr-opel","status":"publish","type":"page","link":"https:\/\/autobaak.nl\/de\/welches-motorol-hat-ihr-opel\/","title":{"rendered":"Welches Motor\u00f6l hat Ihr Opel?"},"content":{"rendered":"<p>Klicken Sie unten auf Ihr Opel-Modell, um das richtige Motor\u00f6l zu finden:<\/p>\n<h2>Opel-Motor\u00f6l<\/h2>\n<ul>\n<li><a href=\"https:\/\/autobaak.nl\/de\/welches-motorol-opel-zafira-a-t98\/\">Motor\u00f6l Opel Zafira A (T98)\u00a0<\/a><\/li>\n<li><a class=\"row-title\" href=\"https:\/\/autobaak.nl\/de\/welches-motorol-opel-zafira-b-a05\/\" aria-label=\"&quot;Welches Motor\u00f6l Opel Zafira B (A05)&quot; (Bearbeiten)\">Motor\u00f6l Opel Zafira B (A05)<\/a><\/li>\n<li><a class=\"row-title\" href=\"https:\/\/autobaak.nl\/de\/welches-motorol-opel-vectra-c\/\" aria-label=\"&quot;Welches Motor\u00f6l Opel Vectra C&quot; (Bearbeiten)\">Opel Vectra C Motor\u00f6l<\/a><\/li>\n<li><a class=\"row-title\" href=\"https:\/\/autobaak.nl\/de\/welches-motorol-opel-tigra\/\" aria-label=\"&quot;Welches Motor\u00f6l Opel Tigra&quot; (Bearbeiten)\">Motor\u00f6l Opel Tigra<\/a><\/li>\n<li><a class=\"row-title\" href=\"https:\/\/autobaak.nl\/de\/welches-motorol-opel-insignia\/\" aria-label=\"&quot;Welches Motor\u00f6l Opel Insignia&quot; (Bearbeiten)\">Motor\u00f6l Opel Insignia<\/a><\/li>\n<li><a class=\"row-title\" href=\"https:\/\/autobaak.nl\/de\/welches-motorol-opel-insignia-b-z18\/\" aria-label=\"&quot;Welches Motor\u00f6l Opel Insignia B (Z18)&quot; (edit)\">Motor\u00f6l Opel Insignia B (Z18)<\/a><\/li>\n<li><a class=\"row-title\" href=\"https:\/\/autobaak.nl\/de\/welches-motorol-opel-corsa-c-x01\/\" aria-label=\"&quot;Welches Motor\u00f6l Opel Corsa C X01&quot; (Bearbeiten)\">Motor\u00f6l Opel Corsa C X01<\/a><\/li>\n<li><a class=\"row-title\" href=\"https:\/\/autobaak.nl\/de\/welches-motorol-opel-corsa-d-s07\/\" aria-label=\"&quot;Welches Motor\u00f6l Opel Corsa D S07&quot; (Bearbeiten)\">Motor\u00f6l Opel Corsa D S07<\/a><\/li>\n<li><a class=\"row-title\" href=\"https:\/\/autobaak.nl\/de\/welches-motorol-opel-corsa-e-x15\/\" aria-label=\"&quot;Welches Motor\u00f6l Opel Corsa E X15&quot; (Bearbeiten)\">Motor\u00f6l Opel Corsa E X15<\/a><\/li>\n<li><a class=\"row-title\" href=\"https:\/\/autobaak.nl\/de\/welches-motorol-opel-corsa-f\/\" aria-label=\"&quot;Welches Motor\u00f6l Opel Corsa F&quot; (bearbeiten)\">Motor\u00f6l Opel Corsa F<\/a><\/li>\n<li><a class=\"row-title\" href=\"https:\/\/autobaak.nl\/de\/welches-motorol-opel-astra-h-twintop-a04\/\" aria-label=\"&quot;Welches Motor\u00f6l Opel Astra H Twintop A04&quot; (edit)\">Motor\u00f6l Opel Astra H Twintop A04<\/a><\/li>\n<li><a class=\"row-title\" href=\"https:\/\/autobaak.nl\/de\/welches-motorol-opel-astra-h-a04\/\" aria-label=\"&quot;Welches Motor\u00f6l Opel Astra H A04&quot; (Bearbeiten)\">Opel Astra H A04 Motor\u00f6l<\/a><\/li>\n<li><a class=\"row-title\" href=\"https:\/\/autobaak.nl\/de\/welches-motorol-opel-agila-a-h00\/\" aria-label=\"&quot;Welches Motor\u00f6l Opel Agila A H00&quot; (Bearbeiten)\">Motor\u00f6l Opel Agila A H00<\/a><\/li>\n<li><a class=\"row-title\" href=\"https:\/\/autobaak.nl\/de\/welches-motorol-opel-agila-b-h08\/\" aria-label=\"&quot;Welches Motor\u00f6l Opel Agila B H08&quot; (Bearbeiten)\">Motor\u00f6l Opel Agila B H08<\/a><\/li>\n<li><a class=\"row-title\" href=\"https:\/\/autobaak.nl\/de\/welches-motorol-opel-adam\/\" aria-label=\"&quot;Welches Motor\u00f6l Opel Adam&quot; (Bearbeiten)\">Motor\u00f6l Opel Adam<\/a><\/li>\n<\/ul>","protected":false},"excerpt":{"rendered":"<p>Klicken Sie unten auf Ihr Opel-Modell, um das richtige Motor\u00f6l zu finden: Motor\u00f6l Opel Motor\u00f6l Opel Zafira A (T98) Motor\u00f6l Opel Zafira B (A05) Motor\u00f6l Opel Vectra C Motor\u00f6l Opel Tigra Motor\u00f6l Opel Insignia Motor\u00f6l Opel Insignia B (Z18) Motor\u00f6l Opel Corsa C X01 Motor\u00f6l Opel Corsa D S07 Motor\u00f6l Opel Corsa E X15<\/p>","protected":false},"author":1,"featured_media":0,"parent":0,"menu_order":0,"comment_status":"closed","ping_status":"closed","template":"","meta":{"_et_pb_use_builder":"","_et_pb_old_content":"","_et_gb_content_width":"","footnotes":""},"class_list":["post-155926","page","type-page","status-publish","hentry"],"yoast_head":"<!-- This site is optimized with the Yoast SEO plugin v27.4 - https:\/\/yoast.com\/product\/yoast-seo-wordpress\/ -->\n<title>Welke motorolie heeft jouw Opel? - Autobaak.nl<\/title>\n<meta name=\"description\" content=\"Overzicht van Opel modellen en de juiste motorolie per model. Handige lijst met geschikte motorolie voor jouw Opel.\" \/>\n<meta name=\"robots\" content=\"index, follow, max-snippet:-1, max-image-preview:large, max-video-preview:-1\" \/>\n<link rel=\"canonical\" href=\"https:\/\/autobaak.nl\/de\/welches-motorol-hat-ihr-opel\/\" \/>\n<meta property=\"og:locale\" content=\"de_DE\" \/>\n<meta property=\"og:type\" content=\"article\" \/>\n<meta property=\"og:title\" content=\"Welke motorolie heeft jouw Opel? - Autobaak.nl\" \/>\n<meta property=\"og:description\" content=\"Overzicht van Opel modellen en de juiste motorolie per model. Handige lijst met geschikte motorolie voor jouw Opel.\" \/>\n<meta property=\"og:url\" content=\"https:\/\/autobaak.nl\/de\/welches-motorol-hat-ihr-opel\/\" \/>\n<meta property=\"og:site_name\" content=\"Autobaak.nl\" \/>\n<meta name=\"twitter:card\" content=\"summary_large_image\" \/>\n<meta name=\"twitter:label1\" content=\"Gesch\u00e4tzte Lesezeit\" \/>\n\t<meta name=\"twitter:data1\" content=\"1\u00a0Minute\" \/>\n<script type=\"application\/ld+json\" class=\"yoast-schema-graph\">{\"@context\":\"https:\\\/\\\/schema.org\",\"@graph\":[{\"@type\":\"WebPage\",\"@id\":\"https:\\\/\\\/autobaak.nl\\\/welke-motorolie-heeft-jouw-opel\\\/\",\"url\":\"https:\\\/\\\/autobaak.nl\\\/welke-motorolie-heeft-jouw-opel\\\/\",\"name\":\"Welke motorolie heeft jouw Opel? - Autobaak.nl\",\"isPartOf\":{\"@id\":\"https:\\\/\\\/autobaak.nl\\\/#website\"},\"datePublished\":\"2023-06-12T08:09:56+00:00\",\"description\":\"Overzicht van Opel modellen en de juiste motorolie per model. Handige lijst met geschikte motorolie voor jouw Opel.\",\"breadcrumb\":{\"@id\":\"https:\\\/\\\/autobaak.nl\\\/welke-motorolie-heeft-jouw-opel\\\/#breadcrumb\"},\"inLanguage\":\"de\",\"potentialAction\":[{\"@type\":\"ReadAction\",\"target\":[\"https:\\\/\\\/autobaak.nl\\\/welke-motorolie-heeft-jouw-opel\\\/\"]}]},{\"@type\":\"BreadcrumbList\",\"@id\":\"https:\\\/\\\/autobaak.nl\\\/welke-motorolie-heeft-jouw-opel\\\/#breadcrumb\",\"itemListElement\":[{\"@type\":\"ListItem\",\"position\":1,\"name\":\"Home\",\"item\":\"https:\\\/\\\/autobaak.nl\\\/\"},{\"@type\":\"ListItem\",\"position\":2,\"name\":\"Welke motorolie heeft jouw Opel?\"}]},{\"@type\":\"WebSite\",\"@id\":\"https:\\\/\\\/autobaak.nl\\\/#website\",\"url\":\"https:\\\/\\\/autobaak.nl\\\/\",\"name\":\"Autobaak.nl\",\"description\":\"Cars &amp; Racing\",\"potentialAction\":[{\"@type\":\"SearchAction\",\"target\":{\"@type\":\"EntryPoint\",\"urlTemplate\":\"https:\\\/\\\/autobaak.nl\\\/?s={search_term_string}\"},\"query-input\":{\"@type\":\"PropertyValueSpecification\",\"valueRequired\":true,\"valueName\":\"search_term_string\"}}],\"inLanguage\":\"de\"}]}<\/script>\n<!-- \/ Yoast SEO plugin. -->","yoast_head_json":{"title":"Welches Motor\u00f6l hat Ihr Vauxhall? - Autobaak.co.uk","description":"\u00dcbersicht \u00fcber die Opel-Modelle und das richtige Motor\u00f6l f\u00fcr jedes Modell. Praktische Liste mit dem passenden Motor\u00f6l f\u00fcr Ihren Opel.","robots":{"index":"index","follow":"follow","max-snippet":"max-snippet:-1","max-image-preview":"max-image-preview:large","max-video-preview":"max-video-preview:-1"},"canonical":"https:\/\/autobaak.nl\/de\/welches-motorol-hat-ihr-opel\/","og_locale":"de_DE","og_type":"article","og_title":"Welke motorolie heeft jouw Opel? - Autobaak.nl","og_description":"Overzicht van Opel modellen en de juiste motorolie per model. Handige lijst met geschikte motorolie voor jouw Opel.","og_url":"https:\/\/autobaak.nl\/de\/welches-motorol-hat-ihr-opel\/","og_site_name":"Autobaak.nl","twitter_card":"summary_large_image","twitter_misc":{"Gesch\u00e4tzte Lesezeit":"1\u00a0Minute"},"schema":{"@context":"https:\/\/schema.org","@graph":[{"@type":"WebPage","@id":"https:\/\/autobaak.nl\/welke-motorolie-heeft-jouw-opel\/","url":"https:\/\/autobaak.nl\/welke-motorolie-heeft-jouw-opel\/","name":"Welches Motor\u00f6l hat Ihr Vauxhall? - Autobaak.co.uk","isPartOf":{"@id":"https:\/\/autobaak.nl\/#website"},"datePublished":"2023-06-12T08:09:56+00:00","description":"\u00dcbersicht \u00fcber die Opel-Modelle und das richtige Motor\u00f6l f\u00fcr jedes Modell. Praktische Liste mit dem passenden Motor\u00f6l f\u00fcr Ihren Opel.","breadcrumb":{"@id":"https:\/\/autobaak.nl\/welke-motorolie-heeft-jouw-opel\/#breadcrumb"},"inLanguage":"de","potentialAction":[{"@type":"ReadAction","target":["https:\/\/autobaak.nl\/welke-motorolie-heeft-jouw-opel\/"]}]},{"@type":"BreadcrumbList","@id":"https:\/\/autobaak.nl\/welke-motorolie-heeft-jouw-opel\/#breadcrumb","itemListElement":[{"@type":"ListItem","position":1,"name":"Home","item":"https:\/\/autobaak.nl\/"},{"@type":"ListItem","position":2,"name":"Welke motorolie heeft jouw Opel?"}]},{"@type":"WebSite","@id":"https:\/\/autobaak.nl\/#website","url":"https:\/\/autobaak.nl\/","name":"Autobook.de","description":"Autos &amp; Rennsport","potentialAction":[{"@type":"SearchAction","target":{"@type":"EntryPoint","urlTemplate":"https:\/\/autobaak.nl\/?s={search_term_string}"},"query-input":{"@type":"PropertyValueSpecification","valueRequired":true,"valueName":"search_term_string"}}],"inLanguage":"de"}]}},"_links":{"self":[{"href":"https:\/\/autobaak.nl\/de\/wp-json\/wp\/v2\/pages\/155926","targetHints":{"allow":["GET"]}}],"collection":[{"href":"https:\/\/autobaak.nl\/de\/wp-json\/wp\/v2\/pages"}],"about":[{"href":"https:\/\/autobaak.nl\/de\/wp-json\/wp\/v2\/types\/page"}],"author":[{"embeddable":true,"href":"https:\/\/autobaak.nl\/de\/wp-json\/wp\/v2\/users\/1"}],"replies":[{"embeddable":true,"href":"https:\/\/autobaak.nl\/de\/wp-json\/wp\/v2\/comments?post=155926"}],"version-history":[{"count":1,"href":"https:\/\/autobaak.nl\/de\/wp-json\/wp\/v2\/pages\/155926\/revisions"}],"predecessor-version":[{"id":155927,"href":"https:\/\/autobaak.nl\/de\/wp-json\/wp\/v2\/pages\/155926\/revisions\/155927"}],"wp:attachment":[{"href":"https:\/\/autobaak.nl\/de\/wp-json\/wp\/v2\/media?parent=155926"}],"curies":[{"name":"wp","href":"https:\/\/api.w.org\/{rel}","templated":true}]}}