{"id":155933,"date":"2023-06-12T10:37:00","date_gmt":"2023-06-12T08:37:00","guid":{"rendered":"https:\/\/autobaak.nl\/?page_id=155933"},"modified":"2023-06-12T10:37:00","modified_gmt":"2023-06-12T08:37:00","slug":"welches-motorol-kia-sportage-qle","status":"publish","type":"page","link":"https:\/\/autobaak.nl\/de\/welches-motorol-kia-sportage-qle\/","title":{"rendered":"Welches Motor\u00f6l Kia Sportage QLE"},"content":{"rendered":"<p>Sie suchen nach dem richtigen Motor\u00f6l f\u00fcr Ihren Kia Sportage QLE? Welche Art von Motor\u00f6l f\u00fcr Ihren Kia Sportage ben\u00f6tigt wird, h\u00e4ngt vom jeweiligen Modell und Baujahr des Fahrzeugs ab. Es ist wichtig, ein hochwertiges \u00d6l zu verwenden, das den Spezifikationen des Herstellers entspricht, um eine optimale Leistung und eine lange Lebensdauer des Motors zu gew\u00e4hrleisten.<\/p>\n<h2>Motor\u00f6l Kia Sportage QLE<\/h2>\n<p>In der nachstehenden \u00dcbersicht haben wir das geeignete Motor\u00f6l f\u00fcr den Kia CE'ED sorgf\u00e4ltig aufgelistet. Dennoch empfehlen wir immer, die Betriebsanleitung zu konsultieren oder eine zertifizierte Kia-Werkstatt zu fragen, um die richtige \u00d6lsorte f\u00fcr Ihr spezifisches Fahrzeug zu pr\u00fcfen.<\/p>\n\n<table id=\"tablepress-115\" class=\"tablepress tablepress-id-115 tablepress-responsive\">\n<thead>\n<tr class=\"row-1 odd\">\n\t<th class=\"column-1\">Modell<\/th><th class=\"column-2\">Welches Motor\u00f6l<\/th><th class=\"column-3\">Wann ist zu ersetzen<\/th>\n<\/tr>\n<\/thead>\n<tbody class=\"row-hover\">\n<tr class=\"row-2 even\">\n\t<td class=\"column-1\">Kia (EU) Sportage 1.6 CRDi (100 kW) (2018-2020)<\/td><td class=\"column-2\">5W-30<\/td><td class=\"column-3\">Kontrolle alle 500 km, Wechsel alle 30000 km\/ 24 Monate<\/td>\n<\/tr>\n<tr class=\"row-3 odd\">\n\t<td class=\"column-1\">Kia (EU) Sportage 1.6 CRDi (100 kW) (2018-2020)<\/td><td class=\"column-2\">15W-40<\/td><td class=\"column-3\">Kontrolle alle 500 km, Wechsel alle 30000 km\/ 24 Monate<\/td>\n<\/tr>\n<tr class=\"row-4 even\">\n\t<td class=\"column-1\">Kia (EU) Sportage 1.6 CRDi (100 kW) AWD (2018-2020)<\/td><td class=\"column-2\">5W-30<\/td><td class=\"column-3\">Kontrolle alle 500 km, Wechsel alle 30000 km\/ 24 Monate<\/td>\n<\/tr>\n<tr class=\"row-5 odd\">\n\t<td class=\"column-1\">Kia (EU) Sportage 1.6 CRDi (100 kW) AWD (2018-2020)<\/td><td class=\"column-2\">15W-40<\/td><td class=\"column-3\">Kontrolle alle 500 km, Wechsel alle 30000 km\/ 24 Monate<\/td>\n<\/tr>\n<tr class=\"row-6 even\">\n\t<td class=\"column-1\">Kia (EU) Sportage 1.6 CRDi (100 kW) AWD DPF (2018-2020)<\/td><td class=\"column-2\">0W-20<\/td><td class=\"column-3\">Kontrolle alle 500 km, Wechsel alle 30000 km\/ 24 Monate<\/td>\n<\/tr>\n<tr class=\"row-7 odd\">\n\t<td class=\"column-1\">Kia (EU) Sportage 1.6 CRDi (100 kW) AWD DPF (2018-2020)<\/td><td class=\"column-2\">0W-30<\/td><td class=\"column-3\">Kontrolle alle 500 km, Wechsel alle 30000 km\/ 24 Monate<\/td>\n<\/tr>\n<tr class=\"row-8 even\">\n\t<td class=\"column-1\">Kia (EU) Sportage 1.6 CRDi (85 kW) (2018-2020)<\/td><td class=\"column-2\">5W-30<\/td><td class=\"column-3\">Kontrolle alle 500 km, Wechsel alle 30000 km\/ 24 Monate<\/td>\n<\/tr>\n<tr class=\"row-9 odd\">\n\t<td class=\"column-1\">Kia (EU) Sportage 1.6 CRDi (85 kW) (2018-2020)<\/td><td class=\"column-2\">15W-40<\/td><td class=\"column-3\">Kontrolle alle 500 km, Wechsel alle 30000 km\/ 24 Monate<\/td>\n<\/tr>\n<tr class=\"row-10 even\">\n\t<td class=\"column-1\">Kia (EU) Sportage 1.6 CRDi DPF (100 kW) (2018-2020)<\/td><td class=\"column-2\">0W-20<\/td><td class=\"column-3\">Kontrolle alle 500 km, Wechsel alle 30000 km\/ 24 Monate<\/td>\n<\/tr>\n<tr class=\"row-11 odd\">\n\t<td class=\"column-1\">Kia (EU) Sportage 1.6 CRDi DPF (100 kW) (2018-2020)<\/td><td class=\"column-2\">0W-30<\/td><td class=\"column-3\">Kontrolle alle 500 km, Wechsel alle 30000 km\/ 24 Monate<\/td>\n<\/tr>\n<tr class=\"row-12 even\">\n\t<td class=\"column-1\">Kia (EU) Sportage 1.6 CRDi DPF (85 kW) (2018-2020)<\/td><td class=\"column-2\">0W-20<\/td><td class=\"column-3\">Kontrolle alle 500 km, Wechsel alle 30000 km\/ 24 Monate<\/td>\n<\/tr>\n<tr class=\"row-13 odd\">\n\t<td class=\"column-1\">Kia (EU) Sportage 1.6 CRDi DPF (85 kW) (2018-2020)<\/td><td class=\"column-2\">0W-30<\/td><td class=\"column-3\">Kontrolle alle 500 km, Wechsel alle 30000 km\/ 24 Monate<\/td>\n<\/tr>\n<tr class=\"row-14 even\">\n\t<td class=\"column-1\">Kia (EU) Sportage 1.6 CRDi MHEV (2020 und sp\u00e4ter)<\/td><td class=\"column-2\">5W-30<\/td><td class=\"column-3\">Wechsel alle 30000 km\/ 24 Monate<\/td>\n<\/tr>\n<tr class=\"row-15 odd\">\n\t<td class=\"column-1\">Kia (EU) Sportage 1.6 CRDi MHEV (2020 und sp\u00e4ter)<\/td><td class=\"column-2\">15W-40<\/td><td class=\"column-3\">Wechsel alle 30000 km\/ 24 Monate<\/td>\n<\/tr>\n<tr class=\"row-16 even\">\n\t<td class=\"column-1\">Kia (EU) Sportage 1.6 CRDi MHEV AWD (2020 und sp\u00e4ter)<\/td><td class=\"column-2\">5W-30<\/td><td class=\"column-3\">Wechsel alle 30000 km\/ 24 Monate<\/td>\n<\/tr>\n<tr class=\"row-17 odd\">\n\t<td class=\"column-1\">Kia (EU) Sportage 1.6 CRDi MHEV AWD (2020 und sp\u00e4ter)<\/td><td class=\"column-2\">15W-40<\/td><td class=\"column-3\">Wechsel alle 30000 km\/ 24 Monate<\/td>\n<\/tr>\n<tr class=\"row-18 even\">\n\t<td class=\"column-1\">Kia (EU) Sportage 1.6 CRDi MHEV AWD DPF (2020 und sp\u00e4ter)<\/td><td class=\"column-2\">0W-20<\/td><td class=\"column-3\">Wechsel alle 30000 km\/ 24 Monate<\/td>\n<\/tr>\n<tr class=\"row-19 odd\">\n\t<td class=\"column-1\">Kia (EU) Sportage 1.6 CRDi MHEV DPF (2020 und sp\u00e4ter)<\/td><td class=\"column-2\">0W-20<\/td><td class=\"column-3\">Wechsel alle 30000 km\/ 24 Monate<\/td>\n<\/tr>\n<tr class=\"row-20 even\">\n\t<td class=\"column-1\">Kia (EU) Sportage 1.6 CRDi MHEV DPF (2020 und sp\u00e4ter)<\/td><td class=\"column-2\">0W-30<\/td><td class=\"column-3\">Wechsel alle 30000 km\/ 24 Monate<\/td>\n<\/tr>\n<tr class=\"row-21 odd\">\n\t<td class=\"column-1\">Kia (EU) Sportage 1.6 GDI (2016-2018)<\/td><td class=\"column-2\">5W-30<\/td><td class=\"column-3\">Kontrolle alle 500 km, Wechsel alle 15000 km\/12 Monate<\/td>\n<\/tr>\n<tr class=\"row-22 even\">\n\t<td class=\"column-1\">Kia (EU) Sportage 1.6 GDI (2019-2020)<\/td><td class=\"column-2\">5W-30<\/td><td class=\"column-3\">Wechsel alle 15000 km\/12 Monate<\/td>\n<\/tr>\n<tr class=\"row-23 odd\">\n\t<td class=\"column-1\">Kia (EU) Sportage 1.6 GDI (2020 und sp\u00e4ter)<\/td><td class=\"column-2\">5W-30<\/td><td class=\"column-3\">Kontrolle alle 500 km, Wechsel alle 15000 km\/12 Monate<\/td>\n<\/tr>\n<tr class=\"row-24 even\">\n\t<td class=\"column-1\">Kia (EU) Sportage 1.6 T-GDI (2016-2018)<\/td><td class=\"column-2\">5W-30<\/td><td class=\"column-3\">Kontrolle alle 500 km, Wechsel alle 7.500 km\/6 Monate<\/td>\n<\/tr>\n<tr class=\"row-25 odd\">\n\t<td class=\"column-1\">Kia (EU) Sportage 1.6 T-GDI (2019 und sp\u00e4ter)<\/td><td class=\"column-2\">5W-30<\/td><td class=\"column-3\">Wechsel alle 7500 km\/ 6 Monate<\/td>\n<\/tr>\n<tr class=\"row-26 even\">\n\t<td class=\"column-1\">Kia (EU) Sportage 1.6 T-GDI AWD (2016-2018)<\/td><td class=\"column-2\">5W-30<\/td><td class=\"column-3\">Kontrolle alle 500 km, Wechsel alle 15000 km\/12 Monate<\/td>\n<\/tr>\n<tr class=\"row-27 odd\">\n\t<td class=\"column-1\">Kia (EU) Sportage 1.6 T-GDI AWD (2019 und sp\u00e4ter)<\/td><td class=\"column-2\">5W-30<\/td><td class=\"column-3\">Wechsel alle 7500 km\/ 6 Monate<\/td>\n<\/tr>\n<tr class=\"row-28 even\">\n\t<td class=\"column-1\">Kia (EU) Sportage 1.7 CRDi (104 kW) (2016-2018)<\/td><td class=\"column-2\">0W-30<\/td><td class=\"column-3\">Kontrolle alle 500 km, Wechsel alle 30000 km\/ 24 Monate<\/td>\n<\/tr>\n<tr class=\"row-29 odd\">\n\t<td class=\"column-1\">Kia (EU) Sportage 1.7 CRDi (85 kW) (2016-2018)<\/td><td class=\"column-2\">0W-30<\/td><td class=\"column-3\">Kontrolle alle 500 km, Wechsel alle 30000 km\/ 24 Monate<\/td>\n<\/tr>\n<tr class=\"row-30 even\">\n\t<td class=\"column-1\">Kia (EU) Sportage 2.0 CRDi (100 kW) (2016-2018)<\/td><td class=\"column-2\">0W-40<\/td><td class=\"column-3\">Kontrolle alle 500 km, Wechsel alle 30000 km\/ 24 Monate<\/td>\n<\/tr>\n<tr class=\"row-31 odd\">\n\t<td class=\"column-1\">Kia (EU) Sportage 2.0 CRDi (100 kW) (2016-2018)<\/td><td class=\"column-2\">5W-40<\/td><td class=\"column-3\">Kontrolle alle 500 km, Wechsel alle 30000 km\/ 24 Monate<\/td>\n<\/tr>\n<tr class=\"row-32 even\">\n\t<td class=\"column-1\">Kia (EU) Sportage 2.0 CRDi (100 kW) (2016-2018)<\/td><td class=\"column-2\">5W-30<\/td><td class=\"column-3\">Kontrolle alle 500 km, Wechsel alle 30000 km\/ 24 Monate<\/td>\n<\/tr>\n<tr class=\"row-33 odd\">\n\t<td class=\"column-1\">Kia (EU) Sportage 2.0 CRDi AWD (100 kW) (2016-2018)<\/td><td class=\"column-2\">0W-40<\/td><td class=\"column-3\">Kontrolle alle 500 km, Wechsel alle 30000 km\/ 24 Monate<\/td>\n<\/tr>\n<tr class=\"row-34 even\">\n\t<td class=\"column-1\">Kia (EU) Sportage 2.0 CRDi AWD (100 kW) (2016-2018)<\/td><td class=\"column-2\">5W-40<\/td><td class=\"column-3\">Kontrolle alle 500 km, Wechsel alle 30000 km\/ 24 Monate<\/td>\n<\/tr>\n<tr class=\"row-35 odd\">\n\t<td class=\"column-1\">Kia (EU) Sportage 2.0 CRDi AWD (100 kW) (2016-2018)<\/td><td class=\"column-2\">5W-30<\/td><td class=\"column-3\">Kontrolle alle 500 km, Wechsel alle 30000 km\/ 24 Monate<\/td>\n<\/tr>\n<tr class=\"row-36 even\">\n\t<td class=\"column-1\">Kia (EU) Sportage 2.0 CRDi AWD (136 kW) (2016-2018)<\/td><td class=\"column-2\">0W-40<\/td><td class=\"column-3\">Kontrolle alle 500 km, Wechsel alle 30000 km\/ 24 Monate<\/td>\n<\/tr>\n<tr class=\"row-37 odd\">\n\t<td class=\"column-1\">Kia (EU) Sportage 2.0 CRDi AWD (136 kW) (2016-2018)<\/td><td class=\"column-2\">5W-40<\/td><td class=\"column-3\">Kontrolle alle 500 km, Wechsel alle 30000 km\/ 24 Monate<\/td>\n<\/tr>\n<tr class=\"row-38 even\">\n\t<td class=\"column-1\">Kia (EU) Sportage 2.0 CRDi AWD (136 kW) (2016-2018)<\/td><td class=\"column-2\">5W-30<\/td><td class=\"column-3\">Kontrolle alle 500 km, Wechsel alle 30000 km\/ 24 Monate<\/td>\n<\/tr>\n<tr class=\"row-39 odd\">\n\t<td class=\"column-1\">Kia (EU) Sportage 2.0 CRDi AWD (136 kW) (2018-2020)<\/td><td class=\"column-2\">0W-40<\/td><td class=\"column-3\">Kontrolle alle 500 km, Wechsel alle 30000 km\/ 24 Monate<\/td>\n<\/tr>\n<tr class=\"row-40 even\">\n\t<td class=\"column-1\">Kia (EU) Sportage 2.0 CRDi AWD (136 kW) (2018-2020)<\/td><td class=\"column-2\">5W-40<\/td><td class=\"column-3\">Kontrolle alle 500 km, Wechsel alle 30000 km\/ 24 Monate<\/td>\n<\/tr>\n<tr class=\"row-41 odd\">\n\t<td class=\"column-1\">Kia (EU) Sportage 2.0 CRDi AWD (136 kW) (2018-2020)<\/td><td class=\"column-2\">5W-30<\/td><td class=\"column-3\">Kontrolle alle 500 km, Wechsel alle 30000 km\/ 24 Monate<\/td>\n<\/tr>\n<tr class=\"row-42 even\">\n\t<td class=\"column-1\">Kia (EU) Sportage 2.0 CRDi AWD DPF (100 kW) (2016-2018)<\/td><td class=\"column-2\">0W-30<\/td><td class=\"column-3\">Kontrolle alle 500 km, Wechsel alle 30000 km\/ 24 Monate<\/td>\n<\/tr>\n<tr class=\"row-43 odd\">\n\t<td class=\"column-1\">Kia (EU) Sportage 2.0 CRDi AWD DPF (136 kW) (2016-2018)<\/td><td class=\"column-2\">0W-30<\/td><td class=\"column-3\">Kontrolle alle 500 km, Wechsel alle 30000 km\/ 24 Monate<\/td>\n<\/tr>\n<tr class=\"row-44 even\">\n\t<td class=\"column-1\">Kia (EU) Sportage 2.0 CRDi AWD DPF (136 kW) (2018-2020)<\/td><td class=\"column-2\">0W-30<\/td><td class=\"column-3\">Kontrolle alle 500 km, Wechsel alle 30000 km\/ 24 Monate<\/td>\n<\/tr>\n<tr class=\"row-45 odd\">\n\t<td class=\"column-1\">Kia (EU) Sportage 2.0 CRDi AWD DPF (136 kW) (2018-2020)<\/td><td class=\"column-2\">5W-30<\/td><td class=\"column-3\">Kontrolle alle 500 km, Wechsel alle 30000 km\/ 24 Monate<\/td>\n<\/tr>\n<tr class=\"row-46 even\">\n\t<td class=\"column-1\">Kia (EU) Sportage 2.0 CRDi DPF (100 kW) (2016-2018)<\/td><td class=\"column-2\">0W-30<\/td><td class=\"column-3\">Kontrolle alle 500 km, Wechsel alle 30000 km\/ 24 Monate<\/td>\n<\/tr>\n<tr class=\"row-47 odd\">\n\t<td class=\"column-1\">Kia (EU) Sportage 2.0 CRDi MHEV AWD (2020 und sp\u00e4ter)<\/td><td class=\"column-2\">0W-40<\/td><td class=\"column-3\">Wechsel alle 30000 km\/ 24 Monate<\/td>\n<\/tr>\n<tr class=\"row-48 even\">\n\t<td class=\"column-1\">Kia (EU) Sportage 2.0 CRDi MHEV AWD (2020 und sp\u00e4ter)<\/td><td class=\"column-2\">5W-40<\/td><td class=\"column-3\">Wechsel alle 30000 km\/ 24 Monate<\/td>\n<\/tr>\n<tr class=\"row-49 odd\">\n\t<td class=\"column-1\">Kia (EU) Sportage 2.0 CRDi MHEV AWD (2020 und sp\u00e4ter)<\/td><td class=\"column-2\">5W-30<\/td><td class=\"column-3\">Wechsel alle 30000 km\/ 24 Monate<\/td>\n<\/tr>\n<tr class=\"row-50 even\">\n\t<td class=\"column-1\">Kia (EU) Sportage 2.0 CRDi MHEV AWD DPF (2020 und sp\u00e4ter)<\/td><td class=\"column-2\">0W-30<\/td><td class=\"column-3\">Wechsel alle 30000 km\/ 24 Monate<\/td>\n<\/tr>\n<tr class=\"row-51 odd\">\n\t<td class=\"column-1\">Kia (EU) Sportage 2.0 CRDi MHEV AWD DPF (2020 und sp\u00e4ter)<\/td><td class=\"column-2\">5W-30<\/td><td class=\"column-3\">Wechsel alle 30000 km\/ 24 Monate<\/td>\n<\/tr>\n<tr class=\"row-52 even\">\n\t<td class=\"column-1\">Kia (EU) Sportage 2.0 MPI (2016-2018)<\/td><td class=\"column-2\">5W-20<\/td><td class=\"column-3\">Kontrolle alle 500 km, Wechsel alle 15000 km\/12 Monate<\/td>\n<\/tr>\n<tr class=\"row-53 odd\">\n\t<td class=\"column-1\">Kia (EU) Sportage 2.0 MPI (2016-2018)<\/td><td class=\"column-2\">5W-30<\/td><td class=\"column-3\">Kontrolle alle 500 km, Wechsel alle 15000 km\/12 Monate<\/td>\n<\/tr>\n<tr class=\"row-54 even\">\n\t<td class=\"column-1\">Kia (EU) Sportage 2.0 MPI (2018-2019)<\/td><td class=\"column-2\">5W-20<\/td><td class=\"column-3\">Kontrolle alle 500 km, Wechsel alle 15000 km\/12 Monate<\/td>\n<\/tr>\n<tr class=\"row-55 odd\">\n\t<td class=\"column-1\">Kia (EU) Sportage 2.0 MPI (2018-2019)<\/td><td class=\"column-2\">5W-30<\/td><td class=\"column-3\">Kontrolle alle 500 km, Wechsel alle 15000 km\/12 Monate<\/td>\n<\/tr>\n<tr class=\"row-56 even\">\n\t<td class=\"column-1\">Kia (EU) Sportage 2.0 MPI AWD (2016-2018)<\/td><td class=\"column-2\">5W-20<\/td><td class=\"column-3\">Kontrolle alle 500 km, Wechsel alle 15000 km\/12 Monate<\/td>\n<\/tr>\n<tr class=\"row-57 odd\">\n\t<td class=\"column-1\">Kia (EU) Sportage 2.0 MPI AWD (2016-2018)<\/td><td class=\"column-2\">5W-30<\/td><td class=\"column-3\">Kontrolle alle 500 km, Wechsel alle 15000 km\/12 Monate<\/td>\n<\/tr>\n<tr class=\"row-58 even\">\n\t<td class=\"column-1\">Kia (EU) Sportage 2.0 MPI AWD (2018-2019)<\/td><td class=\"column-2\">5W-20<\/td><td class=\"column-3\">Kontrolle alle 500 km, Wechsel alle 15000 km\/12 Monate<\/td>\n<\/tr>\n<tr class=\"row-59 odd\">\n\t<td class=\"column-1\">Kia (EU) Sportage 2.0 MPI AWD (2018-2019)<\/td><td class=\"column-2\">5W-30<\/td><td class=\"column-3\">Kontrolle alle 500 km, Wechsel alle 15000 km\/12 Monate<\/td>\n<\/tr>\n<\/tbody>\n<\/table>\n<!-- #tablepress-115 from cache -->","protected":false},"excerpt":{"rendered":"<p>Sie suchen nach dem richtigen Motor\u00f6l f\u00fcr Ihren Kia Sportage QLE? Welche Art von Motor\u00f6l f\u00fcr Ihren Kia Sportage ben\u00f6tigt wird, h\u00e4ngt vom jeweiligen Modell und Baujahr des Fahrzeugs ab. Es ist wichtig, ein hochwertiges \u00d6l zu verwenden, das den Spezifikationen des Herstellers entspricht, [...]<\/p>","protected":false},"author":1,"featured_media":0,"parent":0,"menu_order":0,"comment_status":"closed","ping_status":"closed","template":"","meta":{"_et_pb_use_builder":"","_et_pb_old_content":"","_et_gb_content_width":"","footnotes":""},"class_list":["post-155933","page","type-page","status-publish","hentry"],"yoast_head":"<!-- This site is optimized with the Yoast SEO plugin v27.5 - https:\/\/yoast.com\/product\/yoast-seo-wordpress\/ -->\n<title>Welke Motorolie Kia Sportage QLE - Autobaak.nl<\/title>\n<meta name=\"description\" content=\"Welke motorolie Kia Sportage QLE? Op deze pagina een overzicht van alle Kia Sportage QLE modellen en de bijbehorende motorolie.\" \/>\n<meta name=\"robots\" content=\"index, follow, max-snippet:-1, max-image-preview:large, max-video-preview:-1\" \/>\n<link rel=\"canonical\" href=\"https:\/\/autobaak.nl\/de\/welches-motorol-kia-sportage-qle\/\" \/>\n<meta property=\"og:locale\" content=\"de_DE\" \/>\n<meta property=\"og:type\" content=\"article\" \/>\n<meta property=\"og:title\" content=\"Welke Motorolie Kia Sportage QLE - Autobaak.nl\" \/>\n<meta property=\"og:description\" content=\"Welke motorolie Kia Sportage QLE? Op deze pagina een overzicht van alle Kia Sportage QLE modellen en de bijbehorende motorolie.\" \/>\n<meta property=\"og:url\" content=\"https:\/\/autobaak.nl\/de\/welches-motorol-kia-sportage-qle\/\" \/>\n<meta property=\"og:site_name\" content=\"Autobaak.nl\" \/>\n<meta name=\"twitter:card\" content=\"summary_large_image\" \/>\n<meta name=\"twitter:label1\" content=\"Gesch\u00e4tzte Lesezeit\" \/>\n\t<meta name=\"twitter:data1\" content=\"1\u00a0Minute\" \/>\n<script type=\"application\/ld+json\" class=\"yoast-schema-graph\">{\"@context\":\"https:\\\/\\\/schema.org\",\"@graph\":[{\"@type\":\"WebPage\",\"@id\":\"https:\\\/\\\/autobaak.nl\\\/welke-motorolie-kia-sportage-qle\\\/\",\"url\":\"https:\\\/\\\/autobaak.nl\\\/welke-motorolie-kia-sportage-qle\\\/\",\"name\":\"Welke Motorolie Kia Sportage QLE - Autobaak.nl\",\"isPartOf\":{\"@id\":\"https:\\\/\\\/autobaak.nl\\\/#website\"},\"datePublished\":\"2023-06-12T08:37:00+00:00\",\"description\":\"Welke motorolie Kia Sportage QLE? Op deze pagina een overzicht van alle Kia Sportage QLE modellen en de bijbehorende motorolie.\",\"breadcrumb\":{\"@id\":\"https:\\\/\\\/autobaak.nl\\\/welke-motorolie-kia-sportage-qle\\\/#breadcrumb\"},\"inLanguage\":\"de\",\"potentialAction\":[{\"@type\":\"ReadAction\",\"target\":[\"https:\\\/\\\/autobaak.nl\\\/welke-motorolie-kia-sportage-qle\\\/\"]}]},{\"@type\":\"BreadcrumbList\",\"@id\":\"https:\\\/\\\/autobaak.nl\\\/welke-motorolie-kia-sportage-qle\\\/#breadcrumb\",\"itemListElement\":[{\"@type\":\"ListItem\",\"position\":1,\"name\":\"Home\",\"item\":\"https:\\\/\\\/autobaak.nl\\\/\"},{\"@type\":\"ListItem\",\"position\":2,\"name\":\"Welke Motorolie Kia Sportage QLE\"}]},{\"@type\":\"WebSite\",\"@id\":\"https:\\\/\\\/autobaak.nl\\\/#website\",\"url\":\"https:\\\/\\\/autobaak.nl\\\/\",\"name\":\"Autobaak.nl\",\"description\":\"Cars &amp; Racing\",\"potentialAction\":[{\"@type\":\"SearchAction\",\"target\":{\"@type\":\"EntryPoint\",\"urlTemplate\":\"https:\\\/\\\/autobaak.nl\\\/?s={search_term_string}\"},\"query-input\":{\"@type\":\"PropertyValueSpecification\",\"valueRequired\":true,\"valueName\":\"search_term_string\"}}],\"inLanguage\":\"de\"}]}<\/script>\n<!-- \/ Yoast SEO plugin. -->","yoast_head_json":{"title":"Welches Motor\u00f6l Kia Sportage QLE - Autobaak.de","description":"Welches Motor\u00f6l Kia Sportage QLE? Auf dieser Seite finden Sie eine Liste aller Kia Sportage QLE Modelle und des dazugeh\u00f6rigen Motor\u00f6ls.","robots":{"index":"index","follow":"follow","max-snippet":"max-snippet:-1","max-image-preview":"max-image-preview:large","max-video-preview":"max-video-preview:-1"},"canonical":"https:\/\/autobaak.nl\/de\/welches-motorol-kia-sportage-qle\/","og_locale":"de_DE","og_type":"article","og_title":"Welke Motorolie Kia Sportage QLE - Autobaak.nl","og_description":"Welke motorolie Kia Sportage QLE? Op deze pagina een overzicht van alle Kia Sportage QLE modellen en de bijbehorende motorolie.","og_url":"https:\/\/autobaak.nl\/de\/welches-motorol-kia-sportage-qle\/","og_site_name":"Autobaak.nl","twitter_card":"summary_large_image","twitter_misc":{"Gesch\u00e4tzte Lesezeit":"1\u00a0Minute"},"schema":{"@context":"https:\/\/schema.org","@graph":[{"@type":"WebPage","@id":"https:\/\/autobaak.nl\/welke-motorolie-kia-sportage-qle\/","url":"https:\/\/autobaak.nl\/welke-motorolie-kia-sportage-qle\/","name":"Welches Motor\u00f6l Kia Sportage QLE - Autobaak.de","isPartOf":{"@id":"https:\/\/autobaak.nl\/#website"},"datePublished":"2023-06-12T08:37:00+00:00","description":"Welches Motor\u00f6l Kia Sportage QLE? Auf dieser Seite finden Sie eine Liste aller Kia Sportage QLE Modelle und des dazugeh\u00f6rigen Motor\u00f6ls.","breadcrumb":{"@id":"https:\/\/autobaak.nl\/welke-motorolie-kia-sportage-qle\/#breadcrumb"},"inLanguage":"de","potentialAction":[{"@type":"ReadAction","target":["https:\/\/autobaak.nl\/welke-motorolie-kia-sportage-qle\/"]}]},{"@type":"BreadcrumbList","@id":"https:\/\/autobaak.nl\/welke-motorolie-kia-sportage-qle\/#breadcrumb","itemListElement":[{"@type":"ListItem","position":1,"name":"Home","item":"https:\/\/autobaak.nl\/"},{"@type":"ListItem","position":2,"name":"Welke Motorolie Kia Sportage QLE"}]},{"@type":"WebSite","@id":"https:\/\/autobaak.nl\/#website","url":"https:\/\/autobaak.nl\/","name":"Autobook.de","description":"Autos &amp; Rennsport","potentialAction":[{"@type":"SearchAction","target":{"@type":"EntryPoint","urlTemplate":"https:\/\/autobaak.nl\/?s={search_term_string}"},"query-input":{"@type":"PropertyValueSpecification","valueRequired":true,"valueName":"search_term_string"}}],"inLanguage":"de"}]}},"_links":{"self":[{"href":"https:\/\/autobaak.nl\/de\/wp-json\/wp\/v2\/pages\/155933","targetHints":{"allow":["GET"]}}],"collection":[{"href":"https:\/\/autobaak.nl\/de\/wp-json\/wp\/v2\/pages"}],"about":[{"href":"https:\/\/autobaak.nl\/de\/wp-json\/wp\/v2\/types\/page"}],"author":[{"embeddable":true,"href":"https:\/\/autobaak.nl\/de\/wp-json\/wp\/v2\/users\/1"}],"replies":[{"embeddable":true,"href":"https:\/\/autobaak.nl\/de\/wp-json\/wp\/v2\/comments?post=155933"}],"version-history":[{"count":2,"href":"https:\/\/autobaak.nl\/de\/wp-json\/wp\/v2\/pages\/155933\/revisions"}],"predecessor-version":[{"id":155935,"href":"https:\/\/autobaak.nl\/de\/wp-json\/wp\/v2\/pages\/155933\/revisions\/155935"}],"wp:attachment":[{"href":"https:\/\/autobaak.nl\/de\/wp-json\/wp\/v2\/media?parent=155933"}],"curies":[{"name":"wp","href":"https:\/\/api.w.org\/{rel}","templated":true}]}}