{"id":155953,"date":"2023-06-12T10:47:12","date_gmt":"2023-06-12T08:47:12","guid":{"rendered":"https:\/\/autobaak.nl\/?page_id=155953"},"modified":"2023-06-12T10:47:12","modified_gmt":"2023-06-12T08:47:12","slug":"motorol-kia-ceed-jd","status":"publish","type":"page","link":"https:\/\/autobaak.nl\/de\/motorol-kia-ceed-jd\/","title":{"rendered":"Motor\u00f6l Kia CE'ED JD"},"content":{"rendered":"<p>Sie suchen das richtige Motor\u00f6l f\u00fcr Ihren Kia CE'ED JD? Welche Art von Motor\u00f6l f\u00fcr Ihr Kia CE'ED-Modell ben\u00f6tigt wird, h\u00e4ngt vom jeweiligen Modell und Baujahr des Fahrzeugs ab. Es ist wichtig, ein hochwertiges \u00d6l zu verwenden, das den Spezifikationen des Herstellers entspricht, um eine optimale Leistung und eine lange Lebensdauer des Motors zu gew\u00e4hrleisten.<\/p>\n<h2>Motor\u00f6l Kia CE'ED JD<\/h2>\n<p>In der nachstehenden \u00dcbersicht haben wir das geeignete Motor\u00f6l f\u00fcr den Kia CE'ED sorgf\u00e4ltig aufgelistet. Dennoch empfehlen wir immer, die Betriebsanleitung zu konsultieren oder eine zertifizierte Kia-Werkstatt zu fragen, um die richtige \u00d6lsorte f\u00fcr Ihr spezifisches Fahrzeug zu pr\u00fcfen.<\/p>\n\n<table id=\"tablepress-105\" class=\"tablepress tablepress-id-105 tablepress-responsive\">\n<thead>\n<tr class=\"row-1 odd\">\n\t<th class=\"column-1\">Modell<\/th><th class=\"column-2\">Welches Motor\u00f6l<\/th><th class=\"column-3\">Wann ist zu ersetzen<\/th>\n<\/tr>\n<\/thead>\n<tbody class=\"row-hover\">\n<tr class=\"row-2 even\">\n\t<td class=\"column-1\">Kia (EU) cee'd 1.0 T-GDI (72 kW) (2015-2016)<\/td><td class=\"column-2\">5W-30<\/td><td class=\"column-3\">Wechsel alle 15000 km\/12 Monate<\/td>\n<\/tr>\n<tr class=\"row-3 odd\">\n\t<td class=\"column-1\">Kia (EU) cee'd 1.0 T-GDI (72 kW) (2015-2016)<\/td><td class=\"column-2\">5W-40<\/td><td class=\"column-3\">Wechsel alle 15000 km\/12 Monate<\/td>\n<\/tr>\n<tr class=\"row-4 even\">\n\t<td class=\"column-1\">Kia (EU) cee'd 1.0 T-GDI (72 kW) (2016-2018)<\/td><td class=\"column-2\">5W-30<\/td><td class=\"column-3\">Wechsel alle 15000 km\/12 Monate<\/td>\n<\/tr>\n<tr class=\"row-5 odd\">\n\t<td class=\"column-1\">Kia (EU) cee'd 1.0 T-GDI (72 kW) (2016-2018)<\/td><td class=\"column-2\">5W-40<\/td><td class=\"column-3\">Wechsel alle 15000 km\/12 Monate<\/td>\n<\/tr>\n<tr class=\"row-6 even\">\n\t<td class=\"column-1\">Kia (EU) cee'd 1.0 T-GDI (88 kW) (2015-2016)<\/td><td class=\"column-2\">5W-30<\/td><td class=\"column-3\">Wechsel alle 15000 km\/12 Monate<\/td>\n<\/tr>\n<tr class=\"row-7 odd\">\n\t<td class=\"column-1\">Kia (EU) cee'd 1.0 T-GDI (88 kW) (2015-2016)<\/td><td class=\"column-2\">5W-40<\/td><td class=\"column-3\">Wechsel alle 15000 km\/12 Monate<\/td>\n<\/tr>\n<tr class=\"row-8 even\">\n\t<td class=\"column-1\">Kia (EU) cee'd 1.0 T-GDI (88 kW) (2016-2018)<\/td><td class=\"column-2\">5W-30<\/td><td class=\"column-3\">Wechsel alle 15000 km\/12 Monate<\/td>\n<\/tr>\n<tr class=\"row-9 odd\">\n\t<td class=\"column-1\">Kia (EU) cee'd 1.0 T-GDI (88 kW) (2016-2018)<\/td><td class=\"column-2\">5W-40<\/td><td class=\"column-3\">Wechsel alle 15000 km\/12 Monate<\/td>\n<\/tr>\n<tr class=\"row-10 even\">\n\t<td class=\"column-1\">Kia (EU) cee'd 1.4 CRDi (2012-2015)<\/td><td class=\"column-2\">5W-30<\/td><td class=\"column-3\">Wechsel alle 30000 km\/ 24 Monate<\/td>\n<\/tr>\n<tr class=\"row-11 odd\">\n\t<td class=\"column-1\">Kia (EU) cee'd 1.4 CRDi (2016-2018)<\/td><td class=\"column-2\">15W-40<\/td><td class=\"column-3\">Wechsel alle 30000 km\/ 24 Monate<\/td>\n<\/tr>\n<tr class=\"row-12 even\">\n\t<td class=\"column-1\">Kia (EU) cee'd 1.4 CRDi DPF (2012-2015)<\/td><td class=\"column-2\">0W-30<\/td><td class=\"column-3\">Wechsel alle 30000 km\/ 24 Monate<\/td>\n<\/tr>\n<tr class=\"row-13 odd\">\n\t<td class=\"column-1\">Kia (EU) cee'd 1.4 CRDi DPF (2016-2018)<\/td><td class=\"column-2\">0W-30<\/td><td class=\"column-3\">Wechsel alle 30000 km\/ 24 Monate<\/td>\n<\/tr>\n<tr class=\"row-14 even\">\n\t<td class=\"column-1\">Kia (EU) cee'd 1.4 MPI (2012-2015)<\/td><td class=\"column-2\">5W-30<\/td><td class=\"column-3\">Kontrolle alle 500 km, Wechsel alle 30000 km\/12 Monate<\/td>\n<\/tr>\n<tr class=\"row-15 odd\">\n\t<td class=\"column-1\">Kia (EU) cee'd 1.4 MPI (2012-2015)<\/td><td class=\"column-2\">5W-40<\/td><td class=\"column-3\">Kontrolle alle 500 km, Wechsel alle 30000 km\/12 Monate<\/td>\n<\/tr>\n<tr class=\"row-16 even\">\n\t<td class=\"column-1\">Kia (EU) cee'd 1.4 MPI (2016-2018)<\/td><td class=\"column-2\">5W-30<\/td><td class=\"column-3\">Kontrolle alle 500 km, Wechsel alle 30000 km\/12 Monate<\/td>\n<\/tr>\n<tr class=\"row-17 odd\">\n\t<td class=\"column-1\">Kia (EU) cee'd 1.4 MPI (2016-2018)<\/td><td class=\"column-2\">5W-40<\/td><td class=\"column-3\">Kontrolle alle 500 km, Wechsel alle 30000 km\/12 Monate<\/td>\n<\/tr>\n<tr class=\"row-18 even\">\n\t<td class=\"column-1\">Kia (EU) cee'd 1.6 CRDi (2012-2015)<\/td><td class=\"column-2\">5W-30<\/td><td class=\"column-3\">Wechsel alle 30000 km\/ 24 Monate<\/td>\n<\/tr>\n<tr class=\"row-19 odd\">\n\t<td class=\"column-1\">Kia (EU) cee'd 1.6 CRDi (2016-2018)<\/td><td class=\"column-2\">15W-40<\/td><td class=\"column-3\">Wechsel alle 30000 km\/ 24 Monate<\/td>\n<\/tr>\n<tr class=\"row-20 even\">\n\t<td class=\"column-1\">Kia (EU) Cee'd 1.6 CRDi DPF (2012-2015)<\/td><td class=\"column-2\">0W-30<\/td><td class=\"column-3\">Wechsel alle 30000 km\/ 24 Monate<\/td>\n<\/tr>\n<tr class=\"row-21 odd\">\n\t<td class=\"column-1\">Kia (EU) Cee'd 1.6 CRDi DPF (2016-2018)<\/td><td class=\"column-2\">0W-30<\/td><td class=\"column-3\">Wechsel alle 30000 km\/ 24 Monate<\/td>\n<\/tr>\n<tr class=\"row-22 even\">\n\t<td class=\"column-1\">Kia (EU) cee'd 1.6 GDI (2012-2015)<\/td><td class=\"column-2\">5W-30<\/td><td class=\"column-3\">Kontrolle alle 500 km, Wechsel alle 30000 km\/12 Monate<\/td>\n<\/tr>\n<tr class=\"row-23 odd\">\n\t<td class=\"column-1\">Kia (EU) cee'd 1.6 GDI (2012-2015)<\/td><td class=\"column-2\">5W-40<\/td><td class=\"column-3\">Kontrolle alle 500 km, Wechsel alle 30000 km\/12 Monate<\/td>\n<\/tr>\n<tr class=\"row-24 even\">\n\t<td class=\"column-1\">Kia (EU) cee'd 1.6 GDI (2016-2018)<\/td><td class=\"column-2\">5W-30<\/td><td class=\"column-3\">Kontrolle alle 500 km, Wechsel alle 30000 km\/12 Monate<\/td>\n<\/tr>\n<tr class=\"row-25 odd\">\n\t<td class=\"column-1\">Kia (EU) cee'd 1.6 GDI (2016-2018)<\/td><td class=\"column-2\">5W-40<\/td><td class=\"column-3\">Kontrolle alle 500 km, Wechsel alle 30000 km\/12 Monate<\/td>\n<\/tr>\n<tr class=\"row-26 even\">\n\t<td class=\"column-1\">Kia (EU) cee'd 1.6 MPI (2012-2015)<\/td><td class=\"column-2\">5W-30<\/td><td class=\"column-3\">Kontrolle alle 500 km, Wechsel alle 30000 km\/12 Monate<\/td>\n<\/tr>\n<tr class=\"row-27 odd\">\n\t<td class=\"column-1\">Kia (EU) cee'd 1.6 MPI (2012-2015)<\/td><td class=\"column-2\">5W-40<\/td><td class=\"column-3\">Kontrolle alle 500 km, Wechsel alle 30000 km\/12 Monate<\/td>\n<\/tr>\n<tr class=\"row-28 even\">\n\t<td class=\"column-1\">Kia (EU) cee'd 1.6 MPI (2016-2018)<\/td><td class=\"column-2\">5W-30<\/td><td class=\"column-3\">Kontrolle alle 500 km, Wechsel alle 30000 km\/12 Monate<\/td>\n<\/tr>\n<tr class=\"row-29 odd\">\n\t<td class=\"column-1\">Kia (EU) cee'd 1.6 MPI (2016-2018)<\/td><td class=\"column-2\">5W-40<\/td><td class=\"column-3\">Kontrolle alle 500 km, Wechsel alle 30000 km\/12 Monate<\/td>\n<\/tr>\n<tr class=\"row-30 even\">\n\t<td class=\"column-1\">Kia (EU) cee'd GT 1.6 T-GDI (2013-2015)<\/td><td class=\"column-2\">5W-30<\/td><td class=\"column-3\">Wechsel alle 15000 km\/12 Monate<\/td>\n<\/tr>\n<tr class=\"row-31 odd\">\n\t<td class=\"column-1\">Kia (EU) cee'd GT 1.6 T-GDI (2016-2018)<\/td><td class=\"column-2\">5W-30<\/td><td class=\"column-3\">Wechsel alle 15000 km\/12 Monate<\/td>\n<\/tr>\n<\/tbody>\n<\/table>\n<!-- #tablepress-105 from cache -->","protected":false},"excerpt":{"rendered":"<p>Sie suchen das richtige Motor\u00f6l f\u00fcr Ihren Kia CE'ED JD? Welche Art von Motor\u00f6l f\u00fcr Ihr Kia CE'ED-Modell ben\u00f6tigt wird, h\u00e4ngt vom jeweiligen Modell und Baujahr des Fahrzeugs ab. Es ist wichtig, ein hochwertiges \u00d6l zu verwenden, das den Spezifikationen des Herstellers entspricht, [...]<\/p>","protected":false},"author":1,"featured_media":0,"parent":0,"menu_order":0,"comment_status":"closed","ping_status":"closed","template":"","meta":{"_et_pb_use_builder":"","_et_pb_old_content":"","_et_gb_content_width":"","footnotes":""},"class_list":["post-155953","page","type-page","status-publish","hentry"],"yoast_head":"<!-- This site is optimized with the Yoast SEO plugin v27.5 - https:\/\/yoast.com\/product\/yoast-seo-wordpress\/ -->\n<title>Motorolie Kia CE&#039;ED JD - Autobaak.nl<\/title>\n<meta name=\"description\" content=\"Welke motorolie Kia CE&#039;ED JD? Op deze pagina een overzicht van alle Kia CE&#039;ED JD modellen en de bijbehorende motorolie.\" \/>\n<meta name=\"robots\" content=\"index, follow, max-snippet:-1, max-image-preview:large, max-video-preview:-1\" \/>\n<link rel=\"canonical\" href=\"https:\/\/autobaak.nl\/de\/motorol-kia-ceed-jd\/\" \/>\n<meta property=\"og:locale\" content=\"de_DE\" \/>\n<meta property=\"og:type\" content=\"article\" \/>\n<meta property=\"og:title\" content=\"Motorolie Kia CE&#039;ED JD - Autobaak.nl\" \/>\n<meta property=\"og:description\" content=\"Welke motorolie Kia CE&#039;ED JD? Op deze pagina een overzicht van alle Kia CE&#039;ED JD modellen en de bijbehorende motorolie.\" \/>\n<meta property=\"og:url\" content=\"https:\/\/autobaak.nl\/de\/motorol-kia-ceed-jd\/\" \/>\n<meta property=\"og:site_name\" content=\"Autobaak.nl\" \/>\n<meta name=\"twitter:card\" content=\"summary_large_image\" \/>\n<meta name=\"twitter:label1\" content=\"Gesch\u00e4tzte Lesezeit\" \/>\n\t<meta name=\"twitter:data1\" content=\"1\u00a0Minute\" \/>\n<script type=\"application\/ld+json\" class=\"yoast-schema-graph\">{\"@context\":\"https:\\\/\\\/schema.org\",\"@graph\":[{\"@type\":\"WebPage\",\"@id\":\"https:\\\/\\\/autobaak.nl\\\/motorolie-kia-ceed-jd\\\/\",\"url\":\"https:\\\/\\\/autobaak.nl\\\/motorolie-kia-ceed-jd\\\/\",\"name\":\"Motorolie Kia CE'ED JD - Autobaak.nl\",\"isPartOf\":{\"@id\":\"https:\\\/\\\/autobaak.nl\\\/#website\"},\"datePublished\":\"2023-06-12T08:47:12+00:00\",\"description\":\"Welke motorolie Kia CE'ED JD? Op deze pagina een overzicht van alle Kia CE'ED JD modellen en de bijbehorende motorolie.\",\"breadcrumb\":{\"@id\":\"https:\\\/\\\/autobaak.nl\\\/motorolie-kia-ceed-jd\\\/#breadcrumb\"},\"inLanguage\":\"de\",\"potentialAction\":[{\"@type\":\"ReadAction\",\"target\":[\"https:\\\/\\\/autobaak.nl\\\/motorolie-kia-ceed-jd\\\/\"]}]},{\"@type\":\"BreadcrumbList\",\"@id\":\"https:\\\/\\\/autobaak.nl\\\/motorolie-kia-ceed-jd\\\/#breadcrumb\",\"itemListElement\":[{\"@type\":\"ListItem\",\"position\":1,\"name\":\"Home\",\"item\":\"https:\\\/\\\/autobaak.nl\\\/\"},{\"@type\":\"ListItem\",\"position\":2,\"name\":\"Motorolie Kia CE&#8217;ED JD\"}]},{\"@type\":\"WebSite\",\"@id\":\"https:\\\/\\\/autobaak.nl\\\/#website\",\"url\":\"https:\\\/\\\/autobaak.nl\\\/\",\"name\":\"Autobaak.nl\",\"description\":\"Cars &amp; Racing\",\"potentialAction\":[{\"@type\":\"SearchAction\",\"target\":{\"@type\":\"EntryPoint\",\"urlTemplate\":\"https:\\\/\\\/autobaak.nl\\\/?s={search_term_string}\"},\"query-input\":{\"@type\":\"PropertyValueSpecification\",\"valueRequired\":true,\"valueName\":\"search_term_string\"}}],\"inLanguage\":\"de\"}]}<\/script>\n<!-- \/ Yoast SEO plugin. -->","yoast_head_json":{"title":"Motor\u00f6l Kia CE'ED JD - Autobaak.de","description":"Welches Motor\u00f6l Kia CE'ED JD? Auf dieser Seite finden Sie alle Kia CE'ED JD Modelle und das dazugeh\u00f6rige Motor\u00f6l.","robots":{"index":"index","follow":"follow","max-snippet":"max-snippet:-1","max-image-preview":"max-image-preview:large","max-video-preview":"max-video-preview:-1"},"canonical":"https:\/\/autobaak.nl\/de\/motorol-kia-ceed-jd\/","og_locale":"de_DE","og_type":"article","og_title":"Motorolie Kia CE'ED JD - Autobaak.nl","og_description":"Welke motorolie Kia CE'ED JD? Op deze pagina een overzicht van alle Kia CE'ED JD modellen en de bijbehorende motorolie.","og_url":"https:\/\/autobaak.nl\/de\/motorol-kia-ceed-jd\/","og_site_name":"Autobaak.nl","twitter_card":"summary_large_image","twitter_misc":{"Gesch\u00e4tzte Lesezeit":"1\u00a0Minute"},"schema":{"@context":"https:\/\/schema.org","@graph":[{"@type":"WebPage","@id":"https:\/\/autobaak.nl\/motorolie-kia-ceed-jd\/","url":"https:\/\/autobaak.nl\/motorolie-kia-ceed-jd\/","name":"Motor\u00f6l Kia CE'ED JD - Autobaak.de","isPartOf":{"@id":"https:\/\/autobaak.nl\/#website"},"datePublished":"2023-06-12T08:47:12+00:00","description":"Welches Motor\u00f6l Kia CE'ED JD? Auf dieser Seite finden Sie alle Kia CE'ED JD Modelle und das dazugeh\u00f6rige Motor\u00f6l.","breadcrumb":{"@id":"https:\/\/autobaak.nl\/motorolie-kia-ceed-jd\/#breadcrumb"},"inLanguage":"de","potentialAction":[{"@type":"ReadAction","target":["https:\/\/autobaak.nl\/motorolie-kia-ceed-jd\/"]}]},{"@type":"BreadcrumbList","@id":"https:\/\/autobaak.nl\/motorolie-kia-ceed-jd\/#breadcrumb","itemListElement":[{"@type":"ListItem","position":1,"name":"Home","item":"https:\/\/autobaak.nl\/"},{"@type":"ListItem","position":2,"name":"Motorolie Kia CE&#8217;ED JD"}]},{"@type":"WebSite","@id":"https:\/\/autobaak.nl\/#website","url":"https:\/\/autobaak.nl\/","name":"Autobook.de","description":"Autos &amp; Rennsport","potentialAction":[{"@type":"SearchAction","target":{"@type":"EntryPoint","urlTemplate":"https:\/\/autobaak.nl\/?s={search_term_string}"},"query-input":{"@type":"PropertyValueSpecification","valueRequired":true,"valueName":"search_term_string"}}],"inLanguage":"de"}]}},"_links":{"self":[{"href":"https:\/\/autobaak.nl\/de\/wp-json\/wp\/v2\/pages\/155953","targetHints":{"allow":["GET"]}}],"collection":[{"href":"https:\/\/autobaak.nl\/de\/wp-json\/wp\/v2\/pages"}],"about":[{"href":"https:\/\/autobaak.nl\/de\/wp-json\/wp\/v2\/types\/page"}],"author":[{"embeddable":true,"href":"https:\/\/autobaak.nl\/de\/wp-json\/wp\/v2\/users\/1"}],"replies":[{"embeddable":true,"href":"https:\/\/autobaak.nl\/de\/wp-json\/wp\/v2\/comments?post=155953"}],"version-history":[{"count":1,"href":"https:\/\/autobaak.nl\/de\/wp-json\/wp\/v2\/pages\/155953\/revisions"}],"predecessor-version":[{"id":155954,"href":"https:\/\/autobaak.nl\/de\/wp-json\/wp\/v2\/pages\/155953\/revisions\/155954"}],"wp:attachment":[{"href":"https:\/\/autobaak.nl\/de\/wp-json\/wp\/v2\/media?parent=155953"}],"curies":[{"name":"wp","href":"https:\/\/api.w.org\/{rel}","templated":true}]}}