{"id":155959,"date":"2023-06-12T10:50:22","date_gmt":"2023-06-12T08:50:22","guid":{"rendered":"https:\/\/autobaak.nl\/?page_id=155959"},"modified":"2023-06-12T10:50:22","modified_gmt":"2023-06-12T08:50:22","slug":"welches-motorol-kia-carnival-sedona-cq","status":"publish","type":"page","link":"https:\/\/autobaak.nl\/de\/welches-motorol-kia-carnival-sedona-cq\/","title":{"rendered":"Welches Motor\u00f6l Kia Carnival, Sedona CQ"},"content":{"rendered":"<p>Sie suchen das richtige Motor\u00f6l f\u00fcr Ihren Kia Carnival, Sedona CQ? Welche Art von Motor\u00f6l f\u00fcr Ihren Kia Carnival ben\u00f6tigt wird, h\u00e4ngt vom jeweiligen Modell und Baujahr des Fahrzeugs ab. Es ist wichtig, ein hochwertiges \u00d6l zu verwenden, das den Spezifikationen des Herstellers entspricht, um eine optimale Leistung und eine lange Lebensdauer des Motors zu gew\u00e4hrleisten.<\/p>\n<h2>Motor\u00f6l Kia Carnival, Sedona CQ<\/h2>\n<p>In der nachstehenden \u00dcbersicht haben wir das geeignete Motor\u00f6l f\u00fcr den Kia CE'ED sorgf\u00e4ltig aufgelistet. Dennoch empfehlen wir immer, die Betriebsanleitung zu konsultieren oder eine zertifizierte Kia-Werkstatt zu fragen, um die richtige \u00d6lsorte f\u00fcr Ihr spezifisches Fahrzeug zu pr\u00fcfen.<\/p>\n\n<table id=\"tablepress-102\" class=\"tablepress tablepress-id-102 tablepress-responsive\">\n<thead>\n<tr class=\"row-1 odd\">\n\t<th class=\"column-1\">Modell<\/th><th class=\"column-2\">Welches Motor\u00f6l<\/th><th class=\"column-3\">Wann ist zu ersetzen<\/th>\n<\/tr>\n<\/thead>\n<tbody class=\"row-hover\">\n<tr class=\"row-2 even\">\n\t<td class=\"column-1\">Kia (EU) Carnival \/ Sedona 2.5 V6 (1999-2002)<\/td><td class=\"column-2\">5W-20<\/td><td class=\"column-3\">Wechsel alle 15000 km\/12 Monate<\/td>\n<\/tr>\n<tr class=\"row-3 odd\">\n\t<td class=\"column-1\">Kia (EU) Carnival \/ Sedona 2.5 V6 (1999-2002)<\/td><td class=\"column-2\">5W-30<\/td><td class=\"column-3\">Wechsel alle 15000 km\/12 Monate<\/td>\n<\/tr>\n<tr class=\"row-4 even\">\n\t<td class=\"column-1\">Kia (EU) Carnival \/ Sedona 2.5 V6 (1999-2002)<\/td><td class=\"column-2\">10W-40<\/td><td class=\"column-3\">Wechsel alle 15000 km\/12 Monate<\/td>\n<\/tr>\n<tr class=\"row-5 odd\">\n\t<td class=\"column-1\">Kia (EU) Carnival \/ Sedona 2.5 V6 (2002-2006)<\/td><td class=\"column-2\">5W-20<\/td><td class=\"column-3\">Wechsel alle 15000 km\/12 Monate<\/td>\n<\/tr>\n<tr class=\"row-6 even\">\n\t<td class=\"column-1\">Kia (EU) Carnival \/ Sedona 2.5 V6 (2002-2006)<\/td><td class=\"column-2\">5W-30<\/td><td class=\"column-3\">Wechsel alle 15000 km\/12 Monate<\/td>\n<\/tr>\n<tr class=\"row-7 odd\">\n\t<td class=\"column-1\">Kia (EU) Carnival \/ Sedona 2.5 V6 (2002-2006)<\/td><td class=\"column-2\">10W-40<\/td><td class=\"column-3\">Wechsel alle 15000 km\/12 Monate<\/td>\n<\/tr>\n<tr class=\"row-8 even\">\n\t<td class=\"column-1\">Kia (EU) Carnival \/ Sedona 2.9 HPDi (2002-2006)<\/td><td class=\"column-2\">5W-30<\/td><td class=\"column-3\">Wechsel alle 10000 km\/ 6 Monate<\/td>\n<\/tr>\n<tr class=\"row-9 odd\">\n\t<td class=\"column-1\">Kia (EU) Carnival \/ Sedona 2.9 TDi (1999-2002)<\/td><td class=\"column-2\">5W-30<\/td><td class=\"column-3\">Alle 5.000 km\/6 Monate auffrischen<\/td>\n<\/tr>\n<tr class=\"row-10 even\">\n\t<td class=\"column-1\">Kia (EU) Carnival \/ Sedona 3.5 V6 (2002-2006)<\/td><td class=\"column-2\">5W-20<\/td><td class=\"column-3\">Wechsel alle 15000 km\/12 Monate<\/td>\n<\/tr>\n<tr class=\"row-11 odd\">\n\t<td class=\"column-1\">Kia (EU) Carnival \/ Sedona 3.5 V6 (2002-2006)<\/td><td class=\"column-2\">5W-30<\/td><td class=\"column-3\">Wechsel alle 15000 km\/12 Monate<\/td>\n<\/tr>\n<tr class=\"row-12 even\">\n\t<td class=\"column-1\">Kia (EU) Carnival \/ Sedona 3.5 V6 (2002-2006)<\/td><td class=\"column-2\">10W-40<\/td><td class=\"column-3\">Wechsel alle 15000 km\/12 Monate<\/td>\n<\/tr>\n<\/tbody>\n<\/table>\n<!-- #tablepress-102 from cache -->","protected":false},"excerpt":{"rendered":"<p>Sie suchen das richtige Motor\u00f6l f\u00fcr Ihren Kia Carnival, Sedona CQ? Welche Art von Motor\u00f6l f\u00fcr Ihren Kia Carnival ben\u00f6tigt wird, h\u00e4ngt vom jeweiligen Modell und Baujahr des Fahrzeugs ab. Es ist wichtig, ein hochwertiges \u00d6l zu verwenden, das den Spezifikationen des Herstellers entspricht [...]<\/p>","protected":false},"author":1,"featured_media":0,"parent":0,"menu_order":0,"comment_status":"closed","ping_status":"closed","template":"","meta":{"_et_pb_use_builder":"","_et_pb_old_content":"","_et_gb_content_width":"","footnotes":""},"class_list":["post-155959","page","type-page","status-publish","hentry"],"yoast_head":"<!-- This site is optimized with the Yoast SEO plugin v27.5 - https:\/\/yoast.com\/product\/yoast-seo-wordpress\/ -->\n<title>Welke Motorolie Kia Carnival, Sedona CQ - Autobaak.nl<\/title>\n<meta name=\"description\" content=\"Welke motorolie Kia Carnaval? Op deze pagina een overzicht van alle Kia Carnival, Sedona CQ modellen en de bijbehorende motorolie.\" \/>\n<meta name=\"robots\" content=\"index, follow, max-snippet:-1, max-image-preview:large, max-video-preview:-1\" \/>\n<link rel=\"canonical\" href=\"https:\/\/autobaak.nl\/de\/welches-motorol-kia-carnival-sedona-cq\/\" \/>\n<meta property=\"og:locale\" content=\"de_DE\" \/>\n<meta property=\"og:type\" content=\"article\" \/>\n<meta property=\"og:title\" content=\"Welke Motorolie Kia Carnival, Sedona CQ - Autobaak.nl\" \/>\n<meta property=\"og:description\" content=\"Welke motorolie Kia Carnaval? Op deze pagina een overzicht van alle Kia Carnival, Sedona CQ modellen en de bijbehorende motorolie.\" \/>\n<meta property=\"og:url\" content=\"https:\/\/autobaak.nl\/de\/welches-motorol-kia-carnival-sedona-cq\/\" \/>\n<meta property=\"og:site_name\" content=\"Autobaak.nl\" \/>\n<meta name=\"twitter:card\" content=\"summary_large_image\" \/>\n<meta name=\"twitter:label1\" content=\"Gesch\u00e4tzte Lesezeit\" \/>\n\t<meta name=\"twitter:data1\" content=\"1\u00a0Minute\" \/>\n<script type=\"application\/ld+json\" class=\"yoast-schema-graph\">{\"@context\":\"https:\\\/\\\/schema.org\",\"@graph\":[{\"@type\":\"WebPage\",\"@id\":\"https:\\\/\\\/autobaak.nl\\\/welke-motorolie-kia-carnival-sedona-cq\\\/\",\"url\":\"https:\\\/\\\/autobaak.nl\\\/welke-motorolie-kia-carnival-sedona-cq\\\/\",\"name\":\"Welke Motorolie Kia Carnival, Sedona CQ - Autobaak.nl\",\"isPartOf\":{\"@id\":\"https:\\\/\\\/autobaak.nl\\\/#website\"},\"datePublished\":\"2023-06-12T08:50:22+00:00\",\"description\":\"Welke motorolie Kia Carnaval? Op deze pagina een overzicht van alle Kia Carnival, Sedona CQ modellen en de bijbehorende motorolie.\",\"breadcrumb\":{\"@id\":\"https:\\\/\\\/autobaak.nl\\\/welke-motorolie-kia-carnival-sedona-cq\\\/#breadcrumb\"},\"inLanguage\":\"de\",\"potentialAction\":[{\"@type\":\"ReadAction\",\"target\":[\"https:\\\/\\\/autobaak.nl\\\/welke-motorolie-kia-carnival-sedona-cq\\\/\"]}]},{\"@type\":\"BreadcrumbList\",\"@id\":\"https:\\\/\\\/autobaak.nl\\\/welke-motorolie-kia-carnival-sedona-cq\\\/#breadcrumb\",\"itemListElement\":[{\"@type\":\"ListItem\",\"position\":1,\"name\":\"Home\",\"item\":\"https:\\\/\\\/autobaak.nl\\\/\"},{\"@type\":\"ListItem\",\"position\":2,\"name\":\"Welke Motorolie Kia Carnival, Sedona CQ\"}]},{\"@type\":\"WebSite\",\"@id\":\"https:\\\/\\\/autobaak.nl\\\/#website\",\"url\":\"https:\\\/\\\/autobaak.nl\\\/\",\"name\":\"Autobaak.nl\",\"description\":\"Cars &amp; Racing\",\"potentialAction\":[{\"@type\":\"SearchAction\",\"target\":{\"@type\":\"EntryPoint\",\"urlTemplate\":\"https:\\\/\\\/autobaak.nl\\\/?s={search_term_string}\"},\"query-input\":{\"@type\":\"PropertyValueSpecification\",\"valueRequired\":true,\"valueName\":\"search_term_string\"}}],\"inLanguage\":\"de\"}]}<\/script>\n<!-- \/ Yoast SEO plugin. -->","yoast_head_json":{"title":"Welches Motor\u00f6l Kia Carnival, Sedona CQ - Autobaak.de","description":"Welches Motor\u00f6l Kia Carnival? Diese Seite listet alle Kia Carnival, Sedona CQ Modelle und ihre Motor\u00f6l.","robots":{"index":"index","follow":"follow","max-snippet":"max-snippet:-1","max-image-preview":"max-image-preview:large","max-video-preview":"max-video-preview:-1"},"canonical":"https:\/\/autobaak.nl\/de\/welches-motorol-kia-carnival-sedona-cq\/","og_locale":"de_DE","og_type":"article","og_title":"Welke Motorolie Kia Carnival, Sedona CQ - Autobaak.nl","og_description":"Welke motorolie Kia Carnaval? Op deze pagina een overzicht van alle Kia Carnival, Sedona CQ modellen en de bijbehorende motorolie.","og_url":"https:\/\/autobaak.nl\/de\/welches-motorol-kia-carnival-sedona-cq\/","og_site_name":"Autobaak.nl","twitter_card":"summary_large_image","twitter_misc":{"Gesch\u00e4tzte Lesezeit":"1\u00a0Minute"},"schema":{"@context":"https:\/\/schema.org","@graph":[{"@type":"WebPage","@id":"https:\/\/autobaak.nl\/welke-motorolie-kia-carnival-sedona-cq\/","url":"https:\/\/autobaak.nl\/welke-motorolie-kia-carnival-sedona-cq\/","name":"Welches Motor\u00f6l Kia Carnival, Sedona CQ - Autobaak.de","isPartOf":{"@id":"https:\/\/autobaak.nl\/#website"},"datePublished":"2023-06-12T08:50:22+00:00","description":"Welches Motor\u00f6l Kia Carnival? Diese Seite listet alle Kia Carnival, Sedona CQ Modelle und ihre Motor\u00f6l.","breadcrumb":{"@id":"https:\/\/autobaak.nl\/welke-motorolie-kia-carnival-sedona-cq\/#breadcrumb"},"inLanguage":"de","potentialAction":[{"@type":"ReadAction","target":["https:\/\/autobaak.nl\/welke-motorolie-kia-carnival-sedona-cq\/"]}]},{"@type":"BreadcrumbList","@id":"https:\/\/autobaak.nl\/welke-motorolie-kia-carnival-sedona-cq\/#breadcrumb","itemListElement":[{"@type":"ListItem","position":1,"name":"Home","item":"https:\/\/autobaak.nl\/"},{"@type":"ListItem","position":2,"name":"Welke Motorolie Kia Carnival, Sedona CQ"}]},{"@type":"WebSite","@id":"https:\/\/autobaak.nl\/#website","url":"https:\/\/autobaak.nl\/","name":"Autobook.de","description":"Autos &amp; Rennsport","potentialAction":[{"@type":"SearchAction","target":{"@type":"EntryPoint","urlTemplate":"https:\/\/autobaak.nl\/?s={search_term_string}"},"query-input":{"@type":"PropertyValueSpecification","valueRequired":true,"valueName":"search_term_string"}}],"inLanguage":"de"}]}},"_links":{"self":[{"href":"https:\/\/autobaak.nl\/de\/wp-json\/wp\/v2\/pages\/155959","targetHints":{"allow":["GET"]}}],"collection":[{"href":"https:\/\/autobaak.nl\/de\/wp-json\/wp\/v2\/pages"}],"about":[{"href":"https:\/\/autobaak.nl\/de\/wp-json\/wp\/v2\/types\/page"}],"author":[{"embeddable":true,"href":"https:\/\/autobaak.nl\/de\/wp-json\/wp\/v2\/users\/1"}],"replies":[{"embeddable":true,"href":"https:\/\/autobaak.nl\/de\/wp-json\/wp\/v2\/comments?post=155959"}],"version-history":[{"count":1,"href":"https:\/\/autobaak.nl\/de\/wp-json\/wp\/v2\/pages\/155959\/revisions"}],"predecessor-version":[{"id":155960,"href":"https:\/\/autobaak.nl\/de\/wp-json\/wp\/v2\/pages\/155959\/revisions\/155960"}],"wp:attachment":[{"href":"https:\/\/autobaak.nl\/de\/wp-json\/wp\/v2\/media?parent=155959"}],"curies":[{"name":"wp","href":"https:\/\/api.w.org\/{rel}","templated":true}]}}