{"id":155967,"date":"2023-06-12T10:58:28","date_gmt":"2023-06-12T08:58:28","guid":{"rendered":"https:\/\/autobaak.nl\/?page_id=155967"},"modified":"2023-06-12T11:26:28","modified_gmt":"2023-06-12T09:26:28","slug":"welches-motorol-hat-ihr-kia","status":"publish","type":"page","link":"https:\/\/autobaak.nl\/de\/welches-motorol-hat-ihr-kia\/","title":{"rendered":"Welches Motor\u00f6l hat Ihr Kia?"},"content":{"rendered":"<p>Sie suchen das passende Motor\u00f6l f\u00fcr Ihren Kia? Klicken Sie in der untenstehenden \u00dcbersicht auf Ihr Kia-Modell und Sie werden auf eine Seite mit dem passenden Motor\u00f6l pro Modell weitergeleitet:<\/p>\n<h2>Kia-Motor\u00f6l<\/h2>\n<ul>\n<li><a class=\"row-title\" href=\"https:\/\/autobaak.nl\/de\/welches-motorol-kia-cadenza-vg\/\" aria-label=\"&quot;Welches Motor\u00f6l Kia Cadenza VG&quot; (bearbeiten)\">Motor\u00f6l Kia Cadenza VG<\/a><\/li>\n<li><a href=\"https:\/\/autobaak.nl\/de\/welches-motorol-kia-cadenza-yg\/\">Motor\u00f6l Kia Cadenza YG<\/a><\/li>\n<li><a class=\"row-title\" href=\"https:\/\/autobaak.nl\/de\/welches-motorol-kia-carens-rondo-rp\/\" aria-label=\"&quot;Welches Motor\u00f6l Kia Carens, Rondo RP&quot; (edit)\">Motor\u00f6l Kia Carens, Rondo RP<\/a><\/li>\n<li><a class=\"row-title\" href=\"https:\/\/autobaak.nl\/de\/welches-motorol-kia-carens-fj\/\" aria-label=\"&quot;Welches Motor\u00f6l Kia Carens FJ&quot; (bearbeiten)\">Motor\u00f6l Kia Carens FJ<\/a><\/li>\n<li><a class=\"row-title\" href=\"https:\/\/autobaak.nl\/de\/welches-motorol-kia-carnival-sedona-cq\/\" aria-label=\"&quot;Welches Motor\u00f6l Kia Carnival, Sedona CQ&quot; (bearbeiten)\">Motor\u00f6l Kia Carnival, Sedona CQ<\/a><\/li>\n<li><a class=\"row-title\" href=\"https:\/\/autobaak.nl\/de\/welches-motorol-kia-carnival-sedona-vq\/\" aria-label=\"&quot;Welches Motor\u00f6l Kia Carnival, Sedona VQ&quot; (bearbeiten)\">Motor\u00f6l Kia Carnival, Sedona VQ<\/a><\/li>\n<li><a class=\"row-title\" href=\"https:\/\/autobaak.nl\/de\/motorol-kia-ceed-ed\/\" aria-label=\"&quot;Motor\u00f6l Kia CE&#039;ED ED&quot; (Bearbeiten)\">Motor\u00f6l Kia CE'ED ED<\/a><\/li>\n<li><a class=\"row-title\" href=\"https:\/\/autobaak.nl\/de\/motorol-kia-ceed-jd\/\" aria-label=\"&quot;Motor\u00f6l Kia CE&#039;ED JD&quot; (Bearbeiten)\">Motor\u00f6l Kia CE'ED JD<\/a><\/li>\n<li><a class=\"row-title\" href=\"https:\/\/autobaak.nl\/de\/welches-motorol-kia-cerato\/\" aria-label=\"&quot;Welches Motor\u00f6l Kia Cerato&quot; (bearbeiten)\">Motor\u00f6l Kia Cerato<\/a><\/li>\n<li><a class=\"row-title\" href=\"https:\/\/autobaak.nl\/de\/welches-motorol-kia-picanto-ja\/\" aria-label=\"&quot;Welches Motor\u00f6l Kia Picanto YES&quot; (edit)\">Motor\u00f6l Kia Picanto YES<\/a><\/li>\n<li><a class=\"row-title\" href=\"https:\/\/autobaak.nl\/de\/welches-motorol-kia-picanto-sa\/\" aria-label=\"&quot;Welches Motor\u00f6l Kia Picanto SA&quot; (bearbeiten)\">Motor\u00f6l Kia Picanto SA<\/a><\/li>\n<li><a class=\"row-title\" href=\"https:\/\/autobaak.nl\/de\/welches-motorol-kia-picanto-ta\/\" aria-label=\"&quot;Welches Motor\u00f6l Kia Picanto TA&quot; (bearbeiten)\">Motor\u00f6l Kia Picanto TA<\/a><\/li>\n<li><a class=\"row-title\" href=\"https:\/\/autobaak.nl\/de\/welches-motorol-kia-rio-jb\/\" aria-label=\"&quot;Welches Motor\u00f6l Kia Rio JB&quot; (Bearbeiten)\">Motor\u00f6l Kia Rio JB<\/a><\/li>\n<li><a class=\"row-title\" href=\"https:\/\/autobaak.nl\/de\/welches-motorol-kia-rio-ub\/\" aria-label=\"&quot;Welches Motor\u00f6l Kia Rio UB&quot; (Bearbeiten)\">Motor\u00f6l Kia Rio UB<\/a><\/li>\n<li><a class=\"row-title\" href=\"https:\/\/autobaak.nl\/de\/welches-motorol-kia-rio-yb\/\" aria-label=\"&quot;Welches Motor\u00f6l Kia Rio YB&quot; (Bearbeiten)\">Motor\u00f6l Kia Rio YB<\/a><\/li>\n<li><a href=\"https:\/\/autobaak.nl\/de\/welches-motorol-kia-rio-bc-dc\/\">Motor\u00f6l Kia RIO BC\/DC<\/a><\/li>\n<li><a class=\"row-title\" href=\"https:\/\/autobaak.nl\/de\/welches-motorol-kia-sportage-al-km\/\" aria-label=\"&quot;Welches Motor\u00f6l Kia Sportage AL\/KM&quot; (bearbeiten)\">Motor\u00f6l Kia Sportage AL\/KM<\/a><\/li>\n<li><a class=\"row-title\" href=\"https:\/\/autobaak.nl\/de\/welches-motorol-kia-sportage-qle\/\" aria-label=\"&quot;Welches Motor\u00f6l Kia Sportage QLE&quot; (bearbeiten)\">Motor\u00f6l Kia Sportage QLE<\/a><\/li>\n<li><a class=\"row-title\" href=\"https:\/\/autobaak.nl\/de\/welches-motorol-kia-sportage-sle\/\" aria-label=\"&quot;Welches Motor\u00f6l Kia Sportage SLE&quot; (bearbeiten)\">Motor\u00f6l Kia Sportage SLE<\/a><\/li>\n<\/ul>","protected":false},"excerpt":{"rendered":"<p>Sie suchen das passende Motor\u00f6l f\u00fcr Ihren Kia? Klicken Sie in der untenstehenden \u00dcbersicht auf Ihr Kia-Modell und Sie werden auf eine Seite mit dem passenden Motor\u00f6l pro Modell weitergeleitet: Motor\u00f6l Kia Motor\u00f6l Kia Cadenza VG Motor\u00f6l Kia Cadenza YG Motor\u00f6l Kia Carens, Rondo RP Motor\u00f6l Kia Carens FJ Motor\u00f6l Kia Carnival, Sedona CQ Motor\u00f6l Kia [...]<\/p>","protected":false},"author":1,"featured_media":0,"parent":0,"menu_order":0,"comment_status":"closed","ping_status":"closed","template":"","meta":{"_et_pb_use_builder":"","_et_pb_old_content":"","_et_gb_content_width":"","footnotes":""},"class_list":["post-155967","page","type-page","status-publish","hentry"],"yoast_head":"<!-- This site is optimized with the Yoast SEO plugin v27.5 - https:\/\/yoast.com\/product\/yoast-seo-wordpress\/ -->\n<title>Welke motorolie heeft jouw Kia? - Autobaak.nl<\/title>\n<meta name=\"robots\" content=\"index, follow, max-snippet:-1, max-image-preview:large, max-video-preview:-1\" \/>\n<link rel=\"canonical\" href=\"https:\/\/autobaak.nl\/de\/welches-motorol-hat-ihr-kia\/\" \/>\n<meta property=\"og:locale\" content=\"de_DE\" \/>\n<meta property=\"og:type\" content=\"article\" \/>\n<meta property=\"og:title\" content=\"Welke motorolie heeft jouw Kia? - Autobaak.nl\" \/>\n<meta property=\"og:description\" content=\"Op zoek naar de juiste motorolie voor jouw Kia? Klik in onderstaand overzicht op jouw Kia model en je komt op een pagina met de geschikte motorolie per model: Motorolie Kia Motorolie Kia Cadenza VG Motorolie Kia Cadenza YG Motorolie Kia Carens, Rondo RP Motorolie Kia Carens FJ Motorolie Kia Carnival, Sedona CQ Motorolie Kia [&hellip;]\" \/>\n<meta property=\"og:url\" content=\"https:\/\/autobaak.nl\/de\/welches-motorol-hat-ihr-kia\/\" \/>\n<meta property=\"og:site_name\" content=\"Autobaak.nl\" \/>\n<meta property=\"article:modified_time\" content=\"2023-06-12T09:26:28+00:00\" \/>\n<meta name=\"twitter:card\" content=\"summary_large_image\" \/>\n<meta name=\"twitter:label1\" content=\"Gesch\u00e4tzte Lesezeit\" \/>\n\t<meta name=\"twitter:data1\" content=\"1\u00a0Minute\" \/>\n<script type=\"application\/ld+json\" class=\"yoast-schema-graph\">{\"@context\":\"https:\\\/\\\/schema.org\",\"@graph\":[{\"@type\":\"WebPage\",\"@id\":\"https:\\\/\\\/autobaak.nl\\\/welke-motorolie-heeft-jouw-kia\\\/\",\"url\":\"https:\\\/\\\/autobaak.nl\\\/welke-motorolie-heeft-jouw-kia\\\/\",\"name\":\"Welke motorolie heeft jouw Kia? - Autobaak.nl\",\"isPartOf\":{\"@id\":\"https:\\\/\\\/autobaak.nl\\\/#website\"},\"datePublished\":\"2023-06-12T08:58:28+00:00\",\"dateModified\":\"2023-06-12T09:26:28+00:00\",\"breadcrumb\":{\"@id\":\"https:\\\/\\\/autobaak.nl\\\/welke-motorolie-heeft-jouw-kia\\\/#breadcrumb\"},\"inLanguage\":\"de\",\"potentialAction\":[{\"@type\":\"ReadAction\",\"target\":[\"https:\\\/\\\/autobaak.nl\\\/welke-motorolie-heeft-jouw-kia\\\/\"]}]},{\"@type\":\"BreadcrumbList\",\"@id\":\"https:\\\/\\\/autobaak.nl\\\/welke-motorolie-heeft-jouw-kia\\\/#breadcrumb\",\"itemListElement\":[{\"@type\":\"ListItem\",\"position\":1,\"name\":\"Home\",\"item\":\"https:\\\/\\\/autobaak.nl\\\/\"},{\"@type\":\"ListItem\",\"position\":2,\"name\":\"Welke motorolie heeft jouw Kia?\"}]},{\"@type\":\"WebSite\",\"@id\":\"https:\\\/\\\/autobaak.nl\\\/#website\",\"url\":\"https:\\\/\\\/autobaak.nl\\\/\",\"name\":\"Autobaak.nl\",\"description\":\"Cars &amp; Racing\",\"potentialAction\":[{\"@type\":\"SearchAction\",\"target\":{\"@type\":\"EntryPoint\",\"urlTemplate\":\"https:\\\/\\\/autobaak.nl\\\/?s={search_term_string}\"},\"query-input\":{\"@type\":\"PropertyValueSpecification\",\"valueRequired\":true,\"valueName\":\"search_term_string\"}}],\"inLanguage\":\"de\"}]}<\/script>\n<!-- \/ Yoast SEO plugin. -->","yoast_head_json":{"title":"Welches Motor\u00f6l hat Ihr Kia? - Autobaak.de","robots":{"index":"index","follow":"follow","max-snippet":"max-snippet:-1","max-image-preview":"max-image-preview:large","max-video-preview":"max-video-preview:-1"},"canonical":"https:\/\/autobaak.nl\/de\/welches-motorol-hat-ihr-kia\/","og_locale":"de_DE","og_type":"article","og_title":"Welke motorolie heeft jouw Kia? - Autobaak.nl","og_description":"Op zoek naar de juiste motorolie voor jouw Kia? Klik in onderstaand overzicht op jouw Kia model en je komt op een pagina met de geschikte motorolie per model: Motorolie Kia Motorolie Kia Cadenza VG Motorolie Kia Cadenza YG Motorolie Kia Carens, Rondo RP Motorolie Kia Carens FJ Motorolie Kia Carnival, Sedona CQ Motorolie Kia [&hellip;]","og_url":"https:\/\/autobaak.nl\/de\/welches-motorol-hat-ihr-kia\/","og_site_name":"Autobaak.nl","article_modified_time":"2023-06-12T09:26:28+00:00","twitter_card":"summary_large_image","twitter_misc":{"Gesch\u00e4tzte Lesezeit":"1\u00a0Minute"},"schema":{"@context":"https:\/\/schema.org","@graph":[{"@type":"WebPage","@id":"https:\/\/autobaak.nl\/welke-motorolie-heeft-jouw-kia\/","url":"https:\/\/autobaak.nl\/welke-motorolie-heeft-jouw-kia\/","name":"Welches Motor\u00f6l hat Ihr Kia? - Autobaak.de","isPartOf":{"@id":"https:\/\/autobaak.nl\/#website"},"datePublished":"2023-06-12T08:58:28+00:00","dateModified":"2023-06-12T09:26:28+00:00","breadcrumb":{"@id":"https:\/\/autobaak.nl\/welke-motorolie-heeft-jouw-kia\/#breadcrumb"},"inLanguage":"de","potentialAction":[{"@type":"ReadAction","target":["https:\/\/autobaak.nl\/welke-motorolie-heeft-jouw-kia\/"]}]},{"@type":"BreadcrumbList","@id":"https:\/\/autobaak.nl\/welke-motorolie-heeft-jouw-kia\/#breadcrumb","itemListElement":[{"@type":"ListItem","position":1,"name":"Home","item":"https:\/\/autobaak.nl\/"},{"@type":"ListItem","position":2,"name":"Welke motorolie heeft jouw Kia?"}]},{"@type":"WebSite","@id":"https:\/\/autobaak.nl\/#website","url":"https:\/\/autobaak.nl\/","name":"Autobook.de","description":"Autos &amp; Rennsport","potentialAction":[{"@type":"SearchAction","target":{"@type":"EntryPoint","urlTemplate":"https:\/\/autobaak.nl\/?s={search_term_string}"},"query-input":{"@type":"PropertyValueSpecification","valueRequired":true,"valueName":"search_term_string"}}],"inLanguage":"de"}]}},"_links":{"self":[{"href":"https:\/\/autobaak.nl\/de\/wp-json\/wp\/v2\/pages\/155967","targetHints":{"allow":["GET"]}}],"collection":[{"href":"https:\/\/autobaak.nl\/de\/wp-json\/wp\/v2\/pages"}],"about":[{"href":"https:\/\/autobaak.nl\/de\/wp-json\/wp\/v2\/types\/page"}],"author":[{"embeddable":true,"href":"https:\/\/autobaak.nl\/de\/wp-json\/wp\/v2\/users\/1"}],"replies":[{"embeddable":true,"href":"https:\/\/autobaak.nl\/de\/wp-json\/wp\/v2\/comments?post=155967"}],"version-history":[{"count":2,"href":"https:\/\/autobaak.nl\/de\/wp-json\/wp\/v2\/pages\/155967\/revisions"}],"predecessor-version":[{"id":155985,"href":"https:\/\/autobaak.nl\/de\/wp-json\/wp\/v2\/pages\/155967\/revisions\/155985"}],"wp:attachment":[{"href":"https:\/\/autobaak.nl\/de\/wp-json\/wp\/v2\/media?parent=155967"}],"curies":[{"name":"wp","href":"https:\/\/api.w.org\/{rel}","templated":true}]}}