{"id":155978,"date":"2023-06-12T11:22:04","date_gmt":"2023-06-12T09:22:04","guid":{"rendered":"https:\/\/autobaak.nl\/?page_id=155978"},"modified":"2023-06-12T11:22:04","modified_gmt":"2023-06-12T09:22:04","slug":"welches-motorol-audi","status":"publish","type":"page","link":"https:\/\/autobaak.nl\/de\/welches-motorol-audi\/","title":{"rendered":"Welches Motor\u00f6l Audi"},"content":{"rendered":"<p>Der rechtzeitige Wechsel des Motor\u00f6ls ist entscheidend f\u00fcr den Zustand Ihres Motors. Es ist auch wichtig zu wissen, welches Motor\u00f6l Sie ben\u00f6tigen. In der untenstehenden \u00dcbersicht k\u00f6nnen Sie zum richtigen Modell navigieren. Die \u00dcbersichten zeigen sowohl die Art des \u00d6ls als auch die ben\u00f6tigte Menge.<\/p>\n<h2>Motor\u00f6l Audi<\/h2>\n<ul>\n<li><a href=\"https:\/\/autobaak.nl\/de\/motorol-audi-a1\/\">Audi A1<\/a><\/li>\n<li><a href=\"https:\/\/autobaak.nl\/de\/motorol-audi-a2\/\">Audi A2<\/a><\/li>\n<li><a href=\"https:\/\/autobaak.nl\/de\/motorol-audi-a3\/\">Audi A3<\/a><\/li>\n<li><a href=\"https:\/\/autobaak.nl\/de\/motorol-audi-q3\/\">Audi Q3<\/a><\/li>\n<li><a href=\"https:\/\/autobaak.nl\/de\/motorol-audi-a4\/\">Audi A4<\/a><\/li>\n<li><a href=\"https:\/\/autobaak.nl\/de\/motorol-audi-a5\/\">Audi A5<\/a><\/li>\n<li><a href=\"https:\/\/autobaak.nl\/de\/motorol-audi-q5\/\">Audi Q5<\/a><\/li>\n<li><a href=\"https:\/\/autobaak.nl\/de\/motorol-audi-a6\/\">Audi A6<\/a><\/li>\n<li><a href=\"https:\/\/autobaak.nl\/de\/welches-motorol-audi-q7-4l\/\">Audi Q7<\/a><\/li>\n<li><a href=\"https:\/\/autobaak.nl\/de\/welches-motorol-audi-q7-sq7\/\">Audi SQ7<\/a><\/li>\n<\/ul>","protected":false},"excerpt":{"rendered":"<p>Der rechtzeitige Wechsel des Motor\u00f6ls ist entscheidend f\u00fcr den Zustand Ihres Motors. Dar\u00fcber hinaus ist es wichtig zu wissen, welches Motor\u00f6l Sie ben\u00f6tigen. In der untenstehenden \u00dcbersicht k\u00f6nnen Sie zum richtigen Modell navigieren. Die \u00dcbersichten zeigen sowohl die Art des \u00d6ls als auch die ben\u00f6tigte Menge. Motor\u00f6l Audi A1 Audi A2 [...]<\/p>","protected":false},"author":1,"featured_media":0,"parent":0,"menu_order":0,"comment_status":"closed","ping_status":"closed","template":"","meta":{"_et_pb_use_builder":"","_et_pb_old_content":"","_et_gb_content_width":"","footnotes":""},"class_list":["post-155978","page","type-page","status-publish","hentry"],"yoast_head":"<!-- This site is optimized with the Yoast SEO plugin v27.3 - https:\/\/yoast.com\/product\/yoast-seo-wordpress\/ -->\n<title>Welke motorolie Audi - Autobaak.nl<\/title>\n<meta name=\"robots\" content=\"index, follow, max-snippet:-1, max-image-preview:large, max-video-preview:-1\" \/>\n<link rel=\"canonical\" href=\"https:\/\/autobaak.nl\/de\/welches-motorol-audi\/\" \/>\n<meta property=\"og:locale\" content=\"de_DE\" \/>\n<meta property=\"og:type\" content=\"article\" \/>\n<meta property=\"og:title\" content=\"Welke motorolie Audi - Autobaak.nl\" \/>\n<meta property=\"og:description\" content=\"Het tijdig vervangen van motorolie is cruciaal voor de conditie van jouw motor. Daarnaast is het belangrijk om te weten welke motorolie je nodig hebt. In het overzicht hieronder kun je naar het juiste model navigeren. In de overzichten staan zowel het type olie als ook de benodigde hoeveelheid. Motorolie Audi Audi A1 Audi A2 [&hellip;]\" \/>\n<meta property=\"og:url\" content=\"https:\/\/autobaak.nl\/de\/welches-motorol-audi\/\" \/>\n<meta property=\"og:site_name\" content=\"Autobaak.nl\" \/>\n<meta name=\"twitter:card\" content=\"summary_large_image\" \/>\n<meta name=\"twitter:label1\" content=\"Gesch\u00e4tzte Lesezeit\" \/>\n\t<meta name=\"twitter:data1\" content=\"1\u00a0Minute\" \/>\n<script type=\"application\/ld+json\" class=\"yoast-schema-graph\">{\"@context\":\"https:\\\/\\\/schema.org\",\"@graph\":[{\"@type\":\"WebPage\",\"@id\":\"https:\\\/\\\/autobaak.nl\\\/welke-motorolie-audi\\\/\",\"url\":\"https:\\\/\\\/autobaak.nl\\\/welke-motorolie-audi\\\/\",\"name\":\"Welke motorolie Audi - Autobaak.nl\",\"isPartOf\":{\"@id\":\"https:\\\/\\\/autobaak.nl\\\/#website\"},\"datePublished\":\"2023-06-12T09:22:04+00:00\",\"breadcrumb\":{\"@id\":\"https:\\\/\\\/autobaak.nl\\\/welke-motorolie-audi\\\/#breadcrumb\"},\"inLanguage\":\"de\",\"potentialAction\":[{\"@type\":\"ReadAction\",\"target\":[\"https:\\\/\\\/autobaak.nl\\\/welke-motorolie-audi\\\/\"]}]},{\"@type\":\"BreadcrumbList\",\"@id\":\"https:\\\/\\\/autobaak.nl\\\/welke-motorolie-audi\\\/#breadcrumb\",\"itemListElement\":[{\"@type\":\"ListItem\",\"position\":1,\"name\":\"Home\",\"item\":\"https:\\\/\\\/autobaak.nl\\\/\"},{\"@type\":\"ListItem\",\"position\":2,\"name\":\"Welke motorolie Audi\"}]},{\"@type\":\"WebSite\",\"@id\":\"https:\\\/\\\/autobaak.nl\\\/#website\",\"url\":\"https:\\\/\\\/autobaak.nl\\\/\",\"name\":\"Autobaak.nl\",\"description\":\"Cars &amp; Racing\",\"potentialAction\":[{\"@type\":\"SearchAction\",\"target\":{\"@type\":\"EntryPoint\",\"urlTemplate\":\"https:\\\/\\\/autobaak.nl\\\/?s={search_term_string}\"},\"query-input\":{\"@type\":\"PropertyValueSpecification\",\"valueRequired\":true,\"valueName\":\"search_term_string\"}}],\"inLanguage\":\"de\"}]}<\/script>\n<!-- \/ Yoast SEO plugin. -->","yoast_head_json":{"title":"Welches Motor\u00f6l Audi - Autobaak.de","robots":{"index":"index","follow":"follow","max-snippet":"max-snippet:-1","max-image-preview":"max-image-preview:large","max-video-preview":"max-video-preview:-1"},"canonical":"https:\/\/autobaak.nl\/de\/welches-motorol-audi\/","og_locale":"de_DE","og_type":"article","og_title":"Welke motorolie Audi - Autobaak.nl","og_description":"Het tijdig vervangen van motorolie is cruciaal voor de conditie van jouw motor. Daarnaast is het belangrijk om te weten welke motorolie je nodig hebt. In het overzicht hieronder kun je naar het juiste model navigeren. In de overzichten staan zowel het type olie als ook de benodigde hoeveelheid. Motorolie Audi Audi A1 Audi A2 [&hellip;]","og_url":"https:\/\/autobaak.nl\/de\/welches-motorol-audi\/","og_site_name":"Autobaak.nl","twitter_card":"summary_large_image","twitter_misc":{"Gesch\u00e4tzte Lesezeit":"1\u00a0Minute"},"schema":{"@context":"https:\/\/schema.org","@graph":[{"@type":"WebPage","@id":"https:\/\/autobaak.nl\/welke-motorolie-audi\/","url":"https:\/\/autobaak.nl\/welke-motorolie-audi\/","name":"Welches Motor\u00f6l Audi - Autobaak.de","isPartOf":{"@id":"https:\/\/autobaak.nl\/#website"},"datePublished":"2023-06-12T09:22:04+00:00","breadcrumb":{"@id":"https:\/\/autobaak.nl\/welke-motorolie-audi\/#breadcrumb"},"inLanguage":"de","potentialAction":[{"@type":"ReadAction","target":["https:\/\/autobaak.nl\/welke-motorolie-audi\/"]}]},{"@type":"BreadcrumbList","@id":"https:\/\/autobaak.nl\/welke-motorolie-audi\/#breadcrumb","itemListElement":[{"@type":"ListItem","position":1,"name":"Home","item":"https:\/\/autobaak.nl\/"},{"@type":"ListItem","position":2,"name":"Welke motorolie Audi"}]},{"@type":"WebSite","@id":"https:\/\/autobaak.nl\/#website","url":"https:\/\/autobaak.nl\/","name":"Autobook.de","description":"Autos &amp; Rennsport","potentialAction":[{"@type":"SearchAction","target":{"@type":"EntryPoint","urlTemplate":"https:\/\/autobaak.nl\/?s={search_term_string}"},"query-input":{"@type":"PropertyValueSpecification","valueRequired":true,"valueName":"search_term_string"}}],"inLanguage":"de"}]}},"_links":{"self":[{"href":"https:\/\/autobaak.nl\/de\/wp-json\/wp\/v2\/pages\/155978","targetHints":{"allow":["GET"]}}],"collection":[{"href":"https:\/\/autobaak.nl\/de\/wp-json\/wp\/v2\/pages"}],"about":[{"href":"https:\/\/autobaak.nl\/de\/wp-json\/wp\/v2\/types\/page"}],"author":[{"embeddable":true,"href":"https:\/\/autobaak.nl\/de\/wp-json\/wp\/v2\/users\/1"}],"replies":[{"embeddable":true,"href":"https:\/\/autobaak.nl\/de\/wp-json\/wp\/v2\/comments?post=155978"}],"version-history":[{"count":1,"href":"https:\/\/autobaak.nl\/de\/wp-json\/wp\/v2\/pages\/155978\/revisions"}],"predecessor-version":[{"id":155979,"href":"https:\/\/autobaak.nl\/de\/wp-json\/wp\/v2\/pages\/155978\/revisions\/155979"}],"wp:attachment":[{"href":"https:\/\/autobaak.nl\/de\/wp-json\/wp\/v2\/media?parent=155978"}],"curies":[{"name":"wp","href":"https:\/\/api.w.org\/{rel}","templated":true}]}}