{"id":155994,"date":"2023-06-12T11:34:35","date_gmt":"2023-06-12T09:34:35","guid":{"rendered":"https:\/\/autobaak.nl\/?page_id=155994"},"modified":"2023-06-12T11:34:35","modified_gmt":"2023-06-12T09:34:35","slug":"welches-motorol-volvo-xc60","status":"publish","type":"page","link":"https:\/\/autobaak.nl\/de\/welches-motorol-volvo-xc60\/","title":{"rendered":"Welches Motor\u00f6l Volvo XC60"},"content":{"rendered":"<p>Sie suchen nach dem richtigen Motor\u00f6l f\u00fcr Ihren Volvo XC60? Welche Art von Motor\u00f6l f\u00fcr Ihren Volvo XC60 ben\u00f6tigt wird, h\u00e4ngt von dem jeweiligen Modell und Baujahr des Fahrzeugs ab. Es ist wichtig, ein hochwertiges \u00d6l zu verwenden, das den Spezifikationen des Herstellers entspricht, um eine optimale Leistung und eine lange Lebensdauer des Motors zu gew\u00e4hrleisten.<\/p>\n<h2>Motor\u00f6l Volvo XC60<\/h2>\n<p>In der folgenden \u00dcbersicht haben wir das passende Motor\u00f6l f\u00fcr den Volvo C30 sorgf\u00e4ltig aufgelistet. Dennoch empfehlen wir immer, die Betriebsanleitung zu konsultieren oder eine zertifizierte Volvo-Werkstatt zu fragen, um die richtige \u00d6lsorte f\u00fcr Ihr spezifisches Fahrzeug zu pr\u00fcfen.<\/p>\n\n<table id=\"tablepress-91\" class=\"tablepress tablepress-id-91 tablepress-responsive\">\n<thead>\n<tr class=\"row-1 odd\">\n\t<th class=\"column-1\">Modell<\/th><th class=\"column-2\">Welches Motor\u00f6l<\/th><th class=\"column-3\">Wann ist zu ersetzen<\/th>\n<\/tr>\n<\/thead>\n<tbody class=\"row-hover\">\n<tr class=\"row-2 even\">\n\t<td class=\"column-1\">Volvo (EU) XC60 2.0T (149 kW) (2010-2012)<\/td><td class=\"column-2\">5W-30<\/td><td class=\"column-3\">Wechsel alle 30000 km\/12 Monate<\/td>\n<\/tr>\n<tr class=\"row-3 odd\">\n\t<td class=\"column-1\">Volvo (EU) XC60 2.4D (120 kW) AWD (2008-2009)<\/td><td class=\"column-2\">0W-30<\/td><td class=\"column-3\">Wechsel alle 30000 km\/12 Monate<\/td>\n<\/tr>\n<tr class=\"row-4 even\">\n\t<td class=\"column-1\">Volvo (EU) XC60 2.4D (120 kW) AWD (2009-2010)<\/td><td class=\"column-2\">0W-30<\/td><td class=\"column-3\">Wechsel alle 30000 km\/12 Monate<\/td>\n<\/tr>\n<tr class=\"row-5 odd\">\n\t<td class=\"column-1\">Volvo (EU) XC60 2.4D (120 kW) AWD (2010-2011)<\/td><td class=\"column-2\">0W-30<\/td><td class=\"column-3\">Wechsel alle 30000 km\/12 Monate<\/td>\n<\/tr>\n<tr class=\"row-6 even\">\n\t<td class=\"column-1\">Volvo (EU) XC60 2.4D (129 kW) (2009-2010)<\/td><td class=\"column-2\">0W-30<\/td><td class=\"column-3\">Wechsel alle 30000 km\/12 Monate<\/td>\n<\/tr>\n<tr class=\"row-7 odd\">\n\t<td class=\"column-1\">Volvo (EU) XC60 2.4D (129 kW) AWD (2009-2010)<\/td><td class=\"column-2\">0W-30<\/td><td class=\"column-3\">Wechsel alle 30000 km\/12 Monate<\/td>\n<\/tr>\n<tr class=\"row-8 even\">\n\t<td class=\"column-1\">Volvo (EU) XC60 3.2 (175 kW) (2009-2010)<\/td><td class=\"column-2\">0W-30<\/td><td class=\"column-3\">Wechsel alle 30000 km\/12 Monate<\/td>\n<\/tr>\n<tr class=\"row-9 odd\">\n\t<td class=\"column-1\">Volvo (EU) XC60 3.2 (175 kW) AWD (2009-2010)<\/td><td class=\"column-2\">0W-30<\/td><td class=\"column-3\">Wechsel alle 30000 km\/12 Monate<\/td>\n<\/tr>\n<tr class=\"row-10 even\">\n\t<td class=\"column-1\">Volvo (EU) XC60 3.2 (179 kW) (2010-2014)<\/td><td class=\"column-2\">0W-30<\/td><td class=\"column-3\">Wechsel alle 30000 km\/12 Monate<\/td>\n<\/tr>\n<tr class=\"row-11 odd\">\n\t<td class=\"column-1\">Volvo (EU) XC60 3.2 (179 kW) AWD (2010-2014)<\/td><td class=\"column-2\">0W-30<\/td><td class=\"column-3\">Wechsel alle 30000 km\/12 Monate<\/td>\n<\/tr>\n<tr class=\"row-12 even\">\n\t<td class=\"column-1\">Volvo (EU) XC60 B4 (145 kW) (2020 und sp\u00e4ter)<\/td><td class=\"column-2\">0W-20<\/td><td class=\"column-3\">Wechsel alle 30000 km<\/td>\n<\/tr>\n<tr class=\"row-13 odd\">\n\t<td class=\"column-1\">Volvo (EU) XC60 B4 AWD (145 kW) (2019 und sp\u00e4ter)<\/td><td class=\"column-2\">0W-20<\/td><td class=\"column-3\">Wechsel alle 30000 km<\/td>\n<\/tr>\n<tr class=\"row-14 even\">\n\t<td class=\"column-1\">Volvo (EU) XC60 B4 Benzin Mildhybrid (145 kW) (2020 und sp\u00e4ter)<\/td><td class=\"column-2\">0W-20<\/td><td class=\"column-3\">Wechsel alle 30000 km<\/td>\n<\/tr>\n<tr class=\"row-15 odd\">\n\t<td class=\"column-1\">Volvo (EU) XC60 B5 AWD (173 kW) (2019 und sp\u00e4ter)<\/td><td class=\"column-2\">0W-20<\/td><td class=\"column-3\">Wechsel alle 30000 km<\/td>\n<\/tr>\n<tr class=\"row-16 even\">\n\t<td class=\"column-1\">Volvo (EU) XC60 B5 Benzin Mildhybrid (184 kW) (2019 und sp\u00e4ter)<\/td><td class=\"column-2\">0W-20<\/td><td class=\"column-3\">Wechsel alle 30000 km<\/td>\n<\/tr>\n<tr class=\"row-17 odd\">\n\t<td class=\"column-1\">Volvo (EU) XC60 B5 Benzin Mildhybrid AWD (184 kW) (2020 und sp\u00e4ter)<\/td><td class=\"column-2\">0W-20<\/td><td class=\"column-3\">Wechsel alle 30000 km<\/td>\n<\/tr>\n<tr class=\"row-18 even\">\n\t<td class=\"column-1\">Volvo (EU) S60 B6 Mildhybrid AWD (220 kW) (2020 und sp\u00e4ter)<\/td><td class=\"column-2\">0W-20<\/td><td class=\"column-3\"><\/td>\n<\/tr>\n<tr class=\"row-19 odd\">\n\t<td class=\"column-1\">Volvo (EU) XC60 D3 (100 kW) (2012-2015)<\/td><td class=\"column-2\">0W-30<\/td><td class=\"column-3\">Wechsel alle 30000 km\/12 Monate<\/td>\n<\/tr>\n<tr class=\"row-20 even\">\n\t<td class=\"column-1\">Volvo (EU) XC60 D3 (110 kW) (2015-2017)<\/td><td class=\"column-2\">0W-20<\/td><td class=\"column-3\">Wechsel alle 30000 km\/12 Monate<\/td>\n<\/tr>\n<tr class=\"row-21 odd\">\n\t<td class=\"column-1\">Volvo (EU) XC60 D3 (110 kW) (2018-2019)<\/td><td class=\"column-2\">0W-20<\/td><td class=\"column-3\">Wechsel alle 30000 km<\/td>\n<\/tr>\n<tr class=\"row-22 even\">\n\t<td class=\"column-1\">Volvo (EU) XC60 D3 (120 kW) (2010-2011)<\/td><td class=\"column-2\">0W-30<\/td><td class=\"column-3\">Wechsel alle 30000 km\/12 Monate<\/td>\n<\/tr>\n<tr class=\"row-23 odd\">\n\t<td class=\"column-1\">Volvo (EU) XC60 D3 (120 kW) (2011-2012)<\/td><td class=\"column-2\">0W-30<\/td><td class=\"column-3\">Wechsel alle 30000 km\/12 Monate<\/td>\n<\/tr>\n<tr class=\"row-24 even\">\n\t<td class=\"column-1\">Volvo (EU) XC60 D3 (120 kW) AWD (2011-2012)<\/td><td class=\"column-2\">0W-30<\/td><td class=\"column-3\">Wechsel alle 30000 km\/12 Monate<\/td>\n<\/tr>\n<tr class=\"row-25 odd\">\n\t<td class=\"column-1\">Volvo (EU) XC60 D3 DRIVe (120 kW) (2010-2011)<\/td><td class=\"column-2\">0W-30<\/td><td class=\"column-3\">Wechsel alle 30000 km\/12 Monate<\/td>\n<\/tr>\n<tr class=\"row-26 even\">\n\t<td class=\"column-1\">Volvo (EU) XC60 D4 (120 kW) (2012-2013)<\/td><td class=\"column-2\">0W-30<\/td><td class=\"column-3\">Wechsel alle 30000 km\/12 Monate<\/td>\n<\/tr>\n<tr class=\"row-27 odd\">\n\t<td class=\"column-1\">Volvo (EU) XC60 D4 (120 kW) (2019 und sp\u00e4ter)<\/td><td class=\"column-2\">0W-20<\/td><td class=\"column-3\"><\/td>\n<\/tr>\n<tr class=\"row-28 even\">\n\t<td class=\"column-1\">Volvo (EU) XC60 D4 (120 kW) AWD (2012-2013)<\/td><td class=\"column-2\">0W-30<\/td><td class=\"column-3\">Wechsel alle 30000 km\/12 Monate<\/td>\n<\/tr>\n<tr class=\"row-29 odd\">\n\t<td class=\"column-1\">Volvo (EU) XC60 D4 (120 kW) AWD (2013-2017)<\/td><td class=\"column-2\">0W-30<\/td><td class=\"column-3\">Wechsel alle 30000 km\/12 Monate<\/td>\n<\/tr>\n<tr class=\"row-30 even\">\n\t<td class=\"column-1\">Volvo (EU) XC60 D4 (133 kW) (2013-2015)<\/td><td class=\"column-2\">0W-20<\/td><td class=\"column-3\">Wechsel alle 30000 km\/12 Monate<\/td>\n<\/tr>\n<tr class=\"row-31 odd\">\n\t<td class=\"column-1\">Volvo (EU) XC60 D4 (133 kW) AWD (2013-2015)<\/td><td class=\"column-2\">0W-30<\/td><td class=\"column-3\">Wechsel alle 30000 km\/12 Monate<\/td>\n<\/tr>\n<tr class=\"row-32 even\">\n\t<td class=\"column-1\">Volvo (EU) XC60 D4 (140 kW) (2015-2017)<\/td><td class=\"column-2\">0W-20<\/td><td class=\"column-3\">Wechsel alle 30000 km\/12 Monate<\/td>\n<\/tr>\n<tr class=\"row-33 odd\">\n\t<td class=\"column-1\">Volvo (EU) XC60 D4 (140 kW) (2018 und sp\u00e4ter)<\/td><td class=\"column-2\">0W-20<\/td><td class=\"column-3\">Wechsel alle 30000 km<\/td>\n<\/tr>\n<tr class=\"row-34 even\">\n\t<td class=\"column-1\">Volvo (EU) XC60 D4 (140 kW) AWD (2015-2017)<\/td><td class=\"column-2\">0W-30<\/td><td class=\"column-3\">Wechsel alle 30000 km\/12 Monate<\/td>\n<\/tr>\n<tr class=\"row-35 odd\">\n\t<td class=\"column-1\">Volvo (EU) XC60 D4 AWD (140 kW) (2017 und sp\u00e4ter)<\/td><td class=\"column-2\">0W-20<\/td><td class=\"column-3\">Wechsel alle 30000 km<\/td>\n<\/tr>\n<tr class=\"row-36 even\">\n\t<td class=\"column-1\">Volvo (EU) XC60 D5 (151 kW) AWD (2009-2010)<\/td><td class=\"column-2\">0W-30<\/td><td class=\"column-3\">Wechsel alle 30000 km\/12 Monate<\/td>\n<\/tr>\n<tr class=\"row-37 odd\">\n\t<td class=\"column-1\">Volvo (EU) XC60 D5 (151 kW) AWD (2010-2011)<\/td><td class=\"column-2\">0W-30<\/td><td class=\"column-3\">Wechsel alle 30000 km\/12 Monate<\/td>\n<\/tr>\n<tr class=\"row-38 even\">\n\t<td class=\"column-1\">Volvo (EU) XC60 D5 (158 kW) AWD (2011-2015)<\/td><td class=\"column-2\">0W-30<\/td><td class=\"column-3\">Wechsel alle 30000 km\/12 Monate<\/td>\n<\/tr>\n<tr class=\"row-39 odd\">\n\t<td class=\"column-1\">Volvo (EU) XC60 D5 (162 kW) AWD (2015-2017)<\/td><td class=\"column-2\">0W-30<\/td><td class=\"column-3\">Wechsel alle 30000 km\/12 Monate<\/td>\n<\/tr>\n<tr class=\"row-40 even\">\n\t<td class=\"column-1\">Volvo (EU) XC60 D5 (169 kW) AWD (2015-2017)<\/td><td class=\"column-2\">5W-30<\/td><td class=\"column-3\">Wechsel alle 30000 km\/12 Monate<\/td>\n<\/tr>\n<tr class=\"row-41 odd\">\n\t<td class=\"column-1\">Volvo (EU) XC60 D5 AWD (2008-2009)<\/td><td class=\"column-2\">0W-30<\/td><td class=\"column-3\">Wechsel alle 30000 km\/12 Monate<\/td>\n<\/tr>\n<tr class=\"row-42 even\">\n\t<td class=\"column-1\">Volvo (EU) XC60 D5 AWD (173 kW) (2017 und sp\u00e4ter)<\/td><td class=\"column-2\">0W-20<\/td><td class=\"column-3\">Wechsel alle 30000 km<\/td>\n<\/tr>\n<tr class=\"row-43 odd\">\n\t<td class=\"column-1\">Volvo (EU) XC60 DRIVe (120 kW) (2011-2012)<\/td><td class=\"column-2\">0W-30<\/td><td class=\"column-3\">Wechsel alle 30000 km\/12 Monate<\/td>\n<\/tr>\n<tr class=\"row-44 even\">\n\t<td class=\"column-1\">Volvo (EU) XC60 Mild Hybrid (183 kW) (2021 und sp\u00e4ter)<\/td><td class=\"column-2\">0W-20<\/td><td class=\"column-3\">Wechsel alle 30000 km<\/td>\n<\/tr>\n<tr class=\"row-45 odd\">\n\t<td class=\"column-1\">Volvo (EU) XC60 Mild Hybrid AWD (183 kW) (2021 und sp\u00e4ter)<\/td><td class=\"column-2\">0W-20<\/td><td class=\"column-3\">Wechsel alle 30000 km<\/td>\n<\/tr>\n<tr class=\"row-46 even\">\n\t<td class=\"column-1\">Volvo (EU) XC60 T4 (140 kW) (2017 und sp\u00e4ter)<\/td><td class=\"column-2\">0W-20<\/td><td class=\"column-3\">Wechsel alle 30000 km<\/td>\n<\/tr>\n<tr class=\"row-47 odd\">\n\t<td class=\"column-1\">Volvo (EU) XC60 T4 (140 kW) (2018 und sp\u00e4ter)<\/td><td class=\"column-2\">0W-20<\/td><td class=\"column-3\">Wechsel alle 30000 km<\/td>\n<\/tr>\n<tr class=\"row-48 even\">\n\t<td class=\"column-1\">Volvo (EU) XC60 T5 (157 kW) AWD (2014-2016)<\/td><td class=\"column-2\">0W-30<\/td><td class=\"column-3\">Wechsel alle 30000 km\/12 Monate<\/td>\n<\/tr>\n<tr class=\"row-49 odd\">\n\t<td class=\"column-1\">Volvo (EU) XC60 T5 (162 kW) (2013-2017)<\/td><td class=\"column-2\">0W-20<\/td><td class=\"column-3\">Wechsel alle 30000 km\/12 Monate<\/td>\n<\/tr>\n<tr class=\"row-50 even\">\n\t<td class=\"column-1\">Volvo (EU) XC60 T5 (177 kW) (2010-2015)<\/td><td class=\"column-2\">5W-30<\/td><td class=\"column-3\">Wechsel alle 30000 km\/12 Monate<\/td>\n<\/tr>\n<tr class=\"row-51 odd\">\n\t<td class=\"column-1\">Volvo (EU) XC60 T5 (180 kW) (2013-2015)<\/td><td class=\"column-2\">0W-20<\/td><td class=\"column-3\">Wechsel alle 30000 km\/12 Monate<\/td>\n<\/tr>\n<tr class=\"row-52 even\">\n\t<td class=\"column-1\">Volvo (EU) XC60 T5 (183 kW) AWD (2014-2016)<\/td><td class=\"column-2\">0W-30<\/td><td class=\"column-3\">Wechsel alle 30000 km\/12 Monate<\/td>\n<\/tr>\n<tr class=\"row-53 odd\">\n\t<td class=\"column-1\">Volvo (EU) XC60 T5 (183 kW) AWD (2017 und sp\u00e4ter)<\/td><td class=\"column-2\">0W-20<\/td><td class=\"column-3\">Wechsel alle 30000 km<\/td>\n<\/tr>\n<tr class=\"row-54 even\">\n\t<td class=\"column-1\">Volvo (EU) XC60 T5 (184 kW) (2017 und sp\u00e4ter)<\/td><td class=\"column-2\">0W-20<\/td><td class=\"column-3\">Wechsel alle 30000 km<\/td>\n<\/tr>\n<tr class=\"row-55 odd\">\n\t<td class=\"column-1\">Volvo (EU) XC60 T5 (184 kW) AWD (2017 und sp\u00e4ter)<\/td><td class=\"column-2\">0W-20<\/td><td class=\"column-3\">Wechsel alle 30000 km<\/td>\n<\/tr>\n<tr class=\"row-56 even\">\n\t<td class=\"column-1\">Volvo (EU) XC60 T5 (187 kW) (2017 und sp\u00e4ter)<\/td><td class=\"column-2\">0W-20<\/td><td class=\"column-3\">Wechsel alle 30000 km<\/td>\n<\/tr>\n<tr class=\"row-57 odd\">\n\t<td class=\"column-1\">Volvo (EU) XC60 T5 (187 kW) AWD (2014-2016)<\/td><td class=\"column-2\">0W-30<\/td><td class=\"column-3\">Wechsel alle 30000 km\/12 Monate<\/td>\n<\/tr>\n<tr class=\"row-58 even\">\n\t<td class=\"column-1\">Volvo (EU) XC60 T5 (187 kW) AWD (2017 und sp\u00e4ter)<\/td><td class=\"column-2\">0W-20<\/td><td class=\"column-3\">Wechsel alle 30000 km<\/td>\n<\/tr>\n<tr class=\"row-59 odd\">\n\t<td class=\"column-1\">Volvo (EU) XC60 T6 (210 kW) AWD (2008-2010)<\/td><td class=\"column-2\">0W-30<\/td><td class=\"column-3\">Wechsel alle 30000 km\/12 Monate<\/td>\n<\/tr>\n<tr class=\"row-60 even\">\n\t<td class=\"column-1\">Volvo (EU) XC60 T6 (224 kW) AWD (2010-2015)<\/td><td class=\"column-2\">0W-30<\/td><td class=\"column-3\">Wechsel alle 30000 km\/12 Monate<\/td>\n<\/tr>\n<tr class=\"row-61 odd\">\n\t<td class=\"column-1\">Volvo (EU) XC60 T6 (225 kW) (2013-2017)<\/td><td class=\"column-2\">0W-20<\/td><td class=\"column-3\">Wechsel alle 30000 km\/12 Monate<\/td>\n<\/tr>\n<tr class=\"row-62 even\">\n\t<td class=\"column-1\">Volvo (EU) XC60 T6 (228 kW) AWD (2017 und sp\u00e4ter)<\/td><td class=\"column-2\">0W-20<\/td><td class=\"column-3\">Wechsel alle 30000 km<\/td>\n<\/tr>\n<tr class=\"row-63 odd\">\n\t<td class=\"column-1\">Volvo (EU) XC60 T6 (235 kW) AWD (2017 und sp\u00e4ter)<\/td><td class=\"column-2\">0W-20<\/td><td class=\"column-3\">Wechsel alle 30000 km<\/td>\n<\/tr>\n<tr class=\"row-64 even\">\n\t<td class=\"column-1\">Volvo (EU) XC60 T6 Recharge Plug-in Hybrid AWD (250 kW) (2020 und sp\u00e4ter)<\/td><td class=\"column-2\">0W-20<\/td><td class=\"column-3\">Wechsel alle 30000 km\/ 24 Monate<\/td>\n<\/tr>\n<tr class=\"row-65 odd\">\n\t<td class=\"column-1\">Volvo (EU) V60 T6 Recharge Plug-in Hybrid AWD (257 kW) (2021 und sp\u00e4ter)<\/td><td class=\"column-2\">0W-20<\/td><td class=\"column-3\">Wechsel alle 30000 km\/ 24 Monate<\/td>\n<\/tr>\n<tr class=\"row-66 even\">\n\t<td class=\"column-1\">Volvo (EU) XC60 T8 Polestar Engineered AWD (335 kW) (2021 und sp\u00e4ter)<\/td><td class=\"column-2\">0W-20<\/td><td class=\"column-3\">Wechsel alle 30000 km<\/td>\n<\/tr>\n<tr class=\"row-67 odd\">\n\t<td class=\"column-1\">Volvo (EU) V60 T8 Recharge Plug-in Hybrid AWD (335 kW) (2021 und sp\u00e4ter)<\/td><td class=\"column-2\">0W-20<\/td><td class=\"column-3\">Wechsel alle 30000 km<\/td>\n<\/tr>\n<tr class=\"row-68 even\">\n\t<td class=\"column-1\">Volvo (EU) XC60 T8 Twin Engine AWD (288 kW) (2018 und sp\u00e4ter)<\/td><td class=\"column-2\">0W-20<\/td><td class=\"column-3\">Wechsel alle 30000 km<\/td>\n<\/tr>\n<tr class=\"row-69 odd\">\n\t<td class=\"column-1\">Volvo (EU) XC60 T8 Twin Engine AWD (298 kW) (2017 und sp\u00e4ter)<\/td><td class=\"column-2\">0W-20<\/td><td class=\"column-3\">Wechsel alle 30000 km<\/td>\n<\/tr>\n<tr class=\"row-70 even\">\n\t<td class=\"column-1\">Volvo (EU) XC60 T8 Twin Engine AWD (300 kW) (2017 und sp\u00e4ter)<\/td><td class=\"column-2\">0W-20<\/td><td class=\"column-3\">Wechsel alle 30000 km<\/td>\n<\/tr>\n<tr class=\"row-71 odd\">\n\t<td class=\"column-1\">Volvo (EU) XC60 T8 Twin Engine Polestar (298 kW) (2019 und sp\u00e4ter)<\/td><td class=\"column-2\">0W-20<\/td><td class=\"column-3\">Wechsel alle 30000 km<\/td>\n<\/tr>\n<tr class=\"row-72 even\">\n\t<td class=\"column-1\">Volvo (EU) XC60 T8 Twin Engine Polestar (310 kW) (2019 und sp\u00e4ter)<\/td><td class=\"column-2\">0W-20<\/td><td class=\"column-3\">Wechsel alle 30000 km<\/td>\n<\/tr>\n<tr class=\"row-73 odd\">\n\t<td class=\"column-1\">Volvo (EU) XC60 T8 Twin Engine Polestar (311 kW) (2019 und sp\u00e4ter)<\/td><td class=\"column-2\">0W-20<\/td><td class=\"column-3\">Wechsel alle 30000 km<\/td>\n<\/tr>\n<\/tbody>\n<\/table>\n<!-- #tablepress-91 from cache -->","protected":false},"excerpt":{"rendered":"<p>Sie suchen nach dem richtigen Motor\u00f6l f\u00fcr Ihren Volvo XC60? Welche Art von Motor\u00f6l f\u00fcr Ihren Volvo XC60 ben\u00f6tigt wird, h\u00e4ngt von dem jeweiligen Modell und Baujahr des Fahrzeugs ab. Es ist wichtig, ein hochwertiges \u00d6l zu verwenden, das den Spezifikationen des Herstellers entspricht, um eine optimale [...]<\/p>","protected":false},"author":1,"featured_media":0,"parent":0,"menu_order":0,"comment_status":"closed","ping_status":"closed","template":"","meta":{"_et_pb_use_builder":"","_et_pb_old_content":"","_et_gb_content_width":"","footnotes":""},"class_list":["post-155994","page","type-page","status-publish","hentry"],"yoast_head":"<!-- This site is optimized with the Yoast SEO plugin v27.5 - https:\/\/yoast.com\/product\/yoast-seo-wordpress\/ -->\n<title>Welke Motorolie Volvo XC60 - Autobaak.nl<\/title>\n<meta name=\"description\" content=\"Motorolie Volvo XC60 overzicht. Wat is de juiste motorolie voor jouw Volvo XC60? Op deze pagina een lijst zodat je niet verder hoeft te zoeken.\" \/>\n<meta name=\"robots\" content=\"index, follow, max-snippet:-1, max-image-preview:large, max-video-preview:-1\" \/>\n<link rel=\"canonical\" href=\"https:\/\/autobaak.nl\/de\/welches-motorol-volvo-xc60\/\" \/>\n<meta property=\"og:locale\" content=\"de_DE\" \/>\n<meta property=\"og:type\" content=\"article\" \/>\n<meta property=\"og:title\" content=\"Welke Motorolie Volvo XC60 - Autobaak.nl\" \/>\n<meta property=\"og:description\" content=\"Motorolie Volvo XC60 overzicht. Wat is de juiste motorolie voor jouw Volvo XC60? Op deze pagina een lijst zodat je niet verder hoeft te zoeken.\" \/>\n<meta property=\"og:url\" content=\"https:\/\/autobaak.nl\/de\/welches-motorol-volvo-xc60\/\" \/>\n<meta property=\"og:site_name\" content=\"Autobaak.nl\" \/>\n<meta name=\"twitter:card\" content=\"summary_large_image\" \/>\n<meta name=\"twitter:label1\" content=\"Gesch\u00e4tzte Lesezeit\" \/>\n\t<meta name=\"twitter:data1\" content=\"1\u00a0Minute\" \/>\n<script type=\"application\/ld+json\" class=\"yoast-schema-graph\">{\"@context\":\"https:\\\/\\\/schema.org\",\"@graph\":[{\"@type\":\"WebPage\",\"@id\":\"https:\\\/\\\/autobaak.nl\\\/welke-motorolie-volvo-xc60\\\/\",\"url\":\"https:\\\/\\\/autobaak.nl\\\/welke-motorolie-volvo-xc60\\\/\",\"name\":\"Welke Motorolie Volvo XC60 - Autobaak.nl\",\"isPartOf\":{\"@id\":\"https:\\\/\\\/autobaak.nl\\\/#website\"},\"datePublished\":\"2023-06-12T09:34:35+00:00\",\"description\":\"Motorolie Volvo XC60 overzicht. Wat is de juiste motorolie voor jouw Volvo XC60? Op deze pagina een lijst zodat je niet verder hoeft te zoeken.\",\"breadcrumb\":{\"@id\":\"https:\\\/\\\/autobaak.nl\\\/welke-motorolie-volvo-xc60\\\/#breadcrumb\"},\"inLanguage\":\"de\",\"potentialAction\":[{\"@type\":\"ReadAction\",\"target\":[\"https:\\\/\\\/autobaak.nl\\\/welke-motorolie-volvo-xc60\\\/\"]}]},{\"@type\":\"BreadcrumbList\",\"@id\":\"https:\\\/\\\/autobaak.nl\\\/welke-motorolie-volvo-xc60\\\/#breadcrumb\",\"itemListElement\":[{\"@type\":\"ListItem\",\"position\":1,\"name\":\"Home\",\"item\":\"https:\\\/\\\/autobaak.nl\\\/\"},{\"@type\":\"ListItem\",\"position\":2,\"name\":\"Welke Motorolie Volvo XC60\"}]},{\"@type\":\"WebSite\",\"@id\":\"https:\\\/\\\/autobaak.nl\\\/#website\",\"url\":\"https:\\\/\\\/autobaak.nl\\\/\",\"name\":\"Autobaak.nl\",\"description\":\"Cars &amp; Racing\",\"potentialAction\":[{\"@type\":\"SearchAction\",\"target\":{\"@type\":\"EntryPoint\",\"urlTemplate\":\"https:\\\/\\\/autobaak.nl\\\/?s={search_term_string}\"},\"query-input\":{\"@type\":\"PropertyValueSpecification\",\"valueRequired\":true,\"valueName\":\"search_term_string\"}}],\"inLanguage\":\"de\"}]}<\/script>\n<!-- \/ Yoast SEO plugin. -->","yoast_head_json":{"title":"Welches Motor\u00f6l Volvo XC60 - Autobaak.de","description":"Motor\u00f6l Volvo C30 \u00dcbersicht. Welches ist das richtige Motor\u00f6l f\u00fcr Ihren Volvo C30? Auf dieser Seite eine Liste, damit Sie nicht weiter suchen m\u00fcssen.","robots":{"index":"index","follow":"follow","max-snippet":"max-snippet:-1","max-image-preview":"max-image-preview:large","max-video-preview":"max-video-preview:-1"},"canonical":"https:\/\/autobaak.nl\/de\/welches-motorol-volvo-xc60\/","og_locale":"de_DE","og_type":"article","og_title":"Welke Motorolie Volvo XC60 - Autobaak.nl","og_description":"Motorolie Volvo XC60 overzicht. Wat is de juiste motorolie voor jouw Volvo XC60? Op deze pagina een lijst zodat je niet verder hoeft te zoeken.","og_url":"https:\/\/autobaak.nl\/de\/welches-motorol-volvo-xc60\/","og_site_name":"Autobaak.nl","twitter_card":"summary_large_image","twitter_misc":{"Gesch\u00e4tzte Lesezeit":"1\u00a0Minute"},"schema":{"@context":"https:\/\/schema.org","@graph":[{"@type":"WebPage","@id":"https:\/\/autobaak.nl\/welke-motorolie-volvo-xc60\/","url":"https:\/\/autobaak.nl\/welke-motorolie-volvo-xc60\/","name":"Welches Motor\u00f6l Volvo XC60 - Autobaak.de","isPartOf":{"@id":"https:\/\/autobaak.nl\/#website"},"datePublished":"2023-06-12T09:34:35+00:00","description":"Motor\u00f6l Volvo C30 \u00dcbersicht. Welches ist das richtige Motor\u00f6l f\u00fcr Ihren Volvo C30? Auf dieser Seite eine Liste, damit Sie nicht weiter suchen m\u00fcssen.","breadcrumb":{"@id":"https:\/\/autobaak.nl\/welke-motorolie-volvo-xc60\/#breadcrumb"},"inLanguage":"de","potentialAction":[{"@type":"ReadAction","target":["https:\/\/autobaak.nl\/welke-motorolie-volvo-xc60\/"]}]},{"@type":"BreadcrumbList","@id":"https:\/\/autobaak.nl\/welke-motorolie-volvo-xc60\/#breadcrumb","itemListElement":[{"@type":"ListItem","position":1,"name":"Home","item":"https:\/\/autobaak.nl\/"},{"@type":"ListItem","position":2,"name":"Welke Motorolie Volvo XC60"}]},{"@type":"WebSite","@id":"https:\/\/autobaak.nl\/#website","url":"https:\/\/autobaak.nl\/","name":"Autobook.de","description":"Autos &amp; Rennsport","potentialAction":[{"@type":"SearchAction","target":{"@type":"EntryPoint","urlTemplate":"https:\/\/autobaak.nl\/?s={search_term_string}"},"query-input":{"@type":"PropertyValueSpecification","valueRequired":true,"valueName":"search_term_string"}}],"inLanguage":"de"}]}},"_links":{"self":[{"href":"https:\/\/autobaak.nl\/de\/wp-json\/wp\/v2\/pages\/155994","targetHints":{"allow":["GET"]}}],"collection":[{"href":"https:\/\/autobaak.nl\/de\/wp-json\/wp\/v2\/pages"}],"about":[{"href":"https:\/\/autobaak.nl\/de\/wp-json\/wp\/v2\/types\/page"}],"author":[{"embeddable":true,"href":"https:\/\/autobaak.nl\/de\/wp-json\/wp\/v2\/users\/1"}],"replies":[{"embeddable":true,"href":"https:\/\/autobaak.nl\/de\/wp-json\/wp\/v2\/comments?post=155994"}],"version-history":[{"count":1,"href":"https:\/\/autobaak.nl\/de\/wp-json\/wp\/v2\/pages\/155994\/revisions"}],"predecessor-version":[{"id":155995,"href":"https:\/\/autobaak.nl\/de\/wp-json\/wp\/v2\/pages\/155994\/revisions\/155995"}],"wp:attachment":[{"href":"https:\/\/autobaak.nl\/de\/wp-json\/wp\/v2\/media?parent=155994"}],"curies":[{"name":"wp","href":"https:\/\/api.w.org\/{rel}","templated":true}]}}