{"id":155998,"date":"2023-06-12T11:36:14","date_gmt":"2023-06-12T09:36:14","guid":{"rendered":"https:\/\/autobaak.nl\/?page_id=155998"},"modified":"2023-06-12T11:36:14","modified_gmt":"2023-06-12T09:36:14","slug":"welches-motorol-volvo-xc70","status":"publish","type":"page","link":"https:\/\/autobaak.nl\/de\/welches-motorol-volvo-xc70\/","title":{"rendered":"Welches Motor\u00f6l Volvo XC70"},"content":{"rendered":"<p>Sie suchen nach dem richtigen Motor\u00f6l f\u00fcr Ihren Volvo XC70? Welche Art von Motor\u00f6l f\u00fcr den Volvo XC70 ben\u00f6tigt wird, h\u00e4ngt vom jeweiligen Modell und Baujahr des Fahrzeugs ab. Es ist wichtig, ein hochwertiges \u00d6l zu verwenden, das den Spezifikationen des Herstellers entspricht, um eine optimale Leistung und eine lange Lebensdauer des Motors zu gew\u00e4hrleisten.<\/p>\n<h2>Motor\u00f6l Volvo XC70<\/h2>\n<p>In der folgenden \u00dcbersicht haben wir das passende Motor\u00f6l f\u00fcr den Volvo C30 sorgf\u00e4ltig aufgelistet. Dennoch empfehlen wir immer, die Betriebsanleitung zu konsultieren oder eine zertifizierte Volvo-Werkstatt zu fragen, um die richtige \u00d6lsorte f\u00fcr Ihr spezifisches Fahrzeug zu pr\u00fcfen.<\/p>\n\n<table id=\"tablepress-93\" class=\"tablepress tablepress-id-93 tablepress-responsive\">\n<thead>\n<tr class=\"row-1 odd\">\n\t<th class=\"column-1\">Modell<\/th><th class=\"column-2\">Welches Motor\u00f6l<\/th><th class=\"column-3\">Wann ist zu ersetzen<\/th>\n<\/tr>\n<\/thead>\n<tbody class=\"row-hover\">\n<tr class=\"row-2 even\">\n\t<td class=\"column-1\">Volvo (EU) XC70 2.4D (2009-2010)<\/td><td class=\"column-2\">0W-30<\/td><td class=\"column-3\">Wechsel alle 30000 km\/12 Monate<\/td>\n<\/tr>\n<tr class=\"row-3 odd\">\n\t<td class=\"column-1\">Volvo (EU) XC70 2.4D AWD (2009-2011)<\/td><td class=\"column-2\">0W-30<\/td><td class=\"column-3\">Wechsel alle 30000 km\/12 Monate<\/td>\n<\/tr>\n<tr class=\"row-4 even\">\n\t<td class=\"column-1\">Volvo (EU) XC70 2.5 T (2002-2004)<\/td><td class=\"column-2\">0W-40<\/td><td class=\"column-3\">Wechsel alle 20000 km\/12 Monate<\/td>\n<\/tr>\n<tr class=\"row-5 odd\">\n\t<td class=\"column-1\">Volvo (EU) XC70 2.5 T (2002-2004)<\/td><td class=\"column-2\">5W-40<\/td><td class=\"column-3\">Wechsel alle 20000 km\/12 Monate<\/td>\n<\/tr>\n<tr class=\"row-6 even\">\n\t<td class=\"column-1\">Volvo (EU) XC70 2.5 T (2002-2004)<\/td><td class=\"column-2\">5W-30<\/td><td class=\"column-3\">Wechsel alle 20000 km\/12 Monate<\/td>\n<\/tr>\n<tr class=\"row-7 odd\">\n\t<td class=\"column-1\">Volvo (EU) XC70 2.5 T (2005-2007)<\/td><td class=\"column-2\">0W-30<\/td><td class=\"column-3\">Wechsel alle 20000 km\/12 Monate<\/td>\n<\/tr>\n<tr class=\"row-8 even\">\n\t<td class=\"column-1\">Volvo (EU) XC70 3.2 (2008-2010)<\/td><td class=\"column-2\">0W-30<\/td><td class=\"column-3\">Wechsel alle 30000 km\/12 Monate<\/td>\n<\/tr>\n<tr class=\"row-9 odd\">\n\t<td class=\"column-1\">Volvo (EU) XC70 3.2 AWD (2007-2008)<\/td><td class=\"column-2\">0W-30<\/td><td class=\"column-3\">Wechsel alle 30000 km\/12 Monate<\/td>\n<\/tr>\n<tr class=\"row-10 even\">\n\t<td class=\"column-1\">Volvo (EU) XC70 3.2 AWD (2008-2010)<\/td><td class=\"column-2\">0W-30<\/td><td class=\"column-3\">Wechsel alle 30000 km\/12 Monate<\/td>\n<\/tr>\n<tr class=\"row-11 odd\">\n\t<td class=\"column-1\">Volvo (EU) XC70 3.2 AWD (2010-2011)<\/td><td class=\"column-2\">0W-30<\/td><td class=\"column-3\">Wechsel alle 30000 km\/12 Monate<\/td>\n<\/tr>\n<tr class=\"row-12 even\">\n\t<td class=\"column-1\">Volvo (EU) XC70 3.2 AWD (2011-2015)<\/td><td class=\"column-2\">0W-30<\/td><td class=\"column-3\">Wechsel alle 30000 km\/12 Monate<\/td>\n<\/tr>\n<tr class=\"row-13 odd\">\n\t<td class=\"column-1\">Volvo (EU) XC70 D3 (2010-2011)<\/td><td class=\"column-2\">0W-30<\/td><td class=\"column-3\">Wechsel alle 30000 km\/12 Monate<\/td>\n<\/tr>\n<tr class=\"row-14 even\">\n\t<td class=\"column-1\">Volvo (EU) XC70 D3 (2011-2012)<\/td><td class=\"column-2\">0W-30<\/td><td class=\"column-3\">Wechsel alle 30000 km\/12 Monate<\/td>\n<\/tr>\n<tr class=\"row-15 odd\">\n\t<td class=\"column-1\">Volvo (EU) XC70 D3 AWD (2011-2012)<\/td><td class=\"column-2\">0W-30<\/td><td class=\"column-3\">Wechsel alle 30000 km\/12 Monate<\/td>\n<\/tr>\n<tr class=\"row-16 even\">\n\t<td class=\"column-1\">Volvo (EU) XC70 D4 (120 kW) (2012-2015)<\/td><td class=\"column-2\">0W-30<\/td><td class=\"column-3\">Wechsel alle 30000 km\/12 Monate<\/td>\n<\/tr>\n<tr class=\"row-17 odd\">\n\t<td class=\"column-1\">Volvo (EU) XC70 D4 (120 kW) AWD (2012-2016)<\/td><td class=\"column-2\">0W-30<\/td><td class=\"column-3\">Wechsel alle 30000 km\/12 Monate<\/td>\n<\/tr>\n<tr class=\"row-18 even\">\n\t<td class=\"column-1\">Volvo (EU) XC70 D4 (133 kW) (2013-2016)<\/td><td class=\"column-2\">0W-20<\/td><td class=\"column-3\">Wechsel alle 30000 km\/12 Monate<\/td>\n<\/tr>\n<tr class=\"row-19 odd\">\n\t<td class=\"column-1\">Volvo (EU) XC70 D4 (133 kW) AWD (2013-2016)<\/td><td class=\"column-2\">0W-30<\/td><td class=\"column-3\">Wechsel alle 30000 km\/12 Monate<\/td>\n<\/tr>\n<tr class=\"row-20 even\">\n\t<td class=\"column-1\">Volvo (EU) XC70 D5 (2002-2005)<\/td><td class=\"column-2\">0W-40<\/td><td class=\"column-3\">Wechsel alle 20000 km\/12 Monate<\/td>\n<\/tr>\n<tr class=\"row-21 odd\">\n\t<td class=\"column-1\">Volvo (EU) XC70 D5 (2002-2005)<\/td><td class=\"column-2\">5W-40<\/td><td class=\"column-3\">Wechsel alle 20000 km\/12 Monate<\/td>\n<\/tr>\n<tr class=\"row-22 even\">\n\t<td class=\"column-1\">Volvo (EU) XC70 D5 (2002-2005)<\/td><td class=\"column-2\">5W-30<\/td><td class=\"column-3\">Wechsel alle 20000 km\/12 Monate<\/td>\n<\/tr>\n<tr class=\"row-23 odd\">\n\t<td class=\"column-1\">Volvo (EU) XC70 D5 (2005-2007)<\/td><td class=\"column-2\">0W-30<\/td><td class=\"column-3\">Wechsel alle 30000 km\/12 Monate<\/td>\n<\/tr>\n<tr class=\"row-24 even\">\n\t<td class=\"column-1\">Volvo (EU) XC70 D5 (162 kW) AWD (2015-2016)<\/td><td class=\"column-2\">0W-30<\/td><td class=\"column-3\">Wechsel alle 30000 km\/12 Monate<\/td>\n<\/tr>\n<tr class=\"row-25 odd\">\n\t<td class=\"column-1\">Volvo (EU) XC70 D5 AWD (2007-2009)<\/td><td class=\"column-2\">0W-30<\/td><td class=\"column-3\">Wechsel alle 30000 km\/12 Monate<\/td>\n<\/tr>\n<tr class=\"row-26 even\">\n\t<td class=\"column-1\">Volvo (EU) XC70 D5 AWD (2009-2011)<\/td><td class=\"column-2\">0W-30<\/td><td class=\"column-3\">Wechsel alle 30000 km\/12 Monate<\/td>\n<\/tr>\n<tr class=\"row-27 odd\">\n\t<td class=\"column-1\">Volvo (EU) XC70 D5 AWD (2011-2015)<\/td><td class=\"column-2\">0W-30<\/td><td class=\"column-3\">Wechsel alle 30000 km\/12 Monate<\/td>\n<\/tr>\n<tr class=\"row-28 even\">\n\t<td class=\"column-1\">Volvo (EU) XC70 DRIVe (2011-2012)<\/td><td class=\"column-2\">0W-30<\/td><td class=\"column-3\">Wechsel alle 30000 km\/12 Monate<\/td>\n<\/tr>\n<tr class=\"row-29 odd\">\n\t<td class=\"column-1\">Volvo (EU) XC70 T5 (2013-2016)<\/td><td class=\"column-2\">0W-20<\/td><td class=\"column-3\">Wechsel alle 30000 km\/12 Monate<\/td>\n<\/tr>\n<tr class=\"row-30 even\">\n\t<td class=\"column-1\">Volvo (EU) XC70 T5 (183 kW) AWD (2015-2016)<\/td><td class=\"column-2\">0W-30<\/td><td class=\"column-3\">Wechsel alle 30000 km\/12 Monate<\/td>\n<\/tr>\n<tr class=\"row-31 odd\">\n\t<td class=\"column-1\">Volvo (EU) XC70 T5 (187 kW) AWD (2015-2016)<\/td><td class=\"column-2\">0W-30<\/td><td class=\"column-3\">Wechsel alle 30000 km\/12 Monate<\/td>\n<\/tr>\n<tr class=\"row-32 even\">\n\t<td class=\"column-1\">Volvo (EU) XC70 T6 AWD (2008-2010)<\/td><td class=\"column-2\">0W-30<\/td><td class=\"column-3\">Wechsel alle 30000 km\/12 Monate<\/td>\n<\/tr>\n<tr class=\"row-33 odd\">\n\t<td class=\"column-1\">Volvo (EU) XC70 T6 AWD (2010-2011)<\/td><td class=\"column-2\">0W-30<\/td><td class=\"column-3\">Wechsel alle 30000 km\/12 Monate<\/td>\n<\/tr>\n<tr class=\"row-34 even\">\n\t<td class=\"column-1\">Volvo (EU) XC70 T6 AWD (2011-2015)<\/td><td class=\"column-2\">0W-30<\/td><td class=\"column-3\">Wechsel alle 30000 km\/12 Monate<\/td>\n<\/tr>\n<\/tbody>\n<\/table>\n<!-- #tablepress-93 from cache -->","protected":false},"excerpt":{"rendered":"<p>Sie suchen nach dem richtigen Motor\u00f6l f\u00fcr Ihren Volvo XC70? Welche Art von Motor\u00f6l f\u00fcr Ihren Volvo XC70 ben\u00f6tigt wird, h\u00e4ngt von dem jeweiligen Modell und Baujahr des Fahrzeugs ab. Es ist wichtig, ein hochwertiges \u00d6l zu verwenden, das den Spezifikationen des Herstellers entspricht, um eine optimale [...]<\/p>","protected":false},"author":1,"featured_media":0,"parent":0,"menu_order":0,"comment_status":"closed","ping_status":"closed","template":"","meta":{"_et_pb_use_builder":"","_et_pb_old_content":"","_et_gb_content_width":"","footnotes":""},"class_list":["post-155998","page","type-page","status-publish","hentry"],"yoast_head":"<!-- This site is optimized with the Yoast SEO plugin v27.4 - https:\/\/yoast.com\/product\/yoast-seo-wordpress\/ -->\n<title>Welke Motorolie Volvo XC70 - Autobaak.nl<\/title>\n<meta name=\"description\" content=\"Motorolie Volvo xc70 overzicht. Wat is de juiste motorolie voor jouw Volvo xc70? Op deze pagina een lijst zodat je niet verder hoeft te zoeken.\" \/>\n<meta name=\"robots\" content=\"index, follow, max-snippet:-1, max-image-preview:large, max-video-preview:-1\" \/>\n<link rel=\"canonical\" href=\"https:\/\/autobaak.nl\/de\/welches-motorol-volvo-xc70\/\" \/>\n<meta property=\"og:locale\" content=\"de_DE\" \/>\n<meta property=\"og:type\" content=\"article\" \/>\n<meta property=\"og:title\" content=\"Welke Motorolie Volvo XC70 - Autobaak.nl\" \/>\n<meta property=\"og:description\" content=\"Motorolie Volvo xc70 overzicht. Wat is de juiste motorolie voor jouw Volvo xc70? Op deze pagina een lijst zodat je niet verder hoeft te zoeken.\" \/>\n<meta property=\"og:url\" content=\"https:\/\/autobaak.nl\/de\/welches-motorol-volvo-xc70\/\" \/>\n<meta property=\"og:site_name\" content=\"Autobaak.nl\" \/>\n<meta name=\"twitter:card\" content=\"summary_large_image\" \/>\n<meta name=\"twitter:label1\" content=\"Gesch\u00e4tzte Lesezeit\" \/>\n\t<meta name=\"twitter:data1\" content=\"1\u00a0Minute\" \/>\n<script type=\"application\/ld+json\" class=\"yoast-schema-graph\">{\"@context\":\"https:\\\/\\\/schema.org\",\"@graph\":[{\"@type\":\"WebPage\",\"@id\":\"https:\\\/\\\/autobaak.nl\\\/welke-motorolie-volvo-xc70\\\/\",\"url\":\"https:\\\/\\\/autobaak.nl\\\/welke-motorolie-volvo-xc70\\\/\",\"name\":\"Welke Motorolie Volvo XC70 - Autobaak.nl\",\"isPartOf\":{\"@id\":\"https:\\\/\\\/autobaak.nl\\\/#website\"},\"datePublished\":\"2023-06-12T09:36:14+00:00\",\"description\":\"Motorolie Volvo xc70 overzicht. Wat is de juiste motorolie voor jouw Volvo xc70? Op deze pagina een lijst zodat je niet verder hoeft te zoeken.\",\"breadcrumb\":{\"@id\":\"https:\\\/\\\/autobaak.nl\\\/welke-motorolie-volvo-xc70\\\/#breadcrumb\"},\"inLanguage\":\"de\",\"potentialAction\":[{\"@type\":\"ReadAction\",\"target\":[\"https:\\\/\\\/autobaak.nl\\\/welke-motorolie-volvo-xc70\\\/\"]}]},{\"@type\":\"BreadcrumbList\",\"@id\":\"https:\\\/\\\/autobaak.nl\\\/welke-motorolie-volvo-xc70\\\/#breadcrumb\",\"itemListElement\":[{\"@type\":\"ListItem\",\"position\":1,\"name\":\"Home\",\"item\":\"https:\\\/\\\/autobaak.nl\\\/\"},{\"@type\":\"ListItem\",\"position\":2,\"name\":\"Welke Motorolie Volvo XC70\"}]},{\"@type\":\"WebSite\",\"@id\":\"https:\\\/\\\/autobaak.nl\\\/#website\",\"url\":\"https:\\\/\\\/autobaak.nl\\\/\",\"name\":\"Autobaak.nl\",\"description\":\"Cars &amp; Racing\",\"potentialAction\":[{\"@type\":\"SearchAction\",\"target\":{\"@type\":\"EntryPoint\",\"urlTemplate\":\"https:\\\/\\\/autobaak.nl\\\/?s={search_term_string}\"},\"query-input\":{\"@type\":\"PropertyValueSpecification\",\"valueRequired\":true,\"valueName\":\"search_term_string\"}}],\"inLanguage\":\"de\"}]}<\/script>\n<!-- \/ Yoast SEO plugin. -->","yoast_head_json":{"title":"Welches Motor\u00f6l Volvo XC70 - Autobaak.de","description":"Motor\u00f6l Volvo xc70 \u00dcbersicht. Welches ist das richtige Motor\u00f6l f\u00fcr Ihren Volvo xc70? Auf dieser Seite eine Liste, damit Sie nicht weiter suchen m\u00fcssen.","robots":{"index":"index","follow":"follow","max-snippet":"max-snippet:-1","max-image-preview":"max-image-preview:large","max-video-preview":"max-video-preview:-1"},"canonical":"https:\/\/autobaak.nl\/de\/welches-motorol-volvo-xc70\/","og_locale":"de_DE","og_type":"article","og_title":"Welke Motorolie Volvo XC70 - Autobaak.nl","og_description":"Motorolie Volvo xc70 overzicht. Wat is de juiste motorolie voor jouw Volvo xc70? Op deze pagina een lijst zodat je niet verder hoeft te zoeken.","og_url":"https:\/\/autobaak.nl\/de\/welches-motorol-volvo-xc70\/","og_site_name":"Autobaak.nl","twitter_card":"summary_large_image","twitter_misc":{"Gesch\u00e4tzte Lesezeit":"1\u00a0Minute"},"schema":{"@context":"https:\/\/schema.org","@graph":[{"@type":"WebPage","@id":"https:\/\/autobaak.nl\/welke-motorolie-volvo-xc70\/","url":"https:\/\/autobaak.nl\/welke-motorolie-volvo-xc70\/","name":"Welches Motor\u00f6l Volvo XC70 - Autobaak.de","isPartOf":{"@id":"https:\/\/autobaak.nl\/#website"},"datePublished":"2023-06-12T09:36:14+00:00","description":"Motor\u00f6l Volvo xc70 \u00dcbersicht. Welches ist das richtige Motor\u00f6l f\u00fcr Ihren Volvo xc70? Auf dieser Seite eine Liste, damit Sie nicht weiter suchen m\u00fcssen.","breadcrumb":{"@id":"https:\/\/autobaak.nl\/welke-motorolie-volvo-xc70\/#breadcrumb"},"inLanguage":"de","potentialAction":[{"@type":"ReadAction","target":["https:\/\/autobaak.nl\/welke-motorolie-volvo-xc70\/"]}]},{"@type":"BreadcrumbList","@id":"https:\/\/autobaak.nl\/welke-motorolie-volvo-xc70\/#breadcrumb","itemListElement":[{"@type":"ListItem","position":1,"name":"Home","item":"https:\/\/autobaak.nl\/"},{"@type":"ListItem","position":2,"name":"Welke Motorolie Volvo XC70"}]},{"@type":"WebSite","@id":"https:\/\/autobaak.nl\/#website","url":"https:\/\/autobaak.nl\/","name":"Autobook.de","description":"Autos &amp; Rennsport","potentialAction":[{"@type":"SearchAction","target":{"@type":"EntryPoint","urlTemplate":"https:\/\/autobaak.nl\/?s={search_term_string}"},"query-input":{"@type":"PropertyValueSpecification","valueRequired":true,"valueName":"search_term_string"}}],"inLanguage":"de"}]}},"_links":{"self":[{"href":"https:\/\/autobaak.nl\/de\/wp-json\/wp\/v2\/pages\/155998","targetHints":{"allow":["GET"]}}],"collection":[{"href":"https:\/\/autobaak.nl\/de\/wp-json\/wp\/v2\/pages"}],"about":[{"href":"https:\/\/autobaak.nl\/de\/wp-json\/wp\/v2\/types\/page"}],"author":[{"embeddable":true,"href":"https:\/\/autobaak.nl\/de\/wp-json\/wp\/v2\/users\/1"}],"replies":[{"embeddable":true,"href":"https:\/\/autobaak.nl\/de\/wp-json\/wp\/v2\/comments?post=155998"}],"version-history":[{"count":1,"href":"https:\/\/autobaak.nl\/de\/wp-json\/wp\/v2\/pages\/155998\/revisions"}],"predecessor-version":[{"id":155999,"href":"https:\/\/autobaak.nl\/de\/wp-json\/wp\/v2\/pages\/155998\/revisions\/155999"}],"wp:attachment":[{"href":"https:\/\/autobaak.nl\/de\/wp-json\/wp\/v2\/media?parent=155998"}],"curies":[{"name":"wp","href":"https:\/\/api.w.org\/{rel}","templated":true}]}}