{"id":156006,"date":"2023-06-12T11:40:04","date_gmt":"2023-06-12T09:40:04","guid":{"rendered":"https:\/\/autobaak.nl\/?page_id=156006"},"modified":"2023-06-12T11:40:04","modified_gmt":"2023-06-12T09:40:04","slug":"welches-motorol-volvo-v40","status":"publish","type":"page","link":"https:\/\/autobaak.nl\/de\/welches-motorol-volvo-v40\/","title":{"rendered":"Welches Motor\u00f6l Volvo V40"},"content":{"rendered":"<p>Sie suchen das richtige Motor\u00f6l f\u00fcr Ihren Volvo V40? Welche Art von Motor\u00f6l f\u00fcr Ihren Volvo V40 ben\u00f6tigt wird, h\u00e4ngt von dem jeweiligen Modell und Baujahr des Fahrzeugs ab. Es ist wichtig, ein hochwertiges \u00d6l zu verwenden, das den Spezifikationen des Herstellers entspricht, um eine optimale Leistung und eine lange Lebensdauer des Motors zu gew\u00e4hrleisten.<\/p>\n<h2>Motor\u00f6l Volvo V40<\/h2>\n<p>In der folgenden \u00dcbersicht haben wir das passende Motor\u00f6l f\u00fcr den Volvo C30 sorgf\u00e4ltig aufgelistet. Dennoch empfehlen wir immer, die Betriebsanleitung zu konsultieren oder eine zertifizierte Volvo-Werkstatt zu fragen, um die richtige \u00d6lsorte f\u00fcr Ihr spezifisches Fahrzeug zu pr\u00fcfen.<\/p>\n\n<table id=\"tablepress-86\" class=\"tablepress tablepress-id-86 tablepress-responsive\">\n<thead>\n<tr class=\"row-1 odd\">\n\t<th class=\"column-1\">Modell<\/th><th class=\"column-2\">Welches Motor\u00f6l<\/th><th class=\"column-3\">Wann ist zu ersetzen<\/th>\n<\/tr>\n<\/thead>\n<tbody class=\"row-hover\">\n<tr class=\"row-2 even\">\n\t<td class=\"column-1\">Volvo (EU) V40 1.6 (1997-1999)<\/td><td class=\"column-2\">5W-40<\/td><td class=\"column-3\">Wechsel alle 15000 km\/12 Monate<\/td>\n<\/tr>\n<tr class=\"row-3 odd\">\n\t<td class=\"column-1\">Volvo (EU) V40 1.6 (1997-1999)<\/td><td class=\"column-2\">5W-30<\/td><td class=\"column-3\">Wechsel alle 15000 km\/12 Monate<\/td>\n<\/tr>\n<tr class=\"row-4 even\">\n\t<td class=\"column-1\">Volvo (EU) V40 1.6 (1997-1999)<\/td><td class=\"column-2\">10W-40<\/td><td class=\"column-3\">Wechsel alle 15000 km\/12 Monate<\/td>\n<\/tr>\n<tr class=\"row-5 odd\">\n\t<td class=\"column-1\">Volvo (EU) V40 1.6 (2000-2004)<\/td><td class=\"column-2\">5W-30<\/td><td class=\"column-3\">Wechsel alle 20000 km\/12 Monate<\/td>\n<\/tr>\n<tr class=\"row-6 even\">\n\t<td class=\"column-1\">Volvo (EU) V40 1.6 (2000-2004)<\/td><td class=\"column-2\">0W-40<\/td><td class=\"column-3\">Wechsel alle 20000 km\/12 Monate<\/td>\n<\/tr>\n<tr class=\"row-7 odd\">\n\t<td class=\"column-1\">Volvo (EU) V40 1.6 (2000-2004)<\/td><td class=\"column-2\">5W-40<\/td><td class=\"column-3\">Wechsel alle 20000 km\/12 Monate<\/td>\n<\/tr>\n<tr class=\"row-8 even\">\n\t<td class=\"column-1\">Volvo (EU) V40 1.8 (1995-1997)<\/td><td class=\"column-2\">5W-40<\/td><td class=\"column-3\">Wechsel alle 15000 km\/12 Monate<\/td>\n<\/tr>\n<tr class=\"row-9 odd\">\n\t<td class=\"column-1\">Volvo (EU) V40 1.8 (1995-1997)<\/td><td class=\"column-2\">5W-30<\/td><td class=\"column-3\">Wechsel alle 15000 km\/12 Monate<\/td>\n<\/tr>\n<tr class=\"row-10 even\">\n\t<td class=\"column-1\">Volvo (EU) V40 1.8 (1995-1997)<\/td><td class=\"column-2\">10W-40<\/td><td class=\"column-3\">Wechsel alle 15000 km\/12 Monate<\/td>\n<\/tr>\n<tr class=\"row-11 odd\">\n\t<td class=\"column-1\">Volvo (EU) V40 1.8 (1998-1999)<\/td><td class=\"column-2\">5W-40<\/td><td class=\"column-3\">Wechsel alle 15000 km\/12 Monate<\/td>\n<\/tr>\n<tr class=\"row-12 even\">\n\t<td class=\"column-1\">Volvo (EU) V40 1.8 (1998-1999)<\/td><td class=\"column-2\">5W-30<\/td><td class=\"column-3\">Wechsel alle 15000 km\/12 Monate<\/td>\n<\/tr>\n<tr class=\"row-13 odd\">\n\t<td class=\"column-1\">Volvo (EU) V40 1.8 (1998-1999)<\/td><td class=\"column-2\">10W-40<\/td><td class=\"column-3\">Wechsel alle 15000 km\/12 Monate<\/td>\n<\/tr>\n<tr class=\"row-14 even\">\n\t<td class=\"column-1\">Volvo (EU) V40 1.8 (2000-2004)<\/td><td class=\"column-2\">5W-30<\/td><td class=\"column-3\">Wechsel alle 20000 km\/12 Monate<\/td>\n<\/tr>\n<tr class=\"row-15 odd\">\n\t<td class=\"column-1\">Volvo (EU) V40 1.8 (2000-2004)<\/td><td class=\"column-2\">0W-40<\/td><td class=\"column-3\">Wechsel alle 20000 km\/12 Monate<\/td>\n<\/tr>\n<tr class=\"row-16 even\">\n\t<td class=\"column-1\">Volvo (EU) V40 1.8 (2000-2004)<\/td><td class=\"column-2\">5W-40<\/td><td class=\"column-3\">Wechsel alle 20000 km\/12 Monate<\/td>\n<\/tr>\n<tr class=\"row-17 odd\">\n\t<td class=\"column-1\">Volvo (EU) V40 1.8 Bi-Fuel LPG (2001-2004)<\/td><td class=\"column-2\">5W-40<\/td><td class=\"column-3\">Wechsel alle 20000 km\/12 Monate<\/td>\n<\/tr>\n<tr class=\"row-18 even\">\n\t<td class=\"column-1\">Volvo (EU) V40 1.8i (Direkteinspritzung) (1998-2000)<\/td><td class=\"column-2\">5W-40<\/td><td class=\"column-3\">Wechsel alle 15000 km\/12 Monate<\/td>\n<\/tr>\n<tr class=\"row-19 odd\">\n\t<td class=\"column-1\">Volvo (EU) V40 1.8i (Direkteinspritzung) (1998-2000)<\/td><td class=\"column-2\">5W-30<\/td><td class=\"column-3\">Wechsel alle 15000 km\/12 Monate<\/td>\n<\/tr>\n<tr class=\"row-20 even\">\n\t<td class=\"column-1\">Volvo (EU) V40 1.8i (Direkteinspritzung) (1998-2000)<\/td><td class=\"column-2\">10W-40<\/td><td class=\"column-3\">Wechsel alle 15000 km\/12 Monate<\/td>\n<\/tr>\n<tr class=\"row-21 odd\">\n\t<td class=\"column-1\">Volvo (EU) V40 1.8i (Direkteinspritzung) (2001-2004)<\/td><td class=\"column-2\">5W-30<\/td><td class=\"column-3\">Wechsel alle 15000 km\/12 Monate<\/td>\n<\/tr>\n<tr class=\"row-22 even\">\n\t<td class=\"column-1\">Volvo (EU) V40 1.8i (Direkteinspritzung) (2001-2004)<\/td><td class=\"column-2\">0W-40<\/td><td class=\"column-3\">Wechsel alle 15000 km\/12 Monate<\/td>\n<\/tr>\n<tr class=\"row-23 odd\">\n\t<td class=\"column-1\">Volvo (EU) V40 1.8i (Direkteinspritzung) (2001-2004)<\/td><td class=\"column-2\">5W-40<\/td><td class=\"column-3\">Wechsel alle 15000 km\/12 Monate<\/td>\n<\/tr>\n<tr class=\"row-24 even\">\n\t<td class=\"column-1\">Volvo (EU) V40 1.9 D (70 kW) (1999-2000)<\/td><td class=\"column-2\">10W-40<\/td><td class=\"column-3\">Wechsel alle 15000 km\/12 Monate<\/td>\n<\/tr>\n<tr class=\"row-25 odd\">\n\t<td class=\"column-1\">Volvo (EU) V40 1.9 D (70 kW) (1999-2000)<\/td><td class=\"column-2\">15W-40<\/td><td class=\"column-3\">Wechsel alle 15000 km\/12 Monate<\/td>\n<\/tr>\n<tr class=\"row-26 even\">\n\t<td class=\"column-1\">Volvo (EU) V40 1.9 D (75 kW) (2001-2002)<\/td><td class=\"column-2\">10W-40<\/td><td class=\"column-3\">Wechsel alle 15000 km\/12 Monate<\/td>\n<\/tr>\n<tr class=\"row-27 odd\">\n\t<td class=\"column-1\">Volvo (EU) V40 1.9 D (75 kW) (2001-2002)<\/td><td class=\"column-2\">15W-40<\/td><td class=\"column-3\">Wechsel alle 15000 km\/12 Monate<\/td>\n<\/tr>\n<tr class=\"row-28 even\">\n\t<td class=\"column-1\">Volvo (EU) V40 1.9 D (75 kW) (2002-2004)<\/td><td class=\"column-2\">0W-40<\/td><td class=\"column-3\">Wechsel alle 15000 km\/12 Monate<\/td>\n<\/tr>\n<tr class=\"row-29 odd\">\n\t<td class=\"column-1\">Volvo (EU) V40 1.9 D (75 kW) (2002-2004)<\/td><td class=\"column-2\">5W-40<\/td><td class=\"column-3\">Wechsel alle 15000 km\/12 Monate<\/td>\n<\/tr>\n<tr class=\"row-30 even\">\n\t<td class=\"column-1\">Volvo (EU) V40 1.9 D (75 kW) (2002-2004)<\/td><td class=\"column-2\">5W-30<\/td><td class=\"column-3\">Wechsel alle 15000 km\/12 Monate<\/td>\n<\/tr>\n<tr class=\"row-31 odd\">\n\t<td class=\"column-1\">Volvo (EU) V40 1.9 D (85 kW) (2001-2002)<\/td><td class=\"column-2\">10W-40<\/td><td class=\"column-3\">Wechsel alle 15000 km\/12 Monate<\/td>\n<\/tr>\n<tr class=\"row-32 even\">\n\t<td class=\"column-1\">Volvo (EU) V40 1.9 D (85 kW) (2001-2002)<\/td><td class=\"column-2\">15W-40<\/td><td class=\"column-3\">Wechsel alle 15000 km\/12 Monate<\/td>\n<\/tr>\n<tr class=\"row-33 odd\">\n\t<td class=\"column-1\">Volvo (EU) V40 1.9 D (85 kW) (2002-2004)<\/td><td class=\"column-2\">0W-40<\/td><td class=\"column-3\">Wechsel alle 15000 km\/12 Monate<\/td>\n<\/tr>\n<tr class=\"row-34 even\">\n\t<td class=\"column-1\">Volvo (EU) V40 1.9 D (85 kW) (2002-2004)<\/td><td class=\"column-2\">5W-40<\/td><td class=\"column-3\">Wechsel alle 15000 km\/12 Monate<\/td>\n<\/tr>\n<tr class=\"row-35 odd\">\n\t<td class=\"column-1\">Volvo (EU) V40 1.9 D (85 kW) (2002-2004)<\/td><td class=\"column-2\">5W-30<\/td><td class=\"column-3\">Wechsel alle 15000 km\/12 Monate<\/td>\n<\/tr>\n<tr class=\"row-36 even\">\n\t<td class=\"column-1\">Volvo (EU) V40 1.9 TD (1995-1999)<\/td><td class=\"column-2\">10W-40<\/td><td class=\"column-3\">Wechsel alle 15000 km\/12 Monate<\/td>\n<\/tr>\n<tr class=\"row-37 odd\">\n\t<td class=\"column-1\">Volvo (EU) V40 1.9 TD (1995-1999)<\/td><td class=\"column-2\">15W-40<\/td><td class=\"column-3\">Wechsel alle 15000 km\/12 Monate<\/td>\n<\/tr>\n<tr class=\"row-38 even\">\n\t<td class=\"column-1\">Volvo (EU) V40 2.0 (1995-1999)<\/td><td class=\"column-2\">5W-40<\/td><td class=\"column-3\">Wechsel alle 15000 km\/12 Monate<\/td>\n<\/tr>\n<tr class=\"row-39 odd\">\n\t<td class=\"column-1\">Volvo (EU) V40 2.0 (1995-1999)<\/td><td class=\"column-2\">5W-30<\/td><td class=\"column-3\">Wechsel alle 15000 km\/12 Monate<\/td>\n<\/tr>\n<tr class=\"row-40 even\">\n\t<td class=\"column-1\">Volvo (EU) V40 2.0 (1995-1999)<\/td><td class=\"column-2\">10W-40<\/td><td class=\"column-3\">Wechsel alle 15000 km\/12 Monate<\/td>\n<\/tr>\n<tr class=\"row-41 odd\">\n\t<td class=\"column-1\">Volvo (EU) V40 2.0 (2000-2004)<\/td><td class=\"column-2\">5W-30<\/td><td class=\"column-3\">Wechsel alle 20000 km\/12 Monate<\/td>\n<\/tr>\n<tr class=\"row-42 even\">\n\t<td class=\"column-1\">Volvo (EU) V40 2.0 (2000-2004)<\/td><td class=\"column-2\">0W-40<\/td><td class=\"column-3\">Wechsel alle 20000 km\/12 Monate<\/td>\n<\/tr>\n<tr class=\"row-43 odd\">\n\t<td class=\"column-1\">Volvo (EU) V40 2.0 (2000-2004)<\/td><td class=\"column-2\">5W-40<\/td><td class=\"column-3\">Wechsel alle 20000 km\/12 Monate<\/td>\n<\/tr>\n<tr class=\"row-44 even\">\n\t<td class=\"column-1\">Volvo (EU) V40 2.0 T (1998-2000)<\/td><td class=\"column-2\">5W-40<\/td><td class=\"column-3\">Wechsel alle 15000 km\/12 Monate<\/td>\n<\/tr>\n<tr class=\"row-45 odd\">\n\t<td class=\"column-1\">Volvo (EU) V40 2.0 T (1998-2000)<\/td><td class=\"column-2\">5W-30<\/td><td class=\"column-3\">Wechsel alle 15000 km\/12 Monate<\/td>\n<\/tr>\n<tr class=\"row-46 even\">\n\t<td class=\"column-1\">Volvo (EU) V40 2.0 T (1998-2000)<\/td><td class=\"column-2\">10W-40<\/td><td class=\"column-3\">Wechsel alle 15000 km\/12 Monate<\/td>\n<\/tr>\n<tr class=\"row-47 odd\">\n\t<td class=\"column-1\">Volvo (EU) V40 2.0 T (2000-2001)<\/td><td class=\"column-2\">0W-40<\/td><td class=\"column-3\">Wechsel alle 15000 km\/12 Monate<\/td>\n<\/tr>\n<tr class=\"row-48 even\">\n\t<td class=\"column-1\">Volvo (EU) V40 2.0 T (2000-2001)<\/td><td class=\"column-2\">5W-40<\/td><td class=\"column-3\">Wechsel alle 15000 km\/12 Monate<\/td>\n<\/tr>\n<tr class=\"row-49 odd\">\n\t<td class=\"column-1\">Volvo (EU) V40 2.0 T (2000-2001)<\/td><td class=\"column-2\">5W-30<\/td><td class=\"column-3\">Wechsel alle 15000 km\/12 Monate<\/td>\n<\/tr>\n<tr class=\"row-50 even\">\n\t<td class=\"column-1\">Volvo (EU) V40 2.0 T (2001-2004)<\/td><td class=\"column-2\">0W-40<\/td><td class=\"column-3\">Wechsel alle 20000 km\/12 Monate<\/td>\n<\/tr>\n<tr class=\"row-51 odd\">\n\t<td class=\"column-1\">Volvo (EU) V40 2.0 T (2001-2004)<\/td><td class=\"column-2\">5W-40<\/td><td class=\"column-3\">Wechsel alle 20000 km\/12 Monate<\/td>\n<\/tr>\n<tr class=\"row-52 even\">\n\t<td class=\"column-1\">Volvo (EU) V40 2.0 T (2001-2004)<\/td><td class=\"column-2\">5W-30<\/td><td class=\"column-3\">Wechsel alle 20000 km\/12 Monate<\/td>\n<\/tr>\n<tr class=\"row-53 odd\">\n\t<td class=\"column-1\">Volvo (EU) V40 D2 (2012-2015)<\/td><td class=\"column-2\">5W-30<\/td><td class=\"column-3\">Wechsel alle 20000 km\/12 Monate<\/td>\n<\/tr>\n<tr class=\"row-54 even\">\n\t<td class=\"column-1\">Volvo (EU) V40 D2 (2015-2019)<\/td><td class=\"column-2\">0W-20<\/td><td class=\"column-3\">Wechsel alle 20000 km\/12 Monate<\/td>\n<\/tr>\n<tr class=\"row-55 odd\">\n\t<td class=\"column-1\">Volvo (EU) V40 D3 (2012-2015)<\/td><td class=\"column-2\">0W-30<\/td><td class=\"column-3\">Wechsel alle 30000 km\/12 Monate<\/td>\n<\/tr>\n<tr class=\"row-56 even\">\n\t<td class=\"column-1\">Volvo (EU) V40 D3 (2015-2019)<\/td><td class=\"column-2\">0W-20<\/td><td class=\"column-3\">Wechsel alle 30000 km\/12 Monate<\/td>\n<\/tr>\n<tr class=\"row-57 odd\">\n\t<td class=\"column-1\">Volvo (EU) V40 D4 (2012-2014)<\/td><td class=\"column-2\">0W-30<\/td><td class=\"column-3\">Wechsel alle 30000 km\/12 Monate<\/td>\n<\/tr>\n<tr class=\"row-58 even\">\n\t<td class=\"column-1\">Volvo (EU) V40 D4 (2014-2019)<\/td><td class=\"column-2\">0W-20<\/td><td class=\"column-3\">Wechsel alle 30000 km\/12 Monate<\/td>\n<\/tr>\n<tr class=\"row-59 odd\">\n\t<td class=\"column-1\">Volvo (EU) V40 T2 (88 kW) (2013-2015)<\/td><td class=\"column-2\">5W-30<\/td><td class=\"column-3\">Wechsel alle 30000 km\/12 Monate<\/td>\n<\/tr>\n<tr class=\"row-60 even\">\n\t<td class=\"column-1\">Volvo (EU) V40 T2 1.5 (90 kW) (2015-2019)<\/td><td class=\"column-2\">0W-20<\/td><td class=\"column-3\">Wechsel alle 30000 km\/12 Monate<\/td>\n<\/tr>\n<tr class=\"row-61 odd\">\n\t<td class=\"column-1\">Volvo (EU) V40 T2 2.0 (90 kW) (2015-2019)<\/td><td class=\"column-2\">0W-20<\/td><td class=\"column-3\">Wechsel alle 30000 km\/12 Monate<\/td>\n<\/tr>\n<tr class=\"row-62 even\">\n\t<td class=\"column-1\">Volvo (EU) V40 T3 1.5 (112 kW) (2015-2019)<\/td><td class=\"column-2\">0W-20<\/td><td class=\"column-3\">Wechsel alle 30000 km\/12 Monate<\/td>\n<\/tr>\n<tr class=\"row-63 odd\">\n\t<td class=\"column-1\">Volvo (EU) V40 T3 1.6 (110 kW) (2012-2015)<\/td><td class=\"column-2\">5W-30<\/td><td class=\"column-3\">Wechsel alle 30000 km\/12 Monate<\/td>\n<\/tr>\n<tr class=\"row-64 even\">\n\t<td class=\"column-1\">Volvo (EU) V40 T3 2.0 (112 kW) (2015-2019)<\/td><td class=\"column-2\">0W-20<\/td><td class=\"column-3\">Wechsel alle 30000 km\/12 Monate<\/td>\n<\/tr>\n<tr class=\"row-65 odd\">\n\t<td class=\"column-1\">Volvo (EU) V40 T4 (1997-1999)<\/td><td class=\"column-2\">5W-40<\/td><td class=\"column-3\">Wechsel alle 15000 km\/12 Monate<\/td>\n<\/tr>\n<tr class=\"row-66 even\">\n\t<td class=\"column-1\">Volvo (EU) V40 T4 (1997-1999)<\/td><td class=\"column-2\">5W-30<\/td><td class=\"column-3\">Wechsel alle 15000 km\/12 Monate<\/td>\n<\/tr>\n<tr class=\"row-67 odd\">\n\t<td class=\"column-1\">Volvo (EU) V40 T4 (1997-1999)<\/td><td class=\"column-2\">10W-40<\/td><td class=\"column-3\">Wechsel alle 15000 km\/12 Monate<\/td>\n<\/tr>\n<tr class=\"row-68 even\">\n\t<td class=\"column-1\">Volvo (EU) V40 T4 (2000-2001)<\/td><td class=\"column-2\">0W-40<\/td><td class=\"column-3\">Wechsel alle 20000 km\/12 Monate<\/td>\n<\/tr>\n<tr class=\"row-69 odd\">\n\t<td class=\"column-1\">Volvo (EU) V40 T4 (2000-2001)<\/td><td class=\"column-2\">5W-40<\/td><td class=\"column-3\">Wechsel alle 20000 km\/12 Monate<\/td>\n<\/tr>\n<tr class=\"row-70 even\">\n\t<td class=\"column-1\">Volvo (EU) V40 T4 (2000-2001)<\/td><td class=\"column-2\">5W-30<\/td><td class=\"column-3\">Wechsel alle 20000 km\/12 Monate<\/td>\n<\/tr>\n<tr class=\"row-71 odd\">\n\t<td class=\"column-1\">Volvo (EU) V40 T4 (2001-2004)<\/td><td class=\"column-2\">0W-40<\/td><td class=\"column-3\">Wechsel alle 20000 km\/12 Monate<\/td>\n<\/tr>\n<tr class=\"row-72 even\">\n\t<td class=\"column-1\">Volvo (EU) V40 T4 (2001-2004)<\/td><td class=\"column-2\">5W-40<\/td><td class=\"column-3\">Wechsel alle 20000 km\/12 Monate<\/td>\n<\/tr>\n<tr class=\"row-73 odd\">\n\t<td class=\"column-1\">Volvo (EU) V40 T4 (2001-2004)<\/td><td class=\"column-2\">5W-30<\/td><td class=\"column-3\">Wechsel alle 20000 km\/12 Monate<\/td>\n<\/tr>\n<tr class=\"row-74 even\">\n\t<td class=\"column-1\">Volvo (EU) V40 T4 (132 kW) (2012-2015)<\/td><td class=\"column-2\">5W-30<\/td><td class=\"column-3\">Wechsel alle 30000 km\/12 Monate<\/td>\n<\/tr>\n<tr class=\"row-75 odd\">\n\t<td class=\"column-1\">Volvo (EU) V40 T4 (140 kW) (2015-2019)<\/td><td class=\"column-2\">0W-20<\/td><td class=\"column-3\">Wechsel alle 30000 km\/12 Monate<\/td>\n<\/tr>\n<tr class=\"row-76 even\">\n\t<td class=\"column-1\">Volvo (EU) V40 T4 2.0 (132 kW) (2013-2015)<\/td><td class=\"column-2\">0W-30<\/td><td class=\"column-3\">Wechsel alle 30000 km\/12 Monate<\/td>\n<\/tr>\n<tr class=\"row-77 odd\">\n\t<td class=\"column-1\">Volvo (EU) V40 T5 (157 kW) (2013-2015)<\/td><td class=\"column-2\">0W-30<\/td><td class=\"column-3\">Wechsel alle 30000 km\/12 Monate<\/td>\n<\/tr>\n<tr class=\"row-78 even\">\n\t<td class=\"column-1\">Volvo (EU) V40 T5 (162 kW) (2015-2017)<\/td><td class=\"column-2\">0W-20<\/td><td class=\"column-3\">Wechsel alle 30000 km\/12 Monate<\/td>\n<\/tr>\n<tr class=\"row-79 odd\">\n\t<td class=\"column-1\">Volvo (EU) V40 T5 (180 kW) (2014-2019)<\/td><td class=\"column-2\">0W-20<\/td><td class=\"column-3\">Wechsel alle 30000 km\/12 Monate<\/td>\n<\/tr>\n<tr class=\"row-80 even\">\n\t<td class=\"column-1\">Volvo (EU) V40 T5 (183 kW) (2013-2014)<\/td><td class=\"column-2\">0W-30<\/td><td class=\"column-3\">Wechsel alle 30000 km\/12 Monate<\/td>\n<\/tr>\n<tr class=\"row-81 odd\">\n\t<td class=\"column-1\">Volvo (EU) V40 T5 (187 kW) (2013-2014)<\/td><td class=\"column-2\">0W-30<\/td><td class=\"column-3\">Wechsel alle 30000 km\/12 Monate<\/td>\n<\/tr>\n<\/tbody>\n<\/table>\n<!-- #tablepress-86 from cache -->","protected":false},"excerpt":{"rendered":"<p>Sie suchen nach dem richtigen Motor\u00f6l f\u00fcr Ihren Volvo V40? Welche Art von Motor\u00f6l f\u00fcr Ihren Volvo V40 ben\u00f6tigt wird, h\u00e4ngt von dem jeweiligen Modell und Baujahr des Fahrzeugs ab. Es ist wichtig, ein hochwertiges \u00d6l zu verwenden, das den Spezifikationen des Herstellers entspricht, um eine optimale [...]<\/p>","protected":false},"author":1,"featured_media":0,"parent":0,"menu_order":0,"comment_status":"closed","ping_status":"closed","template":"","meta":{"_et_pb_use_builder":"","_et_pb_old_content":"","_et_gb_content_width":"","footnotes":""},"class_list":["post-156006","page","type-page","status-publish","hentry"],"yoast_head":"<!-- This site is optimized with the Yoast SEO plugin v27.4 - https:\/\/yoast.com\/product\/yoast-seo-wordpress\/ -->\n<title>Welke Motorolie Volvo V40 - Autobaak.nl<\/title>\n<meta name=\"description\" content=\"Motorolie Volvo V40 overzicht. Wat is de juiste motorolie voor jouw Volvo V40? Op deze pagina een lijst zodat je niet verder hoeft te zoeken.\" \/>\n<meta name=\"robots\" content=\"index, follow, max-snippet:-1, max-image-preview:large, max-video-preview:-1\" \/>\n<link rel=\"canonical\" href=\"https:\/\/autobaak.nl\/de\/welches-motorol-volvo-v40\/\" \/>\n<meta property=\"og:locale\" content=\"de_DE\" \/>\n<meta property=\"og:type\" content=\"article\" \/>\n<meta property=\"og:title\" content=\"Welke Motorolie Volvo V40 - Autobaak.nl\" \/>\n<meta property=\"og:description\" content=\"Motorolie Volvo V40 overzicht. Wat is de juiste motorolie voor jouw Volvo V40? Op deze pagina een lijst zodat je niet verder hoeft te zoeken.\" \/>\n<meta property=\"og:url\" content=\"https:\/\/autobaak.nl\/de\/welches-motorol-volvo-v40\/\" \/>\n<meta property=\"og:site_name\" content=\"Autobaak.nl\" \/>\n<meta name=\"twitter:card\" content=\"summary_large_image\" \/>\n<meta name=\"twitter:label1\" content=\"Gesch\u00e4tzte Lesezeit\" \/>\n\t<meta name=\"twitter:data1\" content=\"1\u00a0Minute\" \/>\n<script type=\"application\/ld+json\" class=\"yoast-schema-graph\">{\"@context\":\"https:\\\/\\\/schema.org\",\"@graph\":[{\"@type\":\"WebPage\",\"@id\":\"https:\\\/\\\/autobaak.nl\\\/welke-motorolie-volvo-v40\\\/\",\"url\":\"https:\\\/\\\/autobaak.nl\\\/welke-motorolie-volvo-v40\\\/\",\"name\":\"Welke Motorolie Volvo V40 - Autobaak.nl\",\"isPartOf\":{\"@id\":\"https:\\\/\\\/autobaak.nl\\\/#website\"},\"datePublished\":\"2023-06-12T09:40:04+00:00\",\"description\":\"Motorolie Volvo V40 overzicht. Wat is de juiste motorolie voor jouw Volvo V40? Op deze pagina een lijst zodat je niet verder hoeft te zoeken.\",\"breadcrumb\":{\"@id\":\"https:\\\/\\\/autobaak.nl\\\/welke-motorolie-volvo-v40\\\/#breadcrumb\"},\"inLanguage\":\"de\",\"potentialAction\":[{\"@type\":\"ReadAction\",\"target\":[\"https:\\\/\\\/autobaak.nl\\\/welke-motorolie-volvo-v40\\\/\"]}]},{\"@type\":\"BreadcrumbList\",\"@id\":\"https:\\\/\\\/autobaak.nl\\\/welke-motorolie-volvo-v40\\\/#breadcrumb\",\"itemListElement\":[{\"@type\":\"ListItem\",\"position\":1,\"name\":\"Home\",\"item\":\"https:\\\/\\\/autobaak.nl\\\/\"},{\"@type\":\"ListItem\",\"position\":2,\"name\":\"Welke Motorolie Volvo V40\"}]},{\"@type\":\"WebSite\",\"@id\":\"https:\\\/\\\/autobaak.nl\\\/#website\",\"url\":\"https:\\\/\\\/autobaak.nl\\\/\",\"name\":\"Autobaak.nl\",\"description\":\"Cars &amp; Racing\",\"potentialAction\":[{\"@type\":\"SearchAction\",\"target\":{\"@type\":\"EntryPoint\",\"urlTemplate\":\"https:\\\/\\\/autobaak.nl\\\/?s={search_term_string}\"},\"query-input\":{\"@type\":\"PropertyValueSpecification\",\"valueRequired\":true,\"valueName\":\"search_term_string\"}}],\"inLanguage\":\"de\"}]}<\/script>\n<!-- \/ Yoast SEO plugin. -->","yoast_head_json":{"title":"Welches Motor\u00f6l Volvo V40 - Autobaak.de","description":"Motor\u00f6l Volvo C30 \u00dcbersicht. Welches ist das richtige Motor\u00f6l f\u00fcr Ihren Volvo C30? Auf dieser Seite eine Liste, damit Sie nicht weiter suchen m\u00fcssen.","robots":{"index":"index","follow":"follow","max-snippet":"max-snippet:-1","max-image-preview":"max-image-preview:large","max-video-preview":"max-video-preview:-1"},"canonical":"https:\/\/autobaak.nl\/de\/welches-motorol-volvo-v40\/","og_locale":"de_DE","og_type":"article","og_title":"Welke Motorolie Volvo V40 - Autobaak.nl","og_description":"Motorolie Volvo V40 overzicht. Wat is de juiste motorolie voor jouw Volvo V40? Op deze pagina een lijst zodat je niet verder hoeft te zoeken.","og_url":"https:\/\/autobaak.nl\/de\/welches-motorol-volvo-v40\/","og_site_name":"Autobaak.nl","twitter_card":"summary_large_image","twitter_misc":{"Gesch\u00e4tzte Lesezeit":"1\u00a0Minute"},"schema":{"@context":"https:\/\/schema.org","@graph":[{"@type":"WebPage","@id":"https:\/\/autobaak.nl\/welke-motorolie-volvo-v40\/","url":"https:\/\/autobaak.nl\/welke-motorolie-volvo-v40\/","name":"Welches Motor\u00f6l Volvo V40 - Autobaak.de","isPartOf":{"@id":"https:\/\/autobaak.nl\/#website"},"datePublished":"2023-06-12T09:40:04+00:00","description":"Motor\u00f6l Volvo C30 \u00dcbersicht. Welches ist das richtige Motor\u00f6l f\u00fcr Ihren Volvo C30? Auf dieser Seite eine Liste, damit Sie nicht weiter suchen m\u00fcssen.","breadcrumb":{"@id":"https:\/\/autobaak.nl\/welke-motorolie-volvo-v40\/#breadcrumb"},"inLanguage":"de","potentialAction":[{"@type":"ReadAction","target":["https:\/\/autobaak.nl\/welke-motorolie-volvo-v40\/"]}]},{"@type":"BreadcrumbList","@id":"https:\/\/autobaak.nl\/welke-motorolie-volvo-v40\/#breadcrumb","itemListElement":[{"@type":"ListItem","position":1,"name":"Home","item":"https:\/\/autobaak.nl\/"},{"@type":"ListItem","position":2,"name":"Welke Motorolie Volvo V40"}]},{"@type":"WebSite","@id":"https:\/\/autobaak.nl\/#website","url":"https:\/\/autobaak.nl\/","name":"Autobook.de","description":"Autos &amp; Rennsport","potentialAction":[{"@type":"SearchAction","target":{"@type":"EntryPoint","urlTemplate":"https:\/\/autobaak.nl\/?s={search_term_string}"},"query-input":{"@type":"PropertyValueSpecification","valueRequired":true,"valueName":"search_term_string"}}],"inLanguage":"de"}]}},"_links":{"self":[{"href":"https:\/\/autobaak.nl\/de\/wp-json\/wp\/v2\/pages\/156006","targetHints":{"allow":["GET"]}}],"collection":[{"href":"https:\/\/autobaak.nl\/de\/wp-json\/wp\/v2\/pages"}],"about":[{"href":"https:\/\/autobaak.nl\/de\/wp-json\/wp\/v2\/types\/page"}],"author":[{"embeddable":true,"href":"https:\/\/autobaak.nl\/de\/wp-json\/wp\/v2\/users\/1"}],"replies":[{"embeddable":true,"href":"https:\/\/autobaak.nl\/de\/wp-json\/wp\/v2\/comments?post=156006"}],"version-history":[{"count":1,"href":"https:\/\/autobaak.nl\/de\/wp-json\/wp\/v2\/pages\/156006\/revisions"}],"predecessor-version":[{"id":156007,"href":"https:\/\/autobaak.nl\/de\/wp-json\/wp\/v2\/pages\/156006\/revisions\/156007"}],"wp:attachment":[{"href":"https:\/\/autobaak.nl\/de\/wp-json\/wp\/v2\/media?parent=156006"}],"curies":[{"name":"wp","href":"https:\/\/api.w.org\/{rel}","templated":true}]}}