{"id":156010,"date":"2023-06-12T11:45:11","date_gmt":"2023-06-12T09:45:11","guid":{"rendered":"https:\/\/autobaak.nl\/?page_id=156010"},"modified":"2023-06-12T11:45:11","modified_gmt":"2023-06-12T09:45:11","slug":"volvo-motorol-ubersicht","status":"publish","type":"page","link":"https:\/\/autobaak.nl\/de\/volvo-motorol-ubersicht\/","title":{"rendered":"Motor\u00f6l Volvo \u00dcbersicht"},"content":{"rendered":"<p>Der rechtzeitige Wechsel des Motor\u00f6ls ist entscheidend f\u00fcr den Zustand Ihres Motors. Dar\u00fcber hinaus ist es wichtig zu wissen, welches Motor\u00f6l Sie ben\u00f6tigen. Im Serviceheft ist in der Regel immer das passende Motor\u00f6l angegeben. Sie m\u00f6chten wissen, welches Motor\u00f6l Sie in Ihren Volvo einf\u00fcllen m\u00fcssen? Dann klicken Sie auf Ihr Modell in der folgenden Liste:<\/p>\n<h2>Motor\u00f6l Volvo<\/h2>\n<ul>\n<li><a class=\"row-title\" href=\"https:\/\/autobaak.nl\/de\/volvo-s60-motorol\/\" aria-label=\"&quot;Motor\u00f6l Volvo S60&quot; (Bearbeiten)\">Motor\u00f6l Volvo S60<\/a><\/li>\n<li><a class=\"row-title\" href=\"https:\/\/autobaak.nl\/de\/welches-motorol-volvo-v40\/\" aria-label=\"&quot;Welches Motor\u00f6l Volvo V40&quot; (Bearbeiten)\">Motor\u00f6l Volvo V40<\/a><\/li>\n<li><a class=\"row-title\" href=\"https:\/\/autobaak.nl\/de\/welches-motorol-volvo-c30\/\" aria-label=\"&quot;Welches Motor\u00f6l Volvo C30&quot; (bearbeiten)\">Motor\u00f6l Volvo C30<\/a><\/li>\n<li><a class=\"row-title\" href=\"https:\/\/autobaak.nl\/de\/welches-motorol-volvo-c70\/\" aria-label=\"&quot;Welches Motor\u00f6l Volvo C70&quot; (bearbeiten)\">Motor\u00f6l Volvo C70<\/a><\/li>\n<li><a class=\"row-title\" href=\"https:\/\/autobaak.nl\/de\/welches-motorol-volvo-xc90\/\" aria-label=\"&quot;Welches Motor\u00f6l Volvo XC90&quot; (bearbeiten)\">Motor\u00f6l Volvo XC90<\/a><\/li>\n<li><a class=\"row-title\" href=\"https:\/\/autobaak.nl\/de\/welches-motorol-volvo-xc70\/\" aria-label=\"&quot;Welches Motor\u00f6l Volvo XC70&quot; (Bearbeiten)\">Motor\u00f6l Volvo XC70<\/a><\/li>\n<li><a class=\"row-title\" href=\"https:\/\/autobaak.nl\/de\/welches-motorol-volvo-xc40\/\" aria-label=\"&quot;Welches Motor\u00f6l Volvo XC70&quot; (Bearbeiten)\">Motor\u00f6l Volvo XC40<\/a><\/li>\n<li><a class=\"row-title\" href=\"https:\/\/autobaak.nl\/de\/welches-motorol-volvo-xc60\/\" aria-label=\"&quot;Welches Motor\u00f6l Volvo XC70&quot; (Bearbeiten)\">Motor\u00f6l Volvo XC60<\/a><\/li>\n<li><a class=\"row-title\" href=\"https:\/\/autobaak.nl\/de\/welches-motorol-volvo-s40\/\" aria-label=\"&quot;Welches Motor\u00f6l Volvo XC70&quot; (Bearbeiten)\">Motor\u00f6l Volvo S40<\/a><\/li>\n<li><a class=\"row-title\" href=\"https:\/\/autobaak.nl\/de\/welches-motorol-volvo-v70\/\" aria-label=\"&quot;Welches Motor\u00f6l Volvo XC70&quot; (Bearbeiten)\">Volvo V70 Motor\u00f6l<\/a><\/li>\n<li><a class=\"row-title\" href=\"https:\/\/autobaak.nl\/de\/welches-motorol-volvo-v60\/\" aria-label=\"&quot;Welches Motor\u00f6l Volvo XC70&quot; (Bearbeiten)\">Motor\u00f6l Volvo V60<\/a><\/li>\n<\/ul>","protected":false},"excerpt":{"rendered":"<p>Der rechtzeitige Wechsel des Motor\u00f6ls ist entscheidend f\u00fcr den Zustand Ihres Motors. Dar\u00fcber hinaus ist es wichtig zu wissen, welches Motor\u00f6l Sie ben\u00f6tigen. Im Serviceheft ist in der Regel immer das passende Motor\u00f6l angegeben. Sie m\u00f6chten wissen, welches Motor\u00f6l Sie in Ihren Volvo einf\u00fcllen m\u00fcssen? Dann klicken Sie auf Ihr Modell in der folgenden Liste:<\/p>","protected":false},"author":1,"featured_media":0,"parent":0,"menu_order":0,"comment_status":"closed","ping_status":"closed","template":"","meta":{"_et_pb_use_builder":"","_et_pb_old_content":"","_et_gb_content_width":"","footnotes":""},"class_list":["post-156010","page","type-page","status-publish","hentry"],"yoast_head":"<!-- This site is optimized with the Yoast SEO plugin v27.4 - https:\/\/yoast.com\/product\/yoast-seo-wordpress\/ -->\n<title>Motorolie Volvo Overzicht - Autobaak.nl<\/title>\n<meta name=\"robots\" content=\"index, follow, max-snippet:-1, max-image-preview:large, max-video-preview:-1\" \/>\n<link rel=\"canonical\" href=\"https:\/\/autobaak.nl\/de\/volvo-motorol-ubersicht\/\" \/>\n<meta property=\"og:locale\" content=\"de_DE\" \/>\n<meta property=\"og:type\" content=\"article\" \/>\n<meta property=\"og:title\" content=\"Motorolie Volvo Overzicht - Autobaak.nl\" \/>\n<meta property=\"og:description\" content=\"Het tijdig vervangen van motorolie is cruciaal voor de conditie van jouw motor. Daarnaast is het belangrijk om te weten welke motorolie je nodig hebt. In het onderhoudsboekje staat over het algemeen altijd de geschikte motorolie vermeld. Wil je weten welke motorolie in jouw Volvo moet? Klik dan op jouw model in onderstaande lijst: Motorolie [&hellip;]\" \/>\n<meta property=\"og:url\" content=\"https:\/\/autobaak.nl\/de\/volvo-motorol-ubersicht\/\" \/>\n<meta property=\"og:site_name\" content=\"Autobaak.nl\" \/>\n<meta name=\"twitter:card\" content=\"summary_large_image\" \/>\n<meta name=\"twitter:label1\" content=\"Gesch\u00e4tzte Lesezeit\" \/>\n\t<meta name=\"twitter:data1\" content=\"1\u00a0Minute\" \/>\n<script type=\"application\/ld+json\" class=\"yoast-schema-graph\">{\"@context\":\"https:\\\/\\\/schema.org\",\"@graph\":[{\"@type\":\"WebPage\",\"@id\":\"https:\\\/\\\/autobaak.nl\\\/motorolie-volvo-overzicht\\\/\",\"url\":\"https:\\\/\\\/autobaak.nl\\\/motorolie-volvo-overzicht\\\/\",\"name\":\"Motorolie Volvo Overzicht - Autobaak.nl\",\"isPartOf\":{\"@id\":\"https:\\\/\\\/autobaak.nl\\\/#website\"},\"datePublished\":\"2023-06-12T09:45:11+00:00\",\"breadcrumb\":{\"@id\":\"https:\\\/\\\/autobaak.nl\\\/motorolie-volvo-overzicht\\\/#breadcrumb\"},\"inLanguage\":\"de\",\"potentialAction\":[{\"@type\":\"ReadAction\",\"target\":[\"https:\\\/\\\/autobaak.nl\\\/motorolie-volvo-overzicht\\\/\"]}]},{\"@type\":\"BreadcrumbList\",\"@id\":\"https:\\\/\\\/autobaak.nl\\\/motorolie-volvo-overzicht\\\/#breadcrumb\",\"itemListElement\":[{\"@type\":\"ListItem\",\"position\":1,\"name\":\"Home\",\"item\":\"https:\\\/\\\/autobaak.nl\\\/\"},{\"@type\":\"ListItem\",\"position\":2,\"name\":\"Motorolie Volvo Overzicht\"}]},{\"@type\":\"WebSite\",\"@id\":\"https:\\\/\\\/autobaak.nl\\\/#website\",\"url\":\"https:\\\/\\\/autobaak.nl\\\/\",\"name\":\"Autobaak.nl\",\"description\":\"Cars &amp; Racing\",\"potentialAction\":[{\"@type\":\"SearchAction\",\"target\":{\"@type\":\"EntryPoint\",\"urlTemplate\":\"https:\\\/\\\/autobaak.nl\\\/?s={search_term_string}\"},\"query-input\":{\"@type\":\"PropertyValueSpecification\",\"valueRequired\":true,\"valueName\":\"search_term_string\"}}],\"inLanguage\":\"de\"}]}<\/script>\n<!-- \/ Yoast SEO plugin. -->","yoast_head_json":{"title":"Motor\u00f6l Volvo \u00dcbersicht - Autobaak.de","robots":{"index":"index","follow":"follow","max-snippet":"max-snippet:-1","max-image-preview":"max-image-preview:large","max-video-preview":"max-video-preview:-1"},"canonical":"https:\/\/autobaak.nl\/de\/volvo-motorol-ubersicht\/","og_locale":"de_DE","og_type":"article","og_title":"Motorolie Volvo Overzicht - Autobaak.nl","og_description":"Het tijdig vervangen van motorolie is cruciaal voor de conditie van jouw motor. Daarnaast is het belangrijk om te weten welke motorolie je nodig hebt. In het onderhoudsboekje staat over het algemeen altijd de geschikte motorolie vermeld. Wil je weten welke motorolie in jouw Volvo moet? Klik dan op jouw model in onderstaande lijst: Motorolie [&hellip;]","og_url":"https:\/\/autobaak.nl\/de\/volvo-motorol-ubersicht\/","og_site_name":"Autobaak.nl","twitter_card":"summary_large_image","twitter_misc":{"Gesch\u00e4tzte Lesezeit":"1\u00a0Minute"},"schema":{"@context":"https:\/\/schema.org","@graph":[{"@type":"WebPage","@id":"https:\/\/autobaak.nl\/motorolie-volvo-overzicht\/","url":"https:\/\/autobaak.nl\/motorolie-volvo-overzicht\/","name":"Motor\u00f6l Volvo \u00dcbersicht - Autobaak.de","isPartOf":{"@id":"https:\/\/autobaak.nl\/#website"},"datePublished":"2023-06-12T09:45:11+00:00","breadcrumb":{"@id":"https:\/\/autobaak.nl\/motorolie-volvo-overzicht\/#breadcrumb"},"inLanguage":"de","potentialAction":[{"@type":"ReadAction","target":["https:\/\/autobaak.nl\/motorolie-volvo-overzicht\/"]}]},{"@type":"BreadcrumbList","@id":"https:\/\/autobaak.nl\/motorolie-volvo-overzicht\/#breadcrumb","itemListElement":[{"@type":"ListItem","position":1,"name":"Home","item":"https:\/\/autobaak.nl\/"},{"@type":"ListItem","position":2,"name":"Motorolie Volvo Overzicht"}]},{"@type":"WebSite","@id":"https:\/\/autobaak.nl\/#website","url":"https:\/\/autobaak.nl\/","name":"Autobook.de","description":"Autos &amp; Rennsport","potentialAction":[{"@type":"SearchAction","target":{"@type":"EntryPoint","urlTemplate":"https:\/\/autobaak.nl\/?s={search_term_string}"},"query-input":{"@type":"PropertyValueSpecification","valueRequired":true,"valueName":"search_term_string"}}],"inLanguage":"de"}]}},"_links":{"self":[{"href":"https:\/\/autobaak.nl\/de\/wp-json\/wp\/v2\/pages\/156010","targetHints":{"allow":["GET"]}}],"collection":[{"href":"https:\/\/autobaak.nl\/de\/wp-json\/wp\/v2\/pages"}],"about":[{"href":"https:\/\/autobaak.nl\/de\/wp-json\/wp\/v2\/types\/page"}],"author":[{"embeddable":true,"href":"https:\/\/autobaak.nl\/de\/wp-json\/wp\/v2\/users\/1"}],"replies":[{"embeddable":true,"href":"https:\/\/autobaak.nl\/de\/wp-json\/wp\/v2\/comments?post=156010"}],"version-history":[{"count":1,"href":"https:\/\/autobaak.nl\/de\/wp-json\/wp\/v2\/pages\/156010\/revisions"}],"predecessor-version":[{"id":156011,"href":"https:\/\/autobaak.nl\/de\/wp-json\/wp\/v2\/pages\/156010\/revisions\/156011"}],"wp:attachment":[{"href":"https:\/\/autobaak.nl\/de\/wp-json\/wp\/v2\/media?parent=156010"}],"curies":[{"name":"wp","href":"https:\/\/api.w.org\/{rel}","templated":true}]}}