{"id":156098,"date":"2023-07-30T13:11:31","date_gmt":"2023-07-30T11:11:31","guid":{"rendered":"https:\/\/autobaak.nl\/?page_id=156098"},"modified":"2023-09-29T16:21:34","modified_gmt":"2023-09-29T14:21:34","slug":"mot-kontrolle-in-rotterdam","status":"publish","type":"page","link":"https:\/\/autobaak.nl\/de\/mot-kontrolle-in-rotterdam\/","title":{"rendered":"MOT-Kontrolle Rotterdam"},"content":{"rendered":"<p>[et_pb_section fb_built=\"1\u2033 inner_shadow=\"on\" fullwidth=\"on\" _builder_version=\"4.18.0\u2033 background_image=\"https:\/\/autobaak.nl\/wp-content\/uploads\/2022\/08\/pexels-jesse-zheng-1213295.jpg\" global_colors_info=\"{}\"][et_pb_fullwidth_header title=\"Skoda Home\" subhead=\"N\u00fctzliche Informationen \u00fcber Skoda\" text_orientation=\"centre\" _builder_version=\"4.18.0\u2033 content_font_size=\"15px\" background_color=\"rgba(255, 255, 255, 0)\" background_image=\"https:\/\/autobaak.nl\/wp-content\/uploads\/2022\/09\/skoda.jpg\" text_shadow_style=\"preset5\u2033 text_shadow_color=\"rgba(0,0,0,0.52)\" global_colors_info=\"{}\" button_one_text_size__hover_enabled=\"off\" button_one_text_size__hover=\"null\" button_two_text_size__hover_enabled=\"off\" button_two_text_size__hover=\"null\" button_one_text_color__hover_enabled=\"off\" button_one_text_color__hover=\"null\" button_two_text_color__hover_enabled=\"off\" button_two_text_color__hover=\"null\" button_one_border_width__hover_enabled=\"off\" button_one_border_width__hover=\"null\" button_two_border_width__hover_enabled=\"off\" button_two_border_width__hover=\"null\" button_one_border_color__hover_enabled=\"off\" button_one_border_color__hover=\"null\" button_two_border_color__hover_enabled=\"off\" button_two_border_color__hover=\"null\" button_one_border_radius__hover_enabled=\"off\" button_one_border_radius__hover=\"null\" button_two_border_radius__hover_enabled=\"off\" button_two_border_radius__hover=\"null\" button_one_letter_spacing__hover_enabled=\"off\" button_one_letter_spacing__hover=\"null\" button_two_letter_spacing__hover_enabled=\"off\" button_two_letter_spacing__hover=\"null\" button_one_bg_color__hover_enabled=\"off\" button_one_bg_color__hover=\"null\" button_two_bg_color__hover_enabled=\"off\" button_two_bg_color__hover=\"null\"][\/et_pb_fullwidth_header][\/et_pb_section][et_pb_section fb_built=\"1\u2033 _builder_version=\"4.16\u2033 custom_padding=\"2px|0px|3px|0px\" global_colors_info=\"{}\"][et_pb_row _builder_version=\"4.16\u2033 background_size=\"initial\" background_position=\"top_left\" background_repeat=\"repeat\" custom_padding=\"26.3594px|0px|2px|0px\" global_colors_info=\"{}\"][et_pb_column type=\"4_4\u2033 _builder_version=\"4.16\u2033 custom_padding=\"|||\" global_colors_info=\"{}\" custom_padding__hover=\"|||\"][et_pb_text _builder_version=\"4.16\u2033 global_colors_info=\"{}\"]<\/p>\n<h2 data-pm-slice=\"1 1 []\">MOT Rotterdam<\/h2>\n<p>Wenn Sie in Rotterdam wohnen, ist es wichtig, dass Sie Ihr Auto regelm\u00e4\u00dfig inspizieren lassen. A <a href=\"https:\/\/autobaak.nl\/de\/sie-brauchen-einen-tuv-check-vollstandige-ubersicht-pro-standort\/\" title=\"APK-Inspektion\">T\u00dcV-Pr\u00fcfung<\/a> ist obligatorisch und sorgt daf\u00fcr, dass Ihr Auto sicher und zuverl\u00e4ssig ist. Aber was sollten Sie zur Inspektion Ihres Autos mitbringen, warum ist sie notwendig und wie hoch sind die durchschnittlichen Kosten?<\/p>\n<h2>Was sollten Sie f\u00fcr einen T\u00dcV in Rotterdam mitbringen?<\/h2>\n<p>Wenn Sie Ihr Auto untersuchen lassen, m\u00fcssen Sie eine Reihe von Dingen mitbringen. Zun\u00e4chst brauchen Sie nat\u00fcrlich Ihr Auto und seine Papiere. Au\u00dferdem m\u00fcssen Sie Ihren F\u00fchrerschein und einen eventuellen Inspektionsbericht vom letzten Mal mitbringen.<\/p>\n<h2>Warum ist eine T\u00dcV-Pr\u00fcfung notwendig?<\/h2>\n<p>Eine T\u00dcV-Pr\u00fcfung ist notwendig, um sicherzustellen, dass Ihr Auto sicher und zuverl\u00e4ssig bleibt. Bei der Inspektion werden die wichtigsten Teile Ihres Fahrzeugs wie Bremsen, Beleuchtung und Auspuff \u00fcberpr\u00fcft. Wenn M\u00e4ngel festgestellt werden, m\u00fcssen Sie diese beheben lassen, bevor Ihr Auto zugelassen wird.<\/p>\n<h2>Wie hoch sind die durchschnittlichen Kosten f\u00fcr einen T\u00dcV in Rotterdam?<\/h2>\n<p>Die Kosten f\u00fcr eine APK-Inspektion in Rotterdam k\u00f6nnen von einer Werkstatt zur anderen variieren. Im Durchschnitt kostet eine T\u00dcV-Inspektion in Rotterdam zwischen 50 und 100 Euro. Es ist daher ratsam, im Voraus mehrere Werkst\u00e4tten zu vergleichen.<\/p>\n<h1>Demografie Rotterdam<\/h1>\n<p>Rotterdam ist die zweitgr\u00f6\u00dfte Stadt der Niederlande und liegt in der Provinz S\u00fcdholland. Die Stadt hat viele verschiedene Bezirke, wie das Stadtzentrum, Delfshaven, Kralingen-Crooswijk und IJsselmonde.<\/p>\n<p>Nachstehend finden Sie eine Tabelle mit weiteren Informationen \u00fcber die verschiedenen Stadtteile von Rotterdam:<\/p>\n<table>\n<tbody>\n<tr>\n<th colspan=\"1\" rowspan=\"1\">Bezirk<\/th>\n<th colspan=\"1\" rowspan=\"1\">Anzahl der Einwohner<\/th>\n<th colspan=\"1\" rowspan=\"1\">Anzahl der Haushalte<\/th>\n<\/tr>\n<tr>\n<td colspan=\"1\" rowspan=\"1\">Zentrum<\/td>\n<td colspan=\"1\" rowspan=\"1\">31.827<\/td>\n<td colspan=\"1\" rowspan=\"1\">22.470<\/td>\n<\/tr>\n<tr>\n<td colspan=\"1\" rowspan=\"1\">Charlois<\/td>\n<td colspan=\"1\" rowspan=\"1\">66.117<\/td>\n<td colspan=\"1\" rowspan=\"1\">29.420<\/td>\n<\/tr>\n<tr>\n<td colspan=\"1\" rowspan=\"1\">Delfshaven<\/td>\n<td colspan=\"1\" rowspan=\"1\">75.771<\/td>\n<td colspan=\"1\" rowspan=\"1\">35.140<\/td>\n<\/tr>\n<tr>\n<td colspan=\"1\" rowspan=\"1\">Feijenoord<\/td>\n<td colspan=\"1\" rowspan=\"1\">72.680<\/td>\n<td colspan=\"1\" rowspan=\"1\">32.230<\/td>\n<\/tr>\n<tr>\n<td colspan=\"1\" rowspan=\"1\">Hillegersberg-Schiebroek<\/td>\n<td colspan=\"1\" rowspan=\"1\">43.245<\/td>\n<td colspan=\"1\" rowspan=\"1\">18.695<\/td>\n<\/tr>\n<tr>\n<td colspan=\"1\" rowspan=\"1\">Ecke Holland<\/td>\n<td colspan=\"1\" rowspan=\"1\">10.470<\/td>\n<td colspan=\"1\" rowspan=\"1\">4.880<\/td>\n<\/tr>\n<tr>\n<td colspan=\"1\" rowspan=\"1\">Hoogvliet<\/td>\n<td colspan=\"1\" rowspan=\"1\">36.470<\/td>\n<td colspan=\"1\" rowspan=\"1\">15.910<\/td>\n<\/tr>\n<tr>\n<td colspan=\"1\" rowspan=\"1\">IJsselmonde<\/td>\n<td colspan=\"1\" rowspan=\"1\">59.993<\/td>\n<td colspan=\"1\" rowspan=\"1\">25.785<\/td>\n<\/tr>\n<tr>\n<td colspan=\"1\" rowspan=\"1\">Kralingen-Crooswijk<\/td>\n<td colspan=\"1\" rowspan=\"1\">53.383<\/td>\n<td colspan=\"1\" rowspan=\"1\">28.850<\/td>\n<\/tr>\n<tr>\n<td colspan=\"1\" rowspan=\"1\">Norden<\/td>\n<td colspan=\"1\" rowspan=\"1\">49.245<\/td>\n<td colspan=\"1\" rowspan=\"1\">23.235<\/td>\n<\/tr>\n<tr>\n<td colspan=\"1\" rowspan=\"1\">\u00dcberschie\u00dfen<\/td>\n<td colspan=\"1\" rowspan=\"1\">13.262<\/td>\n<td colspan=\"1\" rowspan=\"1\">5.865<\/td>\n<\/tr>\n<tr>\n<td colspan=\"1\" rowspan=\"1\">Pernis<\/td>\n<td colspan=\"1\" rowspan=\"1\">4.820<\/td>\n<td colspan=\"1\" rowspan=\"1\">1.890<\/td>\n<\/tr>\n<tr>\n<td colspan=\"1\" rowspan=\"1\">Prinz Alexander<\/td>\n<td colspan=\"1\" rowspan=\"1\">94.355<\/td>\n<td colspan=\"1\" rowspan=\"1\">39.510<\/td>\n<\/tr>\n<\/tbody>\n<\/table>\n<p>Wie Sie sehen k\u00f6nnen, gibt es in Rotterdam viele verschiedene Stadtteile, die alle ihre eigenen Merkmale und Attraktionen haben. Sehen Sie sich die Tabelle der MOT-Adressen in Rotterdam an<\/p>\n<p>[\/et_pb_text][\/et_pb_column][et_pb_column type=\"2_5\u2033 _builder_version=\"4.16\u2033 custom_padding=\"|||\" global_colors_info=\"{}\" custom_padding__hover=\"|||\"][et_pb_image src=\"https:\/\/autobaak.nl\/wp-content\/uploads\/2023\/09\/1.HalfPage.png\" _builder_version=\"4.22.2\u2033 _module_preset=\"default\" title_text=\"apk ad\" url=\"https:\/\/autobaak.nl\/adverteren-op-autobaak\/\" hover_enabled=\"0\u2033 sticky_enabled=\"0\u2033][\/et_pb_image][\/et_pb_column][\/et_pb_row][et_pb_row _builder_version=\"4.22.2\u2033 _module_preset=\"default\"][et_pb_column _builder_version=\"4.22.2\u2033 _module_preset=\"default\" type=\"4_4\u2033][et_pb_text _builder_version=\"4.21.0\u2033 background_colour=\"RGBA(255,255,255,0)\" custom_margin=\"0px||||\" custom_padding=\"10px|20px|10px|20px\" global_colors_info=\"{}\"]<\/p>\n<h2>MOT-Stationen Rotterdam<\/h2>\n<div id=\"tablepress-157-scroll-wrapper\" class=\"tablepress-scroll-wrapper\">\n\n<table id=\"tablepress-157\" class=\"tablepress tablepress-id-157 tablepress-responsive\">\n<thead>\n<tr class=\"row-1 odd\">\n\t<th class=\"column-1\"><strong>Name des Unternehmens<\/strong><\/th><th class=\"column-2\"><strong>Stra\u00dfe <\/strong><\/th><th class=\"column-3\"><strong>Postleitzahl<\/strong><\/th><th class=\"column-4\"><strong>Standort <\/strong><\/th><th class=\"column-5\"><strong>Rufnummer <\/strong><\/th><th class=\"column-6\"><strong>Website <\/strong><\/th><th class=\"column-7\"><strong>E-Mail: <\/strong><\/th>\n<\/tr>\n<\/thead>\n<tbody class=\"row-hover\">\n<tr class=\"row-2 even\">\n\t<td class=\"column-1\">APK ok\u00e9 Rotterdam B.V.<\/td><td class=\"column-2\">Metaalhof 48<\/td><td class=\"column-3\">3067 GM<\/td><td class=\"column-4\">Rotterdam<\/td><td class=\"column-5\">088 275 0003<\/td><td class=\"column-6\"><a href=\"https:\/\/www.apk-oke.nl\/\">https:\/\/www.apk-oke.nl\/<\/a><\/td><td class=\"column-7\">denhaag@apk-oke.nl<\/td>\n<\/tr>\n<tr class=\"row-3 odd\">\n\t<td class=\"column-1\">MOT DRIVE-IN spanischer Polder<\/td><td class=\"column-2\">Dulder Stra\u00dfe 9<\/td><td class=\"column-3\">3044 BD<\/td><td class=\"column-4\">Rotterdam<\/td><td class=\"column-5\">010 415 8210<\/td><td class=\"column-6\"><a href=\"http:\/\/www.apkdrive-in.nl\/\">http:\/\/www.apkdrive-in.nl\/<\/a><\/td><td class=\"column-7\">apkdrive.in@gmail.com<\/td>\n<\/tr>\n<tr class=\"row-4 even\">\n\t<td class=\"column-1\">Solide Apk<\/td><td class=\"column-2\">Katendrechtse Lagedijk 1-7<\/td><td class=\"column-3\">3081 ZG<\/td><td class=\"column-4\">Rotterdam<\/td><td class=\"column-5\">010 484 8881<\/td><td class=\"column-6\"><a href=\"http:\/\/solideapk.nl\/\">http:\/\/solideapk.nl\/<\/a><\/td><td class=\"column-7\">info@solideapk.nl<\/td>\n<\/tr>\n<tr class=\"row-5 odd\">\n\t<td class=\"column-1\">Auto Oke Auto Inspektionsstation <\/td><td class=\"column-2\">Kiotoweg 127<\/td><td class=\"column-3\">3047 BG<\/td><td class=\"column-4\">Rotterdam<\/td><td class=\"column-5\">06 39558633<\/td><td class=\"column-6\"><a href=\"http:\/\/www.auto-oke.nl\/\">http:\/\/www.auto-oke.nl\/<\/a><\/td><td class=\"column-7\">info@auto-oke.nl<\/td>\n<\/tr>\n<tr class=\"row-6 even\">\n\t<td class=\"column-1\">APK STATION MARCUS<\/td><td class=\"column-2\">Industriestra\u00dfe 131B<\/td><td class=\"column-3\">3044 AS<\/td><td class=\"column-4\">Rotterdam<\/td><td class=\"column-5\">010 314 0978<\/td><td class=\"column-6\"><a href=\"http:\/\/www.apk-marcus.nl\/\">http:\/\/www.apk-marcus.nl\/<\/a><\/td><td class=\"column-7\">info@apk-marcus.nl<\/td>\n<\/tr>\n<tr class=\"row-7 odd\">\n\t<td class=\"column-1\">Starfit-Autogarage<\/td><td class=\"column-2\">Wethouder De Vriesweg 24<\/td><td class=\"column-3\">2921 AA<\/td><td class=\"column-4\">Rotterdam<\/td><td class=\"column-5\">010 482 4977<\/td><td class=\"column-6\"><a href=\"http:\/\/www.starfit.nl\/\">http:\/\/www.starfit.nl\/<\/a><\/td><td class=\"column-7\">K.A.<\/td>\n<\/tr>\n<tr class=\"row-8 even\">\n\t<td class=\"column-1\">Autofirma Willemsbrug B.V. <\/td><td class=\"column-2\">Willemsbrug 200<\/td><td class=\"column-3\">3072 AA<\/td><td class=\"column-4\">Rotterdam<\/td><td class=\"column-5\">010 479 0000<\/td><td class=\"column-6\"><a href=\"https:\/\/www.allemerkengarage.nl\/\">https:\/\/www.allemerkengarage.nl\/<\/a><\/td><td class=\"column-7\">info@allemerkengarage.nl<\/td>\n<\/tr>\n<tr class=\"row-9 odd\">\n\t<td class=\"column-1\">Garage \"William\"<\/td><td class=\"column-2\">Molenvliet 4<\/td><td class=\"column-3\">3071 HJ<\/td><td class=\"column-4\">Rotterdam<\/td><td class=\"column-5\">010 415 7403<\/td><td class=\"column-6\"><a href=\"http:\/\/www.garagewillem.nl\/\">http:\/\/www.garagewillem.nl\/<\/a><\/td><td class=\"column-7\">info@garagewillem.nl<\/td>\n<\/tr>\n<tr class=\"row-10 even\">\n\t<td class=\"column-1\">Boegie Reifenservice \/ Carcenter \/ Radreparatur \/ MOT<\/td><td class=\"column-2\">Nieuwe Binnenweg 156<\/td><td class=\"column-3\">3071 NS<\/td><td class=\"column-4\">Rotterdam<\/td><td class=\"column-5\">010 467 1029<\/td><td class=\"column-6\"><a href=\"http:\/\/boegiecarcenter.nl\/\">http:\/\/boegiecarcenter.nl\/<\/a><\/td><td class=\"column-7\">info@boegiecarcenter.nl<\/td>\n<\/tr>\n<tr class=\"row-11 odd\">\n\t<td class=\"column-1\">Autofirma Garage Kral<\/td><td class=\"column-2\">Oude Maasweg 108<\/td><td class=\"column-3\">3071 AL<\/td><td class=\"column-4\">Rotterdam<\/td><td class=\"column-5\">010 795 6499<\/td><td class=\"column-6\"><a href=\"http:\/\/www.kralgarage.nl\/\">http:\/\/www.kralgarage.nl\/<\/a><\/td><td class=\"column-7\">info@kralgarage.nl<\/td>\n<\/tr>\n<\/tbody>\n<\/table>\n\n<\/div><!-- #tablepress-157 from cache -->\n<p>[\/et_pb_text][\/et_pb_column][\/et_pb_row][\/et_pb_section].<\/p>","protected":false},"excerpt":{"rendered":"<p>MOT Rotterdam Wenn Sie in Rotterdam wohnen, ist es wichtig, dass Sie Ihr Auto regelm\u00e4\u00dfig \u00fcberpr\u00fcfen lassen. Eine T\u00dcV-Untersuchung ist obligatorisch und sorgt daf\u00fcr, dass Ihr Auto sicher und zuverl\u00e4ssig bleibt. Aber was sollten Sie zur Inspektion Ihres Autos mitbringen, warum ist sie notwendig und wie hoch sind die durchschnittlichen Kosten? Was sollten Sie [...]<\/p>","protected":false},"author":1,"featured_media":156105,"parent":0,"menu_order":0,"comment_status":"closed","ping_status":"closed","template":"","meta":{"_et_pb_use_builder":"on","_et_pb_old_content":"","_et_gb_content_width":"","footnotes":""},"class_list":["post-156098","page","type-page","status-publish","has-post-thumbnail","hentry"],"yoast_head":"<!-- This site is optimized with the Yoast SEO plugin v27.5 - https:\/\/yoast.com\/product\/yoast-seo-wordpress\/ -->\n<title>APK Keuring Rotterdam - vind een keuringsstation in de buurt<\/title>\n<meta name=\"description\" content=\"APK keuring in Rotterdam laten uitvoeren? Vind op deze pagina een keuringsstation bij jou in de buurt. Gemiddelde prijs tussen de 50-100 \u20ac\" \/>\n<meta name=\"robots\" content=\"index, follow, max-snippet:-1, max-image-preview:large, max-video-preview:-1\" \/>\n<link rel=\"canonical\" href=\"https:\/\/autobaak.nl\/de\/mot-kontrolle-in-rotterdam\/\" \/>\n<meta property=\"og:locale\" content=\"de_DE\" \/>\n<meta property=\"og:type\" content=\"article\" \/>\n<meta property=\"og:title\" content=\"APK Keuring Rotterdam - vind een keuringsstation in de buurt\" \/>\n<meta property=\"og:description\" content=\"APK keuring in Rotterdam laten uitvoeren? Vind op deze pagina een keuringsstation bij jou in de buurt. Gemiddelde prijs tussen de 50-100 \u20ac\" \/>\n<meta property=\"og:url\" content=\"https:\/\/autobaak.nl\/de\/mot-kontrolle-in-rotterdam\/\" \/>\n<meta property=\"og:site_name\" content=\"Autobaak.nl\" \/>\n<meta property=\"article:modified_time\" content=\"2023-09-29T14:21:34+00:00\" \/>\n<meta property=\"og:image\" content=\"https:\/\/autobaak.nl\/wp-content\/uploads\/2023\/07\/APK-keuring-Rotterdam.jpg\" \/>\n\t<meta property=\"og:image:width\" content=\"1200\" \/>\n\t<meta property=\"og:image:height\" content=\"400\" \/>\n\t<meta property=\"og:image:type\" content=\"image\/jpeg\" \/>\n<meta name=\"twitter:card\" content=\"summary_large_image\" \/>\n<meta name=\"twitter:label1\" content=\"Gesch\u00e4tzte Lesezeit\" \/>\n\t<meta name=\"twitter:data1\" content=\"3\u00a0Minuten\" \/>\n<script type=\"application\/ld+json\" class=\"yoast-schema-graph\">{\"@context\":\"https:\\\/\\\/schema.org\",\"@graph\":[{\"@type\":\"WebPage\",\"@id\":\"https:\\\/\\\/autobaak.nl\\\/apk-keuring-in-rotterdam\\\/\",\"url\":\"https:\\\/\\\/autobaak.nl\\\/apk-keuring-in-rotterdam\\\/\",\"name\":\"APK Keuring Rotterdam - vind een keuringsstation in de buurt\",\"isPartOf\":{\"@id\":\"https:\\\/\\\/autobaak.nl\\\/#website\"},\"primaryImageOfPage\":{\"@id\":\"https:\\\/\\\/autobaak.nl\\\/apk-keuring-in-rotterdam\\\/#primaryimage\"},\"image\":{\"@id\":\"https:\\\/\\\/autobaak.nl\\\/apk-keuring-in-rotterdam\\\/#primaryimage\"},\"thumbnailUrl\":\"https:\\\/\\\/autobaak.nl\\\/wp-content\\\/uploads\\\/2023\\\/07\\\/APK-keuring-Rotterdam.jpg\",\"datePublished\":\"2023-07-30T11:11:31+00:00\",\"dateModified\":\"2023-09-29T14:21:34+00:00\",\"description\":\"APK keuring in Rotterdam laten uitvoeren? Vind op deze pagina een keuringsstation bij jou in de buurt. Gemiddelde prijs tussen de 50-100 \u20ac\",\"breadcrumb\":{\"@id\":\"https:\\\/\\\/autobaak.nl\\\/apk-keuring-in-rotterdam\\\/#breadcrumb\"},\"inLanguage\":\"de\",\"potentialAction\":[{\"@type\":\"ReadAction\",\"target\":[\"https:\\\/\\\/autobaak.nl\\\/apk-keuring-in-rotterdam\\\/\"]}]},{\"@type\":\"ImageObject\",\"inLanguage\":\"de\",\"@id\":\"https:\\\/\\\/autobaak.nl\\\/apk-keuring-in-rotterdam\\\/#primaryimage\",\"url\":\"https:\\\/\\\/autobaak.nl\\\/wp-content\\\/uploads\\\/2023\\\/07\\\/APK-keuring-Rotterdam.jpg\",\"contentUrl\":\"https:\\\/\\\/autobaak.nl\\\/wp-content\\\/uploads\\\/2023\\\/07\\\/APK-keuring-Rotterdam.jpg\",\"width\":1200,\"height\":400,\"caption\":\"APK keuring Rotterdam\"},{\"@type\":\"BreadcrumbList\",\"@id\":\"https:\\\/\\\/autobaak.nl\\\/apk-keuring-in-rotterdam\\\/#breadcrumb\",\"itemListElement\":[{\"@type\":\"ListItem\",\"position\":1,\"name\":\"Home\",\"item\":\"https:\\\/\\\/autobaak.nl\\\/\"},{\"@type\":\"ListItem\",\"position\":2,\"name\":\"APK Keuring Rotterdam\"}]},{\"@type\":\"WebSite\",\"@id\":\"https:\\\/\\\/autobaak.nl\\\/#website\",\"url\":\"https:\\\/\\\/autobaak.nl\\\/\",\"name\":\"Autobaak.nl\",\"description\":\"Cars &amp; Racing\",\"potentialAction\":[{\"@type\":\"SearchAction\",\"target\":{\"@type\":\"EntryPoint\",\"urlTemplate\":\"https:\\\/\\\/autobaak.nl\\\/?s={search_term_string}\"},\"query-input\":{\"@type\":\"PropertyValueSpecification\",\"valueRequired\":true,\"valueName\":\"search_term_string\"}}],\"inLanguage\":\"de\"}]}<\/script>\n<!-- \/ Yoast SEO plugin. -->","yoast_head_json":{"title":"MOT-Kontrolle Rotterdam - finden Sie eine Pr\u00fcfstelle in Ihrer N\u00e4he","description":"Lassen Sie Ihre T\u00dcV-Pr\u00fcfung in Rotterdam durchf\u00fchren? Auf dieser Seite finden Sie eine Pr\u00fcfstelle in Ihrer N\u00e4he. Durchschnittlicher Preis zwischen 50-100 \u20ac","robots":{"index":"index","follow":"follow","max-snippet":"max-snippet:-1","max-image-preview":"max-image-preview:large","max-video-preview":"max-video-preview:-1"},"canonical":"https:\/\/autobaak.nl\/de\/mot-kontrolle-in-rotterdam\/","og_locale":"de_DE","og_type":"article","og_title":"APK Keuring Rotterdam - vind een keuringsstation in de buurt","og_description":"APK keuring in Rotterdam laten uitvoeren? Vind op deze pagina een keuringsstation bij jou in de buurt. Gemiddelde prijs tussen de 50-100 \u20ac","og_url":"https:\/\/autobaak.nl\/de\/mot-kontrolle-in-rotterdam\/","og_site_name":"Autobaak.nl","article_modified_time":"2023-09-29T14:21:34+00:00","og_image":[{"width":1200,"height":400,"url":"https:\/\/autobaak.nl\/wp-content\/uploads\/2023\/07\/APK-keuring-Rotterdam.jpg","type":"image\/jpeg"}],"twitter_card":"summary_large_image","twitter_misc":{"Gesch\u00e4tzte Lesezeit":"3\u00a0Minuten"},"schema":{"@context":"https:\/\/schema.org","@graph":[{"@type":"WebPage","@id":"https:\/\/autobaak.nl\/apk-keuring-in-rotterdam\/","url":"https:\/\/autobaak.nl\/apk-keuring-in-rotterdam\/","name":"MOT-Kontrolle Rotterdam - finden Sie eine Pr\u00fcfstelle in Ihrer N\u00e4he","isPartOf":{"@id":"https:\/\/autobaak.nl\/#website"},"primaryImageOfPage":{"@id":"https:\/\/autobaak.nl\/apk-keuring-in-rotterdam\/#primaryimage"},"image":{"@id":"https:\/\/autobaak.nl\/apk-keuring-in-rotterdam\/#primaryimage"},"thumbnailUrl":"https:\/\/autobaak.nl\/wp-content\/uploads\/2023\/07\/APK-keuring-Rotterdam.jpg","datePublished":"2023-07-30T11:11:31+00:00","dateModified":"2023-09-29T14:21:34+00:00","description":"Lassen Sie Ihre T\u00dcV-Pr\u00fcfung in Rotterdam durchf\u00fchren? Auf dieser Seite finden Sie eine Pr\u00fcfstelle in Ihrer N\u00e4he. Durchschnittlicher Preis zwischen 50-100 \u20ac","breadcrumb":{"@id":"https:\/\/autobaak.nl\/apk-keuring-in-rotterdam\/#breadcrumb"},"inLanguage":"de","potentialAction":[{"@type":"ReadAction","target":["https:\/\/autobaak.nl\/apk-keuring-in-rotterdam\/"]}]},{"@type":"ImageObject","inLanguage":"de","@id":"https:\/\/autobaak.nl\/apk-keuring-in-rotterdam\/#primaryimage","url":"https:\/\/autobaak.nl\/wp-content\/uploads\/2023\/07\/APK-keuring-Rotterdam.jpg","contentUrl":"https:\/\/autobaak.nl\/wp-content\/uploads\/2023\/07\/APK-keuring-Rotterdam.jpg","width":1200,"height":400,"caption":"APK keuring Rotterdam"},{"@type":"BreadcrumbList","@id":"https:\/\/autobaak.nl\/apk-keuring-in-rotterdam\/#breadcrumb","itemListElement":[{"@type":"ListItem","position":1,"name":"Home","item":"https:\/\/autobaak.nl\/"},{"@type":"ListItem","position":2,"name":"APK Keuring Rotterdam"}]},{"@type":"WebSite","@id":"https:\/\/autobaak.nl\/#website","url":"https:\/\/autobaak.nl\/","name":"Autobook.de","description":"Autos &amp; Rennsport","potentialAction":[{"@type":"SearchAction","target":{"@type":"EntryPoint","urlTemplate":"https:\/\/autobaak.nl\/?s={search_term_string}"},"query-input":{"@type":"PropertyValueSpecification","valueRequired":true,"valueName":"search_term_string"}}],"inLanguage":"de"}]}},"_links":{"self":[{"href":"https:\/\/autobaak.nl\/de\/wp-json\/wp\/v2\/pages\/156098","targetHints":{"allow":["GET"]}}],"collection":[{"href":"https:\/\/autobaak.nl\/de\/wp-json\/wp\/v2\/pages"}],"about":[{"href":"https:\/\/autobaak.nl\/de\/wp-json\/wp\/v2\/types\/page"}],"author":[{"embeddable":true,"href":"https:\/\/autobaak.nl\/de\/wp-json\/wp\/v2\/users\/1"}],"replies":[{"embeddable":true,"href":"https:\/\/autobaak.nl\/de\/wp-json\/wp\/v2\/comments?post=156098"}],"version-history":[{"count":10,"href":"https:\/\/autobaak.nl\/de\/wp-json\/wp\/v2\/pages\/156098\/revisions"}],"predecessor-version":[{"id":156864,"href":"https:\/\/autobaak.nl\/de\/wp-json\/wp\/v2\/pages\/156098\/revisions\/156864"}],"wp:featuredmedia":[{"embeddable":true,"href":"https:\/\/autobaak.nl\/de\/wp-json\/wp\/v2\/media\/156105"}],"wp:attachment":[{"href":"https:\/\/autobaak.nl\/de\/wp-json\/wp\/v2\/media?parent=156098"}],"curies":[{"name":"wp","href":"https:\/\/api.w.org\/{rel}","templated":true}]}}