{"id":156145,"date":"2023-08-04T15:38:21","date_gmt":"2023-08-04T13:38:21","guid":{"rendered":"https:\/\/autobaak.nl\/?page_id=156145"},"modified":"2023-09-29T16:15:21","modified_gmt":"2023-09-29T14:15:21","slug":"mot-in-hilversum","status":"publish","type":"page","link":"https:\/\/autobaak.nl\/de\/mot-in-hilversum\/","title":{"rendered":"MOT-Kontrolle Hilversum"},"content":{"rendered":"<p>[et_pb_section fb_built=\"1\u2033 inner_shadow=\"on\" fullwidth=\"on\" _builder_version=\"4.18.0\u2033 background_image=\"https:\/\/autobaak.nl\/wp-content\/uploads\/2022\/08\/pexels-jesse-zheng-1213295.jpg\" global_colors_info=\"{}\"][et_pb_fullwidth_header title=\"Skoda Home\" subhead=\"N\u00fctzliche Informationen \u00fcber Skoda\" text_orientation=\"centre\" _builder_version=\"4.18.0\u2033 content_font_size=\"15px\" background_color=\"rgba(255, 255, 255, 0)\" background_image=\"https:\/\/autobaak.nl\/wp-content\/uploads\/2022\/09\/skoda.jpg\" text_shadow_style=\"preset5\u2033 text_shadow_color=\"rgba(0,0,0,0.52)\" global_colors_info=\"{}\" button_one_text_size__hover_enabled=\"off\" button_one_text_size__hover=\"null\" button_two_text_size__hover_enabled=\"off\" button_two_text_size__hover=\"null\" button_one_text_color__hover_enabled=\"off\" button_one_text_color__hover=\"null\" button_two_text_color__hover_enabled=\"off\" button_two_text_color__hover=\"null\" button_one_border_width__hover_enabled=\"off\" button_one_border_width__hover=\"null\" button_two_border_width__hover_enabled=\"off\" button_two_border_width__hover=\"null\" button_one_border_color__hover_enabled=\"off\" button_one_border_color__hover=\"null\" button_two_border_color__hover_enabled=\"off\" button_two_border_color__hover=\"null\" button_one_border_radius__hover_enabled=\"off\" button_one_border_radius__hover=\"null\" button_two_border_radius__hover_enabled=\"off\" button_two_border_radius__hover=\"null\" button_one_letter_spacing__hover_enabled=\"off\" button_one_letter_spacing__hover=\"null\" button_two_letter_spacing__hover_enabled=\"off\" button_two_letter_spacing__hover=\"null\" button_one_bg_color__hover_enabled=\"off\" button_one_bg_color__hover=\"null\" button_two_bg_color__hover_enabled=\"off\" button_two_bg_color__hover=\"null\"][\/et_pb_fullwidth_header][\/et_pb_section][et_pb_section fb_built=\"1\u2033 _builder_version=\"4.16\u2033 custom_padding=\"2px|0px|3px|0px\" global_colors_info=\"{}\"][et_pb_row _builder_version=\"4.16\u2033 background_size=\"initial\" background_position=\"top_left\" background_repeat=\"repeat\" custom_padding=\"26.3594px|0px|2px|0px\" global_colors_info=\"{}\"][et_pb_column type=\"4_4\u2033 _builder_version=\"4.16\u2033 custom_padding=\"|||\" global_colors_info=\"{}\" custom_padding__hover=\"|||\"][et_pb_text _builder_version=\"4.16\u2033 global_colors_info=\"{}\"]<\/p>\n<p>Wenn Sie in Haarlem wohnen, ist es wichtig, dass Sie Ihr Auto regelm\u00e4\u00dfig zur Inspektion bringen. Eine T\u00dcV-Inspektion ist obligatorisch und sorgt daf\u00fcr, dass Ihr Auto sicher und zuverl\u00e4ssig bleibt. Aber was sollten Sie zur Inspektion Ihres Autos mitbringen, warum ist sie notwendig, wie hoch sind die durchschnittlichen Kosten und worauf wird Ihr Auto untersucht?<\/p>\n<h2>Was sollten Sie f\u00fcr einen T\u00dcV in Hilversum mitbringen?<\/h2>\n<p>Wenn Sie Ihr Auto untersuchen lassen, m\u00fcssen Sie eine Reihe von Dingen mitbringen. Zun\u00e4chst brauchen Sie nat\u00fcrlich Ihr Auto und seine Papiere. Au\u00dferdem m\u00fcssen Sie Ihren F\u00fchrerschein und einen eventuellen Inspektionsbericht vom letzten Mal mitbringen.<\/p>\n<h2>Warum ist eine T\u00dcV-Pr\u00fcfung notwendig?<\/h2>\n<p>Eine T\u00dcV-Pr\u00fcfung ist notwendig, um sicherzustellen, dass Ihr Auto sicher und zuverl\u00e4ssig bleibt. Bei der Inspektion werden die wichtigsten Teile Ihres Fahrzeugs wie Bremsen, Beleuchtung und Auspuff \u00fcberpr\u00fcft. Wenn M\u00e4ngel festgestellt werden, m\u00fcssen Sie diese beheben lassen, bevor Ihr Auto zugelassen wird.<\/p>\n<h2>Wie hoch sind die durchschnittlichen Kosten f\u00fcr einen T\u00dcV in Hilversum?<\/h2>\n<p>Die Kosten f\u00fcr eine APK-Inspektion in Hilversum k\u00f6nnen von einer Werkstatt zur anderen variieren. Im Durchschnitt kostet eine T\u00dcV-Pr\u00fcfung in Hilversum zwischen 50 und 100 Euro. Es ist daher ratsam, im Voraus verschiedene Werkst\u00e4tten zu vergleichen.<\/p>\n<h2>Worauf wird Ihr Auto beim T\u00dcV in Hilversum gepr\u00fcft?<\/h2>\n<p>Bei der T\u00dcV-Pr\u00fcfung werden verschiedene Teile Ihres Fahrzeugs kontrolliert. Sie k\u00f6nnen dar\u00fcber nachdenken:<\/p>\n<ul>\n<li>Bremsen<\/li>\n<li>Reifen<\/li>\n<li>Beleuchtung und Elektroinstallation<\/li>\n<li>Abgase und Emissionen<\/li>\n<li>Karosserie und Fahrwerk<\/li>\n<li>Aufh\u00e4ngung<\/li>\n<li>Lenkung<\/li>\n<\/ul>\n<h2>MOT-Inspektionstabelle<\/h2>\n<p>Nachstehend finden Sie eine \u00dcbersicht \u00fcber die Punkte, auf die Ihr Auto beim T\u00dcV in Hilversum gepr\u00fcft wird:<\/p>\n<table>\n<tbody>\n<tr>\n<th colspan=\"1\" rowspan=\"1\">Teile<\/th>\n<th colspan=\"1\" rowspan=\"1\">APK-Pr\u00fcfung<\/th>\n<\/tr>\n<tr>\n<td colspan=\"1\" rowspan=\"1\">Bremsen<\/td>\n<td colspan=\"1\" rowspan=\"1\">Vorhandensein und Funktion der Handbremse, Bremsschl\u00e4uche, Gummibuchsen, Leckagen, Bremsbel\u00e4ge und Bremsscheiben<\/td>\n<\/tr>\n<tr>\n<td colspan=\"1\" rowspan=\"1\">Reifen<\/td>\n<td colspan=\"1\" rowspan=\"1\">Abnutzungsmuster, Reifendruck und Profiltiefe<\/td>\n<\/tr>\n<tr>\n<td colspan=\"1\" rowspan=\"1\">Beleuchtung und Elektroinstallation<\/td>\n<td colspan=\"1\" rowspan=\"1\">Funktion der Scheinwerfer, des Abblendlichts, des Fernlichts, der Bremslichter und der Blinker<\/td>\n<\/tr>\n<tr>\n<td colspan=\"1\" rowspan=\"1\">Abgase und Emissionen<\/td>\n<td colspan=\"1\" rowspan=\"1\">Betrieb und Verschlei\u00df von Schalld\u00e4mpfern, Ru\u00dfmessung und Emissionskontrolle<\/td>\n<\/tr>\n<tr>\n<td colspan=\"1\" rowspan=\"1\">Karosserie und Fahrwerk<\/td>\n<td colspan=\"1\" rowspan=\"1\">Rost und Sch\u00e4den an der Karosserie, Beulen, Risse in den Fenstern<\/td>\n<\/tr>\n<tr>\n<td colspan=\"1\" rowspan=\"1\">Aufh\u00e4ngung<\/td>\n<td colspan=\"1\" rowspan=\"1\">Sto\u00dfd\u00e4mpfer, Radlager und Querlenker<\/td>\n<\/tr>\n<tr>\n<td colspan=\"1\" rowspan=\"1\">Lenkung<\/td>\n<td colspan=\"1\" rowspan=\"1\">Auf dem Lenker spielen, um den Lenker herum tragen<\/td>\n<\/tr>\n<\/tbody>\n<\/table>\n<p>Wie Sie sehen, ist es wichtig, Ihr Auto regelm\u00e4\u00dfig \u00fcberpr\u00fcfen zu lassen. Das ist nicht nur Pflicht, sondern sorgt auch daf\u00fcr, dass Sie sicher fahren k\u00f6nnen. Wenn Sie noch Fragen zur T\u00dcV-Pr\u00fcfung haben, k\u00f6nnen Sie jederzeit eine Werkstatt in Ihrer N\u00e4he aufsuchen.<\/p>\n<p>[\/et_pb_text][\/et_pb_column][et_pb_column type=\"2_5\u2033 _builder_version=\"4.16\u2033 custom_padding=\"|||\" global_colors_info=\"{}\" custom_padding__hover=\"|||\"][et_pb_image src=\"https:\/\/autobaak.nl\/wp-content\/uploads\/2023\/09\/1.HalfPage.png\" _builder_version=\"4.22.2\u2033 _module_preset=\"default\" title_text=\"apk ad\" url=\"https:\/\/autobaak.nl\/adverteren-op-autobaak\/\" hover_enabled=\"0\u2033 sticky_enabled=\"0\u2033][\/et_pb_image][\/et_pb_column][\/et_pb_row][et_pb_row _builder_version=\"4.22.2\u2033 _module_preset=\"default\"][et_pb_column _builder_version=\"4.22.2\u2033 _module_preset=\"default\" type=\"4_4\u2033][et_pb_text _builder_version=\"4.21.2\u2033 background_color=\"RGBA(255,255,255,0)\" custom_margin=\"0px|||\" custom_padding=\"10px|20px|10px|20px\" global_colors_info=\"{}\"]<\/p>\n<h2>MOT-Stationen Hilversum<\/h2>\n\n<table id=\"tablepress-158\" class=\"tablepress tablepress-id-158 tablepress-responsive\">\n<thead>\n<tr class=\"row-1 odd\">\n\t<th class=\"column-1\">Name des Unternehmens<\/th><th class=\"column-2\">Stra\u00dfe<\/th><th class=\"column-3\">Postleitzahl<\/th><th class=\"column-4\">Standort<\/th><th class=\"column-5\">Rufnummer<\/th><th class=\"column-6\">Website<\/th><th class=\"column-7\">E-Mail<\/th>\n<\/tr>\n<\/thead>\n<tbody class=\"row-hover\">\n<tr class=\"row-2 even\">\n\t<td class=\"column-1\">DHZ Auto-Service<\/td><td class=\"column-2\">Neue Hafenstra\u00dfe 51<\/td><td class=\"column-3\">1216 BL<\/td><td class=\"column-4\">hilversum<\/td><td class=\"column-5\">035 607318<\/td><td class=\"column-6\"><a href=\"https:\/\/www.autogaragehilversum.nl\/\" rel=\"noopener\" target=\"_blank\">Zur Website<\/a><\/td><td class=\"column-7\">info@autogaragehilversum.nl<\/td>\n<\/tr>\n<tr class=\"row-3 odd\">\n\t<td class=\"column-1\">Hilversum Autodienst<\/td><td class=\"column-2\">R\u00fcckseite 181<\/td><td class=\"column-3\">1211 NZ<\/td><td class=\"column-4\">hilversum<\/td><td class=\"column-5\">035 621 8888<\/td><td class=\"column-6\"><a href=\"https:\/\/www.kwik-fit.nl\/vestigingen\/hilversum\/achterom\" rel=\"noopener\" target=\"_blank\">Zur Website<\/a><\/td><td class=\"column-7\">klanten@kwik-fit.nl<\/td>\n<\/tr>\n<tr class=\"row-4 even\">\n\t<td class=\"column-1\">APKKeuring vergleichen<\/td><td class=\"column-2\">St.-Franziskus-Stra\u00dfe 311<\/td><td class=\"column-3\">1216 SL<\/td><td class=\"column-4\">hilversum<\/td><td class=\"column-5\">035 711 0872<\/td><td class=\"column-6\">K.A.<\/td><td class=\"column-7\">werkplaats@autobedrijftanis.nl<\/td>\n<\/tr>\n<tr class=\"row-5 odd\">\n\t<td class=\"column-1\">Flex Car Service Hilversum<\/td><td class=\"column-2\">Neuer Havenweg 83 E-F<\/td><td class=\"column-3\">1216 BP<\/td><td class=\"column-4\">hilversum<\/td><td class=\"column-5\">06 84911122<\/td><td class=\"column-6\"><a href=\"https:\/\/www.flexautoservice.nl\/\" rel=\"noopener\" target=\"_blank\">Zur Website<\/a><\/td><td class=\"column-7\">flexautoservice@hotmail.nl<\/td>\n<\/tr>\n<tr class=\"row-6 even\">\n\t<td class=\"column-1\">Autofirst Eurocar<\/td><td class=\"column-2\">Gijsbrecht van Amstelstraat 419D<\/td><td class=\"column-3\">1216 CA<\/td><td class=\"column-4\">hilversum<\/td><td class=\"column-5\">035 656 6650<\/td><td class=\"column-6\"><a href=\"https:\/\/www.autofirst-eurocarhilversum.nl\/\" rel=\"noopener\" target=\"_blank\">Zur Website<\/a><\/td><td class=\"column-7\">info@autofirst-eurocarhilversum.nl<\/td>\n<\/tr>\n<tr class=\"row-7 odd\">\n\t<td class=\"column-1\">Jimmy's MOT &amp; Autowartung<\/td><td class=\"column-2\">New Harbour Road 83 D<\/td><td class=\"column-3\">1216 BP<\/td><td class=\"column-4\">hilversum<\/td><td class=\"column-5\">06 55780373<\/td><td class=\"column-6\"><a href=\"https:\/\/jimmysapk.nl\/\" rel=\"noopener\" target=\"_blank\">Zur Website<\/a><\/td><td class=\"column-7\">info@jimmysapk.nl<\/td>\n<\/tr>\n<tr class=\"row-8 even\">\n\t<td class=\"column-1\">Paul's Garage B.V.<\/td><td class=\"column-2\">Zeverinstra\u00dfe 20<\/td><td class=\"column-3\">1216 GK<\/td><td class=\"column-4\">hilversum<\/td><td class=\"column-5\">035 628 8966<\/td><td class=\"column-6\"><a href=\"https:\/\/www.paulsgarage.nl\/\" rel=\"noopener\" target=\"_blank\">Zur Website<\/a><\/td><td class=\"column-7\">info@paulsgarage.nl<\/td>\n<\/tr>\n<tr class=\"row-9 odd\">\n\t<td class=\"column-1\">Hilversum Autodienst<\/td><td class=\"column-2\">R\u00fcckseite 181<\/td><td class=\"column-3\">1211 NZ<\/td><td class=\"column-4\">hilversum<\/td><td class=\"column-5\">035 683 0705<\/td><td class=\"column-6\"><a href=\"https:\/\/www.kwik-fit.nl\/vestigingen\/hilversum\/oosterengweg\" rel=\"noopener\" target=\"_blank\">Zur Website<\/a><\/td><td class=\"column-7\">klanten@kwik-fit.nl<\/td>\n<\/tr>\n<tr class=\"row-10 even\">\n\t<td class=\"column-1\">Garage Br\u00fcgge<\/td><td class=\"column-2\">2. Entladekai 15<\/td><td class=\"column-3\">1216 V. CHR.<\/td><td class=\"column-4\">hilversum<\/td><td class=\"column-5\">035 624 5005<\/td><td class=\"column-6\"><a href=\"https:\/\/www.garagebrugge.nl\/\" rel=\"noopener\" target=\"_blank\">Zur Website<\/a><\/td><td class=\"column-7\">info@garagebrugge.nl<\/td>\n<\/tr>\n<tr class=\"row-11 odd\">\n\t<td class=\"column-1\">Autofirma Knemeijer<\/td><td class=\"column-2\">Achterom 185-C<\/td><td class=\"column-3\">1211 NZ<\/td><td class=\"column-4\">hilversum<\/td><td class=\"column-5\">035 623 2977<\/td><td class=\"column-6\">K.A.<\/td><td class=\"column-7\">info@autobedrijfherman.nl<\/td>\n<\/tr>\n<\/tbody>\n<\/table>\n<!-- #tablepress-158 from cache -->\n<p>[\/et_pb_text][\/et_pb_column][\/et_pb_row][\/et_pb_section].<\/p>","protected":false},"excerpt":{"rendered":"<p>Wenn Sie in Haarlem wohnen, ist es wichtig, dass Sie Ihr Auto regelm\u00e4\u00dfig zur Inspektion bringen. Eine T\u00dcV-Inspektion ist obligatorisch und sorgt daf\u00fcr, dass Ihr Auto sicher und zuverl\u00e4ssig bleibt. Aber was sollten Sie zur Inspektion Ihres Autos mitbringen, warum ist sie notwendig, wie hoch sind die durchschnittlichen Kosten und worauf wird Ihr Auto untersucht?<\/p>","protected":false},"author":1,"featured_media":156151,"parent":0,"menu_order":0,"comment_status":"closed","ping_status":"closed","template":"","meta":{"_et_pb_use_builder":"on","_et_pb_old_content":"","_et_gb_content_width":"","footnotes":""},"class_list":["post-156145","page","type-page","status-publish","has-post-thumbnail","hentry"],"yoast_head":"<!-- This site is optimized with the Yoast SEO plugin v27.5 - https:\/\/yoast.com\/product\/yoast-seo-wordpress\/ -->\n<title>APK keuring Hilversum nodig? Bekijk waar je kunt laten keuren<\/title>\n<meta name=\"description\" content=\"Auto APK laten keuren in Hilversum? Op deze pagina staat een compleet overzicht met garages bij jou in de buurt. Bekijk het overzicht direct\" \/>\n<meta name=\"robots\" content=\"index, follow, max-snippet:-1, max-image-preview:large, max-video-preview:-1\" \/>\n<link rel=\"canonical\" href=\"https:\/\/autobaak.nl\/de\/mot-in-hilversum\/\" \/>\n<meta property=\"og:locale\" content=\"de_DE\" \/>\n<meta property=\"og:type\" content=\"article\" \/>\n<meta property=\"og:title\" content=\"APK keuring Hilversum nodig? Bekijk waar je kunt laten keuren\" \/>\n<meta property=\"og:description\" content=\"Auto APK laten keuren in Hilversum? Op deze pagina staat een compleet overzicht met garages bij jou in de buurt. Bekijk het overzicht direct\" \/>\n<meta property=\"og:url\" content=\"https:\/\/autobaak.nl\/de\/mot-in-hilversum\/\" \/>\n<meta property=\"og:site_name\" content=\"Autobaak.nl\" \/>\n<meta property=\"article:modified_time\" content=\"2023-09-29T14:15:21+00:00\" \/>\n<meta property=\"og:image\" content=\"https:\/\/autobaak.nl\/wp-content\/uploads\/2023\/08\/APK-keuring-Hilversum.jpg\" \/>\n\t<meta property=\"og:image:width\" content=\"1000\" \/>\n\t<meta property=\"og:image:height\" content=\"300\" \/>\n\t<meta property=\"og:image:type\" content=\"image\/jpeg\" \/>\n<meta name=\"twitter:card\" content=\"summary_large_image\" \/>\n<meta name=\"twitter:label1\" content=\"Gesch\u00e4tzte Lesezeit\" \/>\n\t<meta name=\"twitter:data1\" content=\"3\u00a0Minuten\" \/>\n<script type=\"application\/ld+json\" class=\"yoast-schema-graph\">{\"@context\":\"https:\\\/\\\/schema.org\",\"@graph\":[{\"@type\":\"WebPage\",\"@id\":\"https:\\\/\\\/autobaak.nl\\\/apk-keuring-in-hilversum\\\/\",\"url\":\"https:\\\/\\\/autobaak.nl\\\/apk-keuring-in-hilversum\\\/\",\"name\":\"APK keuring Hilversum nodig? Bekijk waar je kunt laten keuren\",\"isPartOf\":{\"@id\":\"https:\\\/\\\/autobaak.nl\\\/#website\"},\"primaryImageOfPage\":{\"@id\":\"https:\\\/\\\/autobaak.nl\\\/apk-keuring-in-hilversum\\\/#primaryimage\"},\"image\":{\"@id\":\"https:\\\/\\\/autobaak.nl\\\/apk-keuring-in-hilversum\\\/#primaryimage\"},\"thumbnailUrl\":\"https:\\\/\\\/autobaak.nl\\\/wp-content\\\/uploads\\\/2023\\\/08\\\/APK-keuring-Hilversum.jpg\",\"datePublished\":\"2023-08-04T13:38:21+00:00\",\"dateModified\":\"2023-09-29T14:15:21+00:00\",\"description\":\"Auto APK laten keuren in Hilversum? Op deze pagina staat een compleet overzicht met garages bij jou in de buurt. Bekijk het overzicht direct\",\"breadcrumb\":{\"@id\":\"https:\\\/\\\/autobaak.nl\\\/apk-keuring-in-hilversum\\\/#breadcrumb\"},\"inLanguage\":\"de\",\"potentialAction\":[{\"@type\":\"ReadAction\",\"target\":[\"https:\\\/\\\/autobaak.nl\\\/apk-keuring-in-hilversum\\\/\"]}]},{\"@type\":\"ImageObject\",\"inLanguage\":\"de\",\"@id\":\"https:\\\/\\\/autobaak.nl\\\/apk-keuring-in-hilversum\\\/#primaryimage\",\"url\":\"https:\\\/\\\/autobaak.nl\\\/wp-content\\\/uploads\\\/2023\\\/08\\\/APK-keuring-Hilversum.jpg\",\"contentUrl\":\"https:\\\/\\\/autobaak.nl\\\/wp-content\\\/uploads\\\/2023\\\/08\\\/APK-keuring-Hilversum.jpg\",\"width\":1000,\"height\":300,\"caption\":\"APK keuring Hilversum\"},{\"@type\":\"BreadcrumbList\",\"@id\":\"https:\\\/\\\/autobaak.nl\\\/apk-keuring-in-hilversum\\\/#breadcrumb\",\"itemListElement\":[{\"@type\":\"ListItem\",\"position\":1,\"name\":\"Home\",\"item\":\"https:\\\/\\\/autobaak.nl\\\/\"},{\"@type\":\"ListItem\",\"position\":2,\"name\":\"APK keuring Hilversum\"}]},{\"@type\":\"WebSite\",\"@id\":\"https:\\\/\\\/autobaak.nl\\\/#website\",\"url\":\"https:\\\/\\\/autobaak.nl\\\/\",\"name\":\"Autobaak.nl\",\"description\":\"Cars &amp; Racing\",\"potentialAction\":[{\"@type\":\"SearchAction\",\"target\":{\"@type\":\"EntryPoint\",\"urlTemplate\":\"https:\\\/\\\/autobaak.nl\\\/?s={search_term_string}\"},\"query-input\":{\"@type\":\"PropertyValueSpecification\",\"valueRequired\":true,\"valueName\":\"search_term_string\"}}],\"inLanguage\":\"de\"}]}<\/script>\n<!-- \/ Yoast SEO plugin. -->","yoast_head_json":{"title":"Brauchen Sie eine T\u00dcV-Inspektion in Hilversum? Sehen Sie, wo Sie eine Inspektion bekommen k\u00f6nnen","description":"Lassen Sie Ihr Auto in Hilversum zum T\u00dcV? Auf dieser Seite finden Sie eine vollst\u00e4ndige Liste der Werkst\u00e4tten in Ihrer N\u00e4he. Sehen Sie sich direkt die \u00dcbersicht an","robots":{"index":"index","follow":"follow","max-snippet":"max-snippet:-1","max-image-preview":"max-image-preview:large","max-video-preview":"max-video-preview:-1"},"canonical":"https:\/\/autobaak.nl\/de\/mot-in-hilversum\/","og_locale":"de_DE","og_type":"article","og_title":"APK keuring Hilversum nodig? Bekijk waar je kunt laten keuren","og_description":"Auto APK laten keuren in Hilversum? Op deze pagina staat een compleet overzicht met garages bij jou in de buurt. Bekijk het overzicht direct","og_url":"https:\/\/autobaak.nl\/de\/mot-in-hilversum\/","og_site_name":"Autobaak.nl","article_modified_time":"2023-09-29T14:15:21+00:00","og_image":[{"width":1000,"height":300,"url":"https:\/\/autobaak.nl\/wp-content\/uploads\/2023\/08\/APK-keuring-Hilversum.jpg","type":"image\/jpeg"}],"twitter_card":"summary_large_image","twitter_misc":{"Gesch\u00e4tzte Lesezeit":"3\u00a0Minuten"},"schema":{"@context":"https:\/\/schema.org","@graph":[{"@type":"WebPage","@id":"https:\/\/autobaak.nl\/apk-keuring-in-hilversum\/","url":"https:\/\/autobaak.nl\/apk-keuring-in-hilversum\/","name":"Brauchen Sie eine T\u00dcV-Inspektion in Hilversum? Sehen Sie, wo Sie eine Inspektion bekommen k\u00f6nnen","isPartOf":{"@id":"https:\/\/autobaak.nl\/#website"},"primaryImageOfPage":{"@id":"https:\/\/autobaak.nl\/apk-keuring-in-hilversum\/#primaryimage"},"image":{"@id":"https:\/\/autobaak.nl\/apk-keuring-in-hilversum\/#primaryimage"},"thumbnailUrl":"https:\/\/autobaak.nl\/wp-content\/uploads\/2023\/08\/APK-keuring-Hilversum.jpg","datePublished":"2023-08-04T13:38:21+00:00","dateModified":"2023-09-29T14:15:21+00:00","description":"Lassen Sie Ihr Auto in Hilversum zum T\u00dcV? Auf dieser Seite finden Sie eine vollst\u00e4ndige Liste der Werkst\u00e4tten in Ihrer N\u00e4he. Sehen Sie sich direkt die \u00dcbersicht an","breadcrumb":{"@id":"https:\/\/autobaak.nl\/apk-keuring-in-hilversum\/#breadcrumb"},"inLanguage":"de","potentialAction":[{"@type":"ReadAction","target":["https:\/\/autobaak.nl\/apk-keuring-in-hilversum\/"]}]},{"@type":"ImageObject","inLanguage":"de","@id":"https:\/\/autobaak.nl\/apk-keuring-in-hilversum\/#primaryimage","url":"https:\/\/autobaak.nl\/wp-content\/uploads\/2023\/08\/APK-keuring-Hilversum.jpg","contentUrl":"https:\/\/autobaak.nl\/wp-content\/uploads\/2023\/08\/APK-keuring-Hilversum.jpg","width":1000,"height":300,"caption":"APK keuring Hilversum"},{"@type":"BreadcrumbList","@id":"https:\/\/autobaak.nl\/apk-keuring-in-hilversum\/#breadcrumb","itemListElement":[{"@type":"ListItem","position":1,"name":"Home","item":"https:\/\/autobaak.nl\/"},{"@type":"ListItem","position":2,"name":"APK keuring Hilversum"}]},{"@type":"WebSite","@id":"https:\/\/autobaak.nl\/#website","url":"https:\/\/autobaak.nl\/","name":"Autobook.de","description":"Autos &amp; Rennsport","potentialAction":[{"@type":"SearchAction","target":{"@type":"EntryPoint","urlTemplate":"https:\/\/autobaak.nl\/?s={search_term_string}"},"query-input":{"@type":"PropertyValueSpecification","valueRequired":true,"valueName":"search_term_string"}}],"inLanguage":"de"}]}},"_links":{"self":[{"href":"https:\/\/autobaak.nl\/de\/wp-json\/wp\/v2\/pages\/156145","targetHints":{"allow":["GET"]}}],"collection":[{"href":"https:\/\/autobaak.nl\/de\/wp-json\/wp\/v2\/pages"}],"about":[{"href":"https:\/\/autobaak.nl\/de\/wp-json\/wp\/v2\/types\/page"}],"author":[{"embeddable":true,"href":"https:\/\/autobaak.nl\/de\/wp-json\/wp\/v2\/users\/1"}],"replies":[{"embeddable":true,"href":"https:\/\/autobaak.nl\/de\/wp-json\/wp\/v2\/comments?post=156145"}],"version-history":[{"count":7,"href":"https:\/\/autobaak.nl\/de\/wp-json\/wp\/v2\/pages\/156145\/revisions"}],"predecessor-version":[{"id":156854,"href":"https:\/\/autobaak.nl\/de\/wp-json\/wp\/v2\/pages\/156145\/revisions\/156854"}],"wp:featuredmedia":[{"embeddable":true,"href":"https:\/\/autobaak.nl\/de\/wp-json\/wp\/v2\/media\/156151"}],"wp:attachment":[{"href":"https:\/\/autobaak.nl\/de\/wp-json\/wp\/v2\/media?parent=156145"}],"curies":[{"name":"wp","href":"https:\/\/api.w.org\/{rel}","templated":true}]}}