{"id":156205,"date":"2023-08-07T13:17:04","date_gmt":"2023-08-07T11:17:04","guid":{"rendered":"https:\/\/autobaak.nl\/?page_id=156205"},"modified":"2023-09-29T16:16:23","modified_gmt":"2023-09-29T14:16:23","slug":"apk-hoorn","status":"publish","type":"page","link":"https:\/\/autobaak.nl\/de\/apk-hoorn\/","title":{"rendered":"MOT Hoorn - \u00dcbersicht Pr\u00fcfstellen"},"content":{"rendered":"<p>[et_pb_section fb_built=\"1\u2033 inner_shadow=\"on\" fullwidth=\"on\" _builder_version=\"4.18.0\u2033 background_image=\"https:\/\/autobaak.nl\/wp-content\/uploads\/2022\/08\/pexels-jesse-zheng-1213295.jpg\" global_colors_info=\"{}\"][et_pb_fullwidth_header title=\"Skoda Home\" subhead=\"N\u00fctzliche Informationen \u00fcber Skoda\" text_orientation=\"centre\" _builder_version=\"4.18.0\u2033 content_font_size=\"15px\" background_color=\"rgba(255, 255, 255, 0)\" background_image=\"https:\/\/autobaak.nl\/wp-content\/uploads\/2022\/09\/skoda.jpg\" text_shadow_style=\"preset5\u2033 text_shadow_color=\"rgba(0,0,0,0.52)\" global_colors_info=\"{}\" button_one_text_size__hover_enabled=\"off\" button_one_text_size__hover=\"null\" button_two_text_size__hover_enabled=\"off\" button_two_text_size__hover=\"null\" button_one_text_color__hover_enabled=\"off\" button_one_text_color__hover=\"null\" button_two_text_color__hover_enabled=\"off\" button_two_text_color__hover=\"null\" button_one_border_width__hover_enabled=\"off\" button_one_border_width__hover=\"null\" button_two_border_width__hover_enabled=\"off\" button_two_border_width__hover=\"null\" button_one_border_color__hover_enabled=\"off\" button_one_border_color__hover=\"null\" button_two_border_color__hover_enabled=\"off\" button_two_border_color__hover=\"null\" button_one_border_radius__hover_enabled=\"off\" button_one_border_radius__hover=\"null\" button_two_border_radius__hover_enabled=\"off\" button_two_border_radius__hover=\"null\" button_one_letter_spacing__hover_enabled=\"off\" button_one_letter_spacing__hover=\"null\" button_two_letter_spacing__hover_enabled=\"off\" button_two_letter_spacing__hover=\"null\" button_one_bg_color__hover_enabled=\"off\" button_one_bg_color__hover=\"null\" button_two_bg_color__hover_enabled=\"off\" button_two_bg_color__hover=\"null\"][\/et_pb_fullwidth_header][\/et_pb_section][et_pb_section fb_built=\"1\u2033 _builder_version=\"4.16\u2033 custom_padding=\"2px|0px|3px|0px\" global_colors_info=\"{}\"][et_pb_row _builder_version=\"4.16\u2033 background_size=\"initial\" background_position=\"top_left\" background_repeat=\"repeat\" custom_padding=\"26.3594px|0px|2px|0px\" global_colors_info=\"{}\"][et_pb_column type=\"4_4\u2033 _builder_version=\"4.16\u2033 custom_padding=\"|||\" global_colors_info=\"{}\" custom_padding__hover=\"|||\"][et_pb_text _builder_version=\"4.16\u2033 global_colors_info=\"{}\"]<\/p>\n<p data-pm-slice=\"1 1 []\">Wenn Sie in Haarlem wohnen, ist es wichtig, dass Sie Ihr Auto regelm\u00e4\u00dfig zur Inspektion bringen. Eine T\u00dcV-Inspektion ist obligatorisch und sorgt daf\u00fcr, dass Ihr Auto sicher und zuverl\u00e4ssig bleibt. Aber was sollten Sie zur Inspektion Ihres Autos mitbringen, warum ist sie notwendig, wie hoch sind die durchschnittlichen Kosten und worauf wird Ihr Auto untersucht?<\/p>\n<h2>Was sollten Sie f\u00fcr einen T\u00dcV in Hoorn mitbringen?<\/h2>\n<p>Wenn Sie Ihr Auto untersuchen lassen, m\u00fcssen Sie eine Reihe von Dingen mitbringen. Zun\u00e4chst brauchen Sie nat\u00fcrlich Ihr Auto und seine Papiere. Au\u00dferdem m\u00fcssen Sie Ihren F\u00fchrerschein und einen eventuellen Inspektionsbericht vom letzten Mal mitbringen.<\/p>\n<h2>Warum ist eine T\u00dcV-Pr\u00fcfung notwendig?<\/h2>\n<p>Eine T\u00dcV-Pr\u00fcfung ist notwendig, um sicherzustellen, dass Ihr Auto sicher und zuverl\u00e4ssig bleibt. Bei der Inspektion werden die wichtigsten Teile Ihres Fahrzeugs wie Bremsen, Beleuchtung und Auspuff \u00fcberpr\u00fcft. Wenn M\u00e4ngel festgestellt werden, m\u00fcssen Sie diese beheben lassen, bevor Ihr Auto zugelassen wird.<\/p>\n<h2>Wie hoch sind die durchschnittlichen Kosten f\u00fcr einen T\u00dcV in Hoorn?<\/h2>\n<p>Die Kosten f\u00fcr eine T\u00dcV-Inspektion in Hoorn k\u00f6nnen von Werkstatt zu Werkstatt variieren. Im Durchschnitt kostet eine T\u00dcV-Pr\u00fcfung in Hoorn zwischen 50 \u20ac und 100 \u20ac. Es ist daher ratsam, im Voraus verschiedene Werkst\u00e4tten zu vergleichen.<\/p>\n<h2>Worauf wird Ihr Auto beim T\u00dcV in Hoorn gepr\u00fcft?<\/h2>\n<p>Bei der T\u00dcV-Pr\u00fcfung werden verschiedene Teile Ihres Fahrzeugs kontrolliert. Sie k\u00f6nnen dar\u00fcber nachdenken:<\/p>\n<ul>\n<li>\n<p>Bremsen<\/p>\n<\/li>\n<li>\n<p>Reifen<\/p>\n<\/li>\n<li>\n<p>Beleuchtung und Elektroinstallation<\/p>\n<\/li>\n<li>\n<p>Abgase und Emissionen<\/p>\n<\/li>\n<li>\n<p>Karosserie und Fahrwerk<\/p>\n<\/li>\n<li>\n<p>Aufh\u00e4ngung<\/p>\n<\/li>\n<li>\n<p>Lenkung<\/p>\n<\/li>\n<\/ul>\n<h2>MOT-Inspektionstabelle<\/h2>\n<p>Nachstehend finden Sie eine \u00dcbersicht \u00fcber die Punkte, in denen Ihr Auto beim T\u00dcV in Almelo \u00fcberpr\u00fcft wird:<\/p>\n<table>\n<tbody>\n<tr>\n<th colspan=\"1\" rowspan=\"1\">\n<p>Teile<\/p>\n<\/th>\n<th colspan=\"1\" rowspan=\"1\">\n<p>APK-Pr\u00fcfung<\/p>\n<\/th>\n<\/tr>\n<tr>\n<td colspan=\"1\" rowspan=\"1\">\n<p>Bremsen<\/p>\n<\/td>\n<td colspan=\"1\" rowspan=\"1\">\n<p>Vorhandensein und Funktion der Handbremse, Bremsschl\u00e4uche, Gummibuchsen, Leckagen, Bremsbel\u00e4ge und Bremsscheiben<\/p>\n<\/td>\n<\/tr>\n<tr>\n<td colspan=\"1\" rowspan=\"1\">\n<p>Reifen<\/p>\n<\/td>\n<td colspan=\"1\" rowspan=\"1\">\n<p>Abnutzungsmuster, Reifendruck und Profiltiefe<\/p>\n<\/td>\n<\/tr>\n<tr>\n<td colspan=\"1\" rowspan=\"1\">\n<p>Beleuchtung und Elektroinstallation<\/p>\n<\/td>\n<td colspan=\"1\" rowspan=\"1\">\n<p>Funktion der Scheinwerfer, des Abblendlichts, des Fernlichts, der Bremslichter und der Blinker<\/p>\n<\/td>\n<\/tr>\n<tr>\n<td colspan=\"1\" rowspan=\"1\">\n<p>Abgase und Emissionen<\/p>\n<\/td>\n<td colspan=\"1\" rowspan=\"1\">\n<p>Betrieb und Verschlei\u00df von Schalld\u00e4mpfern, Ru\u00dfmessung und Emissionskontrolle<\/p>\n<\/td>\n<\/tr>\n<tr>\n<td colspan=\"1\" rowspan=\"1\">\n<p>Karosserie und Fahrwerk<\/p>\n<\/td>\n<td colspan=\"1\" rowspan=\"1\">\n<p>Rost und Sch\u00e4den an der Karosserie, Beulen, Risse in den Fenstern<\/p>\n<\/td>\n<\/tr>\n<tr>\n<td colspan=\"1\" rowspan=\"1\">\n<p>Aufh\u00e4ngung<\/p>\n<\/td>\n<td colspan=\"1\" rowspan=\"1\">\n<p>Sto\u00dfd\u00e4mpfer, Radlager und Querlenker<\/p>\n<\/td>\n<\/tr>\n<tr>\n<td colspan=\"1\" rowspan=\"1\">\n<p>Lenkung<\/p>\n<\/td>\n<td colspan=\"1\" rowspan=\"1\">\n<p>Auf dem Lenker spielen, um den Lenker herum tragen<\/p>\n<\/td>\n<\/tr>\n<\/tbody>\n<\/table>\n<p>Wie Sie sehen, ist es wichtig, Ihr Auto regelm\u00e4\u00dfig \u00fcberpr\u00fcfen zu lassen. Das ist nicht nur Pflicht, sondern sorgt auch daf\u00fcr, dass Sie sicher fahren k\u00f6nnen. Wenn Sie noch Fragen zur T\u00dcV-Pr\u00fcfung haben, k\u00f6nnen Sie jederzeit eine Werkstatt in Ihrer N\u00e4he aufsuchen.<\/p>\n<p>[\/et_pb_text][\/et_pb_column][et_pb_column type=\"2_5\u2033 _builder_version=\"4.16\u2033 custom_padding=\"|||\" global_colors_info=\"{}\" custom_padding__hover=\"|||\"][et_pb_image src=\"https:\/\/autobaak.nl\/wp-content\/uploads\/2023\/09\/1.HalfPage.png\" _builder_version=\"4.22.2\u2033 _module_preset=\"default\" title_text=\"apk ad\" url=\"https:\/\/autobaak.nl\/adverteren-op-autobaak\/\" hover_enabled=\"0\u2033 sticky_enabled=\"0\u2033][\/et_pb_image][\/et_pb_column][\/et_pb_row][et_pb_row _builder_version=\"4.22.2\u2033 _module_preset=\"default\"][et_pb_column _builder_version=\"4.22.2\u2033 _module_preset=\"default\" type=\"4_4\u2033][et_pb_text _builder_version=\"4.21.2\u2033 background_color=\"RGBA(255,255,255,0)\" custom_margin=\"0px|||\" custom_padding=\"10px|20px|10px|20px\" global_colors_info=\"{}\"]<\/p>\n<h2>MOT-Stationen Hilversum<\/h2>\n\n<table id=\"tablepress-159\" class=\"tablepress tablepress-id-159 tablepress-responsive\">\n<thead>\n<tr class=\"row-1 odd\">\n\t<th class=\"column-1\">Name des Unternehmens<\/th><th class=\"column-2\">Stra\u00dfe<\/th><th class=\"column-3\">Postleitzahl<\/th><th class=\"column-4\">Standort<\/th><th class=\"column-5\">Rufnummer<\/th><th class=\"column-6\">Website<\/th><th class=\"column-7\">E-Mail:<\/th><th class=\"column-8\"><\/th>\n<\/tr>\n<\/thead>\n<tbody class=\"row-hover\">\n<tr class=\"row-2 even\">\n\t<td class=\"column-1\">Autofirma R van der Meij<\/td><td class=\"column-2\">Die alte Auktion 25 C<\/td><td class=\"column-3\">1689 AA<\/td><td class=\"column-4\">Horn<\/td><td class=\"column-5\">0229796073<\/td><td class=\"column-6\"><a href=\"http:\/\/www.apkmoerman.nl\">autobedrijfrvandermeij.nl<\/a><\/td><td class=\"column-7\">verkoop@autobedrijfvandermeij.nl<\/td><td class=\"column-8\"><\/td>\n<\/tr>\n<tr class=\"row-3 odd\">\n\t<td class=\"column-1\">MOT Moerman<\/td><td class=\"column-2\">Die Corantijn 24A<\/td><td class=\"column-3\">1689 AP<\/td><td class=\"column-4\">Horn<\/td><td class=\"column-5\">0229540210<\/td><td class=\"column-6\"><a href=\"http:\/\/www.apkmoerman.nl\">apkmoerman.co.uk<\/a><\/td><td class=\"column-7\">k.A.<\/td><td class=\"column-8\"><\/td>\n<\/tr>\n<tr class=\"row-4 even\">\n\t<td class=\"column-1\">T\u00dcV und Wartung<\/td><td class=\"column-2\">Berkhouterweg 11<\/td><td class=\"column-3\">1624 NS<\/td><td class=\"column-4\">Horn<\/td><td class=\"column-5\">0229236464<\/td><td class=\"column-6\">K.A.<\/td><td class=\"column-7\">auch info@nnab.nl<\/td><td class=\"column-8\"><\/td>\n<\/tr>\n<tr class=\"row-5 odd\">\n\t<td class=\"column-1\">Auto Tensen Hoorn<\/td><td class=\"column-2\">Aalstweg 5G<\/td><td class=\"column-3\">1625 NV<\/td><td class=\"column-4\">Horn<\/td><td class=\"column-5\">0229235544<\/td><td class=\"column-6\"><a href=\"https:\/\/autotensen.nl\">carpeople.co.uk<\/a><\/td><td class=\"column-7\">info@autotensen.nl<\/td><td class=\"column-8\"><\/td>\n<\/tr>\n<tr class=\"row-6 even\">\n\t<td class=\"column-1\">Autowerkstatt Klimmert<\/td><td class=\"column-2\">Atomare Stra\u00dfe 8<\/td><td class=\"column-3\">1627 LE<\/td><td class=\"column-4\">Horn<\/td><td class=\"column-5\">0229211496<\/td><td class=\"column-6\"><a href=\"https:\/\/garageklimmert.nl\/\">https:\/\/garageklimmert.nl\/<\/a><\/td><td class=\"column-7\">info@klimmert.nl<\/td><td class=\"column-8\"><\/td>\n<\/tr>\n<tr class=\"row-7 odd\">\n\t<td class=\"column-1\">Autofirma Verburg<\/td><td class=\"column-2\">Protonenweg 11<\/td><td class=\"column-3\">1627 LD<\/td><td class=\"column-4\">Horn<\/td><td class=\"column-5\">0229213346<\/td><td class=\"column-6\"><a href=\"http:\/\/www.verburg.nl\/\">http:\/\/www.verburg.nl\/<\/a><\/td><td class=\"column-7\">info@verburg.nl<\/td><td class=\"column-8\"><\/td>\n<\/tr>\n<\/tbody>\n<\/table>\n<!-- #tablepress-159 from cache -->\n<p>[\/et_pb_text][\/et_pb_column][\/et_pb_row][\/et_pb_section].<\/p>","protected":false},"excerpt":{"rendered":"<p>Wenn Sie in Haarlem wohnen, ist es wichtig, dass Sie Ihr Auto regelm\u00e4\u00dfig zur Inspektion bringen. Eine T\u00dcV-Inspektion ist obligatorisch und sorgt daf\u00fcr, dass Ihr Auto sicher und zuverl\u00e4ssig bleibt. Aber was sollten Sie zur Inspektion Ihres Autos mitbringen, warum ist sie notwendig, wie hoch sind die durchschnittlichen Kosten und worauf wird Ihr Auto untersucht?<\/p>","protected":false},"author":1,"featured_media":156210,"parent":0,"menu_order":0,"comment_status":"closed","ping_status":"closed","template":"","meta":{"_et_pb_use_builder":"on","_et_pb_old_content":"","_et_gb_content_width":"","footnotes":""},"class_list":["post-156205","page","type-page","status-publish","has-post-thumbnail","hentry"],"yoast_head":"<!-- This site is optimized with the Yoast SEO plugin v27.3 - https:\/\/yoast.com\/product\/yoast-seo-wordpress\/ -->\n<title>APK Hoorn - Overzicht Keuringsstations. Op deze pagina de adressen voor de keuring<\/title>\n<meta name=\"description\" content=\"APK laten uitvoeren in Hoorn? Deze periodieke keuring is verplicht. Op deze pagina een aantal garages waar je deze keuring kunt laten doen\" \/>\n<meta name=\"robots\" content=\"index, follow, max-snippet:-1, max-image-preview:large, max-video-preview:-1\" \/>\n<link rel=\"canonical\" href=\"https:\/\/autobaak.nl\/de\/apk-hoorn\/\" \/>\n<meta property=\"og:locale\" content=\"de_DE\" \/>\n<meta property=\"og:type\" content=\"article\" \/>\n<meta property=\"og:title\" content=\"APK Hoorn - Overzicht Keuringsstations. Op deze pagina de adressen voor de keuring\" \/>\n<meta property=\"og:description\" content=\"APK laten uitvoeren in Hoorn? Deze periodieke keuring is verplicht. Op deze pagina een aantal garages waar je deze keuring kunt laten doen\" \/>\n<meta property=\"og:url\" content=\"https:\/\/autobaak.nl\/de\/apk-hoorn\/\" \/>\n<meta property=\"og:site_name\" content=\"Autobaak.nl\" \/>\n<meta property=\"article:modified_time\" content=\"2023-09-29T14:16:23+00:00\" \/>\n<meta property=\"og:image\" content=\"https:\/\/autobaak.nl\/wp-content\/uploads\/2023\/08\/apk-garages-Hoorn.jpg\" \/>\n\t<meta property=\"og:image:width\" content=\"1000\" \/>\n\t<meta property=\"og:image:height\" content=\"300\" \/>\n\t<meta property=\"og:image:type\" content=\"image\/jpeg\" \/>\n<meta name=\"twitter:card\" content=\"summary_large_image\" \/>\n<meta name=\"twitter:label1\" content=\"Gesch\u00e4tzte Lesezeit\" \/>\n\t<meta name=\"twitter:data1\" content=\"3\u00a0Minuten\" \/>\n<script type=\"application\/ld+json\" class=\"yoast-schema-graph\">{\"@context\":\"https:\\\/\\\/schema.org\",\"@graph\":[{\"@type\":\"WebPage\",\"@id\":\"https:\\\/\\\/autobaak.nl\\\/apk-hoorn\\\/\",\"url\":\"https:\\\/\\\/autobaak.nl\\\/apk-hoorn\\\/\",\"name\":\"APK Hoorn - Overzicht Keuringsstations. Op deze pagina de adressen voor de keuring\",\"isPartOf\":{\"@id\":\"https:\\\/\\\/autobaak.nl\\\/#website\"},\"primaryImageOfPage\":{\"@id\":\"https:\\\/\\\/autobaak.nl\\\/apk-hoorn\\\/#primaryimage\"},\"image\":{\"@id\":\"https:\\\/\\\/autobaak.nl\\\/apk-hoorn\\\/#primaryimage\"},\"thumbnailUrl\":\"https:\\\/\\\/autobaak.nl\\\/wp-content\\\/uploads\\\/2023\\\/08\\\/apk-garages-Hoorn.jpg\",\"datePublished\":\"2023-08-07T11:17:04+00:00\",\"dateModified\":\"2023-09-29T14:16:23+00:00\",\"description\":\"APK laten uitvoeren in Hoorn? Deze periodieke keuring is verplicht. Op deze pagina een aantal garages waar je deze keuring kunt laten doen\",\"breadcrumb\":{\"@id\":\"https:\\\/\\\/autobaak.nl\\\/apk-hoorn\\\/#breadcrumb\"},\"inLanguage\":\"de\",\"potentialAction\":[{\"@type\":\"ReadAction\",\"target\":[\"https:\\\/\\\/autobaak.nl\\\/apk-hoorn\\\/\"]}]},{\"@type\":\"ImageObject\",\"inLanguage\":\"de\",\"@id\":\"https:\\\/\\\/autobaak.nl\\\/apk-hoorn\\\/#primaryimage\",\"url\":\"https:\\\/\\\/autobaak.nl\\\/wp-content\\\/uploads\\\/2023\\\/08\\\/apk-garages-Hoorn.jpg\",\"contentUrl\":\"https:\\\/\\\/autobaak.nl\\\/wp-content\\\/uploads\\\/2023\\\/08\\\/apk-garages-Hoorn.jpg\",\"width\":1000,\"height\":300,\"caption\":\"apk garages Hoorn\"},{\"@type\":\"BreadcrumbList\",\"@id\":\"https:\\\/\\\/autobaak.nl\\\/apk-hoorn\\\/#breadcrumb\",\"itemListElement\":[{\"@type\":\"ListItem\",\"position\":1,\"name\":\"Home\",\"item\":\"https:\\\/\\\/autobaak.nl\\\/\"},{\"@type\":\"ListItem\",\"position\":2,\"name\":\"APK Hoorn &#8211; Overzicht Keuringsstations\"}]},{\"@type\":\"WebSite\",\"@id\":\"https:\\\/\\\/autobaak.nl\\\/#website\",\"url\":\"https:\\\/\\\/autobaak.nl\\\/\",\"name\":\"Autobaak.nl\",\"description\":\"Cars &amp; Racing\",\"potentialAction\":[{\"@type\":\"SearchAction\",\"target\":{\"@type\":\"EntryPoint\",\"urlTemplate\":\"https:\\\/\\\/autobaak.nl\\\/?s={search_term_string}\"},\"query-input\":{\"@type\":\"PropertyValueSpecification\",\"valueRequired\":true,\"valueName\":\"search_term_string\"}}],\"inLanguage\":\"de\"}]}<\/script>\n<!-- \/ Yoast SEO plugin. -->","yoast_head_json":{"title":"MOT Hoorn - \u00dcbersicht der Pr\u00fcfstellen. Auf dieser Seite finden Sie die Adressen der Pr\u00fcfstellen","description":"M\u00fcssen Sie Ihren T\u00dcV in Hoorn durchf\u00fchren lassen? Diese regelm\u00e4\u00dfige Pr\u00fcfung ist obligatorisch. Auf dieser Seite finden Sie eine Reihe von Werkst\u00e4tten, in denen Sie diese Pr\u00fcfung durchf\u00fchren lassen k\u00f6nnen","robots":{"index":"index","follow":"follow","max-snippet":"max-snippet:-1","max-image-preview":"max-image-preview:large","max-video-preview":"max-video-preview:-1"},"canonical":"https:\/\/autobaak.nl\/de\/apk-hoorn\/","og_locale":"de_DE","og_type":"article","og_title":"APK Hoorn - Overzicht Keuringsstations. Op deze pagina de adressen voor de keuring","og_description":"APK laten uitvoeren in Hoorn? Deze periodieke keuring is verplicht. Op deze pagina een aantal garages waar je deze keuring kunt laten doen","og_url":"https:\/\/autobaak.nl\/de\/apk-hoorn\/","og_site_name":"Autobaak.nl","article_modified_time":"2023-09-29T14:16:23+00:00","og_image":[{"width":1000,"height":300,"url":"https:\/\/autobaak.nl\/wp-content\/uploads\/2023\/08\/apk-garages-Hoorn.jpg","type":"image\/jpeg"}],"twitter_card":"summary_large_image","twitter_misc":{"Gesch\u00e4tzte Lesezeit":"3\u00a0Minuten"},"schema":{"@context":"https:\/\/schema.org","@graph":[{"@type":"WebPage","@id":"https:\/\/autobaak.nl\/apk-hoorn\/","url":"https:\/\/autobaak.nl\/apk-hoorn\/","name":"MOT Hoorn - \u00dcbersicht der Pr\u00fcfstellen. Auf dieser Seite finden Sie die Adressen der Pr\u00fcfstellen","isPartOf":{"@id":"https:\/\/autobaak.nl\/#website"},"primaryImageOfPage":{"@id":"https:\/\/autobaak.nl\/apk-hoorn\/#primaryimage"},"image":{"@id":"https:\/\/autobaak.nl\/apk-hoorn\/#primaryimage"},"thumbnailUrl":"https:\/\/autobaak.nl\/wp-content\/uploads\/2023\/08\/apk-garages-Hoorn.jpg","datePublished":"2023-08-07T11:17:04+00:00","dateModified":"2023-09-29T14:16:23+00:00","description":"M\u00fcssen Sie Ihren T\u00dcV in Hoorn durchf\u00fchren lassen? Diese regelm\u00e4\u00dfige Pr\u00fcfung ist obligatorisch. Auf dieser Seite finden Sie eine Reihe von Werkst\u00e4tten, in denen Sie diese Pr\u00fcfung durchf\u00fchren lassen k\u00f6nnen","breadcrumb":{"@id":"https:\/\/autobaak.nl\/apk-hoorn\/#breadcrumb"},"inLanguage":"de","potentialAction":[{"@type":"ReadAction","target":["https:\/\/autobaak.nl\/apk-hoorn\/"]}]},{"@type":"ImageObject","inLanguage":"de","@id":"https:\/\/autobaak.nl\/apk-hoorn\/#primaryimage","url":"https:\/\/autobaak.nl\/wp-content\/uploads\/2023\/08\/apk-garages-Hoorn.jpg","contentUrl":"https:\/\/autobaak.nl\/wp-content\/uploads\/2023\/08\/apk-garages-Hoorn.jpg","width":1000,"height":300,"caption":"apk garages Hoorn"},{"@type":"BreadcrumbList","@id":"https:\/\/autobaak.nl\/apk-hoorn\/#breadcrumb","itemListElement":[{"@type":"ListItem","position":1,"name":"Home","item":"https:\/\/autobaak.nl\/"},{"@type":"ListItem","position":2,"name":"APK Hoorn &#8211; Overzicht Keuringsstations"}]},{"@type":"WebSite","@id":"https:\/\/autobaak.nl\/#website","url":"https:\/\/autobaak.nl\/","name":"Autobook.de","description":"Autos &amp; Rennsport","potentialAction":[{"@type":"SearchAction","target":{"@type":"EntryPoint","urlTemplate":"https:\/\/autobaak.nl\/?s={search_term_string}"},"query-input":{"@type":"PropertyValueSpecification","valueRequired":true,"valueName":"search_term_string"}}],"inLanguage":"de"}]}},"_links":{"self":[{"href":"https:\/\/autobaak.nl\/de\/wp-json\/wp\/v2\/pages\/156205","targetHints":{"allow":["GET"]}}],"collection":[{"href":"https:\/\/autobaak.nl\/de\/wp-json\/wp\/v2\/pages"}],"about":[{"href":"https:\/\/autobaak.nl\/de\/wp-json\/wp\/v2\/types\/page"}],"author":[{"embeddable":true,"href":"https:\/\/autobaak.nl\/de\/wp-json\/wp\/v2\/users\/1"}],"replies":[{"embeddable":true,"href":"https:\/\/autobaak.nl\/de\/wp-json\/wp\/v2\/comments?post=156205"}],"version-history":[{"count":7,"href":"https:\/\/autobaak.nl\/de\/wp-json\/wp\/v2\/pages\/156205\/revisions"}],"predecessor-version":[{"id":156856,"href":"https:\/\/autobaak.nl\/de\/wp-json\/wp\/v2\/pages\/156205\/revisions\/156856"}],"wp:featuredmedia":[{"embeddable":true,"href":"https:\/\/autobaak.nl\/de\/wp-json\/wp\/v2\/media\/156210"}],"wp:attachment":[{"href":"https:\/\/autobaak.nl\/de\/wp-json\/wp\/v2\/media?parent=156205"}],"curies":[{"name":"wp","href":"https:\/\/api.w.org\/{rel}","templated":true}]}}