{"id":156223,"date":"2023-08-07T16:52:36","date_gmt":"2023-08-07T14:52:36","guid":{"rendered":"https:\/\/autobaak.nl\/?page_id=156223"},"modified":"2023-09-29T16:00:30","modified_gmt":"2023-09-29T14:00:30","slug":"apk-haarlem","status":"publish","type":"page","link":"https:\/\/autobaak.nl\/de\/apk-haarlem\/","title":{"rendered":"MOT Haarlem - \u00dcbersicht Pr\u00fcfstellen"},"content":{"rendered":"<p>[et_pb_section fb_built=\"1\u2033 inner_shadow=\"on\" fullwidth=\"on\" _builder_version=\"4.18.0\u2033 background_image=\"https:\/\/autobaak.nl\/wp-content\/uploads\/2022\/08\/pexels-jesse-zheng-1213295.jpg\" global_colors_info=\"{}\"][et_pb_fullwidth_header title=\"Skoda Home\" subhead=\"N\u00fctzliche Informationen \u00fcber Skoda\" text_orientation=\"centre\" _builder_version=\"4.18.0\u2033 content_font_size=\"15px\" background_color=\"rgba(255, 255, 255, 0)\" background_image=\"https:\/\/autobaak.nl\/wp-content\/uploads\/2022\/09\/skoda.jpg\" text_shadow_style=\"preset5\u2033 text_shadow_color=\"rgba(0,0,0,0.52)\" global_colors_info=\"{}\" button_one_text_size__hover_enabled=\"off\" button_one_text_size__hover=\"null\" button_two_text_size__hover_enabled=\"off\" button_two_text_size__hover=\"null\" button_one_text_color__hover_enabled=\"off\" button_one_text_color__hover=\"null\" button_two_text_color__hover_enabled=\"off\" button_two_text_color__hover=\"null\" button_one_border_width__hover_enabled=\"off\" button_one_border_width__hover=\"null\" button_two_border_width__hover_enabled=\"off\" button_two_border_width__hover=\"null\" button_one_border_color__hover_enabled=\"off\" button_one_border_color__hover=\"null\" button_two_border_color__hover_enabled=\"off\" button_two_border_color__hover=\"null\" button_one_border_radius__hover_enabled=\"off\" button_one_border_radius__hover=\"null\" button_two_border_radius__hover_enabled=\"off\" button_two_border_radius__hover=\"null\" button_one_letter_spacing__hover_enabled=\"off\" button_one_letter_spacing__hover=\"null\" button_two_letter_spacing__hover_enabled=\"off\" button_two_letter_spacing__hover=\"null\" button_one_bg_color__hover_enabled=\"off\" button_one_bg_color__hover=\"null\" button_two_bg_color__hover_enabled=\"off\" button_two_bg_color__hover=\"null\"][\/et_pb_fullwidth_header][\/et_pb_section][et_pb_section fb_built=\"1\u2033 _builder_version=\"4.16\u2033 custom_padding=\"2px|0px|3px|0px\" global_colors_info=\"{}\"][et_pb_row _builder_version=\"4.16\u2033 background_size=\"initial\" background_position=\"top_left\" background_repeat=\"repeat\" custom_padding=\"26.3594px|0px|2px|0px\" global_colors_info=\"{}\"][et_pb_column type=\"4_4\u2033 _builder_version=\"4.16\u2033 custom_padding=\"|||\" global_colors_info=\"{}\" custom_padding__hover=\"|||\"][et_pb_text _builder_version=\"4.16\u2033 global_colors_info=\"{}\"]<\/p>\n<p data-pm-slice=\"1 1 []\">Wenn Sie in Haarlem wohnen, ist es wichtig, dass Sie Ihr Auto regelm\u00e4\u00dfig zur Inspektion bringen. Eine T\u00dcV-Inspektion ist obligatorisch und sorgt daf\u00fcr, dass Ihr Auto sicher und zuverl\u00e4ssig bleibt. Aber was sollten Sie zur Inspektion Ihres Autos mitbringen, warum ist sie notwendig, wie hoch sind die durchschnittlichen Kosten und worauf wird Ihr Auto untersucht?<\/p>\n<h2>Was sollten Sie f\u00fcr einen T\u00dcV in Haarlem mitbringen?<\/h2>\n<p>Wenn Sie Ihr Auto untersuchen lassen, m\u00fcssen Sie eine Reihe von Dingen mitbringen. Zun\u00e4chst brauchen Sie nat\u00fcrlich Ihr Auto und seine Papiere. Au\u00dferdem m\u00fcssen Sie Ihren F\u00fchrerschein und einen eventuellen Inspektionsbericht vom letzten Mal mitbringen.<\/p>\n<h2>Warum ist eine T\u00dcV-Pr\u00fcfung notwendig?<\/h2>\n<p>Eine T\u00dcV-Pr\u00fcfung ist notwendig, um sicherzustellen, dass Ihr Auto sicher und zuverl\u00e4ssig bleibt. Bei der Inspektion werden die wichtigsten Teile Ihres Fahrzeugs wie Bremsen, Beleuchtung und Auspuff \u00fcberpr\u00fcft. Wenn M\u00e4ngel festgestellt werden, m\u00fcssen Sie diese beheben lassen, bevor Ihr Auto zugelassen wird.<\/p>\n<h2>Wie hoch sind die durchschnittlichen Kosten f\u00fcr einen T\u00dcV in Haarlem?<\/h2>\n<p>Die Kosten f\u00fcr eine T\u00dcV-Pr\u00fcfung in Haarlem k\u00f6nnen von einer Werkstatt zur anderen variieren. Im Durchschnitt kostet eine T\u00dcV-Pr\u00fcfung in Haarlem zwischen 50 und 100 Euro. Es ist daher ratsam, im Voraus verschiedene Werkst\u00e4tten zu vergleichen.<\/p>\n<h2>Worauf wird Ihr Auto beim T\u00dcV in Haarlem untersucht?<\/h2>\n<p>Bei der T\u00dcV-Pr\u00fcfung werden verschiedene Teile Ihres Fahrzeugs kontrolliert. Sie k\u00f6nnen dar\u00fcber nachdenken:<\/p>\n<ul>\n<li>\n<p>Bremsen<\/p>\n<\/li>\n<li>\n<p>Reifen<\/p>\n<\/li>\n<li>\n<p>Beleuchtung und Elektroinstallation<\/p>\n<\/li>\n<li>\n<p>Abgase und Emissionen<\/p>\n<\/li>\n<li>\n<p>Karosserie und Fahrwerk<\/p>\n<\/li>\n<li>\n<p>Aufh\u00e4ngung<\/p>\n<\/li>\n<li>\n<p>Lenkung<\/p>\n<\/li>\n<\/ul>\n<h2>MOT-Inspektionstabelle<\/h2>\n<p>Nachstehend finden Sie eine \u00dcbersicht \u00fcber die Punkte, in denen Ihr Auto beim T\u00dcV in Almelo \u00fcberpr\u00fcft wird:<\/p>\n<table>\n<tbody>\n<tr>\n<th colspan=\"1\" rowspan=\"1\">\n<p>Teile<\/p>\n<\/th>\n<th colspan=\"1\" rowspan=\"1\">\n<p>APK-Pr\u00fcfung<\/p>\n<\/th>\n<\/tr>\n<tr>\n<td colspan=\"1\" rowspan=\"1\">\n<p>Bremsen<\/p>\n<\/td>\n<td colspan=\"1\" rowspan=\"1\">\n<p>Vorhandensein und Funktion der Handbremse, Bremsschl\u00e4uche, Gummibuchsen, Leckagen, Bremsbel\u00e4ge und Bremsscheiben<\/p>\n<\/td>\n<\/tr>\n<tr>\n<td colspan=\"1\" rowspan=\"1\">\n<p>Reifen<\/p>\n<\/td>\n<td colspan=\"1\" rowspan=\"1\">\n<p>Abnutzungsmuster, Reifendruck und Profiltiefe<\/p>\n<\/td>\n<\/tr>\n<tr>\n<td colspan=\"1\" rowspan=\"1\">\n<p>Beleuchtung und Elektroinstallation<\/p>\n<\/td>\n<td colspan=\"1\" rowspan=\"1\">\n<p>Funktion der Scheinwerfer, des Abblendlichts, des Fernlichts, der Bremslichter und der Blinker<\/p>\n<\/td>\n<\/tr>\n<tr>\n<td colspan=\"1\" rowspan=\"1\">\n<p>Abgase und Emissionen<\/p>\n<\/td>\n<td colspan=\"1\" rowspan=\"1\">\n<p>Betrieb und Verschlei\u00df von Schalld\u00e4mpfern, Ru\u00dfmessung und Emissionskontrolle<\/p>\n<\/td>\n<\/tr>\n<tr>\n<td colspan=\"1\" rowspan=\"1\">\n<p>Karosserie und Fahrwerk<\/p>\n<\/td>\n<td colspan=\"1\" rowspan=\"1\">\n<p>Rost und Sch\u00e4den an der Karosserie, Beulen, Risse in den Fenstern<\/p>\n<\/td>\n<\/tr>\n<tr>\n<td colspan=\"1\" rowspan=\"1\">\n<p>Aufh\u00e4ngung<\/p>\n<\/td>\n<td colspan=\"1\" rowspan=\"1\">\n<p>Sto\u00dfd\u00e4mpfer, Radlager und Querlenker<\/p>\n<\/td>\n<\/tr>\n<tr>\n<td colspan=\"1\" rowspan=\"1\">\n<p>Lenkung<\/p>\n<\/td>\n<td colspan=\"1\" rowspan=\"1\">\n<p>Auf dem Lenker spielen, um den Lenker herum tragen<\/p>\n<\/td>\n<\/tr>\n<\/tbody>\n<\/table>\n<p>Wie Sie sehen, ist es wichtig, Ihr Auto regelm\u00e4\u00dfig \u00fcberpr\u00fcfen zu lassen. Das ist nicht nur Pflicht, sondern sorgt auch daf\u00fcr, dass Sie sicher fahren k\u00f6nnen. Wenn Sie noch Fragen zur T\u00dcV-Pr\u00fcfung haben, k\u00f6nnen Sie jederzeit eine Werkstatt in Ihrer N\u00e4he aufsuchen.<\/p>\n<p>[\/et_pb_text][\/et_pb_column][et_pb_column type=\"2_5\u2033 _builder_version=\"4.16\u2033 custom_padding=\"|||\" global_colors_info=\"{}\" custom_padding__hover=\"|||\"][et_pb_image src=\"https:\/\/autobaak.nl\/wp-content\/uploads\/2023\/09\/1.HalfPage.png\" _builder_version=\"4.22.2\u2033 _module_preset=\"default\" title_text=\"apk ad\" url=\"https:\/\/autobaak.nl\/adverteren-op-autobaak\/\" hover_enabled=\"0\u2033 sticky_enabled=\"0\u2033][\/et_pb_image][\/et_pb_column][\/et_pb_row][et_pb_row _builder_version=\"4.22.2\u2033 _module_preset=\"default\"][et_pb_column _builder_version=\"4.22.2\u2033 _module_preset=\"default\" type=\"4_4\u2033][et_pb_text _builder_version=\"4.21.2\u2033 background_color=\"RGBA(255,255,255,0)\" custom_margin=\"0px|||\" custom_padding=\"10px|20px|10px|20px\" global_colors_info=\"{}\"]<\/p>\n<h2>MOT-Stationen Haarlem<\/h2>\n<div id=\"tablepress-180-scroll-wrapper\" class=\"tablepress-scroll-wrapper\">\n\n<table id=\"tablepress-180\" class=\"tablepress tablepress-id-180 tablepress-responsive\">\n<thead>\n<tr class=\"row-1 odd\">\n\t<th class=\"column-1\">Name des Unternehmens<\/th><th class=\"column-2\">Stra\u00dfe<\/th><th class=\"column-3\">Postleitzahl<\/th><th class=\"column-4\">Standort<\/th><th class=\"column-5\">Rufnummer<\/th><th class=\"column-6\">Website<\/th><th class=\"column-7\">E-Mail:<\/th>\n<\/tr>\n<\/thead>\n<tbody class=\"row-hover\">\n<tr class=\"row-2 even\">\n\t<td class=\"column-1\">MOT der Waarder<\/td><td class=\"column-2\">A. Hofmanweg 34<\/td><td class=\"column-3\">200BL<\/td><td class=\"column-4\">haarlem<\/td><td class=\"column-5\">023 534 0952<\/td><td class=\"column-6\"><a href=\"http:\/\/www.apkdewaarder.nl\/\">apkdewaarder.co.uk<\/a><\/td><td class=\"column-7\">apkdewaarder@gmail.com<\/td>\n<\/tr>\n<tr class=\"row-3 odd\">\n\t<td class=\"column-1\">MOT Garage GoedKeur<\/td><td class=\"column-2\">Industriestra\u00dfe 48c<\/td><td class=\"column-3\">200CP<\/td><td class=\"column-4\">haarlem<\/td><td class=\"column-5\">023 529 4563<\/td><td class=\"column-6\"><a href=\"https:\/\/garagegoedkeur.nl\/\">garagegoedkeur.co.uk<\/a><\/td><td class=\"column-7\">info@garagegoedkeur.nl<\/td>\n<\/tr>\n<tr class=\"row-4 even\">\n\t<td class=\"column-1\">Autowerkstatt Ucar<\/td><td class=\"column-2\">Amsterdamsevaart 16-18<\/td><td class=\"column-3\">2032 EA<\/td><td class=\"column-4\">haarlem<\/td><td class=\"column-5\">023 533 5774<\/td><td class=\"column-6\"><a href=\"https:\/\/ucarauto.nl\/\">ucarauto.co.uk<\/a><\/td><td class=\"column-7\">John@ucarsaz.com<\/td>\n<\/tr>\n<tr class=\"row-5 odd\">\n\t<td class=\"column-1\">Wecar Achsvermessung und Reifenservice Haarlem<\/td><td class=\"column-2\">Leidsevaart 340<\/td><td class=\"column-3\">2014 HK<\/td><td class=\"column-4\">haarlem<\/td><td class=\"column-5\">023 524 4913<\/td><td class=\"column-6\"><a href=\"http:\/\/www.wecarservice.nl\/\">wecarservice.co.uk<\/a><\/td><td class=\"column-7\">wecarhaarlem@gmail.com<\/td>\n<\/tr>\n<tr class=\"row-6 even\">\n\t<td class=\"column-1\">Van Laar-Garage<\/td><td class=\"column-2\">Pegasusstra\u00dfe 90<\/td><td class=\"column-3\">2024 US<\/td><td class=\"column-4\">haarlem<\/td><td class=\"column-5\">023 525 4856<\/td><td class=\"column-6\"><a href=\"https:\/\/www.vakgaragevanlaar.nl\/\">vakgaragevanlaar.nl<\/a><\/td><td class=\"column-7\">info@vakgaragevanlaar.nl<\/td>\n<\/tr>\n<tr class=\"row-7 odd\">\n\t<td class=\"column-1\">Fachwerkstatt Wals<\/td><td class=\"column-2\">Hasebroek Stra\u00dfe 5<\/td><td class=\"column-3\">2032 ZG<\/td><td class=\"column-4\">haarlem<\/td><td class=\"column-5\">023 535 3502<\/td><td class=\"column-6\"><a href=\"http:\/\/www.vakgaragewals.nl\/\">vakgaragewals.co.uk<\/a><\/td><td class=\"column-7\">info@vakgaragevanlaar.nl<\/td>\n<\/tr>\n<tr class=\"row-8 even\">\n\t<td class=\"column-1\">Garage Inhalt<\/td><td class=\"column-2\">Schouwtjeslaan 2-H<\/td><td class=\"column-3\">2012 KH<\/td><td class=\"column-4\">haarlem<\/td><td class=\"column-5\">023 532 7855<\/td><td class=\"column-6\"><a href=\"http:\/\/www.garagecontent.nl\/\">garagecontent.de<\/a><\/td><td class=\"column-7\">garagecontent@gmail.com<\/td>\n<\/tr>\n<tr class=\"row-9 odd\">\n\t<td class=\"column-1\">MOT Service Vermaire<\/td><td class=\"column-2\">A. Hofmanweg 61<\/td><td class=\"column-3\">200BH<\/td><td class=\"column-4\">haarlem<\/td><td class=\"column-5\">023 532 7591<\/td><td class=\"column-6\"><a href=\"http:\/\/mijnevspecialist.nl\/\">myevspecialist.co.uk<\/a><\/td><td class=\"column-7\">vermairehaarlem@asnmail.nl<\/td>\n<\/tr>\n<tr class=\"row-10 even\">\n\t<td class=\"column-1\">Garage Rustman<\/td><td class=\"column-2\">Eysinkweg 69<\/td><td class=\"column-3\">2014 SB<\/td><td class=\"column-4\">haarlem<\/td><td class=\"column-5\">023 524 4040<\/td><td class=\"column-6\"><a href=\"https:\/\/www.vakgaragerustman.nl\/\">vakgaragerustman.co.uk<\/a><\/td><td class=\"column-7\">info@vakgaragerustman.nl<\/td>\n<\/tr>\n<\/tbody>\n<\/table>\n\n<\/div><!-- #tablepress-180 from cache -->\n<p>[\/et_pb_text][\/et_pb_column][\/et_pb_row][\/et_pb_section].<\/p>","protected":false},"excerpt":{"rendered":"<p>Wenn Sie in Haarlem wohnen, ist es wichtig, dass Sie Ihr Auto regelm\u00e4\u00dfig zur Inspektion bringen. Eine T\u00dcV-Inspektion ist obligatorisch und sorgt daf\u00fcr, dass Ihr Auto sicher und zuverl\u00e4ssig bleibt. Aber was sollten Sie zur Inspektion Ihres Autos mitbringen, warum ist sie notwendig, wie hoch sind die durchschnittlichen Kosten und worauf wird Ihr Auto untersucht?<\/p>","protected":false},"author":1,"featured_media":156230,"parent":0,"menu_order":0,"comment_status":"closed","ping_status":"closed","template":"","meta":{"_et_pb_use_builder":"on","_et_pb_old_content":"","_et_gb_content_width":"","footnotes":""},"class_list":["post-156223","page","type-page","status-publish","has-post-thumbnail","hentry"],"yoast_head":"<!-- This site is optimized with the Yoast SEO plugin v27.5 - https:\/\/yoast.com\/product\/yoast-seo-wordpress\/ -->\n<title>APK Haarlem - Overzicht Keuringsstations - bekijk het overzicht van alle APK stations<\/title>\n<meta name=\"description\" content=\"Auto APK laten keuren in Haarlem? Bekijk op deze pagina de garages waar je terecht kunt in deze stad voor deze periodieke keuring\" \/>\n<meta name=\"robots\" content=\"index, follow, max-snippet:-1, max-image-preview:large, max-video-preview:-1\" \/>\n<link rel=\"canonical\" href=\"https:\/\/autobaak.nl\/de\/apk-haarlem\/\" \/>\n<meta property=\"og:locale\" content=\"de_DE\" \/>\n<meta property=\"og:type\" content=\"article\" \/>\n<meta property=\"og:title\" content=\"APK Haarlem - Overzicht Keuringsstations - bekijk het overzicht van alle APK stations\" \/>\n<meta property=\"og:description\" content=\"Auto APK laten keuren in Haarlem? Bekijk op deze pagina de garages waar je terecht kunt in deze stad voor deze periodieke keuring\" \/>\n<meta property=\"og:url\" content=\"https:\/\/autobaak.nl\/de\/apk-haarlem\/\" \/>\n<meta property=\"og:site_name\" content=\"Autobaak.nl\" \/>\n<meta property=\"article:modified_time\" content=\"2023-09-29T14:00:30+00:00\" \/>\n<meta property=\"og:image\" content=\"https:\/\/autobaak.nl\/wp-content\/uploads\/2023\/08\/apk-garages-Haarlem.jpg\" \/>\n\t<meta property=\"og:image:width\" content=\"1000\" \/>\n\t<meta property=\"og:image:height\" content=\"300\" \/>\n\t<meta property=\"og:image:type\" content=\"image\/jpeg\" \/>\n<meta name=\"twitter:card\" content=\"summary_large_image\" \/>\n<meta name=\"twitter:label1\" content=\"Gesch\u00e4tzte Lesezeit\" \/>\n\t<meta name=\"twitter:data1\" content=\"3\u00a0Minuten\" \/>\n<script type=\"application\/ld+json\" class=\"yoast-schema-graph\">{\"@context\":\"https:\\\/\\\/schema.org\",\"@graph\":[{\"@type\":\"WebPage\",\"@id\":\"https:\\\/\\\/autobaak.nl\\\/apk-haarlem\\\/\",\"url\":\"https:\\\/\\\/autobaak.nl\\\/apk-haarlem\\\/\",\"name\":\"APK Haarlem - Overzicht Keuringsstations - bekijk het overzicht van alle APK stations\",\"isPartOf\":{\"@id\":\"https:\\\/\\\/autobaak.nl\\\/#website\"},\"primaryImageOfPage\":{\"@id\":\"https:\\\/\\\/autobaak.nl\\\/apk-haarlem\\\/#primaryimage\"},\"image\":{\"@id\":\"https:\\\/\\\/autobaak.nl\\\/apk-haarlem\\\/#primaryimage\"},\"thumbnailUrl\":\"https:\\\/\\\/autobaak.nl\\\/wp-content\\\/uploads\\\/2023\\\/08\\\/apk-garages-Haarlem.jpg\",\"datePublished\":\"2023-08-07T14:52:36+00:00\",\"dateModified\":\"2023-09-29T14:00:30+00:00\",\"description\":\"Auto APK laten keuren in Haarlem? Bekijk op deze pagina de garages waar je terecht kunt in deze stad voor deze periodieke keuring\",\"breadcrumb\":{\"@id\":\"https:\\\/\\\/autobaak.nl\\\/apk-haarlem\\\/#breadcrumb\"},\"inLanguage\":\"de\",\"potentialAction\":[{\"@type\":\"ReadAction\",\"target\":[\"https:\\\/\\\/autobaak.nl\\\/apk-haarlem\\\/\"]}]},{\"@type\":\"ImageObject\",\"inLanguage\":\"de\",\"@id\":\"https:\\\/\\\/autobaak.nl\\\/apk-haarlem\\\/#primaryimage\",\"url\":\"https:\\\/\\\/autobaak.nl\\\/wp-content\\\/uploads\\\/2023\\\/08\\\/apk-garages-Haarlem.jpg\",\"contentUrl\":\"https:\\\/\\\/autobaak.nl\\\/wp-content\\\/uploads\\\/2023\\\/08\\\/apk-garages-Haarlem.jpg\",\"width\":1000,\"height\":300,\"caption\":\"apk garages Haarlem\"},{\"@type\":\"BreadcrumbList\",\"@id\":\"https:\\\/\\\/autobaak.nl\\\/apk-haarlem\\\/#breadcrumb\",\"itemListElement\":[{\"@type\":\"ListItem\",\"position\":1,\"name\":\"Home\",\"item\":\"https:\\\/\\\/autobaak.nl\\\/\"},{\"@type\":\"ListItem\",\"position\":2,\"name\":\"APK Haarlem &#8211; Overzicht Keuringsstations\"}]},{\"@type\":\"WebSite\",\"@id\":\"https:\\\/\\\/autobaak.nl\\\/#website\",\"url\":\"https:\\\/\\\/autobaak.nl\\\/\",\"name\":\"Autobaak.nl\",\"description\":\"Cars &amp; Racing\",\"potentialAction\":[{\"@type\":\"SearchAction\",\"target\":{\"@type\":\"EntryPoint\",\"urlTemplate\":\"https:\\\/\\\/autobaak.nl\\\/?s={search_term_string}\"},\"query-input\":{\"@type\":\"PropertyValueSpecification\",\"valueRequired\":true,\"valueName\":\"search_term_string\"}}],\"inLanguage\":\"de\"}]}<\/script>\n<!-- \/ Yoast SEO plugin. -->","yoast_head_json":{"title":"MOT Haarlem - \u00dcbersicht MOT-Stationen - sehen Sie die \u00dcbersicht aller MOT-Stationen","description":"Lassen Sie Ihr Auto in Haarlem zum T\u00dcV? Auf dieser Seite finden Sie die Werkst\u00e4tten, in denen Sie diese periodische Inspektion in dieser Stadt durchf\u00fchren lassen k\u00f6nnen","robots":{"index":"index","follow":"follow","max-snippet":"max-snippet:-1","max-image-preview":"max-image-preview:large","max-video-preview":"max-video-preview:-1"},"canonical":"https:\/\/autobaak.nl\/de\/apk-haarlem\/","og_locale":"de_DE","og_type":"article","og_title":"APK Haarlem - Overzicht Keuringsstations - bekijk het overzicht van alle APK stations","og_description":"Auto APK laten keuren in Haarlem? Bekijk op deze pagina de garages waar je terecht kunt in deze stad voor deze periodieke keuring","og_url":"https:\/\/autobaak.nl\/de\/apk-haarlem\/","og_site_name":"Autobaak.nl","article_modified_time":"2023-09-29T14:00:30+00:00","og_image":[{"width":1000,"height":300,"url":"https:\/\/autobaak.nl\/wp-content\/uploads\/2023\/08\/apk-garages-Haarlem.jpg","type":"image\/jpeg"}],"twitter_card":"summary_large_image","twitter_misc":{"Gesch\u00e4tzte Lesezeit":"3\u00a0Minuten"},"schema":{"@context":"https:\/\/schema.org","@graph":[{"@type":"WebPage","@id":"https:\/\/autobaak.nl\/apk-haarlem\/","url":"https:\/\/autobaak.nl\/apk-haarlem\/","name":"MOT Haarlem - \u00dcbersicht MOT-Stationen - sehen Sie die \u00dcbersicht aller MOT-Stationen","isPartOf":{"@id":"https:\/\/autobaak.nl\/#website"},"primaryImageOfPage":{"@id":"https:\/\/autobaak.nl\/apk-haarlem\/#primaryimage"},"image":{"@id":"https:\/\/autobaak.nl\/apk-haarlem\/#primaryimage"},"thumbnailUrl":"https:\/\/autobaak.nl\/wp-content\/uploads\/2023\/08\/apk-garages-Haarlem.jpg","datePublished":"2023-08-07T14:52:36+00:00","dateModified":"2023-09-29T14:00:30+00:00","description":"Lassen Sie Ihr Auto in Haarlem zum T\u00dcV? Auf dieser Seite finden Sie die Werkst\u00e4tten, in denen Sie diese periodische Inspektion in dieser Stadt durchf\u00fchren lassen k\u00f6nnen","breadcrumb":{"@id":"https:\/\/autobaak.nl\/apk-haarlem\/#breadcrumb"},"inLanguage":"de","potentialAction":[{"@type":"ReadAction","target":["https:\/\/autobaak.nl\/apk-haarlem\/"]}]},{"@type":"ImageObject","inLanguage":"de","@id":"https:\/\/autobaak.nl\/apk-haarlem\/#primaryimage","url":"https:\/\/autobaak.nl\/wp-content\/uploads\/2023\/08\/apk-garages-Haarlem.jpg","contentUrl":"https:\/\/autobaak.nl\/wp-content\/uploads\/2023\/08\/apk-garages-Haarlem.jpg","width":1000,"height":300,"caption":"apk garages Haarlem"},{"@type":"BreadcrumbList","@id":"https:\/\/autobaak.nl\/apk-haarlem\/#breadcrumb","itemListElement":[{"@type":"ListItem","position":1,"name":"Home","item":"https:\/\/autobaak.nl\/"},{"@type":"ListItem","position":2,"name":"APK Haarlem &#8211; Overzicht Keuringsstations"}]},{"@type":"WebSite","@id":"https:\/\/autobaak.nl\/#website","url":"https:\/\/autobaak.nl\/","name":"Autobook.de","description":"Autos &amp; Rennsport","potentialAction":[{"@type":"SearchAction","target":{"@type":"EntryPoint","urlTemplate":"https:\/\/autobaak.nl\/?s={search_term_string}"},"query-input":{"@type":"PropertyValueSpecification","valueRequired":true,"valueName":"search_term_string"}}],"inLanguage":"de"}]}},"_links":{"self":[{"href":"https:\/\/autobaak.nl\/de\/wp-json\/wp\/v2\/pages\/156223","targetHints":{"allow":["GET"]}}],"collection":[{"href":"https:\/\/autobaak.nl\/de\/wp-json\/wp\/v2\/pages"}],"about":[{"href":"https:\/\/autobaak.nl\/de\/wp-json\/wp\/v2\/types\/page"}],"author":[{"embeddable":true,"href":"https:\/\/autobaak.nl\/de\/wp-json\/wp\/v2\/users\/1"}],"replies":[{"embeddable":true,"href":"https:\/\/autobaak.nl\/de\/wp-json\/wp\/v2\/comments?post=156223"}],"version-history":[{"count":9,"href":"https:\/\/autobaak.nl\/de\/wp-json\/wp\/v2\/pages\/156223\/revisions"}],"predecessor-version":[{"id":156849,"href":"https:\/\/autobaak.nl\/de\/wp-json\/wp\/v2\/pages\/156223\/revisions\/156849"}],"wp:featuredmedia":[{"embeddable":true,"href":"https:\/\/autobaak.nl\/de\/wp-json\/wp\/v2\/media\/156230"}],"wp:attachment":[{"href":"https:\/\/autobaak.nl\/de\/wp-json\/wp\/v2\/media?parent=156223"}],"curies":[{"name":"wp","href":"https:\/\/api.w.org\/{rel}","templated":true}]}}