{"id":156320,"date":"2023-08-09T16:44:51","date_gmt":"2023-08-09T14:44:51","guid":{"rendered":"https:\/\/autobaak.nl\/?page_id=156320"},"modified":"2023-09-29T15:46:35","modified_gmt":"2023-09-29T13:46:35","slug":"mot-alkmaar","status":"publish","type":"page","link":"https:\/\/autobaak.nl\/de\/mot-alkmaar\/","title":{"rendered":"MOT Alkmaar - \u00dcbersicht Pr\u00fcfstellen"},"content":{"rendered":"<p>[et_pb_section fb_built=\"1\u2033 inner_shadow=\"on\" fullwidth=\"on\" _builder_version=\"4.18.0\u2033 background_image=\"https:\/\/autobaak.nl\/wp-content\/uploads\/2022\/08\/pexels-jesse-zheng-1213295.jpg\" global_colors_info=\"{}\"][et_pb_fullwidth_header title=\"Skoda Home\" subhead=\"N\u00fctzliche Informationen \u00fcber Skoda\" text_orientation=\"centre\" _builder_version=\"4.18.0\u2033 content_font_size=\"15px\" background_color=\"rgba(255, 255, 255, 0)\" background_image=\"https:\/\/autobaak.nl\/wp-content\/uploads\/2022\/09\/skoda.jpg\" text_shadow_style=\"preset5\u2033 text_shadow_color=\"rgba(0,0,0,0.52)\" global_colors_info=\"{}\" button_one_text_size__hover_enabled=\"off\" button_one_text_size__hover=\"null\" button_two_text_size__hover_enabled=\"off\" button_two_text_size__hover=\"null\" button_one_text_color__hover_enabled=\"off\" button_one_text_color__hover=\"null\" button_two_text_color__hover_enabled=\"off\" button_two_text_color__hover=\"null\" button_one_border_width__hover_enabled=\"off\" button_one_border_width__hover=\"null\" button_two_border_width__hover_enabled=\"off\" button_two_border_width__hover=\"null\" button_one_border_color__hover_enabled=\"off\" button_one_border_color__hover=\"null\" button_two_border_color__hover_enabled=\"off\" button_two_border_color__hover=\"null\" button_one_border_radius__hover_enabled=\"off\" button_one_border_radius__hover=\"null\" button_two_border_radius__hover_enabled=\"off\" button_two_border_radius__hover=\"null\" button_one_letter_spacing__hover_enabled=\"off\" button_one_letter_spacing__hover=\"null\" button_two_letter_spacing__hover_enabled=\"off\" button_two_letter_spacing__hover=\"null\" button_one_bg_color__hover_enabled=\"off\" button_one_bg_color__hover=\"null\" button_two_bg_color__hover_enabled=\"off\" button_two_bg_color__hover=\"null\"][\/et_pb_fullwidth_header][\/et_pb_section][et_pb_section fb_built=\"1\u2033 _builder_version=\"4.16\u2033 custom_padding=\"2px|0px|3px|0px\" global_colors_info=\"{}\"][et_pb_row _builder_version=\"4.16\u2033 background_size=\"initial\" background_position=\"top_left\" background_repeat=\"repeat\" custom_padding=\"26.3594px|0px|2px|0px\" global_colors_info=\"{}\"][et_pb_column type=\"4_4\u2033 _builder_version=\"4.16\u2033 custom_padding=\"|||\" global_colors_info=\"{}\" custom_padding__hover=\"|||\"][et_pb_text _builder_version=\"4.16\u2033 global_colors_info=\"{}\"]<\/p>\n<h2 data-pm-slice=\"1 1 []\">Was sollten Sie f\u00fcr einen T\u00dcV in Alkmaar mitbringen?<\/h2>\n<p>Wenn Sie Ihr Auto in Amsterdam inspizieren lassen, m\u00fcssen Sie einige Dokumente mitbringen. Nat\u00fcrlich brauchen Sie Ihr Auto und seine Papiere. Vergessen Sie auch nicht, Ihren F\u00fchrerschein und einen eventuellen Inspektionsbericht von der letzten Inspektion mitzubringen.<\/p>\n<h2>Warum ist eine T\u00dcV-Pr\u00fcfung notwendig?<\/h2>\n<p>Eine T\u00dcV-Inspektion ist wichtig, damit Ihr Auto sicher und zuverl\u00e4ssig bleibt. Bei der Inspektion werden wichtige Teile Ihres Fahrzeugs \u00fcberpr\u00fcft, z. B. die Bremsen, die Beleuchtung und der Auspuff. Sollten M\u00e4ngel festgestellt werden, m\u00fcssen Sie diese reparieren lassen, bevor Ihr Auto zugelassen wird.<\/p>\n<h2>Wie hoch sind die durchschnittlichen Kosten f\u00fcr einen T\u00dcV in Alkmaar?<\/h2>\n<p>Die Kosten f\u00fcr eine T\u00dcV-Pr\u00fcfung in Amsterdam k\u00f6nnen je nach Werkstatt variieren. Die durchschnittlichen Kosten liegen in der Regel zwischen 50 \u20ac und 100 \u20ac. Es ist immer ratsam, die Preise bei verschiedenen Werkst\u00e4tten im Voraus zu vergleichen.<\/p>\n<h2>In welchen Punkten wird Ihr Auto beim T\u00dcV in Alkmaar \u00fcberpr\u00fcft?<\/h2>\n<p>Bei der T\u00dcV-Pr\u00fcfung werden verschiedene Teile Ihres Fahrzeugs kontrolliert. Sie k\u00f6nnen dar\u00fcber nachdenken:<\/p>\n<ul>\n<li>\n<p>Bremsen<\/p>\n<\/li>\n<li>\n<p>Reifen<\/p>\n<\/li>\n<li>\n<p>Beleuchtung und Elektroinstallation<\/p>\n<\/li>\n<li>\n<p>Abgase und Emissionen<\/p>\n<\/li>\n<li>\n<p>Karosserie und Fahrwerk<\/p>\n<\/li>\n<li>\n<p>Aufh\u00e4ngung<\/p>\n<\/li>\n<li>\n<p>Lenkung<\/p>\n<\/li>\n<\/ul>\n<p>Nachstehend finden Sie eine \u00dcbersicht \u00fcber die Punkte, in denen Ihr Auto beim T\u00dcV in Almelo \u00fcberpr\u00fcft wird:<\/p>\n<table>\n<tbody>\n<tr>\n<th colspan=\"1\" rowspan=\"1\">\n<p>Teile<\/p>\n<\/th>\n<th colspan=\"1\" rowspan=\"1\">\n<p>APK-Pr\u00fcfung<\/p>\n<\/th>\n<\/tr>\n<tr>\n<td colspan=\"1\" rowspan=\"1\">\n<p>Bremsen<\/p>\n<\/td>\n<td colspan=\"1\" rowspan=\"1\">\n<p>Vorhandensein und Funktion der Handbremse, Bremsbel\u00e4ge, Bremsscheiben<\/p>\n<\/td>\n<\/tr>\n<tr>\n<td colspan=\"1\" rowspan=\"1\">\n<p>Reifen<\/p>\n<\/td>\n<td colspan=\"1\" rowspan=\"1\">\n<p>Profiltiefe, Reifendruck<\/p>\n<\/td>\n<\/tr>\n<tr>\n<td colspan=\"1\" rowspan=\"1\">\n<p>Beleuchtung und Elektroinstallation<\/p>\n<\/td>\n<td colspan=\"1\" rowspan=\"1\">\n<p>Betrieb von Leuchten, Blinkern, Bremsleuchten<\/p>\n<\/td>\n<\/tr>\n<tr>\n<td colspan=\"1\" rowspan=\"1\">\n<p>Abgase und Emissionen<\/p>\n<\/td>\n<td colspan=\"1\" rowspan=\"1\">\n<p>Betrieb und Verschlei\u00df des Schalld\u00e4mpfers, Kontrolle der Abgase<\/p>\n<\/td>\n<\/tr>\n<tr>\n<td colspan=\"1\" rowspan=\"1\">\n<p>Karosserie und Fahrwerk<\/p>\n<\/td>\n<td colspan=\"1\" rowspan=\"1\">\n<p>Rost und Sch\u00e4den an der Karosserie, Risse in den Fenstern<\/p>\n<\/td>\n<\/tr>\n<tr>\n<td colspan=\"1\" rowspan=\"1\">\n<p>Aufh\u00e4ngung<\/p>\n<\/td>\n<td colspan=\"1\" rowspan=\"1\">\n<p>Sto\u00dfd\u00e4mpfer, Federtellergummis<\/p>\n<\/td>\n<\/tr>\n<tr>\n<td colspan=\"1\" rowspan=\"1\">\n<p>Lenkung<\/p>\n<\/td>\n<td colspan=\"1\" rowspan=\"1\">\n<p>Auf dem Lenker spielen, um den Lenker herum tragen<\/p>\n<\/td>\n<\/tr>\n<\/tbody>\n<\/table>\n<p>Es ist wichtig, dass Sie Ihr Auto regelm\u00e4\u00dfig \u00fcberpr\u00fcfen lassen, um die Verkehrssicherheit zu gew\u00e4hrleisten. Denken Sie daran, dass eine T\u00dcV-Pr\u00fcfung obligatorisch ist. Wenn Sie noch Fragen zur T\u00dcV-Pr\u00fcfung in Amsterdam haben, k\u00f6nnen Sie sich jederzeit an eine Werkstatt in Ihrer N\u00e4he wenden.<\/p>\n<p>[\/et_pb_text][\/et_pb_column][et_pb_column type=\"1_4\u2033 _builder_version=\"4.16\u2033 custom_padding=\"|||\" global_colors_info=\"{}\" custom_padding__hover=\"|||\"][et_pb_image src=\"https:\/\/autobaak.nl\/wp-content\/uploads\/2023\/09\/1.HalfPage.png\" _builder_version=\"4.22.2\u2033 _module_preset=\"default\" title_text=\"apk ad\" url=\"https:\/\/autobaak.nl\/adverteren-op-autobaak\/\" hover_enabled=\"0\u2033 sticky_enabled=\"0\u2033][\/et_pb_image][\/et_pb_column][\/et_pb_row][et_pb_row _builder_version=\"4.22.2\u2033 _module_preset=\"default\"][et_pb_column _builder_version=\"4.22.2\u2033 _module_preset=\"default\" type=\"4_4\u2033][et_pb_text _builder_version=\"4.21.2\u2033 background_colour=\"RGBA(255,255,255,0)\" custom_margin=\"0px||||\" custom_padding=\"10px|20px|10px|20px\" global_colors_info=\"{}\"]<\/p>\n<h2>MOT-Stationen Alkmaar<\/h2>\n\n<table id=\"tablepress-160\" class=\"tablepress tablepress-id-160 tablepress-responsive\">\n<thead>\n<tr class=\"row-1 odd\">\n\t<th class=\"column-1\">Name des Unternehmens<\/th><th class=\"column-2\">Stra\u00dfe<\/th><th class=\"column-3\">Postleitzahl<\/th><th class=\"column-4\">Standort<\/th><th class=\"column-5\">Rufnummer<\/th><th class=\"column-6\">Website<\/th><th class=\"column-7\">E-Mail:<\/th>\n<\/tr>\n<\/thead>\n<tbody class=\"row-hover\">\n<tr class=\"row-2 even\">\n\t<td class=\"column-1\">Autoteam Autoservice Alkmaar<\/td><td class=\"column-2\">Berenkoog 62<\/td><td class=\"column-3\">1822 BZ<\/td><td class=\"column-4\">Alkmaar<br \/>\n<\/td><td class=\"column-5\">072 561 8164<\/td><td class=\"column-6\"><a href=\"https:\/\/www.autoservicealkmaar.nl\/\">www.autoservicealkmaar.nl<\/a><\/td><td class=\"column-7\">info@autoservicealkmaar.nl<\/td>\n<\/tr>\n<tr class=\"row-3 odd\">\n\t<td class=\"column-1\">Carteam Auto Unternehmen EliteCar<\/td><td class=\"column-2\">Amethyststra\u00dfe 1<\/td><td class=\"column-3\">1812 RP<\/td><td class=\"column-4\">Alkmaar<br \/>\n<\/td><td class=\"column-5\">072 540 8444<\/td><td class=\"column-6\"><a href=\"https:\/\/elitecaralkmaar.nl\/\">elitecaralkmaar.de<\/a><\/td><td class=\"column-7\">info@elitecaralkmaar.nl<\/td>\n<\/tr>\n<tr class=\"row-4 even\">\n\t<td class=\"column-1\">Garage Rietmeyer<\/td><td class=\"column-2\">Wolvenkoog 2<\/td><td class=\"column-3\">1822 BE<\/td><td class=\"column-4\">Alkmaar<br \/>\n<\/td><td class=\"column-5\">072 540 6400<\/td><td class=\"column-6\"><a href=\"https:\/\/www.vakgaragerietmeyer.nl\/\">www.vakgaragerietmeyer.nl<\/a><\/td><td class=\"column-7\">info@vakgaragerietmeyer.nl<\/td>\n<\/tr>\n<tr class=\"row-5 odd\">\n\t<td class=\"column-1\">Euromaster Alkmaar<\/td><td class=\"column-2\">Koelmalaan 342<\/td><td class=\"column-3\">1812 PS<\/td><td class=\"column-4\">Alkmaar<br \/>\n<\/td><td class=\"column-5\">072 540 0144<\/td><td class=\"column-6\"><a href=\"https:\/\/www.euromaster.nl\/\">www.euromaster.nl<\/a><\/td><td class=\"column-7\">alkmaar.171@euromaster.com<\/td>\n<\/tr>\n<tr class=\"row-6 even\">\n\t<td class=\"column-1\">Alkmaar Garage<\/td><td class=\"column-2\">Pettemerstraat 50<\/td><td class=\"column-3\">1823 CW<\/td><td class=\"column-4\">Alkmaar<br \/>\n<\/td><td class=\"column-5\">072 561 4087<\/td><td class=\"column-6\"><a href=\"https:\/\/www.alkmaarsegarage.nl\/\">www.alkmaarsegarage.nl<\/a><\/td><td class=\"column-7\">info@alkmaarsegarage.nl<\/td>\n<\/tr>\n<tr class=\"row-7 odd\">\n\t<td class=\"column-1\">Erikli-Garage<\/td><td class=\"column-2\">Koedijkerstraat 30<\/td><td class=\"column-3\">1823 CR<\/td><td class=\"column-4\">Alkmaar<br \/>\n<\/td><td class=\"column-5\">072 572 0224<\/td><td class=\"column-6\"><a href=\"https:\/\/www.autogarage-erikli.nl\/\">www.autogarage-erikli.nl<\/a><\/td><td class=\"column-7\">info@autogarage-erikli.nl<\/td>\n<\/tr>\n<tr class=\"row-8 even\">\n\t<td class=\"column-1\">Autoservice Zeswielen Alkmaar B.V.<\/td><td class=\"column-2\">Steenovenpad 6-8<\/td><td class=\"column-3\">1823 BV<\/td><td class=\"column-4\">Alkmaar<br \/>\n<\/td><td class=\"column-5\">072 511 0577<\/td><td class=\"column-6\"><a href=\"https:\/\/zeswielen.com\/\">sixwheels.de<\/a><\/td><td class=\"column-7\">info@zeswielen.com<\/td>\n<\/tr>\n<tr class=\"row-9 odd\">\n\t<td class=\"column-1\">Autocentrale Alkmaar<\/td><td class=\"column-2\">Berenkoog 3<\/td><td class=\"column-3\">1822 BH<\/td><td class=\"column-4\">Alkmaar<br \/>\n<\/td><td class=\"column-5\">072 564 5933<\/td><td class=\"column-6\"><a href=\"http:\/\/www.autocentralealkmaar.nl\/\">www.autocentralealkmaar.nl<\/a><\/td><td class=\"column-7\">sales@autocentralealkmaar.nl<\/td>\n<\/tr>\n<tr class=\"row-10 even\">\n\t<td class=\"column-1\">Autowerkstatt Klaver<\/td><td class=\"column-2\">Berenkoog 2<\/td><td class=\"column-3\">1822 BJ<\/td><td class=\"column-4\">Alkmaar<br \/>\n<\/td><td class=\"column-5\">072 520 8898<\/td><td class=\"column-6\"><a href=\"http:\/\/www.jamesklaver.nl\/\">www.jamesklaver.nl<\/a><\/td><td class=\"column-7\">info@jamesautoservice.nl<\/td>\n<\/tr>\n<tr class=\"row-11 odd\">\n\t<td class=\"column-1\">Steckbrief Alkmaar, Kossen<\/td><td class=\"column-2\">Koelmalaan 328<\/td><td class=\"column-3\">1812 PS<\/td><td class=\"column-4\">Alkmaar<br \/>\n<\/td><td class=\"column-5\">072 540 0844<\/td><td class=\"column-6\"><a href=\"https:\/\/www.profile.nl\/vestigingen\/alkmaar\/koelmalaan-328\">www.profile.nl\/vestigingen\/alkmaar\/<\/a><\/td><td class=\"column-7\">alkmaar-balie@profile.nl<\/td>\n<\/tr>\n<tr class=\"row-12 even\">\n\t<td class=\"column-1\">MF Automotive<\/td><td class=\"column-2\">Madame-Curie-Stra\u00dfe 7<\/td><td class=\"column-3\">1821 BM<\/td><td class=\"column-4\">Alkmaar<br \/>\n<\/td><td class=\"column-5\">072 562 1500<\/td><td class=\"column-6\"><a href=\"http:\/\/mfautotechniek.nl\/\">mfautotechniek.co.uk<\/a><\/td><td class=\"column-7\">INFO@MFAUTOTECHNIEK.NL<\/td>\n<\/tr>\n<tr class=\"row-13 odd\">\n\t<td class=\"column-1\">Ov Reifenservice \/ Radreparatur Alkmaar<\/td><td class=\"column-2\">Edisonweg 6<\/td><td class=\"column-3\">1821 BN<\/td><td class=\"column-4\">Alkmaar<br \/>\n<\/td><td class=\"column-5\">072 582 2307<\/td><td class=\"column-6\"><a href=\"http:\/\/www.ov-bandenservice.nl\/\">www.ov-bandenservice.nl<\/a><\/td><td class=\"column-7\">info@ov-bandenservice.nl<\/td>\n<\/tr>\n<tr class=\"row-14 even\">\n\t<td class=\"column-1\">Jonkcars<\/td><td class=\"column-2\">Hamsterauge 13L<\/td><td class=\"column-3\">1822 CD<\/td><td class=\"column-4\">Alkmaar<br \/>\n<\/td><td class=\"column-5\">06 15673109<\/td><td class=\"column-6\"><a href=\"http:\/\/www.jonkcars.nl\/\" rel=\"noopener\" target=\"_blank\">www.jonkcars.nl<\/a><\/td><td class=\"column-7\">Info@jonkcars.nl<\/td>\n<\/tr>\n<tr class=\"row-15 odd\">\n\t<td class=\"column-1\">Autofirma John Visser<\/td><td class=\"column-2\">Vossenkoog 16<\/td><td class=\"column-3\">1822 BG<\/td><td class=\"column-4\">Alkmaar<br \/>\n<\/td><td class=\"column-5\">072 560 0250<\/td><td class=\"column-6\"><a href=\"http:\/\/www.autobedrijfjohnvisser.nl\" rel=\"noopener\" target=\"_blank\">www.autobedrijfjohnvisser.nl<\/a><\/td><td class=\"column-7\">info@autobedrijfjohnvisser.nl<\/td>\n<\/tr>\n<tr class=\"row-16 even\">\n\t<td class=\"column-1\">Moeijes Auto &amp; Werkstatt<\/td><td class=\"column-2\">Bahnhofstra\u00dfe 18<\/td><td class=\"column-3\">1815 CC<\/td><td class=\"column-4\">Alkmaar<br \/>\n<\/td><td class=\"column-5\">072 511 3200<\/td><td class=\"column-6\"><a href=\"https:\/\/www.moeijes.nl\/\" rel=\"noopener\" target=\"_blank\">www.moeijes.nl<\/a><\/td><td class=\"column-7\">info@moeijes.nl<\/td>\n<\/tr>\n<tr class=\"row-17 odd\">\n\t<td class=\"column-1\">Renses Automotive<\/td><td class=\"column-2\">Perlenstra\u00dfe 11<\/td><td class=\"column-3\">1812 RS<\/td><td class=\"column-4\">Alkmaar<br \/>\n<\/td><td class=\"column-5\">072 511 2088<\/td><td class=\"column-6\"><a href=\"https:\/\/www.renses-online.nl\/\" rel=\"noopener\" target=\"_blank\">www.renses-online.nl<\/a><\/td><td class=\"column-7\">info@renses-online.nl<\/td>\n<\/tr>\n<tr class=\"row-18 even\">\n\t<td class=\"column-1\">H\u00e4ndler Dave Kuys<\/td><td class=\"column-2\">Zijperstraat 22<\/td><td class=\"column-3\">1823 CX<\/td><td class=\"column-4\">Alkmaar<br \/>\n<\/td><td class=\"column-5\">072 511 9908<\/td><td class=\"column-6\"><a href=\"https:\/\/www.davekuys.nl\/\" rel=\"noopener\" target=\"_blank\">www.davekuys.nl<\/a><\/td><td class=\"column-7\">Receptie@davekuys.nl<\/td>\n<\/tr>\n<\/tbody>\n<\/table>\n<!-- #tablepress-160 from cache -->\n<p>[\/et_pb_text][\/et_pb_column][\/et_pb_row][\/et_pb_section].<\/p>","protected":false},"excerpt":{"rendered":"<p>Was m\u00fcssen Sie f\u00fcr einen T\u00dcV in Alkmaar mitbringen? Wenn Sie Ihr Auto in Alkmaar untersuchen lassen, m\u00fcssen Sie einige Dokumente mitbringen. Nat\u00fcrlich brauchen Sie Ihr Auto und seine Papiere. Vergessen Sie auch nicht, Ihren F\u00fchrerschein und einen eventuellen Pr\u00fcfbericht von der letzten Inspektion mitzubringen. Warum ist eine T\u00dcV-Untersuchung notwendig? A [...]<\/p>","protected":false},"author":1,"featured_media":156326,"parent":0,"menu_order":0,"comment_status":"closed","ping_status":"closed","template":"","meta":{"_et_pb_use_builder":"on","_et_pb_old_content":"","_et_gb_content_width":"","footnotes":""},"class_list":["post-156320","page","type-page","status-publish","has-post-thumbnail","hentry"],"yoast_head":"<!-- This site is optimized with the Yoast SEO plugin v27.4 - https:\/\/yoast.com\/product\/yoast-seo-wordpress\/ -->\n<title>APK Alkmaar - Overzicht Keuringsstations nodig? Bekijk deze pagina voor garages<\/title>\n<meta name=\"description\" content=\"APK in Alkmaar laten uitvoeren? Bekijk deze pagina voor alle keurstations bij jou in de buurt. Wacht niet te lang met keuren voorkom boetes\" \/>\n<meta name=\"robots\" content=\"index, follow, max-snippet:-1, max-image-preview:large, max-video-preview:-1\" \/>\n<link rel=\"canonical\" href=\"https:\/\/autobaak.nl\/de\/mot-alkmaar\/\" \/>\n<meta property=\"og:locale\" content=\"de_DE\" \/>\n<meta property=\"og:type\" content=\"article\" \/>\n<meta property=\"og:title\" content=\"APK Alkmaar - Overzicht Keuringsstations nodig? Bekijk deze pagina voor garages\" \/>\n<meta property=\"og:description\" content=\"APK in Alkmaar laten uitvoeren? Bekijk deze pagina voor alle keurstations bij jou in de buurt. Wacht niet te lang met keuren voorkom boetes\" \/>\n<meta property=\"og:url\" content=\"https:\/\/autobaak.nl\/de\/mot-alkmaar\/\" \/>\n<meta property=\"og:site_name\" content=\"Autobaak.nl\" \/>\n<meta property=\"article:modified_time\" content=\"2023-09-29T13:46:35+00:00\" \/>\n<meta property=\"og:image\" content=\"https:\/\/autobaak.nl\/wp-content\/uploads\/2023\/08\/apk-Alkmaar.jpg\" \/>\n\t<meta property=\"og:image:width\" content=\"1000\" \/>\n\t<meta property=\"og:image:height\" content=\"300\" \/>\n\t<meta property=\"og:image:type\" content=\"image\/jpeg\" \/>\n<meta name=\"twitter:card\" content=\"summary_large_image\" \/>\n<meta name=\"twitter:label1\" content=\"Gesch\u00e4tzte Lesezeit\" \/>\n\t<meta name=\"twitter:data1\" content=\"3\u00a0Minuten\" \/>\n<script type=\"application\/ld+json\" class=\"yoast-schema-graph\">{\"@context\":\"https:\\\/\\\/schema.org\",\"@graph\":[{\"@type\":\"WebPage\",\"@id\":\"https:\\\/\\\/autobaak.nl\\\/apk-keuring-alkmaar\\\/\",\"url\":\"https:\\\/\\\/autobaak.nl\\\/apk-keuring-alkmaar\\\/\",\"name\":\"APK Alkmaar - Overzicht Keuringsstations nodig? Bekijk deze pagina voor garages\",\"isPartOf\":{\"@id\":\"https:\\\/\\\/autobaak.nl\\\/#website\"},\"primaryImageOfPage\":{\"@id\":\"https:\\\/\\\/autobaak.nl\\\/apk-keuring-alkmaar\\\/#primaryimage\"},\"image\":{\"@id\":\"https:\\\/\\\/autobaak.nl\\\/apk-keuring-alkmaar\\\/#primaryimage\"},\"thumbnailUrl\":\"https:\\\/\\\/autobaak.nl\\\/wp-content\\\/uploads\\\/2023\\\/08\\\/apk-Alkmaar.jpg\",\"datePublished\":\"2023-08-09T14:44:51+00:00\",\"dateModified\":\"2023-09-29T13:46:35+00:00\",\"description\":\"APK in Alkmaar laten uitvoeren? Bekijk deze pagina voor alle keurstations bij jou in de buurt. Wacht niet te lang met keuren voorkom boetes\",\"breadcrumb\":{\"@id\":\"https:\\\/\\\/autobaak.nl\\\/apk-keuring-alkmaar\\\/#breadcrumb\"},\"inLanguage\":\"de\",\"potentialAction\":[{\"@type\":\"ReadAction\",\"target\":[\"https:\\\/\\\/autobaak.nl\\\/apk-keuring-alkmaar\\\/\"]}]},{\"@type\":\"ImageObject\",\"inLanguage\":\"de\",\"@id\":\"https:\\\/\\\/autobaak.nl\\\/apk-keuring-alkmaar\\\/#primaryimage\",\"url\":\"https:\\\/\\\/autobaak.nl\\\/wp-content\\\/uploads\\\/2023\\\/08\\\/apk-Alkmaar.jpg\",\"contentUrl\":\"https:\\\/\\\/autobaak.nl\\\/wp-content\\\/uploads\\\/2023\\\/08\\\/apk-Alkmaar.jpg\",\"width\":1000,\"height\":300,\"caption\":\"apk Alkmaar\"},{\"@type\":\"BreadcrumbList\",\"@id\":\"https:\\\/\\\/autobaak.nl\\\/apk-keuring-alkmaar\\\/#breadcrumb\",\"itemListElement\":[{\"@type\":\"ListItem\",\"position\":1,\"name\":\"Home\",\"item\":\"https:\\\/\\\/autobaak.nl\\\/\"},{\"@type\":\"ListItem\",\"position\":2,\"name\":\"APK Alkmaar &#8211; Overzicht Keuringsstations\"}]},{\"@type\":\"WebSite\",\"@id\":\"https:\\\/\\\/autobaak.nl\\\/#website\",\"url\":\"https:\\\/\\\/autobaak.nl\\\/\",\"name\":\"Autobaak.nl\",\"description\":\"Cars &amp; Racing\",\"potentialAction\":[{\"@type\":\"SearchAction\",\"target\":{\"@type\":\"EntryPoint\",\"urlTemplate\":\"https:\\\/\\\/autobaak.nl\\\/?s={search_term_string}\"},\"query-input\":{\"@type\":\"PropertyValueSpecification\",\"valueRequired\":true,\"valueName\":\"search_term_string\"}}],\"inLanguage\":\"de\"}]}<\/script>\n<!-- \/ Yoast SEO plugin. -->","yoast_head_json":{"title":"APK Alkmaar - Brauchen Sie einen \u00dcberblick \u00fcber die Pr\u00fcfstellen? Sehen Sie diese Seite f\u00fcr Garagen","description":"Sie m\u00fcssen Ihren T\u00dcV in Alkmaar durchf\u00fchren lassen? Auf dieser Seite finden Sie alle Pr\u00fcfstellen in Ihrer N\u00e4he. Warten Sie nicht zu lange mit der \u00dcberpr\u00fcfung Ihres Fahrzeugs - vermeiden Sie Bu\u00dfgelder","robots":{"index":"index","follow":"follow","max-snippet":"max-snippet:-1","max-image-preview":"max-image-preview:large","max-video-preview":"max-video-preview:-1"},"canonical":"https:\/\/autobaak.nl\/de\/mot-alkmaar\/","og_locale":"de_DE","og_type":"article","og_title":"APK Alkmaar - Overzicht Keuringsstations nodig? Bekijk deze pagina voor garages","og_description":"APK in Alkmaar laten uitvoeren? Bekijk deze pagina voor alle keurstations bij jou in de buurt. Wacht niet te lang met keuren voorkom boetes","og_url":"https:\/\/autobaak.nl\/de\/mot-alkmaar\/","og_site_name":"Autobaak.nl","article_modified_time":"2023-09-29T13:46:35+00:00","og_image":[{"width":1000,"height":300,"url":"https:\/\/autobaak.nl\/wp-content\/uploads\/2023\/08\/apk-Alkmaar.jpg","type":"image\/jpeg"}],"twitter_card":"summary_large_image","twitter_misc":{"Gesch\u00e4tzte Lesezeit":"3\u00a0Minuten"},"schema":{"@context":"https:\/\/schema.org","@graph":[{"@type":"WebPage","@id":"https:\/\/autobaak.nl\/apk-keuring-alkmaar\/","url":"https:\/\/autobaak.nl\/apk-keuring-alkmaar\/","name":"APK Alkmaar - Brauchen Sie einen \u00dcberblick \u00fcber die Pr\u00fcfstellen? Sehen Sie diese Seite f\u00fcr Garagen","isPartOf":{"@id":"https:\/\/autobaak.nl\/#website"},"primaryImageOfPage":{"@id":"https:\/\/autobaak.nl\/apk-keuring-alkmaar\/#primaryimage"},"image":{"@id":"https:\/\/autobaak.nl\/apk-keuring-alkmaar\/#primaryimage"},"thumbnailUrl":"https:\/\/autobaak.nl\/wp-content\/uploads\/2023\/08\/apk-Alkmaar.jpg","datePublished":"2023-08-09T14:44:51+00:00","dateModified":"2023-09-29T13:46:35+00:00","description":"Sie m\u00fcssen Ihren T\u00dcV in Alkmaar durchf\u00fchren lassen? Auf dieser Seite finden Sie alle Pr\u00fcfstellen in Ihrer N\u00e4he. Warten Sie nicht zu lange mit der \u00dcberpr\u00fcfung Ihres Fahrzeugs - vermeiden Sie Bu\u00dfgelder","breadcrumb":{"@id":"https:\/\/autobaak.nl\/apk-keuring-alkmaar\/#breadcrumb"},"inLanguage":"de","potentialAction":[{"@type":"ReadAction","target":["https:\/\/autobaak.nl\/apk-keuring-alkmaar\/"]}]},{"@type":"ImageObject","inLanguage":"de","@id":"https:\/\/autobaak.nl\/apk-keuring-alkmaar\/#primaryimage","url":"https:\/\/autobaak.nl\/wp-content\/uploads\/2023\/08\/apk-Alkmaar.jpg","contentUrl":"https:\/\/autobaak.nl\/wp-content\/uploads\/2023\/08\/apk-Alkmaar.jpg","width":1000,"height":300,"caption":"apk Alkmaar"},{"@type":"BreadcrumbList","@id":"https:\/\/autobaak.nl\/apk-keuring-alkmaar\/#breadcrumb","itemListElement":[{"@type":"ListItem","position":1,"name":"Home","item":"https:\/\/autobaak.nl\/"},{"@type":"ListItem","position":2,"name":"APK Alkmaar &#8211; Overzicht Keuringsstations"}]},{"@type":"WebSite","@id":"https:\/\/autobaak.nl\/#website","url":"https:\/\/autobaak.nl\/","name":"Autobook.de","description":"Autos &amp; Rennsport","potentialAction":[{"@type":"SearchAction","target":{"@type":"EntryPoint","urlTemplate":"https:\/\/autobaak.nl\/?s={search_term_string}"},"query-input":{"@type":"PropertyValueSpecification","valueRequired":true,"valueName":"search_term_string"}}],"inLanguage":"de"}]}},"_links":{"self":[{"href":"https:\/\/autobaak.nl\/de\/wp-json\/wp\/v2\/pages\/156320","targetHints":{"allow":["GET"]}}],"collection":[{"href":"https:\/\/autobaak.nl\/de\/wp-json\/wp\/v2\/pages"}],"about":[{"href":"https:\/\/autobaak.nl\/de\/wp-json\/wp\/v2\/types\/page"}],"author":[{"embeddable":true,"href":"https:\/\/autobaak.nl\/de\/wp-json\/wp\/v2\/users\/1"}],"replies":[{"embeddable":true,"href":"https:\/\/autobaak.nl\/de\/wp-json\/wp\/v2\/comments?post=156320"}],"version-history":[{"count":7,"href":"https:\/\/autobaak.nl\/de\/wp-json\/wp\/v2\/pages\/156320\/revisions"}],"predecessor-version":[{"id":156830,"href":"https:\/\/autobaak.nl\/de\/wp-json\/wp\/v2\/pages\/156320\/revisions\/156830"}],"wp:featuredmedia":[{"embeddable":true,"href":"https:\/\/autobaak.nl\/de\/wp-json\/wp\/v2\/media\/156326"}],"wp:attachment":[{"href":"https:\/\/autobaak.nl\/de\/wp-json\/wp\/v2\/media?parent=156320"}],"curies":[{"name":"wp","href":"https:\/\/api.w.org\/{rel}","templated":true}]}}