{"id":156333,"date":"2023-08-09T17:09:40","date_gmt":"2023-08-09T15:09:40","guid":{"rendered":"https:\/\/autobaak.nl\/?page_id=156333"},"modified":"2023-09-29T15:45:45","modified_gmt":"2023-09-29T13:45:45","slug":"mot-almelo","status":"publish","type":"page","link":"https:\/\/autobaak.nl\/de\/mot-almelo\/","title":{"rendered":"MOT Almelo - \u00dcbersicht Pr\u00fcfstellen"},"content":{"rendered":"<p>[et_pb_section fb_built=\"1\u2033 inner_shadow=\"on\" fullwidth=\"on\" _builder_version=\"4.21.2\u2033 background_image=\"https:\/\/autobaak.nl\/wp-content\/uploads\/2023\/08\/apk-Almelo.jpg\" background_position=\"centre_left\" global_colors_info=\"{}\"][et_pb_fullwidth_header title=\"APK Keuring Almelo\" subhead=\"Lassen Sie Ihr Auto in Almelo regelm\u00e4\u00dfig \u00fcberpr\u00fcfen\" text_orientation=\"centre\" _builder_version=\"4.21.2\u2033 content_font_size=\"15px\" background_color=\"rgba(255, 255, 255, 0)\" background_enable_image=\"off\" text_shadow_style=\"preset5\u2033 text_shadow_color=\"rgba(0,0,0,0,0,0.52)\" global_colors_info=\"{}\" button_one_text_size__hover_enabled=\"off\" button_one_text_size__hover=\"null\" button_two_text_size__hover_enabled=\"off\" button_two_text_size__hover=\"null\" button_one_text_color__hover_enabled=\"off\" button_one_text_color__hover=\"null\" button_two_text_color__hover_enabled=\"off\" button_two_text_color__hover=\"null\" button_one_border_width__hover_enabled=\"off\" button_one_border_width__hover=\"null\" button_two_border_width__hover_enabled=\"off\" button_two_border_width__hover=\"null\" button_one_border_color__hover_enabled=\"off\" button_one_border_color__hover=\"null\" button_two_border_color__hover_enabled=\"off\" button_two_border_color__hover=\"null\" button_one_border_radius__hover_enabled=\"off\" button_one_border_radius__hover=\"null\" button_two_border_radius__hover_enabled=\"off\" button_two_border_radius__hover=\"null\" button_one_letter_spacing__hover_enabled=\"off\" button_one_letter_spacing__hover=\"null\" button_two_letter_spacing__hover_enabled=\"off\" button_two_letter_spacing__hover=\"null\" button_one_bg_color__hover_enabled=\"off\" button_one_bg_color__hover=\"null\" button_two_bg_color__hover_enabled=\"off\" button_two_bg_color__hover=\"null\"][\/et_pb_fullwidth_header][\/et_pb_section][et_pb_section fb_built=\"1\u2033 _builder_version=\"4.16\u2033 custom_padding=\"2px|0px|3px|0px\" global_colors_info=\"{}\"][et_pb_row column_structure=\"2_3,1_3\u2033 _builder_version=\"4.16\u2033 background_size=\"initial\" background_position=\"top_left\" background_repeat=\"repeat\" custom_padding=\"26.3594px|0px|2px|0px\" global_colors_info=\"{}\"][et_pb_column type=\"2_3\u2033 _builder_version=\"4.16\u2033 custom_padding=\"|||\" global_colors_info=\"{}\" custom_padding__hover=\"|||\"][et_pb_text _builder_version=\"4.21.2\u2033 custom_margin=\"||13px|||\" global_colors_info=\"{}\"]<\/p>\n<h2 data-pm-slice=\"1 1 []\">Was sollten Sie f\u00fcr einen T\u00dcV in Almelo mitbringen?<\/h2>\n<p>Wenn Sie Ihr Auto in Amsterdam inspizieren lassen, m\u00fcssen Sie einige Dokumente mitbringen. Nat\u00fcrlich brauchen Sie Ihr Auto und seine Papiere. Vergessen Sie auch nicht, Ihren F\u00fchrerschein und einen eventuellen Inspektionsbericht von der letzten Inspektion mitzubringen.<\/p>\n<h2>Warum ist eine T\u00dcV-Pr\u00fcfung notwendig?<\/h2>\n<p>Eine T\u00dcV-Inspektion ist wichtig, damit Ihr Auto sicher und zuverl\u00e4ssig bleibt. Bei der Inspektion werden wichtige Teile Ihres Fahrzeugs \u00fcberpr\u00fcft, z. B. die Bremsen, die Beleuchtung und der Auspuff. Sollten M\u00e4ngel festgestellt werden, m\u00fcssen Sie diese reparieren lassen, bevor Ihr Auto zugelassen wird.<\/p>\n<h2>Wie hoch sind die durchschnittlichen Kosten f\u00fcr einen T\u00dcV in Almelo?<\/h2>\n<p>Die Kosten f\u00fcr eine T\u00dcV-Pr\u00fcfung in Amsterdam k\u00f6nnen je nach Werkstatt variieren. Die durchschnittlichen Kosten liegen in der Regel zwischen 50 \u20ac und 100 \u20ac. Es ist immer ratsam, die Preise bei verschiedenen Werkst\u00e4tten im Voraus zu vergleichen.<\/p>\n<h2>Auf welche Punkte wird Ihr Auto beim T\u00dcV in Almelo gepr\u00fcft?<\/h2>\n<p>Bei der T\u00dcV-Pr\u00fcfung werden verschiedene Teile Ihres Fahrzeugs kontrolliert. Sie k\u00f6nnen dar\u00fcber nachdenken:<\/p>\n<ul>\n<li>\n<p>Bremsen<\/p>\n<\/li>\n<li>\n<p>Reifen<\/p>\n<\/li>\n<li>\n<p>Beleuchtung und Elektroinstallation<\/p>\n<\/li>\n<li>\n<p>Abgase und Emissionen<\/p>\n<\/li>\n<li>\n<p>Karosserie und Fahrwerk<\/p>\n<\/li>\n<li>\n<p>Aufh\u00e4ngung<\/p>\n<\/li>\n<li>\n<p>Lenkung<\/p>\n<\/li>\n<\/ul>\n<p>Nachstehend finden Sie eine \u00dcbersicht \u00fcber die Punkte, in denen Ihr Auto beim T\u00dcV in Almelo \u00fcberpr\u00fcft wird:<\/p>\n<table>\n<tbody>\n<tr>\n<th colspan=\"1\" rowspan=\"1\">\n<p>Teile<\/p>\n<\/th>\n<th colspan=\"1\" rowspan=\"1\">\n<p>APK-Pr\u00fcfung<\/p>\n<\/th>\n<\/tr>\n<tr>\n<td colspan=\"1\" rowspan=\"1\">\n<p>Bremsen<\/p>\n<\/td>\n<td colspan=\"1\" rowspan=\"1\">\n<p>Vorhandensein und Funktion der Handbremse, Bremsbel\u00e4ge, Bremsscheiben<\/p>\n<\/td>\n<\/tr>\n<tr>\n<td colspan=\"1\" rowspan=\"1\">\n<p>Reifen<\/p>\n<\/td>\n<td colspan=\"1\" rowspan=\"1\">\n<p>Profiltiefe, Reifendruck<\/p>\n<\/td>\n<\/tr>\n<tr>\n<td colspan=\"1\" rowspan=\"1\">\n<p>Beleuchtung und Elektroinstallation<\/p>\n<\/td>\n<td colspan=\"1\" rowspan=\"1\">\n<p>Betrieb von Leuchten, Blinkern, Bremsleuchten<\/p>\n<\/td>\n<\/tr>\n<tr>\n<td colspan=\"1\" rowspan=\"1\">\n<p>Abgase und Emissionen<\/p>\n<\/td>\n<td colspan=\"1\" rowspan=\"1\">\n<p>Betrieb und Verschlei\u00df des Schalld\u00e4mpfers, Kontrolle der Abgase<\/p>\n<\/td>\n<\/tr>\n<tr>\n<td colspan=\"1\" rowspan=\"1\">\n<p>Karosserie und Fahrwerk<\/p>\n<\/td>\n<td colspan=\"1\" rowspan=\"1\">\n<p>Rost und Sch\u00e4den an der Karosserie, Risse in den Fenstern<\/p>\n<\/td>\n<\/tr>\n<tr>\n<td colspan=\"1\" rowspan=\"1\">\n<p>Aufh\u00e4ngung<\/p>\n<\/td>\n<td colspan=\"1\" rowspan=\"1\">\n<p>Sto\u00dfd\u00e4mpfer, Federtellergummis, Querlenker<\/p>\n<\/td>\n<\/tr>\n<tr>\n<td colspan=\"1\" rowspan=\"1\">\n<p>Lenkung<\/p>\n<\/td>\n<td colspan=\"1\" rowspan=\"1\">\n<p>Auf dem Lenker spielen, um den Lenker herum tragen<\/p>\n<\/td>\n<\/tr>\n<\/tbody>\n<\/table>\n<p>Es ist wichtig, dass Sie Ihr Auto regelm\u00e4\u00dfig \u00fcberpr\u00fcfen lassen, um die Verkehrssicherheit zu gew\u00e4hrleisten. Denken Sie daran, dass eine T\u00dcV-Pr\u00fcfung obligatorisch ist. Wenn Sie noch Fragen zur T\u00dcV-Pr\u00fcfung in Amsterdam haben, k\u00f6nnen Sie sich jederzeit an eine Werkstatt in Ihrer N\u00e4he wenden.<\/p>\n<p>[\/et_pb_text][\/et_pb_column][et_pb_column type=\"1_3\u2033 _builder_version=\"4.16\u2033 custom_padding=\"|||\" global_colors_info=\"{}\" custom_padding__hover=\"|||\"][et_pb_image src=\"https:\/\/autobaak.nl\/wp-content\/uploads\/2023\/09\/1.HalfPage.png\" title_text=\"apk ad\" _builder_version=\"4.22.2\u2033 _module_preset=\"default\" hover_enabled=\"0\u2033 global_colors_info=\"{}\" url=\"https:\/\/autobaak.nl\/adverteren-op-autobaak\/\" sticky_enabled=\"0\u2033][\/et_pb_image][\/et_pb_column][\/et_pb_row][et_pb_row _builder_version=\"4.22.2\u2033 _module_preset=\"default\" global_colors_info=\"{}\"][et_pb_column type=\"4_4\u2033 _builder_version=\"4.22.2\u2033 _module_preset=\"default\" global_colors_info=\"{}\"][et_pb_text _builder_version=\"4.21.2\u2033 background_colour=\"RGBA(255,255,255,0)\" custom_margin=\"0px||||\" custom_padding=\"10px|20px|10px|20px\" global_colors_info=\"{}\"]<\/p>\n<h2>MOT-Stationen Almelo<\/h2>\n\n<table id=\"tablepress-161\" class=\"tablepress tablepress-id-161 tablepress-responsive\">\n<thead>\n<tr class=\"row-1 odd\">\n\t<th class=\"column-1\">Name des Unternehmens<\/th><th class=\"column-2\">Stra\u00dfe<\/th><th class=\"column-3\">Postleitzahl<\/th><th class=\"column-4\">Standort<\/th><th class=\"column-5\">Rufnummer<\/th><th class=\"column-6\">Website<\/th><th class=\"column-7\">E-Mail:<\/th>\n<\/tr>\n<\/thead>\n<tbody class=\"row-hover\">\n<tr class=\"row-2 even\">\n\t<td class=\"column-1\">MOT-Pr\u00fcfstelle Remmelts Rob<\/td><td class=\"column-2\">Geysendorfferweg 2<\/td><td class=\"column-3\">7602 RB<\/td><td class=\"column-4\">almelo<\/td><td class=\"column-5\">0546 570 234<\/td><td class=\"column-6\"><a href=\"https:\/\/www.facebook.com\/p\/APK-Keuringsstation-Remmelts-100057131512363\/\" rel=\"noopener\" target=\"_blank\">pr\u00fcfstelle-remmelts.co.uk<\/a><\/td><td class=\"column-7\"><\/td>\n<\/tr>\n<tr class=\"row-3 odd\">\n\t<td class=\"column-1\">APKBYMOSO <\/td><td class=\"column-2\">Van Meelweg 3<\/td><td class=\"column-3\">7602 RD<\/td><td class=\"column-4\">almelo<\/td><td class=\"column-5\">06 24265099<\/td><td class=\"column-6\"><a href=\"http:\/\/www.bymoso.nl\/\" rel=\"noopener\" target=\"_blank\">www.bymoso.nl<\/a><\/td><td class=\"column-7\">info@bymoso.nl<\/td>\n<\/tr>\n<tr class=\"row-4 even\">\n\t<td class=\"column-1\">Autobedrijf\/Apk Station De Buitenhaven BV<\/td><td class=\"column-2\">Twentelaan 18<\/td><td class=\"column-3\">7609 RE<\/td><td class=\"column-4\">almelo<\/td><td class=\"column-5\">0546 810 573<\/td><td class=\"column-6\"><a href=\"https:\/\/www.autobedrijfmanti.nl\/\" rel=\"noopener\" target=\"_blank\">www.autobedrijfmanti.nl<\/a><\/td><td class=\"column-7\">info@autobedrijfmanti.nl<\/td>\n<\/tr>\n<tr class=\"row-5 odd\">\n\t<td class=\"column-1\">MOT-Pr\u00fcfstelle Manti &amp; Autoservice<\/td><td class=\"column-2\">Van Meelweg 10<\/td><td class=\"column-3\">7602 RD<\/td><td class=\"column-4\">almelo<\/td><td class=\"column-5\">0546 795 514<\/td><td class=\"column-6\"><a href=\"https:\/\/www.autofirst-garagegelinker.nl\/\" rel=\"noopener\" target=\"_blank\">www.autofirst-garagegelinker.nl<\/a><\/td><td class=\"column-7\">info@garage-almelo.nl<\/td>\n<\/tr>\n<tr class=\"row-6 even\">\n\t<td class=\"column-1\">AutoFirst Almelo<\/td><td class=\"column-2\">Ambachtstraat 19<\/td><td class=\"column-3\">7609 RA<\/td><td class=\"column-4\">almelo<\/td><td class=\"column-5\">0546 823 095<\/td><td class=\"column-6\"><a href=\"https:\/\/www.autofirst-garagegelinker.nl\/\" rel=\"noopener\" target=\"_blank\">autofirstalemelo.co.uk <\/a><\/td><td class=\"column-7\">info@garagelinker.nl <\/td>\n<\/tr>\n<tr class=\"row-7 odd\">\n\t<td class=\"column-1\">Norbert Autogesellschaft<\/td><td class=\"column-2\">Georg-Breitner-Stra\u00dfe 5<\/td><td class=\"column-3\">7606 HG<\/td><td class=\"column-4\">almelo<\/td><td class=\"column-5\">06 22798089<\/td><td class=\"column-6\"><a href=\"https:\/\/autobedrijfnorbert.nl\/contact\/\" rel=\"noopener\" target=\"_blank\">autobedrijfnorbert.nl<\/a><\/td><td class=\"column-7\">info@autobedrijfnorbert.nl<\/td>\n<\/tr>\n<\/tbody>\n<\/table>\n<!-- #tablepress-161 from cache -->\n<p>[\/et_pb_text][\/et_pb_column][\/et_pb_row][\/et_pb_section].<\/p>","protected":false},"excerpt":{"rendered":"<p>Was m\u00fcssen Sie f\u00fcr einen T\u00dcV in Almelo mitbringen? Wenn Sie Ihr Auto in Almelo untersuchen lassen, m\u00fcssen Sie einige Dokumente mitbringen. Nat\u00fcrlich brauchen Sie Ihr Auto und seine Papiere. Vergessen Sie auch nicht, Ihren F\u00fchrerschein und einen eventuellen Pr\u00fcfbericht von der letzten Inspektion mitzubringen. Warum ist eine T\u00dcV-Untersuchung notwendig? A [...]<\/p>","protected":false},"author":1,"featured_media":156337,"parent":0,"menu_order":0,"comment_status":"closed","ping_status":"closed","template":"","meta":{"_et_pb_use_builder":"on","_et_pb_old_content":"","_et_gb_content_width":"","footnotes":""},"class_list":["post-156333","page","type-page","status-publish","has-post-thumbnail","hentry"],"yoast_head":"<!-- This site is optimized with the Yoast SEO plugin v27.5 - https:\/\/yoast.com\/product\/yoast-seo-wordpress\/ -->\n<title>APK Almelo - Overzicht Keuringsstations? Bekijk de keurstations op deze pagina<\/title>\n<meta name=\"description\" content=\"APK keuring nodig in Almelo? Bekijk het overzicht van alle garages in Almelo en vind \u00e9\u00e9n in de buurt en laat je auto tijdig keuren\" \/>\n<meta name=\"robots\" content=\"index, follow, max-snippet:-1, max-image-preview:large, max-video-preview:-1\" \/>\n<link rel=\"canonical\" href=\"https:\/\/autobaak.nl\/de\/mot-almelo\/\" \/>\n<meta property=\"og:locale\" content=\"de_DE\" \/>\n<meta property=\"og:type\" content=\"article\" \/>\n<meta property=\"og:title\" content=\"APK Almelo - Overzicht Keuringsstations? Bekijk de keurstations op deze pagina\" \/>\n<meta property=\"og:description\" content=\"APK keuring nodig in Almelo? Bekijk het overzicht van alle garages in Almelo en vind \u00e9\u00e9n in de buurt en laat je auto tijdig keuren\" \/>\n<meta property=\"og:url\" content=\"https:\/\/autobaak.nl\/de\/mot-almelo\/\" \/>\n<meta property=\"og:site_name\" content=\"Autobaak.nl\" \/>\n<meta property=\"article:modified_time\" content=\"2023-09-29T13:45:45+00:00\" \/>\n<meta property=\"og:image\" content=\"https:\/\/autobaak.nl\/wp-content\/uploads\/2023\/08\/apk-Almelo.jpg\" \/>\n\t<meta property=\"og:image:width\" content=\"1000\" \/>\n\t<meta property=\"og:image:height\" content=\"300\" \/>\n\t<meta property=\"og:image:type\" content=\"image\/jpeg\" \/>\n<meta name=\"twitter:card\" content=\"summary_large_image\" \/>\n<meta name=\"twitter:label1\" content=\"Gesch\u00e4tzte Lesezeit\" \/>\n\t<meta name=\"twitter:data1\" content=\"2\u00a0Minuten\" \/>\n<script type=\"application\/ld+json\" class=\"yoast-schema-graph\">{\"@context\":\"https:\\\/\\\/schema.org\",\"@graph\":[{\"@type\":\"WebPage\",\"@id\":\"https:\\\/\\\/autobaak.nl\\\/apk-keuring-almelo\\\/\",\"url\":\"https:\\\/\\\/autobaak.nl\\\/apk-keuring-almelo\\\/\",\"name\":\"APK Almelo - Overzicht Keuringsstations? Bekijk de keurstations op deze pagina\",\"isPartOf\":{\"@id\":\"https:\\\/\\\/autobaak.nl\\\/#website\"},\"primaryImageOfPage\":{\"@id\":\"https:\\\/\\\/autobaak.nl\\\/apk-keuring-almelo\\\/#primaryimage\"},\"image\":{\"@id\":\"https:\\\/\\\/autobaak.nl\\\/apk-keuring-almelo\\\/#primaryimage\"},\"thumbnailUrl\":\"https:\\\/\\\/autobaak.nl\\\/wp-content\\\/uploads\\\/2023\\\/08\\\/apk-Almelo.jpg\",\"datePublished\":\"2023-08-09T15:09:40+00:00\",\"dateModified\":\"2023-09-29T13:45:45+00:00\",\"description\":\"APK keuring nodig in Almelo? Bekijk het overzicht van alle garages in Almelo en vind \u00e9\u00e9n in de buurt en laat je auto tijdig keuren\",\"breadcrumb\":{\"@id\":\"https:\\\/\\\/autobaak.nl\\\/apk-keuring-almelo\\\/#breadcrumb\"},\"inLanguage\":\"de\",\"potentialAction\":[{\"@type\":\"ReadAction\",\"target\":[\"https:\\\/\\\/autobaak.nl\\\/apk-keuring-almelo\\\/\"]}]},{\"@type\":\"ImageObject\",\"inLanguage\":\"de\",\"@id\":\"https:\\\/\\\/autobaak.nl\\\/apk-keuring-almelo\\\/#primaryimage\",\"url\":\"https:\\\/\\\/autobaak.nl\\\/wp-content\\\/uploads\\\/2023\\\/08\\\/apk-Almelo.jpg\",\"contentUrl\":\"https:\\\/\\\/autobaak.nl\\\/wp-content\\\/uploads\\\/2023\\\/08\\\/apk-Almelo.jpg\",\"width\":1000,\"height\":300,\"caption\":\"apk Almelo\"},{\"@type\":\"BreadcrumbList\",\"@id\":\"https:\\\/\\\/autobaak.nl\\\/apk-keuring-almelo\\\/#breadcrumb\",\"itemListElement\":[{\"@type\":\"ListItem\",\"position\":1,\"name\":\"Home\",\"item\":\"https:\\\/\\\/autobaak.nl\\\/\"},{\"@type\":\"ListItem\",\"position\":2,\"name\":\"APK Almelo &#8211; Overzicht Keuringsstations\"}]},{\"@type\":\"WebSite\",\"@id\":\"https:\\\/\\\/autobaak.nl\\\/#website\",\"url\":\"https:\\\/\\\/autobaak.nl\\\/\",\"name\":\"Autobaak.nl\",\"description\":\"Cars &amp; Racing\",\"potentialAction\":[{\"@type\":\"SearchAction\",\"target\":{\"@type\":\"EntryPoint\",\"urlTemplate\":\"https:\\\/\\\/autobaak.nl\\\/?s={search_term_string}\"},\"query-input\":{\"@type\":\"PropertyValueSpecification\",\"valueRequired\":true,\"valueName\":\"search_term_string\"}}],\"inLanguage\":\"de\"}]}<\/script>\n<!-- \/ Yoast SEO plugin. -->","yoast_head_json":{"title":"MOT Almelo - \u00dcbersicht Pr\u00fcfstellen? Sehen Sie sich die Pr\u00fcfstellen auf dieser Seite an","description":"Ben\u00f6tigen Sie eine T\u00dcV-Pr\u00fcfung in Almelo? Sehen Sie sich die \u00dcbersicht aller Werkst\u00e4tten in Almelo an, um eine Werkstatt in Ihrer N\u00e4he zu finden und Ihr Auto rechtzeitig \u00fcberpr\u00fcfen zu lassen.","robots":{"index":"index","follow":"follow","max-snippet":"max-snippet:-1","max-image-preview":"max-image-preview:large","max-video-preview":"max-video-preview:-1"},"canonical":"https:\/\/autobaak.nl\/de\/mot-almelo\/","og_locale":"de_DE","og_type":"article","og_title":"APK Almelo - Overzicht Keuringsstations? Bekijk de keurstations op deze pagina","og_description":"APK keuring nodig in Almelo? Bekijk het overzicht van alle garages in Almelo en vind \u00e9\u00e9n in de buurt en laat je auto tijdig keuren","og_url":"https:\/\/autobaak.nl\/de\/mot-almelo\/","og_site_name":"Autobaak.nl","article_modified_time":"2023-09-29T13:45:45+00:00","og_image":[{"width":1000,"height":300,"url":"https:\/\/autobaak.nl\/wp-content\/uploads\/2023\/08\/apk-Almelo.jpg","type":"image\/jpeg"}],"twitter_card":"summary_large_image","twitter_misc":{"Gesch\u00e4tzte Lesezeit":"2\u00a0Minuten"},"schema":{"@context":"https:\/\/schema.org","@graph":[{"@type":"WebPage","@id":"https:\/\/autobaak.nl\/apk-keuring-almelo\/","url":"https:\/\/autobaak.nl\/apk-keuring-almelo\/","name":"MOT Almelo - \u00dcbersicht Pr\u00fcfstellen? Sehen Sie sich die Pr\u00fcfstellen auf dieser Seite an","isPartOf":{"@id":"https:\/\/autobaak.nl\/#website"},"primaryImageOfPage":{"@id":"https:\/\/autobaak.nl\/apk-keuring-almelo\/#primaryimage"},"image":{"@id":"https:\/\/autobaak.nl\/apk-keuring-almelo\/#primaryimage"},"thumbnailUrl":"https:\/\/autobaak.nl\/wp-content\/uploads\/2023\/08\/apk-Almelo.jpg","datePublished":"2023-08-09T15:09:40+00:00","dateModified":"2023-09-29T13:45:45+00:00","description":"Ben\u00f6tigen Sie eine T\u00dcV-Pr\u00fcfung in Almelo? Sehen Sie sich die \u00dcbersicht aller Werkst\u00e4tten in Almelo an, um eine Werkstatt in Ihrer N\u00e4he zu finden und Ihr Auto rechtzeitig \u00fcberpr\u00fcfen zu lassen.","breadcrumb":{"@id":"https:\/\/autobaak.nl\/apk-keuring-almelo\/#breadcrumb"},"inLanguage":"de","potentialAction":[{"@type":"ReadAction","target":["https:\/\/autobaak.nl\/apk-keuring-almelo\/"]}]},{"@type":"ImageObject","inLanguage":"de","@id":"https:\/\/autobaak.nl\/apk-keuring-almelo\/#primaryimage","url":"https:\/\/autobaak.nl\/wp-content\/uploads\/2023\/08\/apk-Almelo.jpg","contentUrl":"https:\/\/autobaak.nl\/wp-content\/uploads\/2023\/08\/apk-Almelo.jpg","width":1000,"height":300,"caption":"apk Almelo"},{"@type":"BreadcrumbList","@id":"https:\/\/autobaak.nl\/apk-keuring-almelo\/#breadcrumb","itemListElement":[{"@type":"ListItem","position":1,"name":"Home","item":"https:\/\/autobaak.nl\/"},{"@type":"ListItem","position":2,"name":"APK Almelo &#8211; Overzicht Keuringsstations"}]},{"@type":"WebSite","@id":"https:\/\/autobaak.nl\/#website","url":"https:\/\/autobaak.nl\/","name":"Autobook.de","description":"Autos &amp; Rennsport","potentialAction":[{"@type":"SearchAction","target":{"@type":"EntryPoint","urlTemplate":"https:\/\/autobaak.nl\/?s={search_term_string}"},"query-input":{"@type":"PropertyValueSpecification","valueRequired":true,"valueName":"search_term_string"}}],"inLanguage":"de"}]}},"_links":{"self":[{"href":"https:\/\/autobaak.nl\/de\/wp-json\/wp\/v2\/pages\/156333","targetHints":{"allow":["GET"]}}],"collection":[{"href":"https:\/\/autobaak.nl\/de\/wp-json\/wp\/v2\/pages"}],"about":[{"href":"https:\/\/autobaak.nl\/de\/wp-json\/wp\/v2\/types\/page"}],"author":[{"embeddable":true,"href":"https:\/\/autobaak.nl\/de\/wp-json\/wp\/v2\/users\/1"}],"replies":[{"embeddable":true,"href":"https:\/\/autobaak.nl\/de\/wp-json\/wp\/v2\/comments?post=156333"}],"version-history":[{"count":7,"href":"https:\/\/autobaak.nl\/de\/wp-json\/wp\/v2\/pages\/156333\/revisions"}],"predecessor-version":[{"id":156829,"href":"https:\/\/autobaak.nl\/de\/wp-json\/wp\/v2\/pages\/156333\/revisions\/156829"}],"wp:featuredmedia":[{"embeddable":true,"href":"https:\/\/autobaak.nl\/de\/wp-json\/wp\/v2\/media\/156337"}],"wp:attachment":[{"href":"https:\/\/autobaak.nl\/de\/wp-json\/wp\/v2\/media?parent=156333"}],"curies":[{"name":"wp","href":"https:\/\/api.w.org\/{rel}","templated":true}]}}