{"id":156355,"date":"2023-08-24T14:22:16","date_gmt":"2023-08-24T12:22:16","guid":{"rendered":"https:\/\/autobaak.nl\/?page_id=156355"},"modified":"2023-09-29T16:00:03","modified_gmt":"2023-09-29T14:00:03","slug":"apk-gouda-ubersicht-kontrollstationen","status":"publish","type":"page","link":"https:\/\/autobaak.nl\/de\/apk-gouda-ubersicht-kontrollstationen\/","title":{"rendered":"MOT Gouda - \u00dcbersicht Pr\u00fcfstellen"},"content":{"rendered":"<p>[et_pb_section fb_built=\"1\u2033 inner_shadow=\"on\" fullwidth=\"on\" _builder_version=\"4.18.0\u2033 background_image=\"https:\/\/autobaak.nl\/wp-content\/uploads\/2022\/08\/pexels-jesse-zheng-1213295.jpg\" global_colors_info=\"{}\"][et_pb_fullwidth_header title=\"Skoda Home\" subhead=\"N\u00fctzliche Informationen \u00fcber Skoda\" text_orientation=\"centre\" _builder_version=\"4.18.0\u2033 content_font_size=\"15px\" background_color=\"rgba(255, 255, 255, 0)\" background_image=\"https:\/\/autobaak.nl\/wp-content\/uploads\/2022\/09\/skoda.jpg\" text_shadow_style=\"preset5\u2033 text_shadow_color=\"rgba(0,0,0,0.52)\" global_colors_info=\"{}\" button_one_text_size__hover_enabled=\"off\" button_one_text_size__hover=\"null\" button_two_text_size__hover_enabled=\"off\" button_two_text_size__hover=\"null\" button_one_text_color__hover_enabled=\"off\" button_one_text_color__hover=\"null\" button_two_text_color__hover_enabled=\"off\" button_two_text_color__hover=\"null\" button_one_border_width__hover_enabled=\"off\" button_one_border_width__hover=\"null\" button_two_border_width__hover_enabled=\"off\" button_two_border_width__hover=\"null\" button_one_border_color__hover_enabled=\"off\" button_one_border_color__hover=\"null\" button_two_border_color__hover_enabled=\"off\" button_two_border_color__hover=\"null\" button_one_border_radius__hover_enabled=\"off\" button_one_border_radius__hover=\"null\" button_two_border_radius__hover_enabled=\"off\" button_two_border_radius__hover=\"null\" button_one_letter_spacing__hover_enabled=\"off\" button_one_letter_spacing__hover=\"null\" button_two_letter_spacing__hover_enabled=\"off\" button_two_letter_spacing__hover=\"null\" button_one_bg_color__hover_enabled=\"off\" button_one_bg_color__hover=\"null\" button_two_bg_color__hover_enabled=\"off\" button_two_bg_color__hover=\"null\"][\/et_pb_fullwidth_header][\/et_pb_section][et_pb_section fb_built=\"1\u2033 _builder_version=\"4.16\u2033 custom_padding=\"2px|0px|3px|0px\" global_colors_info=\"{}\"][et_pb_row _builder_version=\"4.16\u2033 background_size=\"initial\" background_position=\"top_left\" background_repeat=\"repeat\" custom_padding=\"26.3594px|0px|2px|0px\" global_colors_info=\"{}\"][et_pb_column type=\"4_4\u2033 _builder_version=\"4.16\u2033 custom_padding=\"|||\" global_colors_info=\"{}\" custom_padding__hover=\"|||\"][et_pb_text _builder_version=\"4.16\u2033 global_colors_info=\"{}\"]<\/p>\n<h2 data-pm-slice=\"1 1 []\">MOT Gouda, was sollten Sie mitbringen?<\/h2>\n<p>Wenn Sie Ihr Auto in Amsterdam inspizieren lassen, m\u00fcssen Sie einige Dokumente mitbringen. Nat\u00fcrlich brauchen Sie Ihr Auto und seine Papiere. Vergessen Sie auch nicht, Ihren F\u00fchrerschein und einen eventuellen Inspektionsbericht von der letzten Inspektion mitzubringen.<\/p>\n<h2>Warum ist eine T\u00dcV-Pr\u00fcfung notwendig?<\/h2>\n<p>Eine T\u00dcV-Inspektion ist wichtig, damit Ihr Auto sicher und zuverl\u00e4ssig bleibt. Bei der Inspektion werden wichtige Teile Ihres Fahrzeugs \u00fcberpr\u00fcft, z. B. die Bremsen, die Beleuchtung und der Auspuff. Sollten M\u00e4ngel festgestellt werden, m\u00fcssen Sie diese reparieren lassen, bevor Ihr Auto zugelassen wird.<\/p>\n<h2>Wie hoch sind die durchschnittlichen Kosten f\u00fcr einen T\u00dcV in Gouda?<\/h2>\n<p>Die Kosten f\u00fcr eine T\u00dcV-Pr\u00fcfung in Amsterdam k\u00f6nnen je nach Werkstatt variieren. Die durchschnittlichen Kosten liegen in der Regel zwischen 50 \u20ac und 100 \u20ac. Es ist immer ratsam, die Preise bei verschiedenen Werkst\u00e4tten im Voraus zu vergleichen.<\/p>\n<h2>In welchen Punkten wird Ihr Fahrzeug kontrolliert?<\/h2>\n<p>Bei der T\u00dcV-Pr\u00fcfung werden verschiedene Teile Ihres Fahrzeugs kontrolliert. Sie k\u00f6nnen dar\u00fcber nachdenken:<\/p>\n<ul>\n<li>Bremsen<\/li>\n<li>Reifen<\/li>\n<li>Beleuchtung und Elektroinstallation<\/li>\n<li>Abgase und Emissionen<\/li>\n<li>Karosserie und Fahrwerk<\/li>\n<li>Aufh\u00e4ngung<\/li>\n<li>Lenkung<\/li>\n<\/ul>\n<p>Nachstehend finden Sie eine \u00dcbersicht \u00fcber die Punkte, in denen Ihr Auto beim T\u00dcV in Almelo \u00fcberpr\u00fcft wird:<\/p>\n<table>\n<tbody>\n<tr>\n<th colspan=\"1\" rowspan=\"1\">Teile<\/th>\n<th colspan=\"1\" rowspan=\"1\">APK-Pr\u00fcfung<\/th>\n<\/tr>\n<tr>\n<td colspan=\"1\" rowspan=\"1\">Bremsen<\/td>\n<td colspan=\"1\" rowspan=\"1\">Vorhandensein und Funktion der Handbremse, Bremsbel\u00e4ge, Bremsscheiben<\/td>\n<\/tr>\n<tr>\n<td colspan=\"1\" rowspan=\"1\">Reifen<\/td>\n<td colspan=\"1\" rowspan=\"1\">Profiltiefe, Reifendruck<\/td>\n<\/tr>\n<tr>\n<td colspan=\"1\" rowspan=\"1\">Beleuchtung und Elektroinstallation<\/td>\n<td colspan=\"1\" rowspan=\"1\">Betrieb von Leuchten, Blinkern, Bremsleuchten<\/td>\n<\/tr>\n<tr>\n<td colspan=\"1\" rowspan=\"1\">Abgase und Emissionen<\/td>\n<td colspan=\"1\" rowspan=\"1\">Betrieb und Verschlei\u00df des Schalld\u00e4mpfers, Kontrolle der Abgase<\/td>\n<\/tr>\n<tr>\n<td colspan=\"1\" rowspan=\"1\">Karosserie und Fahrwerk<\/td>\n<td colspan=\"1\" rowspan=\"1\">Rost und Sch\u00e4den an der Karosserie, Risse in den Fenstern<\/td>\n<\/tr>\n<tr>\n<td colspan=\"1\" rowspan=\"1\">Aufh\u00e4ngung<\/td>\n<td colspan=\"1\" rowspan=\"1\">Sto\u00dfd\u00e4mpfer, Federtellergummis, Querlenker<\/td>\n<\/tr>\n<tr>\n<td colspan=\"1\" rowspan=\"1\">Lenkung<\/td>\n<td colspan=\"1\" rowspan=\"1\">Auf dem Lenker spielen, um den Lenker herum tragen<\/td>\n<\/tr>\n<\/tbody>\n<\/table>\n<p>Es ist wichtig, dass Sie Ihr Auto regelm\u00e4\u00dfig \u00fcberpr\u00fcfen lassen, um die Verkehrssicherheit zu gew\u00e4hrleisten. Denken Sie daran, dass eine T\u00dcV-Pr\u00fcfung obligatorisch ist. Wenn Sie noch Fragen zur T\u00dcV-Pr\u00fcfung in Amsterdam haben, k\u00f6nnen Sie sich jederzeit an eine Werkstatt in Ihrer N\u00e4he wenden.<\/p>\n<p>[\/et_pb_text][\/et_pb_column][et_pb_column type=\"2_5\u2033 _builder_version=\"4.16\u2033 custom_padding=\"|||\" global_colors_info=\"{}\" custom_padding__hover=\"|||\"][et_pb_image src=\"https:\/\/autobaak.nl\/wp-content\/uploads\/2023\/09\/1.HalfPage.png\" _builder_version=\"4.22.2\u2033 _module_preset=\"default\" title_text=\"apk ad\" url=\"https:\/\/autobaak.nl\/adverteren-op-autobaak\/\" hover_enabled=\"0\u2033 sticky_enabled=\"0\u2033][\/et_pb_image][\/et_pb_column][\/et_pb_row][et_pb_row _builder_version=\"4.22.2\u2033 _module_preset=\"default\"][et_pb_column _builder_version=\"4.22.2\u2033 _module_preset=\"default\" type=\"4_4\u2033][et_pb_text _builder_version=\"4.22.0\u2033 background_colour=\"RGBA(255,255,255,0)\" custom_margin=\"0px|||\" custom_padding=\"10px|20px|10px|20px\" global_colors_info=\"{}\"]<\/p>\n<h2>MOT-Stationen Gouda<\/h2>\n\n<table id=\"tablepress-178\" class=\"tablepress tablepress-id-178 tablepress-responsive\">\n<thead>\n<tr class=\"row-1 odd\">\n\t<th class=\"column-1\">Name des Unternehmens<\/th><th class=\"column-2\">Stra\u00dfe<\/th><th class=\"column-3\">Postleitzahl<\/th><th class=\"column-4\">Standort<\/th><th class=\"column-5\">Rufnummer<\/th><th class=\"column-6\">Website<\/th><th class=\"column-7\">E-Mail:<\/th>\n<\/tr>\n<\/thead>\n<tbody class=\"row-hover\">\n<tr class=\"row-2 even\">\n\t<td class=\"column-1\">Darlehen APK<\/td><td class=\"column-2\">Gouderaksedijk 1<\/td><td class=\"column-3\">2808 NA<\/td><td class=\"column-4\">Gouda<\/td><td class=\"column-5\">0182 678 740<\/td><td class=\"column-6\"><a href=\"https:\/\/www.leenapk.nl\/\">loanapk.co.uk<\/a><\/td><td class=\"column-7\">info@leenapk.nl<\/td>\n<\/tr>\n<tr class=\"row-3 odd\">\n\t<td class=\"column-1\">Auto-Service Gouda<\/td><td class=\"column-2\">Antwerpener Weg 9-9<\/td><td class=\"column-3\">2803 PB<\/td><td class=\"column-4\">Gouda<\/td><td class=\"column-5\">06 14205119<\/td><td class=\"column-6\"><a href=\"https:\/\/autoservicegouda.nl\/\">autoservicegouda.nl<\/a><\/td><td class=\"column-7\">info@autoservicegouda.nl<\/td>\n<\/tr>\n<tr class=\"row-4 even\">\n\t<td class=\"column-1\">Garage Van Dam Gouda<\/td><td class=\"column-2\">Burgemeester van Reenensingel 49<\/td><td class=\"column-3\">2803 PA<\/td><td class=\"column-4\">Gouda<\/td><td class=\"column-5\">0182 526 053<\/td><td class=\"column-6\"><a href=\"https:\/\/www.autofirst-goudavds.nl\/\">autofirst-goudavds.co.uk<\/a><\/td><td class=\"column-7\">info@autofirst-gouda.nl<\/td>\n<\/tr>\n<tr class=\"row-5 odd\">\n\t<td class=\"column-1\">Van Buuren-Garage<\/td><td class=\"column-2\">Groningenweg 4<\/td><td class=\"column-3\">2803 PV<\/td><td class=\"column-4\">Gouda<\/td><td class=\"column-5\">0182 359 045<\/td><td class=\"column-6\"><a href=\"https:\/\/www.vakgaragevanbuuren.nl\/\" rel=\"noopener\" target=\"_blank\">vakgaragevanbuuren.nl<\/a><\/td><td class=\"column-7\">info@autovanbuuren.nl<\/td>\n<\/tr>\n<tr class=\"row-6 even\">\n\t<td class=\"column-1\">Autoservice und Fahrradreparatur KwikFit Gouda<\/td><td class=\"column-2\">Albert Plesmanplein 17<\/td><td class=\"column-3\">2805 AA<\/td><td class=\"column-4\">Gouda<\/td><td class=\"column-5\">0182 521 999<\/td><td class=\"column-6\"><a href=\"https:\/\/www.kwik-fit.nl\/vestigingen\/gouda\" rel=\"noopener\" target=\"_blank\">www.kwik-fit.nl\/vestigingen\/gouda<\/a><\/td><td class=\"column-7\">klanten@kwik-fit.nl<\/td>\n<\/tr>\n<tr class=\"row-7 odd\">\n\t<td class=\"column-1\">Profil-Reifen Gouda, Nooteboom<\/td><td class=\"column-2\">Burgemeester van Reenensingel 115<\/td><td class=\"column-3\">2803 PA<\/td><td class=\"column-4\">Gouda<\/td><td class=\"column-5\">0182 513 034<\/td><td class=\"column-6\"><a href=\"https:\/\/www.profile.nl\/vestigingen\/gouda\/burg-van-reenensingel-115\" rel=\"noopener\" target=\"_blank\">www.profile.nl\/vestigingen\/gouda\/burg-van-reenensingel-115<\/a><\/td><td class=\"column-7\">gouda@profile.nl<\/td>\n<\/tr>\n<tr class=\"row-8 even\">\n\t<td class=\"column-1\">Garagenunternehmen Insgesamt<\/td><td class=\"column-2\">Goverwellesingel 100<\/td><td class=\"column-3\">2807 DX<\/td><td class=\"column-4\">Gouda<\/td><td class=\"column-5\">0182 338 111<\/td><td class=\"column-6\">K.A.<\/td><td class=\"column-7\">johnsmith@totalgaragedoorservice.com<\/td>\n<\/tr>\n<tr class=\"row-9 odd\">\n\t<td class=\"column-1\">Van Loon Autoservice Bosch Autoservice<\/td><td class=\"column-2\">Nieuwe Gouwe O.Z 9<\/td><td class=\"column-3\">2801 SB<\/td><td class=\"column-4\">Gouda<\/td><td class=\"column-5\">K.A.<\/td><td class=\"column-6\"><a href=\"https:\/\/www.vanlooncarservice.nl\/\" rel=\"noopener\" target=\"_blank\">www.vanlooncarservice.nl\/<\/a><\/td><td class=\"column-7\">info@vanlooncarservice.nl<\/td>\n<\/tr>\n<tr class=\"row-10 even\">\n\t<td class=\"column-1\">E&amp;A Autofirma Speedy<\/td><td class=\"column-2\">Industriestra\u00dfe 79<\/td><td class=\"column-3\">2802 AK<\/td><td class=\"column-4\">Gouda<\/td><td class=\"column-5\">010 737 1199<\/td><td class=\"column-6\"><a href=\"https:\/\/www.easpeedy.nl\/\" rel=\"noopener\" target=\"_blank\">.easpeedy.co.uk<\/a><\/td><td class=\"column-7\">info@easpeedy.nl<\/td>\n<\/tr>\n<tr class=\"row-11 odd\">\n\t<td class=\"column-1\">Garage Boumy<\/td><td class=\"column-2\">Edisonstra\u00dfe 6b<\/td><td class=\"column-3\">2809 PB<\/td><td class=\"column-4\">Gouda<\/td><td class=\"column-5\">06 41040336<\/td><td class=\"column-6\"><a href=\"https:\/\/www.garageboumy.nl\/\" rel=\"noopener\" target=\"_blank\">garageboumy.co.uk<\/a><\/td><td class=\"column-7\">info@garageboumy.nl<\/td>\n<\/tr>\n<tr class=\"row-12 even\">\n\t<td class=\"column-1\">Piet Hofman Garage<\/td><td class=\"column-2\">Jan Tinbergenstraat 26<\/td><td class=\"column-3\">2811 DZ<\/td><td class=\"column-4\">Gouda<\/td><td class=\"column-5\">0182 394 605<\/td><td class=\"column-6\"><a href=\"https:\/\/www.vakgaragepiethofman.nl\/\" rel=\"noopener\" target=\"_blank\">vakgaragepiethofman.nl<\/a><\/td><td class=\"column-7\">info@vakgaragepiethofman.nl<\/td>\n<\/tr>\n<tr class=\"row-13 odd\">\n\t<td class=\"column-1\">Smits Auto - Garage Haastrecht<\/td><td class=\"column-2\">Bisdom van Vlietstraat 1<\/td><td class=\"column-3\">2851 EG<\/td><td class=\"column-4\">Gouda<\/td><td class=\"column-5\">0182 502 074<\/td><td class=\"column-6\"><a href=\"https:\/\/smitsauto.nl\/\" rel=\"noopener\" target=\"_blank\">smitsauto.co.uk<\/a><\/td><td class=\"column-7\">info@smitsauto.nl<\/td>\n<\/tr>\n<tr class=\"row-14 even\">\n\t<td class=\"column-1\">Garage Bodegraven<\/td><td class=\"column-2\">Terrassensingel 1<\/td><td class=\"column-3\">2411 PW<\/td><td class=\"column-4\">Gouda<\/td><td class=\"column-5\">0172 472 808<\/td><td class=\"column-6\"><a href=\"https:\/\/www.vakgaragebodegraven.nl\" rel=\"noopener\" target=\"_blank\">vakgaragebodegraven.nl<\/a><\/td><td class=\"column-7\">info@vakgaragebodegraven.nl<\/td>\n<\/tr>\n<\/tbody>\n<\/table>\n<!-- #tablepress-178 from cache -->\n<p>[\/et_pb_text][\/et_pb_column][\/et_pb_row][\/et_pb_section].<\/p>","protected":false},"excerpt":{"rendered":"<p>MOT Gouda, was m\u00fcssen Sie mitbringen? Wenn Sie Ihr Auto in Gouda untersuchen lassen, m\u00fcssen Sie einige Dokumente mitbringen. Nat\u00fcrlich brauchen Sie Ihr Auto und seine Papiere. Vergessen Sie auch nicht, Ihren F\u00fchrerschein und einen eventuellen Inspektionsbericht von der letzten Inspektion mitzubringen. Warum ist eine T\u00dcV-Untersuchung notwendig? Eine T\u00dcV-Untersuchung ist [...]<\/p>","protected":false},"author":1,"featured_media":0,"parent":0,"menu_order":0,"comment_status":"closed","ping_status":"closed","template":"","meta":{"_et_pb_use_builder":"on","_et_pb_old_content":"","_et_gb_content_width":"","footnotes":""},"class_list":["post-156355","page","type-page","status-publish","hentry"],"yoast_head":"<!-- This site is optimized with the Yoast SEO plugin v27.5 - https:\/\/yoast.com\/product\/yoast-seo-wordpress\/ -->\n<title>APK Gouda - Overzicht Keuringsstations - Autobaak.nl<\/title>\n<meta name=\"description\" content=\"APK Gouda, waar kan je terecht als de APK is verlopen? Hier een overzicht van de garages in Gouda voor de APK keuring van jouw auto.\" \/>\n<meta name=\"robots\" content=\"index, follow, max-snippet:-1, max-image-preview:large, max-video-preview:-1\" \/>\n<link rel=\"canonical\" href=\"https:\/\/autobaak.nl\/de\/apk-gouda-ubersicht-kontrollstationen\/\" \/>\n<meta property=\"og:locale\" content=\"de_DE\" \/>\n<meta property=\"og:type\" content=\"article\" \/>\n<meta property=\"og:title\" content=\"APK Gouda - Overzicht Keuringsstations - Autobaak.nl\" \/>\n<meta property=\"og:description\" content=\"APK Gouda, waar kan je terecht als de APK is verlopen? Hier een overzicht van de garages in Gouda voor de APK keuring van jouw auto.\" \/>\n<meta property=\"og:url\" content=\"https:\/\/autobaak.nl\/de\/apk-gouda-ubersicht-kontrollstationen\/\" \/>\n<meta property=\"og:site_name\" content=\"Autobaak.nl\" \/>\n<meta property=\"article:modified_time\" content=\"2023-09-29T14:00:03+00:00\" \/>\n<meta name=\"twitter:card\" content=\"summary_large_image\" \/>\n<meta name=\"twitter:label1\" content=\"Gesch\u00e4tzte Lesezeit\" \/>\n\t<meta name=\"twitter:data1\" content=\"3\u00a0Minuten\" \/>\n<script type=\"application\/ld+json\" class=\"yoast-schema-graph\">{\"@context\":\"https:\\\/\\\/schema.org\",\"@graph\":[{\"@type\":\"WebPage\",\"@id\":\"https:\\\/\\\/autobaak.nl\\\/apk-gouda-overzicht-keuringsstations\\\/\",\"url\":\"https:\\\/\\\/autobaak.nl\\\/apk-gouda-overzicht-keuringsstations\\\/\",\"name\":\"APK Gouda - Overzicht Keuringsstations - Autobaak.nl\",\"isPartOf\":{\"@id\":\"https:\\\/\\\/autobaak.nl\\\/#website\"},\"datePublished\":\"2023-08-24T12:22:16+00:00\",\"dateModified\":\"2023-09-29T14:00:03+00:00\",\"description\":\"APK Gouda, waar kan je terecht als de APK is verlopen? Hier een overzicht van de garages in Gouda voor de APK keuring van jouw auto.\",\"breadcrumb\":{\"@id\":\"https:\\\/\\\/autobaak.nl\\\/apk-gouda-overzicht-keuringsstations\\\/#breadcrumb\"},\"inLanguage\":\"de\",\"potentialAction\":[{\"@type\":\"ReadAction\",\"target\":[\"https:\\\/\\\/autobaak.nl\\\/apk-gouda-overzicht-keuringsstations\\\/\"]}]},{\"@type\":\"BreadcrumbList\",\"@id\":\"https:\\\/\\\/autobaak.nl\\\/apk-gouda-overzicht-keuringsstations\\\/#breadcrumb\",\"itemListElement\":[{\"@type\":\"ListItem\",\"position\":1,\"name\":\"Home\",\"item\":\"https:\\\/\\\/autobaak.nl\\\/\"},{\"@type\":\"ListItem\",\"position\":2,\"name\":\"APK Gouda &#8211; Overzicht Keuringsstations\"}]},{\"@type\":\"WebSite\",\"@id\":\"https:\\\/\\\/autobaak.nl\\\/#website\",\"url\":\"https:\\\/\\\/autobaak.nl\\\/\",\"name\":\"Autobaak.nl\",\"description\":\"Cars &amp; Racing\",\"potentialAction\":[{\"@type\":\"SearchAction\",\"target\":{\"@type\":\"EntryPoint\",\"urlTemplate\":\"https:\\\/\\\/autobaak.nl\\\/?s={search_term_string}\"},\"query-input\":{\"@type\":\"PropertyValueSpecification\",\"valueRequired\":true,\"valueName\":\"search_term_string\"}}],\"inLanguage\":\"de\"}]}<\/script>\n<!-- \/ Yoast SEO plugin. -->","yoast_head_json":{"title":"MOT Gouda - \u00dcbersicht Inspektionsstellen - Autobaak.nl","description":"APK Gouda, wo kann man hingehen, wenn die APK abgelaufen ist? Hier finden Sie eine Liste von Werkst\u00e4tten in Gouda f\u00fcr die T\u00dcV-Pr\u00fcfung Ihres Autos.","robots":{"index":"index","follow":"follow","max-snippet":"max-snippet:-1","max-image-preview":"max-image-preview:large","max-video-preview":"max-video-preview:-1"},"canonical":"https:\/\/autobaak.nl\/de\/apk-gouda-ubersicht-kontrollstationen\/","og_locale":"de_DE","og_type":"article","og_title":"APK Gouda - Overzicht Keuringsstations - Autobaak.nl","og_description":"APK Gouda, waar kan je terecht als de APK is verlopen? Hier een overzicht van de garages in Gouda voor de APK keuring van jouw auto.","og_url":"https:\/\/autobaak.nl\/de\/apk-gouda-ubersicht-kontrollstationen\/","og_site_name":"Autobaak.nl","article_modified_time":"2023-09-29T14:00:03+00:00","twitter_card":"summary_large_image","twitter_misc":{"Gesch\u00e4tzte Lesezeit":"3\u00a0Minuten"},"schema":{"@context":"https:\/\/schema.org","@graph":[{"@type":"WebPage","@id":"https:\/\/autobaak.nl\/apk-gouda-overzicht-keuringsstations\/","url":"https:\/\/autobaak.nl\/apk-gouda-overzicht-keuringsstations\/","name":"MOT Gouda - \u00dcbersicht Inspektionsstellen - Autobaak.nl","isPartOf":{"@id":"https:\/\/autobaak.nl\/#website"},"datePublished":"2023-08-24T12:22:16+00:00","dateModified":"2023-09-29T14:00:03+00:00","description":"APK Gouda, wo kann man hingehen, wenn die APK abgelaufen ist? Hier finden Sie eine Liste von Werkst\u00e4tten in Gouda f\u00fcr die T\u00dcV-Pr\u00fcfung Ihres Autos.","breadcrumb":{"@id":"https:\/\/autobaak.nl\/apk-gouda-overzicht-keuringsstations\/#breadcrumb"},"inLanguage":"de","potentialAction":[{"@type":"ReadAction","target":["https:\/\/autobaak.nl\/apk-gouda-overzicht-keuringsstations\/"]}]},{"@type":"BreadcrumbList","@id":"https:\/\/autobaak.nl\/apk-gouda-overzicht-keuringsstations\/#breadcrumb","itemListElement":[{"@type":"ListItem","position":1,"name":"Home","item":"https:\/\/autobaak.nl\/"},{"@type":"ListItem","position":2,"name":"APK Gouda &#8211; Overzicht Keuringsstations"}]},{"@type":"WebSite","@id":"https:\/\/autobaak.nl\/#website","url":"https:\/\/autobaak.nl\/","name":"Autobook.de","description":"Autos &amp; Rennsport","potentialAction":[{"@type":"SearchAction","target":{"@type":"EntryPoint","urlTemplate":"https:\/\/autobaak.nl\/?s={search_term_string}"},"query-input":{"@type":"PropertyValueSpecification","valueRequired":true,"valueName":"search_term_string"}}],"inLanguage":"de"}]}},"_links":{"self":[{"href":"https:\/\/autobaak.nl\/de\/wp-json\/wp\/v2\/pages\/156355","targetHints":{"allow":["GET"]}}],"collection":[{"href":"https:\/\/autobaak.nl\/de\/wp-json\/wp\/v2\/pages"}],"about":[{"href":"https:\/\/autobaak.nl\/de\/wp-json\/wp\/v2\/types\/page"}],"author":[{"embeddable":true,"href":"https:\/\/autobaak.nl\/de\/wp-json\/wp\/v2\/users\/1"}],"replies":[{"embeddable":true,"href":"https:\/\/autobaak.nl\/de\/wp-json\/wp\/v2\/comments?post=156355"}],"version-history":[{"count":7,"href":"https:\/\/autobaak.nl\/de\/wp-json\/wp\/v2\/pages\/156355\/revisions"}],"predecessor-version":[{"id":156848,"href":"https:\/\/autobaak.nl\/de\/wp-json\/wp\/v2\/pages\/156355\/revisions\/156848"}],"wp:attachment":[{"href":"https:\/\/autobaak.nl\/de\/wp-json\/wp\/v2\/media?parent=156355"}],"curies":[{"name":"wp","href":"https:\/\/api.w.org\/{rel}","templated":true}]}}