{"id":15636,"date":"2019-11-28T17:36:58","date_gmt":"2019-11-28T17:36:58","guid":{"rendered":"https:\/\/autobaak.nl\/?page_id=15636"},"modified":"2019-12-05T16:56:07","modified_gmt":"2019-12-05T16:56:07","slug":"radkappen-in-allen-grosen-kaufen","status":"publish","type":"page","link":"https:\/\/autobaak.nl\/de\/radkappen-in-allen-grosen-kaufen\/","title":{"rendered":"Radkappen in allen Gr\u00f6\u00dfen kaufen"},"content":{"rendered":"<p>[et_pb_section fb_built=\"1\u2033 _builder_version=\"4.0.7\u2033 custom_padding=\"0px|||0px|||\"][et_pb_row _builder_version=\"4.0.7\u2033][et_pb_column type=\"4_4\u2033 _builder_version=\"4.0.7\u2033][et_pb_text _builder_version=\"4.0.7\u2033]<\/p>\n<blockquote>\n<h2>Jede Stahlfelge verdient eine sch\u00f6ne Radkappe<\/h2>\n<\/blockquote>\n<p>Sie k\u00f6nnen die Radscheiben bei Autobaak kaufen. Um im Handumdrehen die richtige Gr\u00f6\u00dfe der Radkappe zu finden, klicken Sie unten auf die richtige Gr\u00f6\u00dfe. Wenn Sie nicht wissen, welche Felgengr\u00f6\u00dfe Sie haben, schauen Sie am besten auf den Reifen. Hier hei\u00dft es zum Beispiel *195\/55\/<strong>15<\/strong>. Die letzte Zahl, in diesem Fall 15, gibt die Zollgr\u00f6\u00dfe an. Die 195 steht f\u00fcr die Breite des Reifens und die 55 f\u00fcr seine H\u00f6he.<\/p>\n<p>[\/et_pb_text][\/et_pb_column][\/et_pb_row][\/et_pb_section][et_pb_section fb_built=\"1\u2033 _builder_version=\"4.0.7\u2033 custom_padding=\"0px|||15px|||\"][et_pb_row column_structure=\"1_3,1_3,1_3\u2033 _builder_version=\"4.0.7\u2033][et_pb_column type=\"1_3\u2033 _builder_version=\"4.0.7\u2033][et_pb_image src=\"https:\/\/autobaak.nl\/wp-content\/uploads\/2019\/11\/13-inch-wieldoppen-kopen-min.png\" url=\"https:\/\/autobaak.nl\/13-inch-wieldoppen-kopen\/\" _builder_version=\"4.0.7\u2033][\/et_pb_image][\/et_pb_column][et_pb_column type=\"1_3\u2033 _builder_version=\"4.0.7\u2033][et_pb_image src=\"https:\/\/autobaak.nl\/wp-content\/uploads\/2019\/11\/14-inch-wieldoppen-kopen-min.png\" url=\"https:\/\/autobaak.nl\/14-inch-wieldoppen-kopen\/\" _builder_version=\"4.0.7\u2033][\/et_pb_image][\/et_pb_column][et_pb_column type=\"1_3\u2033 _builder_version=\"4.0.7\u2033][et_pb_image src=\"https:\/\/autobaak.nl\/wp-content\/uploads\/2019\/11\/15-inch-wieldoppen-kopen-min.png\" url=\"https:\/\/autobaak.nl\/15-inch-wieldoppen-kopen\/\" _builder_version=\"4.0.7\u2033][\/et_pb_image][\/et_pb_column][\/et_pb_row][et_pb_row column_structure=\"1_2,1_2\u2033 _builder_version=\"4.0.7\u2033][et_pb_column type=\"1_2\u2033 _builder_version=\"4.0.7\u2033][et_pb_image src=\"https:\/\/autobaak.nl\/wp-content\/uploads\/2019\/11\/16-inch-wieldoppen-kopen-min.png\" url=\"https:\/\/autobaak.nl\/16-inch-wieldoppen-kopen\/\" _builder_version=\"4.0.7\u2033][\/et_pb_image][\/et_pb_column][et_pb_column type=\"1_2\u2033 _builder_version=\"4.0.7\u2033][et_pb_image src=\"https:\/\/autobaak.nl\/wp-content\/uploads\/2019\/11\/17-inch-wieldoppen-kopen-min.png\" url=\"https:\/\/autobaak.nl\/17-inch-wieldoppen-kopen\/\" _builder_version=\"4.0.7\u2033][\/et_pb_image][\/et_pb_column][\/et_pb_row][et_pb_row column_structure=\"1_4,1_4,1_4,1_4\u2033 _builder_version=\"4.0.7\u2033 custom_margin=\"-4px|auto|auto||\" global_module=\"15987\u2033][et_pb_column type=\"1_4\u2033 _builder_version=\"4.0.7\u2033][et_pb_text _builder_version=\"4.0.7\u2033 text_font=\"|||||on|||\" text_text_colour=\"#ffffff\" background_colour=\"#0c71c3\u2033 text_orientation=\"centre\"]<\/p>\n<p>Versand innerhalb von 24 Stunden\u00a0<\/p>\n<p>[\/et_pb_text][\/et_pb_column][et_pb_column type=\"1_4\u2033 _builder_version=\"4.0.7\u2033][et_pb_text _builder_version=\"4.0.7\u2033 text_font=\"|||||on||\" text_text_colour=\"#ffff\" background_colour=\"#0c71c3\u2033 text_orientation=\"centre\"]<\/p>\n<p>14-t\u00e4gige Bedenkzeit\u00a0<\/p>\n<p>[\/et_pb_text][\/et_pb_column][et_pb_column type=\"1_4\u2033 _builder_version=\"4.0.7\u2033][et_pb_text _builder_version=\"4.0.7\u2033 text_font=\"|||||on||\" text_text_colour=\"#ffff\" background_colour=\"#0c71c3\u2033 text_orientation=\"centre\"]<\/p>\n<p>Telefonische Beratung<\/p>\n<p>[\/et_pb_text][\/et_pb_column][et_pb_column type=\"1_4\u2033 _builder_version=\"4.0.7\u2033][et_pb_text _builder_version=\"4.0.7\u2033 text_font=\"|||||on||\" text_text_colour=\"#ffff\" background_colour=\"#0c71c3\u2033 text_orientation=\"centre\"]<\/p>\n<p>Lieferung ab Lager<\/p>\n<p>[\/et_pb_text][\/et_pb_column][\/et_pb_row][\/et_pb_section].<\/p>","protected":false},"excerpt":{"rendered":"<p>Jede Stahlfelge verdient eine sch\u00f6ne Radkappe Kaufen Sie Radkappen bei Autobaak. Um schnell zur richtigen Gr\u00f6\u00dfe der Radkappen zu gelangen, klicken Sie unten auf die richtige Gr\u00f6\u00dfe. Wenn Sie nicht wissen, welche Felgengr\u00f6\u00dfe Sie haben, sehen Sie auf dem Reifen nach. Hier steht zum Beispiel *195\/55\/15. Die letzte Zahl in [...]<\/p>","protected":false},"author":1,"featured_media":0,"parent":0,"menu_order":0,"comment_status":"closed","ping_status":"closed","template":"","meta":{"_et_pb_use_builder":"on","_et_pb_old_content":"<!-- wp:divi\/placeholder \/-->","_et_gb_content_width":"","footnotes":""},"class_list":["post-15636","page","type-page","status-publish","hentry"],"yoast_head":"<!-- This site is optimized with the Yoast SEO plugin v27.5 - https:\/\/yoast.com\/product\/yoast-seo-wordpress\/ -->\n<title>Wieldoppen kopen in alle maten van 13 tot 17 inch universeel, passen altijd<\/title>\n<meta name=\"description\" content=\"Wieldoppen kopen doe je bij autobaak. Onze universele wieldoppen hebben we in de maat 12,13, 14, 15, 16 en 17 inch. Zwart\/zilver en rood\" \/>\n<meta name=\"robots\" content=\"index, follow, max-snippet:-1, max-image-preview:large, max-video-preview:-1\" \/>\n<link rel=\"canonical\" href=\"https:\/\/autobaak.nl\/de\/radkappen-in-allen-grosen-kaufen\/\" \/>\n<meta property=\"og:locale\" content=\"de_DE\" \/>\n<meta property=\"og:type\" content=\"article\" \/>\n<meta property=\"og:title\" content=\"Wieldoppen kopen in alle maten van 13 tot 17 inch universeel, passen altijd\" \/>\n<meta property=\"og:description\" content=\"Wieldoppen kopen doe je bij autobaak. Onze universele wieldoppen hebben we in de maat 12,13, 14, 15, 16 en 17 inch. Zwart\/zilver en rood\" \/>\n<meta property=\"og:url\" content=\"https:\/\/autobaak.nl\/de\/radkappen-in-allen-grosen-kaufen\/\" \/>\n<meta property=\"og:site_name\" content=\"Autobaak.nl\" \/>\n<meta property=\"article:modified_time\" content=\"2019-12-05T16:56:07+00:00\" \/>\n<meta name=\"twitter:card\" content=\"summary_large_image\" \/>\n<meta name=\"twitter:label1\" content=\"Gesch\u00e4tzte Lesezeit\" \/>\n\t<meta name=\"twitter:data1\" content=\"2\u00a0Minuten\" \/>\n<script type=\"application\/ld+json\" class=\"yoast-schema-graph\">{\"@context\":\"https:\\\/\\\/schema.org\",\"@graph\":[{\"@type\":\"WebPage\",\"@id\":\"https:\\\/\\\/autobaak.nl\\\/wieldoppen-kopen-in-alle-maten\\\/\",\"url\":\"https:\\\/\\\/autobaak.nl\\\/wieldoppen-kopen-in-alle-maten\\\/\",\"name\":\"Wieldoppen kopen in alle maten van 13 tot 17 inch universeel, passen altijd\",\"isPartOf\":{\"@id\":\"https:\\\/\\\/autobaak.nl\\\/#website\"},\"datePublished\":\"2019-11-28T17:36:58+00:00\",\"dateModified\":\"2019-12-05T16:56:07+00:00\",\"description\":\"Wieldoppen kopen doe je bij autobaak. Onze universele wieldoppen hebben we in de maat 12,13, 14, 15, 16 en 17 inch. Zwart\\\/zilver en rood\",\"breadcrumb\":{\"@id\":\"https:\\\/\\\/autobaak.nl\\\/wieldoppen-kopen-in-alle-maten\\\/#breadcrumb\"},\"inLanguage\":\"de\",\"potentialAction\":[{\"@type\":\"ReadAction\",\"target\":[\"https:\\\/\\\/autobaak.nl\\\/wieldoppen-kopen-in-alle-maten\\\/\"]}]},{\"@type\":\"BreadcrumbList\",\"@id\":\"https:\\\/\\\/autobaak.nl\\\/wieldoppen-kopen-in-alle-maten\\\/#breadcrumb\",\"itemListElement\":[{\"@type\":\"ListItem\",\"position\":1,\"name\":\"Home\",\"item\":\"https:\\\/\\\/autobaak.nl\\\/\"},{\"@type\":\"ListItem\",\"position\":2,\"name\":\"Wieldoppen kopen in alle maten\"}]},{\"@type\":\"WebSite\",\"@id\":\"https:\\\/\\\/autobaak.nl\\\/#website\",\"url\":\"https:\\\/\\\/autobaak.nl\\\/\",\"name\":\"Autobaak.nl\",\"description\":\"Cars &amp; Racing\",\"potentialAction\":[{\"@type\":\"SearchAction\",\"target\":{\"@type\":\"EntryPoint\",\"urlTemplate\":\"https:\\\/\\\/autobaak.nl\\\/?s={search_term_string}\"},\"query-input\":{\"@type\":\"PropertyValueSpecification\",\"valueRequired\":true,\"valueName\":\"search_term_string\"}}],\"inLanguage\":\"de\"}]}<\/script>\n<!-- \/ Yoast SEO plugin. -->","yoast_head_json":{"title":"Kaufen Sie Radkappen in allen Gr\u00f6\u00dfen von 13 bis 17 Zoll universal, passt immer","description":"Sie k\u00f6nnen Radkappen bei autobaak kaufen. Wir haben universelle Radkappen in den Gr\u00f6\u00dfen 12, 13, 14, 15, 16 und 17 Zoll. Schwarz\/Silber und Rot","robots":{"index":"index","follow":"follow","max-snippet":"max-snippet:-1","max-image-preview":"max-image-preview:large","max-video-preview":"max-video-preview:-1"},"canonical":"https:\/\/autobaak.nl\/de\/radkappen-in-allen-grosen-kaufen\/","og_locale":"de_DE","og_type":"article","og_title":"Wieldoppen kopen in alle maten van 13 tot 17 inch universeel, passen altijd","og_description":"Wieldoppen kopen doe je bij autobaak. Onze universele wieldoppen hebben we in de maat 12,13, 14, 15, 16 en 17 inch. Zwart\/zilver en rood","og_url":"https:\/\/autobaak.nl\/de\/radkappen-in-allen-grosen-kaufen\/","og_site_name":"Autobaak.nl","article_modified_time":"2019-12-05T16:56:07+00:00","twitter_card":"summary_large_image","twitter_misc":{"Gesch\u00e4tzte Lesezeit":"2\u00a0Minuten"},"schema":{"@context":"https:\/\/schema.org","@graph":[{"@type":"WebPage","@id":"https:\/\/autobaak.nl\/wieldoppen-kopen-in-alle-maten\/","url":"https:\/\/autobaak.nl\/wieldoppen-kopen-in-alle-maten\/","name":"Kaufen Sie Radkappen in allen Gr\u00f6\u00dfen von 13 bis 17 Zoll universal, passt immer","isPartOf":{"@id":"https:\/\/autobaak.nl\/#website"},"datePublished":"2019-11-28T17:36:58+00:00","dateModified":"2019-12-05T16:56:07+00:00","description":"Sie k\u00f6nnen Radkappen bei autobaak kaufen. Wir haben universelle Radkappen in den Gr\u00f6\u00dfen 12, 13, 14, 15, 16 und 17 Zoll. Schwarz\/Silber und Rot","breadcrumb":{"@id":"https:\/\/autobaak.nl\/wieldoppen-kopen-in-alle-maten\/#breadcrumb"},"inLanguage":"de","potentialAction":[{"@type":"ReadAction","target":["https:\/\/autobaak.nl\/wieldoppen-kopen-in-alle-maten\/"]}]},{"@type":"BreadcrumbList","@id":"https:\/\/autobaak.nl\/wieldoppen-kopen-in-alle-maten\/#breadcrumb","itemListElement":[{"@type":"ListItem","position":1,"name":"Home","item":"https:\/\/autobaak.nl\/"},{"@type":"ListItem","position":2,"name":"Wieldoppen kopen in alle maten"}]},{"@type":"WebSite","@id":"https:\/\/autobaak.nl\/#website","url":"https:\/\/autobaak.nl\/","name":"Autobook.de","description":"Autos &amp; Rennsport","potentialAction":[{"@type":"SearchAction","target":{"@type":"EntryPoint","urlTemplate":"https:\/\/autobaak.nl\/?s={search_term_string}"},"query-input":{"@type":"PropertyValueSpecification","valueRequired":true,"valueName":"search_term_string"}}],"inLanguage":"de"}]}},"_links":{"self":[{"href":"https:\/\/autobaak.nl\/de\/wp-json\/wp\/v2\/pages\/15636","targetHints":{"allow":["GET"]}}],"collection":[{"href":"https:\/\/autobaak.nl\/de\/wp-json\/wp\/v2\/pages"}],"about":[{"href":"https:\/\/autobaak.nl\/de\/wp-json\/wp\/v2\/types\/page"}],"author":[{"embeddable":true,"href":"https:\/\/autobaak.nl\/de\/wp-json\/wp\/v2\/users\/1"}],"replies":[{"embeddable":true,"href":"https:\/\/autobaak.nl\/de\/wp-json\/wp\/v2\/comments?post=15636"}],"version-history":[{"count":0,"href":"https:\/\/autobaak.nl\/de\/wp-json\/wp\/v2\/pages\/15636\/revisions"}],"wp:attachment":[{"href":"https:\/\/autobaak.nl\/de\/wp-json\/wp\/v2\/media?parent=15636"}],"curies":[{"name":"wp","href":"https:\/\/api.w.org\/{rel}","templated":true}]}}