{"id":156384,"date":"2023-08-23T17:13:07","date_gmt":"2023-08-23T15:13:07","guid":{"rendered":"https:\/\/autobaak.nl\/?page_id=156384"},"modified":"2023-09-29T15:56:51","modified_gmt":"2023-09-29T13:56:51","slug":"mot-ede","status":"publish","type":"page","link":"https:\/\/autobaak.nl\/de\/mot-ede\/","title":{"rendered":"MOT-Pr\u00fcfung Ede"},"content":{"rendered":"<p>[et_pb_section fb_built=\"1\u2033 inner_shadow=\"on\" fullwidth=\"on\" _builder_version=\"4.18.0\u2033 background_image=\"https:\/\/autobaak.nl\/wp-content\/uploads\/2022\/08\/pexels-jesse-zheng-1213295.jpg\" global_colors_info=\"{}\"][et_pb_fullwidth_header title=\"Skoda Home\" subhead=\"N\u00fctzliche Informationen \u00fcber Skoda\" text_orientation=\"centre\" _builder_version=\"4.18.0\u2033 content_font_size=\"15px\" background_color=\"rgba(255, 255, 255, 0)\" background_image=\"https:\/\/autobaak.nl\/wp-content\/uploads\/2022\/09\/skoda.jpg\" text_shadow_style=\"preset5\u2033 text_shadow_color=\"rgba(0,0,0,0.52)\" global_colors_info=\"{}\" button_one_text_size__hover_enabled=\"off\" button_one_text_size__hover=\"null\" button_two_text_size__hover_enabled=\"off\" button_two_text_size__hover=\"null\" button_one_text_color__hover_enabled=\"off\" button_one_text_color__hover=\"null\" button_two_text_color__hover_enabled=\"off\" button_two_text_color__hover=\"null\" button_one_border_width__hover_enabled=\"off\" button_one_border_width__hover=\"null\" button_two_border_width__hover_enabled=\"off\" button_two_border_width__hover=\"null\" button_one_border_color__hover_enabled=\"off\" button_one_border_color__hover=\"null\" button_two_border_color__hover_enabled=\"off\" button_two_border_color__hover=\"null\" button_one_border_radius__hover_enabled=\"off\" button_one_border_radius__hover=\"null\" button_two_border_radius__hover_enabled=\"off\" button_two_border_radius__hover=\"null\" button_one_letter_spacing__hover_enabled=\"off\" button_one_letter_spacing__hover=\"null\" button_two_letter_spacing__hover_enabled=\"off\" button_two_letter_spacing__hover=\"null\" button_one_bg_color__hover_enabled=\"off\" button_one_bg_color__hover=\"null\" button_two_bg_color__hover_enabled=\"off\" button_two_bg_color__hover=\"null\"][\/et_pb_fullwidth_header][\/et_pb_section][et_pb_section fb_built=\"1\u2033 _builder_version=\"4.16\u2033 custom_padding=\"2px|0px|3px|0px\" global_colors_info=\"{}\"][et_pb_row _builder_version=\"4.16\u2033 background_size=\"initial\" background_position=\"top_left\" background_repeat=\"repeat\" custom_padding=\"26.3594px|0px|2px|0px\" global_colors_info=\"{}\"][et_pb_column type=\"4_4\u2033 _builder_version=\"4.16\u2033 custom_padding=\"|||\" global_colors_info=\"{}\" custom_padding__hover=\"|||\"][et_pb_text _builder_version=\"4.16\u2033 global_colors_info=\"{}\"]<\/p>\n<h2 data-pm-slice=\"1 1 []\">MOT-Kontrolle Ede, was sollten Sie mitbringen?<\/h2>\n<p>Wenn Sie Ihr Auto in Amsterdam inspizieren lassen, m\u00fcssen Sie einige Dokumente mitbringen. Nat\u00fcrlich brauchen Sie Ihr Auto und seine Papiere. Vergessen Sie auch nicht, Ihren F\u00fchrerschein und einen eventuellen Inspektionsbericht von der letzten Inspektion mitzubringen.<\/p>\n<h2>Warum ist eine T\u00dcV-Pr\u00fcfung notwendig?<\/h2>\n<p>Eine T\u00dcV-Inspektion ist wichtig, damit Ihr Auto sicher und zuverl\u00e4ssig bleibt. Bei der Inspektion werden wichtige Teile Ihres Fahrzeugs \u00fcberpr\u00fcft, z. B. die Bremsen, die Beleuchtung und der Auspuff. Sollten M\u00e4ngel festgestellt werden, m\u00fcssen Sie diese reparieren lassen, bevor Ihr Auto zugelassen wird.<\/p>\n<h2>Wie hoch sind die durchschnittlichen Kosten f\u00fcr einen T\u00dcV in Ede?<\/h2>\n<p>Die Kosten f\u00fcr eine T\u00dcV-Pr\u00fcfung in Amsterdam k\u00f6nnen je nach Werkstatt variieren. Die durchschnittlichen Kosten liegen in der Regel zwischen 50 \u20ac und 100 \u20ac. Es ist immer ratsam, die Preise bei verschiedenen Werkst\u00e4tten im Voraus zu vergleichen.<\/p>\n<h2>Auf welche Punkte wird Ihr Auto beim T\u00dcV in Ede gepr\u00fcft?<\/h2>\n<p>Bei der T\u00dcV-Pr\u00fcfung werden verschiedene Teile Ihres Fahrzeugs kontrolliert. Sie k\u00f6nnen dar\u00fcber nachdenken:<\/p>\n<ul>\n<li>Bremsen<\/li>\n<li>Reifen<\/li>\n<li>Beleuchtung und Elektroinstallation<\/li>\n<li>Abgase und Emissionen<\/li>\n<li>Karosserie und Fahrwerk<\/li>\n<li>Aufh\u00e4ngung<\/li>\n<li>Lenkung<\/li>\n<\/ul>\n<p>Nachfolgend finden Sie eine Liste der Punkte, auf die Ihr Fahrzeug beim T\u00dcV in Spijkenisse gepr\u00fcft wird:<\/p>\n<table>\n<tbody>\n<tr>\n<th colspan=\"1\" rowspan=\"1\">Teile<\/th>\n<th colspan=\"1\" rowspan=\"1\">APK-Pr\u00fcfung<\/th>\n<\/tr>\n<tr>\n<td colspan=\"1\" rowspan=\"1\">Bremsen<\/td>\n<td colspan=\"1\" rowspan=\"1\">Vorhandensein und Funktion der Handbremse, Bremsbel\u00e4ge, Bremsscheiben<\/td>\n<\/tr>\n<tr>\n<td colspan=\"1\" rowspan=\"1\">Reifen<\/td>\n<td colspan=\"1\" rowspan=\"1\">Profiltiefe, Reifendruck<\/td>\n<\/tr>\n<tr>\n<td colspan=\"1\" rowspan=\"1\">Beleuchtung und Elektroinstallation<\/td>\n<td colspan=\"1\" rowspan=\"1\">Betrieb von Leuchten, Blinkern, Bremsleuchten<\/td>\n<\/tr>\n<tr>\n<td colspan=\"1\" rowspan=\"1\">Abgase und Emissionen<\/td>\n<td colspan=\"1\" rowspan=\"1\">Betrieb und Verschlei\u00df des Schalld\u00e4mpfers, Kontrolle der Abgase<\/td>\n<\/tr>\n<tr>\n<td colspan=\"1\" rowspan=\"1\">Karosserie und Fahrwerk<\/td>\n<td colspan=\"1\" rowspan=\"1\">Rost und Sch\u00e4den an der Karosserie, Risse in den Fenstern<\/td>\n<\/tr>\n<tr>\n<td colspan=\"1\" rowspan=\"1\">Aufh\u00e4ngung<\/td>\n<td colspan=\"1\" rowspan=\"1\">Sto\u00dfd\u00e4mpfer, Federtellergummis, Querlenker<\/td>\n<\/tr>\n<tr>\n<td colspan=\"1\" rowspan=\"1\">Lenkung<\/td>\n<td colspan=\"1\" rowspan=\"1\">Auf dem Lenker spielen, um den Lenker herum tragen<\/td>\n<\/tr>\n<\/tbody>\n<\/table>\n<p>Es ist wichtig, dass Sie Ihr Auto regelm\u00e4\u00dfig \u00fcberpr\u00fcfen lassen, um die Verkehrssicherheit zu gew\u00e4hrleisten. Denken Sie daran, dass eine T\u00dcV-Pr\u00fcfung obligatorisch ist. Wenn Sie noch Fragen zur T\u00dcV-Pr\u00fcfung in Amsterdam haben, k\u00f6nnen Sie sich jederzeit an eine Werkstatt in Ihrer N\u00e4he wenden.<\/p>\n<p>[\/et_pb_text][\/et_pb_column][et_pb_column type=\"2_5\u2033 _builder_version=\"4.16\u2033 custom_padding=\"|||\" global_colors_info=\"{}\" custom_padding__hover=\"|||\"][et_pb_image src=\"https:\/\/autobaak.nl\/wp-content\/uploads\/2023\/09\/1.HalfPage.png\" _builder_version=\"4.22.2\u2033 _module_preset=\"default\" title_text=\"apk ad\" url=\"https:\/\/autobaak.nl\/adverteren-op-autobaak\/\" hover_enabled=\"0\u2033 sticky_enabled=\"0\u2033][\/et_pb_image][\/et_pb_column][\/et_pb_row][et_pb_row _builder_version=\"4.22.2\u2033 _module_preset=\"default\"][et_pb_column _builder_version=\"4.22.2\u2033 _module_preset=\"default\" type=\"4_4\u2033][et_pb_text _builder_version=\"4.22.0\u2033 background_colour=\"RGBA(255,255,255,0)\" custom_margin=\"0px|||\" custom_padding=\"10px|20px|10px|20px\" global_colors_info=\"{}\"]<\/p>\n<h2>MOT-Stationen Ede<\/h2>\n<div id=\"tablepress-174-scroll-wrapper\" class=\"tablepress-scroll-wrapper\">\n\n<table id=\"tablepress-174\" class=\"tablepress tablepress-id-174 tablepress-responsive\">\n<thead>\n<tr class=\"row-1 odd\">\n\t<th class=\"column-1\">Name des Unternehmens<\/th><th class=\"column-2\">Stra\u00dfe<\/th><th class=\"column-3\">Postleitzahl<\/th><th class=\"column-4\">Standort<\/th><th class=\"column-5\">Rufnummer<\/th><th class=\"column-6\">Website<\/th><th class=\"column-7\">E-Mail<\/th>\n<\/tr>\n<\/thead>\n<tbody class=\"row-hover\">\n<tr class=\"row-2 even\">\n\t<td class=\"column-1\">Fachwerkstatt S\u00fcd<\/td><td class=\"column-2\">Parkstra\u00dfe 90<\/td><td class=\"column-3\">6717 HW<\/td><td class=\"column-4\">ede<\/td><td class=\"column-5\">0318 632 418<\/td><td class=\"column-6\"><a href=\"https:\/\/www.vakgaragezuid.nl\/\">Zur Website<\/a><\/td><td class=\"column-7\">info@vakgaragezuid.nl<\/td>\n<\/tr>\n<tr class=\"row-3 odd\">\n\t<td class=\"column-1\">Autowerkstatt KwikFit Ede<\/td><td class=\"column-2\">Klaphekweg 18<\/td><td class=\"column-3\">6713 HN<\/td><td class=\"column-4\">ede<\/td><td class=\"column-5\">0318 622 980<\/td><td class=\"column-6\"><a href=\"https:\/\/www.kwik-fit.nl\/vestigingen\/ede\/\">Zur Website<\/a><\/td><td class=\"column-7\">klanten@kwik-fit.nl<\/td>\n<\/tr>\n<tr class=\"row-4 even\">\n\t<td class=\"column-1\">MOT-Service Ede<\/td><td class=\"column-2\">Klaphekweg 26<\/td><td class=\"column-3\">6713 HN<\/td><td class=\"column-4\">ede<\/td><td class=\"column-5\">0318 412 080<\/td><td class=\"column-6\"><a href=\"http:\/\/www.bcarsede.nl\/\">Zur Website<\/a><\/td><td class=\"column-7\">info@bcarsede.nl<\/td>\n<\/tr>\n<tr class=\"row-5 odd\">\n\t<td class=\"column-1\">CarProf AutoTotaal Ede<\/td><td class=\"column-2\">Frankeneng 63<\/td><td class=\"column-3\">6716 AA<\/td><td class=\"column-4\">ede<\/td><td class=\"column-5\">0318 437 379<\/td><td class=\"column-6\"><a href=\"https:\/\/autototaalede.nl\/\">Zur Website<\/a><\/td><td class=\"column-7\">info@autototaalede.nl<\/td>\n<\/tr>\n<tr class=\"row-6 even\">\n\t<td class=\"column-1\">Autoteam Autoservice de Gelder (Autobedrijf Scheele)<\/td><td class=\"column-2\">Waldtor 23a<\/td><td class=\"column-3\">6711 BT<\/td><td class=\"column-4\">ede<\/td><td class=\"column-5\">0318 617 327<\/td><td class=\"column-6\"><a href=\"https:\/\/autoservicedegelder.nl\/\">Zur Website<\/a><\/td><td class=\"column-7\">info@autoservicedegelder.nl<\/td>\n<\/tr>\n<tr class=\"row-7 odd\">\n\t<td class=\"column-1\">Autofirma Ron van Geerenstein<\/td><td class=\"column-2\">22 Glockenstra\u00dfe<\/td><td class=\"column-3\">6716 BA<\/td><td class=\"column-4\">ede<\/td><td class=\"column-5\">06 51786640<\/td><td class=\"column-6\"><a href=\"http:\/\/www.vangeerenstein.nl\/\">Zur Website<\/a><\/td><td class=\"column-7\">info@vangeerenstein.nl<\/td>\n<\/tr>\n<tr class=\"row-8 even\">\n\t<td class=\"column-1\">ABC. Auto Center Reifen Ede<\/td><td class=\"column-2\">Klaphekweg 28<\/td><td class=\"column-3\">6713 HN<\/td><td class=\"column-4\">ede<\/td><td class=\"column-5\">0318 616 263<\/td><td class=\"column-6\"><a href=\"http:\/\/www.abcband.nl\/\">Zur Website<\/a><\/td><td class=\"column-7\">barneveld@abcband.nl<\/td>\n<\/tr>\n<tr class=\"row-9 odd\">\n\t<td class=\"column-1\">AutoFirst Hans van Daalen<\/td><td class=\"column-2\">Leendert Tulplaan 6<\/td><td class=\"column-3\">6713 AW<\/td><td class=\"column-4\">ede<\/td><td class=\"column-5\">0318 616 721<\/td><td class=\"column-6\"><a href=\"https:\/\/www.autofirst-hansvandaalen.nl\/\">Zur Website<\/a><\/td><td class=\"column-7\">info@hansvandaalen.nl<\/td>\n<\/tr>\n<tr class=\"row-10 even\">\n\t<td class=\"column-1\">Martins Garage<\/td><td class=\"column-2\">Hoefweg 28<\/td><td class=\"column-3\">6717 LS<\/td><td class=\"column-4\">ede<\/td><td class=\"column-5\">0318 306 398<\/td><td class=\"column-6\"><a href=\"http:\/\/www.martins-garage.nl\/\">Zur Website<\/a><\/td><td class=\"column-7\">info@martins-garage.nl<\/td>\n<\/tr>\n<\/tbody>\n<\/table>\n\n<\/div><!-- #tablepress-174 from cache -->\n<p>[\/et_pb_text][\/et_pb_column][\/et_pb_row][\/et_pb_section].<\/p>","protected":false},"excerpt":{"rendered":"<p>MOT-Kontrolle Emmen, was m\u00fcssen Sie mitbringen? Wenn Sie Ihr Auto in Emmen zur Inspektion bringen, m\u00fcssen Sie einige Dokumente mitbringen. Nat\u00fcrlich brauchen Sie Ihr Auto und dessen Papiere. Vergessen Sie auch nicht, Ihren F\u00fchrerschein und einen eventuellen Pr\u00fcfbericht der letzten Inspektion mitzubringen. Warum ist eine T\u00dcV-Untersuchung notwendig? Eine T\u00dcV-Untersuchung [...]<\/p>","protected":false},"author":1,"featured_media":0,"parent":0,"menu_order":0,"comment_status":"closed","ping_status":"closed","template":"","meta":{"_et_pb_use_builder":"on","_et_pb_old_content":"","_et_gb_content_width":"","footnotes":""},"class_list":["post-156384","page","type-page","status-publish","hentry"],"yoast_head":"<!-- This site is optimized with the Yoast SEO plugin v27.5 - https:\/\/yoast.com\/product\/yoast-seo-wordpress\/ -->\n<title>APK Keuring Ede - Autobaak.nl<\/title>\n<meta name=\"description\" content=\"APK keuring Ede, waar kan je terecht als je APK is verlopen? Op deze pagina een overzicht van alle APK stations in Ede.\" \/>\n<meta name=\"robots\" content=\"index, follow, max-snippet:-1, max-image-preview:large, max-video-preview:-1\" \/>\n<link rel=\"canonical\" href=\"https:\/\/autobaak.nl\/de\/mot-ede\/\" \/>\n<meta property=\"og:locale\" content=\"de_DE\" \/>\n<meta property=\"og:type\" content=\"article\" \/>\n<meta property=\"og:title\" content=\"APK Keuring Ede - Autobaak.nl\" \/>\n<meta property=\"og:description\" content=\"APK keuring Ede, waar kan je terecht als je APK is verlopen? Op deze pagina een overzicht van alle APK stations in Ede.\" \/>\n<meta property=\"og:url\" content=\"https:\/\/autobaak.nl\/de\/mot-ede\/\" \/>\n<meta property=\"og:site_name\" content=\"Autobaak.nl\" \/>\n<meta property=\"article:modified_time\" content=\"2023-09-29T13:56:51+00:00\" \/>\n<meta name=\"twitter:card\" content=\"summary_large_image\" \/>\n<script type=\"application\/ld+json\" class=\"yoast-schema-graph\">{\"@context\":\"https:\\\/\\\/schema.org\",\"@graph\":[{\"@type\":\"WebPage\",\"@id\":\"https:\\\/\\\/autobaak.nl\\\/apk-keuring-ede\\\/\",\"url\":\"https:\\\/\\\/autobaak.nl\\\/apk-keuring-ede\\\/\",\"name\":\"APK Keuring Ede - Autobaak.nl\",\"isPartOf\":{\"@id\":\"https:\\\/\\\/autobaak.nl\\\/#website\"},\"datePublished\":\"2023-08-23T15:13:07+00:00\",\"dateModified\":\"2023-09-29T13:56:51+00:00\",\"description\":\"APK keuring Ede, waar kan je terecht als je APK is verlopen? Op deze pagina een overzicht van alle APK stations in Ede.\",\"breadcrumb\":{\"@id\":\"https:\\\/\\\/autobaak.nl\\\/apk-keuring-ede\\\/#breadcrumb\"},\"inLanguage\":\"de\",\"potentialAction\":[{\"@type\":\"ReadAction\",\"target\":[\"https:\\\/\\\/autobaak.nl\\\/apk-keuring-ede\\\/\"]}]},{\"@type\":\"BreadcrumbList\",\"@id\":\"https:\\\/\\\/autobaak.nl\\\/apk-keuring-ede\\\/#breadcrumb\",\"itemListElement\":[{\"@type\":\"ListItem\",\"position\":1,\"name\":\"Home\",\"item\":\"https:\\\/\\\/autobaak.nl\\\/\"},{\"@type\":\"ListItem\",\"position\":2,\"name\":\"APK Keuring Ede\"}]},{\"@type\":\"WebSite\",\"@id\":\"https:\\\/\\\/autobaak.nl\\\/#website\",\"url\":\"https:\\\/\\\/autobaak.nl\\\/\",\"name\":\"Autobaak.nl\",\"description\":\"Cars &amp; Racing\",\"potentialAction\":[{\"@type\":\"SearchAction\",\"target\":{\"@type\":\"EntryPoint\",\"urlTemplate\":\"https:\\\/\\\/autobaak.nl\\\/?s={search_term_string}\"},\"query-input\":{\"@type\":\"PropertyValueSpecification\",\"valueRequired\":true,\"valueName\":\"search_term_string\"}}],\"inLanguage\":\"de\"}]}<\/script>\n<!-- \/ Yoast SEO plugin. -->","yoast_head_json":{"title":"T\u00dcV-Pr\u00fcfung Ede - Autobaak.nl","description":"MOT-Kontrolle Ede, wo k\u00f6nnen Sie hingehen, wenn Ihr T\u00dcV abgelaufen ist? Auf dieser Seite finden Sie eine \u00dcbersicht \u00fcber alle APK-Stationen in Ede.","robots":{"index":"index","follow":"follow","max-snippet":"max-snippet:-1","max-image-preview":"max-image-preview:large","max-video-preview":"max-video-preview:-1"},"canonical":"https:\/\/autobaak.nl\/de\/mot-ede\/","og_locale":"de_DE","og_type":"article","og_title":"APK Keuring Ede - Autobaak.nl","og_description":"APK keuring Ede, waar kan je terecht als je APK is verlopen? Op deze pagina een overzicht van alle APK stations in Ede.","og_url":"https:\/\/autobaak.nl\/de\/mot-ede\/","og_site_name":"Autobaak.nl","article_modified_time":"2023-09-29T13:56:51+00:00","twitter_card":"summary_large_image","schema":{"@context":"https:\/\/schema.org","@graph":[{"@type":"WebPage","@id":"https:\/\/autobaak.nl\/apk-keuring-ede\/","url":"https:\/\/autobaak.nl\/apk-keuring-ede\/","name":"T\u00dcV-Pr\u00fcfung Ede - Autobaak.nl","isPartOf":{"@id":"https:\/\/autobaak.nl\/#website"},"datePublished":"2023-08-23T15:13:07+00:00","dateModified":"2023-09-29T13:56:51+00:00","description":"MOT-Kontrolle Ede, wo k\u00f6nnen Sie hingehen, wenn Ihr T\u00dcV abgelaufen ist? Auf dieser Seite finden Sie eine \u00dcbersicht \u00fcber alle APK-Stationen in Ede.","breadcrumb":{"@id":"https:\/\/autobaak.nl\/apk-keuring-ede\/#breadcrumb"},"inLanguage":"de","potentialAction":[{"@type":"ReadAction","target":["https:\/\/autobaak.nl\/apk-keuring-ede\/"]}]},{"@type":"BreadcrumbList","@id":"https:\/\/autobaak.nl\/apk-keuring-ede\/#breadcrumb","itemListElement":[{"@type":"ListItem","position":1,"name":"Home","item":"https:\/\/autobaak.nl\/"},{"@type":"ListItem","position":2,"name":"APK Keuring Ede"}]},{"@type":"WebSite","@id":"https:\/\/autobaak.nl\/#website","url":"https:\/\/autobaak.nl\/","name":"Autobook.de","description":"Autos &amp; Rennsport","potentialAction":[{"@type":"SearchAction","target":{"@type":"EntryPoint","urlTemplate":"https:\/\/autobaak.nl\/?s={search_term_string}"},"query-input":{"@type":"PropertyValueSpecification","valueRequired":true,"valueName":"search_term_string"}}],"inLanguage":"de"}]}},"_links":{"self":[{"href":"https:\/\/autobaak.nl\/de\/wp-json\/wp\/v2\/pages\/156384","targetHints":{"allow":["GET"]}}],"collection":[{"href":"https:\/\/autobaak.nl\/de\/wp-json\/wp\/v2\/pages"}],"about":[{"href":"https:\/\/autobaak.nl\/de\/wp-json\/wp\/v2\/types\/page"}],"author":[{"embeddable":true,"href":"https:\/\/autobaak.nl\/de\/wp-json\/wp\/v2\/users\/1"}],"replies":[{"embeddable":true,"href":"https:\/\/autobaak.nl\/de\/wp-json\/wp\/v2\/comments?post=156384"}],"version-history":[{"count":3,"href":"https:\/\/autobaak.nl\/de\/wp-json\/wp\/v2\/pages\/156384\/revisions"}],"predecessor-version":[{"id":156843,"href":"https:\/\/autobaak.nl\/de\/wp-json\/wp\/v2\/pages\/156384\/revisions\/156843"}],"wp:attachment":[{"href":"https:\/\/autobaak.nl\/de\/wp-json\/wp\/v2\/media?parent=156384"}],"curies":[{"name":"wp","href":"https:\/\/api.w.org\/{rel}","templated":true}]}}