{"id":156428,"date":"2023-08-23T17:32:58","date_gmt":"2023-08-23T15:32:58","guid":{"rendered":"https:\/\/autobaak.nl\/?page_id=156428"},"modified":"2023-09-29T15:50:57","modified_gmt":"2023-09-29T13:50:57","slug":"apk-arnhem","status":"publish","type":"page","link":"https:\/\/autobaak.nl\/de\/apk-arnhem\/","title":{"rendered":"MOT Arnhem - \u00dcbersicht Pr\u00fcfstellen"},"content":{"rendered":"<p>[et_pb_section fb_built=\"1\u2033 inner_shadow=\"on\" fullwidth=\"on\" _builder_version=\"4.18.0\u2033 background_image=\"https:\/\/autobaak.nl\/wp-content\/uploads\/2022\/08\/pexels-jesse-zheng-1213295.jpg\" global_colors_info=\"{}\"][et_pb_fullwidth_header title=\"Skoda Home\" subhead=\"N\u00fctzliche Informationen \u00fcber Skoda\" text_orientation=\"centre\" _builder_version=\"4.18.0\u2033 content_font_size=\"15px\" background_color=\"rgba(255, 255, 255, 0)\" background_image=\"https:\/\/autobaak.nl\/wp-content\/uploads\/2022\/09\/skoda.jpg\" text_shadow_style=\"preset5\u2033 text_shadow_color=\"rgba(0,0,0,0.52)\" global_colors_info=\"{}\" button_one_text_size__hover_enabled=\"off\" button_one_text_size__hover=\"null\" button_two_text_size__hover_enabled=\"off\" button_two_text_size__hover=\"null\" button_one_text_color__hover_enabled=\"off\" button_one_text_color__hover=\"null\" button_two_text_color__hover_enabled=\"off\" button_two_text_color__hover=\"null\" button_one_border_width__hover_enabled=\"off\" button_one_border_width__hover=\"null\" button_two_border_width__hover_enabled=\"off\" button_two_border_width__hover=\"null\" button_one_border_color__hover_enabled=\"off\" button_one_border_color__hover=\"null\" button_two_border_color__hover_enabled=\"off\" button_two_border_color__hover=\"null\" button_one_border_radius__hover_enabled=\"off\" button_one_border_radius__hover=\"null\" button_two_border_radius__hover_enabled=\"off\" button_two_border_radius__hover=\"null\" button_one_letter_spacing__hover_enabled=\"off\" button_one_letter_spacing__hover=\"null\" button_two_letter_spacing__hover_enabled=\"off\" button_two_letter_spacing__hover=\"null\" button_one_bg_color__hover_enabled=\"off\" button_one_bg_color__hover=\"null\" button_two_bg_color__hover_enabled=\"off\" button_two_bg_color__hover=\"null\"][\/et_pb_fullwidth_header][\/et_pb_section][et_pb_section fb_built=\"1\u2033 _builder_version=\"4.16\u2033 custom_padding=\"2px|0px|3px|0px\" global_colors_info=\"{}\"][et_pb_row _builder_version=\"4.16\u2033 background_size=\"initial\" background_position=\"top_left\" background_repeat=\"repeat\" custom_padding=\"26.3594px|0px|2px|0px\" global_colors_info=\"{}\"][et_pb_column type=\"4_4\u2033 _builder_version=\"4.16\u2033 custom_padding=\"|||\" global_colors_info=\"{}\" custom_padding__hover=\"|||\"][et_pb_text _builder_version=\"4.16\u2033 global_colors_info=\"{}\"]<\/p>\n<h2 data-pm-slice=\"1 1 []\">MOT Arnheim, was sollten Sie mitbringen?<\/h2>\n<p>Wenn Sie Ihr Auto in Amsterdam inspizieren lassen, m\u00fcssen Sie einige Dokumente mitbringen. Nat\u00fcrlich brauchen Sie Ihr Auto und seine Papiere. Vergessen Sie auch nicht, Ihren F\u00fchrerschein und einen eventuellen Inspektionsbericht von der letzten Inspektion mitzubringen.<\/p>\n<h2>Warum ist eine T\u00dcV-Pr\u00fcfung notwendig?<\/h2>\n<p>Eine T\u00dcV-Inspektion ist wichtig, damit Ihr Auto sicher und zuverl\u00e4ssig bleibt. Bei der Inspektion werden wichtige Teile Ihres Fahrzeugs \u00fcberpr\u00fcft, z. B. die Bremsen, die Beleuchtung und der Auspuff. Sollten M\u00e4ngel festgestellt werden, m\u00fcssen Sie diese reparieren lassen, bevor Ihr Auto zugelassen wird.<\/p>\n<h2>Wie hoch sind die durchschnittlichen Kosten f\u00fcr einen T\u00dcV in Arnheim?<\/h2>\n<p>Die Kosten f\u00fcr eine T\u00dcV-Pr\u00fcfung in Amsterdam k\u00f6nnen je nach Werkstatt variieren. Die durchschnittlichen Kosten liegen in der Regel zwischen 50 \u20ac und 100 \u20ac. Es ist immer ratsam, die Preise bei verschiedenen Werkst\u00e4tten im Voraus zu vergleichen.<\/p>\n<h2>In welchen Punkten wird Ihr Fahrzeug kontrolliert?<\/h2>\n<p>Bei der T\u00dcV-Pr\u00fcfung werden verschiedene Teile Ihres Fahrzeugs kontrolliert. Sie k\u00f6nnen dar\u00fcber nachdenken:<\/p>\n<ul>\n<li>Bremsen<\/li>\n<li>Reifen<\/li>\n<li>Beleuchtung und Elektroinstallation<\/li>\n<li>Abgase und Emissionen<\/li>\n<li>Karosserie und Fahrwerk<\/li>\n<li>Aufh\u00e4ngung<\/li>\n<li>Lenkung<\/li>\n<\/ul>\n<p>Nachstehend finden Sie eine \u00dcbersicht \u00fcber die Punkte, in denen Ihr Auto beim T\u00dcV in Almelo \u00fcberpr\u00fcft wird:<\/p>\n<table>\n<tbody>\n<tr>\n<th colspan=\"1\" rowspan=\"1\">Teile<\/th>\n<th colspan=\"1\" rowspan=\"1\">APK-Pr\u00fcfung<\/th>\n<\/tr>\n<tr>\n<td colspan=\"1\" rowspan=\"1\">Bremsen<\/td>\n<td colspan=\"1\" rowspan=\"1\">Vorhandensein und Funktion der Handbremse, Bremsbel\u00e4ge, Bremsscheiben<\/td>\n<\/tr>\n<tr>\n<td colspan=\"1\" rowspan=\"1\">Reifen<\/td>\n<td colspan=\"1\" rowspan=\"1\">Profiltiefe, Reifendruck<\/td>\n<\/tr>\n<tr>\n<td colspan=\"1\" rowspan=\"1\">Beleuchtung und Elektroinstallation<\/td>\n<td colspan=\"1\" rowspan=\"1\">Betrieb von Leuchten, Blinkern, Bremsleuchten<\/td>\n<\/tr>\n<tr>\n<td colspan=\"1\" rowspan=\"1\">Abgase und Emissionen<\/td>\n<td colspan=\"1\" rowspan=\"1\">Betrieb und Verschlei\u00df des Schalld\u00e4mpfers, Kontrolle der Abgase<\/td>\n<\/tr>\n<tr>\n<td colspan=\"1\" rowspan=\"1\">Karosserie und Fahrwerk<\/td>\n<td colspan=\"1\" rowspan=\"1\">Rost und Sch\u00e4den an der Karosserie, Risse in den Fenstern<\/td>\n<\/tr>\n<tr>\n<td colspan=\"1\" rowspan=\"1\">Aufh\u00e4ngung<\/td>\n<td colspan=\"1\" rowspan=\"1\">Sto\u00dfd\u00e4mpfer, Federtellergummis, Querlenker<\/td>\n<\/tr>\n<tr>\n<td colspan=\"1\" rowspan=\"1\">Lenkung<\/td>\n<td colspan=\"1\" rowspan=\"1\">Auf dem Lenker spielen, um den Lenker herum tragen<\/td>\n<\/tr>\n<\/tbody>\n<\/table>\n<p>Es ist wichtig, dass Sie Ihr Auto regelm\u00e4\u00dfig \u00fcberpr\u00fcfen lassen, um die Verkehrssicherheit zu gew\u00e4hrleisten. Denken Sie daran, dass eine T\u00dcV-Pr\u00fcfung obligatorisch ist. Wenn Sie noch Fragen zur T\u00dcV-Pr\u00fcfung in Amsterdam haben, k\u00f6nnen Sie sich jederzeit an eine Werkstatt in Ihrer N\u00e4he wenden.<\/p>\n<p>[\/et_pb_text][\/et_pb_column][et_pb_column type=\"2_5\u2033 _builder_version=\"4.16\u2033 custom_padding=\"|||\" global_colors_info=\"{}\" custom_padding__hover=\"|||\"][et_pb_image src=\"https:\/\/autobaak.nl\/wp-content\/uploads\/2023\/09\/1.HalfPage.png\" _builder_version=\"4.22.2\u2033 _module_preset=\"default\" title_text=\"apk ad\" url=\"https:\/\/autobaak.nl\/adverteren-op-autobaak\/\" hover_enabled=\"0\u2033 sticky_enabled=\"0\u2033][\/et_pb_image][\/et_pb_column][\/et_pb_row][et_pb_row _builder_version=\"4.22.2\u2033 _module_preset=\"default\"][et_pb_column _builder_version=\"4.22.2\u2033 _module_preset=\"default\" type=\"4_4\u2033][et_pb_text _builder_version=\"4.22.0\u2033 background_colour=\"RGBA(255,255,255,0)\" custom_margin=\"0px|||\" custom_padding=\"10px|20px|10px|20px\" global_colors_info=\"{}\"]<\/p>\n<h2>MOT-Stationen Arnheim<\/h2>\n<div id=\"tablepress-166-scroll-wrapper\" class=\"tablepress-scroll-wrapper\">\n\n<table id=\"tablepress-166\" class=\"tablepress tablepress-id-166 tablepress-responsive\">\n<thead>\n<tr class=\"row-1 odd\">\n\t<th class=\"column-1\">Name des Unternehmens<\/th><th class=\"column-2\">Stra\u00dfe<\/th><th class=\"column-3\">Postleitzahl<\/th><th class=\"column-4\">Standort<\/th><th class=\"column-5\">Rufnummer<\/th><th class=\"column-6\">Website<\/th><th class=\"column-7\">E-Mail:<\/th>\n<\/tr>\n<\/thead>\n<tbody class=\"row-hover\">\n<tr class=\"row-2 even\">\n\t<td class=\"column-1\">Kees Pluim Autokeuringen<\/td><td class=\"column-2\">Deelenseweg 30 1<\/td><td class=\"column-3\">6816 TS<\/td><td class=\"column-4\">arnhem<\/td><td class=\"column-5\">026 443 1131<\/td><td class=\"column-6\"><a href=\"http:\/\/www.apk2keuringen.nl\/\" rel=\"noopener\" target=\"_blank\">Zur Website<\/a><\/td><td class=\"column-7\">info@keespluim.nl<\/td>\n<\/tr>\n<tr class=\"row-3 odd\">\n\t<td class=\"column-1\">AutoFirst - Autohaus Rijkerswoerd<\/td><td class=\"column-2\">Der Overmaat 38<\/td><td class=\"column-3\">6831 AH<\/td><td class=\"column-4\">arnhem<\/td><td class=\"column-5\">026 323 3545<\/td><td class=\"column-6\"><a href=\"https:\/\/www.autofirst-ccrarnhem.nl\/\" rel=\"noopener\" target=\"_blank\">Zur Website<\/a><\/td><td class=\"column-7\">ccrarnhem@outlook.com<\/td>\n<\/tr>\n<tr class=\"row-4 even\">\n\t<td class=\"column-1\">Garage Arnheim<\/td><td class=\"column-2\">Conradweg 2<\/td><td class=\"column-3\">6827 BZ<\/td><td class=\"column-4\">arnhem<\/td><td class=\"column-5\">026 361 0005<\/td><td class=\"column-6\"><a href=\"http:\/\/www.garagearnhem.nl\/\" rel=\"noopener\" target=\"_blank\">Zur Website<\/a><\/td><td class=\"column-7\">info@garagearnhem.com<\/td>\n<\/tr>\n<tr class=\"row-5 odd\">\n\t<td class=\"column-1\">Autosnelservice arnhem<\/td><td class=\"column-2\">Amsterdamseweg 121<\/td><td class=\"column-3\">6814 GC<\/td><td class=\"column-4\">arnhem<\/td><td class=\"column-5\">026 443 9000<\/td><td class=\"column-6\"><a href=\"http:\/\/www.autosnelservice-arnhem.nl\/\" rel=\"noopener\" target=\"_blank\">Zur Website<\/a><\/td><td class=\"column-7\">autosnelservicearnhem@gmail.com<\/td>\n<\/tr>\n<tr class=\"row-6 even\">\n\t<td class=\"column-1\">Autowerkstatt Arnheim<\/td><td class=\"column-2\">Leemansweg 8a<\/td><td class=\"column-3\">6827 BX<\/td><td class=\"column-4\">arnhem<\/td><td class=\"column-5\">026 303 3818<\/td><td class=\"column-6\"><a href=\"http:\/\/www.autoservicearnhem.nl\/\" rel=\"noopener\" target=\"_blank\">Zur Website<\/a><\/td><td class=\"column-7\">info@autoservicearnhem.nl<\/td>\n<\/tr>\n<tr class=\"row-7 odd\">\n\t<td class=\"column-1\">Bilal-Garage<\/td><td class=\"column-2\">Neuer Kai 9<\/td><td class=\"column-3\">6827 AA<\/td><td class=\"column-4\">arnhem<\/td><td class=\"column-5\">026 443 2594<\/td><td class=\"column-6\"><a href=\"http:\/\/www.garagebilal.nl\/\" rel=\"noopener\" target=\"_blank\">Zur Website<\/a><\/td><td class=\"column-7\">info@bilalhome.com<\/td>\n<\/tr>\n<tr class=\"row-8 even\">\n\t<td class=\"column-1\">Heeren in Automobilen<\/td><td class=\"column-2\">Van Oldenbarneveldtstraat 118<\/td><td class=\"column-3\">6827 AN<\/td><td class=\"column-4\">arnhem<\/td><td class=\"column-5\">088 202 2211<\/td><td class=\"column-6\"><a href=\"https:\/\/www.heereninautomobielen.nl\/\" rel=\"noopener\" target=\"_blank\">Zur Website<\/a><\/td><td class=\"column-7\">info@heereninautomobielen.nl<\/td>\n<\/tr>\n<tr class=\"row-9 odd\">\n\t<td class=\"column-1\">Garage Kooistra Arnheim<\/td><td class=\"column-2\">Cruquiusweg 2<\/td><td class=\"column-3\">6827 BL<\/td><td class=\"column-4\">arnhem<\/td><td class=\"column-5\">06 83942649<\/td><td class=\"column-6\"><a href=\"https:\/\/www.garagekooistra.com\/\" rel=\"noopener\" target=\"_blank\">Zur Website<\/a><\/td><td class=\"column-7\">info@garagekooistra.com<\/td>\n<\/tr>\n<tr class=\"row-10 even\">\n\t<td class=\"column-1\">Autodienst Allround<\/td><td class=\"column-2\">Stieltjesweg 4<\/td><td class=\"column-3\">6827 BV<\/td><td class=\"column-4\">arnhem<\/td><td class=\"column-5\">026 382 7221<\/td><td class=\"column-6\"><a href=\"http:\/\/autoserviceallround.nl\/\" rel=\"noopener\" target=\"_blank\">Zur Website<\/a><\/td><td class=\"column-7\">info@autoserviceallround.nl<\/td>\n<\/tr>\n<tr class=\"row-11 odd\">\n\t<td class=\"column-1\">Autofirma Vlamoven<\/td><td class=\"column-2\">Flammofen 6<\/td><td class=\"column-3\">6826 TN<\/td><td class=\"column-4\">arnhem<\/td><td class=\"column-5\">026 361 1499<\/td><td class=\"column-6\"><a href=\"http:\/\/www.autobedrijf-vlamoven.nl\/\" rel=\"noopener\" target=\"_blank\">Zur Website<\/a><\/td><td class=\"column-7\">info@jansenarnhem.nl<\/td>\n<\/tr>\n<\/tbody>\n<\/table>\n\n<\/div><!-- #tablepress-166 from cache -->\n<p>[\/et_pb_text][\/et_pb_column][\/et_pb_row][\/et_pb_section].<\/p>","protected":false},"excerpt":{"rendered":"<p>MOT Arnheim, was m\u00fcssen Sie mitbringen? Wenn Sie Ihr Auto in Arnheim untersuchen lassen, m\u00fcssen Sie einige Dokumente mitbringen. Nat\u00fcrlich brauchen Sie Ihr Auto und seine Papiere. Vergessen Sie auch nicht, Ihren F\u00fchrerschein und einen eventuellen Pr\u00fcfbericht von der letzten Inspektion mitzubringen. Warum ist eine T\u00dcV-Untersuchung notwendig? Eine T\u00dcV-Untersuchung ist [...]<\/p>","protected":false},"author":1,"featured_media":0,"parent":0,"menu_order":0,"comment_status":"closed","ping_status":"closed","template":"","meta":{"_et_pb_use_builder":"on","_et_pb_old_content":"","_et_gb_content_width":"","footnotes":""},"class_list":["post-156428","page","type-page","status-publish","hentry"],"yoast_head":"<!-- This site is optimized with the Yoast SEO plugin v27.4 - https:\/\/yoast.com\/product\/yoast-seo-wordpress\/ -->\n<title>APK Arnhem - Overzicht Keuringsstations - Autobaak.nl<\/title>\n<meta name=\"description\" content=\"APK Arnhem, waar kan je terecht als je APK is verlopen? Hier een overzicht van de garages in Arnhem voor de APK keuring van jouw auto.\" \/>\n<meta name=\"robots\" content=\"index, follow, max-snippet:-1, max-image-preview:large, max-video-preview:-1\" \/>\n<link rel=\"canonical\" href=\"https:\/\/autobaak.nl\/de\/apk-arnhem\/\" \/>\n<meta property=\"og:locale\" content=\"de_DE\" \/>\n<meta property=\"og:type\" content=\"article\" \/>\n<meta property=\"og:title\" content=\"APK Arnhem - Overzicht Keuringsstations - Autobaak.nl\" \/>\n<meta property=\"og:description\" content=\"APK Arnhem, waar kan je terecht als je APK is verlopen? Hier een overzicht van de garages in Arnhem voor de APK keuring van jouw auto.\" \/>\n<meta property=\"og:url\" content=\"https:\/\/autobaak.nl\/de\/apk-arnhem\/\" \/>\n<meta property=\"og:site_name\" content=\"Autobaak.nl\" \/>\n<meta property=\"article:modified_time\" content=\"2023-09-29T13:50:57+00:00\" \/>\n<meta name=\"twitter:card\" content=\"summary_large_image\" \/>\n<script type=\"application\/ld+json\" class=\"yoast-schema-graph\">{\"@context\":\"https:\\\/\\\/schema.org\",\"@graph\":[{\"@type\":\"WebPage\",\"@id\":\"https:\\\/\\\/autobaak.nl\\\/apk-arnhem\\\/\",\"url\":\"https:\\\/\\\/autobaak.nl\\\/apk-arnhem\\\/\",\"name\":\"APK Arnhem - Overzicht Keuringsstations - Autobaak.nl\",\"isPartOf\":{\"@id\":\"https:\\\/\\\/autobaak.nl\\\/#website\"},\"datePublished\":\"2023-08-23T15:32:58+00:00\",\"dateModified\":\"2023-09-29T13:50:57+00:00\",\"description\":\"APK Arnhem, waar kan je terecht als je APK is verlopen? Hier een overzicht van de garages in Arnhem voor de APK keuring van jouw auto.\",\"breadcrumb\":{\"@id\":\"https:\\\/\\\/autobaak.nl\\\/apk-arnhem\\\/#breadcrumb\"},\"inLanguage\":\"de\",\"potentialAction\":[{\"@type\":\"ReadAction\",\"target\":[\"https:\\\/\\\/autobaak.nl\\\/apk-arnhem\\\/\"]}]},{\"@type\":\"BreadcrumbList\",\"@id\":\"https:\\\/\\\/autobaak.nl\\\/apk-arnhem\\\/#breadcrumb\",\"itemListElement\":[{\"@type\":\"ListItem\",\"position\":1,\"name\":\"Home\",\"item\":\"https:\\\/\\\/autobaak.nl\\\/\"},{\"@type\":\"ListItem\",\"position\":2,\"name\":\"APK Arnhem &#8211; Overzicht Keuringsstations\"}]},{\"@type\":\"WebSite\",\"@id\":\"https:\\\/\\\/autobaak.nl\\\/#website\",\"url\":\"https:\\\/\\\/autobaak.nl\\\/\",\"name\":\"Autobaak.nl\",\"description\":\"Cars &amp; Racing\",\"potentialAction\":[{\"@type\":\"SearchAction\",\"target\":{\"@type\":\"EntryPoint\",\"urlTemplate\":\"https:\\\/\\\/autobaak.nl\\\/?s={search_term_string}\"},\"query-input\":{\"@type\":\"PropertyValueSpecification\",\"valueRequired\":true,\"valueName\":\"search_term_string\"}}],\"inLanguage\":\"de\"}]}<\/script>\n<!-- \/ Yoast SEO plugin. -->","yoast_head_json":{"title":"APK Arnheim - \u00dcbersicht Kontrollstellen - Autobaak.nl","description":"APK Arnheim, wohin k\u00f6nnen Sie gehen, wenn Ihre APK abgelaufen ist? Hier finden Sie eine \u00dcbersicht der Werkst\u00e4tten in Arnheim f\u00fcr die T\u00dcV-Pr\u00fcfung Ihres Autos.","robots":{"index":"index","follow":"follow","max-snippet":"max-snippet:-1","max-image-preview":"max-image-preview:large","max-video-preview":"max-video-preview:-1"},"canonical":"https:\/\/autobaak.nl\/de\/apk-arnhem\/","og_locale":"de_DE","og_type":"article","og_title":"APK Arnhem - Overzicht Keuringsstations - Autobaak.nl","og_description":"APK Arnhem, waar kan je terecht als je APK is verlopen? Hier een overzicht van de garages in Arnhem voor de APK keuring van jouw auto.","og_url":"https:\/\/autobaak.nl\/de\/apk-arnhem\/","og_site_name":"Autobaak.nl","article_modified_time":"2023-09-29T13:50:57+00:00","twitter_card":"summary_large_image","schema":{"@context":"https:\/\/schema.org","@graph":[{"@type":"WebPage","@id":"https:\/\/autobaak.nl\/apk-arnhem\/","url":"https:\/\/autobaak.nl\/apk-arnhem\/","name":"APK Arnheim - \u00dcbersicht Kontrollstellen - Autobaak.nl","isPartOf":{"@id":"https:\/\/autobaak.nl\/#website"},"datePublished":"2023-08-23T15:32:58+00:00","dateModified":"2023-09-29T13:50:57+00:00","description":"APK Arnheim, wohin k\u00f6nnen Sie gehen, wenn Ihre APK abgelaufen ist? Hier finden Sie eine \u00dcbersicht der Werkst\u00e4tten in Arnheim f\u00fcr die T\u00dcV-Pr\u00fcfung Ihres Autos.","breadcrumb":{"@id":"https:\/\/autobaak.nl\/apk-arnhem\/#breadcrumb"},"inLanguage":"de","potentialAction":[{"@type":"ReadAction","target":["https:\/\/autobaak.nl\/apk-arnhem\/"]}]},{"@type":"BreadcrumbList","@id":"https:\/\/autobaak.nl\/apk-arnhem\/#breadcrumb","itemListElement":[{"@type":"ListItem","position":1,"name":"Home","item":"https:\/\/autobaak.nl\/"},{"@type":"ListItem","position":2,"name":"APK Arnhem &#8211; Overzicht Keuringsstations"}]},{"@type":"WebSite","@id":"https:\/\/autobaak.nl\/#website","url":"https:\/\/autobaak.nl\/","name":"Autobook.de","description":"Autos &amp; Rennsport","potentialAction":[{"@type":"SearchAction","target":{"@type":"EntryPoint","urlTemplate":"https:\/\/autobaak.nl\/?s={search_term_string}"},"query-input":{"@type":"PropertyValueSpecification","valueRequired":true,"valueName":"search_term_string"}}],"inLanguage":"de"}]}},"_links":{"self":[{"href":"https:\/\/autobaak.nl\/de\/wp-json\/wp\/v2\/pages\/156428","targetHints":{"allow":["GET"]}}],"collection":[{"href":"https:\/\/autobaak.nl\/de\/wp-json\/wp\/v2\/pages"}],"about":[{"href":"https:\/\/autobaak.nl\/de\/wp-json\/wp\/v2\/types\/page"}],"author":[{"embeddable":true,"href":"https:\/\/autobaak.nl\/de\/wp-json\/wp\/v2\/users\/1"}],"replies":[{"embeddable":true,"href":"https:\/\/autobaak.nl\/de\/wp-json\/wp\/v2\/comments?post=156428"}],"version-history":[{"count":4,"href":"https:\/\/autobaak.nl\/de\/wp-json\/wp\/v2\/pages\/156428\/revisions"}],"predecessor-version":[{"id":156834,"href":"https:\/\/autobaak.nl\/de\/wp-json\/wp\/v2\/pages\/156428\/revisions\/156834"}],"wp:attachment":[{"href":"https:\/\/autobaak.nl\/de\/wp-json\/wp\/v2\/media?parent=156428"}],"curies":[{"name":"wp","href":"https:\/\/api.w.org\/{rel}","templated":true}]}}