{"id":156480,"date":"2023-08-24T13:56:02","date_gmt":"2023-08-24T11:56:02","guid":{"rendered":"https:\/\/autobaak.nl\/?page_id=156480"},"modified":"2023-08-24T13:56:06","modified_gmt":"2023-08-24T11:56:06","slug":"apk-vlaardingen-ubersicht-kontrollstationen","status":"publish","type":"page","link":"https:\/\/autobaak.nl\/de\/apk-vlaardingen-ubersicht-kontrollstationen\/","title":{"rendered":"MOT Vlaardingen - \u00dcbersicht Pr\u00fcfstellen"},"content":{"rendered":"<p>[et_pb_section fb_built=\"1\u2033 inner_shadow=\"on\" fullwidth=\"on\" _builder_version=\"4.21.2\u2033 background_image=\"https:\/\/autobaak.nl\/wp-content\/uploads\/2023\/08\/apk-Almelo.jpg\" background_position=\"centre_left\" global_colors_info=\"{}\" theme_builder_area=\"post_content\"][et_pb_fullwidth_header title=\"APK Vlaardingen\" subhead=\"Lassen Sie Ihr Auto regelm\u00e4\u00dfig in Vlaardingen \u00fcberpr\u00fcfen\" text_orientation=\"centre\" _builder_version=\"4.22.0\u2033 content_font_size=\"15px\" background_color=\"rgba(255, 255, 255, 0)\" background_enable_image=\"off\" hover_enabled=\"0\u2033 text_shadow_style=\"preset5\u2033 text_shadow_color=\"rgba(0,0,0,0.52)\" global_colors_info=\"{}\" button_one_text_size__hover_enabled=\"off\" button_one_text_size__hover=\"null\" button_two_text_size__hover_enabled=\"off\" button_two_text_size__hover=\"null\" button_one_text_color__hover_enabled=\"off\" button_one_text_color__hover=\"null\" button_two_text_color__hover_enabled=\"off\" button_two_text_color__hover=\"null\" button_one_border_width__hover_enabled=\"off\" button_one_border_width__hover=\"null\" button_two_border_width__hover_enabled=\"off\" button_two_border_width__hover=\"null\" button_one_border_color__hover_enabled=\"off\" button_one_border_color__hover=\"null\" button_two_border_color__hover_enabled=\"off\" button_two_border_color__hover=\"null\" button_one_border_radius__hover_enabled=\"off\" button_one_border_radius__hover=\"null\" button_two_border_radius__hover_enabled=\"off\" button_two_border_radius__hover=\"null\" button_one_letter_spacing__hover_enabled=\"off\" button_one_letter_spacing__hover=\"null\" button_two_letter_spacing__hover_enabled=\"off\" button_two_letter_spacing__hover=\"null\" button_one_bg_color__hover_enabled=\"off\" button_one_bg_color__hover=\"null\" button_two_bg_color__hover_enabled=\"off\" button_two_bg_color__hover=\"null\" theme_builder_area=\"post_content\" sticky_enabled=\"0\u2033][\/et_pb_fullwidth_header][\/et_pb_section][et_pb_section fb_built=\"1\u2033 _builder_version=\"4.16\u2033 custom_padding=\"2px|0px|3px|0px\" global_colors_info=\"{}\" theme_builder_area=\"post_content\"][et_pb_row _builder_version=\"4.16\u2033 background_size=\"initial\" background_position=\"top_left\" background_repeat=\"repeat\" custom_padding=\"26.3594px|0px|2px|0px\" global_colors_info=\"{}\" theme_builder_area=\"post_content\"][et_pb_column type=\"4_4\u2033 _builder_version=\"4.16\u2033 custom_padding=\"|||\" global_colors_info=\"{}\" custom_padding__hover=\"||||\" theme_builder_area=\"post_content\"][et_pb_text _builder_version=\"4.22.0\u2033 custom_margin=\"||13px|||\" hover_enabled=\"0\u2033 global_colors_info=\"{}\" theme_builder_area=\"post_content\" sticky_enabled=\"0\u2033]<\/p>\n<h2 data-pm-slice=\"1 1 []\">MOT Vlaardingen, was sollten Sie mitbringen?<\/h2>\n<p>Wenn Sie Ihr Auto in Amsterdam inspizieren lassen, m\u00fcssen Sie einige Dokumente mitbringen. Nat\u00fcrlich brauchen Sie Ihr Auto und seine Papiere. Vergessen Sie auch nicht, Ihren F\u00fchrerschein und einen eventuellen Inspektionsbericht von der letzten Inspektion mitzubringen.<\/p>\n<h2>Warum ist eine T\u00dcV-Pr\u00fcfung notwendig?<\/h2>\n<p>Eine T\u00dcV-Inspektion ist wichtig, damit Ihr Auto sicher und zuverl\u00e4ssig bleibt. Bei der Inspektion werden wichtige Teile Ihres Fahrzeugs \u00fcberpr\u00fcft, z. B. die Bremsen, die Beleuchtung und der Auspuff. Sollten M\u00e4ngel festgestellt werden, m\u00fcssen Sie diese reparieren lassen, bevor Ihr Auto zugelassen wird.<\/p>\n<h2>Wie hoch sind die durchschnittlichen Kosten f\u00fcr einen T\u00dcV in Vlaardingen?<\/h2>\n<p>Die Kosten f\u00fcr eine T\u00dcV-Pr\u00fcfung in Amsterdam k\u00f6nnen je nach Werkstatt variieren. Die durchschnittlichen Kosten liegen in der Regel zwischen 50 \u20ac und 100 \u20ac. Es ist immer ratsam, die Preise bei verschiedenen Werkst\u00e4tten im Voraus zu vergleichen.<\/p>\n<h2>In welchen Punkten wird Ihr Fahrzeug kontrolliert?<\/h2>\n<p>Bei der T\u00dcV-Pr\u00fcfung werden verschiedene Teile Ihres Fahrzeugs kontrolliert. Sie k\u00f6nnen dar\u00fcber nachdenken:<\/p>\n<ul>\n<li>Bremsen<\/li>\n<li>Reifen<\/li>\n<li>Beleuchtung und Elektroinstallation<\/li>\n<li>Abgase und Emissionen<\/li>\n<li>Karosserie und Fahrwerk<\/li>\n<li>Aufh\u00e4ngung<\/li>\n<li>Lenkung<\/li>\n<\/ul>\n<p>Nachfolgend finden Sie eine \u00dcbersicht \u00fcber die Punkte, in denen Ihr Fahrzeug beim T\u00dcV in Vlaardingen \u00fcberpr\u00fcft wird:<\/p>\n<table>\n<tbody>\n<tr>\n<th colspan=\"1\" rowspan=\"1\">Teile<\/th>\n<th colspan=\"1\" rowspan=\"1\">APK-Pr\u00fcfung<\/th>\n<\/tr>\n<tr>\n<td colspan=\"1\" rowspan=\"1\">Bremsen<\/td>\n<td colspan=\"1\" rowspan=\"1\">Vorhandensein und Funktion der Handbremse, Bremsbel\u00e4ge, Bremsscheiben<\/td>\n<\/tr>\n<tr>\n<td colspan=\"1\" rowspan=\"1\">Reifen<\/td>\n<td colspan=\"1\" rowspan=\"1\">Profiltiefe, Reifendruck<\/td>\n<\/tr>\n<tr>\n<td colspan=\"1\" rowspan=\"1\">Beleuchtung und Elektroinstallation<\/td>\n<td colspan=\"1\" rowspan=\"1\">Betrieb von Leuchten, Blinkern, Bremsleuchten<\/td>\n<\/tr>\n<tr>\n<td colspan=\"1\" rowspan=\"1\">Abgase und Emissionen<\/td>\n<td colspan=\"1\" rowspan=\"1\">Betrieb und Verschlei\u00df des Schalld\u00e4mpfers, Kontrolle der Abgase<\/td>\n<\/tr>\n<tr>\n<td colspan=\"1\" rowspan=\"1\">Karosserie und Fahrwerk<\/td>\n<td colspan=\"1\" rowspan=\"1\">Rost und Sch\u00e4den an der Karosserie, Risse in den Fenstern<\/td>\n<\/tr>\n<tr>\n<td colspan=\"1\" rowspan=\"1\">Aufh\u00e4ngung<\/td>\n<td colspan=\"1\" rowspan=\"1\">Sto\u00dfd\u00e4mpfer, Federtellergummis, Querlenker<\/td>\n<\/tr>\n<tr>\n<td colspan=\"1\" rowspan=\"1\">Lenkung<\/td>\n<td colspan=\"1\" rowspan=\"1\">Auf dem Lenker spielen, um den Lenker herum tragen<\/td>\n<\/tr>\n<\/tbody>\n<\/table>\n<p>Es ist wichtig, dass Sie Ihr Auto regelm\u00e4\u00dfig \u00fcberpr\u00fcfen lassen, um die Verkehrssicherheit zu gew\u00e4hrleisten. Denken Sie daran, dass eine T\u00dcV-Pr\u00fcfung obligatorisch ist. Wenn Sie noch Fragen zur T\u00dcV-Pr\u00fcfung in Amsterdam haben, k\u00f6nnen Sie sich jederzeit an eine Werkstatt in Ihrer N\u00e4he wenden.<\/p>\n<p>[\/et_pb_text][et_pb_text _builder_version=\"4.22.0\u2033 background_color=\"RGBA(255,255,255,0)\" custom_margin=\"0px|||\" custom_padding=\"10px|20px|10px|20px\" hover_enabled=\"0\u2033 global_colors_info=\"{}\" theme_builder_area=\"post_content\" sticky_enabled=\"0\u2033]<\/p>\n<h2>MOT-Stationen Vlaardingen<\/h2>\n<div id=\"tablepress-199-scroll-wrapper\" class=\"tablepress-scroll-wrapper\">\n\n<table id=\"tablepress-199\" class=\"tablepress tablepress-id-199 tablepress-responsive\">\n<thead>\n<tr class=\"row-1 odd\">\n\t<th class=\"column-1\">Name des Unternehmens<\/th><th class=\"column-2\">Stra\u00dfe<\/th><th class=\"column-3\">Postleitzahl<\/th><th class=\"column-4\">Standort<\/th><th class=\"column-5\">Rufnummer<\/th><th class=\"column-6\">Website<\/th><th class=\"column-7\">E-Mail<\/th>\n<\/tr>\n<\/thead>\n<tbody class=\"row-hover\">\n<tr class=\"row-2 even\">\n\t<td class=\"column-1\">A.P.K. Bahnhof H.B.S.<\/td><td class=\"column-2\">Vettenoord Mercuriusstraat 2<\/td><td class=\"column-3\">3133 DE<\/td><td class=\"column-4\">vlaardingen<\/td><td class=\"column-5\">010 434 9668<\/td><td class=\"column-6\"><a href=\"http:\/\/www.apkstationhbs.com\/\" rel=\"noopener\" target=\"_blank\">Zur Website<\/a><\/td><td class=\"column-7\">hbs.apkstation@gmail.com<\/td>\n<\/tr>\n<tr class=\"row-3 odd\">\n\t<td class=\"column-1\">V.O.F. APK Keuringsstation Express<\/td><td class=\"column-2\">Fulton Street 7A<\/td><td class=\"column-3\">3133 KH<\/td><td class=\"column-4\">vlaardingen<\/td><td class=\"column-5\">010 226 4932<\/td><td class=\"column-6\"><a href=\"http:\/\/www.express-apk.nl\/\" rel=\"noopener\" target=\"_blank\">Zur Website<\/a><\/td><td class=\"column-7\">info@express-apk.nl<\/td>\n<\/tr>\n<tr class=\"row-4 even\">\n\t<td class=\"column-1\">MOT-Station mk<\/td><td class=\"column-2\">Merkurstra\u00dfe 41a<\/td><td class=\"column-3\">3133 EM<\/td><td class=\"column-4\">vlaardingen<\/td><td class=\"column-5\">06 34905525<\/td><td class=\"column-6\">K.A.<\/td><td class=\"column-7\">K.A.<\/td>\n<\/tr>\n<tr class=\"row-5 odd\">\n\t<td class=\"column-1\">Autowerkstatt KwikFit Vlaardingen<\/td><td class=\"column-2\">Hoogstad 201<\/td><td class=\"column-3\">310KX<\/td><td class=\"column-4\">vlaardingen<\/td><td class=\"column-5\">010 248 9110<\/td><td class=\"column-6\"><a href=\"https:\/\/www.kwik-fit.nl\/vestigingen\/vlaardingen\/\" rel=\"noopener\" target=\"_blank\">Zur Website<\/a><\/td><td class=\"column-7\">klanten@kwik-fit.nl<\/td>\n<\/tr>\n<tr class=\"row-6 even\">\n\t<td class=\"column-1\">A20 MOT-Pr\u00fcfstelle<\/td><td class=\"column-2\"><\/td><td class=\"column-3\"><\/td><td class=\"column-4\">vlaardingen<\/td><td class=\"column-5\">010 302 0056<\/td><td class=\"column-6\"><a href=\"http:\/\/www.apk-a20.nl\/\" rel=\"noopener\" target=\"_blank\">Zur Website<\/a><\/td><td class=\"column-7\">ingo@apk-a20.nl<\/td>\n<\/tr>\n<tr class=\"row-7 odd\">\n\t<td class=\"column-1\">Garage van Dorland<\/td><td class=\"column-2\"><\/td><td class=\"column-3\"><\/td><td class=\"column-4\">vlaardingen<\/td><td class=\"column-5\">010 434 3413<\/td><td class=\"column-6\"><a href=\"http:\/\/garagevandorland.nl\/\" rel=\"noopener\" target=\"_blank\">Zur Website<\/a><\/td><td class=\"column-7\">Info@garagevandorland.nl<\/td>\n<\/tr>\n<tr class=\"row-8 even\">\n\t<td class=\"column-1\">Hedacar<\/td><td class=\"column-2\">Glockenstra\u00dfe 9<\/td><td class=\"column-3\">3133 KE<\/td><td class=\"column-4\">vlaardingen<\/td><td class=\"column-5\">06 45354122<\/td><td class=\"column-6\">K.A.<\/td><td class=\"column-7\">info@hedacarrental.com<\/td>\n<\/tr>\n<tr class=\"row-9 odd\">\n\t<td class=\"column-1\">Eigenraam-Garage<\/td><td class=\"column-2\">Van Beethovensingel 124<\/td><td class=\"column-3\">3133 EA<\/td><td class=\"column-4\">vlaardingen<\/td><td class=\"column-5\">010 435 7900<\/td><td class=\"column-6\"><a href=\"https:\/\/www.vakgarageeigenraam.nl\/\" rel=\"noopener\" target=\"_blank\">Zur Website<\/a><\/td><td class=\"column-7\">info@vakgarageeigenraam.nl<\/td>\n<\/tr>\n<tr class=\"row-10 even\">\n\t<td class=\"column-1\">Neue Maas Automotive<\/td><td class=\"column-2\">Energiestra\u00dfe 1b<\/td><td class=\"column-3\">3133 EB<\/td><td class=\"column-4\">vlaardingen<\/td><td class=\"column-5\">06 29032002<\/td><td class=\"column-6\"><a href=\"http:\/\/www.nieuwemaasauto.nl\/\" rel=\"noopener\" target=\"_blank\">Zur Website<\/a><\/td><td class=\"column-7\">info@nieuwemaasauto.nl<\/td>\n<\/tr>\n<tr class=\"row-11 odd\">\n\t<td class=\"column-1\">Autofirma \"De Boei\"<\/td><td class=\"column-2\">Energie Stra\u00dfe 38<\/td><td class=\"column-3\">3133 EG<\/td><td class=\"column-4\">vlaardingen<\/td><td class=\"column-5\">010 460 0180<\/td><td class=\"column-6\"><a href=\"http:\/\/www.autobedrijfdeboei.nl\/\" rel=\"noopener\" target=\"_blank\">Zur Website<\/a><\/td><td class=\"column-7\">info@autobedrijfdeboei.nl<\/td>\n<\/tr>\n<tr class=\"row-12 even\">\n\t<td class=\"column-1\">Autofirma Day<\/td><td class=\"column-2\">Rue Amp\u00e8re 4<\/td><td class=\"column-3\">3133 KD<\/td><td class=\"column-4\">vlaardingen<\/td><td class=\"column-5\">06 19819830<\/td><td class=\"column-6\"><a href=\"http:\/\/www.autobedrijfdag.nl\/\" rel=\"noopener\" target=\"_blank\">Zur Website<\/a><\/td><td class=\"column-7\">info@autobedrijfdag.nl<\/td>\n<\/tr>\n<tr class=\"row-13 odd\">\n\t<td class=\"column-1\">Autofirma P Bot Vlaardingen<\/td><td class=\"column-2\">Hoogstad 51<\/td><td class=\"column-3\">310KX<\/td><td class=\"column-4\">vlaardingen<\/td><td class=\"column-5\">010 460 0601<\/td><td class=\"column-6\"><a href=\"http:\/\/www.pbot.nl\/\" rel=\"noopener\" target=\"_blank\">Zur Website<\/a><\/td><td class=\"column-7\">info@pbot.nl<\/td>\n<\/tr>\n<tr class=\"row-14 even\">\n\t<td class=\"column-1\">AutoFirst - Autohaus Van Toorn<\/td><td class=\"column-2\">Dirk de Derdelaan 18<\/td><td class=\"column-3\">3132 HJ<\/td><td class=\"column-4\">vlaardingen<\/td><td class=\"column-5\">010 435 9474<\/td><td class=\"column-6\"><a href=\"https:\/\/www.autobedrijfvantoorn.nl\/\" rel=\"noopener\" target=\"_blank\">Zur Website<\/a><\/td><td class=\"column-7\">robhorstman@autobedrijfvantoorn.nl<\/td>\n<\/tr>\n<\/tbody>\n<\/table>\n\n<\/div><!-- #tablepress-199 from cache -->\n<p>[\/et_pb_text][\/et_pb_column][\/et_pb_row][\/et_pb_section].<\/p>","protected":false},"excerpt":{"rendered":"<p>MOT Vlaardingen, was m\u00fcssen Sie mitbringen? Wenn Sie Ihr Auto in Vlaardingen untersuchen lassen, m\u00fcssen Sie einige Dokumente mitbringen. Nat\u00fcrlich brauchen Sie Ihr Auto und seine Papiere. Vergessen Sie auch nicht, Ihren F\u00fchrerschein und einen eventuellen Pr\u00fcfbericht von der letzten Inspektion mitzubringen. Warum ist eine T\u00dcV-Untersuchung notwendig? Eine T\u00dcV-Untersuchung ist [...]<\/p>","protected":false},"author":1,"featured_media":0,"parent":0,"menu_order":0,"comment_status":"closed","ping_status":"closed","template":"","meta":{"_et_pb_use_builder":"on","_et_pb_old_content":"","_et_gb_content_width":"","footnotes":""},"class_list":["post-156480","page","type-page","status-publish","hentry"],"yoast_head":"<!-- This site is optimized with the Yoast SEO plugin v27.3 - https:\/\/yoast.com\/product\/yoast-seo-wordpress\/ -->\n<title>APK Vlaardingen - Overzicht Keuringsstations - Autobaak.nl<\/title>\n<meta name=\"description\" content=\"APK Vlaardingen, waar kan je terecht als je APK is verlopen? Hier een overzicht van de garages in Vlaardingen voor de APK keuring.\" \/>\n<meta name=\"robots\" content=\"index, follow, max-snippet:-1, max-image-preview:large, max-video-preview:-1\" \/>\n<link rel=\"canonical\" href=\"https:\/\/autobaak.nl\/de\/apk-vlaardingen-ubersicht-kontrollstationen\/\" \/>\n<meta property=\"og:locale\" content=\"de_DE\" \/>\n<meta property=\"og:type\" content=\"article\" \/>\n<meta property=\"og:title\" content=\"APK Vlaardingen - Overzicht Keuringsstations - Autobaak.nl\" \/>\n<meta property=\"og:description\" content=\"APK Vlaardingen, waar kan je terecht als je APK is verlopen? Hier een overzicht van de garages in Vlaardingen voor de APK keuring.\" \/>\n<meta property=\"og:url\" content=\"https:\/\/autobaak.nl\/de\/apk-vlaardingen-ubersicht-kontrollstationen\/\" \/>\n<meta property=\"og:site_name\" content=\"Autobaak.nl\" \/>\n<meta property=\"article:modified_time\" content=\"2023-08-24T11:56:06+00:00\" \/>\n<meta name=\"twitter:card\" content=\"summary_large_image\" \/>\n<script type=\"application\/ld+json\" class=\"yoast-schema-graph\">{\"@context\":\"https:\\\/\\\/schema.org\",\"@graph\":[{\"@type\":\"WebPage\",\"@id\":\"https:\\\/\\\/autobaak.nl\\\/apk-vlaardingen-overzicht-keuringsstations\\\/\",\"url\":\"https:\\\/\\\/autobaak.nl\\\/apk-vlaardingen-overzicht-keuringsstations\\\/\",\"name\":\"APK Vlaardingen - Overzicht Keuringsstations - Autobaak.nl\",\"isPartOf\":{\"@id\":\"https:\\\/\\\/autobaak.nl\\\/#website\"},\"datePublished\":\"2023-08-24T11:56:02+00:00\",\"dateModified\":\"2023-08-24T11:56:06+00:00\",\"description\":\"APK Vlaardingen, waar kan je terecht als je APK is verlopen? Hier een overzicht van de garages in Vlaardingen voor de APK keuring.\",\"breadcrumb\":{\"@id\":\"https:\\\/\\\/autobaak.nl\\\/apk-vlaardingen-overzicht-keuringsstations\\\/#breadcrumb\"},\"inLanguage\":\"de\",\"potentialAction\":[{\"@type\":\"ReadAction\",\"target\":[\"https:\\\/\\\/autobaak.nl\\\/apk-vlaardingen-overzicht-keuringsstations\\\/\"]}]},{\"@type\":\"BreadcrumbList\",\"@id\":\"https:\\\/\\\/autobaak.nl\\\/apk-vlaardingen-overzicht-keuringsstations\\\/#breadcrumb\",\"itemListElement\":[{\"@type\":\"ListItem\",\"position\":1,\"name\":\"Home\",\"item\":\"https:\\\/\\\/autobaak.nl\\\/\"},{\"@type\":\"ListItem\",\"position\":2,\"name\":\"APK Vlaardingen &#8211; Overzicht Keuringsstations\"}]},{\"@type\":\"WebSite\",\"@id\":\"https:\\\/\\\/autobaak.nl\\\/#website\",\"url\":\"https:\\\/\\\/autobaak.nl\\\/\",\"name\":\"Autobaak.nl\",\"description\":\"Cars &amp; Racing\",\"potentialAction\":[{\"@type\":\"SearchAction\",\"target\":{\"@type\":\"EntryPoint\",\"urlTemplate\":\"https:\\\/\\\/autobaak.nl\\\/?s={search_term_string}\"},\"query-input\":{\"@type\":\"PropertyValueSpecification\",\"valueRequired\":true,\"valueName\":\"search_term_string\"}}],\"inLanguage\":\"de\"}]}<\/script>\n<!-- \/ Yoast SEO plugin. -->","yoast_head_json":{"title":"MOT Vlaardingen - \u00dcbersicht Pr\u00fcfstellen - Autobaak.nl","description":"APK Vlaardingen, wo k\u00f6nnen Sie hingehen, wenn Ihre APK abgelaufen ist? Hier finden Sie eine \u00dcbersicht von Werkst\u00e4tten in Vlaardingen f\u00fcr die APK-Pr\u00fcfung.","robots":{"index":"index","follow":"follow","max-snippet":"max-snippet:-1","max-image-preview":"max-image-preview:large","max-video-preview":"max-video-preview:-1"},"canonical":"https:\/\/autobaak.nl\/de\/apk-vlaardingen-ubersicht-kontrollstationen\/","og_locale":"de_DE","og_type":"article","og_title":"APK Vlaardingen - Overzicht Keuringsstations - Autobaak.nl","og_description":"APK Vlaardingen, waar kan je terecht als je APK is verlopen? Hier een overzicht van de garages in Vlaardingen voor de APK keuring.","og_url":"https:\/\/autobaak.nl\/de\/apk-vlaardingen-ubersicht-kontrollstationen\/","og_site_name":"Autobaak.nl","article_modified_time":"2023-08-24T11:56:06+00:00","twitter_card":"summary_large_image","schema":{"@context":"https:\/\/schema.org","@graph":[{"@type":"WebPage","@id":"https:\/\/autobaak.nl\/apk-vlaardingen-overzicht-keuringsstations\/","url":"https:\/\/autobaak.nl\/apk-vlaardingen-overzicht-keuringsstations\/","name":"MOT Vlaardingen - \u00dcbersicht Pr\u00fcfstellen - Autobaak.nl","isPartOf":{"@id":"https:\/\/autobaak.nl\/#website"},"datePublished":"2023-08-24T11:56:02+00:00","dateModified":"2023-08-24T11:56:06+00:00","description":"APK Vlaardingen, wo k\u00f6nnen Sie hingehen, wenn Ihre APK abgelaufen ist? Hier finden Sie eine \u00dcbersicht von Werkst\u00e4tten in Vlaardingen f\u00fcr die APK-Pr\u00fcfung.","breadcrumb":{"@id":"https:\/\/autobaak.nl\/apk-vlaardingen-overzicht-keuringsstations\/#breadcrumb"},"inLanguage":"de","potentialAction":[{"@type":"ReadAction","target":["https:\/\/autobaak.nl\/apk-vlaardingen-overzicht-keuringsstations\/"]}]},{"@type":"BreadcrumbList","@id":"https:\/\/autobaak.nl\/apk-vlaardingen-overzicht-keuringsstations\/#breadcrumb","itemListElement":[{"@type":"ListItem","position":1,"name":"Home","item":"https:\/\/autobaak.nl\/"},{"@type":"ListItem","position":2,"name":"APK Vlaardingen &#8211; Overzicht Keuringsstations"}]},{"@type":"WebSite","@id":"https:\/\/autobaak.nl\/#website","url":"https:\/\/autobaak.nl\/","name":"Autobook.de","description":"Autos &amp; Rennsport","potentialAction":[{"@type":"SearchAction","target":{"@type":"EntryPoint","urlTemplate":"https:\/\/autobaak.nl\/?s={search_term_string}"},"query-input":{"@type":"PropertyValueSpecification","valueRequired":true,"valueName":"search_term_string"}}],"inLanguage":"de"}]}},"_links":{"self":[{"href":"https:\/\/autobaak.nl\/de\/wp-json\/wp\/v2\/pages\/156480","targetHints":{"allow":["GET"]}}],"collection":[{"href":"https:\/\/autobaak.nl\/de\/wp-json\/wp\/v2\/pages"}],"about":[{"href":"https:\/\/autobaak.nl\/de\/wp-json\/wp\/v2\/types\/page"}],"author":[{"embeddable":true,"href":"https:\/\/autobaak.nl\/de\/wp-json\/wp\/v2\/users\/1"}],"replies":[{"embeddable":true,"href":"https:\/\/autobaak.nl\/de\/wp-json\/wp\/v2\/comments?post=156480"}],"version-history":[{"count":2,"href":"https:\/\/autobaak.nl\/de\/wp-json\/wp\/v2\/pages\/156480\/revisions"}],"predecessor-version":[{"id":156483,"href":"https:\/\/autobaak.nl\/de\/wp-json\/wp\/v2\/pages\/156480\/revisions\/156483"}],"wp:attachment":[{"href":"https:\/\/autobaak.nl\/de\/wp-json\/wp\/v2\/media?parent=156480"}],"curies":[{"name":"wp","href":"https:\/\/api.w.org\/{rel}","templated":true}]}}