{"id":15673,"date":"2019-11-28T16:53:48","date_gmt":"2019-11-28T16:53:48","guid":{"rendered":"https:\/\/autobaak.nl\/?page_id=15673"},"modified":"2019-11-28T16:55:23","modified_gmt":"2019-11-28T16:55:23","slug":"14-zoll-radkappen-kaufen","status":"publish","type":"page","link":"https:\/\/autobaak.nl\/de\/14-zoll-radkappen-kaufen\/","title":{"rendered":"14 Zoll Radkappen kaufen"},"content":{"rendered":"<p>[et_pb_section fb_built=\"1\u2033 _builder_version=\"4.0.7\u2033][et_pb_row _builder_version=\"4.0.7\u2033][et_pb_column type=\"4_4\u2033 _builder_version=\"4.0.7\u2033][et_pb_text _builder_version=\"4.0.7\u2033]<\/p>\n<h1>Vierzehn-Zoll-Universalradabdeckungen<\/h1>\n<p>Jede Stahlfelge hat eine sch\u00f6ne Radkappe verdient. Bitte beachten Sie: Auf dieser Seite finden Sie sowohl einzelne Radkappen als auch Vierer- oder Zweier-Sets.<\/p>\n<p>[\/et_pb_text][et_pb_shop type=\"product_category\" include_categories=\"1200\u2033 _builder_version=\"4.0.7\u2033][\/et_pb_shop][et_pb_wc_related_products posts_number=\"4\u2033 columns_number=\"4\u2033 _builder_version=\"4.0.7\u2033][\/et_pb_wc_related_products][\/et_pb_column][\/et_pb_row][\/et_pb_section]<\/p>","protected":false},"excerpt":{"rendered":"<p>Sechzehn-Zoll-Universalradkappen Jede Stahlfelge verdient eine sch\u00f6ne Radkappe. Bitte beachten Sie, dass es auf dieser Seite sowohl einzelne Radkappen als auch Vierer- oder Zweier-Sets gibt.<\/p>","protected":false},"author":1,"featured_media":0,"parent":0,"menu_order":0,"comment_status":"closed","ping_status":"closed","template":"","meta":{"_et_pb_use_builder":"on","_et_pb_old_content":"<!-- wp:divi\/placeholder \/-->","_et_gb_content_width":"","footnotes":""},"class_list":["post-15673","page","type-page","status-publish","hentry"],"yoast_head":"<!-- This site is optimized with the Yoast SEO plugin v27.5 - https:\/\/yoast.com\/product\/yoast-seo-wordpress\/ -->\n<title>14 inch wieldoppen kopen per wiel of per set van vier.<\/title>\n<meta name=\"description\" content=\"Veertien inch wieldoppen kopen? Dit doe je bij Autobaak.nl. Op deze pagina zijn ze zowel per stuk (los) te koop en als complete set van vier.\" \/>\n<meta name=\"robots\" content=\"index, follow, max-snippet:-1, max-image-preview:large, max-video-preview:-1\" \/>\n<link rel=\"canonical\" href=\"https:\/\/autobaak.nl\/de\/14-zoll-radkappen-kaufen\/\" \/>\n<meta property=\"og:locale\" content=\"de_DE\" \/>\n<meta property=\"og:type\" content=\"article\" \/>\n<meta property=\"og:title\" content=\"14 inch wieldoppen kopen per wiel of per set van vier.\" \/>\n<meta property=\"og:description\" content=\"Veertien inch wieldoppen kopen? Dit doe je bij Autobaak.nl. Op deze pagina zijn ze zowel per stuk (los) te koop en als complete set van vier.\" \/>\n<meta property=\"og:url\" content=\"https:\/\/autobaak.nl\/de\/14-zoll-radkappen-kaufen\/\" \/>\n<meta property=\"og:site_name\" content=\"Autobaak.nl\" \/>\n<meta property=\"article:modified_time\" content=\"2019-11-28T16:55:23+00:00\" \/>\n<meta name=\"twitter:card\" content=\"summary_large_image\" \/>\n<script type=\"application\/ld+json\" class=\"yoast-schema-graph\">{\"@context\":\"https:\\\/\\\/schema.org\",\"@graph\":[{\"@type\":\"WebPage\",\"@id\":\"https:\\\/\\\/autobaak.nl\\\/14-inch-wieldoppen-kopen\\\/\",\"url\":\"https:\\\/\\\/autobaak.nl\\\/14-inch-wieldoppen-kopen\\\/\",\"name\":\"14 inch wieldoppen kopen per wiel of per set van vier.\",\"isPartOf\":{\"@id\":\"https:\\\/\\\/autobaak.nl\\\/#website\"},\"datePublished\":\"2019-11-28T16:53:48+00:00\",\"dateModified\":\"2019-11-28T16:55:23+00:00\",\"description\":\"Veertien inch wieldoppen kopen? Dit doe je bij Autobaak.nl. Op deze pagina zijn ze zowel per stuk (los) te koop en als complete set van vier.\",\"breadcrumb\":{\"@id\":\"https:\\\/\\\/autobaak.nl\\\/14-inch-wieldoppen-kopen\\\/#breadcrumb\"},\"inLanguage\":\"de\",\"potentialAction\":[{\"@type\":\"ReadAction\",\"target\":[\"https:\\\/\\\/autobaak.nl\\\/14-inch-wieldoppen-kopen\\\/\"]}]},{\"@type\":\"BreadcrumbList\",\"@id\":\"https:\\\/\\\/autobaak.nl\\\/14-inch-wieldoppen-kopen\\\/#breadcrumb\",\"itemListElement\":[{\"@type\":\"ListItem\",\"position\":1,\"name\":\"Home\",\"item\":\"https:\\\/\\\/autobaak.nl\\\/\"},{\"@type\":\"ListItem\",\"position\":2,\"name\":\"14 inch wieldoppen kopen\"}]},{\"@type\":\"WebSite\",\"@id\":\"https:\\\/\\\/autobaak.nl\\\/#website\",\"url\":\"https:\\\/\\\/autobaak.nl\\\/\",\"name\":\"Autobaak.nl\",\"description\":\"Cars &amp; Racing\",\"potentialAction\":[{\"@type\":\"SearchAction\",\"target\":{\"@type\":\"EntryPoint\",\"urlTemplate\":\"https:\\\/\\\/autobaak.nl\\\/?s={search_term_string}\"},\"query-input\":{\"@type\":\"PropertyValueSpecification\",\"valueRequired\":true,\"valueName\":\"search_term_string\"}}],\"inLanguage\":\"de\"}]}<\/script>\n<!-- \/ Yoast SEO plugin. -->","yoast_head_json":{"title":"Kaufen Sie 14-Zoll-Radkappen pro Rad oder pro Viererset.","description":"M\u00f6chten Sie vierzehn Zoll gro\u00dfe Radkappen kaufen? Sie k\u00f6nnen dies unter Autobaak.nl tun. Auf dieser Seite werden sie einzeln und als kompletter Satz von vier St\u00fcck zum Verkauf angeboten.","robots":{"index":"index","follow":"follow","max-snippet":"max-snippet:-1","max-image-preview":"max-image-preview:large","max-video-preview":"max-video-preview:-1"},"canonical":"https:\/\/autobaak.nl\/de\/14-zoll-radkappen-kaufen\/","og_locale":"de_DE","og_type":"article","og_title":"14 inch wieldoppen kopen per wiel of per set van vier.","og_description":"Veertien inch wieldoppen kopen? Dit doe je bij Autobaak.nl. Op deze pagina zijn ze zowel per stuk (los) te koop en als complete set van vier.","og_url":"https:\/\/autobaak.nl\/de\/14-zoll-radkappen-kaufen\/","og_site_name":"Autobaak.nl","article_modified_time":"2019-11-28T16:55:23+00:00","twitter_card":"summary_large_image","schema":{"@context":"https:\/\/schema.org","@graph":[{"@type":"WebPage","@id":"https:\/\/autobaak.nl\/14-inch-wieldoppen-kopen\/","url":"https:\/\/autobaak.nl\/14-inch-wieldoppen-kopen\/","name":"Kaufen Sie 14-Zoll-Radkappen pro Rad oder pro Viererset.","isPartOf":{"@id":"https:\/\/autobaak.nl\/#website"},"datePublished":"2019-11-28T16:53:48+00:00","dateModified":"2019-11-28T16:55:23+00:00","description":"M\u00f6chten Sie vierzehn Zoll gro\u00dfe Radkappen kaufen? Sie k\u00f6nnen dies unter Autobaak.nl tun. Auf dieser Seite werden sie einzeln und als kompletter Satz von vier St\u00fcck zum Verkauf angeboten.","breadcrumb":{"@id":"https:\/\/autobaak.nl\/14-inch-wieldoppen-kopen\/#breadcrumb"},"inLanguage":"de","potentialAction":[{"@type":"ReadAction","target":["https:\/\/autobaak.nl\/14-inch-wieldoppen-kopen\/"]}]},{"@type":"BreadcrumbList","@id":"https:\/\/autobaak.nl\/14-inch-wieldoppen-kopen\/#breadcrumb","itemListElement":[{"@type":"ListItem","position":1,"name":"Home","item":"https:\/\/autobaak.nl\/"},{"@type":"ListItem","position":2,"name":"14 inch wieldoppen kopen"}]},{"@type":"WebSite","@id":"https:\/\/autobaak.nl\/#website","url":"https:\/\/autobaak.nl\/","name":"Autobook.de","description":"Autos &amp; Rennsport","potentialAction":[{"@type":"SearchAction","target":{"@type":"EntryPoint","urlTemplate":"https:\/\/autobaak.nl\/?s={search_term_string}"},"query-input":{"@type":"PropertyValueSpecification","valueRequired":true,"valueName":"search_term_string"}}],"inLanguage":"de"}]}},"_links":{"self":[{"href":"https:\/\/autobaak.nl\/de\/wp-json\/wp\/v2\/pages\/15673","targetHints":{"allow":["GET"]}}],"collection":[{"href":"https:\/\/autobaak.nl\/de\/wp-json\/wp\/v2\/pages"}],"about":[{"href":"https:\/\/autobaak.nl\/de\/wp-json\/wp\/v2\/types\/page"}],"author":[{"embeddable":true,"href":"https:\/\/autobaak.nl\/de\/wp-json\/wp\/v2\/users\/1"}],"replies":[{"embeddable":true,"href":"https:\/\/autobaak.nl\/de\/wp-json\/wp\/v2\/comments?post=15673"}],"version-history":[{"count":0,"href":"https:\/\/autobaak.nl\/de\/wp-json\/wp\/v2\/pages\/15673\/revisions"}],"wp:attachment":[{"href":"https:\/\/autobaak.nl\/de\/wp-json\/wp\/v2\/media?parent=15673"}],"curies":[{"name":"wp","href":"https:\/\/api.w.org\/{rel}","templated":true}]}}