{"id":16324,"date":"2020-01-23T19:34:53","date_gmt":"2020-01-23T19:34:53","guid":{"rendered":"https:\/\/autobaak.nl\/?page_id=16324"},"modified":"2023-02-08T14:04:45","modified_gmt":"2023-02-08T13:04:45","slug":"dacia-home","status":"publish","type":"page","link":"https:\/\/autobaak.nl\/de\/dacia-home\/","title":{"rendered":"Dacia Startseite"},"content":{"rendered":"<p>[et_pb_section fb_built=\"1\u2033 inner_shadow=\"on\" fullwidth=\"on\" _builder_version=\"4.18.0\u2033 background_image=\"https:\/\/autobaak.nl\/wp-content\/uploads\/2022\/08\/pexels-jesse-zheng-1213295.jpg\" global_colors_info=\"{}\"][et_pb_fullwidth_header title=\"Skoda Home\" subhead=\"N\u00fctzliche Informationen \u00fcber Skoda\" text_orientation=\"centre\" _builder_version=\"4.18.0\u2033 content_font_size=\"15px\" background_color=\"rgba(255, 255, 255, 0)\" background_image=\"https:\/\/autobaak.nl\/wp-content\/uploads\/2022\/09\/skoda.jpg\" text_shadow_style=\"preset5\u2033 text_shadow_color=\"rgba(0,0,0,0.52)\" global_colors_info=\"{}\" button_one_text_size__hover_enabled=\"off\" button_one_text_size__hover=\"null\" button_two_text_size__hover_enabled=\"off\" button_two_text_size__hover=\"null\" button_one_text_color__hover_enabled=\"off\" button_one_text_color__hover=\"null\" button_two_text_color__hover_enabled=\"off\" button_two_text_color__hover=\"null\" button_one_border_width__hover_enabled=\"off\" button_one_border_width__hover=\"null\" button_two_border_width__hover_enabled=\"off\" button_two_border_width__hover=\"null\" button_one_border_color__hover_enabled=\"off\" button_one_border_color__hover=\"null\" button_two_border_color__hover_enabled=\"off\" button_two_border_color__hover=\"null\" button_one_border_radius__hover_enabled=\"off\" button_one_border_radius__hover=\"null\" button_two_border_radius__hover_enabled=\"off\" button_two_border_radius__hover=\"null\" button_one_letter_spacing__hover_enabled=\"off\" button_one_letter_spacing__hover=\"null\" button_two_letter_spacing__hover_enabled=\"off\" button_two_letter_spacing__hover=\"null\" button_one_bg_color__hover_enabled=\"off\" button_one_bg_color__hover=\"null\" button_two_bg_color__hover_enabled=\"off\" button_two_bg_color__hover=\"null\"][\/et_pb_fullwidth_header][\/et_pb_section][et_pb_section fb_built=\"1\u2033 _builder_version=\"4.16\u2033 custom_padding=\"2px|0px|3px|0px\" global_colors_info=\"{}\"][et_pb_row _builder_version=\"4.16\u2033 background_size=\"initial\" background_position=\"top_left\" background_repeat=\"repeat\" custom_padding=\"26.3594px|0px|2px|0px\" global_colors_info=\"{}\"][et_pb_column type=\"4_4\u2033 _builder_version=\"4.16\u2033 custom_padding=\"|||\" global_colors_info=\"{}\" custom_padding__hover=\"|||\"][et_pb_text _builder_version=\"4.16\u2033 global_colors_info=\"{}\"]<\/p>\n<h2>Die Geburt von Dacia<\/h2>\n<p>Das Automobilunternehmen Dacia wurde 1966 unter dem Namen Uzina de Autoturisme Pite\u0219ti (UAP) gegr\u00fcndet. Das Hauptwerk von Dacia wurde 1968 in Coliba\u0219i (heute Mioveni) in der N\u00e4he von Pite\u0219ti errichtet.<\/p>\n<p>Dacia kaufte die Technologie und das Grunddesign des Renault 12, beschloss aber, zun\u00e4chst den Renault 8 in Lizenz zu produzieren, der als Dacia 1100 bekannt wurde. 1968 bis 1972 wurden 37.546 Fahrzeuge des Modells 1100 hergestellt.  In sehr geringer St\u00fcckzahl wurde auch die 1100S mit Doppelscheinwerfern und einem st\u00e4rkeren Motor produziert, die von der Polizei und im Rennsport eingesetzt wurde.<\/p>\n<p>Im September 1999 wurde Dacia von der Renault-Gruppe gekauft, um Rum\u00e4nien zum Zentrum der Automobilentwicklung in Mittel- und Osteuropa zu machen. Das erste Ergebnis kam im Jahr 2000 mit der Einf\u00fchrung des SupeRNova, einer verbesserten Version des Nova mit Motor und Getriebe von <a href=\"https:\/\/autobaak.nl\/de\/renault-home\/\">Renault<\/a>. Die Topversion hatte eine Klimaanlage, elektrische Fensterheber und einen CD-Player. Die Verk\u00e4ufe waren sehr gut, auch wenn die \u00dcberalterung des Konzepts sp\u00fcrbar war. Im Jahr 2002 verkaufte Dacia 53.000 Fahrzeuge und erreichte damit einen Marktanteil von fast 50 Prozent in Rum\u00e4nien.<br \/>In den folgenden Jahren wurde Dacia in ganz Europa mit erfolgreichen Billigmodellen bekannt, die sich auch in den Niederlanden gut verkauften.\u00a0<\/p>\n<p>&nbsp;<\/p>\n<p>[\/et_pb_text][et_pb_text _builder_version=\"4.16\u2033 background_color=\"rgba(12,113,195,0.18)\" custom_margin=\"0px|||\" custom_padding=\"10px|20px|10px|20px\" global_colors_info=\"{}\"]<\/p>\n<h2 style=\"text-align: center;\">Dacia-Datenbank<\/h2>\n<p style=\"text-align: center;\">In den folgenden \u00dcbersichten finden Sie viele n\u00fctzliche Serviceintervalle und Tipps zu den aktuellen Dacia Modellen. Die Intervalle und Richtlinien sind nur ein Anhaltspunkt, unter Umst\u00e4nden kann eine Werkstatt eine andere Empfehlung aussprechen.<\/p>\n<p>[\/et_pb_text][et_pb_text _builder_version=\"4.19.4\u2033 hover_enabled=\"0\u2033 global_colors_info=\"{}\" sticky_enabled=\"0\u2033]<\/p>\n<h2>Wann ist ein Dacia Zahnriemen zu wechseln?<\/h2>\n<p>Der Zahnriemen oder die Kette ist f\u00fcr (fast) jeden Verbrennungsmotor unverzichtbar, denn ohne sie kann es keine Verbrennung geben. Denn der Zahnriemen sorgt daf\u00fcr, dass die Nockenwelle, die Kurbelwelle und die Ventile \u00fcber diesen Riemen oder diese Kette angetrieben werden. Viele Dacia haben einen Zahnriemen, der regelm\u00e4\u00dfig gewechselt werden muss. Im Folgenden sind die uns bekannten Intervalle f\u00fcr jedes Modell aufgef\u00fchrt:<\/p>\n<ul>\n<li><a href=\"https:\/\/autobaak.nl\/de\/wann-ist-der-zahnriemen-zu-wechseln-dacia-dokker\/\">Dacia Dokker\u00a0<\/a><\/li>\n<li><a href=\"https:\/\/autobaak.nl\/de\/wann-ist-der-zahnriemen-zu-wechseln-dacia-duster\/\">Dacia Duster<\/a><\/li>\n<li><a href=\"https:\/\/autobaak.nl\/de\/wann-ist-der-zahnriemen-zu-wechseln-dacia-lodgy\/\">Dacia Lodgy<\/a><\/li>\n<li><a href=\"https:\/\/autobaak.nl\/de\/wann-ist-der-zahnriemen-zu-wechseln-dacia-logan\/\">Dacia Logan\u00a0<\/a><\/li>\n<li><a href=\"https:\/\/autobaak.nl\/de\/wann-ist-der-zahnriemen-zu-wechseln-dacia-sandero\/\">Dacia Sandero<\/a><\/li>\n<\/ul>\n<h3>Reifendruck Dacia<\/h3>\n<p>Der Reifendruck Ihres Dacia sollte monatlich \u00fcberpr\u00fcft werden, damit Sie eine optimale Leistung genie\u00dfen k\u00f6nnen. Au\u00dferdem kann ein falscher Reifendruck zu einem hohen Kraftstoffverbrauch f\u00fchren und die Reifen k\u00f6nnen schneller oder unregelm\u00e4\u00dfig verschlei\u00dfen. Auf den folgenden Seiten finden Sie eine \u00dcbersicht der Reifendr\u00fccke f\u00fcr Ihren Dacia:<\/p>\n<ul>\n<li><a href=\"https:\/\/autobaak.nl\/de\/dacia-lodgy-reifendruck\/\">Lodgy<\/a><\/li>\n<li><a href=\"https:\/\/autobaak.nl\/de\/reifendruck-dacia-logan\/\">Logan<\/a><\/li>\n<li><a href=\"https:\/\/autobaak.nl\/de\/reifendruck-dacia-duster\/\">Staubwedel<\/a><\/li>\n<li><a href=\"https:\/\/autobaak.nl\/de\/dacia-sandero-reifendruck\/\">Sandero<\/a><\/li>\n<\/ul>\n<h3>Lampen f\u00fcr Dacia<\/h3>\n<p>Sie m\u00f6chten die Gl\u00fchbirnen in Ihrem Dacia austauschen, wissen aber nicht, welche Art von Autogl\u00fchbirne Sie ben\u00f6tigen? Zu diesem <a href=\"https:\/\/autobaak.nl\/de\/dacia-autogluhbirnen-ubersicht\/\">Dacia Autogl\u00fchbirnen<\/a> Seite haben wir eine Liste mit allen Lampen zusammengestellt.<\/p>\n<blockquote class=\"wp-embedded-content\" data-secret=\"HnAjQIQS2F\"><p><a href=\"https:\/\/autobaak.nl\/de\/dacia-autogluhbirnen-ubersicht\/\">Autolampen Dacia \u00dcbersicht<\/a><\/p><\/blockquote>\n<p><iframe loading=\"lazy\" class=\"wp-embedded-content\" sandbox=\"allow-scripts\" security=\"restricted\" style=\"position: absolute; clip: rect(1px, 1px, 1px, 1px);\" title=\"&quot;Autolampen Dacia \u00dcbersicht&quot; - Autobook alles f\u00fcr und \u00fcber Autos\" src=\"https:\/\/autobaak.nl\/autolampen-dacia-overzicht\/embed\/#?secret=eu5dieTBLd#?secret=HnAjQIQS2F\" data-secret=\"HnAjQIQS2F\" width=\"600\" height=\"338\" frameborder=\"0\" marginwidth=\"0\" marginheight=\"0\" scrolling=\"no\"><\/iframe><\/p>\n<p>&nbsp;<\/p>\n<p>&nbsp;<\/p>\n<p>[\/et_pb_text][\/et_pb_column][\/et_pb_row][\/et_pb_section][et_pb_section fb_built=\"1\u2033 _builder_version=\"4.16\u2033 custom_padding=\u201d1px|0px|52.7188px|0px\u201d global_colors_info=\u201d{}\u201d][et_pb_row column_structure=\u201d1_2,1_2\u2033 _builder_version=\u201d4.17.4\u2033 _module_preset=\"default\" global_colors_info=\"{}\"][et_pb_column type=\"1_2\u2033 _builder_version=\"4.17.4\u2033 _module_preset=\"default\" global_colors_info=\"{}\"][et_pb_text _builder_version=\"4.19.2\u2033 _module_preset=\"default\" global_colors_info=\"{}\"]<\/p>\n<h3>Welches Motor\u00f6l Dacia<\/h3>\n<p>Der rechtzeitige Wechsel des Motor\u00f6ls ist entscheidend f\u00fcr den Zustand Ihres Motors. Dar\u00fcber hinaus ist es wichtig zu wissen, welches Motor\u00f6l Sie ben\u00f6tigen. Im Serviceheft ist in der Regel immer das passende Motor\u00f6l angegeben. Sie m\u00f6chten wissen, welches Motor\u00f6l Ihr Dacia ben\u00f6tigt? Dann nutzen Sie die praktische Suchfunktion von Kroon Oil:<\/p>\n<p>&nbsp;<\/p>\n<p>[\/et_pb_text][\/et_pb_column][et_pb_column type=\"1_2\u2033 _builder_version=\"4.17.4\u2033 _module_preset=\"default\" global_colors_info=\"{}\"][et_pb_text _builder_version=\"4.18.0\u2033 _module_preset=\"default\" global_colors_info=\"{}\"]<\/p>\n<p><script type=\"text\/javascript\" src=\"\/\/kroon-oil.com\/adviesbanners\/v3\/bnr-js.php?lang=nl&amp;type=reg&amp;theme=light\"><\/script><\/p>\n<p>[\/et_pb_text][\/et_pb_column][\/et_pb_row][\/et_pb_section].<\/p>","protected":false},"excerpt":{"rendered":"<p>Die Urspr\u00fcnge von Dacia Das Automobilunternehmen Dacia wurde 1966 unter dem Namen Uzina de Autoturisme Pite\u0219ti (UAP) gegr\u00fcndet. Das Hauptwerk von Dacia wurde 1968 in Coliba\u0219i (heute Mioveni) in der N\u00e4he von Pite\u0219ti errichtet. Dacia kaufte die Technik und das Grunddesign des Renault 12, aber bevor er in Produktion ging, wurde beschlossen, [...]<\/p>","protected":false},"author":1,"featured_media":0,"parent":0,"menu_order":0,"comment_status":"closed","ping_status":"closed","template":"","meta":{"_et_pb_use_builder":"on","_et_pb_old_content":"","_et_gb_content_width":"","footnotes":""},"class_list":["post-16324","page","type-page","status-publish","hentry"],"yoast_head":"<!-- This site is optimized with the Yoast SEO plugin v27.3 - https:\/\/yoast.com\/product\/yoast-seo-wordpress\/ -->\n<title>Dacia home - Onderhoudsinformatie o.a. distributie intervallen<\/title>\n<meta name=\"description\" content=\"Dacia Home page - Informatie over het Roemeense merk Dacia en praktische onderhoudstips, zoals de distributieriem intervallen o.a Duster en Logan etc.\" \/>\n<meta name=\"robots\" content=\"index, follow, max-snippet:-1, max-image-preview:large, max-video-preview:-1\" \/>\n<link rel=\"canonical\" href=\"https:\/\/autobaak.nl\/de\/dacia-home\/\" \/>\n<meta property=\"og:locale\" content=\"de_DE\" \/>\n<meta property=\"og:type\" content=\"article\" \/>\n<meta property=\"og:title\" content=\"Dacia home - Onderhoudsinformatie o.a. distributie intervallen\" \/>\n<meta property=\"og:description\" content=\"Dacia Home page - Informatie over het Roemeense merk Dacia en praktische onderhoudstips, zoals de distributieriem intervallen o.a Duster en Logan etc.\" \/>\n<meta property=\"og:url\" content=\"https:\/\/autobaak.nl\/de\/dacia-home\/\" \/>\n<meta property=\"og:site_name\" content=\"Autobaak.nl\" \/>\n<meta property=\"article:modified_time\" content=\"2023-02-08T13:04:45+00:00\" \/>\n<meta name=\"twitter:card\" content=\"summary_large_image\" \/>\n<meta name=\"twitter:label1\" content=\"Gesch\u00e4tzte Lesezeit\" \/>\n\t<meta name=\"twitter:data1\" content=\"3\u00a0Minuten\" \/>\n<script type=\"application\/ld+json\" class=\"yoast-schema-graph\">{\"@context\":\"https:\\\/\\\/schema.org\",\"@graph\":[{\"@type\":\"WebPage\",\"@id\":\"https:\\\/\\\/autobaak.nl\\\/dacia-home\\\/\",\"url\":\"https:\\\/\\\/autobaak.nl\\\/dacia-home\\\/\",\"name\":\"Dacia home - Onderhoudsinformatie o.a. distributie intervallen\",\"isPartOf\":{\"@id\":\"https:\\\/\\\/autobaak.nl\\\/#website\"},\"datePublished\":\"2020-01-23T19:34:53+00:00\",\"dateModified\":\"2023-02-08T13:04:45+00:00\",\"description\":\"Dacia Home page - Informatie over het Roemeense merk Dacia en praktische onderhoudstips, zoals de distributieriem intervallen o.a Duster en Logan etc.\",\"breadcrumb\":{\"@id\":\"https:\\\/\\\/autobaak.nl\\\/dacia-home\\\/#breadcrumb\"},\"inLanguage\":\"de\",\"potentialAction\":[{\"@type\":\"ReadAction\",\"target\":[\"https:\\\/\\\/autobaak.nl\\\/dacia-home\\\/\"]}]},{\"@type\":\"BreadcrumbList\",\"@id\":\"https:\\\/\\\/autobaak.nl\\\/dacia-home\\\/#breadcrumb\",\"itemListElement\":[{\"@type\":\"ListItem\",\"position\":1,\"name\":\"Home\",\"item\":\"https:\\\/\\\/autobaak.nl\\\/\"},{\"@type\":\"ListItem\",\"position\":2,\"name\":\"Dacia home\"}]},{\"@type\":\"WebSite\",\"@id\":\"https:\\\/\\\/autobaak.nl\\\/#website\",\"url\":\"https:\\\/\\\/autobaak.nl\\\/\",\"name\":\"Autobaak.nl\",\"description\":\"Cars &amp; Racing\",\"potentialAction\":[{\"@type\":\"SearchAction\",\"target\":{\"@type\":\"EntryPoint\",\"urlTemplate\":\"https:\\\/\\\/autobaak.nl\\\/?s={search_term_string}\"},\"query-input\":{\"@type\":\"PropertyValueSpecification\",\"valueRequired\":true,\"valueName\":\"search_term_string\"}}],\"inLanguage\":\"de\"}]}<\/script>\n<!-- \/ Yoast SEO plugin. -->","yoast_head_json":{"title":"Dacia home - Wartungsinformationen z.B. Verteilungsintervalle","description":"Dacia Home page - Informationen \u00fcber die rum\u00e4nische Marke Dacia und praktische Wartungstipps, wie z.B. das Timing des Duster und Logan etc.","robots":{"index":"index","follow":"follow","max-snippet":"max-snippet:-1","max-image-preview":"max-image-preview:large","max-video-preview":"max-video-preview:-1"},"canonical":"https:\/\/autobaak.nl\/de\/dacia-home\/","og_locale":"de_DE","og_type":"article","og_title":"Dacia home - Onderhoudsinformatie o.a. distributie intervallen","og_description":"Dacia Home page - Informatie over het Roemeense merk Dacia en praktische onderhoudstips, zoals de distributieriem intervallen o.a Duster en Logan etc.","og_url":"https:\/\/autobaak.nl\/de\/dacia-home\/","og_site_name":"Autobaak.nl","article_modified_time":"2023-02-08T13:04:45+00:00","twitter_card":"summary_large_image","twitter_misc":{"Gesch\u00e4tzte Lesezeit":"3\u00a0Minuten"},"schema":{"@context":"https:\/\/schema.org","@graph":[{"@type":"WebPage","@id":"https:\/\/autobaak.nl\/dacia-home\/","url":"https:\/\/autobaak.nl\/dacia-home\/","name":"Dacia home - Wartungsinformationen z.B. Verteilungsintervalle","isPartOf":{"@id":"https:\/\/autobaak.nl\/#website"},"datePublished":"2020-01-23T19:34:53+00:00","dateModified":"2023-02-08T13:04:45+00:00","description":"Dacia Home page - Informationen \u00fcber die rum\u00e4nische Marke Dacia und praktische Wartungstipps, wie z.B. das Timing des Duster und Logan etc.","breadcrumb":{"@id":"https:\/\/autobaak.nl\/dacia-home\/#breadcrumb"},"inLanguage":"de","potentialAction":[{"@type":"ReadAction","target":["https:\/\/autobaak.nl\/dacia-home\/"]}]},{"@type":"BreadcrumbList","@id":"https:\/\/autobaak.nl\/dacia-home\/#breadcrumb","itemListElement":[{"@type":"ListItem","position":1,"name":"Home","item":"https:\/\/autobaak.nl\/"},{"@type":"ListItem","position":2,"name":"Dacia home"}]},{"@type":"WebSite","@id":"https:\/\/autobaak.nl\/#website","url":"https:\/\/autobaak.nl\/","name":"Autobook.de","description":"Autos &amp; Rennsport","potentialAction":[{"@type":"SearchAction","target":{"@type":"EntryPoint","urlTemplate":"https:\/\/autobaak.nl\/?s={search_term_string}"},"query-input":{"@type":"PropertyValueSpecification","valueRequired":true,"valueName":"search_term_string"}}],"inLanguage":"de"}]}},"_links":{"self":[{"href":"https:\/\/autobaak.nl\/de\/wp-json\/wp\/v2\/pages\/16324","targetHints":{"allow":["GET"]}}],"collection":[{"href":"https:\/\/autobaak.nl\/de\/wp-json\/wp\/v2\/pages"}],"about":[{"href":"https:\/\/autobaak.nl\/de\/wp-json\/wp\/v2\/types\/page"}],"author":[{"embeddable":true,"href":"https:\/\/autobaak.nl\/de\/wp-json\/wp\/v2\/users\/1"}],"replies":[{"embeddable":true,"href":"https:\/\/autobaak.nl\/de\/wp-json\/wp\/v2\/comments?post=16324"}],"version-history":[{"count":0,"href":"https:\/\/autobaak.nl\/de\/wp-json\/wp\/v2\/pages\/16324\/revisions"}],"wp:attachment":[{"href":"https:\/\/autobaak.nl\/de\/wp-json\/wp\/v2\/media?parent=16324"}],"curies":[{"name":"wp","href":"https:\/\/api.w.org\/{rel}","templated":true}]}}