{"id":16394,"date":"2020-01-27T14:28:23","date_gmt":"2020-01-27T14:28:23","guid":{"rendered":"https:\/\/autobaak.nl\/?page_id=16394"},"modified":"2023-02-08T14:09:05","modified_gmt":"2023-02-08T13:09:05","slug":"jaguar-nach-hause","status":"publish","type":"page","link":"https:\/\/autobaak.nl\/de\/jaguar-nach-hause\/","title":{"rendered":"Jaguar Startseite"},"content":{"rendered":"<p>[et_pb_section fb_built=\"1\u2033 inner_shadow=\"on\" fullwidth=\"on\" _builder_version=\"4.19.2\u2033 background_image=\"https:\/\/autobaak.nl\/wp-content\/uploads\/2022\/12\/jaguar.jpg\" global_colors_info=\"{}\"][et_pb_fullwidth_header title=\"Jaguar Home\" subhead=\"N\u00fctzliche Informationen \u00fcber Jaguar\" text_orientation=\"centre\" _builder_version=\"4.19.2\u2033 content_font_size=\"15px\" background_color=\"rgba(255, 255, 255, 0)\" text_shadow_style=\"preset5\u2033 text_shadow_color=\"rgba(0,0,0,0.52)\" global_colors_info=\"{}\" button_one_text_size__hover_enabled=\"off\" button_one_text_size__hover=\"null\" button_two_text_size__hover_enabled=\"off\" button_two_text_size__hover=\"null\" button_one_text_color__hover_enabled=\"off\" button_one_text_color__hover=\"null\" button_two_text_color__hover_enabled=\"off\" button_two_text_color__hover=\"null\" button_one_border_width__hover_enabled=\"off\" button_one_border_width__hover=\"null\" button_two_border_width__hover_enabled=\"off\" button_two_border_width__hover=\"null\" button_one_border_color__hover_enabled=\"off\" button_one_border_color__hover=\"null\" button_two_border_color__hover_enabled=\"off\" button_two_border_color__hover=\"null\" button_one_border_radius__hover_enabled=\"off\" button_one_border_radius__hover=\"null\" button_two_border_radius__hover_enabled=\"off\" button_two_border_radius__hover=\"null\" button_one_letter_spacing__hover_enabled=\"off\" button_one_letter_spacing__hover=\"null\" button_two_letter_spacing__hover_enabled=\"off\" button_two_letter_spacing__hover=\"null\" button_one_bg_color__hover_enabled=\"off\" button_one_bg_color__hover=\"null\" button_two_bg_color__hover_enabled=\"off\" button_two_bg_color__hover=\"null\"][\/et_pb_fullwidth_header][\/et_pb_section][et_pb_section fb_built=\"1\u2033 _builder_version=\"4.16\u2033 custom_padding=\"2px|0px|3px|0px\" global_colors_info=\"{}\"][et_pb_row _builder_version=\"4.16\u2033 background_size=\"initial\" background_position=\"top_left\" background_repeat=\"repeat\" custom_padding=\"26.3594px|0px|2px|0px\" global_colors_info=\"{}\"][et_pb_column type=\"4_4\u2033 _builder_version=\"4.16\u2033 custom_padding=\"|||\" global_colors_info=\"{}\" custom_padding__hover=\"|||\"][et_pb_text _builder_version=\"4.16\u2033 global_colors_info=\"{}\"]<\/p>\n<h2>Die Geburt des Jaguars<\/h2>\n<p>Die Firma Jaguar wurde 1922 als Swallow Sidecar Company gegr\u00fcndet. In den ersten Jahren wurden Motorradgespanne hergestellt, dann begann die Entwicklung von Karosserien f\u00fcr Personenwagen.<\/p>\n<p>Damals noch unter dem Namen S. S. Cars Limited firmierend, erweiterte sich das Unternehmen auf die Produktion von Autos, die in Zusammenarbeit mit der Standard Motor Co. hergestellt wurden, der Modellname war bei einigen Modellen Jaguar. Der Name des Unternehmens wurde 1945 von SS Cars in Jaguar Cars ge\u00e4ndert.<\/p>\n<p>Im Jahr 1990 kaufte Ford Jaguar Cars, und die Marke blieb bis 2008 in ihrem Besitz. Anschlie\u00dfend verkaufte Ford sowohl Jaguar als auch Land Rover an Tata Motors. Tata gr\u00fcndete Jaguar und Land Rover als Tochterunternehmen.\u00a0<\/p>\n<p>&nbsp;<\/p>\n<p>[\/et_pb_text][et_pb_text _builder_version=\"4.16\u2033 background_color=\"rgba(12,113,195,0.18)\" custom_margin=\"0px|||\" custom_padding=\"10px|20px|10px|20px\" global_colors_info=\"{}\"]<\/p>\n<h2 style=\"text-align: center;\">Datenbank Jaguar<\/h2>\n<p style=\"text-align: center;\">Die folgenden \u00dcbersichten enthalten viele n\u00fctzliche Wartungsintervalle und Tipps f\u00fcr Jaguar Modelle. Die Intervalle und Richtlinien sind nur ein Anhaltspunkt, es kann Umst\u00e4nde geben, unter denen ein Workshop eine andere Empfehlung ausspricht.<\/p>\n<p>[\/et_pb_text][et_pb_text _builder_version=\"4.19.4\u2033 hover_enabled=\"0\u2033 global_colors_info=\"{}\" sticky_enabled=\"0\u2033]<\/p>\n<h2>Wann ist ein Jaguar Zahnriemen zu wechseln?<\/h2>\n<p>Der Zahnriemen oder die Kette ist f\u00fcr (fast) jeden Verbrennungsmotor unverzichtbar, denn ohne sie kann es keine Verbrennung geben. Denn der Zahnriemen sorgt daf\u00fcr, dass die Nockenwelle, die Kurbelwelle und die Ventile durch diesen Riemen oder diese Kette angetrieben werden. Viele Jaguars haben eine Verteilerkette, einige der unten aufgef\u00fchrten Modelle haben einen Verteilerriemen, der regelm\u00e4\u00dfig ausgetauscht werden muss. Nachfolgend pro Modell die uns bekannten Intervalle:<\/p>\n<ul>\n<li><a href=\"https:\/\/autobaak.nl\/de\/wann-ist-der-zahnriemen-zu-wechseln-jaguar-s-type\/\">Jaguar S-Type<\/a><\/li>\n<li><a href=\"https:\/\/autobaak.nl\/de\/wann-muss-der-zahnriemen-gewechselt-werden-jaguar-xj\/\">Jaguar XJ<\/a><\/li>\n<li><a href=\"https:\/\/autobaak.nl\/de\/wann-der-zahnriemen-zu-wechseln-ist-jaguar-f-pace\/\">Jaguar F-Pace<\/a>\u200b<\/li>\n<\/ul>\n<h3>Jaguar Reifendruck<\/h3>\n<p>Der Reifendruck Ihres Jaguars sollte monatlich \u00fcberpr\u00fcft werden, damit Sie eine optimale Leistung genie\u00dfen k\u00f6nnen. Au\u00dferdem kann ein falscher Reifendruck zu einem hohen Kraftstoffverbrauch f\u00fchren und die Reifen k\u00f6nnen schneller oder unregelm\u00e4\u00dfig verschlei\u00dfen. Auf den folgenden Seiten finden Sie eine \u00dcbersicht der Reifendr\u00fccke f\u00fcr Ihren Jaguar:<\/p>\n<ul>\n<li><a href=\"https:\/\/autobaak.nl\/de\/reifendruck-jaguar-f-pace\/\">F-Pace<\/a><\/li>\n<li><a href=\"https:\/\/autobaak.nl\/de\/reifendruck-jaguar-f-type-cabrio\/\">F-Type Cabrio<\/a> \/ <a href=\"https:\/\/autobaak.nl\/de\/reifendruck-jaguar-f-type-coupe\/\">F-Type Coup\u00e9<\/a><\/li>\n<li><a href=\"https:\/\/autobaak.nl\/de\/reifendruck-jaguar-s-typ\/\">S-Type<\/a><\/li>\n<li><a href=\"https:\/\/autobaak.nl\/de\/reifendruck-jaguar-x-type\/\">X-Type (auch Kombi)<\/a><\/li>\n<li><a href=\"https:\/\/autobaak.nl\/de\/reifendruck-jaguar-xe\/\">XE<\/a><\/li>\n<li><a href=\"https:\/\/autobaak.nl\/de\/reifendruck-jaguar-xf\/\">XF<\/a><\/li>\n<li><a href=\"https:\/\/autobaak.nl\/de\/reifendruck-jaguar-xfr\/\">XFR<\/a><\/li>\n<li><a href=\"https:\/\/autobaak.nl\/de\/reifendruck-jaguar-xj\/\">XJ<\/a><\/li>\n<li><a href=\"https:\/\/autobaak.nl\/de\/reifendruck-jaguar-xk-auch-cabrio\/\">XK (auch Cabrio)<\/a><\/li>\n<li><a href=\"https:\/\/autobaak.nl\/de\/reifendruck-jaguar-xkr\/\">XKR<\/a><\/li>\n<li><a href=\"https:\/\/autobaak.nl\/de\/reifendruck-jaguar-xkr-s-coupe\/\">XKR-S Coup\u00e9<\/a><\/li>\n<\/ul>\n<h3>Lampen f\u00fcr Jaguar<\/h3>\n<p>Sie m\u00f6chten die Gl\u00fchbirnen in Ihrem Jaguar austauschen, wissen aber nicht, welche Art von Autogl\u00fchbirne Sie ben\u00f6tigen? Auf dieser <a href=\"https:\/\/autobaak.nl\/de\/jaguar-autogluhbirnen-ubersicht\/\">Jaguar Autolampen<\/a> Seite haben wir eine Liste mit allen Lampen zusammengestellt.<\/p>\n<blockquote class=\"wp-embedded-content\" data-secret=\"yA1gbnq8IK\"><p><a href=\"https:\/\/autobaak.nl\/de\/jaguar-autogluhbirnen-ubersicht\/\">Jaguar Autolampen \u00dcbersicht<\/a><\/p><\/blockquote>\n<p><iframe loading=\"lazy\" class=\"wp-embedded-content\" sandbox=\"allow-scripts\" security=\"restricted\" style=\"position: absolute; clip: rect(1px, 1px, 1px, 1px);\" title=\"&quot;Autolampen Jaguar \u00dcbersicht&quot; - Autobook alles f\u00fcr und \u00fcber Autos\" src=\"https:\/\/autobaak.nl\/autolampen-jaguar-overzicht\/embed\/#?secret=XOhNQf6PP5#?secret=yA1gbnq8IK\" data-secret=\"yA1gbnq8IK\" width=\"600\" height=\"338\" frameborder=\"0\" marginwidth=\"0\" marginheight=\"0\" scrolling=\"no\"><\/iframe><\/p>\n<p>&nbsp;<\/p>\n<p>[\/et_pb_text][\/et_pb_column][\/et_pb_row][\/et_pb_section][et_pb_section fb_built=\"1\u2033 _builder_version=\"4.16\u2033 custom_padding=\u201d1px|0px|52.7188px|0px\u201d global_colors_info=\u201d{}\u201d][et_pb_row column_structure=\u201d1_2,1_2\u2033 _builder_version=\u201d4.17.4\u2033 _module_preset=\"default\" global_colors_info=\"{}\"][et_pb_column type=\"1_2\u2033 _builder_version=\"4.17.4\u2033 _module_preset=\"default\" global_colors_info=\"{}\"][et_pb_text _builder_version=\"4.19.2\u2033 _module_preset=\"default\" global_colors_info=\"{}\"]<\/p>\n<h3>Welches Motor\u00f6l Jaguar<\/h3>\n<p>Der rechtzeitige Wechsel des Motor\u00f6ls ist entscheidend f\u00fcr den Zustand Ihres Motors. Dar\u00fcber hinaus ist es wichtig zu wissen, welches Motor\u00f6l Sie ben\u00f6tigen. Im Serviceheft ist in der Regel immer das passende Motor\u00f6l angegeben. Sie m\u00f6chten wissen, welches Motor\u00f6l Sie in Ihren Jaguar einf\u00fcllen sollten? Dann nutzen Sie die praktische Suchfunktion von Kroon Oil:<\/p>\n<p>[\/et_pb_text][\/et_pb_column][et_pb_column type=\"1_2\u2033 _builder_version=\"4.17.4\u2033 _module_preset=\"default\" global_colors_info=\"{}\"][et_pb_text _builder_version=\"4.18.0\u2033 _module_preset=\"default\" global_colors_info=\"{}\"]<\/p>\n<p><script type=\"text\/javascript\" src=\"\/\/kroon-oil.com\/adviesbanners\/v3\/bnr-js.php?lang=nl&amp;type=reg&amp;theme=light\"><\/script><\/p>\n<p>[\/et_pb_text][\/et_pb_column][\/et_pb_row][\/et_pb_section].<\/p>","protected":false},"excerpt":{"rendered":"<p>Die Urspr\u00fcnge von Jaguar Das Unternehmen Jaguar wurde 1922 als Swallow Sidecar Company gegr\u00fcndet und stellte in den ersten Jahren Seitenwagen her, bevor es begann, Karosserien f\u00fcr Personenwagen zu entwickeln. Damals noch unter dem Namen S. S. Cars Limited firmierend, expandierte das Unternehmen in die Produktion von [...]<\/p>","protected":false},"author":1,"featured_media":0,"parent":0,"menu_order":0,"comment_status":"closed","ping_status":"closed","template":"","meta":{"_et_pb_use_builder":"on","_et_pb_old_content":"","_et_gb_content_width":"","footnotes":""},"class_list":["post-16394","page","type-page","status-publish","hentry"],"yoast_head":"<!-- This site is optimized with the Yoast SEO plugin v27.3 - https:\/\/yoast.com\/product\/yoast-seo-wordpress\/ -->\n<title>Jaguar home - Onderhoudsinformatie o.a. distributie intervallen<\/title>\n<meta name=\"description\" content=\"Jaguar Home page - Informatie over dit van oudsher Britse merk. Praktische onderhoudstips, zoals de distributieriem intervallen o.a S-type, XJ en F-pace.\" \/>\n<meta name=\"robots\" content=\"index, follow, max-snippet:-1, max-image-preview:large, max-video-preview:-1\" \/>\n<link rel=\"canonical\" href=\"https:\/\/autobaak.nl\/de\/jaguar-nach-hause\/\" \/>\n<meta property=\"og:locale\" content=\"de_DE\" \/>\n<meta property=\"og:type\" content=\"article\" \/>\n<meta property=\"og:title\" content=\"Jaguar home - Onderhoudsinformatie o.a. distributie intervallen\" \/>\n<meta property=\"og:description\" content=\"Jaguar Home page - Informatie over dit van oudsher Britse merk. Praktische onderhoudstips, zoals de distributieriem intervallen o.a S-type, XJ en F-pace.\" \/>\n<meta property=\"og:url\" content=\"https:\/\/autobaak.nl\/de\/jaguar-nach-hause\/\" \/>\n<meta property=\"og:site_name\" content=\"Autobaak.nl\" \/>\n<meta property=\"article:modified_time\" content=\"2023-02-08T13:09:05+00:00\" \/>\n<meta name=\"twitter:card\" content=\"summary_large_image\" \/>\n<meta name=\"twitter:label1\" content=\"Gesch\u00e4tzte Lesezeit\" \/>\n\t<meta name=\"twitter:data1\" content=\"3\u00a0Minuten\" \/>\n<script type=\"application\/ld+json\" class=\"yoast-schema-graph\">{\"@context\":\"https:\\\/\\\/schema.org\",\"@graph\":[{\"@type\":\"WebPage\",\"@id\":\"https:\\\/\\\/autobaak.nl\\\/jaguar-home\\\/\",\"url\":\"https:\\\/\\\/autobaak.nl\\\/jaguar-home\\\/\",\"name\":\"Jaguar home - Onderhoudsinformatie o.a. distributie intervallen\",\"isPartOf\":{\"@id\":\"https:\\\/\\\/autobaak.nl\\\/#website\"},\"datePublished\":\"2020-01-27T14:28:23+00:00\",\"dateModified\":\"2023-02-08T13:09:05+00:00\",\"description\":\"Jaguar Home page - Informatie over dit van oudsher Britse merk. Praktische onderhoudstips, zoals de distributieriem intervallen o.a S-type, XJ en F-pace.\",\"breadcrumb\":{\"@id\":\"https:\\\/\\\/autobaak.nl\\\/jaguar-home\\\/#breadcrumb\"},\"inLanguage\":\"de\",\"potentialAction\":[{\"@type\":\"ReadAction\",\"target\":[\"https:\\\/\\\/autobaak.nl\\\/jaguar-home\\\/\"]}]},{\"@type\":\"BreadcrumbList\",\"@id\":\"https:\\\/\\\/autobaak.nl\\\/jaguar-home\\\/#breadcrumb\",\"itemListElement\":[{\"@type\":\"ListItem\",\"position\":1,\"name\":\"Home\",\"item\":\"https:\\\/\\\/autobaak.nl\\\/\"},{\"@type\":\"ListItem\",\"position\":2,\"name\":\"Jaguar home\"}]},{\"@type\":\"WebSite\",\"@id\":\"https:\\\/\\\/autobaak.nl\\\/#website\",\"url\":\"https:\\\/\\\/autobaak.nl\\\/\",\"name\":\"Autobaak.nl\",\"description\":\"Cars &amp; Racing\",\"potentialAction\":[{\"@type\":\"SearchAction\",\"target\":{\"@type\":\"EntryPoint\",\"urlTemplate\":\"https:\\\/\\\/autobaak.nl\\\/?s={search_term_string}\"},\"query-input\":{\"@type\":\"PropertyValueSpecification\",\"valueRequired\":true,\"valueName\":\"search_term_string\"}}],\"inLanguage\":\"de\"}]}<\/script>\n<!-- \/ Yoast SEO plugin. -->","yoast_head_json":{"title":"Jaguar home - Wartungsinformationen einschlie\u00dflich Verteilungsintervalle","description":"Jaguar Home page - Informationen \u00fcber diese britische Traditionsmarke. Praktische Wartungstipps, z. B. Zahnriemen f\u00fcr S-Type, XJ und F-Pace.","robots":{"index":"index","follow":"follow","max-snippet":"max-snippet:-1","max-image-preview":"max-image-preview:large","max-video-preview":"max-video-preview:-1"},"canonical":"https:\/\/autobaak.nl\/de\/jaguar-nach-hause\/","og_locale":"de_DE","og_type":"article","og_title":"Jaguar home - Onderhoudsinformatie o.a. distributie intervallen","og_description":"Jaguar Home page - Informatie over dit van oudsher Britse merk. Praktische onderhoudstips, zoals de distributieriem intervallen o.a S-type, XJ en F-pace.","og_url":"https:\/\/autobaak.nl\/de\/jaguar-nach-hause\/","og_site_name":"Autobaak.nl","article_modified_time":"2023-02-08T13:09:05+00:00","twitter_card":"summary_large_image","twitter_misc":{"Gesch\u00e4tzte Lesezeit":"3\u00a0Minuten"},"schema":{"@context":"https:\/\/schema.org","@graph":[{"@type":"WebPage","@id":"https:\/\/autobaak.nl\/jaguar-home\/","url":"https:\/\/autobaak.nl\/jaguar-home\/","name":"Jaguar home - Wartungsinformationen einschlie\u00dflich Verteilungsintervalle","isPartOf":{"@id":"https:\/\/autobaak.nl\/#website"},"datePublished":"2020-01-27T14:28:23+00:00","dateModified":"2023-02-08T13:09:05+00:00","description":"Jaguar Home page - Informationen \u00fcber diese britische Traditionsmarke. Praktische Wartungstipps, z. B. Zahnriemen f\u00fcr S-Type, XJ und F-Pace.","breadcrumb":{"@id":"https:\/\/autobaak.nl\/jaguar-home\/#breadcrumb"},"inLanguage":"de","potentialAction":[{"@type":"ReadAction","target":["https:\/\/autobaak.nl\/jaguar-home\/"]}]},{"@type":"BreadcrumbList","@id":"https:\/\/autobaak.nl\/jaguar-home\/#breadcrumb","itemListElement":[{"@type":"ListItem","position":1,"name":"Home","item":"https:\/\/autobaak.nl\/"},{"@type":"ListItem","position":2,"name":"Jaguar home"}]},{"@type":"WebSite","@id":"https:\/\/autobaak.nl\/#website","url":"https:\/\/autobaak.nl\/","name":"Autobook.de","description":"Autos &amp; Rennsport","potentialAction":[{"@type":"SearchAction","target":{"@type":"EntryPoint","urlTemplate":"https:\/\/autobaak.nl\/?s={search_term_string}"},"query-input":{"@type":"PropertyValueSpecification","valueRequired":true,"valueName":"search_term_string"}}],"inLanguage":"de"}]}},"_links":{"self":[{"href":"https:\/\/autobaak.nl\/de\/wp-json\/wp\/v2\/pages\/16394","targetHints":{"allow":["GET"]}}],"collection":[{"href":"https:\/\/autobaak.nl\/de\/wp-json\/wp\/v2\/pages"}],"about":[{"href":"https:\/\/autobaak.nl\/de\/wp-json\/wp\/v2\/types\/page"}],"author":[{"embeddable":true,"href":"https:\/\/autobaak.nl\/de\/wp-json\/wp\/v2\/users\/1"}],"replies":[{"embeddable":true,"href":"https:\/\/autobaak.nl\/de\/wp-json\/wp\/v2\/comments?post=16394"}],"version-history":[{"count":0,"href":"https:\/\/autobaak.nl\/de\/wp-json\/wp\/v2\/pages\/16394\/revisions"}],"wp:attachment":[{"href":"https:\/\/autobaak.nl\/de\/wp-json\/wp\/v2\/media?parent=16394"}],"curies":[{"name":"wp","href":"https:\/\/api.w.org\/{rel}","templated":true}]}}