{"id":16468,"date":"2020-02-06T17:23:57","date_gmt":"2020-02-06T17:23:57","guid":{"rendered":"https:\/\/autobaak.nl\/?page_id=16468"},"modified":"2023-06-12T10:11:44","modified_gmt":"2023-06-12T08:11:44","slug":"zuhause-in-vauxhall","status":"publish","type":"page","link":"https:\/\/autobaak.nl\/de\/zuhause-in-vauxhall\/","title":{"rendered":"Opel Heimat"},"content":{"rendered":"<p>[et_pb_section fb_built=\"1\u2033 inner_shadow=\"on\" fullwidth=\"on\" _builder_version=\"4.18.0\u2033 background_image=\"https:\/\/autobaak.nl\/wp-content\/uploads\/2022\/08\/pexels-jesse-zheng-1213295.jpg\" global_colors_info=\"{}\"][et_pb_fullwidth_header title=\"Skoda Home\" subhead=\"N\u00fctzliche Informationen \u00fcber Skoda\" text_orientation=\"centre\" _builder_version=\"4.18.0\u2033 content_font_size=\"15px\" background_color=\"rgba(255, 255, 255, 0)\" background_image=\"https:\/\/autobaak.nl\/wp-content\/uploads\/2022\/09\/skoda.jpg\" text_shadow_style=\"preset5\u2033 text_shadow_color=\"rgba(0,0,0,0.52)\" global_colors_info=\"{}\" button_one_text_size__hover_enabled=\"off\" button_one_text_size__hover=\"null\" button_two_text_size__hover_enabled=\"off\" button_two_text_size__hover=\"null\" button_one_text_color__hover_enabled=\"off\" button_one_text_color__hover=\"null\" button_two_text_color__hover_enabled=\"off\" button_two_text_color__hover=\"null\" button_one_border_width__hover_enabled=\"off\" button_one_border_width__hover=\"null\" button_two_border_width__hover_enabled=\"off\" button_two_border_width__hover=\"null\" button_one_border_color__hover_enabled=\"off\" button_one_border_color__hover=\"null\" button_two_border_color__hover_enabled=\"off\" button_two_border_color__hover=\"null\" button_one_border_radius__hover_enabled=\"off\" button_one_border_radius__hover=\"null\" button_two_border_radius__hover_enabled=\"off\" button_two_border_radius__hover=\"null\" button_one_letter_spacing__hover_enabled=\"off\" button_one_letter_spacing__hover=\"null\" button_two_letter_spacing__hover_enabled=\"off\" button_two_letter_spacing__hover=\"null\" button_one_bg_color__hover_enabled=\"off\" button_one_bg_color__hover=\"null\" button_two_bg_color__hover_enabled=\"off\" button_two_bg_color__hover=\"null\"][\/et_pb_fullwidth_header][\/et_pb_section][et_pb_section fb_built=\"1\u2033 _builder_version=\"4.16\u2033 custom_padding=\"2px|0px|3px|0px\" global_colors_info=\"{}\"][et_pb_row _builder_version=\"4.16\u2033 background_size=\"initial\" background_position=\"top_left\" background_repeat=\"repeat\" custom_padding=\"26.3594px|0px|2px|0px\" global_colors_info=\"{}\"][et_pb_column type=\"4_4\u2033 _builder_version=\"4.16\u2033 custom_padding=\"|||\" global_colors_info=\"{}\" custom_padding__hover=\"|||\"][et_pb_text _builder_version=\"4.16\u2033 global_colors_info=\"{}\"]<\/p>\n<h2>Die Geburt von Opel<\/h2>\n<p>Das Unternehmen wurde am 21. Januar 1862 von Adam Opel in R\u00fcsselsheim, Hessen, Deutschland, gegr\u00fcndet. Zun\u00e4chst produzierte Opel N\u00e4hmaschinen. Im Jahr 1888 wurde die Produktion von einem Kuhstall in ein gr\u00f6\u00dferes Geb\u00e4ude in R\u00fcsselsheim verlegt. Im Jahr 1886 brachte Opel ein neues Produkt auf den Markt: Er begann mit dem Verkauf von Fahrr\u00e4dern mit hohen R\u00e4dern, die auch als Hochr\u00e4der bezeichnet wurden. Die beiden S\u00f6hne von Opel nahmen am Hochradfahren teil und warben f\u00fcr dieses Verkehrsmittel. Die Produktion von hochr\u00e4drigen Fahrr\u00e4dern \u00fcbertraf bald die von N\u00e4hmaschinen. Zum Zeitpunkt von Opels Tod im Jahr 1895 war er in beiden M\u00e4rkten f\u00fchrend.<\/p>\n<p>Die ersten Autos wurden 1898 entworfen, nachdem Opels Witwe Sophie und ihre beiden \u00e4ltesten S\u00f6hne eine Partnerschaft mit Friedrich Lutzmann, einem Schlosser am Hof in Dessau in Sachsen-Anhalt, eingegangen waren, der sich schon seit einiger Zeit mit der Konstruktion von Autos besch\u00e4ftigt hatte. Der erste Opel-Patentwagen wurde Anfang 1899 in R\u00fcsselsheim gebaut, obwohl diese Autos nicht sehr erfolgreich waren (insgesamt wurden 65 Autos ausgeliefert). Daraufhin wurde die Partnerschaft nach zwei Jahren aufgel\u00f6st, woraufhin Opel 1901 einen Lizenzvertrag mit dem franz\u00f6sischen Automobilhersteller Darracq France unterzeichnete, um Fahrzeuge unter dem Markennamen Opel Darracq zu produzieren. Diese Fahrzeuge bestanden aus Opel-Karosserien auf Darracq-Fahrgestellen, die von Zweizylindermotoren angetrieben wurden.<\/p>\n<p>Im M\u00e4rz 2017 einigte sich die Groupe PSA darauf, Opel, seine britische Schwestermarke Vauxhall und deren europ\u00e4isches Autokreditgesch\u00e4ft von General Motors f\u00fcr 2,2 Milliarden US-Dollar zu kaufen. Im Gegenzug zahlt General Motors an PSA 3,2 Milliarden Dollar f\u00fcr k\u00fcnftige europ\u00e4ische Pensionsverpflichtungen und verwaltet weiterhin Pl\u00e4ne im Wert von 9,8 Milliarden Dollar f\u00fcr bestehende Rentner. Dar\u00fcber hinaus ist GM daf\u00fcr verantwortlich, 15 Jahre lang j\u00e4hrlich etwa $ 400 Mio. USD zur Finanzierung der bestehenden Pensionspl\u00e4ne in Gro\u00dfbritannien und Deutschland zu zahlen. Und inzwischen ist Opel wieder profitabel.<\/p>\n<p>&nbsp;<\/p>\n<p>[\/et_pb_text][\/et_pb_column][\/et_pb_row][et_pb_row _builder_version=\"4.16\u2033 background_size=\"initial\" background_position=\"top_left\" background_repeat=\"repeat\" custom_padding=\"26.3594px|0px|2px|0px\" global_colors_info=\"{}\"][et_pb_column type=\"4_4\u2033 _builder_version=\"4.16\u2033 custom_padding=\"|||\" global_colors_info=\"{}\" custom_padding__hover=\"|||\"][et_pb_text _builder_version=\"4.16\u2033 background_color=\"rgba(12,113,195,0.18)\" custom_margin=\"0px|||\" custom_padding=\"10px|20px|10px|20px\" global_colors_info=\"{}\"]<\/p>\n<h2 style=\"text-align: center;\">Opel-Datenbank<\/h2>\n<p style=\"text-align: center;\">Die folgenden \u00dcbersichten enthalten viele n\u00fctzliche Service-Intervalle und Tipps zu den neuesten Opel-Modellen. Die Intervalle und Richtlinien sind nur ein Anhaltspunkt, es kann Umst\u00e4nde geben, unter denen ein Workshop eine andere Empfehlung ausspricht.<\/p>\n<p>[\/et_pb_text][\/et_pb_column][\/et_pb_row][\/et_pb_section][et_pb_section fb_built=\"1\u2033 _builder_version=\"4.16\u2033 custom_padding=\"1px|0px|52.7188px|0px\" global_colors_info=\"{}\"][et_pb_row _builder_version=\"4.16\u2033 background_size=\"initial\" background_position=\"top_left\" background_repeat=\"repeat\" global_colors_info=\"{}\"][et_pb_column type=\"4_4\u2033 _builder_version=\"4.16\u2033 custom_padding=\"|||\" global_colors_info=\"{}\" custom_padding__hover=\"|||\"][et_pb_text _builder_version=\"4.19.4\u2033 global_colors_info=\"{}\"]<\/p>\n<h2>Wann ist ein Opel-Zahnriemen zu wechseln?<\/h2>\n<p>Der Zahnriemen oder die Kette ist f\u00fcr (fast) jeden Verbrennungsmotor unverzichtbar, denn ohne sie kann es keine Verbrennung geben. Denn der Zahnriemen sorgt daf\u00fcr, dass die Nockenwelle, die Kurbelwelle und die Ventile durch diesen Riemen oder diese Kette angetrieben werden. Viele Opel-Fahrzeuge haben einen Zahnriemen, der in regelm\u00e4\u00dfigen Abst\u00e4nden gewechselt werden muss. Im Folgenden sind die uns bekannten Intervalle f\u00fcr jedes Modell aufgef\u00fchrt:<\/p>\n<ul>\n<li><a href=\"https:\/\/autobaak.nl\/de\/opel-agila\/\">Opel Agila\u00a0<\/a><\/li>\n<li><a href=\"https:\/\/autobaak.nl\/de\/opel-adam\/\">Opel Adam<\/a><\/li>\n<li><a href=\"https:\/\/autobaak.nl\/de\/opel-astra\/\">Opel Astra<\/a><\/li>\n<li><a href=\"https:\/\/autobaak.nl\/de\/opel-antara\/\">Opel Antara<\/a><\/li>\n<li><a href=\"https:\/\/autobaak.nl\/de\/opel-ampera\/\">Opel Ampera<\/a><\/li>\n<\/ul>\n<h3>Opel Reifendruck<\/h3>\n<p>Der Reifendruck Ihres Vauxhall sollte monatlich \u00fcberpr\u00fcft werden, damit Sie eine optimale Leistung genie\u00dfen k\u00f6nnen. Au\u00dferdem kann ein falscher Reifendruck zu einem hohen Kraftstoffverbrauch f\u00fchren und die Reifen k\u00f6nnen schneller oder unregelm\u00e4\u00dfig verschlei\u00dfen. Auf den folgenden Seiten finden Sie eine \u00dcbersicht der Reifendr\u00fccke f\u00fcr Ihren Opel:<\/p>\n<ul>\n<li><a href=\"https:\/\/autobaak.nl\/de\/reifendruck-opel-zafira\/\">Zafira<\/a><\/li>\n<li><a href=\"https:\/\/autobaak.nl\/de\/reifendruck-vectra\/\">Vectra<\/a><\/li>\n<li><a href=\"https:\/\/autobaak.nl\/de\/reifendruck-opel-tigra\/\">Tigra<\/a><\/li>\n<li><a href=\"https:\/\/autobaak.nl\/de\/reifendruck-opel-meriva\/\">Meriva<\/a><\/li>\n<li><a href=\"https:\/\/autobaak.nl\/de\/reifendruck-opel-insignia\/\">Insignien<\/a><\/li>\n<li><a href=\"https:\/\/autobaak.nl\/de\/reifendruck-opel-gt\/\">GT<\/a><\/li>\n<li><a href=\"https:\/\/autobaak.nl\/de\/reifendruck-opel-frontera\/\">Frontera<\/a><\/li>\n<li><a href=\"https:\/\/autobaak.nl\/de\/opel-corsa-reifendruck\/\">Corsa<\/a><\/li>\n<li><a href=\"https:\/\/autobaak.nl\/de\/opel-combo-reifendruck\/\">Combo<\/a><\/li>\n<li><a href=\"https:\/\/autobaak.nl\/de\/reifendruck-opel-cascada\/\">Cascada<\/a><\/li>\n<li><a href=\"https:\/\/autobaak.nl\/de\/reifendruck-opel-ampera\/\">Ampera<\/a><\/li>\n<li><a href=\"https:\/\/autobaak.nl\/de\/reifendruck-opel-astra\/\">Astra<\/a><\/li>\n<li><a href=\"https:\/\/autobaak.nl\/de\/reifendruck-opel-astra-twin-top\/\">Astra Twin oben<\/a><\/li>\n<li><a href=\"https:\/\/autobaak.nl\/de\/reifendruck-opel-astra-sports-tourer\/\">Astra Sports Tourer<\/a><\/li>\n<li><a href=\"https:\/\/autobaak.nl\/de\/reifendruck-opel-astra-gtc\/\">Astra GTC<\/a><\/li>\n<li><a href=\"https:\/\/autobaak.nl\/de\/reifendruck-opel-agila\/\">Agila<\/a><\/li>\n<li><a href=\"https:\/\/autobaak.nl\/de\/reifendruck-opel-adam\/\">Adam<\/a><\/li>\n<\/ul>\n<h3>Opel Autolampen<\/h3>\n<p>Sie m\u00f6chten die Gl\u00fchbirnen in Ihrem Opel ersetzen, wissen aber nicht, welche Art von Gl\u00fchbirne Sie ben\u00f6tigen? Zu diesem <a href=\"https:\/\/autobaak.nl\/de\/vauxhall-lampen-im-uberblick\/\">Opel-Autogl\u00fchlampen<\/a> Seite haben wir eine Liste mit allen Lampen zusammengestellt.<\/p>\n<blockquote class=\"wp-embedded-content\" data-secret=\"ztWxr2QNyj\"><p><a href=\"https:\/\/autobaak.nl\/de\/vauxhall-lampen-im-uberblick\/\">Opel Gl\u00fchbirnen \u00dcbersicht<\/a><\/p><\/blockquote>\n<p><iframe loading=\"lazy\" class=\"wp-embedded-content\" sandbox=\"allow-scripts\" security=\"restricted\" style=\"position: absolute; clip: rect(1px, 1px, 1px, 1px);\" title=\"&quot;Opel Lampen \u00dcbersicht&quot; - Autobaak.de\" src=\"https:\/\/autobaak.nl\/opel-lampen-overzicht\/embed\/#?secret=Y39hNVTRR1#?secret=ztWxr2QNyj\" data-secret=\"ztWxr2QNyj\" width=\"600\" height=\"338\" frameborder=\"0\" marginwidth=\"0\" marginheight=\"0\" scrolling=\"no\"><\/iframe><\/p>\n<p>&nbsp;<\/p>\n<p>[\/et_pb_text][\/et_pb_column][\/et_pb_row][\/et_pb_section][et_pb_section fb_built=\"1\u2033 _builder_version=\"4.16\u2033 custom_padding=\u201d1px|0px|52.7188px|0px\u201d global_colors_info=\u201d{}\u201d][et_pb_row column_structure=\u201d1_2,1_2\u2033 _builder_version=\u201d4.17.4\u2033 _module_preset=\"default\" global_colors_info=\"{}\"][et_pb_column type=\"1_2\u2033 _builder_version=\"4.17.4\u2033 _module_preset=\"default\" global_colors_info=\"{}\"][et_pb_text _builder_version=\"4.21.0\u2033 _module_preset=\"default\" hover_enabled=\"0\u2033 global_colors_info=\"{}\" sticky_enabled=\"0\u2033]<\/p>\n<h3>Welches Motor\u00f6l Opel<\/h3>\n<p>Der rechtzeitige Wechsel des Motor\u00f6ls ist entscheidend f\u00fcr den Zustand Ihres Motors. Dar\u00fcber hinaus ist es wichtig zu wissen, welches Motor\u00f6l Sie ben\u00f6tigen. Im Serviceheft ist in der Regel immer das passende Motor\u00f6l aufgef\u00fchrt. M\u00f6chten Sie wissen, welches Motor\u00f6l Ihr Peugeot ben\u00f6tigt? Dann klicken Sie hier auf Ihr Modell, um eine \u00dcbersicht zu erhalten:<\/p>\n<p>[\/et_pb_text][\/et_pb_column][et_pb_column type=\"1_2\u2033 _builder_version=\"4.17.4\u2033 _module_preset=\"default\" global_colors_info=\"{}\"][et_pb_text _builder_version=\"4.21.0\u2033 _module_preset=\"default\" hover_enabled=\"0\u2033 global_colors_info=\"{}\" sticky_enabled=\"0\u2033]<\/p>\n<ul>\n<li><a href=\"https:\/\/autobaak.nl\/de\/welches-motorol-opel-zafira-a-t98\/\">Motor\u00f6l Opel Zafira A (T98)\u00a0<\/a><\/li>\n<li><a class=\"row-title\" href=\"https:\/\/autobaak.nl\/de\/welches-motorol-opel-zafira-b-a05\/\" aria-label=\"&quot;Welches Motor\u00f6l Opel Zafira B (A05)&quot; (Bearbeiten)\">Motor\u00f6l Opel Zafira B (A05)<\/a><\/li>\n<li><a class=\"row-title\" href=\"https:\/\/autobaak.nl\/de\/welches-motorol-opel-vectra-c\/\" aria-label=\"&quot;Welches Motor\u00f6l Opel Vectra C&quot; (Bearbeiten)\">Opel Vectra C Motor\u00f6l<\/a><\/li>\n<li><a class=\"row-title\" href=\"https:\/\/autobaak.nl\/de\/welches-motorol-opel-tigra\/\" aria-label=\"&quot;Welches Motor\u00f6l Opel Tigra&quot; (Bearbeiten)\">Motor\u00f6l Opel Tigra<\/a><\/li>\n<li><a class=\"row-title\" href=\"https:\/\/autobaak.nl\/de\/welches-motorol-opel-insignia\/\" aria-label=\"&quot;Welches Motor\u00f6l Opel Insignia&quot; (Bearbeiten)\">Motor\u00f6l Opel Insignia<\/a><\/li>\n<li><a class=\"row-title\" href=\"https:\/\/autobaak.nl\/de\/welches-motorol-opel-insignia-b-z18\/\" aria-label=\"&quot;Welches Motor\u00f6l Opel Insignia B (Z18)&quot; (edit)\">Motor\u00f6l Opel Insignia B (Z18)<\/a><\/li>\n<li><a class=\"row-title\" href=\"https:\/\/autobaak.nl\/de\/welches-motorol-opel-corsa-c-x01\/\" aria-label=\"&quot;Welches Motor\u00f6l Opel Corsa C X01&quot; (Bearbeiten)\">Motor\u00f6l Opel Corsa C X01<\/a><\/li>\n<li><a class=\"row-title\" href=\"https:\/\/autobaak.nl\/de\/welches-motorol-opel-corsa-d-s07\/\" aria-label=\"&quot;Welches Motor\u00f6l Opel Corsa D S07&quot; (Bearbeiten)\">Motor\u00f6l Opel Corsa D S07<\/a><\/li>\n<li><a class=\"row-title\" href=\"https:\/\/autobaak.nl\/de\/welches-motorol-opel-corsa-e-x15\/\" aria-label=\"&quot;Welches Motor\u00f6l Opel Corsa E X15&quot; (Bearbeiten)\">Motor\u00f6l Opel Corsa E X15<\/a><\/li>\n<li><a class=\"row-title\" href=\"https:\/\/autobaak.nl\/de\/welches-motorol-opel-corsa-f\/\" aria-label=\"&quot;Welches Motor\u00f6l Opel Corsa F&quot; (bearbeiten)\">Motor\u00f6l Opel Corsa F<\/a><\/li>\n<li><a class=\"row-title\" href=\"https:\/\/autobaak.nl\/de\/welches-motorol-opel-astra-h-twintop-a04\/\" aria-label=\"&quot;Welches Motor\u00f6l Opel Astra H Twintop A04&quot; (edit)\">Motor\u00f6l Opel Astra H Twintop A04<\/a><\/li>\n<li><a class=\"row-title\" href=\"https:\/\/autobaak.nl\/de\/welches-motorol-opel-astra-h-a04\/\" aria-label=\"&quot;Welches Motor\u00f6l Opel Astra H A04&quot; (Bearbeiten)\">Opel Astra H A04 Motor\u00f6l<\/a><\/li>\n<li><a class=\"row-title\" href=\"https:\/\/autobaak.nl\/de\/welches-motorol-opel-agila-a-h00\/\" aria-label=\"&quot;Welches Motor\u00f6l Opel Agila A H00&quot; (Bearbeiten)\">Motor\u00f6l Opel Agila A H00<\/a><\/li>\n<li><a class=\"row-title\" href=\"https:\/\/autobaak.nl\/de\/welches-motorol-opel-agila-b-h08\/\" aria-label=\"&quot;Welches Motor\u00f6l Opel Agila B H08&quot; (Bearbeiten)\">Motor\u00f6l Opel Agila B H08<\/a><\/li>\n<li><a class=\"row-title\" href=\"https:\/\/autobaak.nl\/de\/welches-motorol-opel-adam\/\" aria-label=\"&quot;Welches Motor\u00f6l Opel Adam&quot; (Bearbeiten)\">Motor\u00f6l Opel Adam<\/a><\/li>\n<\/ul>\n<p>[\/et_pb_text][\/et_pb_column][\/et_pb_row][\/et_pb_section].<\/p>","protected":false},"excerpt":{"rendered":"<p>Die Urspr\u00fcnge von Opel Das Unternehmen wurde am 21. Januar 1862 von Adam Opel in R\u00fcsselsheim, Hessen, Deutschland, gegr\u00fcndet. Zun\u00e4chst stellte Opel N\u00e4hmaschinen her. Im Jahr 1888 wurde die Produktion aus einem Kuhstall in ein gr\u00f6\u00dferes Geb\u00e4ude in R\u00fcsselsheim verlegt. Im Jahr 1886 brachte Opel ein neues Produkt auf den Markt: den Verkauf von Fahrr\u00e4dern mit hohen R\u00e4dern, [...]<\/p>","protected":false},"author":1,"featured_media":0,"parent":0,"menu_order":0,"comment_status":"closed","ping_status":"closed","template":"","meta":{"_et_pb_use_builder":"on","_et_pb_old_content":"","_et_gb_content_width":"","footnotes":""},"class_list":["post-16468","page","type-page","status-publish","hentry"],"yoast_head":"<!-- This site is optimized with the Yoast SEO plugin v27.5 - https:\/\/yoast.com\/product\/yoast-seo-wordpress\/ -->\n<title>Opel home - Onderhoudsinformatie o.a. distributie intervallen<\/title>\n<meta name=\"description\" content=\"Opel het Duitse merk wat inmiddels onderdeel is van PSA - op deze pagina onderhoudsinformatie zoals de distributieriem intervallen\" \/>\n<meta name=\"robots\" content=\"index, follow, max-snippet:-1, max-image-preview:large, max-video-preview:-1\" \/>\n<link rel=\"canonical\" href=\"https:\/\/autobaak.nl\/de\/zuhause-in-vauxhall\/\" \/>\n<meta property=\"og:locale\" content=\"de_DE\" \/>\n<meta property=\"og:type\" content=\"article\" \/>\n<meta property=\"og:title\" content=\"Opel home - Onderhoudsinformatie o.a. distributie intervallen\" \/>\n<meta property=\"og:description\" content=\"Opel het Duitse merk wat inmiddels onderdeel is van PSA - op deze pagina onderhoudsinformatie zoals de distributieriem intervallen\" \/>\n<meta property=\"og:url\" content=\"https:\/\/autobaak.nl\/de\/zuhause-in-vauxhall\/\" \/>\n<meta property=\"og:site_name\" content=\"Autobaak.nl\" \/>\n<meta property=\"article:modified_time\" content=\"2023-06-12T08:11:44+00:00\" \/>\n<meta name=\"twitter:card\" content=\"summary_large_image\" \/>\n<meta name=\"twitter:label1\" content=\"Gesch\u00e4tzte Lesezeit\" \/>\n\t<meta name=\"twitter:data1\" content=\"4\u00a0Minuten\" \/>\n<script type=\"application\/ld+json\" class=\"yoast-schema-graph\">{\"@context\":\"https:\\\/\\\/schema.org\",\"@graph\":[{\"@type\":\"WebPage\",\"@id\":\"https:\\\/\\\/autobaak.nl\\\/opel-home\\\/\",\"url\":\"https:\\\/\\\/autobaak.nl\\\/opel-home\\\/\",\"name\":\"Opel home - Onderhoudsinformatie o.a. distributie intervallen\",\"isPartOf\":{\"@id\":\"https:\\\/\\\/autobaak.nl\\\/#website\"},\"datePublished\":\"2020-02-06T17:23:57+00:00\",\"dateModified\":\"2023-06-12T08:11:44+00:00\",\"description\":\"Opel het Duitse merk wat inmiddels onderdeel is van PSA - op deze pagina onderhoudsinformatie zoals de distributieriem intervallen\",\"breadcrumb\":{\"@id\":\"https:\\\/\\\/autobaak.nl\\\/opel-home\\\/#breadcrumb\"},\"inLanguage\":\"de\",\"potentialAction\":[{\"@type\":\"ReadAction\",\"target\":[\"https:\\\/\\\/autobaak.nl\\\/opel-home\\\/\"]}]},{\"@type\":\"BreadcrumbList\",\"@id\":\"https:\\\/\\\/autobaak.nl\\\/opel-home\\\/#breadcrumb\",\"itemListElement\":[{\"@type\":\"ListItem\",\"position\":1,\"name\":\"Home\",\"item\":\"https:\\\/\\\/autobaak.nl\\\/\"},{\"@type\":\"ListItem\",\"position\":2,\"name\":\"Opel home\"}]},{\"@type\":\"WebSite\",\"@id\":\"https:\\\/\\\/autobaak.nl\\\/#website\",\"url\":\"https:\\\/\\\/autobaak.nl\\\/\",\"name\":\"Autobaak.nl\",\"description\":\"Cars &amp; Racing\",\"potentialAction\":[{\"@type\":\"SearchAction\",\"target\":{\"@type\":\"EntryPoint\",\"urlTemplate\":\"https:\\\/\\\/autobaak.nl\\\/?s={search_term_string}\"},\"query-input\":{\"@type\":\"PropertyValueSpecification\",\"valueRequired\":true,\"valueName\":\"search_term_string\"}}],\"inLanguage\":\"de\"}]}<\/script>\n<!-- \/ Yoast SEO plugin. -->","yoast_head_json":{"title":"Opel home - Wartungsinformationen wie z.B. Auslieferungsintervalle","description":"Opel die deutsche Marke, die jetzt zu PSA geh\u00f6rt - auf dieser Seite finden Sie Wartungsinformationen wie z.B. die Zahnriemenintervalle","robots":{"index":"index","follow":"follow","max-snippet":"max-snippet:-1","max-image-preview":"max-image-preview:large","max-video-preview":"max-video-preview:-1"},"canonical":"https:\/\/autobaak.nl\/de\/zuhause-in-vauxhall\/","og_locale":"de_DE","og_type":"article","og_title":"Opel home - Onderhoudsinformatie o.a. distributie intervallen","og_description":"Opel het Duitse merk wat inmiddels onderdeel is van PSA - op deze pagina onderhoudsinformatie zoals de distributieriem intervallen","og_url":"https:\/\/autobaak.nl\/de\/zuhause-in-vauxhall\/","og_site_name":"Autobaak.nl","article_modified_time":"2023-06-12T08:11:44+00:00","twitter_card":"summary_large_image","twitter_misc":{"Gesch\u00e4tzte Lesezeit":"4\u00a0Minuten"},"schema":{"@context":"https:\/\/schema.org","@graph":[{"@type":"WebPage","@id":"https:\/\/autobaak.nl\/opel-home\/","url":"https:\/\/autobaak.nl\/opel-home\/","name":"Opel home - Wartungsinformationen wie z.B. Auslieferungsintervalle","isPartOf":{"@id":"https:\/\/autobaak.nl\/#website"},"datePublished":"2020-02-06T17:23:57+00:00","dateModified":"2023-06-12T08:11:44+00:00","description":"Opel die deutsche Marke, die jetzt zu PSA geh\u00f6rt - auf dieser Seite finden Sie Wartungsinformationen wie z.B. die Zahnriemenintervalle","breadcrumb":{"@id":"https:\/\/autobaak.nl\/opel-home\/#breadcrumb"},"inLanguage":"de","potentialAction":[{"@type":"ReadAction","target":["https:\/\/autobaak.nl\/opel-home\/"]}]},{"@type":"BreadcrumbList","@id":"https:\/\/autobaak.nl\/opel-home\/#breadcrumb","itemListElement":[{"@type":"ListItem","position":1,"name":"Home","item":"https:\/\/autobaak.nl\/"},{"@type":"ListItem","position":2,"name":"Opel home"}]},{"@type":"WebSite","@id":"https:\/\/autobaak.nl\/#website","url":"https:\/\/autobaak.nl\/","name":"Autobook.de","description":"Autos &amp; Rennsport","potentialAction":[{"@type":"SearchAction","target":{"@type":"EntryPoint","urlTemplate":"https:\/\/autobaak.nl\/?s={search_term_string}"},"query-input":{"@type":"PropertyValueSpecification","valueRequired":true,"valueName":"search_term_string"}}],"inLanguage":"de"}]}},"_links":{"self":[{"href":"https:\/\/autobaak.nl\/de\/wp-json\/wp\/v2\/pages\/16468","targetHints":{"allow":["GET"]}}],"collection":[{"href":"https:\/\/autobaak.nl\/de\/wp-json\/wp\/v2\/pages"}],"about":[{"href":"https:\/\/autobaak.nl\/de\/wp-json\/wp\/v2\/types\/page"}],"author":[{"embeddable":true,"href":"https:\/\/autobaak.nl\/de\/wp-json\/wp\/v2\/users\/1"}],"replies":[{"embeddable":true,"href":"https:\/\/autobaak.nl\/de\/wp-json\/wp\/v2\/comments?post=16468"}],"version-history":[{"count":1,"href":"https:\/\/autobaak.nl\/de\/wp-json\/wp\/v2\/pages\/16468\/revisions"}],"predecessor-version":[{"id":155928,"href":"https:\/\/autobaak.nl\/de\/wp-json\/wp\/v2\/pages\/16468\/revisions\/155928"}],"wp:attachment":[{"href":"https:\/\/autobaak.nl\/de\/wp-json\/wp\/v2\/media?parent=16468"}],"curies":[{"name":"wp","href":"https:\/\/api.w.org\/{rel}","templated":true}]}}