{"id":1884,"date":"2019-07-17T10:51:52","date_gmt":"2019-07-17T10:51:52","guid":{"rendered":"https:\/\/autobaak.nl\/?page_id=1884"},"modified":"2019-07-17T10:51:52","modified_gmt":"2019-07-17T10:51:52","slug":"reifendruck-bmw","status":"publish","type":"page","link":"https:\/\/autobaak.nl\/de\/reifendruck-bmw\/","title":{"rendered":"Reifendruck BMW"},"content":{"rendered":"<p>Der Reifendruck Ihres BMW sollte monatlich \u00fcberpr\u00fcft werden, damit Sie eine optimale Leistung genie\u00dfen k\u00f6nnen. Au\u00dferdem kann ein falscher Reifendruck zu einem hohen Kraftstoffverbrauch f\u00fchren und die Reifen k\u00f6nnen schneller oder unregelm\u00e4\u00dfig verschlei\u00dfen.\u00a0<\/p>\r\n<h2>BMW Reifendruck-\u00dcbersicht\u00a0<\/h2>\r\n<p>In der nachstehenden Tabelle sind alle uns bekannten Reifendr\u00fccke aufgef\u00fchrt, sortiert nach Modell und Reifengr\u00f6\u00dfe. Die Modellreihe beginnt mit der BMW 1er Reihe, gefolgt von der BMW 2er, 3er, 5er Reihe usw. Bei einigen Modellen sind die Vorderreifen schmaler als die Hinterreifen. Wenn hinter den Vorder- oder Hinterreifen keine Werte stehen, sind sie in dieser Position nicht montiert. Sie k\u00f6nnten zum Beispiel vorne 225\/45\/17 und hinten 245\/45\/17 Reifen haben. Dies gilt insbesondere f\u00fcr die schwereren Motoren, wie die Sechs- und Achtzylindermodelle.<\/p>\r\n<p>In dieser Tabelle sind die werkseitigen Reifen- und Felgengr\u00f6\u00dfen aufgef\u00fchrt. Wenn Sie Aftermarket-Felgen haben, sollten Sie den richtigen Reifendruck bei Ihrem Lieferanten erfragen.\u00a0\u00a0<\/p>\r\n<p>&nbsp;<\/p>\r\n<h2>BMW Reifendrucktabelle<\/h2>\r\n<p>&nbsp;<\/p>\r\n<div id=\"footable_parent_1548\"\n         class=\"footable_parent ninja_table_wrapper loading_ninja_table wp_table_data_press_parent semantic_ui\">\n                <table data-ninja_table_instance=\"ninja_table_instance_0\" data-footable_id=\"1548\" data-filter-delay=\"1000\" aria-label=\"Reifendruck BMW\"            id=\"footable_1548\"\n           data-unique_identifier=\"ninja_table_unique_id_1806693322_1548\"\n           class=\"foo-table ninja_footable foo_table_1548 ninja_table_unique_id_1806693322_1548 ui table  nt_type_ajax_table selectable striped vertical_centered  footable-paging-right\">\n                <colgroup>\n                            <col class=\"ninja_column_0\">\n                            <col class=\"ninja_column_1\">\n                            <col class=\"ninja_column_2\">\n                            <col class=\"ninja_column_3\">\n                            <col class=\"ninja_column_4\">\n                            <col class=\"ninja_column_5\">\n                    <\/colgroup>\n            <\/table>\n    \n    \n    \n<\/div>","protected":false},"excerpt":{"rendered":"<p>Der Reifendruck Ihres BMW sollte monatlich \u00fcberpr\u00fcft werden, damit Sie eine optimale Leistung genie\u00dfen k\u00f6nnen. Au\u00dferdem kann ein falscher Reifendruck zu einem hohen Kraftstoffverbrauch f\u00fchren und die Reifen k\u00f6nnen schneller oder ungleichm\u00e4\u00dfig verschlei\u00dfen. BMW Reifendruck\u00fcbersicht In der folgenden Tabelle sind alle uns bekannten Reifendr\u00fccke nach Modell und Reifengr\u00f6\u00dfe sortiert. Modellreihe<\/p>","protected":false},"author":1,"featured_media":0,"parent":0,"menu_order":0,"comment_status":"closed","ping_status":"closed","template":"","meta":{"_et_pb_use_builder":"","_et_pb_old_content":"","_et_gb_content_width":"","footnotes":""},"class_list":["post-1884","page","type-page","status-publish","hentry"],"yoast_head":"<!-- This site is optimized with the Yoast SEO plugin v27.3 - https:\/\/yoast.com\/product\/yoast-seo-wordpress\/ -->\n<title>Bandenspanning BMW opzoeken? Bekijk deze pagina - compleet overzicht<\/title>\n<meta name=\"description\" content=\"Zoek de juiste bandenspanning voor jouw BMW. Alle type, zaols de 1-serie, 2-serie, 3-serie, 5 serie, X1, X3, X5 etc. Compleet overzicht van alle maten\" \/>\n<meta name=\"robots\" content=\"index, follow, max-snippet:-1, max-image-preview:large, max-video-preview:-1\" \/>\n<link rel=\"canonical\" href=\"https:\/\/autobaak.nl\/de\/reifendruck-bmw\/\" \/>\n<meta property=\"og:locale\" content=\"de_DE\" \/>\n<meta property=\"og:type\" content=\"article\" \/>\n<meta property=\"og:title\" content=\"Bandenspanning BMW opzoeken? Bekijk deze pagina - compleet overzicht\" \/>\n<meta property=\"og:description\" content=\"Zoek de juiste bandenspanning voor jouw BMW. Alle type, zaols de 1-serie, 2-serie, 3-serie, 5 serie, X1, X3, X5 etc. Compleet overzicht van alle maten\" \/>\n<meta property=\"og:url\" content=\"https:\/\/autobaak.nl\/de\/reifendruck-bmw\/\" \/>\n<meta property=\"og:site_name\" content=\"Autobaak.nl\" \/>\n<meta name=\"twitter:card\" content=\"summary_large_image\" \/>\n<meta name=\"twitter:label1\" content=\"Gesch\u00e4tzte Lesezeit\" \/>\n\t<meta name=\"twitter:data1\" content=\"1\u00a0Minute\" \/>\n<script type=\"application\/ld+json\" class=\"yoast-schema-graph\">{\"@context\":\"https:\\\/\\\/schema.org\",\"@graph\":[{\"@type\":\"WebPage\",\"@id\":\"https:\\\/\\\/autobaak.nl\\\/bandenspanning-bmw\\\/\",\"url\":\"https:\\\/\\\/autobaak.nl\\\/bandenspanning-bmw\\\/\",\"name\":\"Bandenspanning BMW opzoeken? Bekijk deze pagina - compleet overzicht\",\"isPartOf\":{\"@id\":\"https:\\\/\\\/autobaak.nl\\\/#website\"},\"datePublished\":\"2019-07-17T10:51:52+00:00\",\"description\":\"Zoek de juiste bandenspanning voor jouw BMW. Alle type, zaols de 1-serie, 2-serie, 3-serie, 5 serie, X1, X3, X5 etc. Compleet overzicht van alle maten\",\"breadcrumb\":{\"@id\":\"https:\\\/\\\/autobaak.nl\\\/bandenspanning-bmw\\\/#breadcrumb\"},\"inLanguage\":\"de\",\"potentialAction\":[{\"@type\":\"ReadAction\",\"target\":[\"https:\\\/\\\/autobaak.nl\\\/bandenspanning-bmw\\\/\"]}]},{\"@type\":\"BreadcrumbList\",\"@id\":\"https:\\\/\\\/autobaak.nl\\\/bandenspanning-bmw\\\/#breadcrumb\",\"itemListElement\":[{\"@type\":\"ListItem\",\"position\":1,\"name\":\"Home\",\"item\":\"https:\\\/\\\/autobaak.nl\\\/\"},{\"@type\":\"ListItem\",\"position\":2,\"name\":\"Bandenspanning BMW\"}]},{\"@type\":\"WebSite\",\"@id\":\"https:\\\/\\\/autobaak.nl\\\/#website\",\"url\":\"https:\\\/\\\/autobaak.nl\\\/\",\"name\":\"Autobaak.nl\",\"description\":\"Cars &amp; Racing\",\"potentialAction\":[{\"@type\":\"SearchAction\",\"target\":{\"@type\":\"EntryPoint\",\"urlTemplate\":\"https:\\\/\\\/autobaak.nl\\\/?s={search_term_string}\"},\"query-input\":{\"@type\":\"PropertyValueSpecification\",\"valueRequired\":true,\"valueName\":\"search_term_string\"}}],\"inLanguage\":\"de\"}]}<\/script>\n<!-- \/ Yoast SEO plugin. -->","yoast_head_json":{"title":"Sie suchen den BMW Reifendruck? Pr\u00fcfen Sie diese Seite - vollst\u00e4ndiger \u00dcberblick","description":"Finden Sie den richtigen Reifendruck f\u00fcr Ihren BMW. Alle Typen, wie z.B. 1er, 2er, 3er, 5er, X1, X3, X5 usw. Vollst\u00e4ndige \u00dcbersicht \u00fcber alle Gr\u00f6\u00dfen","robots":{"index":"index","follow":"follow","max-snippet":"max-snippet:-1","max-image-preview":"max-image-preview:large","max-video-preview":"max-video-preview:-1"},"canonical":"https:\/\/autobaak.nl\/de\/reifendruck-bmw\/","og_locale":"de_DE","og_type":"article","og_title":"Bandenspanning BMW opzoeken? Bekijk deze pagina - compleet overzicht","og_description":"Zoek de juiste bandenspanning voor jouw BMW. Alle type, zaols de 1-serie, 2-serie, 3-serie, 5 serie, X1, X3, X5 etc. Compleet overzicht van alle maten","og_url":"https:\/\/autobaak.nl\/de\/reifendruck-bmw\/","og_site_name":"Autobaak.nl","twitter_card":"summary_large_image","twitter_misc":{"Gesch\u00e4tzte Lesezeit":"1\u00a0Minute"},"schema":{"@context":"https:\/\/schema.org","@graph":[{"@type":"WebPage","@id":"https:\/\/autobaak.nl\/bandenspanning-bmw\/","url":"https:\/\/autobaak.nl\/bandenspanning-bmw\/","name":"Sie suchen den BMW Reifendruck? Pr\u00fcfen Sie diese Seite - vollst\u00e4ndiger \u00dcberblick","isPartOf":{"@id":"https:\/\/autobaak.nl\/#website"},"datePublished":"2019-07-17T10:51:52+00:00","description":"Finden Sie den richtigen Reifendruck f\u00fcr Ihren BMW. Alle Typen, wie z.B. 1er, 2er, 3er, 5er, X1, X3, X5 usw. Vollst\u00e4ndige \u00dcbersicht \u00fcber alle Gr\u00f6\u00dfen","breadcrumb":{"@id":"https:\/\/autobaak.nl\/bandenspanning-bmw\/#breadcrumb"},"inLanguage":"de","potentialAction":[{"@type":"ReadAction","target":["https:\/\/autobaak.nl\/bandenspanning-bmw\/"]}]},{"@type":"BreadcrumbList","@id":"https:\/\/autobaak.nl\/bandenspanning-bmw\/#breadcrumb","itemListElement":[{"@type":"ListItem","position":1,"name":"Home","item":"https:\/\/autobaak.nl\/"},{"@type":"ListItem","position":2,"name":"Bandenspanning BMW"}]},{"@type":"WebSite","@id":"https:\/\/autobaak.nl\/#website","url":"https:\/\/autobaak.nl\/","name":"Autobook.de","description":"Autos &amp; Rennsport","potentialAction":[{"@type":"SearchAction","target":{"@type":"EntryPoint","urlTemplate":"https:\/\/autobaak.nl\/?s={search_term_string}"},"query-input":{"@type":"PropertyValueSpecification","valueRequired":true,"valueName":"search_term_string"}}],"inLanguage":"de"}]}},"_links":{"self":[{"href":"https:\/\/autobaak.nl\/de\/wp-json\/wp\/v2\/pages\/1884","targetHints":{"allow":["GET"]}}],"collection":[{"href":"https:\/\/autobaak.nl\/de\/wp-json\/wp\/v2\/pages"}],"about":[{"href":"https:\/\/autobaak.nl\/de\/wp-json\/wp\/v2\/types\/page"}],"author":[{"embeddable":true,"href":"https:\/\/autobaak.nl\/de\/wp-json\/wp\/v2\/users\/1"}],"replies":[{"embeddable":true,"href":"https:\/\/autobaak.nl\/de\/wp-json\/wp\/v2\/comments?post=1884"}],"version-history":[{"count":0,"href":"https:\/\/autobaak.nl\/de\/wp-json\/wp\/v2\/pages\/1884\/revisions"}],"wp:attachment":[{"href":"https:\/\/autobaak.nl\/de\/wp-json\/wp\/v2\/media?parent=1884"}],"curies":[{"name":"wp","href":"https:\/\/api.w.org\/{rel}","templated":true}]}}