{"id":215,"date":"2017-06-21T13:23:29","date_gmt":"2017-06-21T13:23:29","guid":{"rendered":"https:\/\/autobaak.nl\/?page_id=215"},"modified":"2021-12-15T16:45:56","modified_gmt":"2021-12-15T16:45:56","slug":"fiat-stilo","status":"publish","type":"page","link":"https:\/\/autobaak.nl\/de\/fiat-stilo\/","title":{"rendered":"Fiat Stilo"},"content":{"rendered":"<p>[et_pb_section fb_built=\"1\u2033 custom_padding_last_edited=\"on|desktop\" _builder_version=\"3.22\u2033 background_color=\"#0c71c3\u2033 custom_padding_tablet=\"50px|0|50px|0\u2033 custom_padding_phone=\"\" transparent_background=\"off\" padding_mobile=\"off\" make_fullwidth=\"off\" use_custom_width=\"off\" width_unit=\"on\" global_colors_info=\"{}\"][et_pb_row _builder_version=\"3.25\u2033 background_size=\"initial\" background_position=\"top_left\" background_repeat=\"repeat\" global_colors_info=\"{}\"][et_pb_column type=\"4_4\u2033 _builder_version=\"3.25\u2033 custom_padding=\"|||\" global_colors_info=\"{}\" custom_padding__hover=\"|||\"][et_pb_text _builder_version=\"3.27.4\u2033 background_size=\"initial\" background_position=\"top_left\" background_repeat=\"repeat\" text_orientation=\"centre\" background_layout=\"dark\" module_alignment=\"centre\" use_border_color=\"off\" border_color=\"#ffffff\" border_style=\"solid\" global_colors_info=\"{}\"][et_pb_text _builder_version=\"3.27.<\/p>\n<h1 style=\"text-align: center;\">Wann muss der Fiat Stilo Zahnriemen gewechselt werden?<\/h1>\n<p>[\/et_pb_text][\/et_pb_column][\/et_pb_row][\/et_pb_section][et_pb_section fb_built=\"1\u2033 _builder_version=\"4.0.7\u2033 inner_width_tablet=\"50px\" inner_max_width_tablet=\"50px\" custom_margin=\"||-40px|\" custom_padding=\"2px|||0px|||false|false\" z_index_tablet=\"500\u2033 box_shadow_horizontal_tablet=\"0px\" box_shadow_vertical_tablet=\"0px\" box_shadow_blur_tablet=\"40px\" box_shadow_spread_tablet=\"0px\" global_module=\"1614\u2033 global_colors_info=\"{}\"][et_pb_row _builder_version=\"3.25\u2033 background_size=\"initial\" background_position=\"top_left\" background_repeat=\"repeat\" global_colors_info=\"{}\"][et_pb_column type=\"4_4\u2033 _builder_version=\"3.25\u2033 custom_padding=\"|||\" global_colors_info=\"{}\" custom_padding__hover=\"|||\"][et_pb_code _builder_version=\"4.13.1\u2033 _module_preset=\"default\" global_colors_info=\"{}\"]<div class=\"et_bloom_inline_form et_bloom_optin et_bloom_make_form_visible et_bloom_optin_4\" style=\"display: none;\">\n\t\t\t\t<style type=\"text\/css\">.et_bloom .et_bloom_optin_4 .et_bloom_form_content { background-color: #1e73be !important; } .et_bloom .et_bloom_optin_4 .et_bloom_form_container .et_bloom_form_header { background-color: #4e8abf !important; } .et_bloom .et_bloom_optin_4 .carrot_edge .et_bloom_form_content:before { border-top-color: #4e8abf !important; } .et_bloom .et_bloom_optin_4 .carrot_edge.et_bloom_form_right .et_bloom_form_content:before, .et_bloom .et_bloom_optin_4 .carrot_edge.et_bloom_form_left .et_bloom_form_content:before { border-top-color: transparent !important; border-left-color: #4e8abf !important; }\n\t\t\t\t\t\t@media only screen and ( max-width: 767px ) {.et_bloom .et_bloom_optin_4 .carrot_edge.et_bloom_form_right .et_bloom_form_content:before { border-top-color: #4e8abf !important; border-left-color: transparent !important; }.et_bloom .et_bloom_optin_4 .carrot_edge.et_bloom_form_left .et_bloom_form_content:after { border-bottom-color: #4e8abf !important; border-left-color: transparent !important; }\n\t\t\t\t\t\t}.et_bloom .et_bloom_optin_4 .et_bloom_form_content button { background-color: #dd9933 !important; } .et_bloom .et_bloom_optin_4 .et_bloom_form_content .et_bloom_fields i { color: #dd9933 !important; } .et_bloom .et_bloom_optin_4 .et_bloom_form_content .et_bloom_custom_field_radio i:before { background: #dd9933 !important; } .et_bloom .et_bloom_optin_4 .et_bloom_border_solid { border-color: #dd9933 !important } .et_bloom .et_bloom_optin_4 .et_bloom_form_content button { background-color: #dd9933 !important; } .et_bloom .et_bloom_optin_4 .et_bloom_form_container h2, .et_bloom .et_bloom_optin_4 .et_bloom_form_container h2 span, .et_bloom .et_bloom_optin_4 .et_bloom_form_container h2 strong { font-family: \"Roboto\", Helvetica, Arial, Lucida, sans-serif; }.et_bloom .et_bloom_optin_4 .et_bloom_form_container p, .et_bloom .et_bloom_optin_4 .et_bloom_form_container p span, .et_bloom .et_bloom_optin_4 .et_bloom_form_container p strong, .et_bloom .et_bloom_optin_4 .et_bloom_form_container form input, .et_bloom .et_bloom_optin_4 .et_bloom_form_container form button span { font-family: \"Roboto\", Helvetica, Arial, Lucida, sans-serif; } <\/style>\n\t\t\t\t<div class=\"et_bloom_form_container  with_edge carrot_edge et_bloom_border_solid et_bloom_border_position_top et_bloom_rounded_corners et_bloom_rounded et_bloom_form_text_light et_bloom_form_bottom et_bloom_inline_2_fields\">\n\t\t\t\t\t\n\t\t\t<div class=\"et_bloom_form_container_wrapper clearfix\">\n\t\t\t\t<div class=\"et_bloom_header_outer\">\n\t\t\t\t\t<div class=\"et_bloom_form_header et_bloom_header_text_light\">\n\t\t\t\t\t\t\n\t\t\t\t\t\t<div class=\"et_bloom_form_text\">\n\t\t\t\t\t\t<h2 style=\"text-align: center;\"><span style=\"color: #ffffff;\"><strong>Werden Sie ein Auto kaufen? Machen Sie keinen Fehlkauf. Holen Sie sich die kostenlose Checkliste<\/strong><\/span><\/h2><p style=\"text-align: center;\"><span style=\"color: #ffffff;\"><em>Sie erhalten die Checkliste in Ihrem Briefkasten<\/em><\/span><\/p>\n\t\t\t\t\t<\/div>\n\t\t\t\t\t\t\n\t\t\t\t\t<\/div>\n\t\t\t\t<\/div>\n\t\t\t\t<div class=\"et_bloom_form_content et_bloom_2_fields et_bloom_bottom_inline\">\n\t\t\t\t\t\n\t\t\t\t\t\n\t\t\t\t\t<form method=\"post\" class=\"clearfix\" action=\"\">\n\t\t\t\t\t\t<div class=\"et_bloom_fields\">\n\t\t\t\t\t\t\t<p class=\"et_bloom_popup_input et_bloom_subscribe_name\">\n\t\t\t\t\t\t\t\t<input placeholder=\"Name\" maxlength=\"50\">\n\t\t\t\t\t\t\t<\/p>\n\t\t\t\t\t\t\t<p class=\"et_bloom_popup_input et_bloom_subscribe_email\">\n\t\t\t\t\t\t\t\t<input placeholder=\"E-Mail\">\n\t\t\t\t\t\t\t<\/p>\n\t\t\t\t\t\t\t\n\t\t\t\t\t\t\t<button data-optin_id=\"optin_4\" data-service=\"mailerlite\" data-list_id=\"106699396\" data-page_id=\"215\" data-account=\"Autobaaknl\" data-ip_address=\"true\" class=\"et_bloom_submit_subscription\">\n\t\t\t\t\t\t\t\t<span class=\"et_bloom_subscribe_loader\"><\/span>\n\t\t\t\t\t\t\t\t<span class=\"et_bloom_button_text et_bloom_button_text_color_light\">Empfangen<\/span>\n\t\t\t\t\t\t\t<\/button>\n\t\t\t\t\t\t<\/div>\n\t\t\t\t\t<input type=\"hidden\" name=\"trp-form-language\" value=\"de\"\/><\/form>\n\t\t\t\t\t<div class=\"et_bloom_success_container\">\n\t\t\t\t\t\t<span class=\"et_bloom_success_checkmark\"><\/span>\n\t\t\t\t\t<\/div>\n\t\t\t\t\t<h2 class=\"et_bloom_success_message\">Gehen Sie nun zu Ihrem Posteingang und \u00fcberpr\u00fcfen Sie Ihren Spam-Ordner <\/h2>\n\t\t\t\t\t<div class=\"et_bloom_form_footer\"><p><span style=\"color: #999999;\"><em>Wir versenden keinen Spam und die Abmeldung ist jederzeit m\u00f6glich<\/em><\/span><\/p><\/div>\n\t\t\t\t<\/div>\n\t\t\t<\/div>\n\t\t\t<span class=\"et_bloom_close_button\"><\/span>\n\t\t\t\t<\/div>\n\t\t\t<\/div>[\/et_pb_code][\/et_pb_column][\/et_pb_row][\/et_pb_section][et_pb_section fb_built=\"1\u2033 _builder_version=\"3.22\u2033 global_colors_info=\"{}\"][et_pb_row _builder_version=\"3.25\u2033 background_size=\"initial\" background_position=\"top_left\" background_repeat=\"repeat\" global_colors_info=\"{}\" column_structure=\"2_3,1_3\u2033][et_pb_column type=\"2_3\u2033 _builder_version=\"3.25\u2033 custom_padding=\"|||\" global_colors_info=\"{}\" custom_padding__hover=\"|||\"][et_pb_text _builder_version=\"4.13.1\u2033 background_size=\"initial\" background_position=\"top_left\" background_repeat=\"repeat\" hover_enabled=\"0\u2033 use_border_color=\"off\" border_color=\"#ffffff\" border_style=\"solid\" global_colors_info=\"{}\" sticky_enabled=\"0\u2033]<\/p>\n<p>Der Fiat Stilo ist ein kompakter Mittelklassewagen aus dem Hause Fiat. Damals sollte dieses Modell mit dem <a href=\"https:\/\/autobaak.nl\/de\/vw-volkswagen-golf-7\/\" title=\"Golf Zahnriemen-Intervall\">VW Golf<\/a>, <a href=\"https:\/\/autobaak.nl\/de\/ford-focus\/\" title=\"Ford Focus Zahnriemen-Intervalle \">Ford Fokus<\/a>Das Modell basiert auf dem Opel Astra und dem Peugeot 307. Das Modell ist sowohl mit Benzin- als auch mit Dieselmotoren erh\u00e4ltlich. Nachfolgend finden Sie eine \u00dcbersicht \u00fcber die Wechselintervalle des Zahnriemens. Wenn Sie nicht wissen, welchen Motor Ihr Fahrzeug hat, k\u00f6nnen Sie unten das Kennzeichen eingeben.<\/p>\n<p>[open_rdw_check \"marke\" \"handelsname\" \"fahrzeugtyp\" \"kraftstoff_beschreibung\" \"anzahl_zylinder\" \"hubraum\" \"expiry_apk\"]<\/p>\n<p>[\/et_pb_text][et_pb_text _builder_version=\"3.27.4\u2033 background_size=\"initial\" background_position=\"top_left\" background_repeat=\"repeat\" use_border_color=\"off\" border_color=\"#ffffff\" border_style=\"solid\" global_colors_info=\"{}\"]<\/p>\n<h2><strong>Benzin<\/strong> <strong>zwischen 2001 und 2008 produzierte Varianten<br \/>\n<\/strong><\/h2>\n<ul>\n<li>Fiat Stilo 80 16v = <strong>115 000<\/strong><b> Kilometern oder bis zu 4 Jahren.<br \/>\n<\/b><\/li>\n<li>Fiat Stilo 1.4 16v = <strong>115 000<\/strong><b> Kilometern oder bis zu 4 Jahren.<\/b><\/li>\n<li>Fiat Stilo 1.6 16v = <strong>115 000 Kilometern oder maximal 4 Jahren.<\/strong><\/li>\n<li>Fiat Stilo 1.8 16v = <strong>115 000 Kilometern oder maximal 4 Jahren.<\/strong><strong><br \/>\n<\/strong><\/li>\n<li>Fiat Stilo 2.4 20v = <strong>115 000 Kilometern oder maximal 4 Jahren.<\/strong><\/li>\n<\/ul>\n<h2><strong>Diesel-Varianten, die zwischen 2001 und 2008 produziert wurden<br \/>\n<\/strong><\/h2>\n<ul>\n<li>Fiat Stilo JTD Varianten = <strong>115 000 Kilometer oder maximal 4 Jahre.<br \/>\n<\/strong><\/li>\n<li>Fiat Stilo Multijet Varianten = <strong>115 000 Kilometer oder maximal 4 Jahre.<\/strong><\/li>\n<\/ul>\n<p>[\/et_pb_text][\/et_pb_column][et_pb_column type=\"1_3\u2033 _builder_version=\"3.25\u2033 custom_padding=\"|||\" global_colors_info=\"{}\" custom_padding__hover=\"|||\"][et_pb_code _builder_version=\"4.9.10\u2033 text_orientation=\"centre\" z_index_tablet=\"500\u2033 global_module=\"1602\u2033 saved_tabs=\"all\" global_colors_info=\"{}\"]<a href=\"https:\/\/www.carpardoo.nl\/cgi-php\/ersatzteile.cgi?tt=29059_1622525_390195_&#038;r=\" target=\"_blank\" rel=\"sponsored nofollow noopener\"><img loading=\"lazy\" decoding=\"async\" src=\"https:\/\/ti.tradetracker.net\/?c=29059&#038;m=1622525&#038;a=390195&#038;r=&#038;t=html\" width=\"120\" height=\"600\" border=\"0\" alt=\"\" \/><\/a>[\/et_pb_code][\/et_pb_column][\/et_pb_row][\/et_pb_section].<\/p>","protected":false},"excerpt":{"rendered":"<p>Wann muss der Fiat Stilo Zahnriemen gewechselt werden? <div class=\"et_bloom_inline_form et_bloom_optin et_bloom_make_form_visible et_bloom_optin_4\" style=\"display: none;\">\n\t\t\t\t<style type=\"text\/css\">.et_bloom .et_bloom_optin_4 .et_bloom_form_content { background-color: #1e73be !important; } .et_bloom .et_bloom_optin_4 .et_bloom_form_container .et_bloom_form_header { background-color: #4e8abf !important; } .et_bloom .et_bloom_optin_4 .carrot_edge .et_bloom_form_content:before { border-top-color: #4e8abf !important; } .et_bloom .et_bloom_optin_4 .carrot_edge.et_bloom_form_right .et_bloom_form_content:before, .et_bloom .et_bloom_optin_4 .carrot_edge.et_bloom_form_left .et_bloom_form_content:before { border-top-color: transparent !important; border-left-color: #4e8abf !important; }\n\t\t\t\t\t\t@media only screen and ( max-width: 767px ) {.et_bloom .et_bloom_optin_4 .carrot_edge.et_bloom_form_right .et_bloom_form_content:before { border-top-color: #4e8abf !important; border-left-color: transparent !important; }.et_bloom .et_bloom_optin_4 .carrot_edge.et_bloom_form_left .et_bloom_form_content:after { border-bottom-color: #4e8abf !important; border-left-color: transparent !important; }\n\t\t\t\t\t\t}.et_bloom .et_bloom_optin_4 .et_bloom_form_content button { background-color: #dd9933 !important; } .et_bloom .et_bloom_optin_4 .et_bloom_form_content .et_bloom_fields i { color: #dd9933 !important; } .et_bloom .et_bloom_optin_4 .et_bloom_form_content .et_bloom_custom_field_radio i:before { background: #dd9933 !important; } .et_bloom .et_bloom_optin_4 .et_bloom_border_solid { border-color: #dd9933 !important } .et_bloom .et_bloom_optin_4 .et_bloom_form_content button { background-color: #dd9933 !important; } .et_bloom .et_bloom_optin_4 .et_bloom_form_container h2, .et_bloom .et_bloom_optin_4 .et_bloom_form_container h2 span, .et_bloom .et_bloom_optin_4 .et_bloom_form_container h2 strong { font-family: \"Roboto\", Helvetica, Arial, Lucida, sans-serif; }.et_bloom .et_bloom_optin_4 .et_bloom_form_container p, .et_bloom .et_bloom_optin_4 .et_bloom_form_container p span, .et_bloom .et_bloom_optin_4 .et_bloom_form_container p strong, .et_bloom .et_bloom_optin_4 .et_bloom_form_container form input, .et_bloom .et_bloom_optin_4 .et_bloom_form_container form button span { font-family: \"Roboto\", Helvetica, Arial, Lucida, sans-serif; } <\/style>\n\t\t\t\t<div class=\"et_bloom_form_container  with_edge carrot_edge et_bloom_border_solid et_bloom_border_position_top et_bloom_rounded_corners et_bloom_rounded et_bloom_form_text_light et_bloom_form_bottom et_bloom_inline_2_fields\">\n\t\t\t\t\t\n\t\t\t<div class=\"et_bloom_form_container_wrapper clearfix\">\n\t\t\t\t<div class=\"et_bloom_header_outer\">\n\t\t\t\t\t<div class=\"et_bloom_form_header et_bloom_header_text_light\">\n\t\t\t\t\t\t\n\t\t\t\t\t\t<div class=\"et_bloom_form_text\">\n\t\t\t\t\t\t<h2 style=\"text-align: center;\"><span style=\"color: #ffffff;\"><strong>Werden Sie ein Auto kaufen? Machen Sie keinen Fehlkauf. Holen Sie sich die kostenlose Checkliste<\/strong><\/span><\/h2><p style=\"text-align: center;\"><span style=\"color: #ffffff;\"><em>Sie erhalten die Checkliste in Ihrem Briefkasten<\/em><\/span><\/p>\n\t\t\t\t\t<\/div>\n\t\t\t\t\t\t\n\t\t\t\t\t<\/div>\n\t\t\t\t<\/div>\n\t\t\t\t<div class=\"et_bloom_form_content et_bloom_2_fields et_bloom_bottom_inline\">\n\t\t\t\t\t\n\t\t\t\t\t\n\t\t\t\t\t<form method=\"post\" class=\"clearfix\" action=\"\">\n\t\t\t\t\t\t<div class=\"et_bloom_fields\">\n\t\t\t\t\t\t\t<p class=\"et_bloom_popup_input et_bloom_subscribe_name\">\n\t\t\t\t\t\t\t\t<input placeholder=\"Name\" maxlength=\"50\">\n\t\t\t\t\t\t\t<\/p>\n\t\t\t\t\t\t\t<p class=\"et_bloom_popup_input et_bloom_subscribe_email\">\n\t\t\t\t\t\t\t\t<input placeholder=\"E-Mail\">\n\t\t\t\t\t\t\t<\/p>\n\t\t\t\t\t\t\t\n\t\t\t\t\t\t\t<button data-optin_id=\"optin_4\" data-service=\"mailerlite\" data-list_id=\"106699396\" data-page_id=\"215\" data-account=\"Autobaaknl\" data-ip_address=\"true\" class=\"et_bloom_submit_subscription\">\n\t\t\t\t\t\t\t\t<span class=\"et_bloom_subscribe_loader\"><\/span>\n\t\t\t\t\t\t\t\t<span class=\"et_bloom_button_text et_bloom_button_text_color_light\">Empfangen<\/span>\n\t\t\t\t\t\t\t<\/button>\n\t\t\t\t\t\t<\/div>\n\t\t\t\t\t<input type=\"hidden\" name=\"trp-form-language\" value=\"de\"\/><\/form>\n\t\t\t\t\t<div class=\"et_bloom_success_container\">\n\t\t\t\t\t\t<span class=\"et_bloom_success_checkmark\"><\/span>\n\t\t\t\t\t<\/div>\n\t\t\t\t\t<h2 class=\"et_bloom_success_message\">Gehen Sie nun zu Ihrem Posteingang und \u00fcberpr\u00fcfen Sie Ihren Spam-Ordner <\/h2>\n\t\t\t\t\t<div class=\"et_bloom_form_footer\"><p><span style=\"color: #999999;\"><em>Wir versenden keinen Spam und die Abmeldung ist jederzeit m\u00f6glich<\/em><\/span><\/p><\/div>\n\t\t\t\t<\/div>\n\t\t\t<\/div>\n\t\t\t<span class=\"et_bloom_close_button\"><\/span>\n\t\t\t\t<\/div>\n\t\t\t<\/div>Der Fiat Stilo ist ein kompakter Mittelklassewagen von Fiat. Damals sollte dieses Modell mit dem VW Golf, dem Ford Focus, dem Opel Astra und dem Peugeot 307 konkurrieren. Das Modell war sowohl mit Benzin- als auch mit Dieselmotoren erh\u00e4ltlich. Im Folgenden finden Sie eine \u00dcbersicht \u00fcber [...]<\/p>","protected":false},"author":1,"featured_media":0,"parent":0,"menu_order":0,"comment_status":"closed","ping_status":"closed","template":"","meta":{"_et_pb_use_builder":"on","_et_pb_old_content":"","_et_gb_content_width":"","footnotes":""},"class_list":["post-215","page","type-page","status-publish","hentry"],"yoast_head":"<!-- This site is optimized with the Yoast SEO plugin v27.4 - https:\/\/yoast.com\/product\/yoast-seo-wordpress\/ -->\n<title>Wanneer distributieriem vervangen Fiat Stilo - Vind hier de interval<\/title>\n<meta name=\"description\" content=\"Wanneer distributieriem vervangen Fiat Stilo. Vind in het overzicht de interval voor de Stilo zowel benzine als diesel varianten. JTD, 1.4 - 1.6 - 1.8 - 2.4\" \/>\n<meta name=\"robots\" content=\"index, follow, max-snippet:-1, max-image-preview:large, max-video-preview:-1\" \/>\n<link rel=\"canonical\" href=\"https:\/\/autobaak.nl\/de\/fiat-stilo\/\" \/>\n<meta property=\"og:locale\" content=\"de_DE\" \/>\n<meta property=\"og:type\" content=\"article\" \/>\n<meta property=\"og:title\" content=\"Wanneer distributieriem vervangen Fiat Stilo - Vind hier de interval\" \/>\n<meta property=\"og:description\" content=\"Wanneer distributieriem vervangen Fiat Stilo. Vind in het overzicht de interval voor de Stilo zowel benzine als diesel varianten. JTD, 1.4 - 1.6 - 1.8 - 2.4\" \/>\n<meta property=\"og:url\" content=\"https:\/\/autobaak.nl\/de\/fiat-stilo\/\" \/>\n<meta property=\"og:site_name\" content=\"Autobaak.nl\" \/>\n<meta property=\"article:modified_time\" content=\"2021-12-15T16:45:56+00:00\" \/>\n<meta property=\"og:image\" content=\"https:\/\/ti.tradetracker.net\/?c=29059&m=1622525&a=390195&r=&t=html\" \/>\n<meta name=\"twitter:card\" content=\"summary_large_image\" \/>\n<meta name=\"twitter:label1\" content=\"Gesch\u00e4tzte Lesezeit\" \/>\n\t<meta name=\"twitter:data1\" content=\"3\u00a0Minuten\" \/>\n<script type=\"application\/ld+json\" class=\"yoast-schema-graph\">{\"@context\":\"https:\\\/\\\/schema.org\",\"@graph\":[{\"@type\":\"WebPage\",\"@id\":\"https:\\\/\\\/autobaak.nl\\\/fiat-stilo\\\/\",\"url\":\"https:\\\/\\\/autobaak.nl\\\/fiat-stilo\\\/\",\"name\":\"Wanneer distributieriem vervangen Fiat Stilo - Vind hier de interval\",\"isPartOf\":{\"@id\":\"https:\\\/\\\/autobaak.nl\\\/#website\"},\"primaryImageOfPage\":{\"@id\":\"https:\\\/\\\/autobaak.nl\\\/fiat-stilo\\\/#primaryimage\"},\"image\":{\"@id\":\"https:\\\/\\\/autobaak.nl\\\/fiat-stilo\\\/#primaryimage\"},\"thumbnailUrl\":\"https:\\\/\\\/ti.tradetracker.net\\\/?c=29059&m=1622525&a=390195&r=&t=html\",\"datePublished\":\"2017-06-21T13:23:29+00:00\",\"dateModified\":\"2021-12-15T16:45:56+00:00\",\"description\":\"Wanneer distributieriem vervangen Fiat Stilo. Vind in het overzicht de interval voor de Stilo zowel benzine als diesel varianten. JTD, 1.4 - 1.6 - 1.8 - 2.4\",\"breadcrumb\":{\"@id\":\"https:\\\/\\\/autobaak.nl\\\/fiat-stilo\\\/#breadcrumb\"},\"inLanguage\":\"de\",\"potentialAction\":[{\"@type\":\"ReadAction\",\"target\":[\"https:\\\/\\\/autobaak.nl\\\/fiat-stilo\\\/\"]}]},{\"@type\":\"ImageObject\",\"inLanguage\":\"de\",\"@id\":\"https:\\\/\\\/autobaak.nl\\\/fiat-stilo\\\/#primaryimage\",\"url\":\"https:\\\/\\\/ti.tradetracker.net\\\/?c=29059&m=1622525&a=390195&r=&t=html\",\"contentUrl\":\"https:\\\/\\\/ti.tradetracker.net\\\/?c=29059&m=1622525&a=390195&r=&t=html\"},{\"@type\":\"BreadcrumbList\",\"@id\":\"https:\\\/\\\/autobaak.nl\\\/fiat-stilo\\\/#breadcrumb\",\"itemListElement\":[{\"@type\":\"ListItem\",\"position\":1,\"name\":\"Home\",\"item\":\"https:\\\/\\\/autobaak.nl\\\/\"},{\"@type\":\"ListItem\",\"position\":2,\"name\":\"Fiat Stilo\"}]},{\"@type\":\"WebSite\",\"@id\":\"https:\\\/\\\/autobaak.nl\\\/#website\",\"url\":\"https:\\\/\\\/autobaak.nl\\\/\",\"name\":\"Autobaak.nl\",\"description\":\"Cars &amp; Racing\",\"potentialAction\":[{\"@type\":\"SearchAction\",\"target\":{\"@type\":\"EntryPoint\",\"urlTemplate\":\"https:\\\/\\\/autobaak.nl\\\/?s={search_term_string}\"},\"query-input\":{\"@type\":\"PropertyValueSpecification\",\"valueRequired\":true,\"valueName\":\"search_term_string\"}}],\"inLanguage\":\"de\"}]}<\/script>\n<!-- \/ Yoast SEO plugin. -->","yoast_head_json":{"title":"Wann der Fiat Stilo Zahnriemen zu wechseln ist - Hier finden Sie das Intervall","description":"Wann muss der Fiat Stilo Zahnriemen gewechselt werden? In der \u00dcbersicht finden Sie die Intervalle f\u00fcr den Stilo in der Benzin- und Dieselvariante. JTD, 1.4 - 1.6 - 1.8 - 2.4","robots":{"index":"index","follow":"follow","max-snippet":"max-snippet:-1","max-image-preview":"max-image-preview:large","max-video-preview":"max-video-preview:-1"},"canonical":"https:\/\/autobaak.nl\/de\/fiat-stilo\/","og_locale":"de_DE","og_type":"article","og_title":"Wanneer distributieriem vervangen Fiat Stilo - Vind hier de interval","og_description":"Wanneer distributieriem vervangen Fiat Stilo. Vind in het overzicht de interval voor de Stilo zowel benzine als diesel varianten. JTD, 1.4 - 1.6 - 1.8 - 2.4","og_url":"https:\/\/autobaak.nl\/de\/fiat-stilo\/","og_site_name":"Autobaak.nl","article_modified_time":"2021-12-15T16:45:56+00:00","og_image":[{"url":"https:\/\/ti.tradetracker.net\/?c=29059&m=1622525&a=390195&r=&t=html","type":"","width":"","height":""}],"twitter_card":"summary_large_image","twitter_misc":{"Gesch\u00e4tzte Lesezeit":"3\u00a0Minuten"},"schema":{"@context":"https:\/\/schema.org","@graph":[{"@type":"WebPage","@id":"https:\/\/autobaak.nl\/fiat-stilo\/","url":"https:\/\/autobaak.nl\/fiat-stilo\/","name":"Wann der Fiat Stilo Zahnriemen zu wechseln ist - Hier finden Sie das Intervall","isPartOf":{"@id":"https:\/\/autobaak.nl\/#website"},"primaryImageOfPage":{"@id":"https:\/\/autobaak.nl\/fiat-stilo\/#primaryimage"},"image":{"@id":"https:\/\/autobaak.nl\/fiat-stilo\/#primaryimage"},"thumbnailUrl":"https:\/\/ti.tradetracker.net\/?c=29059&m=1622525&a=390195&r=&t=html","datePublished":"2017-06-21T13:23:29+00:00","dateModified":"2021-12-15T16:45:56+00:00","description":"Wann muss der Fiat Stilo Zahnriemen gewechselt werden? In der \u00dcbersicht finden Sie die Intervalle f\u00fcr den Stilo in der Benzin- und Dieselvariante. JTD, 1.4 - 1.6 - 1.8 - 2.4","breadcrumb":{"@id":"https:\/\/autobaak.nl\/fiat-stilo\/#breadcrumb"},"inLanguage":"de","potentialAction":[{"@type":"ReadAction","target":["https:\/\/autobaak.nl\/fiat-stilo\/"]}]},{"@type":"ImageObject","inLanguage":"de","@id":"https:\/\/autobaak.nl\/fiat-stilo\/#primaryimage","url":"https:\/\/ti.tradetracker.net\/?c=29059&m=1622525&a=390195&r=&t=html","contentUrl":"https:\/\/ti.tradetracker.net\/?c=29059&m=1622525&a=390195&r=&t=html"},{"@type":"BreadcrumbList","@id":"https:\/\/autobaak.nl\/fiat-stilo\/#breadcrumb","itemListElement":[{"@type":"ListItem","position":1,"name":"Home","item":"https:\/\/autobaak.nl\/"},{"@type":"ListItem","position":2,"name":"Fiat Stilo"}]},{"@type":"WebSite","@id":"https:\/\/autobaak.nl\/#website","url":"https:\/\/autobaak.nl\/","name":"Autobook.de","description":"Autos &amp; Rennsport","potentialAction":[{"@type":"SearchAction","target":{"@type":"EntryPoint","urlTemplate":"https:\/\/autobaak.nl\/?s={search_term_string}"},"query-input":{"@type":"PropertyValueSpecification","valueRequired":true,"valueName":"search_term_string"}}],"inLanguage":"de"}]}},"_links":{"self":[{"href":"https:\/\/autobaak.nl\/de\/wp-json\/wp\/v2\/pages\/215","targetHints":{"allow":["GET"]}}],"collection":[{"href":"https:\/\/autobaak.nl\/de\/wp-json\/wp\/v2\/pages"}],"about":[{"href":"https:\/\/autobaak.nl\/de\/wp-json\/wp\/v2\/types\/page"}],"author":[{"embeddable":true,"href":"https:\/\/autobaak.nl\/de\/wp-json\/wp\/v2\/users\/1"}],"replies":[{"embeddable":true,"href":"https:\/\/autobaak.nl\/de\/wp-json\/wp\/v2\/comments?post=215"}],"version-history":[{"count":0,"href":"https:\/\/autobaak.nl\/de\/wp-json\/wp\/v2\/pages\/215\/revisions"}],"wp:attachment":[{"href":"https:\/\/autobaak.nl\/de\/wp-json\/wp\/v2\/media?parent=215"}],"curies":[{"name":"wp","href":"https:\/\/api.w.org\/{rel}","templated":true}]}}