{"id":229,"date":"2017-06-21T14:21:42","date_gmt":"2017-06-21T14:21:42","guid":{"rendered":"https:\/\/autobaak.nl\/?page_id=229"},"modified":"2019-06-21T06:54:09","modified_gmt":"2019-06-21T06:54:09","slug":"renault-scenic","status":"publish","type":"page","link":"https:\/\/autobaak.nl\/de\/renault-scenic\/","title":{"rendered":"Renault Scenic"},"content":{"rendered":"<p>[et_pb_section bb_built=\"1\u2033 fullwidth=\"off\" specialty=\"off\" transparent_background=\"off\" background_colour=\"#0c71c3\u2033 allow_player_pause=\"off\" inner_shadow=\"off\" parallax=\"off\" parallax_method=\"off\" padding_mobile=\"off\" make_fullwidth=\"off\" use_custom_width=\"off\" width_unit=\"on\" make_equal=\"off\" use_custom_gutter=\"off\" custom_padding_tablet=\"50px|0|50px|0\u2033 custom_padding_last_edited=\"on|desktop\" inner_width=\"auto\" inner_max_width=\"none\" next_background_colour=\"#ffffff\"][et_pb_row background_position=\"top_left\" background_repeat=\"repeat\" background_size=\"initial\" width=\"80%\" max_width=\"1080px\"][et_pb_column type=\"4_4\u2033][et_pb_text background_layout=\"dark\" text_orientation=\"center\" use_border_colour=\"off\" border_colour=\"#ffffff\" border_style=\"solid\" background_position=\"top_left\" background_repeat=\"repeat\" background_size=\"initial\" module_alignment=\"centre\"]<\/p>\n<h1 style=\"text-align: center;\">Wann muss der Zahnriemen des Renault Sc\u00e9nic gewechselt werden?<\/h1>\n<p>[\/et_pb_text][\/et_pb_column][\/et_pb_row][\/et_pb_section][et_pb_section bb_built=\"1\u2033 _builder_version=\"3.23.3\u2033 inner_width_tablet=\"50px\" inner_max_width_tablet=\"50px\" custom_margin=\"||-40px|\" custom_padding=\"||-20px|\" z_index_tablet=\"500\u2033 box_shadow_horizontal_tablet=\"0px\" box_shadow_vertical_tablet=\"0px\" box_shadow_blur_tablet=\"40px\" box_shadow_spread_tablet=\"0px\" next_background_color=\"#000000\u2033 global_module=\"1614\u2033 prev_background_color=\"#0c71c3\u2033][et_pb_row global_parent=\"1614\u2033 _builder_version=\"3.22.3\u2033 background_size=\"initial\" background_position=\"top_left\" background_repeat=\"repeat\"][et_pb_column type=\"4_4\u2033][et_pb_text global_parent=\"1614\u2033 _builder_version=\"3.23.3\u2033 custom_margin=\"-50px||-50px||\" z_index_tablet=\"500\u2033 text_text_shadow_horizontal_length_tablet=\"0px\" text_text_shadow_vertical_length_tablet=\"0px\" text_text_shadow_blur_strength_tablet=\"1px\" link_text_shadow_horizontal_length_tablet=\"0px\" link_text_shadow_vertical_length_tablet=\"0px\" link_text_shadow_blur_strength_tablet=\"1px\" ul_text_shadow_horizontal_length_tablet=\"0px\" ul_text_shadow_vertical_length_tablet=\"0px\" ul_text_shadow_blur_strength_tablet=\"1px\" ol_text_shadow_horizontal_length_tablet=\"0px\" ol_text_shadow_vertical_length_tablet=\"0px\" ol_text_shadow_blur_strength_tablet=\"1px\" quote_text_shadow_horizontal_length_tablet=\"0px\" quote_text_shadow_vertical_length_tablet=\"0px\" quote_text_shadow_blur_strength_tablet=\"1px\" header_text_shadow_horizontal_length_tablet=\"0px\" header_text_shadow_vertical_length_tablet=\"0px\" header_text_shadow_blur_strength_tablet=\"1px\" header_2_text_shadow_horizontal_length_tablet=\"0px\" header_2_text_shadow_vertical_length_tablet=\"0px\" header_2_text_shadow_blur_strength_tablet=\"1px\" header_3_text_shadow_horizontal_length_tablet=\"0px\" header_3_text_shadow_vertical_length_tablet=\"0px\" header_3_text_shadow_blur_strength_tablet=\"1px\" header_4_text_shadow_horizontal_length_tablet=\"0px\" header_4_text_shadow_vertical_length_tablet=\"0px\" header_4_text_shadow_blur_strength_tablet=\"1px\" header_5_text_shadow_horizontal_length_tablet=\"0px\" header_5_text_shadow_vertical_length_tablet=\"0px\" header_5_text_shadow_blur_strength_tablet=\"1px\" header_6_text_shadow_horizontal_length_tablet=\"0px\" header_6_text_shadow_vertical_length_tablet=\"0px\" header_6_text_shadow_blur_strength_tablet=\"1px\" box_shadow_horizontal_tablet=\"0px\" box_shadow_vertical_tablet=\"0px\" box_shadow_blur_tablet=\"40px\" box_shadow_spread_tablet=\"0px\" custom_padding=\"||0px|||\"]<\/p>\n<p><a href=\"https:\/\/lt45.net\/c\/?si=13244&amp;li=1615045&amp;wi=334511&amp;ws=\" target=\"_blank\" rel=\"nofollow noopener noreferrer\"><img decoding=\"async\" class=\"aligncenter\" style=\"max-width: 100%; height: auto; border: none;\" src=\"https:\/\/static-dscn.net\/13244\/1615045\/?wi=334511&amp;ws=\" alt=\"\" \/><\/a><\/p>\n<p>[\/et_pb_text][\/et_pb_column][\/et_pb_row][\/et_pb_section][et_pb_section bb_built=\"1\u2033 fullwidth=\"off\" specialty=\"off\" inner_width=\"auto\" inner_max_width=\"none\" prev_background_colour=\"#000000\u2033][et_pb_row background_position=\"top_left\" background_repeat=\"repeat\" background_size=\"initial\" width=\"80%\" max_width=\"1080px\"][et_pb_column type=\"2_3\u2033][et_pb_text background_layout=\"light\" text_orientation=\"left\" use_border_color=\"off\" border_color=\"#ffffff\" border_style=\"solid\" background_position=\"top_left\" background_repeat=\"repeat\" background_size=\"initial\"]<\/p>\n<p>\nDer Renault Sc\u00e9nic ist der kompakte MPV von Renault. Anfangs hie\u00df dieses Auto noch M\u00e9gane Sc\u00e9nic, aber ab 1999 wurde es Sc\u00e9nic genannt. Dieses Modell ist sowohl mit Benzin- als auch mit Dieselmotoren erh\u00e4ltlich. Nachfolgend finden Sie eine \u00dcbersicht \u00fcber die Wechselintervalle f\u00fcr den Zahnriemen. Wenn Sie nicht wissen, welchen Motor Ihr Fahrzeug hat, k\u00f6nnen Sie unten die Zulassungsnummer eingeben.<\/p>\n<p>[open_rdw_check \"marke\" \"handelsname\" \"fahrzeugtyp\" \"kraftstoff_beschreibung\" \"anzahl_zylinder\" \"hubraum\" \"expiry_apk\"]<\/p>\n<p>[\/et_pb_text][et_pb_text background_layout=\"light\" text_orientation=\"left\" use_border_color=\"off\" border_color=\"#ffffff\" border_style=\"solid\" background_position=\"top_left\" background_repeat=\"repeat\" background_size=\"initial\"]<\/p>\n<h2><strong>Benzin<\/strong> <strong>zwischen 1999 und 2003 hergestellte Varianten<br \/>\n<\/strong><\/h2>\n<ul>\n<li>Renault Scenic I 1.4 16V = <strong>120 000<\/strong><b> Kilometern oder bis zu 5 Jahren.<br \/>\n<\/b><\/li>\n<li>Renault Scenic I 1.6 =\u00a0<strong>120 000<\/strong><b> Kilometern oder bis zu 5 Jahren.<\/b><\/li>\n<li>Renault Scenic I 1.8 16V =\u00a0<strong>120 000<\/strong><b> Kilometern oder bis zu 5 Jahren.<\/b><\/li>\n<li>Renault Scenic I 2.0 16V =\u00a0<strong>120 000<\/strong><b> Kilometern oder bis zu 5 Jahren.<\/b><\/li>\n<li>Renault Scenic I 2.0 16V RX4 =\u00a0<strong>120 000<\/strong><b> Kilometern oder bis zu 5 Jahren.<\/b><strong><br \/>\n<\/strong><\/li>\n<\/ul>\n<h2><strong>Diesel-Varianten, die zwischen 1999 und 2003 hergestellt wurden<br \/>\n<\/strong><\/h2>\n<ul>\n<li>Renault Scenic I 1.9 dCi (bis 03\/2001) = <strong>75\u00a0000<\/strong><b> Kilometern oder bis zu 5 Jahren.<\/b><strong><br \/>\n<\/strong><\/li>\n<li>Renault Scenic I 1.9 dCi (ab 04\/2001) =\u00a0<strong>120 000<\/strong><b> Kilometern oder bis zu 5 Jahren.<\/b><\/li>\n<li>Renault Scenic I 1.9 dCi RX4 (bis 03\/2001) = <strong>75\u00a0000<\/strong><b> Kilometern oder bis zu 5 Jahren.<\/b><strong><br \/>\n<\/strong><\/li>\n<li>Renault Scenic I 1.9 dCi RX4 (ab 04\/2001) =\u00a0<strong>120 000<\/strong><b> Kilometern oder bis zu 5 Jahren.<\/b><\/li>\n<li>Renault Scenic I 1.9 dTi (bis 03\/2001) = <strong>75\u00a0000<\/strong><b> Kilometern oder bis zu 5 Jahren.<\/b><\/li>\n<\/ul>\n<h2><strong>Benzin<\/strong> <strong>zwischen 2003 und 2009 hergestellte Varianten<br \/>\n<\/strong><\/h2>\n<ul>\n<li>Renault Scenic II 1.4 = <strong>120 000<\/strong><b> Kilometern oder bis zu 5 Jahren.<\/b><\/li>\n<li>Renault Scenic II 1.6 (bis 10\/2007) =\u00a0<strong>120 000<\/strong><b> Kilometern oder bis zu 5 Jahren.<\/b><\/li>\n<li>Renault Scenic II 1.6 (ab 11\/2007)=\u00a0<strong>120 000<\/strong><b> Kilometern oder bis zu 6 Jahren.<\/b><\/li>\n<li>Renault Scenic II 1.6 LPG = <strong>120 000<\/strong><b> Kilometern oder bis zu 5 Jahren.<\/b><\/li>\n<li>Renault Scenic II 2.0 (bis 10\/2007) =\u00a0<strong>120 000<\/strong><b> Kilometern oder bis zu 5 Jahren.<\/b><\/li>\n<li>Renault Scenic II 2.0 (ab 11\/2007) =\u00a0<strong>120 000<\/strong><b> Kilometern oder bis zu 6 Jahren.<\/b><\/li>\n<li>Renault Scenic II 2.0 16V Turbo (bis 10\/2007) =\u00a0<strong>120 000<\/strong><b> Kilometern oder bis zu 5 Jahren.<\/b><\/li>\n<li>Renault Scenic II 2.0 16 V Turbo (ab 11\/2007) =\u00a0<strong>120 000<\/strong><b> Kilometern oder bis zu 6 Jahren.<\/b><strong><br \/>\n<\/strong><\/li>\n<\/ul>\n<h2><strong>Dieselvarianten, hergestellt zwischen 2003 und 2009<br \/>\n<\/strong><\/h2>\n<ul>\n<li>Renault Scenic II 1.5 dCi (bis 01\/2007) = <strong>120 000<\/strong><b> Kilometern oder bis zu 5 Jahren.<\/b><\/li>\n<li>Renault Scenic II 1.5 dCi (ab 02\/2007) =\u00a0<strong>160 000<\/strong><b> Kilometern oder bis zu 6 Jahren.<\/b><\/li>\n<li>Renault Scenic II 1.9 D (bis 10\/2007) = <strong>120 000<\/strong><b> Kilometern oder bis zu 5 Jahren.<\/b><\/li>\n<li>Renault Scenic II 1.9 D (ab 11\/2007) =\u00a0<strong>120 000<\/strong><b> Kilometern oder bis zu 6 Jahren.<\/b><\/li>\n<li>Renault Scenic II 1.9 dCi (bis 10\/2007) = <strong>120 000<\/strong><b> Kilometern oder bis zu 5 Jahren.<\/b><\/li>\n<li>Renault Scenic II 1.9 dCi (ab 11\/2007) =\u00a0<strong>120 000<\/strong><b> Kilometern oder bis zu 6 Jahren.<\/b><\/li>\n<li>Renault Scenic II 2.0 dCi = <b>Steuerkette<\/b><\/li>\n<\/ul>\n<h2><strong>Benzin<\/strong> <strong>ab 2009 produzierte Varianten<br \/>\n<\/strong><\/h2>\n<ul>\n<li>Renault Scenic III 1.2 =\u00a0<b>Steuerkette<\/b><\/li>\n<li>Renault Sc\u00e9nic III 1.2 TCe =\u00a0<b>Steuerkette<\/b><\/li>\n<li>Renault Scenic III 1.4 16V =\u00a0<b>Steuerkette<\/b><\/li>\n<li>Renault Scenic III 1.6 16V (bis 10\/2011) = <strong>120 000<\/strong><b> Kilometern oder bis zu 6 Jahren.<\/b><\/li>\n<li>Renault Scenic III 1.6 16V (ab 11\/2011) =\u00a0<strong>150 000<\/strong><b> Kilometern oder bis zu 6 Jahren.<\/b><\/li>\n<li>Renault Scenic III 1.6 E85 =\u00a0<strong>120 000<\/strong><b> Kilometern oder bis zu 6 Jahren.<\/b><\/li>\n<li>Renault Scenic III 1.6 LPG =\u00a0<strong>120 000<\/strong><b> Kilometern oder bis zu 6 Jahren.<\/b><\/li>\n<li>Renault Scenic III 2.0 16V =\u00a0<b>Steuerkette<\/b><strong><br \/>\n<\/strong><\/li>\n<\/ul>\n<h2><strong>Ab 2009 produzierte Dieselvarianten<br \/>\n<\/strong><\/h2>\n<ul>\n<li>Renault Scenic III 1.5 dCi (bis 10\/2011) = <strong>160 000<\/strong><b> Kilometern oder bis zu 6 Jahren.<\/b><\/li>\n<li>Renault Scenic III 1.5 dCi (ab 11\/2011) =\u00a0<strong>150 000<\/strong><b> Kilometern oder bis zu 6 Jahren.<\/b><\/li>\n<li>Renault Scenic III 1.6 dCi =\u00a0<b>Steuerkette<\/b><\/li>\n<li>Renault Scenic III 1.9 dCi (bis 10\/2011) = <strong>160 000<\/strong><b> Kilometern oder bis zu 6 Jahren.<\/b><\/li>\n<li>Renault Scenic III 1.9 dCi (ab 11\/2011) =\u00a0<strong>150 000<\/strong><b> Kilometern oder bis zu 6 Jahren.<\/b><\/li>\n<li>Renault Sc\u00e9nic III 2.0 dCi = <b>Steuerkette<\/b><\/li>\n<\/ul>\n<p>[\/et_pb_text][\/et_pb_column][et_pb_column type=\"1_3\u2033][et_pb_code _builder_version=\"3.23.3\u2033 z_index_tablet=\"500\u2033 saved_tabs=\"all\" text_orientation=\"centre\" global_module=\"1602\u2033]<iframe loading=\"lazy\" style=\"overflow: hidden; border: none\" src=\"https:\/\/html.dt51.net\/12298\/1550002\/?wi=334511&#038;ws=\" width=\"160\" height=\"600\" frameborder=\"0\" marginwidth=\"0\" marginheight=\"0\" scrolling=\"no\"><\/iframe>[\/et_pb_code][\/et_pb_column][\/et_pb_row][\/et_pb_section].<\/p>","protected":false},"excerpt":{"rendered":"<p>Wann ist der Zahnriemen zu wechseln Renault Sc\u00e9nic Der Renault Sc\u00e9nic ist der kompakte MPV von Renault. Am Anfang hie\u00df dieses Auto noch M\u00e9gane Sc\u00e9nic, aber ab 1999 wurde es Sc\u00e9nic genannt. Dieses Modell gibt es sowohl mit Benzin- als auch mit Dieselmotor. Nachstehend finden Sie eine \u00dcbersicht \u00fcber die Intervalle f\u00fcr den Zahnriemenwechsel. Wenn Sie nicht wissen, welchen Motor Ihr [...]<\/p>","protected":false},"author":1,"featured_media":0,"parent":0,"menu_order":0,"comment_status":"closed","ping_status":"closed","template":"","meta":{"_et_pb_use_builder":"on","_et_pb_old_content":"","_et_gb_content_width":"","footnotes":""},"class_list":["post-229","page","type-page","status-publish","hentry"],"yoast_head":"<!-- This site is optimized with the Yoast SEO plugin v27.3 - https:\/\/yoast.com\/product\/yoast-seo-wordpress\/ -->\n<title>Renault Sc\u00e9nic - Autobaak.nl<\/title>\n<meta name=\"description\" content=\"Wanneer distributieriem vervangen Renault Sc\u00e9nic. zowel voor diesel motoren als benzine varianten. O.a. de 1.2, 1.4, dCi en dTi. Vindt de interval hier.\" \/>\n<meta name=\"robots\" content=\"index, follow, max-snippet:-1, max-image-preview:large, max-video-preview:-1\" \/>\n<link rel=\"canonical\" href=\"https:\/\/autobaak.nl\/de\/renault-scenic\/\" \/>\n<meta property=\"og:locale\" content=\"de_DE\" \/>\n<meta property=\"og:type\" content=\"article\" \/>\n<meta property=\"og:title\" content=\"Renault Sc\u00e9nic - Autobaak.nl\" \/>\n<meta property=\"og:description\" content=\"Wanneer distributieriem vervangen Renault Sc\u00e9nic. zowel voor diesel motoren als benzine varianten. O.a. de 1.2, 1.4, dCi en dTi. Vindt de interval hier.\" \/>\n<meta property=\"og:url\" content=\"https:\/\/autobaak.nl\/de\/renault-scenic\/\" \/>\n<meta property=\"og:site_name\" content=\"Autobaak.nl\" \/>\n<meta property=\"article:modified_time\" content=\"2019-06-21T06:54:09+00:00\" \/>\n<meta property=\"og:image\" content=\"https:\/\/static-dscn.net\/13244\/1615045\/?wi=334511&amp;ws=\" \/>\n<meta name=\"twitter:card\" content=\"summary_large_image\" \/>\n<meta name=\"twitter:label1\" content=\"Gesch\u00e4tzte Lesezeit\" \/>\n\t<meta name=\"twitter:data1\" content=\"5\u00a0Minuten\" \/>\n<script type=\"application\/ld+json\" class=\"yoast-schema-graph\">{\"@context\":\"https:\\\/\\\/schema.org\",\"@graph\":[{\"@type\":\"WebPage\",\"@id\":\"https:\\\/\\\/autobaak.nl\\\/renault-scenic\\\/\",\"url\":\"https:\\\/\\\/autobaak.nl\\\/renault-scenic\\\/\",\"name\":\"Renault Sc\u00e9nic - Autobaak.nl\",\"isPartOf\":{\"@id\":\"https:\\\/\\\/autobaak.nl\\\/#website\"},\"primaryImageOfPage\":{\"@id\":\"https:\\\/\\\/autobaak.nl\\\/renault-scenic\\\/#primaryimage\"},\"image\":{\"@id\":\"https:\\\/\\\/autobaak.nl\\\/renault-scenic\\\/#primaryimage\"},\"thumbnailUrl\":\"https:\\\/\\\/static-dscn.net\\\/13244\\\/1615045\\\/?wi=334511&amp;ws=\",\"datePublished\":\"2017-06-21T14:21:42+00:00\",\"dateModified\":\"2019-06-21T06:54:09+00:00\",\"description\":\"Wanneer distributieriem vervangen Renault Sc\u00e9nic. zowel voor diesel motoren als benzine varianten. O.a. de 1.2, 1.4, dCi en dTi. Vindt de interval hier.\",\"breadcrumb\":{\"@id\":\"https:\\\/\\\/autobaak.nl\\\/renault-scenic\\\/#breadcrumb\"},\"inLanguage\":\"de\",\"potentialAction\":[{\"@type\":\"ReadAction\",\"target\":[\"https:\\\/\\\/autobaak.nl\\\/renault-scenic\\\/\"]}]},{\"@type\":\"ImageObject\",\"inLanguage\":\"de\",\"@id\":\"https:\\\/\\\/autobaak.nl\\\/renault-scenic\\\/#primaryimage\",\"url\":\"https:\\\/\\\/static-dscn.net\\\/13244\\\/1615045\\\/?wi=334511&amp;ws=\",\"contentUrl\":\"https:\\\/\\\/static-dscn.net\\\/13244\\\/1615045\\\/?wi=334511&amp;ws=\"},{\"@type\":\"BreadcrumbList\",\"@id\":\"https:\\\/\\\/autobaak.nl\\\/renault-scenic\\\/#breadcrumb\",\"itemListElement\":[{\"@type\":\"ListItem\",\"position\":1,\"name\":\"Home\",\"item\":\"https:\\\/\\\/autobaak.nl\\\/\"},{\"@type\":\"ListItem\",\"position\":2,\"name\":\"Renault Sc\u00e9nic\"}]},{\"@type\":\"WebSite\",\"@id\":\"https:\\\/\\\/autobaak.nl\\\/#website\",\"url\":\"https:\\\/\\\/autobaak.nl\\\/\",\"name\":\"Autobaak.nl\",\"description\":\"Cars &amp; Racing\",\"potentialAction\":[{\"@type\":\"SearchAction\",\"target\":{\"@type\":\"EntryPoint\",\"urlTemplate\":\"https:\\\/\\\/autobaak.nl\\\/?s={search_term_string}\"},\"query-input\":{\"@type\":\"PropertyValueSpecification\",\"valueRequired\":true,\"valueName\":\"search_term_string\"}}],\"inLanguage\":\"de\"}]}<\/script>\n<!-- \/ Yoast SEO plugin. -->","yoast_head_json":{"title":"Renault Sc\u00e9nic - Autobaak.de","description":"Wann muss der Zahnriemen Ihres Renault Sc\u00e9nic gewechselt werden? Einschlie\u00dflich der Modelle 1.2, 1.4, dCi und dTi. Das Intervall finden Sie hier.","robots":{"index":"index","follow":"follow","max-snippet":"max-snippet:-1","max-image-preview":"max-image-preview:large","max-video-preview":"max-video-preview:-1"},"canonical":"https:\/\/autobaak.nl\/de\/renault-scenic\/","og_locale":"de_DE","og_type":"article","og_title":"Renault Sc\u00e9nic - Autobaak.nl","og_description":"Wanneer distributieriem vervangen Renault Sc\u00e9nic. zowel voor diesel motoren als benzine varianten. O.a. de 1.2, 1.4, dCi en dTi. Vindt de interval hier.","og_url":"https:\/\/autobaak.nl\/de\/renault-scenic\/","og_site_name":"Autobaak.nl","article_modified_time":"2019-06-21T06:54:09+00:00","og_image":[{"url":"https:\/\/static-dscn.net\/13244\/1615045\/?wi=334511&amp;ws=","type":"","width":"","height":""}],"twitter_card":"summary_large_image","twitter_misc":{"Gesch\u00e4tzte Lesezeit":"5\u00a0Minuten"},"schema":{"@context":"https:\/\/schema.org","@graph":[{"@type":"WebPage","@id":"https:\/\/autobaak.nl\/renault-scenic\/","url":"https:\/\/autobaak.nl\/renault-scenic\/","name":"Renault Sc\u00e9nic - Autobaak.de","isPartOf":{"@id":"https:\/\/autobaak.nl\/#website"},"primaryImageOfPage":{"@id":"https:\/\/autobaak.nl\/renault-scenic\/#primaryimage"},"image":{"@id":"https:\/\/autobaak.nl\/renault-scenic\/#primaryimage"},"thumbnailUrl":"https:\/\/static-dscn.net\/13244\/1615045\/?wi=334511&amp;ws=","datePublished":"2017-06-21T14:21:42+00:00","dateModified":"2019-06-21T06:54:09+00:00","description":"Wann muss der Zahnriemen Ihres Renault Sc\u00e9nic gewechselt werden? Einschlie\u00dflich der Modelle 1.2, 1.4, dCi und dTi. Das Intervall finden Sie hier.","breadcrumb":{"@id":"https:\/\/autobaak.nl\/renault-scenic\/#breadcrumb"},"inLanguage":"de","potentialAction":[{"@type":"ReadAction","target":["https:\/\/autobaak.nl\/renault-scenic\/"]}]},{"@type":"ImageObject","inLanguage":"de","@id":"https:\/\/autobaak.nl\/renault-scenic\/#primaryimage","url":"https:\/\/static-dscn.net\/13244\/1615045\/?wi=334511&amp;ws=","contentUrl":"https:\/\/static-dscn.net\/13244\/1615045\/?wi=334511&amp;ws="},{"@type":"BreadcrumbList","@id":"https:\/\/autobaak.nl\/renault-scenic\/#breadcrumb","itemListElement":[{"@type":"ListItem","position":1,"name":"Home","item":"https:\/\/autobaak.nl\/"},{"@type":"ListItem","position":2,"name":"Renault Sc\u00e9nic"}]},{"@type":"WebSite","@id":"https:\/\/autobaak.nl\/#website","url":"https:\/\/autobaak.nl\/","name":"Autobook.de","description":"Autos &amp; Rennsport","potentialAction":[{"@type":"SearchAction","target":{"@type":"EntryPoint","urlTemplate":"https:\/\/autobaak.nl\/?s={search_term_string}"},"query-input":{"@type":"PropertyValueSpecification","valueRequired":true,"valueName":"search_term_string"}}],"inLanguage":"de"}]}},"_links":{"self":[{"href":"https:\/\/autobaak.nl\/de\/wp-json\/wp\/v2\/pages\/229","targetHints":{"allow":["GET"]}}],"collection":[{"href":"https:\/\/autobaak.nl\/de\/wp-json\/wp\/v2\/pages"}],"about":[{"href":"https:\/\/autobaak.nl\/de\/wp-json\/wp\/v2\/types\/page"}],"author":[{"embeddable":true,"href":"https:\/\/autobaak.nl\/de\/wp-json\/wp\/v2\/users\/1"}],"replies":[{"embeddable":true,"href":"https:\/\/autobaak.nl\/de\/wp-json\/wp\/v2\/comments?post=229"}],"version-history":[{"count":0,"href":"https:\/\/autobaak.nl\/de\/wp-json\/wp\/v2\/pages\/229\/revisions"}],"wp:attachment":[{"href":"https:\/\/autobaak.nl\/de\/wp-json\/wp\/v2\/media?parent=229"}],"curies":[{"name":"wp","href":"https:\/\/api.w.org\/{rel}","templated":true}]}}