{"id":259,"date":"2017-06-26T15:28:52","date_gmt":"2017-06-26T15:28:52","guid":{"rendered":"https:\/\/autobaak.nl\/?page_id=259"},"modified":"2020-12-16T09:04:06","modified_gmt":"2020-12-16T09:04:06","slug":"audi-a4","status":"publish","type":"page","link":"https:\/\/autobaak.nl\/de\/audi-a4\/","title":{"rendered":"Audi A4"},"content":{"rendered":"<p>[et_pb_section fb_built=\"1\u2033 custom_padding_last_edited=\"on|desktop\" _builder_version=\"3.22\u2033 background_colour=\"#0c71c3\u2033 custom_padding_tablet=\"50px|0|50px|0\u2033 custom_padding_phone=\"\" transparent_background=\"off\" padding_mobile=\"off\" make_fullwidth=\"off\" use_custom_width=\"off\" width_unit=\"on\"][et_pb_row _builder_version=\"3.25\u2033 background_size=\"initial\" background_position=\"top_left\" background_repeat=\"repeat\"][et_pb_column type=\"4_4\u2033 _builder_version=\"3.25\u2033 custom_padding=\"|||\" custom_padding__hover=\"|||\"][et_pb_text _builder_version=\"3.27.4\u2033 background_size=\"initial\" background_position=\"top_left\" background_repeat=\"repeat\" text_orientation=\"centre\" background_layout=\"dark\" module_alignment=\"centre\" use_border_color=\"off\" border_color=\"#ffffff\" border_style=\"solid\"][et_pb_text _builder_version=\"3.27.<\/p>\n<h1 style=\"text-align: center;\">Wann ist der Audi A4 Zahnriemen zu wechseln?<\/h1>\n<p>[\/et_pb_text][\/et_pb_column][\/et_pb_row][\/et_pb_section][et_pb_section fb_built=\"1\u2033 _builder_version=\"4.0.7\u2033 inner_width_tablet=\"50px\" inner_max_width_tablet=\"50px\" custom_margin=\"||-40px|\" custom_padding=\"2px||0px||false|false\" z_index_tablet=\"500\u2033 box_shadow_horizontal_tablet=\"0px\" box_shadow_vertical_tablet=\"0px\" box_shadow_blur_tablet=\"40px\" box_shadow_spread_tablet=\"0px\" global_module=\"1614\u2033][et_pb_row _builder_version=\"3.25\u2033 background_size=\"initial\" background_position=\"top_left\" background_repeat=\"repeat\"][et_pb_column type=\"4_4\u2033 _builder_version=\"3.25\u2033 custom_padding=\"|||\" custom_padding__hover=\"|||\"][et_pb_image src=\"https:\/\/autobaak.nl\/wp-content\/uploads\/2020\/12\/VDH-Tools-1.jpg\" url=\"https:\/\/autobaak.nl\/kortingscodes\/\" align=\"centre\" _builder_version=\"4.7.4\u2033 _module_preset=\"default\"][\/et_pb_image][\/et_pb_column][\/et_pb_row][\/et_pb_section][et_pb_section fb_built=\"1\u2033 _builder_version=\"3.22\u2033][et_pb_row column_structure=\"2_3,1_3\u2033 _builder_version=\"3.25\u2033 background_size=\"initial\" background_position=\"top_left\" background_repeat=\"repeat\"][et_pb_column type=\"2_3\u2033 _builder_version=\"3.25\u2033 custom_padding=\"|||\" custom_padding__hover=\"|||\"][et_pb_text _builder_version=\"3.27.4\u2033 background_size=\"initial\" background_position=\"top_left\" background_repeat=\"repeat\" use_border_colour=\"off\" border_colour=\"#ffffff\" border_style=\"solid\"]<\/p>\n<p>\nDer Audi A4 ist der Nachfolger des Audi 80. Dieses Modell ist sowohl mit Benzin- als auch mit Dieselmotoren erh\u00e4ltlich. Nachfolgend finden Sie eine \u00dcbersicht \u00fcber die Wechselintervalle des Zahnriemens. Wenn Sie nicht wissen, welchen Motor Ihr Fahrzeug hat, k\u00f6nnen Sie unten die Zulassungsnummer eingeben.<\/p>\n<p>[open_rdw_check \"marke\" \"handelsname\" \"fahrzeugtyp\" \"kraftstoff_beschreibung\" \"anzahl_zylinder\" \"hubraum\" \"expiry_apk\"]<br \/>\n[\/et_pb_text][et_pb_text _builder_version=\"3.27.4\u2033 background_size=\"initial\" background_position=\"top_left\" background_repeat=\"repeat\" use_border_color=\"off\" border_color=\"#ffffff\" border_style=\"solid\"]<\/p>\n<h2><strong>Benzin<\/strong> <strong>Varianten, die zwischen 2000 und 2004 hergestellt wurden:<br \/>\n<\/strong><\/h2>\n<ul>\n<li>Audi A4 1.6 = <strong>180 000<\/strong><b> Kilometrierung;<br \/>\n<\/b><\/li>\n<li>Audi A4 1.8T = <strong>180 000<\/strong><b> Kilometrierung;<\/b><\/li>\n<li>Audi A4 1.8T quattro = <strong>180 000<\/strong><b> Kilometrierung;<\/b><\/li>\n<li>Audi A4 2.0 <strong>180 000<\/strong><b> Kilometrierung;<\/b><\/li>\n<li>Audi A4 2.0 FSI = <strong>180 000<\/strong><b> Kilometrierung;<\/b><\/li>\n<li>Audi A4 2.4 120kW = <strong>120 000<\/strong><b> Kilometrierung;<\/b><\/li>\n<li>Audi A4 2.4 125kW = <strong>180 000<\/strong><b> Kilometrierung;<\/b><\/li>\n<li>Audi A4 3.0 <strong>120 000<\/strong><b> Kilometrierung;<\/b><\/li>\n<li>Audi A4 3.0 quattro = <strong>120 000<\/strong><b> Kilometrierung;<\/b><\/li>\n<li>Audi A4 S4 = <strong>Steuerkette.<\/strong><\/li>\n<\/ul>\n<h2><strong>Diesel\u00a0<\/strong><strong>Varianten, die zwischen 2000 und 2004 hergestellt wurden:<\/strong><\/h2>\n<ul>\n<li>Audi A4 1.9 TDI (bis 2003) = <strong>90 000<\/strong><b> Kilometrierung;<\/b><\/li>\n<li>Audi A4 1.9 TDI (ab 2004) = <strong>120 000<\/strong><b> Kilometrierung;<\/b><\/li>\n<li>Audi A4 2.5 TDI = <strong>120 000<\/strong><b> Kilometrierung;<\/b><\/li>\n<li>Audi A4 2.5 TDI quattro = <strong>120 000<\/strong><b> Kilometrierung.<\/b><\/li>\n<\/ul>\n<h2><strong>Benzin<\/strong> <strong>Varianten, die zwischen 2004 und 2008 hergestellt wurden:<br \/>\n<\/strong><\/h2>\n<ul>\n<li>Audi A4 1.6 = <strong>180 000<\/strong><b> Kilometrierung;<br \/>\n<\/b><\/li>\n<li>Audi A4 1.8T = <strong>180 000<\/strong><b> Kilometrierung;<\/b><\/li>\n<li>Audi A4 1.8T quattro = <strong>180 000<\/strong><b> Kilometrierung;<\/b><\/li>\n<li>Audi A4 2.0 <strong>180 000<\/strong><b> Kilometrierung;<\/b><\/li>\n<li>Audi A4 2.0 TFSI = <strong>180 000<\/strong><b> Kilometrierung;<\/b><\/li>\n<li>Audi A4 2.0 TFSI quattro = <strong>180 000<\/strong><b> Kilometrierung;<\/b><\/li>\n<li>Audi A4 2.4 120kW = <strong>120 000<\/strong><b> Kilometrierung;<\/b><\/li>\n<li>Audi A4 2.4 125kW = <strong>180 000<\/strong><b> Kilometrierung;<\/b><\/li>\n<li>Audi A4 3.0 <strong>120 000<\/strong><b> Kilometrierung;<\/b><\/li>\n<li>Audi A4 3.0 quattro = <strong>120 000<\/strong><b> Kilometrierung;<\/b><\/li>\n<li>Audi A4 3.2 FSI = <strong>Steuerkette<\/strong><b>;<\/b><\/li>\n<li>Audi A4 3.2 FSI quattro = <strong>Steuerkette<\/strong><\/li>\n<li>Audi A4 S4 = <strong>Steuerkette<\/strong><b>;<\/b><\/li>\n<li>Audi A4 RS4 = <strong>Steuerkette.<\/strong><\/li>\n<\/ul>\n<h2><strong>Diesel\u00a0<\/strong><strong>Varianten, die zwischen 2004 und 2008 hergestellt wurden:<\/strong><\/h2>\n<ul>\n<li>Audi A4 1.9 TDI = <strong>120 000<\/strong><b> Kilometrierung;<\/b><\/li>\n<li>Audi A4 2.0 TDI = <strong>120 000<\/strong><b> Kilometrierung;<\/b><\/li>\n<li>Audi A4 2.0 TDI quattro = <strong>120 000<\/strong><b> Kilometrierung;<\/b><\/li>\n<li>Audi A4 2.5 TDI = <strong>120 000<\/strong><b> Kilometrierung;<\/b><\/li>\n<li>Audi A4 2.7 TDI = <strong>Steuerkette;<\/strong><\/li>\n<li>Audi A4 3.0 TDI quattro = <strong>Steuerkette.<\/strong><\/li>\n<\/ul>\n<h2><strong>Benzin<\/strong> <strong>Varianten, die zwischen 2007 und 2015 hergestellt wurden:<br \/>\n<\/strong><\/h2>\n<ul>\n<li>Audi A4 1.8 TFSI =\u00a0<strong>Steuerkette;<\/strong><\/li>\n<li>Audi A4 1.8 TFSI quattro =\u00a0<strong>Steuerkette;<\/strong><\/li>\n<li>Audi A4 2.0 TFSI = <strong>Steuerkette<\/strong><b>;<\/b><\/li>\n<li>Audi A4 3.0 TFSI = <strong>Steuerkette<\/strong><b>;<\/b><\/li>\n<li>Audi A4 3.2 FSI = <strong>Steuerkette<\/strong><b>;<\/b><\/li>\n<li>Audi A4 S4 = <strong>Steuerkette.<\/strong><\/li>\n<\/ul>\n<h2><strong>Diesel\u00a0<\/strong><strong>Varianten, die zwischen\u00a0<\/strong><strong>2007 und 2012:<\/strong><\/h2>\n<ul>\n<li>Audi A4 2.0 TDI (bis 2009) = <strong>180 000<\/strong><b> Kilometrierung;<\/b><\/li>\n<li>Audi A4 2.0 TDI (ab 2010) = <strong>210 000<\/strong><b> Kilometrierung;<\/b><\/li>\n<li>Audi A4 2.0 TDI quattro (bis 2009) = <strong>180 000<\/strong><b> Kilometrierung;<\/b><\/li>\n<li>Audi A4 2.0 TDI quattro (ab 2010) = <strong>210 000<\/strong><b> Kilometrierung;<\/b><\/li>\n<li>Audi A4 2.7 TDI = <strong>Steuerkette;<\/strong><\/li>\n<li>Audi A4 3.0 TDI = <strong>Steuerkette.<\/strong><\/li>\n<\/ul>\n<p>[\/et_pb_text][\/et_pb_column][et_pb_column type=\"1_3\u2033 _builder_version=\"3.25\u2033 custom_padding=\"|||\" custom_padding__hover=\"|||\"][et_pb_code _builder_version=\"4.6.6\u2033 text_orientation=\"centre\" z_index_tablet=\"500\u2033 global_module=\"1602\u2033 saved_tabs=\"all\"]<a href=\"https:\/\/tc.tradetracker.net\/?c=27312&#038;m=1277203&#038;a=390195&#038;r=&#038;u=\" target=\"_blank\" rel=\"sponsored nofollow noopener noreferrer\"><img loading=\"lazy\" decoding=\"async\" src=\"https:\/\/ti.tradetracker.net\/?c=27312&#038;m=1277203&#038;a=390195&#038;r=&#038;t=html\" width=\"120\" height=\"600\" border=\"0\" alt=\"\" \/><\/a>[\/et_pb_code][\/et_pb_column][\/et_pb_row][\/et_pb_section].<\/p>","protected":false},"excerpt":{"rendered":"<p>Wann ist der Zahnriemen zu wechseln Audi A4 Der Audi A4 ist der Nachfolger des Audi 80. Dieses Modell gibt es sowohl mit Benzin- als auch mit Dieselmotoren. Nachstehend finden Sie eine \u00dcbersicht \u00fcber das Wechselintervall des Zahnriemens. Wenn Sie nicht wissen, welchen Motor Ihr Auto hat, k\u00f6nnen Sie unten die Zulassungsnummer eingeben. [open_rdw_check \"marke\" \"markenname\" \"fahrzeugtyp\" \"kraftstoff_beschreibung\" [...]<\/p>","protected":false},"author":1,"featured_media":0,"parent":0,"menu_order":0,"comment_status":"closed","ping_status":"closed","template":"","meta":{"_et_pb_use_builder":"on","_et_pb_old_content":"","_et_gb_content_width":"","footnotes":""},"class_list":["post-259","page","type-page","status-publish","hentry"],"yoast_head":"<!-- This site is optimized with the Yoast SEO plugin v27.3 - https:\/\/yoast.com\/product\/yoast-seo-wordpress\/ -->\n<title>Audi A4 - Autobaak.nl<\/title>\n<meta name=\"description\" content=\"Wanneer distributieriem vervangen Audi A4. Zowel voor diesel motoren als benzine varianten. met o.a. de TDI en TFSI. Vind de vervangingsinterval hier.\" \/>\n<meta name=\"robots\" content=\"index, follow, max-snippet:-1, max-image-preview:large, max-video-preview:-1\" \/>\n<link rel=\"canonical\" href=\"https:\/\/autobaak.nl\/de\/audi-a4\/\" \/>\n<meta property=\"og:locale\" content=\"de_DE\" \/>\n<meta property=\"og:type\" content=\"article\" \/>\n<meta property=\"og:title\" content=\"Audi A4 - Autobaak.nl\" \/>\n<meta property=\"og:description\" content=\"Wanneer distributieriem vervangen Audi A4. Zowel voor diesel motoren als benzine varianten. met o.a. de TDI en TFSI. Vind de vervangingsinterval hier.\" \/>\n<meta property=\"og:url\" content=\"https:\/\/autobaak.nl\/de\/audi-a4\/\" \/>\n<meta property=\"og:site_name\" content=\"Autobaak.nl\" \/>\n<meta property=\"article:modified_time\" content=\"2020-12-16T09:04:06+00:00\" \/>\n<meta property=\"og:image\" content=\"https:\/\/ti.tradetracker.net\/?c=27312&m=1277203&a=390195&r=&t=html\" \/>\n<meta name=\"twitter:card\" content=\"summary_large_image\" \/>\n<meta name=\"twitter:label1\" content=\"Gesch\u00e4tzte Lesezeit\" \/>\n\t<meta name=\"twitter:data1\" content=\"3\u00a0Minuten\" \/>\n<script type=\"application\/ld+json\" class=\"yoast-schema-graph\">{\"@context\":\"https:\\\/\\\/schema.org\",\"@graph\":[{\"@type\":\"WebPage\",\"@id\":\"https:\\\/\\\/autobaak.nl\\\/audi-a4\\\/\",\"url\":\"https:\\\/\\\/autobaak.nl\\\/audi-a4\\\/\",\"name\":\"Audi A4 - Autobaak.nl\",\"isPartOf\":{\"@id\":\"https:\\\/\\\/autobaak.nl\\\/#website\"},\"primaryImageOfPage\":{\"@id\":\"https:\\\/\\\/autobaak.nl\\\/audi-a4\\\/#primaryimage\"},\"image\":{\"@id\":\"https:\\\/\\\/autobaak.nl\\\/audi-a4\\\/#primaryimage\"},\"thumbnailUrl\":\"https:\\\/\\\/ti.tradetracker.net\\\/?c=27312&m=1277203&a=390195&r=&t=html\",\"datePublished\":\"2017-06-26T15:28:52+00:00\",\"dateModified\":\"2020-12-16T09:04:06+00:00\",\"description\":\"Wanneer distributieriem vervangen Audi A4. Zowel voor diesel motoren als benzine varianten. met o.a. de TDI en TFSI. Vind de vervangingsinterval hier.\",\"breadcrumb\":{\"@id\":\"https:\\\/\\\/autobaak.nl\\\/audi-a4\\\/#breadcrumb\"},\"inLanguage\":\"de\",\"potentialAction\":[{\"@type\":\"ReadAction\",\"target\":[\"https:\\\/\\\/autobaak.nl\\\/audi-a4\\\/\"]}]},{\"@type\":\"ImageObject\",\"inLanguage\":\"de\",\"@id\":\"https:\\\/\\\/autobaak.nl\\\/audi-a4\\\/#primaryimage\",\"url\":\"https:\\\/\\\/ti.tradetracker.net\\\/?c=27312&m=1277203&a=390195&r=&t=html\",\"contentUrl\":\"https:\\\/\\\/ti.tradetracker.net\\\/?c=27312&m=1277203&a=390195&r=&t=html\"},{\"@type\":\"BreadcrumbList\",\"@id\":\"https:\\\/\\\/autobaak.nl\\\/audi-a4\\\/#breadcrumb\",\"itemListElement\":[{\"@type\":\"ListItem\",\"position\":1,\"name\":\"Home\",\"item\":\"https:\\\/\\\/autobaak.nl\\\/\"},{\"@type\":\"ListItem\",\"position\":2,\"name\":\"Audi A4\"}]},{\"@type\":\"WebSite\",\"@id\":\"https:\\\/\\\/autobaak.nl\\\/#website\",\"url\":\"https:\\\/\\\/autobaak.nl\\\/\",\"name\":\"Autobaak.nl\",\"description\":\"Cars &amp; Racing\",\"potentialAction\":[{\"@type\":\"SearchAction\",\"target\":{\"@type\":\"EntryPoint\",\"urlTemplate\":\"https:\\\/\\\/autobaak.nl\\\/?s={search_term_string}\"},\"query-input\":{\"@type\":\"PropertyValueSpecification\",\"valueRequired\":true,\"valueName\":\"search_term_string\"}}],\"inLanguage\":\"de\"}]}<\/script>\n<!-- \/ Yoast SEO plugin. -->","yoast_head_json":{"title":"Audi A4 - Autobaak.de","description":"Wann ist ein Zahnriemen zu wechseln? Audi A4. Sowohl f\u00fcr die Dieselmotoren als auch f\u00fcr die Benzinvarianten, einschlie\u00dflich TDI und TFSI. Hier finden Sie das Ersatzintervall.","robots":{"index":"index","follow":"follow","max-snippet":"max-snippet:-1","max-image-preview":"max-image-preview:large","max-video-preview":"max-video-preview:-1"},"canonical":"https:\/\/autobaak.nl\/de\/audi-a4\/","og_locale":"de_DE","og_type":"article","og_title":"Audi A4 - Autobaak.nl","og_description":"Wanneer distributieriem vervangen Audi A4. Zowel voor diesel motoren als benzine varianten. met o.a. de TDI en TFSI. Vind de vervangingsinterval hier.","og_url":"https:\/\/autobaak.nl\/de\/audi-a4\/","og_site_name":"Autobaak.nl","article_modified_time":"2020-12-16T09:04:06+00:00","og_image":[{"url":"https:\/\/ti.tradetracker.net\/?c=27312&m=1277203&a=390195&r=&t=html","type":"","width":"","height":""}],"twitter_card":"summary_large_image","twitter_misc":{"Gesch\u00e4tzte Lesezeit":"3\u00a0Minuten"},"schema":{"@context":"https:\/\/schema.org","@graph":[{"@type":"WebPage","@id":"https:\/\/autobaak.nl\/audi-a4\/","url":"https:\/\/autobaak.nl\/audi-a4\/","name":"Audi A4 - Autobaak.de","isPartOf":{"@id":"https:\/\/autobaak.nl\/#website"},"primaryImageOfPage":{"@id":"https:\/\/autobaak.nl\/audi-a4\/#primaryimage"},"image":{"@id":"https:\/\/autobaak.nl\/audi-a4\/#primaryimage"},"thumbnailUrl":"https:\/\/ti.tradetracker.net\/?c=27312&m=1277203&a=390195&r=&t=html","datePublished":"2017-06-26T15:28:52+00:00","dateModified":"2020-12-16T09:04:06+00:00","description":"Wann ist ein Zahnriemen zu wechseln? Audi A4. Sowohl f\u00fcr die Dieselmotoren als auch f\u00fcr die Benzinvarianten, einschlie\u00dflich TDI und TFSI. Hier finden Sie das Ersatzintervall.","breadcrumb":{"@id":"https:\/\/autobaak.nl\/audi-a4\/#breadcrumb"},"inLanguage":"de","potentialAction":[{"@type":"ReadAction","target":["https:\/\/autobaak.nl\/audi-a4\/"]}]},{"@type":"ImageObject","inLanguage":"de","@id":"https:\/\/autobaak.nl\/audi-a4\/#primaryimage","url":"https:\/\/ti.tradetracker.net\/?c=27312&m=1277203&a=390195&r=&t=html","contentUrl":"https:\/\/ti.tradetracker.net\/?c=27312&m=1277203&a=390195&r=&t=html"},{"@type":"BreadcrumbList","@id":"https:\/\/autobaak.nl\/audi-a4\/#breadcrumb","itemListElement":[{"@type":"ListItem","position":1,"name":"Home","item":"https:\/\/autobaak.nl\/"},{"@type":"ListItem","position":2,"name":"Audi A4"}]},{"@type":"WebSite","@id":"https:\/\/autobaak.nl\/#website","url":"https:\/\/autobaak.nl\/","name":"Autobook.de","description":"Autos &amp; Rennsport","potentialAction":[{"@type":"SearchAction","target":{"@type":"EntryPoint","urlTemplate":"https:\/\/autobaak.nl\/?s={search_term_string}"},"query-input":{"@type":"PropertyValueSpecification","valueRequired":true,"valueName":"search_term_string"}}],"inLanguage":"de"}]}},"_links":{"self":[{"href":"https:\/\/autobaak.nl\/de\/wp-json\/wp\/v2\/pages\/259","targetHints":{"allow":["GET"]}}],"collection":[{"href":"https:\/\/autobaak.nl\/de\/wp-json\/wp\/v2\/pages"}],"about":[{"href":"https:\/\/autobaak.nl\/de\/wp-json\/wp\/v2\/types\/page"}],"author":[{"embeddable":true,"href":"https:\/\/autobaak.nl\/de\/wp-json\/wp\/v2\/users\/1"}],"replies":[{"embeddable":true,"href":"https:\/\/autobaak.nl\/de\/wp-json\/wp\/v2\/comments?post=259"}],"version-history":[{"count":0,"href":"https:\/\/autobaak.nl\/de\/wp-json\/wp\/v2\/pages\/259\/revisions"}],"wp:attachment":[{"href":"https:\/\/autobaak.nl\/de\/wp-json\/wp\/v2\/media?parent=259"}],"curies":[{"name":"wp","href":"https:\/\/api.w.org\/{rel}","templated":true}]}}