{"id":274,"date":"2017-06-28T12:59:47","date_gmt":"2017-06-28T12:59:47","guid":{"rendered":"https:\/\/autobaak.nl\/?page_id=274"},"modified":"2020-07-21T10:56:28","modified_gmt":"2020-07-21T10:56:28","slug":"audi-a5","status":"publish","type":"page","link":"https:\/\/autobaak.nl\/de\/audi-a5\/","title":{"rendered":"Audi A5"},"content":{"rendered":"<p>[et_pb_section fb_built=\"1\u2033 custom_padding_last_edited=\"on|desktop\" _builder_version=\"3.22\u2033 background_colour=\"#0c71c3\u2033 custom_padding_tablet=\"50px|0|50px|0\u2033 custom_padding_phone=\"\" transparent_background=\"off\" padding_mobile=\"off\" make_fullwidth=\"off\" use_custom_width=\"off\" width_unit=\"on\"][et_pb_row _builder_version=\"3.25\u2033 background_size=\"initial\" background_position=\"top_left\" background_repeat=\"repeat\"][et_pb_column type=\"4_4\u2033 _builder_version=\"3.25\u2033 custom_padding=\"|||\" custom_padding__hover=\"|||\"][et_pb_text _builder_version=\"3.27.4\u2033 background_size=\"initial\" background_position=\"top_left\" background_repeat=\"repeat\" text_orientation=\"centre\" background_layout=\"dark\" module_alignment=\"centre\" use_border_color=\"off\" border_color=\"#ffffff\" border_style=\"solid\"][et_pb_text _builder_version=\"3.27.<\/p>\n<h1 style=\"text-align: center;\">Wann ist der Audi A5 Zahnriemen zu wechseln?<\/h1>\n<p>[\/et_pb_text][\/et_pb_column][\/et_pb_row][\/et_pb_section][et_pb_section fb_built=\"1\u2033 _builder_version=\"4.0.7\u2033 inner_width_tablet=\"50px\" inner_max_width_tablet=\"50px\" custom_margin=\"||-40px|\" custom_padding=\"2px||0px||false|false\" z_index_tablet=\"500\u2033 box_shadow_horizontal_tablet=\"0px\" box_shadow_vertical_tablet=\"0px\" box_shadow_blur_tablet=\"40px\" box_shadow_spread_tablet=\"0px\" global_module=\"1614\u2033][et_pb_row _builder_version=\"3.25\u2033 background_size=\"initial\" background_position=\"top_left\" background_repeat=\"repeat\"][et_pb_column type=\"4_4\u2033 _builder_version=\"3.25\u2033 custom_padding=\"|||\" custom_padding__hover=\"|||\"][et_pb_shop type=\"product_category\" posts_number=\"4\u2033 include_categories=\"883,1608\u2033 _builder_version=\"4.4.9\u2033][\/et_pb_shop][\/et_pb_column][\/et_pb_row][\/et_pb_section][et_pb_section fb_built=\"1\u2033 _builder_version=\"3.22\u2033][et_pb_row column_structure=\"2_3,1_3\u2033 _builder_version=\"3.25\u2033 background_size=\"initial\" background_position=\"top_left\" background_repeat=\"repeat\"][et_pb_column type=\"2_3\u2033 _builder_version=\"3.25\u2033 custom_padding=\"|||\" custom_padding__hover=\"|||\"][et_pb_text _builder_version=\"3.27.4\u2033 background_size=\"initial\" background_position=\"top_left\" background_repeat=\"repeat\" use_border_colour=\"off\" border_colour=\"#ffffff\" border_style=\"solid\"]<\/p>\n<p>\nDer Audi A5 ist ein Luxus-Coup\u00e9 aus dem Mittelklassesegment von Audi. Dieses Modell ist sowohl mit Benzin- als auch mit Dieselmotoren erh\u00e4ltlich. Nachfolgend finden Sie eine \u00dcbersicht \u00fcber die Wechselintervalle des Zahnriemens. Wenn Sie nicht wissen, welchen Motor Ihr Fahrzeug hat, k\u00f6nnen Sie unten das Kennzeichen eingeben.<\/p>\n<p>[open_rdw_check \"marke\" \"handelsname\" \"fahrzeugtyp\" \"kraftstoff_beschreibung\" \"anzahl_zylinder\" \"hubraum\" \"expiry_apk\"]<br \/>\n[\/et_pb_text][et_pb_text _builder_version=\"3.27.4\u2033 background_size=\"initial\" background_position=\"top_left\" background_repeat=\"repeat\" use_border_color=\"off\" border_color=\"#ffffff\" border_style=\"solid\"]<\/p>\n<h2><strong>Benzin<\/strong> <strong>Varianten, die ab 2007 hergestellt wurden:<br \/>\n<\/strong><\/h2>\n<ul>\n<li>Audi A5 1.8 TFSI = <strong>Steuerkette;<\/strong><b><br \/>\n<\/b><\/li>\n<li>Audi A5 2.0 TFSI = <strong>Steuerkette;<\/strong><\/li>\n<li>Audi A5 2.0 TFSI quattro = <strong>Steuerkette;<\/strong><\/li>\n<li>Audi A5 3.0 TFSI quattro = <strong>Steuerkette;<\/strong><\/li>\n<li>Audi A5 3.2 FSI = <strong>Steuerkette;<\/strong><\/li>\n<li>Audi A5 3.2 FSI quattro = <strong>Steuerkette;<\/strong><\/li>\n<li>Audi A5 S5 quattro = <strong>Steuerkette;<\/strong><\/li>\n<\/ul>\n<h2><strong>Ab 2007 produzierte Dieselvarianten:<br \/>\n<\/strong><\/h2>\n<ul>\n<li>Audi A5 2.0 TDI (bis 2009) = <strong>180 000 Kilometer;<\/strong><\/li>\n<li>Audi A5 2.0 TDI (ab 2010) = <strong>210 000 Kilometer;<\/strong><\/li>\n<li>Audi A5 2.0 TDI quattro (bis 2009) = <strong>180 000 Kilometer;<\/strong><\/li>\n<li>Audi A5 2.0 TDI quattro (ab 2010) = <strong>210 000 Kilometer;<\/strong><\/li>\n<li>Audi A5 2.7 TDI =\u00a0<strong>Steuerkette<\/strong><strong>;<\/strong><\/li>\n<li>Audi A5 3.0 TDI =\u00a0<strong>Steuerkette<\/strong><strong>;<\/strong><\/li>\n<li>Audi A5 3.0 TDI quattro =\u00a0<strong>Steuerkette<\/strong><strong>;<\/strong><strong><br \/>\n<\/strong><\/li>\n<\/ul>\n<p>[\/et_pb_text][\/et_pb_column][et_pb_column type=\"1_3\u2033 _builder_version=\"3.25\u2033 custom_padding=\"|||\" custom_padding__hover=\"|||\"][et_pb_code _builder_version=\"4.2.2\u2033 text_orientation=\"centre\" z_index_tablet=\"500\u2033 global_module=\"1602\u2033 saved_tabs=\"all\"]<a href=\"https:\/\/lt45.net\/c\/?si=13244&#038;li=1625022&#038;wi=334511&#038;ws=\" rel=\"sponsored noopener noreferrer\" target=\"_blank\"><img decoding=\"async\" src=\"https:\/\/static-dscn.net\/13244\/1625022\/?wi=334511&#038;ws=\" alt=\"\" style=\"max-width:100%; height:auto; border:none;\" \/><\/a>[\/et_pb_code][\/et_pb_column][\/et_pb_row][\/et_pb_section].<\/p>","protected":false},"excerpt":{"rendered":"<p>Wann ist der Zahnriemen zu wechseln Audi A5 Der Audi A5 ist ein Mittelklasse-Luxuscoup\u00e9 von Audi. Dieses Modell ist sowohl mit Benzin- als auch mit Dieselmotoren erh\u00e4ltlich. Nachfolgend finden Sie eine \u00dcbersicht \u00fcber das Wechselintervall des Zahnriemens. Wenn Sie nicht wissen, welchen Motor Ihr Auto hat, k\u00f6nnen Sie die Zulassungsnummer unten eingeben. [open_rdw_check \"Marke\" \"Handelsname\" [...].<\/p>","protected":false},"author":1,"featured_media":0,"parent":0,"menu_order":0,"comment_status":"closed","ping_status":"closed","template":"","meta":{"_et_pb_use_builder":"on","_et_pb_old_content":"","_et_gb_content_width":"","footnotes":""},"class_list":["post-274","page","type-page","status-publish","hentry"],"yoast_head":"<!-- This site is optimized with the Yoast SEO plugin v27.3 - https:\/\/yoast.com\/product\/yoast-seo-wordpress\/ -->\n<title>Audi A5 - Autobaak.nl<\/title>\n<meta name=\"description\" content=\"Wanneer distributieriem vervangen Audi A5. Zowel voor diesel motoren als benzine varianten. met o.a. de TFSI en TDI. Vind de vervangingsinterval hier.\" \/>\n<meta name=\"robots\" content=\"index, follow, max-snippet:-1, max-image-preview:large, max-video-preview:-1\" \/>\n<link rel=\"canonical\" href=\"https:\/\/autobaak.nl\/de\/audi-a5\/\" \/>\n<meta property=\"og:locale\" content=\"de_DE\" \/>\n<meta property=\"og:type\" content=\"article\" \/>\n<meta property=\"og:title\" content=\"Audi A5 - Autobaak.nl\" \/>\n<meta property=\"og:description\" content=\"Wanneer distributieriem vervangen Audi A5. Zowel voor diesel motoren als benzine varianten. met o.a. de TFSI en TDI. Vind de vervangingsinterval hier.\" \/>\n<meta property=\"og:url\" content=\"https:\/\/autobaak.nl\/de\/audi-a5\/\" \/>\n<meta property=\"og:site_name\" content=\"Autobaak.nl\" \/>\n<meta property=\"article:modified_time\" content=\"2020-07-21T10:56:28+00:00\" \/>\n<meta property=\"og:image\" content=\"https:\/\/static-dscn.net\/13244\/1625022\/?wi=334511&ws=\" \/>\n<meta name=\"twitter:card\" content=\"summary_large_image\" \/>\n<meta name=\"twitter:label1\" content=\"Gesch\u00e4tzte Lesezeit\" \/>\n\t<meta name=\"twitter:data1\" content=\"2\u00a0Minuten\" \/>\n<script type=\"application\/ld+json\" class=\"yoast-schema-graph\">{\"@context\":\"https:\\\/\\\/schema.org\",\"@graph\":[{\"@type\":\"WebPage\",\"@id\":\"https:\\\/\\\/autobaak.nl\\\/audi-a5\\\/\",\"url\":\"https:\\\/\\\/autobaak.nl\\\/audi-a5\\\/\",\"name\":\"Audi A5 - Autobaak.nl\",\"isPartOf\":{\"@id\":\"https:\\\/\\\/autobaak.nl\\\/#website\"},\"primaryImageOfPage\":{\"@id\":\"https:\\\/\\\/autobaak.nl\\\/audi-a5\\\/#primaryimage\"},\"image\":{\"@id\":\"https:\\\/\\\/autobaak.nl\\\/audi-a5\\\/#primaryimage\"},\"thumbnailUrl\":\"https:\\\/\\\/static-dscn.net\\\/13244\\\/1625022\\\/?wi=334511&ws=\",\"datePublished\":\"2017-06-28T12:59:47+00:00\",\"dateModified\":\"2020-07-21T10:56:28+00:00\",\"description\":\"Wanneer distributieriem vervangen Audi A5. Zowel voor diesel motoren als benzine varianten. met o.a. de TFSI en TDI. Vind de vervangingsinterval hier.\",\"breadcrumb\":{\"@id\":\"https:\\\/\\\/autobaak.nl\\\/audi-a5\\\/#breadcrumb\"},\"inLanguage\":\"de\",\"potentialAction\":[{\"@type\":\"ReadAction\",\"target\":[\"https:\\\/\\\/autobaak.nl\\\/audi-a5\\\/\"]}]},{\"@type\":\"ImageObject\",\"inLanguage\":\"de\",\"@id\":\"https:\\\/\\\/autobaak.nl\\\/audi-a5\\\/#primaryimage\",\"url\":\"https:\\\/\\\/static-dscn.net\\\/13244\\\/1625022\\\/?wi=334511&ws=\",\"contentUrl\":\"https:\\\/\\\/static-dscn.net\\\/13244\\\/1625022\\\/?wi=334511&ws=\"},{\"@type\":\"BreadcrumbList\",\"@id\":\"https:\\\/\\\/autobaak.nl\\\/audi-a5\\\/#breadcrumb\",\"itemListElement\":[{\"@type\":\"ListItem\",\"position\":1,\"name\":\"Home\",\"item\":\"https:\\\/\\\/autobaak.nl\\\/\"},{\"@type\":\"ListItem\",\"position\":2,\"name\":\"Audi A5\"}]},{\"@type\":\"WebSite\",\"@id\":\"https:\\\/\\\/autobaak.nl\\\/#website\",\"url\":\"https:\\\/\\\/autobaak.nl\\\/\",\"name\":\"Autobaak.nl\",\"description\":\"Cars &amp; Racing\",\"potentialAction\":[{\"@type\":\"SearchAction\",\"target\":{\"@type\":\"EntryPoint\",\"urlTemplate\":\"https:\\\/\\\/autobaak.nl\\\/?s={search_term_string}\"},\"query-input\":{\"@type\":\"PropertyValueSpecification\",\"valueRequired\":true,\"valueName\":\"search_term_string\"}}],\"inLanguage\":\"de\"}]}<\/script>\n<!-- \/ Yoast SEO plugin. -->","yoast_head_json":{"title":"Audi A5 - Autobaak.de","description":"Wann ist ein Zahnriemen zu wechseln Audi A5. Sowohl f\u00fcr die Dieselmotoren als auch f\u00fcr die Benzinvarianten, einschlie\u00dflich TFSI und TDI. Hier finden Sie das Ersatzintervall.","robots":{"index":"index","follow":"follow","max-snippet":"max-snippet:-1","max-image-preview":"max-image-preview:large","max-video-preview":"max-video-preview:-1"},"canonical":"https:\/\/autobaak.nl\/de\/audi-a5\/","og_locale":"de_DE","og_type":"article","og_title":"Audi A5 - Autobaak.nl","og_description":"Wanneer distributieriem vervangen Audi A5. Zowel voor diesel motoren als benzine varianten. met o.a. de TFSI en TDI. Vind de vervangingsinterval hier.","og_url":"https:\/\/autobaak.nl\/de\/audi-a5\/","og_site_name":"Autobaak.nl","article_modified_time":"2020-07-21T10:56:28+00:00","og_image":[{"url":"https:\/\/static-dscn.net\/13244\/1625022\/?wi=334511&ws=","type":"","width":"","height":""}],"twitter_card":"summary_large_image","twitter_misc":{"Gesch\u00e4tzte Lesezeit":"2\u00a0Minuten"},"schema":{"@context":"https:\/\/schema.org","@graph":[{"@type":"WebPage","@id":"https:\/\/autobaak.nl\/audi-a5\/","url":"https:\/\/autobaak.nl\/audi-a5\/","name":"Audi A5 - Autobaak.de","isPartOf":{"@id":"https:\/\/autobaak.nl\/#website"},"primaryImageOfPage":{"@id":"https:\/\/autobaak.nl\/audi-a5\/#primaryimage"},"image":{"@id":"https:\/\/autobaak.nl\/audi-a5\/#primaryimage"},"thumbnailUrl":"https:\/\/static-dscn.net\/13244\/1625022\/?wi=334511&ws=","datePublished":"2017-06-28T12:59:47+00:00","dateModified":"2020-07-21T10:56:28+00:00","description":"Wann ist ein Zahnriemen zu wechseln Audi A5. Sowohl f\u00fcr die Dieselmotoren als auch f\u00fcr die Benzinvarianten, einschlie\u00dflich TFSI und TDI. Hier finden Sie das Ersatzintervall.","breadcrumb":{"@id":"https:\/\/autobaak.nl\/audi-a5\/#breadcrumb"},"inLanguage":"de","potentialAction":[{"@type":"ReadAction","target":["https:\/\/autobaak.nl\/audi-a5\/"]}]},{"@type":"ImageObject","inLanguage":"de","@id":"https:\/\/autobaak.nl\/audi-a5\/#primaryimage","url":"https:\/\/static-dscn.net\/13244\/1625022\/?wi=334511&ws=","contentUrl":"https:\/\/static-dscn.net\/13244\/1625022\/?wi=334511&ws="},{"@type":"BreadcrumbList","@id":"https:\/\/autobaak.nl\/audi-a5\/#breadcrumb","itemListElement":[{"@type":"ListItem","position":1,"name":"Home","item":"https:\/\/autobaak.nl\/"},{"@type":"ListItem","position":2,"name":"Audi A5"}]},{"@type":"WebSite","@id":"https:\/\/autobaak.nl\/#website","url":"https:\/\/autobaak.nl\/","name":"Autobook.de","description":"Autos &amp; Rennsport","potentialAction":[{"@type":"SearchAction","target":{"@type":"EntryPoint","urlTemplate":"https:\/\/autobaak.nl\/?s={search_term_string}"},"query-input":{"@type":"PropertyValueSpecification","valueRequired":true,"valueName":"search_term_string"}}],"inLanguage":"de"}]}},"_links":{"self":[{"href":"https:\/\/autobaak.nl\/de\/wp-json\/wp\/v2\/pages\/274","targetHints":{"allow":["GET"]}}],"collection":[{"href":"https:\/\/autobaak.nl\/de\/wp-json\/wp\/v2\/pages"}],"about":[{"href":"https:\/\/autobaak.nl\/de\/wp-json\/wp\/v2\/types\/page"}],"author":[{"embeddable":true,"href":"https:\/\/autobaak.nl\/de\/wp-json\/wp\/v2\/users\/1"}],"replies":[{"embeddable":true,"href":"https:\/\/autobaak.nl\/de\/wp-json\/wp\/v2\/comments?post=274"}],"version-history":[{"count":0,"href":"https:\/\/autobaak.nl\/de\/wp-json\/wp\/v2\/pages\/274\/revisions"}],"wp:attachment":[{"href":"https:\/\/autobaak.nl\/de\/wp-json\/wp\/v2\/media?parent=274"}],"curies":[{"name":"wp","href":"https:\/\/api.w.org\/{rel}","templated":true}]}}