{"id":316,"date":"2017-07-05T13:26:30","date_gmt":"2017-07-05T13:26:30","guid":{"rendered":"https:\/\/autobaak.nl\/?page_id=316"},"modified":"2020-11-23T16:05:11","modified_gmt":"2020-11-23T16:05:11","slug":"opel-astra","status":"publish","type":"page","link":"https:\/\/autobaak.nl\/de\/opel-astra\/","title":{"rendered":"Opel Astra"},"content":{"rendered":"<p>[et_pb_section fb_built=\"1\u2033 custom_padding_last_edited=\"on|desktop\" _builder_version=\"3.22\u2033 background_colour=\"#0c71c3\u2033 custom_padding_tablet=\"50px|0|50px|0\u2033 custom_padding_phone=\"\" transparent_background=\"off\" padding_mobile=\"off\" make_fullwidth=\"off\" use_custom_width=\"off\" width_unit=\"on\"][et_pb_row _builder_version=\"3.25\u2033 background_size=\"initial\" background_position=\"top_left\" background_repeat=\"repeat\"][et_pb_column type=\"4_4\u2033 _builder_version=\"3.25\u2033 custom_padding=\"|||\" custom_padding__hover=\"|||\"][et_pb_text _builder_version=\"3.27.4\u2033 background_size=\"initial\" background_position=\"top_left\" background_repeat=\"repeat\" text_orientation=\"centre\" background_layout=\"dark\" module_alignment=\"centre\" use_border_color=\"off\" border_color=\"#ffffff\" border_style=\"solid\"][et_pb_text _builder_version=\"3.27.<\/p>\n<h1 style=\"text-align: center;\">Wann ist ein Opel Astra Zahnriemen zu wechseln?<\/h1>\n<p>[\/et_pb_text][\/et_pb_column][\/et_pb_row][\/et_pb_section][et_pb_section fb_built=\"1\u2033 _builder_version=\"4.0.7\u2033 inner_width_tablet=\"50px\" inner_max_width_tablet=\"50px\" custom_margin=\"||-40px|\" custom_padding=\"2px||0px||false|false\" z_index_tablet=\"500\u2033 box_shadow_horizontal_tablet=\"0px\" box_shadow_vertical_tablet=\"0px\" box_shadow_blur_tablet=\"40px\" box_shadow_spread_tablet=\"0px\" global_module=\"1614\u2033][et_pb_row _builder_version=\"3.25\u2033 background_size=\"initial\" background_position=\"top_left\" background_repeat=\"repeat\"][et_pb_column type=\"4_4\u2033 _builder_version=\"3.25\u2033 custom_padding=\"|||\" custom_padding__hover=\"|||\"][et_pb_code _builder_version=\"4.7.3\u2033 _module_preset=\"default\"]<a href=\"https:\/\/www.carpardoo.nl\/cgi-php\/ersatzteile.cgi?tt=29059_1424763_390195_&#038;r=\" target=\"_blank\" rel=\"sponsored nofollow noopener noreferrer\"><img loading=\"lazy\" decoding=\"async\" src=\"https:\/\/ti.tradetracker.net\/?c=29059&#038;m=1424763&#038;a=390195&#038;r=&#038;t=html\" width=\"728\" height=\"90\" border=\"0\" alt=\"Autoteile und Autozubeh\u00f6r\" \/><\/a>[\/et_pb_code][\/et_pb_column][\/et_pb_row][\/et_pb_section][et_pb_section fb_built=\"1\u2033 _builder_version=\"3.22\u2033][et_pb_row column_structure=\"2_3,1_3\u2033 _builder_version=\"3.25\u2033 background_size=\"initial\" background_position=\"top_left\" background_repeat=\"repeat\"][et_pb_column type=\"2_3\u2033 _builder_version=\"3.25\u2033 custom_padding=\"|||\" custom_padding__hover=\"|||\"][et_pb_text _builder_version=\"3.27.4\u2033 background_size=\"initial\" background_position=\"top_left\" background_repeat=\"repeat\" use_border_color=\"off\" border_color=\"#ffffff\" border_style=\"solid\"]<\/p>\n<p>\nDer Opel Astra ist seit 1992 fester Bestandteil der Opel-Produktpalette. Dieses Modell ist sowohl mit Benzin- als auch mit Dieselmotoren erh\u00e4ltlich. Nachfolgend finden Sie eine \u00dcbersicht \u00fcber die Wechselintervalle des Zahnriemens. Wenn Sie nicht wissen, welchen Motor Ihr Fahrzeug hat, k\u00f6nnen Sie unten das Kennzeichen eingeben.<\/p>\n<p>[open_rdw_check \"marke\" \"handelsname\" \"fahrzeugtyp\" \"kraftstoff_beschreibung\" \"anzahl_zylinder\" \"hubraum\" \"expiry_apk\"]<br \/>\n[\/et_pb_text][et_pb_text _builder_version=\"3.27.4\u2033 background_size=\"initial\" background_position=\"top_left\" background_repeat=\"repeat\" use_border_color=\"off\" border_color=\"#ffffff\" border_style=\"solid\"]<\/p>\n<h2><strong>Benzin<\/strong> <strong>Varianten, die zwischen 1998 und 2005 hergestellt wurden:<br \/>\n<\/strong><\/h2>\n<ul>\n<li>Opel Astra 1.2 16V (1998 - 2000) = <strong>Steuerkette;<\/strong><b><br \/>\n<\/b><\/li>\n<li>Opel Astra 1.2 16V (2000 - 2005) = <strong>Steuerkette;<\/strong><\/li>\n<li>Opel Astra 1.4 (2007 - 2009) = <strong>Steuerkette;<\/strong><\/li>\n<li>Opel Astra 1.4 (bis 2003) = <strong>60 000 Kilometer oder maximal 4 Jahre;<\/strong><\/li>\n<li>Opel Astra 1.4 (ab 2003) = <strong>90 000 Kilometer oder maximal 6 Jahre;<\/strong><\/li>\n<li>Opel Astra 1.6 55 kW = <strong>120 000 Kilometer oder maximal 8 Jahre;<\/strong><\/li>\n<li>Opel Astra 1.6 62 kW = <strong>120 000 Kilometer oder maximal 8 Jahre;<\/strong><\/li>\n<li>Opel Astra 1.6 76 kW = <strong>150 000 Kilometer oder maximal 10 Jahre;<\/strong><\/li>\n<li>Opel Astra 1.6 16V (bis 2003) = <strong>60 000 Kilometer oder maximal 4 Jahre;<\/strong><\/li>\n<li>Opel Astra 1.6 16V (ab 2003) = <strong>90 000 Kilometer oder maximal 6 Jahre;<\/strong><\/li>\n<li>Opel Astra 1.8 16V (bis 2003) = <strong>60 000 Kilometer oder maximal 4 Jahre;<\/strong><\/li>\n<li>Opel Astra 1.8 16V (ab 2003) = <strong>90 000 Kilometer oder maximal 6 Jahre;<\/strong><\/li>\n<li>Opel Astra 2.0 16V (bis 2003) = <strong>60 000 Kilometer oder maximal 4 Jahre;<\/strong><\/li>\n<li>Opel Astra 2.0 16V (ab 2003) = <strong>90 000 Kilometer oder maximal 6 Jahre;<\/strong><\/li>\n<li>Opel Astra 2.0 16V OPC = <strong>60 000 Kilometer oder maximal 4 Jahre;<\/strong><\/li>\n<li>Opel Astra 2.0 16V Turbo = <strong>60 000 Kilometer oder maximal 4 Jahre.<\/strong><\/li>\n<\/ul>\n<h2><strong>Diesel<\/strong> <strong>Varianten, die zwischen 1998 und 2005 hergestellt wurden:<\/strong><\/h2>\n<ul>\n<li>Opel Astra 1.7 CDTI = <strong>150 000 Kilometer oder maximal 10 Jahre;<\/strong><\/li>\n<li>Opel Astra 1.7 DTI 16V = <strong>150 000 Kilometer oder maximal 10 Jahre;<\/strong><\/li>\n<li>Opel Astra 1.7 DT = <strong>120 000 Kilometer oder maximal 8 Jahre;<\/strong><\/li>\n<li>Opel Astra 2.0 DI = <strong>Steuerkette;<\/strong><\/li>\n<li>Opel Astra 2.0 DTI 16V = <strong>Steuerkette;<\/strong><\/li>\n<li>Opel Astra 2.2 16V = <strong>Steuerkette;<\/strong><\/li>\n<li>Opel Astra 2.2 DTI = <strong>Steuerkette.<\/strong><\/li>\n<\/ul>\n<h2><strong>Benzin<\/strong> <strong>Varianten, die zwischen 2005 und 2011 hergestellt wurden:<br \/>\n<\/strong><\/h2>\n<ul>\n<li>Opel Astra 1.4 = <strong>Steuerkette;<\/strong><b><br \/>\n<\/b><\/li>\n<li>Opel Astra 1.4 LPG = <strong>Steuerkette;<\/strong><\/li>\n<li>Opel Astra 1.4 Turbo = <strong>Steuerkette;<\/strong><\/li>\n<li>Opel Astra 1.6 77 kW =\u00a0<strong>150 000 Kilometer oder maximal 10 Jahre;<\/strong><\/li>\n<li>Opel Astra 1.6 85 kW (bis 2011) =\u00a0<strong>150 000 Kilometer oder maximal 10 Jahre;<\/strong><\/li>\n<li>Opel Astra 1.6 85 kW (ab 2011) =\u00a0<strong>150 000 Kilometer oder maximal 6 Jahre;<\/strong><\/li>\n<li>Opel Astra 1.6 Turbo 132 kW (bis 2011) =\u00a0<strong>150 000 Kilometer oder maximal 10 Jahre;<\/strong><\/li>\n<li>Opel Astra 1.6 Turbo 132 kW (ab 2011) =\u00a0<strong>150 000 Kilometer oder maximal 6 Jahre;<\/strong><\/li>\n<li>Opel Astra 1.8 92 kW =\u00a0<strong>90 000 Kilometer oder maximal 6 Jahre;<\/strong><\/li>\n<li>Opel Astra 1.8 103 kW (bis 2011) =\u00a0<strong>150 000 Kilometer oder maximal 10 Jahre;<\/strong><\/li>\n<li>Opel Astra 1.8 103 kW (ab 2011) =\u00a0<strong>150 000 Kilometer oder maximal 6 Jahre;<\/strong><\/li>\n<li>Opel Astra 2.0 Turbo\u00a0<strong>120 000 Kilometer oder maximal 8 Jahre.<\/strong><\/li>\n<\/ul>\n<h2><strong>Diesel<\/strong> <strong>Varianten, die zwischen 2005 und 2011 hergestellt wurden:<\/strong><\/h2>\n<ul>\n<li>Opel Astra 1.3 CDTI =\u00a0<strong>Steuerkette<\/strong><strong>;<\/strong><\/li>\n<li>Opel Astra 1.7 CDTI 59 KW = <strong>150 000 Kilometer oder maximal 10 Jahre;<\/strong><\/li>\n<li>Opel Astra 1.7 CDTI 74 KW (bis 2005) = <strong>100 000 Kilometer oder maximal 10 Jahre;<\/strong><\/li>\n<li>Opel Astra 1.7 CDTI 74 KW (ab 2006) = <strong>9<\/strong><strong>0 000 Kilometer oder maximal 10 Jahre;<\/strong><\/li>\n<li>Opel Astra 1.9 CDTI (bis 2011) = <strong>150 000 Kilometer oder maximal 10 Jahre;<\/strong><\/li>\n<li>Opel Astra 1.9 CDTI (ab 2011) = <strong>15<\/strong><strong>0 000 Kilometer oder maximal 6 Jahre;<\/strong><\/li>\n<li>Opel Astra 1.9 CDTI 16V (bis 2011) = <strong>150 000 Kilometer oder maximal 10 Jahre;<\/strong><\/li>\n<li>Opel Astra 1.9 CDTI 16V (ab 2011) = <strong>15<\/strong><strong>0 000 Kilometer oder maximal 6 Jahre.<\/strong><\/li>\n<\/ul>\n<h2><strong>Benzin<\/strong> <strong>Varianten, die zwischen 2011 und 2015 hergestellt wurden:<br \/>\n<\/strong><\/h2>\n<ul>\n<li>Opel Astra 1.4 = <strong>Steuerkette;<\/strong><b><br \/>\n<\/b><\/li>\n<li>Opel Astra 1.4 LPG = <strong>Steuerkette;<\/strong><\/li>\n<li>Opel Astra 1.4 Turbo = <strong>Steuerkette;<\/strong><\/li>\n<li>Opel Astra 1.6 =\u00a0<strong>150 000 Kilometer oder maximal 6 Jahre;<\/strong><\/li>\n<li>Opel Astra 1.6 SIDI = <strong>Steuerkette;<\/strong><\/li>\n<li>Opel Astra 1.6 Turbo =\u00a0<strong>150 000 Kilometer oder maximal 6 Jahre;<\/strong><\/li>\n<li>Opel Astra 1.8 =\u00a0<strong>150 000 Kilometer oder maximal 6 Jahre;<\/strong><\/li>\n<li>Opel Astra 2.0 = <strong>Steuerkette.<\/strong><\/li>\n<\/ul>\n<h2><strong>Diesel<\/strong> <strong>Varianten, die zwischen 2011 und 2015 hergestellt wurden:<\/strong><\/h2>\n<ul>\n<li>Opel Astra 1.3 CDTI =\u00a0<strong>Steuerkette<\/strong><strong>;<\/strong><\/li>\n<li>Opel Astra 1.4 CDTI =\u00a0<strong>Steuerkette<\/strong><strong>;<\/strong><\/li>\n<li>Opel Astra 1.6 CDTI =\u00a0<strong>Steuerkette<\/strong><strong>;<\/strong><\/li>\n<li>Opel Astra 1.7 CDTI = <strong>150 000 Kilometer oder maximal 6 Jahre;<\/strong><\/li>\n<li>Opel Astra 2.0 BITurbo CDTI = <strong>120 000 Kilometer oder maximal 6 Jahre;<\/strong><\/li>\n<li>Opel Astra 2.0 CDTI = <strong>150 000 Kilometer oder maximal 6 Jahre.<\/strong><\/li>\n<\/ul>\n<h2><strong>2015 produzierte Varianten:<br \/>\n<\/strong><\/h2>\n<ul>\n<li>Opel Astra 1.0 = <strong>Steuerkette;<\/strong><\/li>\n<li>Opel Astra 1.4 = <strong>Steuerkette;<\/strong><\/li>\n<li>Opel Astra 1.4 Turbo = <strong>Steuerkette;<\/strong><\/li>\n<li>Opel Astra 1.6 CDTI = <strong>Steuerkette;<\/strong><\/li>\n<li>Opel Astra 1.6 CDTI Turbo = <strong>Steuerkette;<\/strong><\/li>\n<li>Opel Astra 1.6 Turbo = <strong>Steuerkette.<\/strong><\/li>\n<\/ul>\n<p>[\/et_pb_text][\/et_pb_column][et_pb_column type=\"1_3\u2033 _builder_version=\"3.25\u2033 custom_padding=\"|||\" custom_padding__hover=\"|||\"][\/et_pb_column][\/et_pb_row][\/et_pb_section].<\/p>","protected":false},"excerpt":{"rendered":"<p>Wann muss der Zahnriemen des Opel Astra gewechselt werden Der Opel Astra ist seit 1992 ein Mittelklassewagen der Opel-Produktpalette. Dieses Modell gibt es sowohl mit Benzin- als auch mit Dieselmotoren. Nachfolgend finden Sie eine \u00dcbersicht \u00fcber das Wechselintervall des Zahnriemens. Wenn Sie nicht wissen, welchen Motor Ihr Auto hat, k\u00f6nnen Sie die [...] unten finden.<\/p>","protected":false},"author":1,"featured_media":0,"parent":0,"menu_order":0,"comment_status":"closed","ping_status":"closed","template":"","meta":{"_et_pb_use_builder":"on","_et_pb_old_content":"","_et_gb_content_width":"","footnotes":""},"class_list":["post-316","page","type-page","status-publish","hentry"],"yoast_head":"<!-- This site is optimized with the Yoast SEO plugin v27.3 - https:\/\/yoast.com\/product\/yoast-seo-wordpress\/ -->\n<title>Wanneer distributieriem vervangen Opel Astra, bekijk hier de interval<\/title>\n<meta name=\"description\" content=\"Wanneer distributieriem vervangen Opel Astra. Zowel voor diesel motoren als benzine varianten met o.a. de 1.2, 1.6 en de CDTI. Vind de interval hier.\" \/>\n<meta name=\"robots\" content=\"index, follow, max-snippet:-1, max-image-preview:large, max-video-preview:-1\" \/>\n<link rel=\"canonical\" href=\"https:\/\/autobaak.nl\/de\/opel-astra\/\" \/>\n<meta property=\"og:locale\" content=\"de_DE\" \/>\n<meta property=\"og:type\" content=\"article\" \/>\n<meta property=\"og:title\" content=\"Wanneer distributieriem vervangen Opel Astra, bekijk hier de interval\" \/>\n<meta property=\"og:description\" content=\"Wanneer distributieriem vervangen Opel Astra. Zowel voor diesel motoren als benzine varianten met o.a. de 1.2, 1.6 en de CDTI. Vind de interval hier.\" \/>\n<meta property=\"og:url\" content=\"https:\/\/autobaak.nl\/de\/opel-astra\/\" \/>\n<meta property=\"og:site_name\" content=\"Autobaak.nl\" \/>\n<meta property=\"article:modified_time\" content=\"2020-11-23T16:05:11+00:00\" \/>\n<meta property=\"og:image\" content=\"https:\/\/ti.tradetracker.net\/?c=29059&m=1424763&a=390195&r=&t=html\" \/>\n<meta name=\"twitter:card\" content=\"summary_large_image\" \/>\n<meta name=\"twitter:label1\" content=\"Gesch\u00e4tzte Lesezeit\" \/>\n\t<meta name=\"twitter:data1\" content=\"4\u00a0Minuten\" \/>\n<script type=\"application\/ld+json\" class=\"yoast-schema-graph\">{\"@context\":\"https:\\\/\\\/schema.org\",\"@graph\":[{\"@type\":\"WebPage\",\"@id\":\"https:\\\/\\\/autobaak.nl\\\/opel-astra\\\/\",\"url\":\"https:\\\/\\\/autobaak.nl\\\/opel-astra\\\/\",\"name\":\"Wanneer distributieriem vervangen Opel Astra, bekijk hier de interval\",\"isPartOf\":{\"@id\":\"https:\\\/\\\/autobaak.nl\\\/#website\"},\"primaryImageOfPage\":{\"@id\":\"https:\\\/\\\/autobaak.nl\\\/opel-astra\\\/#primaryimage\"},\"image\":{\"@id\":\"https:\\\/\\\/autobaak.nl\\\/opel-astra\\\/#primaryimage\"},\"thumbnailUrl\":\"https:\\\/\\\/ti.tradetracker.net\\\/?c=29059&m=1424763&a=390195&r=&t=html\",\"datePublished\":\"2017-07-05T13:26:30+00:00\",\"dateModified\":\"2020-11-23T16:05:11+00:00\",\"description\":\"Wanneer distributieriem vervangen Opel Astra. Zowel voor diesel motoren als benzine varianten met o.a. de 1.2, 1.6 en de CDTI. Vind de interval hier.\",\"breadcrumb\":{\"@id\":\"https:\\\/\\\/autobaak.nl\\\/opel-astra\\\/#breadcrumb\"},\"inLanguage\":\"de\",\"potentialAction\":[{\"@type\":\"ReadAction\",\"target\":[\"https:\\\/\\\/autobaak.nl\\\/opel-astra\\\/\"]}]},{\"@type\":\"ImageObject\",\"inLanguage\":\"de\",\"@id\":\"https:\\\/\\\/autobaak.nl\\\/opel-astra\\\/#primaryimage\",\"url\":\"https:\\\/\\\/ti.tradetracker.net\\\/?c=29059&m=1424763&a=390195&r=&t=html\",\"contentUrl\":\"https:\\\/\\\/ti.tradetracker.net\\\/?c=29059&m=1424763&a=390195&r=&t=html\"},{\"@type\":\"BreadcrumbList\",\"@id\":\"https:\\\/\\\/autobaak.nl\\\/opel-astra\\\/#breadcrumb\",\"itemListElement\":[{\"@type\":\"ListItem\",\"position\":1,\"name\":\"Home\",\"item\":\"https:\\\/\\\/autobaak.nl\\\/\"},{\"@type\":\"ListItem\",\"position\":2,\"name\":\"Opel Astra\"}]},{\"@type\":\"WebSite\",\"@id\":\"https:\\\/\\\/autobaak.nl\\\/#website\",\"url\":\"https:\\\/\\\/autobaak.nl\\\/\",\"name\":\"Autobaak.nl\",\"description\":\"Cars &amp; Racing\",\"potentialAction\":[{\"@type\":\"SearchAction\",\"target\":{\"@type\":\"EntryPoint\",\"urlTemplate\":\"https:\\\/\\\/autobaak.nl\\\/?s={search_term_string}\"},\"query-input\":{\"@type\":\"PropertyValueSpecification\",\"valueRequired\":true,\"valueName\":\"search_term_string\"}}],\"inLanguage\":\"de\"}]}<\/script>\n<!-- \/ Yoast SEO plugin. -->","yoast_head_json":{"title":"Wann der Opel Astra Zahnriemen gewechselt werden muss, erfahren Sie hier","description":"Wann muss der Opel Astra Zahnriemen gewechselt werden? Sowohl f\u00fcr Dieselmotoren als auch f\u00fcr die Benzinvarianten 1.2, 1.6 und CDTI. Das Intervall finden Sie hier.","robots":{"index":"index","follow":"follow","max-snippet":"max-snippet:-1","max-image-preview":"max-image-preview:large","max-video-preview":"max-video-preview:-1"},"canonical":"https:\/\/autobaak.nl\/de\/opel-astra\/","og_locale":"de_DE","og_type":"article","og_title":"Wanneer distributieriem vervangen Opel Astra, bekijk hier de interval","og_description":"Wanneer distributieriem vervangen Opel Astra. Zowel voor diesel motoren als benzine varianten met o.a. de 1.2, 1.6 en de CDTI. Vind de interval hier.","og_url":"https:\/\/autobaak.nl\/de\/opel-astra\/","og_site_name":"Autobaak.nl","article_modified_time":"2020-11-23T16:05:11+00:00","og_image":[{"url":"https:\/\/ti.tradetracker.net\/?c=29059&m=1424763&a=390195&r=&t=html","type":"","width":"","height":""}],"twitter_card":"summary_large_image","twitter_misc":{"Gesch\u00e4tzte Lesezeit":"4\u00a0Minuten"},"schema":{"@context":"https:\/\/schema.org","@graph":[{"@type":"WebPage","@id":"https:\/\/autobaak.nl\/opel-astra\/","url":"https:\/\/autobaak.nl\/opel-astra\/","name":"Wann der Opel Astra Zahnriemen gewechselt werden muss, erfahren Sie hier","isPartOf":{"@id":"https:\/\/autobaak.nl\/#website"},"primaryImageOfPage":{"@id":"https:\/\/autobaak.nl\/opel-astra\/#primaryimage"},"image":{"@id":"https:\/\/autobaak.nl\/opel-astra\/#primaryimage"},"thumbnailUrl":"https:\/\/ti.tradetracker.net\/?c=29059&m=1424763&a=390195&r=&t=html","datePublished":"2017-07-05T13:26:30+00:00","dateModified":"2020-11-23T16:05:11+00:00","description":"Wann muss der Opel Astra Zahnriemen gewechselt werden? Sowohl f\u00fcr Dieselmotoren als auch f\u00fcr die Benzinvarianten 1.2, 1.6 und CDTI. Das Intervall finden Sie hier.","breadcrumb":{"@id":"https:\/\/autobaak.nl\/opel-astra\/#breadcrumb"},"inLanguage":"de","potentialAction":[{"@type":"ReadAction","target":["https:\/\/autobaak.nl\/opel-astra\/"]}]},{"@type":"ImageObject","inLanguage":"de","@id":"https:\/\/autobaak.nl\/opel-astra\/#primaryimage","url":"https:\/\/ti.tradetracker.net\/?c=29059&m=1424763&a=390195&r=&t=html","contentUrl":"https:\/\/ti.tradetracker.net\/?c=29059&m=1424763&a=390195&r=&t=html"},{"@type":"BreadcrumbList","@id":"https:\/\/autobaak.nl\/opel-astra\/#breadcrumb","itemListElement":[{"@type":"ListItem","position":1,"name":"Home","item":"https:\/\/autobaak.nl\/"},{"@type":"ListItem","position":2,"name":"Opel Astra"}]},{"@type":"WebSite","@id":"https:\/\/autobaak.nl\/#website","url":"https:\/\/autobaak.nl\/","name":"Autobook.de","description":"Autos &amp; Rennsport","potentialAction":[{"@type":"SearchAction","target":{"@type":"EntryPoint","urlTemplate":"https:\/\/autobaak.nl\/?s={search_term_string}"},"query-input":{"@type":"PropertyValueSpecification","valueRequired":true,"valueName":"search_term_string"}}],"inLanguage":"de"}]}},"_links":{"self":[{"href":"https:\/\/autobaak.nl\/de\/wp-json\/wp\/v2\/pages\/316","targetHints":{"allow":["GET"]}}],"collection":[{"href":"https:\/\/autobaak.nl\/de\/wp-json\/wp\/v2\/pages"}],"about":[{"href":"https:\/\/autobaak.nl\/de\/wp-json\/wp\/v2\/types\/page"}],"author":[{"embeddable":true,"href":"https:\/\/autobaak.nl\/de\/wp-json\/wp\/v2\/users\/1"}],"replies":[{"embeddable":true,"href":"https:\/\/autobaak.nl\/de\/wp-json\/wp\/v2\/comments?post=316"}],"version-history":[{"count":0,"href":"https:\/\/autobaak.nl\/de\/wp-json\/wp\/v2\/pages\/316\/revisions"}],"wp:attachment":[{"href":"https:\/\/autobaak.nl\/de\/wp-json\/wp\/v2\/media?parent=316"}],"curies":[{"name":"wp","href":"https:\/\/api.w.org\/{rel}","templated":true}]}}