{"id":347,"date":"2017-08-29T14:03:58","date_gmt":"2017-08-29T14:03:58","guid":{"rendered":"https:\/\/autobaak.nl\/?page_id=347"},"modified":"2020-08-28T07:00:44","modified_gmt":"2020-08-28T07:00:44","slug":"zitrone-c5","status":"publish","type":"page","link":"https:\/\/autobaak.nl\/de\/zitrone-c5\/","title":{"rendered":"Citro\u00ebn C5"},"content":{"rendered":"<p>[et_pb_section fb_built=\"1\u2033 custom_padding_last_edited=\"on|desktop\" _builder_version=\"3.22\u2033 background_colour=\"#0c71c3\u2033 custom_padding_tablet=\"50px|0|50px|0\u2033 custom_padding_phone=\"\" transparent_background=\"off\" padding_mobile=\"off\" make_fullwidth=\"off\" use_custom_width=\"off\" width_unit=\"on\"][et_pb_row _builder_version=\"3.25\u2033 background_size=\"initial\" background_position=\"top_left\" background_repeat=\"repeat\"][et_pb_column type=\"4_4\u2033 _builder_version=\"3.25\u2033 custom_padding=\"|||\" custom_padding__hover=\"|||\"][et_pb_text _builder_version=\"3.27.4\u2033 background_size=\"initial\" background_position=\"top_left\" background_repeat=\"repeat\" text_orientation=\"centre\" background_layout=\"dark\" module_alignment=\"centre\" use_border_color=\"off\" border_color=\"#ffffff\" border_style=\"solid\"][et_pb_text _builder_version=\"3.27.<\/p>\n<h1 style=\"text-align: center;\">Wann muss der Citroen C5 Zahnriemen gewechselt werden?<\/h1>\n<p>[\/et_pb_text][\/et_pb_column][\/et_pb_row][\/et_pb_section][et_pb_section fb_built=\"1\u2033 _builder_version=\"4.0.7\u2033 inner_width_tablet=\"50px\" inner_max_width_tablet=\"50px\" custom_margin=\"||-40px|\" custom_padding=\"2px||0px||false|false\" z_index_tablet=\"500\u2033 box_shadow_horizontal_tablet=\"0px\" box_shadow_vertical_tablet=\"0px\" box_shadow_blur_tablet=\"40px\" box_shadow_spread_tablet=\"0px\" global_module=\"1614\u2033][et_pb_row column_structure=\"1_5,3_5,1_5\u2033 _builder_version=\"3.25\u2033 background_size=\"initial\" background_position=\"top_left\" background_repeat=\"repeat\"][et_pb_column type=\"1_5\u2033 _builder_version=\"3.25\u2033 custom_padding=\"|||\" custom_padding__hover=\"|||\"][\/et_pb_column][et_pb_column type=\"3_5\u2033 _builder_version=\"3.25\u2033 custom_padding=\"|||\" custom_padding__hover=\"|||\"][et_pb_code _builder_version=\"4.6.0\u2033 _module_preset=\"default\"]<a href=\"https:\/\/ndt5.net\/c\/?si=13983&#038;li=1659648&#038;wi=334511&#038;ws=\" rel=\"sponsored noopener noreferrer\" target=\"_blank\"><img decoding=\"async\" src=\"https:\/\/static-dscn.net\/13983\/1659648\/?wi=334511&#038;ws=\" alt=\"\" style=\"max-width:100%; height:auto; border:none;\" \/><\/a>[\/et_pb_code][\/et_pb_column][et_pb_column type=\"1_5\u2033 _builder_version=\"3.25\u2033 custom_padding=\"|||\" custom_padding__hover=\"|||\"][\/et_pb_column][\/et_pb_row][\/et_pb_section][et_pb_section fb_built=\"1\u2033 _builder_version=\"3.22\u2033][et_pb_row column_structure=\"2_3,1_3\u2033 _builder_version=\"3.25\u2033 background_size=\"initial\" background_position=\"top_left\" background_repeat=\"repeat\"][et_pb_column type=\"2_3\u2033 _builder_version=\"3.25\u2033 custom_padding=\"|||\" custom_padding__hover=\"|||\"][et_pb_text _builder_version=\"3.27.4\u2033 background_size=\"initial\" background_position=\"top_left\" background_repeat=\"repeat\" use_border_colour=\"off\" border_colour=\"#ffffff\" border_style=\"solid\"]<\/p>\n<p>\nDer Citro\u00ebn ist ein Mittelklassewagen von Citro\u00ebn. Dieses Modell wurde sowohl mit Benzin- als auch mit Dieselmotoren sowie als Limousine und Kombi geliefert. Nachfolgend finden Sie eine \u00dcbersicht \u00fcber die Wechselintervalle des Zahnriemens. Wenn Sie nicht wissen, welchen Motor Ihr Fahrzeug hat, k\u00f6nnen Sie unten das Kennzeichen eingeben.<\/p>\n<p>[open_rdw_check \"marke\" \"handelsname\" \"fahrzeugtyp\" \"kraftstoff_beschreibung\" \"anzahl_zylinder\" \"hubraum\" \"expiry_apk\"]<br \/>\n[\/et_pb_text][et_pb_text _builder_version=\"3.27.4\u2033 background_size=\"initial\" background_position=\"top_left\" background_repeat=\"repeat\" use_border_color=\"off\" border_color=\"#ffffff\" border_style=\"solid\"]<\/p>\n<h2><strong>Benzin<\/strong> <strong>zwischen 2001 und 2004 hergestellte Varianten<br \/>\n<\/strong><\/h2>\n<ul>\n<li>Citroen C5 1.8i 16v 85 kW = <strong>120\u00a0000<\/strong><b> Kilometern oder bis zu 10 Jahren.<br \/>\n<\/b><\/li>\n<li>Citroen C5 2.0i 16v 100 kW = <strong>120\u00a0000<\/strong><b> Kilometern oder bis zu 10 Jahren.<br \/>\n<\/b><\/li>\n<li>Citroen C5 3.0i v6 152 kW = <strong>120\u00a0000<\/strong><b> Kilometern oder bis zu 10 Jahren.<\/b>\n<div class=\"search-header-wrapper license-quotation\"><\/div>\n<\/li>\n<\/ul>\n<h2><strong>Diesel-Varianten, die zwischen 2001 und 2004 produziert wurden<br \/>\n<\/strong><\/h2>\n<ul>\n<li>Citroen C5 2.0 HDi 66 kW = <strong>160 000<\/strong><b> Kilometern oder bis zu 10 Jahren.<\/b><\/li>\n<li>Citroen C5 2.0 HDi 80 kW = <strong>160 000<\/strong><b> Kilometern oder bis zu 10 Jahren.<\/b><\/li>\n<li>Citroen C5 2.2 HDi 98 kW = <strong>150 000<\/strong><b> Kilometern oder bis zu 10 Jahren.<\/b><\/li>\n<\/ul>\n<h2><strong>Benzin<\/strong> <strong>zwischen 2004 und 2008 hergestellte Varianten<\/strong><\/h2>\n<ul>\n<li>Fiat Punto 1.2 8v = <strong>115 000<\/strong><b> Kilometern oder bis zu 4 Jahren.<\/b><\/li>\n<li>Citroen C5 1.8i 16v 85 kW = <strong>150 000<\/strong><b> Kilometern oder bis zu 10 Jahren.<br \/>\n<\/b><\/li>\n<li>Citroen C5 1.8i 16v 92 kW = <strong>150 000<\/strong><b> Kilometern oder bis zu 10 Jahren.<\/b><\/li>\n<li>Citroen C5 2.0i 16v 103 kW = <strong>150 000<\/strong><b> Kilometern oder bis zu 10 Jahren.<\/b><\/li>\n<li>Citroen C5 3.0 v6 152 kW = <strong>240\u00a0000<\/strong><b> Kilometern oder bis zu 10 Jahren.<\/b><\/li>\n<\/ul>\n<h2><strong>Diesel-Varianten, die zwischen 2004 und 2008 produziert wurden<\/strong><\/h2>\n<ul>\n<li>Citroen C5 1.6 HDi 80 kW = <strong>240\u00a0000<\/strong><b> Kilometern oder bis zu 10 Jahren.<\/b><\/li>\n<li>Citroen C5 2.0 HDi 100 kW = <strong>240\u00a0000<\/strong><b> Kilometern oder bis zu 10 Jahren.<\/b><\/li>\n<li>Citroen C5 2.2 HDi 125 kW = <strong>150\u00a0000<\/strong><b> Kilometern oder bis zu 10 Jahren.<\/b><\/li>\n<\/ul>\n<h2><strong>Benzin<\/strong> <strong>zwischen 2008 und 2012 produzierte Varianten<\/strong><\/h2>\n<ul>\n<li>Citroen C5 1.6 THP 110 kW = <strong>Steuerkette, m\u00f6glicherweise nach 10 Jahren ersetzt.<\/strong><\/li>\n<li>Citroen C5 1.6 THP 115 kW = <strong>Steuerkette, m\u00f6glicherweise nach 10 Jahren ersetzt.<\/strong><\/li>\n<li>Citroen C5 1.6 VTI 88 kW = <strong>Steuerkette, m\u00f6glicherweise nach 10 Jahren ersetzt.<\/strong><\/li>\n<li>Citroen C5 1.8 16v 92 kW = <strong>150 000 Kilometer oder bis zu 10 Jahre<\/strong><strong>.<\/strong><\/li>\n<li>Citroen C5 2.0 16v 103 kW = <strong>140 000 Kilometer oder bis zu 10 Jahre<\/strong><strong>.<\/strong><\/li>\n<li>Citroen C5 3.0 v6 155 kW = <strong>240<\/strong><strong>\u00a0000 Kilometern oder bis zu 10 Jahren<\/strong><strong>.<\/strong><\/li>\n<\/ul>\n<h2><strong>Diesel<\/strong> <strong>zwischen 2008 und 2012 produzierte Varianten<\/strong><\/h2>\n<ul>\n<li>Fiat Punto 1.3 Multijet = <strong>Steuerkette, pr\u00fcfen und eventuell nach 10 Jahren ersetzen.<\/strong><\/li>\n<li>Citroen C5 2.0 HDi 100 kW = <strong>240<\/strong><strong>\u00a0000 Kilometern oder bis zu 10 Jahren<\/strong><strong>.<\/strong><\/li>\n<li>Citroen C5 2.0 HDi 103 kW = <strong>240<\/strong><strong>\u00a0000 Kilometern oder bis zu 10 Jahren<\/strong><strong>.<\/strong><\/li>\n<li>Citroen C5 2.0 HDi 110 kW = <strong>18<\/strong><strong>0<\/strong><strong>\u00a0000 Kilometern oder bis zu 10 Jahren<\/strong><strong>.<\/strong><\/li>\n<li>Citroen C5 2.0 HDi 120 kW = <strong>240<\/strong><strong>\u00a0000 Kilometern oder bis zu 10 Jahren<\/strong><strong>.<\/strong><\/li>\n<li>Citroen C5 2.2 HDi 125 kW = <strong>240<\/strong><strong>\u00a0000 Kilometern oder bis zu 10 Jahren<\/strong><strong>.<\/strong><\/li>\n<li>Citroen C5 2.2 HDi 150 kW = <strong>240<\/strong><strong>\u00a0000 Kilometern oder bis zu 10 Jahren<\/strong><strong>.<\/strong><\/li>\n<li>Citroen C5 2.7 HDi 150 kW = <strong>240<\/strong><strong>\u00a0000 Kilometern oder bis zu 10 Jahren<\/strong><strong>.<\/strong><\/li>\n<li>Citroen C5 3.0 HDi 177 kW = <strong>18<\/strong><strong>0<\/strong><strong>\u00a0000 Kilometern oder bis zu 10 Jahren<\/strong><strong>.<\/strong><\/li>\n<\/ul>\n<p>[\/et_pb_text][\/et_pb_column][et_pb_column type=\"1_3\u2033 _builder_version=\"3.25\u2033 custom_padding=\"|||\" custom_padding__hover=\"|||\"][et_pb_code _builder_version=\"4.6.0\u2033 text_orientation=\"centre\" z_index_tablet=\"500\u2033 global_module=\"1602\u2033 saved_tabs=\"all\"]<a href=\"https:\/\/lt45.net\/c\/?si=13244&#038;li=1625022&#038;wi=334511&#038;ws=\" rel=\"sponsored noopener noreferrer\" target=\"_blank\"><img decoding=\"async\" src=\"https:\/\/static-dscn.net\/13244\/1625022\/?wi=334511&#038;ws=\" alt=\"\" style=\"max-width:100%; height:auto; border:none;\" \/><\/a>[\/et_pb_code][et_pb_code _builder_version=\"4.6.0\u2033 _module_preset=\"default\" global_module=\"120862\u2033 saved_tabs=\"all\"]<a href=\"https:\/\/ndt5.net\/c\/?si=13983&#038;li=1659648&#038;wi=334511&#038;ws=\" rel=\"sponsored noopener noreferrer\" target=\"_blank\"><img decoding=\"async\" src=\"https:\/\/static-dscn.net\/13983\/1659648\/?wi=334511&#038;ws=\" alt=\"\" style=\"max-width:100%; height:auto; border:none;\" \/><\/a>[\/et_pb_code][\/et_pb_column][\/et_pb_row][\/et_pb_section][et_pb_section fb_built=\"1\u2033 _builder_version=\"4.5.1\u2033 _module_preset=\"default\"][et_pb_row _builder_version=\"4.5.1\u2033 _module_preset=\"default\"][et_pb_column type=\"4_4\u2033 _builder_version=\"4.5.1\u2033 _module_preset=\"default\"][\/et_pb_column][\/et_pb_row][\/et_pb_section][\/et_pb_section]<\/p>","protected":false},"excerpt":{"rendered":"<p>Wann ist der Zahnriemen zu wechseln Citro\u00ebn C5 Der Citro\u00ebn ist ein Mittelklassewagen von Citro\u00ebn. Dieses Modell ist sowohl mit Benzin- als auch mit Dieselmotoren und als Limousine und Kombi erh\u00e4ltlich. Nachfolgend finden Sie eine \u00dcbersicht \u00fcber die Wechselintervalle des Zahnriemens. Wenn Sie nicht wissen, welchen Motor Ihr Auto hat, k\u00f6nnen Sie unten die Zulassungsnummer eingeben. [open_rdw_check \"Marke\" \"Handelsname\" [...].<\/p>","protected":false},"author":1,"featured_media":0,"parent":0,"menu_order":0,"comment_status":"closed","ping_status":"closed","template":"","meta":{"_et_pb_use_builder":"on","_et_pb_old_content":"","_et_gb_content_width":"","footnotes":""},"class_list":["post-347","page","type-page","status-publish","hentry"],"yoast_head":"<!-- This site is optimized with the Yoast SEO plugin v27.5 - https:\/\/yoast.com\/product\/yoast-seo-wordpress\/ -->\n<title>Wanneer distributieriem vervangen Citroen C5? Bekijk het direct<\/title>\n<meta name=\"description\" content=\"Wanneer distributieriem vervangen Citroen C5? Bekijk het hier voor o.a. diesel en benzine motoren - 1.8 - 2.0 - 3.0 - 1.6 THP, VTI en HDi 2.0 2.2 2.7 en 3.0\" \/>\n<meta name=\"robots\" content=\"index, follow, max-snippet:-1, max-image-preview:large, max-video-preview:-1\" \/>\n<link rel=\"canonical\" href=\"https:\/\/autobaak.nl\/de\/zitrone-c5\/\" \/>\n<meta property=\"og:locale\" content=\"de_DE\" \/>\n<meta property=\"og:type\" content=\"article\" \/>\n<meta property=\"og:title\" content=\"Wanneer distributieriem vervangen Citroen C5? Bekijk het direct\" \/>\n<meta property=\"og:description\" content=\"Wanneer distributieriem vervangen Citroen C5? Bekijk het hier voor o.a. diesel en benzine motoren - 1.8 - 2.0 - 3.0 - 1.6 THP, VTI en HDi 2.0 2.2 2.7 en 3.0\" \/>\n<meta property=\"og:url\" content=\"https:\/\/autobaak.nl\/de\/zitrone-c5\/\" \/>\n<meta property=\"og:site_name\" content=\"Autobaak.nl\" \/>\n<meta property=\"article:modified_time\" content=\"2020-08-28T07:00:44+00:00\" \/>\n<meta property=\"og:image\" content=\"https:\/\/static-dscn.net\/13983\/1659648\/?wi=334511&ws=\" \/>\n<meta name=\"twitter:card\" content=\"summary_large_image\" \/>\n<meta name=\"twitter:label1\" content=\"Gesch\u00e4tzte Lesezeit\" \/>\n\t<meta name=\"twitter:data1\" content=\"4\u00a0Minuten\" \/>\n<script type=\"application\/ld+json\" class=\"yoast-schema-graph\">{\"@context\":\"https:\\\/\\\/schema.org\",\"@graph\":[{\"@type\":\"WebPage\",\"@id\":\"https:\\\/\\\/autobaak.nl\\\/citroen-c5\\\/\",\"url\":\"https:\\\/\\\/autobaak.nl\\\/citroen-c5\\\/\",\"name\":\"Wanneer distributieriem vervangen Citroen C5? Bekijk het direct\",\"isPartOf\":{\"@id\":\"https:\\\/\\\/autobaak.nl\\\/#website\"},\"primaryImageOfPage\":{\"@id\":\"https:\\\/\\\/autobaak.nl\\\/citroen-c5\\\/#primaryimage\"},\"image\":{\"@id\":\"https:\\\/\\\/autobaak.nl\\\/citroen-c5\\\/#primaryimage\"},\"thumbnailUrl\":\"https:\\\/\\\/static-dscn.net\\\/13983\\\/1659648\\\/?wi=334511&ws=\",\"datePublished\":\"2017-08-29T14:03:58+00:00\",\"dateModified\":\"2020-08-28T07:00:44+00:00\",\"description\":\"Wanneer distributieriem vervangen Citroen C5? Bekijk het hier voor o.a. diesel en benzine motoren - 1.8 - 2.0 - 3.0 - 1.6 THP, VTI en HDi 2.0 2.2 2.7 en 3.0\",\"breadcrumb\":{\"@id\":\"https:\\\/\\\/autobaak.nl\\\/citroen-c5\\\/#breadcrumb\"},\"inLanguage\":\"de\",\"potentialAction\":[{\"@type\":\"ReadAction\",\"target\":[\"https:\\\/\\\/autobaak.nl\\\/citroen-c5\\\/\"]}]},{\"@type\":\"ImageObject\",\"inLanguage\":\"de\",\"@id\":\"https:\\\/\\\/autobaak.nl\\\/citroen-c5\\\/#primaryimage\",\"url\":\"https:\\\/\\\/static-dscn.net\\\/13983\\\/1659648\\\/?wi=334511&ws=\",\"contentUrl\":\"https:\\\/\\\/static-dscn.net\\\/13983\\\/1659648\\\/?wi=334511&ws=\"},{\"@type\":\"BreadcrumbList\",\"@id\":\"https:\\\/\\\/autobaak.nl\\\/citroen-c5\\\/#breadcrumb\",\"itemListElement\":[{\"@type\":\"ListItem\",\"position\":1,\"name\":\"Home\",\"item\":\"https:\\\/\\\/autobaak.nl\\\/\"},{\"@type\":\"ListItem\",\"position\":2,\"name\":\"Citroen C5\"}]},{\"@type\":\"WebSite\",\"@id\":\"https:\\\/\\\/autobaak.nl\\\/#website\",\"url\":\"https:\\\/\\\/autobaak.nl\\\/\",\"name\":\"Autobaak.nl\",\"description\":\"Cars &amp; Racing\",\"potentialAction\":[{\"@type\":\"SearchAction\",\"target\":{\"@type\":\"EntryPoint\",\"urlTemplate\":\"https:\\\/\\\/autobaak.nl\\\/?s={search_term_string}\"},\"query-input\":{\"@type\":\"PropertyValueSpecification\",\"valueRequired\":true,\"valueName\":\"search_term_string\"}}],\"inLanguage\":\"de\"}]}<\/script>\n<!-- \/ Yoast SEO plugin. -->","yoast_head_json":{"title":"Wann ist der Zahnriemen des Citroen C5 zu wechseln? \u00dcberpr\u00fcfen Sie es","description":"Wann sollte der Zahnriemen beim C5 gewechselt werden? Hier finden Sie Diesel- und Benzinmotoren - 1.8 - 2.0 - 3.0 - 1.6 THP, VTI und HDi 2.0 2.2 2.7 und 3.0","robots":{"index":"index","follow":"follow","max-snippet":"max-snippet:-1","max-image-preview":"max-image-preview:large","max-video-preview":"max-video-preview:-1"},"canonical":"https:\/\/autobaak.nl\/de\/zitrone-c5\/","og_locale":"de_DE","og_type":"article","og_title":"Wanneer distributieriem vervangen Citroen C5? Bekijk het direct","og_description":"Wanneer distributieriem vervangen Citroen C5? Bekijk het hier voor o.a. diesel en benzine motoren - 1.8 - 2.0 - 3.0 - 1.6 THP, VTI en HDi 2.0 2.2 2.7 en 3.0","og_url":"https:\/\/autobaak.nl\/de\/zitrone-c5\/","og_site_name":"Autobaak.nl","article_modified_time":"2020-08-28T07:00:44+00:00","og_image":[{"url":"https:\/\/static-dscn.net\/13983\/1659648\/?wi=334511&ws=","type":"","width":"","height":""}],"twitter_card":"summary_large_image","twitter_misc":{"Gesch\u00e4tzte Lesezeit":"4\u00a0Minuten"},"schema":{"@context":"https:\/\/schema.org","@graph":[{"@type":"WebPage","@id":"https:\/\/autobaak.nl\/citroen-c5\/","url":"https:\/\/autobaak.nl\/citroen-c5\/","name":"Wann ist der Zahnriemen des Citroen C5 zu wechseln? \u00dcberpr\u00fcfen Sie es","isPartOf":{"@id":"https:\/\/autobaak.nl\/#website"},"primaryImageOfPage":{"@id":"https:\/\/autobaak.nl\/citroen-c5\/#primaryimage"},"image":{"@id":"https:\/\/autobaak.nl\/citroen-c5\/#primaryimage"},"thumbnailUrl":"https:\/\/static-dscn.net\/13983\/1659648\/?wi=334511&ws=","datePublished":"2017-08-29T14:03:58+00:00","dateModified":"2020-08-28T07:00:44+00:00","description":"Wann sollte der Zahnriemen beim C5 gewechselt werden? Hier finden Sie Diesel- und Benzinmotoren - 1.8 - 2.0 - 3.0 - 1.6 THP, VTI und HDi 2.0 2.2 2.7 und 3.0","breadcrumb":{"@id":"https:\/\/autobaak.nl\/citroen-c5\/#breadcrumb"},"inLanguage":"de","potentialAction":[{"@type":"ReadAction","target":["https:\/\/autobaak.nl\/citroen-c5\/"]}]},{"@type":"ImageObject","inLanguage":"de","@id":"https:\/\/autobaak.nl\/citroen-c5\/#primaryimage","url":"https:\/\/static-dscn.net\/13983\/1659648\/?wi=334511&ws=","contentUrl":"https:\/\/static-dscn.net\/13983\/1659648\/?wi=334511&ws="},{"@type":"BreadcrumbList","@id":"https:\/\/autobaak.nl\/citroen-c5\/#breadcrumb","itemListElement":[{"@type":"ListItem","position":1,"name":"Home","item":"https:\/\/autobaak.nl\/"},{"@type":"ListItem","position":2,"name":"Citroen C5"}]},{"@type":"WebSite","@id":"https:\/\/autobaak.nl\/#website","url":"https:\/\/autobaak.nl\/","name":"Autobook.de","description":"Autos &amp; Rennsport","potentialAction":[{"@type":"SearchAction","target":{"@type":"EntryPoint","urlTemplate":"https:\/\/autobaak.nl\/?s={search_term_string}"},"query-input":{"@type":"PropertyValueSpecification","valueRequired":true,"valueName":"search_term_string"}}],"inLanguage":"de"}]}},"_links":{"self":[{"href":"https:\/\/autobaak.nl\/de\/wp-json\/wp\/v2\/pages\/347","targetHints":{"allow":["GET"]}}],"collection":[{"href":"https:\/\/autobaak.nl\/de\/wp-json\/wp\/v2\/pages"}],"about":[{"href":"https:\/\/autobaak.nl\/de\/wp-json\/wp\/v2\/types\/page"}],"author":[{"embeddable":true,"href":"https:\/\/autobaak.nl\/de\/wp-json\/wp\/v2\/users\/1"}],"replies":[{"embeddable":true,"href":"https:\/\/autobaak.nl\/de\/wp-json\/wp\/v2\/comments?post=347"}],"version-history":[{"count":0,"href":"https:\/\/autobaak.nl\/de\/wp-json\/wp\/v2\/pages\/347\/revisions"}],"wp:attachment":[{"href":"https:\/\/autobaak.nl\/de\/wp-json\/wp\/v2\/media?parent=347"}],"curies":[{"name":"wp","href":"https:\/\/api.w.org\/{rel}","templated":true}]}}