{"id":357,"date":"2017-08-30T19:28:56","date_gmt":"2017-08-30T19:28:56","guid":{"rendered":"https:\/\/autobaak.nl\/?page_id=357"},"modified":"2021-11-08T16:04:48","modified_gmt":"2021-11-08T16:04:48","slug":"zitrone-c2","status":"publish","type":"page","link":"https:\/\/autobaak.nl\/de\/zitrone-c2\/","title":{"rendered":"Citro\u00ebn C2"},"content":{"rendered":"<p>[et_pb_section fb_built=\"1\u2033 custom_padding_last_edited=\"on|desktop\" _builder_version=\"3.22\u2033 background_colour=\"#0c71c3\u2033 custom_padding_tablet=\"50px|0|50px|0\u2033 custom_padding_phone=\"\" transparent_background=\"off\" padding_mobile=\"off\" make_fullwidth=\"off\" use_custom_width=\"off\" width_unit=\"on\"][et_pb_row _builder_version=\"3.25\u2033 background_size=\"initial\" background_position=\"top_left\" background_repeat=\"repeat\"][et_pb_column type=\"4_4\u2033 _builder_version=\"3.25\u2033 custom_padding=\"|||\" custom_padding__hover=\"|||\"][et_pb_text _builder_version=\"3.27.4\u2033 background_size=\"initial\" background_position=\"top_left\" background_repeat=\"repeat\" text_orientation=\"centre\" background_layout=\"dark\" module_alignment=\"centre\" use_border_color=\"off\" border_color=\"#ffffff\" border_style=\"solid\"][et_pb_text _builder_version=\"3.27.<\/p>\n<h1 style=\"text-align: center;\">Wann ist der Zahnriemen beim C2 zu wechseln?<\/h1>\n<p>[\/et_pb_text][\/et_pb_column][\/et_pb_row][\/et_pb_section][et_pb_section fb_built=\"1\u2033 _builder_version=\"4.0.7\u2033 inner_width_tablet=\"50px\" inner_max_width_tablet=\"50px\" custom_margin=\"||-40px|\" custom_padding=\"2px||0px||false|false\" z_index_tablet=\"500\u2033 box_shadow_horizontal_tablet=\"0px\" box_shadow_vertical_tablet=\"0px\" box_shadow_blur_tablet=\"40px\" box_shadow_spread_tablet=\"0px\" global_module=\"1614\u2033][et_pb_row _builder_version=\"3.25\u2033 background_size=\"initial\" background_position=\"top_left\" background_repeat=\"repeat\"][et_pb_column type=\"4_4\u2033 _builder_version=\"3.25\u2033 custom_padding=\"|||\" custom_padding__hover=\"|||\"][et_pb_code _builder_version=\"4.9.10\u2033 _module_preset=\"default\" hover_enabled=\"0\u2033 sticky_enabled=\"0\u2033]<a href=\"https:\/\/tc.tradetracker.net\/?c=20608&amp;m=779508&amp;a=390195&amp;r=&amp;u=\" target=\"_blank\" rel=\"sponsored nofollow noopener\"><img loading=\"lazy\" decoding=\"async\" src=\"https:\/\/ti.tradetracker.net\/?c=20608&amp;m=779508&amp;a=390195&amp;r=&amp;t=html\" width=\"728\" height=\"90\" border=\"0\" alt=\"\" \/><\/a>[\/et_pb_code][\/et_pb_column][\/et_pb_row][\/et_pb_section][et_pb_section fb_built=\"1\u2033 _builder_version=\"3.22\u2033][et_pb_row _builder_version=\"3.25\u2033 background_size=\"initial\" background_position=\"top_left\" background_repeat=\"repeat\" column_structure=\"2_3,1_3\u2033][et_pb_column type=\"2_3\u2033 _builder_version=\"3.25\u2033 custom_padding=\"|||\" custom_padding__hover=\"|||\"][et_pb_text _builder_version=\"3.27.4\u2033 background_size=\"initial\" background_position=\"top_left\" background_repeat=\"repeat\" use_border_colour=\"off\" border_colour=\"#ffffff\" border_style=\"solid\"]<\/p>\n<p>\nDer Citroen C2 ist ein Kompaktmodell von Citro\u00ebn. Dieses Modell wurde sowohl mit Benzin- als auch mit Dieselmotoren geliefert. Nachfolgend finden Sie eine \u00dcbersicht \u00fcber die Wechselintervalle des Zahnriemens. Wenn Sie nicht wissen, welchen Motor Ihr Fahrzeug hat, k\u00f6nnen Sie unten das Kennzeichen eingeben.<\/p>\n<p>[open_rdw_check \"marke\" \"handelsname\" \"fahrzeugtyp\" \"kraftstoff_beschreibung\" \"anzahl_zylinder\" \"hubraum\" \"expiry_apk\"]<br \/>\n[\/et_pb_text][et_pb_text _builder_version=\"3.27.4\u2033 background_size=\"initial\" background_position=\"top_left\" background_repeat=\"repeat\" use_border_color=\"off\" border_color=\"#ffffff\" border_style=\"solid\"]<\/p>\n<h2><strong>Benzin<\/strong> <strong>zwischen 2003 und 2010 produzierte Varianten<br \/>\n<\/strong><\/h2>\n<ul>\n<li>Citroen C2 1.1 44 kW = <strong>120 000<\/strong><b> Kilometern oder bis zu 10 Jahren.<br \/>\n<\/b><\/li>\n<li>Citroen C2 1.4 54 kW = <strong>120 000<\/strong><b> Kilometern oder bis zu 10 Jahren.<\/b><\/li>\n<li>Citroen C2 1.4 65 kW = <strong>120 000<\/strong><b> Kilometern oder bis zu 10 Jahren.<\/b><\/li>\n<li>Citroen C2 1.6 80 kW = <strong>120 000 Kilometer oder maximal 10 Jahre.<\/strong><\/li>\n<li>Citroen C2 1.6 90 kW = <strong>120 000 Kilometer oder maximal 10 Jahre.<\/strong><\/li>\n<\/ul>\n<h2><strong>Dieselvarianten, hergestellt zwischen 2003 und 2010<br \/>\n<\/strong><\/h2>\n<ul>\n<li>Citroen C2 1.4 HDi 50 kW = <strong>240 000 Kilometern oder bis zu 10 Jahren.<\/strong><\/li>\n<li>Citroen C2 1.6 HDiF 80 kW = <strong>24<\/strong><strong>0 000 Kilometer oder bis zu 10 Jahre.<\/strong><\/li>\n<\/ul>\n<p>[\/et_pb_text][\/et_pb_column][et_pb_column type=\"1_3\u2033 _builder_version=\"3.25\u2033 custom_padding=\"|||\" custom_padding__hover=\"|||\"][et_pb_code _builder_version=\"4.6.6\u2033 text_orientation=\"centre\" z_index_tablet=\"500\u2033 global_module=\"1602\u2033 saved_tabs=\"all\"]<a href=\"https:\/\/tc.tradetracker.net\/?c=27312&#038;m=1277203&#038;a=390195&#038;r=&#038;u=\" target=\"_blank\" rel=\"sponsored nofollow noopener noreferrer\"><img loading=\"lazy\" decoding=\"async\" src=\"https:\/\/ti.tradetracker.net\/?c=27312&#038;m=1277203&#038;a=390195&#038;r=&#038;t=html\" width=\"120\" height=\"600\" border=\"0\" alt=\"\" \/><\/a>[\/et_pb_code][\/et_pb_column][\/et_pb_row][\/et_pb_section].<\/p>","protected":false},"excerpt":{"rendered":"<p>Wann ist der Zahnriemen zu wechseln Citroen C2 Der Citroen C2 ist ein Kompaktmodell von Citro\u00ebn. Dieses Modell ist sowohl mit Benzin- als auch mit Dieselmotoren erh\u00e4ltlich. Nachfolgend finden Sie eine \u00dcbersicht \u00fcber die Wechselintervalle des Zahnriemens. Wenn Sie nicht wissen, welchen Motor Ihr Auto hat, k\u00f6nnen Sie unten die Zulassungsnummer eingeben. [open_rdw_check \"marke\" \"markenname\" \"fahrzeugtyp\" \"kraftstoff_beschreibung\" \"anzahl_zylinder\" [...]<\/p>","protected":false},"author":1,"featured_media":0,"parent":0,"menu_order":0,"comment_status":"closed","ping_status":"closed","template":"","meta":{"_et_pb_use_builder":"on","_et_pb_old_content":"","_et_gb_content_width":"","footnotes":""},"class_list":["post-357","page","type-page","status-publish","hentry"],"yoast_head":"<!-- This site is optimized with the Yoast SEO plugin v27.4 - https:\/\/yoast.com\/product\/yoast-seo-wordpress\/ -->\n<title>Wanneer distributieriem vervangen Citroen C2? alle intervallen hier<\/title>\n<meta name=\"description\" content=\"Wanneer distributieriem vervangen Citro\u00ebn C2? Alle intervallen vind je hier. O.a. 1.1 1.4 en 1.6 VTS benzine en diesel 1.4 HDi en 1.6 HDiF\" \/>\n<meta name=\"robots\" content=\"index, follow, max-snippet:-1, max-image-preview:large, max-video-preview:-1\" \/>\n<link rel=\"canonical\" href=\"https:\/\/autobaak.nl\/de\/zitrone-c2\/\" \/>\n<meta property=\"og:locale\" content=\"de_DE\" \/>\n<meta property=\"og:type\" content=\"article\" \/>\n<meta property=\"og:title\" content=\"Wanneer distributieriem vervangen Citroen C2? alle intervallen hier\" \/>\n<meta property=\"og:description\" content=\"Wanneer distributieriem vervangen Citro\u00ebn C2? Alle intervallen vind je hier. O.a. 1.1 1.4 en 1.6 VTS benzine en diesel 1.4 HDi en 1.6 HDiF\" \/>\n<meta property=\"og:url\" content=\"https:\/\/autobaak.nl\/de\/zitrone-c2\/\" \/>\n<meta property=\"og:site_name\" content=\"Autobaak.nl\" \/>\n<meta property=\"article:modified_time\" content=\"2021-11-08T16:04:48+00:00\" \/>\n<meta property=\"og:image\" content=\"https:\/\/ti.tradetracker.net\/?c=20608&amp;m=779508&amp;a=390195&amp;r=&amp;t=html\" \/>\n<meta name=\"twitter:card\" content=\"summary_large_image\" \/>\n<meta name=\"twitter:label1\" content=\"Gesch\u00e4tzte Lesezeit\" \/>\n\t<meta name=\"twitter:data1\" content=\"2\u00a0Minuten\" \/>\n<script type=\"application\/ld+json\" class=\"yoast-schema-graph\">{\"@context\":\"https:\\\/\\\/schema.org\",\"@graph\":[{\"@type\":\"WebPage\",\"@id\":\"https:\\\/\\\/autobaak.nl\\\/citroen-c2\\\/\",\"url\":\"https:\\\/\\\/autobaak.nl\\\/citroen-c2\\\/\",\"name\":\"Wanneer distributieriem vervangen Citroen C2? alle intervallen hier\",\"isPartOf\":{\"@id\":\"https:\\\/\\\/autobaak.nl\\\/#website\"},\"primaryImageOfPage\":{\"@id\":\"https:\\\/\\\/autobaak.nl\\\/citroen-c2\\\/#primaryimage\"},\"image\":{\"@id\":\"https:\\\/\\\/autobaak.nl\\\/citroen-c2\\\/#primaryimage\"},\"thumbnailUrl\":\"https:\\\/\\\/ti.tradetracker.net\\\/?c=20608&amp;m=779508&amp;a=390195&amp;r=&amp;t=html\",\"datePublished\":\"2017-08-30T19:28:56+00:00\",\"dateModified\":\"2021-11-08T16:04:48+00:00\",\"description\":\"Wanneer distributieriem vervangen Citro\u00ebn C2? Alle intervallen vind je hier. O.a. 1.1 1.4 en 1.6 VTS benzine en diesel 1.4 HDi en 1.6 HDiF\",\"breadcrumb\":{\"@id\":\"https:\\\/\\\/autobaak.nl\\\/citroen-c2\\\/#breadcrumb\"},\"inLanguage\":\"de\",\"potentialAction\":[{\"@type\":\"ReadAction\",\"target\":[\"https:\\\/\\\/autobaak.nl\\\/citroen-c2\\\/\"]}]},{\"@type\":\"ImageObject\",\"inLanguage\":\"de\",\"@id\":\"https:\\\/\\\/autobaak.nl\\\/citroen-c2\\\/#primaryimage\",\"url\":\"https:\\\/\\\/ti.tradetracker.net\\\/?c=20608&amp;m=779508&amp;a=390195&amp;r=&amp;t=html\",\"contentUrl\":\"https:\\\/\\\/ti.tradetracker.net\\\/?c=20608&amp;m=779508&amp;a=390195&amp;r=&amp;t=html\"},{\"@type\":\"BreadcrumbList\",\"@id\":\"https:\\\/\\\/autobaak.nl\\\/citroen-c2\\\/#breadcrumb\",\"itemListElement\":[{\"@type\":\"ListItem\",\"position\":1,\"name\":\"Home\",\"item\":\"https:\\\/\\\/autobaak.nl\\\/\"},{\"@type\":\"ListItem\",\"position\":2,\"name\":\"Citroen C2\"}]},{\"@type\":\"WebSite\",\"@id\":\"https:\\\/\\\/autobaak.nl\\\/#website\",\"url\":\"https:\\\/\\\/autobaak.nl\\\/\",\"name\":\"Autobaak.nl\",\"description\":\"Cars &amp; Racing\",\"potentialAction\":[{\"@type\":\"SearchAction\",\"target\":{\"@type\":\"EntryPoint\",\"urlTemplate\":\"https:\\\/\\\/autobaak.nl\\\/?s={search_term_string}\"},\"query-input\":{\"@type\":\"PropertyValueSpecification\",\"valueRequired\":true,\"valueName\":\"search_term_string\"}}],\"inLanguage\":\"de\"}]}<\/script>\n<!-- \/ Yoast SEO plugin. -->","yoast_head_json":{"title":"Wann ist ein Zahnriemen im C2 zu wechseln?","description":"Wann ist der Zahnriemen des Citro\u00ebn C2 zu wechseln? Alle Intervalle sind hier zu finden. Einschlie\u00dflich 1.1, 1.4 und 1.6 VTS Benzin und Diesel 1.4 HDi und 1.6 HDiF","robots":{"index":"index","follow":"follow","max-snippet":"max-snippet:-1","max-image-preview":"max-image-preview:large","max-video-preview":"max-video-preview:-1"},"canonical":"https:\/\/autobaak.nl\/de\/zitrone-c2\/","og_locale":"de_DE","og_type":"article","og_title":"Wanneer distributieriem vervangen Citroen C2? alle intervallen hier","og_description":"Wanneer distributieriem vervangen Citro\u00ebn C2? Alle intervallen vind je hier. O.a. 1.1 1.4 en 1.6 VTS benzine en diesel 1.4 HDi en 1.6 HDiF","og_url":"https:\/\/autobaak.nl\/de\/zitrone-c2\/","og_site_name":"Autobaak.nl","article_modified_time":"2021-11-08T16:04:48+00:00","og_image":[{"url":"https:\/\/ti.tradetracker.net\/?c=20608&amp;m=779508&amp;a=390195&amp;r=&amp;t=html","type":"","width":"","height":""}],"twitter_card":"summary_large_image","twitter_misc":{"Gesch\u00e4tzte Lesezeit":"2\u00a0Minuten"},"schema":{"@context":"https:\/\/schema.org","@graph":[{"@type":"WebPage","@id":"https:\/\/autobaak.nl\/citroen-c2\/","url":"https:\/\/autobaak.nl\/citroen-c2\/","name":"Wann ist ein Zahnriemen im C2 zu wechseln?","isPartOf":{"@id":"https:\/\/autobaak.nl\/#website"},"primaryImageOfPage":{"@id":"https:\/\/autobaak.nl\/citroen-c2\/#primaryimage"},"image":{"@id":"https:\/\/autobaak.nl\/citroen-c2\/#primaryimage"},"thumbnailUrl":"https:\/\/ti.tradetracker.net\/?c=20608&amp;m=779508&amp;a=390195&amp;r=&amp;t=html","datePublished":"2017-08-30T19:28:56+00:00","dateModified":"2021-11-08T16:04:48+00:00","description":"Wann ist der Zahnriemen des Citro\u00ebn C2 zu wechseln? Alle Intervalle sind hier zu finden. Einschlie\u00dflich 1.1, 1.4 und 1.6 VTS Benzin und Diesel 1.4 HDi und 1.6 HDiF","breadcrumb":{"@id":"https:\/\/autobaak.nl\/citroen-c2\/#breadcrumb"},"inLanguage":"de","potentialAction":[{"@type":"ReadAction","target":["https:\/\/autobaak.nl\/citroen-c2\/"]}]},{"@type":"ImageObject","inLanguage":"de","@id":"https:\/\/autobaak.nl\/citroen-c2\/#primaryimage","url":"https:\/\/ti.tradetracker.net\/?c=20608&amp;m=779508&amp;a=390195&amp;r=&amp;t=html","contentUrl":"https:\/\/ti.tradetracker.net\/?c=20608&amp;m=779508&amp;a=390195&amp;r=&amp;t=html"},{"@type":"BreadcrumbList","@id":"https:\/\/autobaak.nl\/citroen-c2\/#breadcrumb","itemListElement":[{"@type":"ListItem","position":1,"name":"Home","item":"https:\/\/autobaak.nl\/"},{"@type":"ListItem","position":2,"name":"Citroen C2"}]},{"@type":"WebSite","@id":"https:\/\/autobaak.nl\/#website","url":"https:\/\/autobaak.nl\/","name":"Autobook.de","description":"Autos &amp; Rennsport","potentialAction":[{"@type":"SearchAction","target":{"@type":"EntryPoint","urlTemplate":"https:\/\/autobaak.nl\/?s={search_term_string}"},"query-input":{"@type":"PropertyValueSpecification","valueRequired":true,"valueName":"search_term_string"}}],"inLanguage":"de"}]}},"_links":{"self":[{"href":"https:\/\/autobaak.nl\/de\/wp-json\/wp\/v2\/pages\/357","targetHints":{"allow":["GET"]}}],"collection":[{"href":"https:\/\/autobaak.nl\/de\/wp-json\/wp\/v2\/pages"}],"about":[{"href":"https:\/\/autobaak.nl\/de\/wp-json\/wp\/v2\/types\/page"}],"author":[{"embeddable":true,"href":"https:\/\/autobaak.nl\/de\/wp-json\/wp\/v2\/users\/1"}],"replies":[{"embeddable":true,"href":"https:\/\/autobaak.nl\/de\/wp-json\/wp\/v2\/comments?post=357"}],"version-history":[{"count":0,"href":"https:\/\/autobaak.nl\/de\/wp-json\/wp\/v2\/pages\/357\/revisions"}],"wp:attachment":[{"href":"https:\/\/autobaak.nl\/de\/wp-json\/wp\/v2\/media?parent=357"}],"curies":[{"name":"wp","href":"https:\/\/api.w.org\/{rel}","templated":true}]}}