{"id":359,"date":"2017-08-30T20:28:24","date_gmt":"2017-08-30T20:28:24","guid":{"rendered":"https:\/\/autobaak.nl\/?page_id=359"},"modified":"2019-06-20T14:04:55","modified_gmt":"2019-06-20T14:04:55","slug":"zitrone-c3","status":"publish","type":"page","link":"https:\/\/autobaak.nl\/de\/zitrone-c3\/","title":{"rendered":"Citro\u00ebn C3"},"content":{"rendered":"<p>[et_pb_section bb_built=\"1\u2033 fullwidth=\"off\" specialty=\"off\" transparent_background=\"off\" background_colour=\"#0c71c3\u2033 allow_player_pause=\"off\" inner_shadow=\"off\" parallax=\"off\" parallax_method=\"off\" padding_mobile=\"off\" make_fullwidth=\"off\" use_custom_width=\"off\" width_unit=\"on\" make_equal=\"off\" use_custom_gutter=\"off\" custom_padding_tablet=\"50px|0|50px|0\u2033 custom_padding_last_edited=\"on|desktop\" inner_width=\"auto\" inner_max_width=\"none\" next_background_colour=\"#ffffff\"][et_pb_row background_position=\"top_left\" background_repeat=\"repeat\" background_size=\"initial\" width=\"80%\" max_width=\"1080px\"][et_pb_column type=\"4_4\u2033][et_pb_text background_layout=\"dark\" text_orientation=\"center\" use_border_colour=\"off\" border_colour=\"#ffffff\" border_style=\"solid\" background_position=\"top_left\" background_repeat=\"repeat\" background_size=\"initial\" module_alignment=\"centre\"]<\/p>\n<h1 style=\"text-align: center;\">Wann ist der Zahnriemen des Citroen C3 zu wechseln?<\/h1>\n<p>[\/et_pb_text][\/et_pb_column][\/et_pb_row][\/et_pb_section][et_pb_section bb_built=\"1\u2033 _builder_version=\"3.23.3\u2033 inner_width_tablet=\"50px\" inner_max_width_tablet=\"50px\" custom_margin=\"||-40px|\" custom_padding=\"||-20px|\" z_index_tablet=\"500\u2033 box_shadow_horizontal_tablet=\"0px\" box_shadow_vertical_tablet=\"0px\" box_shadow_blur_tablet=\"40px\" box_shadow_spread_tablet=\"0px\" next_background_color=\"#000000\u2033 global_module=\"1614\u2033 prev_background_color=\"#0c71c3\u2033][et_pb_row global_parent=\"1614\u2033 _builder_version=\"3.22.3\u2033 background_size=\"initial\" background_position=\"top_left\" background_repeat=\"repeat\"][et_pb_column type=\"4_4\u2033][et_pb_text global_parent=\"1614\u2033 _builder_version=\"3.23.3\u2033 custom_margin=\"-50px||-50px||\" z_index_tablet=\"500\u2033 text_text_shadow_horizontal_length_tablet=\"0px\" text_text_shadow_vertical_length_tablet=\"0px\" text_text_shadow_blur_strength_tablet=\"1px\" link_text_shadow_horizontal_length_tablet=\"0px\" link_text_shadow_vertical_length_tablet=\"0px\" link_text_shadow_blur_strength_tablet=\"1px\" ul_text_shadow_horizontal_length_tablet=\"0px\" ul_text_shadow_vertical_length_tablet=\"0px\" ul_text_shadow_blur_strength_tablet=\"1px\" ol_text_shadow_horizontal_length_tablet=\"0px\" ol_text_shadow_vertical_length_tablet=\"0px\" ol_text_shadow_blur_strength_tablet=\"1px\" quote_text_shadow_horizontal_length_tablet=\"0px\" quote_text_shadow_vertical_length_tablet=\"0px\" quote_text_shadow_blur_strength_tablet=\"1px\" header_text_shadow_horizontal_length_tablet=\"0px\" header_text_shadow_vertical_length_tablet=\"0px\" header_text_shadow_blur_strength_tablet=\"1px\" header_2_text_shadow_horizontal_length_tablet=\"0px\" header_2_text_shadow_vertical_length_tablet=\"0px\" header_2_text_shadow_blur_strength_tablet=\"1px\" header_3_text_shadow_horizontal_length_tablet=\"0px\" header_3_text_shadow_vertical_length_tablet=\"0px\" header_3_text_shadow_blur_strength_tablet=\"1px\" header_4_text_shadow_horizontal_length_tablet=\"0px\" header_4_text_shadow_vertical_length_tablet=\"0px\" header_4_text_shadow_blur_strength_tablet=\"1px\" header_5_text_shadow_horizontal_length_tablet=\"0px\" header_5_text_shadow_vertical_length_tablet=\"0px\" header_5_text_shadow_blur_strength_tablet=\"1px\" header_6_text_shadow_horizontal_length_tablet=\"0px\" header_6_text_shadow_vertical_length_tablet=\"0px\" header_6_text_shadow_blur_strength_tablet=\"1px\" box_shadow_horizontal_tablet=\"0px\" box_shadow_vertical_tablet=\"0px\" box_shadow_blur_tablet=\"40px\" box_shadow_spread_tablet=\"0px\" custom_padding=\"||0px|||\"]<\/p>\n<p><a href=\"https:\/\/lt45.net\/c\/?si=13244&amp;li=1615045&amp;wi=334511&amp;ws=\" target=\"_blank\" rel=\"nofollow noopener noreferrer\"><img decoding=\"async\" class=\"aligncenter\" style=\"max-width: 100%; height: auto; border: none;\" src=\"https:\/\/static-dscn.net\/13244\/1615045\/?wi=334511&amp;ws=\" alt=\"\" \/><\/a><\/p>\n<p>[\/et_pb_text][\/et_pb_column][\/et_pb_row][\/et_pb_section][et_pb_section bb_built=\"1\u2033 fullwidth=\"off\" specialty=\"off\" inner_width=\"auto\" inner_max_width=\"none\" prev_background_colour=\"#000000\u2033][et_pb_row background_position=\"top_left\" background_repeat=\"repeat\" background_size=\"initial\" width=\"80%\" max_width=\"1080px\"][et_pb_column type=\"2_3\u2033][et_pb_text background_layout=\"light\" text_orientation=\"left\" use_border_color=\"off\" border_color=\"#ffffff\" border_style=\"solid\" background_position=\"top_left\" background_repeat=\"repeat\" background_size=\"initial\"]<\/p>\n<p>\nDer Citroen C3 ist ein kompakter Mittelklassewagen von Citroen. Dieses Modell ist sowohl mit Benzin- als auch mit Dieselmotor erh\u00e4ltlich und wird seit 2002 produziert. Nachfolgend finden Sie eine \u00dcbersicht \u00fcber die Wechselintervalle des Zahnriemens. Wenn Sie nicht wissen, welchen Motor Ihr Fahrzeug hat, k\u00f6nnen Sie unten das Kennzeichen eingeben.<\/p>\n<p>[open_rdw_check \"marke\" \"handelsname\" \"fahrzeugtyp\" \"kraftstoff_beschreibung\" \"anzahl_zylinder\" \"hubraum\" \"expiry_apk\"]<\/p>\n<p>[\/et_pb_text][et_pb_text background_layout=\"light\" text_orientation=\"left\" use_border_color=\"off\" border_color=\"#ffffff\" border_style=\"solid\" background_position=\"top_left\" background_repeat=\"repeat\" background_size=\"initial\"]<\/p>\n<h2><strong>Benzin<\/strong> <strong>zwischen 2002 und 2010 hergestellte Varianten<br \/>\n<\/strong><\/h2>\n<ul>\n<li>Citroen C3 1.1 44 kW = <strong>120 000<\/strong><b> Kilometern oder bis zu 10 Jahren.<br \/>\n<\/b><\/li>\n<li>Citroen C3 1.4 54 kW = <strong>120 000<\/strong><b> Kilometern oder bis zu 10 Jahren.<br \/>\n<\/b><\/li>\n<li>Citroen C3 1.4 16v 65 kW = <strong>120 000<\/strong><b> Kilometern oder bis zu 10 Jahren.<br \/>\n<\/b><\/li>\n<li>Citroen C3 1.6 16v 80 kW = <strong>120 000<\/strong><b> Kilometern oder bis zu 10 Jahren.<\/b><\/li>\n<\/ul>\n<h2><strong>Dieselvarianten, hergestellt zwischen 2002 und 2010<br \/>\n<\/strong><\/h2>\n<ul>\n<li>Citroen C3 1.4 HDi 50 kW = <strong>240 000<\/strong><b> Kilometern oder bis zu 10 Jahren.<\/b><\/li>\n<li>Citroen C3 1.4 HDi 66 kW = <strong>240 000<\/strong><b> Kilometern oder bis zu 10 Jahren.<br \/>\n<\/b><\/li>\n<li>Citroen C3 1.6 HDi 16v = <strong>240 000<\/strong><b> Kilometern oder bis zu 10 Jahren.<\/b><\/li>\n<\/ul>\n<h2><strong>Benzin<\/strong> <strong>ab 2010 produzierte Varianten -\u00a0<\/strong><\/h2>\n<ul>\n<li>Citroen C3 1.1 44 kW = <strong>150 000 Kilometer oder maximal 10 Jahre.<\/strong><\/li>\n<li>Citroen C3 1.0 VTi 50 kW = <strong>175\u00a0000<\/strong><b> Kilometern oder bis zu 10 Jahren.<\/b><\/li>\n<li>Citroen C3 1.4 i 54 kW = <strong>120\u00a0000<\/strong><b> Kilometern oder bis zu 10 Jahren.<br \/>\n<\/b><\/li>\n<li>Citroen C3 1.4 VTi 72 kW = <strong>Steuerkette, nach 10 Jahren pr\u00fcfen und ggf. ersetzen<\/strong><b>.<br \/>\n<\/b><\/li>\n<li>Citroen C3 1.2 THP 81 kW = <strong>175 000 Kilometern oder maximal 10 Jahren.<\/strong><\/li>\n<li>Citroen C3 1.6 VTi 88 kW = <strong>Steuerkette, nach 10 Jahren pr\u00fcfen und ggf. ersetzen<\/strong><b>.<\/b><\/li>\n<\/ul>\n<h2><strong>Diesel-Varianten produziert ab 2010 -\u00a0<\/strong><\/h2>\n<ul>\n<li>Citroen C3 1.4 HDi 50 kW = <strong>180 000 Kilometer oder bis zu 10 Jahre<\/strong><b>.<\/b><\/li>\n<li>Citroen C3 1.6 BlueHDi Alle Varianten = <strong>175 000 Kilometer oder bis zu 10 Jahre<\/strong><b>.<\/b><\/li>\n<li>Citroen C3 1.6 HDi 66 und 82 kW = <strong>240 000 Kilometer oder bis zu 10 Jahre<\/strong><b>.<\/b><\/li>\n<li>Citroen C3 1.6 HDi 84 kW = <strong>175 000 Kilometer oder bis zu 10 Jahre<\/strong><b>.<\/b><\/li>\n<\/ul>\n<p>[\/et_pb_text][\/et_pb_column][et_pb_column type=\"1_3\u2033][et_pb_code _builder_version=\"3.23.3\u2033 z_index_tablet=\"500\u2033 saved_tabs=\"all\" text_orientation=\"centre\" global_module=\"1602\u2033]<iframe loading=\"lazy\" style=\"overflow: hidden; border: none\" src=\"https:\/\/html.dt51.net\/12298\/1550002\/?wi=334511&#038;ws=\" width=\"160\" height=\"600\" frameborder=\"0\" marginwidth=\"0\" marginheight=\"0\" scrolling=\"no\"><\/iframe>[\/et_pb_code][\/et_pb_column][\/et_pb_row][\/et_pb_section].<\/p>","protected":false},"excerpt":{"rendered":"<p>Wann ist der Zahnriemen zu wechseln Citroen C3 Der Citroen C3 ist ein kompakter Mittelklassewagen von Citro\u00ebn. Dieses Modell ist sowohl mit Benzin- als auch mit Dieselmotoren erh\u00e4ltlich und wird seit 2002 produziert. Nachfolgend finden Sie eine \u00dcbersicht \u00fcber die Wechselintervalle des Zahnriemens. Wenn Sie nicht wissen, welchen Motor Ihr Auto hat, k\u00f6nnen Sie unten die Zulassungsnummer eingeben. [open_rdw_check \"Marke\" [...].<\/p>","protected":false},"author":1,"featured_media":0,"parent":0,"menu_order":0,"comment_status":"closed","ping_status":"closed","template":"","meta":{"_et_pb_use_builder":"on","_et_pb_old_content":"","_et_gb_content_width":"","footnotes":""},"class_list":["post-359","page","type-page","status-publish","hentry"],"yoast_head":"<!-- This site is optimized with the Yoast SEO plugin v27.4 - https:\/\/yoast.com\/product\/yoast-seo-wordpress\/ -->\n<title>Wanneer distributieriem vervangen Citroen C3? alle intervallen hier<\/title>\n<meta name=\"description\" content=\"Wanneer distributieriem vervangen Citro\u00ebn C3? Bekijk alle intervallen. O.a. 1.1 1.2 1.4 1.6 in de VTi en HDi varianten. Zowel diesel als benzine motoren.\" \/>\n<meta name=\"robots\" content=\"index, follow, max-snippet:-1, max-image-preview:large, max-video-preview:-1\" \/>\n<link rel=\"canonical\" href=\"https:\/\/autobaak.nl\/de\/zitrone-c3\/\" \/>\n<meta property=\"og:locale\" content=\"de_DE\" \/>\n<meta property=\"og:type\" content=\"article\" \/>\n<meta property=\"og:title\" content=\"Wanneer distributieriem vervangen Citroen C3? alle intervallen hier\" \/>\n<meta property=\"og:description\" content=\"Wanneer distributieriem vervangen Citro\u00ebn C3? Bekijk alle intervallen. O.a. 1.1 1.2 1.4 1.6 in de VTi en HDi varianten. Zowel diesel als benzine motoren.\" \/>\n<meta property=\"og:url\" content=\"https:\/\/autobaak.nl\/de\/zitrone-c3\/\" \/>\n<meta property=\"og:site_name\" content=\"Autobaak.nl\" \/>\n<meta property=\"article:modified_time\" content=\"2019-06-20T14:04:55+00:00\" \/>\n<meta property=\"og:image\" content=\"https:\/\/static-dscn.net\/13244\/1615045\/?wi=334511&amp;ws=\" \/>\n<meta name=\"twitter:card\" content=\"summary_large_image\" \/>\n<meta name=\"twitter:label1\" content=\"Gesch\u00e4tzte Lesezeit\" \/>\n\t<meta name=\"twitter:data1\" content=\"4\u00a0Minuten\" \/>\n<script type=\"application\/ld+json\" class=\"yoast-schema-graph\">{\"@context\":\"https:\\\/\\\/schema.org\",\"@graph\":[{\"@type\":\"WebPage\",\"@id\":\"https:\\\/\\\/autobaak.nl\\\/citroen-c3\\\/\",\"url\":\"https:\\\/\\\/autobaak.nl\\\/citroen-c3\\\/\",\"name\":\"Wanneer distributieriem vervangen Citroen C3? alle intervallen hier\",\"isPartOf\":{\"@id\":\"https:\\\/\\\/autobaak.nl\\\/#website\"},\"primaryImageOfPage\":{\"@id\":\"https:\\\/\\\/autobaak.nl\\\/citroen-c3\\\/#primaryimage\"},\"image\":{\"@id\":\"https:\\\/\\\/autobaak.nl\\\/citroen-c3\\\/#primaryimage\"},\"thumbnailUrl\":\"https:\\\/\\\/static-dscn.net\\\/13244\\\/1615045\\\/?wi=334511&amp;ws=\",\"datePublished\":\"2017-08-30T20:28:24+00:00\",\"dateModified\":\"2019-06-20T14:04:55+00:00\",\"description\":\"Wanneer distributieriem vervangen Citro\u00ebn C3? Bekijk alle intervallen. O.a. 1.1 1.2 1.4 1.6 in de VTi en HDi varianten. Zowel diesel als benzine motoren.\",\"breadcrumb\":{\"@id\":\"https:\\\/\\\/autobaak.nl\\\/citroen-c3\\\/#breadcrumb\"},\"inLanguage\":\"de\",\"potentialAction\":[{\"@type\":\"ReadAction\",\"target\":[\"https:\\\/\\\/autobaak.nl\\\/citroen-c3\\\/\"]}]},{\"@type\":\"ImageObject\",\"inLanguage\":\"de\",\"@id\":\"https:\\\/\\\/autobaak.nl\\\/citroen-c3\\\/#primaryimage\",\"url\":\"https:\\\/\\\/static-dscn.net\\\/13244\\\/1615045\\\/?wi=334511&amp;ws=\",\"contentUrl\":\"https:\\\/\\\/static-dscn.net\\\/13244\\\/1615045\\\/?wi=334511&amp;ws=\"},{\"@type\":\"BreadcrumbList\",\"@id\":\"https:\\\/\\\/autobaak.nl\\\/citroen-c3\\\/#breadcrumb\",\"itemListElement\":[{\"@type\":\"ListItem\",\"position\":1,\"name\":\"Home\",\"item\":\"https:\\\/\\\/autobaak.nl\\\/\"},{\"@type\":\"ListItem\",\"position\":2,\"name\":\"Citroen C3\"}]},{\"@type\":\"WebSite\",\"@id\":\"https:\\\/\\\/autobaak.nl\\\/#website\",\"url\":\"https:\\\/\\\/autobaak.nl\\\/\",\"name\":\"Autobaak.nl\",\"description\":\"Cars &amp; Racing\",\"potentialAction\":[{\"@type\":\"SearchAction\",\"target\":{\"@type\":\"EntryPoint\",\"urlTemplate\":\"https:\\\/\\\/autobaak.nl\\\/?s={search_term_string}\"},\"query-input\":{\"@type\":\"PropertyValueSpecification\",\"valueRequired\":true,\"valueName\":\"search_term_string\"}}],\"inLanguage\":\"de\"}]}<\/script>\n<!-- \/ Yoast SEO plugin. -->","yoast_head_json":{"title":"Wann ist ein Citroen C3 Zahnriemen zu wechseln? alle Intervalle hier","description":"Wann ist ein Citro\u00ebn C3 Zahnriemen zu wechseln? Alle Intervalle anzeigen. Einschlie\u00dflich 1.1 1.2 1.4 1.6 in den Varianten VTi und HDi. Sowohl Diesel- als auch Benzinmotoren.","robots":{"index":"index","follow":"follow","max-snippet":"max-snippet:-1","max-image-preview":"max-image-preview:large","max-video-preview":"max-video-preview:-1"},"canonical":"https:\/\/autobaak.nl\/de\/zitrone-c3\/","og_locale":"de_DE","og_type":"article","og_title":"Wanneer distributieriem vervangen Citroen C3? alle intervallen hier","og_description":"Wanneer distributieriem vervangen Citro\u00ebn C3? Bekijk alle intervallen. O.a. 1.1 1.2 1.4 1.6 in de VTi en HDi varianten. Zowel diesel als benzine motoren.","og_url":"https:\/\/autobaak.nl\/de\/zitrone-c3\/","og_site_name":"Autobaak.nl","article_modified_time":"2019-06-20T14:04:55+00:00","og_image":[{"url":"https:\/\/static-dscn.net\/13244\/1615045\/?wi=334511&amp;ws=","type":"","width":"","height":""}],"twitter_card":"summary_large_image","twitter_misc":{"Gesch\u00e4tzte Lesezeit":"4\u00a0Minuten"},"schema":{"@context":"https:\/\/schema.org","@graph":[{"@type":"WebPage","@id":"https:\/\/autobaak.nl\/citroen-c3\/","url":"https:\/\/autobaak.nl\/citroen-c3\/","name":"Wann ist ein Citroen C3 Zahnriemen zu wechseln? alle Intervalle hier","isPartOf":{"@id":"https:\/\/autobaak.nl\/#website"},"primaryImageOfPage":{"@id":"https:\/\/autobaak.nl\/citroen-c3\/#primaryimage"},"image":{"@id":"https:\/\/autobaak.nl\/citroen-c3\/#primaryimage"},"thumbnailUrl":"https:\/\/static-dscn.net\/13244\/1615045\/?wi=334511&amp;ws=","datePublished":"2017-08-30T20:28:24+00:00","dateModified":"2019-06-20T14:04:55+00:00","description":"Wann ist ein Citro\u00ebn C3 Zahnriemen zu wechseln? Alle Intervalle anzeigen. Einschlie\u00dflich 1.1 1.2 1.4 1.6 in den Varianten VTi und HDi. Sowohl Diesel- als auch Benzinmotoren.","breadcrumb":{"@id":"https:\/\/autobaak.nl\/citroen-c3\/#breadcrumb"},"inLanguage":"de","potentialAction":[{"@type":"ReadAction","target":["https:\/\/autobaak.nl\/citroen-c3\/"]}]},{"@type":"ImageObject","inLanguage":"de","@id":"https:\/\/autobaak.nl\/citroen-c3\/#primaryimage","url":"https:\/\/static-dscn.net\/13244\/1615045\/?wi=334511&amp;ws=","contentUrl":"https:\/\/static-dscn.net\/13244\/1615045\/?wi=334511&amp;ws="},{"@type":"BreadcrumbList","@id":"https:\/\/autobaak.nl\/citroen-c3\/#breadcrumb","itemListElement":[{"@type":"ListItem","position":1,"name":"Home","item":"https:\/\/autobaak.nl\/"},{"@type":"ListItem","position":2,"name":"Citroen C3"}]},{"@type":"WebSite","@id":"https:\/\/autobaak.nl\/#website","url":"https:\/\/autobaak.nl\/","name":"Autobook.de","description":"Autos &amp; Rennsport","potentialAction":[{"@type":"SearchAction","target":{"@type":"EntryPoint","urlTemplate":"https:\/\/autobaak.nl\/?s={search_term_string}"},"query-input":{"@type":"PropertyValueSpecification","valueRequired":true,"valueName":"search_term_string"}}],"inLanguage":"de"}]}},"_links":{"self":[{"href":"https:\/\/autobaak.nl\/de\/wp-json\/wp\/v2\/pages\/359","targetHints":{"allow":["GET"]}}],"collection":[{"href":"https:\/\/autobaak.nl\/de\/wp-json\/wp\/v2\/pages"}],"about":[{"href":"https:\/\/autobaak.nl\/de\/wp-json\/wp\/v2\/types\/page"}],"author":[{"embeddable":true,"href":"https:\/\/autobaak.nl\/de\/wp-json\/wp\/v2\/users\/1"}],"replies":[{"embeddable":true,"href":"https:\/\/autobaak.nl\/de\/wp-json\/wp\/v2\/comments?post=359"}],"version-history":[{"count":0,"href":"https:\/\/autobaak.nl\/de\/wp-json\/wp\/v2\/pages\/359\/revisions"}],"wp:attachment":[{"href":"https:\/\/autobaak.nl\/de\/wp-json\/wp\/v2\/media?parent=359"}],"curies":[{"name":"wp","href":"https:\/\/api.w.org\/{rel}","templated":true}]}}