{"id":374,"date":"2017-09-07T17:07:59","date_gmt":"2017-09-07T17:07:59","guid":{"rendered":"https:\/\/autobaak.nl\/?page_id=374"},"modified":"2022-01-29T13:01:56","modified_gmt":"2022-01-29T13:01:56","slug":"peugeot-206","status":"publish","type":"page","link":"https:\/\/autobaak.nl\/de\/peugeot-206\/","title":{"rendered":"Peugeot 206"},"content":{"rendered":"<p>[et_pb_section fb_built=\"1\u2033 custom_padding_last_edited=\"on|desktop\" _builder_version=\"3.22.3\u2033 background_color=\"#0c71c3\u2033 custom_padding_tablet=\"50px|0|50px|0\u2033 custom_padding_phone=\"\" transparent_background=\"off\" padding_mobile=\"off\" make_fullwidth=\"off\" use_custom_width=\"off\" width_unit=\"on\" global_colors_info=\"{}\"][et_pb_row _builder_version=\"3.25\u2033 background_size=\"initial\" background_position=\"top_left\" background_repeat=\"repeat\" global_colors_info=\"{}\"][et_pb_column type=\"4_4\u2033 _builder_version=\"3.25\u2033 custom_padding=\"|||\" global_colors_info=\"{}\" custom_padding__hover=\"|||\"][et_pb_text _builder_version=\"3.27.4\u2033 background_size=\"initial\" background_position=\"top_left\" background_repeat=\"repeat\" text_orientation=\"centre\" background_layout=\"dark\" module_alignment=\"centre\" use_border_color=\"off\" border_color=\"#ffffff\" border_style=\"solid\" global_colors_info=\"{}\"][et_pb_text _builder_version=\"3.27.<\/p>\n<h1 style=\"text-align: center;\">Wann ist der Zahnriemen des Peugeot 206 zu wechseln?<\/h1>\n<p>[\/et_pb_text][\/et_pb_column][\/et_pb_row][\/et_pb_section][et_pb_section fb_built=\"1\u2033 _builder_version=\"3.22.3\u2033 custom_padding=\"30px||0px|||\" global_colors_info=\"{}\"][\/et_pb_section][et_pb_section fb_built=\"1\u2033 _builder_version=\"3.22.3\u2033 custom_padding=\"2px|||||\" global_colors_info=\"{}\"][et_pb_row _builder_version=\"3.25\u2033 background_size=\"initial\" background_position=\"top_left\" background_repeat=\"repeat\" custom_padding=\"3px|||||\" global_colors_info=\"{}\"][et_pb_column type=\"4_4\u2033 _builder_version=\"3.25\u2033 custom_padding=\"|||\" global_colors_info=\"{}\" custom_padding__hover=\"|||\"][et_pb_text _builder_version=\"3.27.4\u2033 background_size=\"initial\" background_position=\"top_left\" background_repeat=\"repeat\" use_border_color=\"off\" border_color=\"#ffffff\" border_style=\"solid\" global_colors_info=\"{}\"]<\/p>\n<p>\nDer Peugeot 206 ist ein Kompaktmodell von Peugeot und war zun\u00e4chst als 3- und 5-t\u00fcriges Modell erh\u00e4ltlich, sp\u00e4ter folgte der SW. Dieses Modell wurde sowohl mit Benzin- als auch mit Dieselmotoren geliefert. Nachfolgend finden Sie eine \u00dcbersicht \u00fcber die Wechselintervalle des Zahnriemens. Wenn Sie nicht wissen, welchen Motor Ihr Fahrzeug hat, k\u00f6nnen Sie unten das Kennzeichen eingeben.<\/p>\n<p>[open_rdw_check \"marke\" \"handelsname\" \"fahrzeugtyp\" \"kraftstoff_beschreibung\" \"anzahl_zylinder\" \"hubraum\" \"expiry_apk\"]<\/p>\n<p>[\/et_pb_text][et_pb_text _builder_version=\"3.27.4\u2033 background_size=\"initial\" background_position=\"top_left\" background_repeat=\"repeat\" use_border_color=\"off\" border_color=\"#ffffff\" border_style=\"solid\" global_colors_info=\"{}\"]<\/p>\n<h2><strong>Benzin<\/strong> <strong>zwischen 1998 und 2008 hergestellte Varianten<br \/>\n<\/strong><\/h2>\n<ul>\n<li>Peugeot 206 1.1i 44 kW = <strong>120\u00a0000<\/strong><b> Kilometern oder bis zu 10 Jahren.<br \/>\n<\/b><\/li>\n<li>Peugeot 206 1.4i alle Varianten = <strong>120\u00a0000<\/strong><b> Kilometern oder bis zu 10 Jahren.<\/b><\/li>\n<li>Peugeot 206 1.6i alle Varianten = <strong>120\u00a0000<\/strong><b> Kilometern oder bis zu 10 Jahren.<br \/>\n<\/b><\/li>\n<li>Peugeot 206 2.0i alle Varianten = <strong>120\u00a0000<\/strong><b> Kilometern oder bis zu 10 Jahren.<\/b><strong><br \/>\n<\/strong><\/li>\n<\/ul>\n<h2><strong>Diesel-Varianten, die zwischen 1998 und 2009 produziert wurden<br \/>\n<\/strong><\/h2>\n<ul>\n<li>Peugeot 206 1.9 D 51 kW = <strong>120\u00a0000<\/strong><b> Kilometern oder bis zu 10 Jahren.<\/b><\/li>\n<li>Peugeot 206 2.0 HDi 66 kW = <strong>160\u00a0000<\/strong><b> Kilometern oder bis zu 10 Jahren.<br \/>\n<\/b><\/li>\n<li>Peugeot 206 1.4 HDi 50 kW = <strong>240\u00a0000<\/strong><b> Kilometern oder bis zu 10 Jahren.<\/b><\/li>\n<li>Peugeot 206 1.6 HDi 80 kW = <strong>240\u00a0000<\/strong><b> Kilometern oder bis zu 10 Jahren.<\/b><\/li>\n<\/ul>\n<p>[\/et_pb_text][\/et_pb_column][\/et_pb_row][\/et_pb_section].<\/p>","protected":false},"excerpt":{"rendered":"<p>Wann ist der Zahnriemen zu wechseln Peugeot 206 Der Peugeot 206 ist ein kompaktes Modell von Peugeot und wurde zun\u00e4chst als 3- und 5-T\u00fcrer angeboten, sp\u00e4ter folgte der SW. Dieses Modell gab es sowohl mit Benzin- als auch mit Dieselmotoren. Nachfolgend finden Sie eine \u00dcbersicht \u00fcber das Zahnriemenwechselintervall. Wenn Sie nicht wissen, welchen Motor Ihr Fahrzeug hat, [...]<\/p>","protected":false},"author":1,"featured_media":0,"parent":0,"menu_order":0,"comment_status":"closed","ping_status":"closed","template":"","meta":{"_et_pb_use_builder":"on","_et_pb_old_content":"","_et_gb_content_width":"","footnotes":""},"class_list":["post-374","page","type-page","status-publish","hentry"],"yoast_head":"<!-- This site is optimized with the Yoast SEO plugin v27.5 - https:\/\/yoast.com\/product\/yoast-seo-wordpress\/ -->\n<title>Wanneer distributieriem vervangen Peugeot 206 ? Bekijk alle intervallen<\/title>\n<meta name=\"description\" content=\"Wanneer distributieriem vervangen Peugeot 206. Op deze pagina alle intervallen. Zowel diesel als benzine o.a. 1.1, 1.4, 1.6, 2.0 en 1.9 d en Hdi\" \/>\n<meta name=\"robots\" content=\"index, follow, max-snippet:-1, max-image-preview:large, max-video-preview:-1\" \/>\n<link rel=\"canonical\" href=\"https:\/\/autobaak.nl\/de\/peugeot-206\/\" \/>\n<meta property=\"og:locale\" content=\"de_DE\" \/>\n<meta property=\"og:type\" content=\"article\" \/>\n<meta property=\"og:title\" content=\"Wanneer distributieriem vervangen Peugeot 206 ? Bekijk alle intervallen\" \/>\n<meta property=\"og:description\" content=\"Wanneer distributieriem vervangen Peugeot 206. Op deze pagina alle intervallen. Zowel diesel als benzine o.a. 1.1, 1.4, 1.6, 2.0 en 1.9 d en Hdi\" \/>\n<meta property=\"og:url\" content=\"https:\/\/autobaak.nl\/de\/peugeot-206\/\" \/>\n<meta property=\"og:site_name\" content=\"Autobaak.nl\" \/>\n<meta property=\"article:modified_time\" content=\"2022-01-29T13:01:56+00:00\" \/>\n<meta name=\"twitter:card\" content=\"summary_large_image\" \/>\n<meta name=\"twitter:label1\" content=\"Gesch\u00e4tzte Lesezeit\" \/>\n\t<meta name=\"twitter:data1\" content=\"2\u00a0Minuten\" \/>\n<script type=\"application\/ld+json\" class=\"yoast-schema-graph\">{\"@context\":\"https:\\\/\\\/schema.org\",\"@graph\":[{\"@type\":\"WebPage\",\"@id\":\"https:\\\/\\\/autobaak.nl\\\/de\\\/peugeot-206\\\/\",\"url\":\"https:\\\/\\\/autobaak.nl\\\/de\\\/peugeot-206\\\/\",\"name\":\"Wanneer distributieriem vervangen Peugeot 206 ? Bekijk alle intervallen\",\"isPartOf\":{\"@id\":\"https:\\\/\\\/autobaak.nl\\\/#website\"},\"datePublished\":\"2017-09-07T17:07:59+00:00\",\"dateModified\":\"2022-01-29T13:01:56+00:00\",\"description\":\"Wanneer distributieriem vervangen Peugeot 206. Op deze pagina alle intervallen. Zowel diesel als benzine o.a. 1.1, 1.4, 1.6, 2.0 en 1.9 d en Hdi\",\"breadcrumb\":{\"@id\":\"https:\\\/\\\/autobaak.nl\\\/de\\\/peugeot-206\\\/#breadcrumb\"},\"inLanguage\":\"de\",\"potentialAction\":[{\"@type\":\"ReadAction\",\"target\":[\"https:\\\/\\\/autobaak.nl\\\/de\\\/peugeot-206\\\/\"]}]},{\"@type\":\"BreadcrumbList\",\"@id\":\"https:\\\/\\\/autobaak.nl\\\/de\\\/peugeot-206\\\/#breadcrumb\",\"itemListElement\":[{\"@type\":\"ListItem\",\"position\":1,\"name\":\"Home\",\"item\":\"https:\\\/\\\/autobaak.nl\\\/\"},{\"@type\":\"ListItem\",\"position\":2,\"name\":\"Peugeot 206\"}]},{\"@type\":\"WebSite\",\"@id\":\"https:\\\/\\\/autobaak.nl\\\/#website\",\"url\":\"https:\\\/\\\/autobaak.nl\\\/\",\"name\":\"Autobaak.nl\",\"description\":\"Cars &amp; Racing\",\"potentialAction\":[{\"@type\":\"SearchAction\",\"target\":{\"@type\":\"EntryPoint\",\"urlTemplate\":\"https:\\\/\\\/autobaak.nl\\\/?s={search_term_string}\"},\"query-input\":{\"@type\":\"PropertyValueSpecification\",\"valueRequired\":true,\"valueName\":\"search_term_string\"}}],\"inLanguage\":\"de\"}]}<\/script>\n<!-- \/ Yoast SEO plugin. -->","yoast_head_json":{"title":"Wann muss ein Peugeot 206 Zahnriemen gewechselt werden? Alle Intervalle anzeigen","description":"Wann muss ein Peugeot 206 Zahnriemen gewechselt werden? Auf dieser Seite werden alle Intervalle angezeigt. Sowohl Diesel als auch Benzin, einschlie\u00dflich 1.1, 1.4, 1.6, 2.0 und 1.9 d und Hdi","robots":{"index":"index","follow":"follow","max-snippet":"max-snippet:-1","max-image-preview":"max-image-preview:large","max-video-preview":"max-video-preview:-1"},"canonical":"https:\/\/autobaak.nl\/de\/peugeot-206\/","og_locale":"de_DE","og_type":"article","og_title":"Wanneer distributieriem vervangen Peugeot 206 ? Bekijk alle intervallen","og_description":"Wanneer distributieriem vervangen Peugeot 206. Op deze pagina alle intervallen. Zowel diesel als benzine o.a. 1.1, 1.4, 1.6, 2.0 en 1.9 d en Hdi","og_url":"https:\/\/autobaak.nl\/de\/peugeot-206\/","og_site_name":"Autobaak.nl","article_modified_time":"2022-01-29T13:01:56+00:00","twitter_card":"summary_large_image","twitter_misc":{"Gesch\u00e4tzte Lesezeit":"2\u00a0Minuten"},"schema":{"@context":"https:\/\/schema.org","@graph":[{"@type":"WebPage","@id":"https:\/\/autobaak.nl\/de\/peugeot-206\/","url":"https:\/\/autobaak.nl\/de\/peugeot-206\/","name":"Wann muss ein Peugeot 206 Zahnriemen gewechselt werden? Alle Intervalle anzeigen","isPartOf":{"@id":"https:\/\/autobaak.nl\/#website"},"datePublished":"2017-09-07T17:07:59+00:00","dateModified":"2022-01-29T13:01:56+00:00","description":"Wann muss ein Peugeot 206 Zahnriemen gewechselt werden? Auf dieser Seite werden alle Intervalle angezeigt. Sowohl Diesel als auch Benzin, einschlie\u00dflich 1.1, 1.4, 1.6, 2.0 und 1.9 d und Hdi","breadcrumb":{"@id":"https:\/\/autobaak.nl\/de\/peugeot-206\/#breadcrumb"},"inLanguage":"de","potentialAction":[{"@type":"ReadAction","target":["https:\/\/autobaak.nl\/de\/peugeot-206\/"]}]},{"@type":"BreadcrumbList","@id":"https:\/\/autobaak.nl\/de\/peugeot-206\/#breadcrumb","itemListElement":[{"@type":"ListItem","position":1,"name":"Home","item":"https:\/\/autobaak.nl\/"},{"@type":"ListItem","position":2,"name":"Peugeot 206"}]},{"@type":"WebSite","@id":"https:\/\/autobaak.nl\/#website","url":"https:\/\/autobaak.nl\/","name":"Autobook.de","description":"Autos &amp; Rennsport","potentialAction":[{"@type":"SearchAction","target":{"@type":"EntryPoint","urlTemplate":"https:\/\/autobaak.nl\/?s={search_term_string}"},"query-input":{"@type":"PropertyValueSpecification","valueRequired":true,"valueName":"search_term_string"}}],"inLanguage":"de"}]}},"_links":{"self":[{"href":"https:\/\/autobaak.nl\/de\/wp-json\/wp\/v2\/pages\/374","targetHints":{"allow":["GET"]}}],"collection":[{"href":"https:\/\/autobaak.nl\/de\/wp-json\/wp\/v2\/pages"}],"about":[{"href":"https:\/\/autobaak.nl\/de\/wp-json\/wp\/v2\/types\/page"}],"author":[{"embeddable":true,"href":"https:\/\/autobaak.nl\/de\/wp-json\/wp\/v2\/users\/1"}],"replies":[{"embeddable":true,"href":"https:\/\/autobaak.nl\/de\/wp-json\/wp\/v2\/comments?post=374"}],"version-history":[{"count":0,"href":"https:\/\/autobaak.nl\/de\/wp-json\/wp\/v2\/pages\/374\/revisions"}],"wp:attachment":[{"href":"https:\/\/autobaak.nl\/de\/wp-json\/wp\/v2\/media?parent=374"}],"curies":[{"name":"wp","href":"https:\/\/api.w.org\/{rel}","templated":true}]}}