{"id":431,"date":"2017-09-13T14:09:41","date_gmt":"2017-09-13T14:09:41","guid":{"rendered":"https:\/\/autobaak.nl\/?page_id=431"},"modified":"2022-05-17T09:18:34","modified_gmt":"2022-05-17T07:18:34","slug":"ford-fiesta","status":"publish","type":"page","link":"https:\/\/autobaak.nl\/de\/ford-fiesta\/","title":{"rendered":"Ford Fiesta"},"content":{"rendered":"<p>[et_pb_section fb_built=\"1\u2033 custom_padding_last_edited=\"on|desktop\" _builder_version=\"4.16\u2033 background_color=\"#0c71c3\u2033 custom_padding_tablet=\"50px|0|50px|0\u2033 custom_padding_phone=\"\" transparent_background=\"off\" padding_mobile=\"off\" make_fullwidth=\"off\" use_custom_width=\"off\" width_unit=\"on\" global_colors_info=\"{}\"][et_pb_row _builder_version=\"4.16\u2033 background_size=\"initial\" background_position=\"top_left\" background_repeat=\"repeat\" global_colors_info=\"{}\"][et_pb_column type=\"4_4\u2033 _builder_version=\"4.16\u2033 custom_padding=\"|||\" global_colors_info=\"{}\" custom_padding__hover=\"|||\"][et_pb_text _builder_version=\"4.16\u2033 background_size=\"initial\" background_position=\"top_left\" background_repeat=\"repeat\" text_orientation=\"centre\" background_layout=\"dark\" module_alignment=\"centre\" use_border_color=\"off\" border_color=\"#ffffff\" border_style=\"solid\" global_colors_info=\"{}\"]<\/p>\n<h1 style=\"text-align: center;\">Wann ist der Ford Fiesta Zahnriemen zu wechseln?<\/h1>\n<p>[\/et_pb_text][\/et_pb_column][\/et_pb_row][\/et_pb_section][et_pb_section fb_built=\"1\u2033 _builder_version=\"4.0.7\u2033 inner_width_tablet=\"50px\" inner_max_width_tablet=\"50px\" custom_margin=\"||-40px|\" custom_padding=\"2px||0px||false|false\" z_index_tablet=\"500\u2033 box_shadow_horizontal_tablet=\"0px\" box_shadow_vertical_tablet=\"0px\" box_shadow_blur_tablet=\"40px\" box_shadow_spread_tablet=\"0px\" global_module=\"1614\u2033 global_colors_info=\"{}\"][\/et_pb_section][et_pb_section fb_built=\"1\u2033 _builder_version=\"4.16\u2033 custom_padding=\"0px|||||\" global_colors_info=\"{}\"][et_pb_row column_structure=\"2_3,1_3\u2033 _builder_version=\"4.16\u2033 background_size=\"initial\" background_position=\"top_left\" background_repeat=\"repeat\" global_colors_info=\"{}\"][et_pb_column type=\"2_3\u2033 _builder_version=\"4.16\u2033 custom_padding=\"|||\" global_colors_info=\"{}\" custom_padding__hover=\"|||\"][et_pb_text _builder_version=\"4.16\u2033 background_size=\"initial\" background_position=\"top_left\" background_repeat=\"repeat\" use_border_color=\"off\" border_color=\"#ffffff\" border_style=\"solid\" global_colors_info=\"{}\"]<\/p>\n<p>\nDer Ford Fiesta ist ein Kompaktmodell von Ford, das seit 1976 produziert wird. Dieses Modell wurde sowohl mit Benzin- als auch mit Dieselmotoren geliefert. Nachfolgend finden Sie eine \u00dcbersicht \u00fcber die Zahnriemenwechselintervalle seit 1989. Wenn Sie nicht wissen, welchen Motor Ihr Fahrzeug hat, k\u00f6nnen Sie unten das amtliche Kennzeichen eingeben.<\/p>\n<p>[open_rdw_check \"marke\" \"handelsname\" \"fahrzeugtyp\" \"kraftstoff_beschreibung\" \"anzahl_zylinder\" \"hubraum\" \"expiry_apk\"]<\/p>\n<p>[\/et_pb_text][et_pb_text _builder_version=\"4.16\u2033 background_size=\"initial\" background_position=\"top_left\" background_repeat=\"repeat\" use_border_color=\"off\" border_color=\"#ffffff\" border_style=\"solid\" global_colors_info=\"{}\"]<\/p>\n<h2><strong>Benzin<\/strong> <strong>zwischen 1989 und 2002 hergestellte Varianten<br \/>\n<\/strong><\/h2>\n<ul>\n<li>Ford Fiesta 1.1 i 37 und 40 kW = <strong>Steuerkette, nach 10 Jahren pr\u00fcfen und ggf. ersetzen.<\/strong><\/li>\n<li>Ford Fiesta 1,25 i 16V 55 kW = <strong>150 000 Kilometern oder nach maximal 10 Jahren.<\/strong><\/li>\n<li>Ford Fiesta 1.3 i 37 und 44 kW = <strong>Steuerkette, nach 10 Jahren pr\u00fcfen und ggf. ersetzen.<\/strong><\/li>\n<li>Ford Fiesta 1.4 i 52 und 54 kW = <strong>60 000 Kilometern oder nach maximal 5 Jahren.<\/strong><\/li>\n<li>Ford Fiesta 1.4 16V 66 kW = <strong>150 000 Kilometern oder nach maximal 10 Jahren.<\/strong><\/li>\n<li>Ford Fiesta 1.6 i 65 kW = <strong>60 000 Kilometern oder nach maximal 5 Jahren.<\/strong><\/li>\n<li>Ford Fiesta 1.6 i 16v 65 kW = <strong>120 000 Kilometern oder nach maximal 5 Jahren.<\/strong><\/li>\n<li>Ford Fiesta 1.6 16V sport 76 kW = <strong>150 000 Kilometern oder nach maximal 10 Jahren.<\/strong><\/li>\n<li>Ford Fiesta 1.6 i XR2i 76 kW = <strong>60 000 Kilometern oder nach maximal 5 Jahren.<\/strong><\/li>\n<li>Ford Fiesta 1.6 i Turbo 96 kW = <strong>60 000 Kilometern oder nach maximal 5 Jahren.<\/strong><\/li>\n<li>Ford Fiesta 1.8 i 16V 77 und 96 kW = <strong>120 000 Kilometern oder nach maximal 5 Jahren.<\/strong><strong><br \/>\n<\/strong><\/li>\n<\/ul>\n<h2><strong>Diesel-Varianten, die zwischen 1989 und 2002 hergestellt wurden<br \/>\n<\/strong><\/h2>\n<ul>\n<li>Ford Fiesta 1.8 D alle Varianten = <strong>60 000 Kilometern oder nach maximal 5 Jahren.<\/strong><\/li>\n<\/ul>\n<h2><strong>Benzin<\/strong> <strong>zwischen 2002 und 2008 produzierte Varianten<\/strong><\/h2>\n<ul>\n<li>Ford Fiesta 1,25 i 16V 51 und 55 kW = <strong>160 000 Kilometern oder nach maximal 8 Jahren.<\/strong><\/li>\n<li>Ford Fiesta 1,25 i 16V 51 und 55 kW = <strong>160 000 Kilometern oder nach maximal 8 Jahren.<\/strong><\/li>\n<li>Ford Fiesta 1.3 i 44 und 51 kW = <strong>Steuerkette, nach 10 Jahren pr\u00fcfen und ggf. ersetzen.<\/strong><\/li>\n<li>Ford Fiesta 1.4 16V 59 kW = <strong>160 000 Kilometern oder nach maximal 8 Jahren.<\/strong><\/li>\n<li>Ford Fiesta 1.6 i 16v 74 kW = <strong>160 000 Kilometern oder nach maximal 8 Jahren.<\/strong><\/li>\n<li>Ford Fiesta ST150 110 kW = <strong>Steuerkette, nach 10 Jahren pr\u00fcfen und ggf. ersetzen.<\/strong><\/li>\n<\/ul>\n<h2><strong>Diesel-Varianten, die zwischen 2002 und 2008 produziert wurden<\/strong><\/h2>\n<ul>\n<li>Ford Fiesta 1.4 TDCi 50 kW = <strong>200 000 Kilometer oder nach maximal 10 Jahren.<\/strong><\/li>\n<li>Ford Fiesta 1.6 TDCi 66 kW = <strong>200 000 Kilometer oder nach maximal 10 Jahren.<\/strong><\/li>\n<\/ul>\n<h2><strong>Benzin<\/strong> <strong>zwischen 2008 und 2017 produzierte Varianten<\/strong><\/h2>\n<ul>\n<li>Ford Fiesta 1.0 48 kW = <strong>240 000 Kilometern oder nach maximal 10 Jahren.<\/strong><\/li>\n<li>Ford Fiesta 1.0 59 kW = <strong>240 000 Kilometern oder nach maximal 10 Jahren.<\/strong><\/li>\n<li>Ford Fiesta 1.0 EcoBoost 74 kW = <strong>240 000 Kilometern oder nach maximal 10 Jahren.<\/strong><\/li>\n<li>Ford Fiesta 1.0 EcoBoost 92 kW = <strong>240 000 Kilometern oder nach maximal 10 Jahren.<\/strong><\/li>\n<li>Ford Fiesta 1.0 Sport 103 kW = <strong>240 000 Kilometern oder nach maximal 10 Jahren.<\/strong><\/li>\n<li>Ford Fiesta 1.25 44 kW = <strong>160 000 Kilometern oder nach maximal 8 Jahren.<\/strong><\/li>\n<li>Ford Fiesta 1.25 60 kW = <strong>160 000 Kilometern oder nach maximal 8 Jahren.<\/strong><\/li>\n<li>Ford Fiesta 1.4 71 kW = <strong>160 000 Kilometern oder nach maximal 8 Jahren.<\/strong><\/li>\n<li>Ford Fiesta 1.6 Ti 77 kW = <strong>160 000 Kilometern oder nach maximal 8 Jahren.<\/strong><\/li>\n<li>Ford Fiesta 1.6 Ti 88 kW = <strong>160 000 Kilometern oder nach maximal 8 Jahren.<\/strong><\/li>\n<li>Ford Fiesta 1.6 Ti 99 kW = <strong>160 000 Kilometern oder nach maximal 8 Jahren.<\/strong><\/li>\n<li>Ford Fiesta 1.6 134 kW = <strong>200 000 Kilometer oder nach maximal 8 Jahren.<\/strong><\/li>\n<\/ul>\n<h2><strong>Zwischen 2008 und 2017 produzierte Diesel-Varianten<\/strong><\/h2>\n<ul>\n<li>Ford Fiesta 1.4 TDCi 50 kW = <strong>180 000 Kilometern oder nach maximal 10 Jahren.<\/strong><\/li>\n<li>Ford Fiesta 1.4 TDCi 51 kW = <strong>140 000 Kilometern oder nach maximal 10 Jahren.<\/strong><\/li>\n<li>Ford Fiesta 1.5 TDCi 55 kW = <strong>180 000 Kilometern oder nach maximal 10 Jahren.<\/strong><\/li>\n<li>Ford Fiesta 1.6 TDCi 66 kW = <strong>140 000 Kilometern oder nach maximal 10 Jahren.<\/strong><\/li>\n<li>Ford Fiesta 1.6 TDCi 70 kW = <strong>140 000 Kilometern oder nach maximal 10 Jahren.<\/strong><\/li>\n<\/ul>\n<p>&nbsp;<\/p>\n<p>[\/et_pb_text][\/et_pb_column][et_pb_column type=\"1_3\u2033 _builder_version=\"4.16\u2033 custom_padding=\"|||\" global_colors_info=\"{}\" custom_padding__hover=\"|||\"][et_pb_code _builder_version=\"4.16\u2033 global_colors_info=\"{}\"]<!-- [et_pb_line_break_holder] --><a href=\"https:\/\/lt45.net\/c\/?si=13244&#038;li=1625022&#038;wi=334511&#038;ws=\" rel=\"sponsored noopener noreferrer\" target=\"_blank\"><img decoding=\"async\" src=\"https:\/\/static-dscn.net\/13244\/1625022\/?wi=334511&#038;ws=\" alt=\"\" style=\"max-width:100%; height:auto; border:none;\" \/><\/a><!-- [et_pb_line_break_holder] -->[\/et_pb_code][\/et_pb_column][\/et_pb_row][et_pb_row _builder_version=\"4.17.4\u2033 _module_preset=\"default\"][et_pb_column _builder_version=\"4.17.4\u2033 _module_preset=\"default\" type=\"4_4\u2033][et_pb_text _builder_version=\"4.17.4\u2033 _module_preset=\"default\" hover_enabled=\"0\u2033 sticky_enabled=\"0\u2033]<\/p>\n<h3><span>Bekannte Probleme und Kaufberatung Ford Fiesta<\/span><\/h3>\n<p><span>Inspektionsprobleme, M\u00e4ngel und R\u00fcckrufe sind beim Ford Fiesta keine Seltenheit. Ob gebrochene Federn, K\u00fchlwasserverlust oder kaputte Kupplungen: Der Fiesta kommt als Gebrauchtwagen nicht immer gut weg. Auf <a href=\"https:\/\/autobaak.nl\/de\/ford-fiesta-probleme-und-kaufberatung\/\">diese Seite<\/a> Wir haben versucht, die Probleme, Schwachstellen und R\u00fcckrufe des Ford Fiesta f\u00fcr jedes Modell aufzulisten.<\/span><\/p>\n<blockquote class=\"wp-embedded-content\" data-secret=\"BoOWpCl6TK\"><p><a href=\"https:\/\/autobaak.nl\/de\/ford-fiesta-probleme-und-kaufberatung\/\">Ford Fiesta Probleme und Kaufberatung<\/a><\/p><\/blockquote>\n<p><iframe loading=\"lazy\" class=\"wp-embedded-content\" sandbox=\"allow-scripts\" security=\"restricted\" style=\"position: absolute; clip: rect(1px, 1px, 1px, 1px);\" title=\"&quot;Ford Fiesta Probleme und Kaufberatung&quot; - Autobook alles f\u00fcr und \u00fcber Autos\" src=\"https:\/\/autobaak.nl\/ford-fiesta-problemen-en-aakoopadvies\/embed\/#?secret=l5YYB22a60#?secret=BoOWpCl6TK\" data-secret=\"BoOWpCl6TK\" width=\"600\" height=\"338\" frameborder=\"0\" marginwidth=\"0\" marginheight=\"0\" scrolling=\"no\"><\/iframe><\/p>\n<p>[\/et_pb_text][\/et_pb_column][\/et_pb_row][\/et_pb_section].<\/p>","protected":false},"excerpt":{"rendered":"<p>Wann ist der Zahnriemen zu wechseln Ford Fiesta Der Ford Fiesta ist ein Kompaktmodell von Ford, das seit 1976 produziert wird. Dieses Modell gab es sowohl mit Benzin- als auch mit Dieselmotoren. Im Folgenden finden Sie eine \u00dcbersicht \u00fcber die Zahnriemenwechselintervalle ab 1989. Wenn Sie nicht wissen, welchen Motor Ihr Auto hat, k\u00f6nnen Sie die Zulassungsnummer unten eingeben [...].<\/p>","protected":false},"author":1,"featured_media":0,"parent":0,"menu_order":0,"comment_status":"closed","ping_status":"closed","template":"","meta":{"_et_pb_use_builder":"on","_et_pb_old_content":"","_et_gb_content_width":"","footnotes":""},"class_list":["post-431","page","type-page","status-publish","hentry"],"yoast_head":"<!-- This site is optimized with the Yoast SEO plugin v27.3 - https:\/\/yoast.com\/product\/yoast-seo-wordpress\/ -->\n<title>Wanneer distributieriem vervangen Ford Fiesta? Alle intervallen hier<\/title>\n<meta name=\"description\" content=\"Wanneer distributieriem vervangen Ford Fiesta? Alle intervallen hier. Zowel benzine als diesel met o.a. 1.0 1.1 1.25 1.4 1. 6 EcoBoost TDCi\" \/>\n<meta name=\"robots\" content=\"index, follow, max-snippet:-1, max-image-preview:large, max-video-preview:-1\" \/>\n<link rel=\"canonical\" href=\"https:\/\/autobaak.nl\/de\/ford-fiesta\/\" \/>\n<meta property=\"og:locale\" content=\"de_DE\" \/>\n<meta property=\"og:type\" content=\"article\" \/>\n<meta property=\"og:title\" content=\"Wanneer distributieriem vervangen Ford Fiesta? Alle intervallen hier\" \/>\n<meta property=\"og:description\" content=\"Wanneer distributieriem vervangen Ford Fiesta? Alle intervallen hier. Zowel benzine als diesel met o.a. 1.0 1.1 1.25 1.4 1. 6 EcoBoost TDCi\" \/>\n<meta property=\"og:url\" content=\"https:\/\/autobaak.nl\/de\/ford-fiesta\/\" \/>\n<meta property=\"og:site_name\" content=\"Autobaak.nl\" \/>\n<meta property=\"article:modified_time\" content=\"2022-05-17T07:18:34+00:00\" \/>\n<meta property=\"og:image\" content=\"https:\/\/static-dscn.net\/13244\/1625022\/?wi=334511&ws=\" \/>\n<meta name=\"twitter:card\" content=\"summary_large_image\" \/>\n<meta name=\"twitter:label1\" content=\"Gesch\u00e4tzte Lesezeit\" \/>\n\t<meta name=\"twitter:data1\" content=\"4\u00a0Minuten\" \/>\n<script type=\"application\/ld+json\" class=\"yoast-schema-graph\">{\"@context\":\"https:\\\/\\\/schema.org\",\"@graph\":[{\"@type\":\"WebPage\",\"@id\":\"https:\\\/\\\/autobaak.nl\\\/ford-fiesta\\\/\",\"url\":\"https:\\\/\\\/autobaak.nl\\\/ford-fiesta\\\/\",\"name\":\"Wanneer distributieriem vervangen Ford Fiesta? Alle intervallen hier\",\"isPartOf\":{\"@id\":\"https:\\\/\\\/autobaak.nl\\\/#website\"},\"primaryImageOfPage\":{\"@id\":\"https:\\\/\\\/autobaak.nl\\\/ford-fiesta\\\/#primaryimage\"},\"image\":{\"@id\":\"https:\\\/\\\/autobaak.nl\\\/ford-fiesta\\\/#primaryimage\"},\"thumbnailUrl\":\"https:\\\/\\\/static-dscn.net\\\/13244\\\/1625022\\\/?wi=334511&ws=\",\"datePublished\":\"2017-09-13T14:09:41+00:00\",\"dateModified\":\"2022-05-17T07:18:34+00:00\",\"description\":\"Wanneer distributieriem vervangen Ford Fiesta? Alle intervallen hier. Zowel benzine als diesel met o.a. 1.0 1.1 1.25 1.4 1. 6 EcoBoost TDCi\",\"breadcrumb\":{\"@id\":\"https:\\\/\\\/autobaak.nl\\\/ford-fiesta\\\/#breadcrumb\"},\"inLanguage\":\"de\",\"potentialAction\":[{\"@type\":\"ReadAction\",\"target\":[\"https:\\\/\\\/autobaak.nl\\\/ford-fiesta\\\/\"]}]},{\"@type\":\"ImageObject\",\"inLanguage\":\"de\",\"@id\":\"https:\\\/\\\/autobaak.nl\\\/ford-fiesta\\\/#primaryimage\",\"url\":\"https:\\\/\\\/static-dscn.net\\\/13244\\\/1625022\\\/?wi=334511&ws=\",\"contentUrl\":\"https:\\\/\\\/static-dscn.net\\\/13244\\\/1625022\\\/?wi=334511&ws=\"},{\"@type\":\"BreadcrumbList\",\"@id\":\"https:\\\/\\\/autobaak.nl\\\/ford-fiesta\\\/#breadcrumb\",\"itemListElement\":[{\"@type\":\"ListItem\",\"position\":1,\"name\":\"Home\",\"item\":\"https:\\\/\\\/autobaak.nl\\\/\"},{\"@type\":\"ListItem\",\"position\":2,\"name\":\"Ford Fiesta\"}]},{\"@type\":\"WebSite\",\"@id\":\"https:\\\/\\\/autobaak.nl\\\/#website\",\"url\":\"https:\\\/\\\/autobaak.nl\\\/\",\"name\":\"Autobaak.nl\",\"description\":\"Cars &amp; Racing\",\"potentialAction\":[{\"@type\":\"SearchAction\",\"target\":{\"@type\":\"EntryPoint\",\"urlTemplate\":\"https:\\\/\\\/autobaak.nl\\\/?s={search_term_string}\"},\"query-input\":{\"@type\":\"PropertyValueSpecification\",\"valueRequired\":true,\"valueName\":\"search_term_string\"}}],\"inLanguage\":\"de\"}]}<\/script>\n<!-- \/ Yoast SEO plugin. -->","yoast_head_json":{"title":"Wann sollte der Ford Fiesta Zahnriemen gewechselt werden? Alle Intervalle hier","description":"Wann sollte der Ford Fiesta Zahnriemen gewechselt werden? Alle Intervalle hier. Sowohl Benzin- als auch Dieselmotoren, einschlie\u00dflich 1.0 1.25 1.4 1. 6 EcoBoost TDCi","robots":{"index":"index","follow":"follow","max-snippet":"max-snippet:-1","max-image-preview":"max-image-preview:large","max-video-preview":"max-video-preview:-1"},"canonical":"https:\/\/autobaak.nl\/de\/ford-fiesta\/","og_locale":"de_DE","og_type":"article","og_title":"Wanneer distributieriem vervangen Ford Fiesta? Alle intervallen hier","og_description":"Wanneer distributieriem vervangen Ford Fiesta? Alle intervallen hier. Zowel benzine als diesel met o.a. 1.0 1.1 1.25 1.4 1. 6 EcoBoost TDCi","og_url":"https:\/\/autobaak.nl\/de\/ford-fiesta\/","og_site_name":"Autobaak.nl","article_modified_time":"2022-05-17T07:18:34+00:00","og_image":[{"url":"https:\/\/static-dscn.net\/13244\/1625022\/?wi=334511&ws=","type":"","width":"","height":""}],"twitter_card":"summary_large_image","twitter_misc":{"Gesch\u00e4tzte Lesezeit":"4\u00a0Minuten"},"schema":{"@context":"https:\/\/schema.org","@graph":[{"@type":"WebPage","@id":"https:\/\/autobaak.nl\/ford-fiesta\/","url":"https:\/\/autobaak.nl\/ford-fiesta\/","name":"Wann sollte der Ford Fiesta Zahnriemen gewechselt werden? Alle Intervalle hier","isPartOf":{"@id":"https:\/\/autobaak.nl\/#website"},"primaryImageOfPage":{"@id":"https:\/\/autobaak.nl\/ford-fiesta\/#primaryimage"},"image":{"@id":"https:\/\/autobaak.nl\/ford-fiesta\/#primaryimage"},"thumbnailUrl":"https:\/\/static-dscn.net\/13244\/1625022\/?wi=334511&ws=","datePublished":"2017-09-13T14:09:41+00:00","dateModified":"2022-05-17T07:18:34+00:00","description":"Wann sollte der Ford Fiesta Zahnriemen gewechselt werden? Alle Intervalle hier. Sowohl Benzin- als auch Dieselmotoren, einschlie\u00dflich 1.0 1.25 1.4 1. 6 EcoBoost TDCi","breadcrumb":{"@id":"https:\/\/autobaak.nl\/ford-fiesta\/#breadcrumb"},"inLanguage":"de","potentialAction":[{"@type":"ReadAction","target":["https:\/\/autobaak.nl\/ford-fiesta\/"]}]},{"@type":"ImageObject","inLanguage":"de","@id":"https:\/\/autobaak.nl\/ford-fiesta\/#primaryimage","url":"https:\/\/static-dscn.net\/13244\/1625022\/?wi=334511&ws=","contentUrl":"https:\/\/static-dscn.net\/13244\/1625022\/?wi=334511&ws="},{"@type":"BreadcrumbList","@id":"https:\/\/autobaak.nl\/ford-fiesta\/#breadcrumb","itemListElement":[{"@type":"ListItem","position":1,"name":"Home","item":"https:\/\/autobaak.nl\/"},{"@type":"ListItem","position":2,"name":"Ford Fiesta"}]},{"@type":"WebSite","@id":"https:\/\/autobaak.nl\/#website","url":"https:\/\/autobaak.nl\/","name":"Autobook.de","description":"Autos &amp; Rennsport","potentialAction":[{"@type":"SearchAction","target":{"@type":"EntryPoint","urlTemplate":"https:\/\/autobaak.nl\/?s={search_term_string}"},"query-input":{"@type":"PropertyValueSpecification","valueRequired":true,"valueName":"search_term_string"}}],"inLanguage":"de"}]}},"_links":{"self":[{"href":"https:\/\/autobaak.nl\/de\/wp-json\/wp\/v2\/pages\/431","targetHints":{"allow":["GET"]}}],"collection":[{"href":"https:\/\/autobaak.nl\/de\/wp-json\/wp\/v2\/pages"}],"about":[{"href":"https:\/\/autobaak.nl\/de\/wp-json\/wp\/v2\/types\/page"}],"author":[{"embeddable":true,"href":"https:\/\/autobaak.nl\/de\/wp-json\/wp\/v2\/users\/1"}],"replies":[{"embeddable":true,"href":"https:\/\/autobaak.nl\/de\/wp-json\/wp\/v2\/comments?post=431"}],"version-history":[{"count":0,"href":"https:\/\/autobaak.nl\/de\/wp-json\/wp\/v2\/pages\/431\/revisions"}],"wp:attachment":[{"href":"https:\/\/autobaak.nl\/de\/wp-json\/wp\/v2\/media?parent=431"}],"curies":[{"name":"wp","href":"https:\/\/api.w.org\/{rel}","templated":true}]}}