{"id":434,"date":"2017-09-14T08:59:47","date_gmt":"2017-09-14T08:59:47","guid":{"rendered":"https:\/\/autobaak.nl\/?page_id=434"},"modified":"2020-11-23T16:03:42","modified_gmt":"2020-11-23T16:03:42","slug":"ford-focus","status":"publish","type":"page","link":"https:\/\/autobaak.nl\/de\/ford-focus\/","title":{"rendered":"Ford Focus"},"content":{"rendered":"<p>[et_pb_section fb_built=\"1\u2033 custom_padding_last_edited=\"on|desktop\" _builder_version=\"3.22.3\u2033 background_colour=\"#0c71c3\u2033 custom_padding_tablet=\"50px|0|50px|0\u2033 custom_padding_phone=\"\" transparent_background=\"off\" padding_mobile=\"off\" make_fullwidth=\"off\" use_custom_width=\"off\" width_unit=\"on\"][et_pb_row _builder_version=\"3.25\u2033 background_size=\"initial\" background_position=\"top_left\" background_repeat=\"repeat\"][et_pb_column type=\"4_4\u2033 _builder_version=\"3.25\u2033 custom_padding=\"|||\" custom_padding__hover=\"|||\"][et_pb_text _builder_version=\"3.27.4\u2033 background_size=\"initial\" background_position=\"top_left\" background_repeat=\"repeat\" text_orientation=\"centre\" background_layout=\"dark\" module_alignment=\"centre\" use_border_color=\"off\" border_color=\"#ffffff\" border_style=\"solid\"][et_pb_text _builder_version=\"3.27.<\/p>\n<h1 style=\"text-align: center;\">Wann ist der Ford Focus Zahnriemen zu wechseln?<\/h1>\n<p>[\/et_pb_text][\/et_pb_column][\/et_pb_row][\/et_pb_section][et_pb_section fb_built=\"1\u2033 _builder_version=\"4.0.7\u2033 inner_width_tablet=\"50px\" inner_max_width_tablet=\"50px\" custom_margin=\"||-40px|\" custom_padding=\"2px||0px||false|false\" z_index_tablet=\"500\u2033 box_shadow_horizontal_tablet=\"0px\" box_shadow_vertical_tablet=\"0px\" box_shadow_blur_tablet=\"40px\" box_shadow_spread_tablet=\"0px\" global_module=\"1614\u2033][et_pb_row _builder_version=\"3.25\u2033 background_size=\"initial\" background_position=\"top_left\" background_repeat=\"repeat\"][et_pb_column type=\"4_4\u2033 _builder_version=\"3.25\u2033 custom_padding=\"|||\" custom_padding__hover=\"|||\"][et_pb_code _builder_version=\"4.7.3\u2033 _module_preset=\"default\"]<a href=\"https:\/\/www.carpardoo.nl\/cgi-php\/ersatzteile.cgi?tt=29059_1424763_390195_&#038;r=\" target=\"_blank\" rel=\"sponsored nofollow noopener noreferrer\"><img loading=\"lazy\" decoding=\"async\" src=\"https:\/\/ti.tradetracker.net\/?c=29059&#038;m=1424763&#038;a=390195&#038;r=&#038;t=html\" width=\"728\" height=\"90\" border=\"0\" alt=\"Autoteile und Autozubeh\u00f6r\" \/><\/a>[\/et_pb_code][\/et_pb_column][\/et_pb_row][\/et_pb_section][et_pb_section fb_built=\"1\u2033 _builder_version=\"3.22.3\u2033 custom_padding=\"6px|||||\"][et_pb_row column_structure=\"3_4,1_4\u2033 _builder_version=\"3.25\u2033 background_size=\"initial\" background_position=\"top_left\" background_repeat=\"repeat\" custom_padding=\"2px|||||\"][et_pb_column type=\"3_4\u2033 _builder_version=\"3.25\u2033 custom_padding=\"|||\" custom_padding__hover=\"|||\"][et_pb_text _builder_version=\"3.27.4\u2033 background_size=\"initial\" background_position=\"top_left\" background_repeat=\"repeat\" use_border_color=\"off\" border_color=\"#ffffff\" border_style=\"solid\"]<\/p>\n<p>\nDer Ford Focus ist ein beliebter Mittelklassewagen, der seit 1998 von Ford produziert wird. Dieses Modell wurde sowohl mit Benzin- als auch mit Dieselmotoren geliefert. Nachfolgend finden Sie eine \u00dcbersicht \u00fcber die Zahnriemenwechselintervalle seit 1998. Wenn Sie nicht wissen, welchen Motor Ihr Fahrzeug hat, k\u00f6nnen Sie unten das Kennzeichen eingeben.<\/p>\n<p>[open_rdw_check \"marke\" \"handelsname\" \"fahrzeugtyp\" \"kraftstoff_beschreibung\" \"anzahl_zylinder\" \"hubraum\" \"expiry_apk\"]<\/p>\n<p>[\/et_pb_text][et_pb_text _builder_version=\"3.27.4\u2033 background_size=\"initial\" background_position=\"top_left\" background_repeat=\"repeat\" use_border_color=\"off\" border_color=\"#ffffff\" border_style=\"solid\"]<\/p>\n<h2><strong>Benzin<\/strong> <strong>zwischen 1998 und 2005 hergestellte Varianten<br \/>\n<\/strong><\/h2>\n<ul>\n<li>Ford Focus 1.4 16V i 55 kW = <strong>160 000 Kilometern oder nach maximal 10 Jahren.<\/strong><\/li>\n<li>Ford Focus 1.6 16V i 74 kW = <strong>160 000 Kilometern oder nach maximal 10 Jahren.<\/strong><\/li>\n<li>Ford Focus 1.8 16V i 85 kW = <strong>160 000 Kilometern oder nach maximal 10 Jahren.<\/strong><\/li>\n<li>Ford Focus 2.0 16V i 96 kW = <strong>160 000 Kilometern oder nach maximal 10 Jahren.<\/strong><\/li>\n<li>Ford Focus ST170 127 kW = <strong>160 000 Kilometern oder nach maximal 10 Jahren.<\/strong><\/li>\n<li>Ford Focus RS 158 kW = <strong>160 000 Kilometern oder nach maximal 10 Jahren.<\/strong><strong><br \/>\n<\/strong><\/li>\n<\/ul>\n<h2><strong>Benzinvarianten, die zwischen 2004 und 2011 hergestellt wurden<br \/>\n<\/strong><\/h2>\n<ul>\n<li>Ford Focus 1.4 59 kW = <strong>160 000 Kilometern oder nach maximal 8 Jahren.<\/strong><\/li>\n<li>Ford Focus 1.6 74 kW = <strong>160 000 Kilometern oder nach maximal 8 Jahren.<\/strong><\/li>\n<li>Ford Focus 1.6 LPG 85 kW = <strong>160 000 Kilometern oder nach maximal 8 Jahren.<\/strong><\/li>\n<li>Ford Focus 1.6 Ti 85 kW = <strong>160 000 Kilometern oder nach maximal 8 Jahren.<\/strong><\/li>\n<li>Ford Focus 1.8 92 kW = <strong>Steuerkette. Nach 10 Jahren \u00fcberpr\u00fcfen und ggf. ersetzen.<\/strong><\/li>\n<li>Ford Focus 1.8 Flexifeul 92 kW = <strong>Steuerkette. Nach 10 Jahren \u00fcberpr\u00fcfen und ggf. ersetzen.<\/strong><\/li>\n<li>Ford Focus 2.0 107 kW = <strong>Steuerkette. Nach 10 Jahren \u00fcberpr\u00fcfen und ggf. ersetzen.<\/strong><\/li>\n<li>Ford Focus 2.0 LPG 107 kW = <strong>Steuerkette. Nach 10 Jahren \u00fcberpr\u00fcfen und ggf. ersetzen.<\/strong><\/li>\n<li>Ford Focus 2.5 RS 224 kW = <strong>200 000 Kilometer oder nach maximal 10 Jahren.<br \/>\n<\/strong><\/li>\n<li>Ford Focus 2.5 RS 500 257 kW = <strong>200 000 Kilometer oder nach maximal 10 Jahren. <\/strong><\/li>\n<li>Ford Focus 2.5 ST 166 kW = <strong>200 000 Kilometer oder nach maximal 10 Jahren. <\/strong><\/li>\n<\/ul>\n<h2><strong>Benzin<\/strong> <strong>ab 2011 produzierte Varianten -<br \/>\n<\/strong><\/h2>\n<ul>\n<li>Ford Fiesta 1,25 i 16V 51 und 55 kW = <strong>160 000 Kilometern oder nach maximal 8 Jahren.<\/strong><\/li>\n<li>Ford Focus 1.0 EcoBoost 74 und 92 kW = <strong>240 000 Kilometern oder nach maximal 8 Jahren.<\/strong><\/li>\n<li>Ford Focus 1.5 EcoBoost 110 und 134 kW = <strong>200 000 Kilometer oder nach maximal 8 Jahren.<\/strong><\/li>\n<li>Ford Focus 1.6 EcoBoost 110 und 134 kW = <strong>200 000 Kilometer oder nach maximal 8 Jahren.<\/strong><\/li>\n<li>Ford Focus 1.6 Flexifeul 88 und 110 kW = <strong>160 000 Kilometern oder nach maximal 8 Jahren.<\/strong><\/li>\n<li>Ford Focus 1.6 LPG 86 und 88 kW = <strong>160 000 Kilometern oder nach maximal 8 Jahren.<\/strong><\/li>\n<li>Ford Focus 1.6 Ti 63, 77, 88 und 92 kW = <strong>160 000 Kilometern oder nach maximal 8 Jahren.<\/strong><\/li>\n<li>Ford Focus 2.0 ST 184 kW = <strong>Steuerkette. Nach 10 Jahren \u00fcberpr\u00fcfen und ggf. ersetzen<\/strong><\/li>\n<\/ul>\n<h2><strong>Diesel-Varianten, die zwischen 1998 und 2005 produziert wurden<\/strong><\/h2>\n<ul>\n<li>Ford Focus 1.8 DI \/ TDDi 55 und 66 kW = <strong>150 000 Kilometern oder nach maximal 10 Jahren.<\/strong><\/li>\n<li>Ford Focus 1.8 TDCi 74 und 85 kW = <strong>150 000 Kilometern oder nach maximal 10 Jahren.<\/strong><\/li>\n<\/ul>\n<h2><strong>Diesel-Varianten, die zwischen 2004 und 2011 produziert wurden<\/strong><\/h2>\n<ul>\n<li>Ford Focus 1.6 TDCi 66, 74 und 80 kW = <strong>200 000 Kilometer oder nach maximal 10 Jahren.<\/strong><\/li>\n<li>Ford Focus 1.8 TDCi 85 kW = <strong>200 000 Kilometer oder nach maximal 10 Jahren.<\/strong><\/li>\n<li>Ford Focus 2.0 TDCi alle Varianten = <strong>200 000 Kilometer oder nach maximal 10 Jahren.<\/strong><\/li>\n<\/ul>\n<h2><strong>Diesel-Varianten, die ab 2011 produziert wurden -<br \/>\n<\/strong><\/h2>\n<ul>\n<li>Ford Focus 1.6 TDCi 70 und 85 kW = <strong>140 000 Kilometern oder nach maximal 10 Jahren.<\/strong><\/li>\n<li>Ford Focus 1.6 TDCi ECOnetic 77 kW = <strong>180 000 Kilometern oder nach maximal 10 Jahren.<\/strong><\/li>\n<li>Ford Focus 2.0 TDCi alle Varianten = <strong>200 000 Kilometer oder nach maximal 10 Jahren.<\/strong><\/li>\n<\/ul>\n<p>[\/et_pb_text][\/et_pb_column][et_pb_column type=\"1_4\u2033 _builder_version=\"3.25\u2033 custom_padding=\"|||\" custom_padding__hover=\"|||\"][et_pb_code _builder_version=\"4.2.2\u2033]<a href=\"https:\/\/lt45.net\/c\/?si=13244&#038;li=1625022&#038;wi=334511&#038;ws=\" rel=\"sponsored noopener noreferrer\" target=\"_blank\"><img decoding=\"async\" src=\"https:\/\/static-dscn.net\/13244\/1625022\/?wi=334511&#038;ws=\" alt=\"\" style=\"max-width:100%; height:auto; border:none;\" \/><\/a>[\/et_pb_code][\/et_pb_column][\/et_pb_row][\/et_pb_section].<\/p>","protected":false},"excerpt":{"rendered":"<p>Wann ist der Zahnriemen zu wechseln Ford Focus Der Ford Focus ist ein beliebter Mittelklassewagen von Ford, der seit 1998 produziert wird. Dieses Modell wurde sowohl mit Benzin- als auch mit Dieselmotoren angeboten. Nachfolgend finden Sie eine \u00dcbersicht der Zahnriemenwechselintervalle ab 1998. Wenn Sie nicht wissen, welchen Motor Ihr Auto hat, k\u00f6nnen Sie unten die Zulassungsnummer eingeben. [...]<\/p>","protected":false},"author":1,"featured_media":0,"parent":0,"menu_order":0,"comment_status":"closed","ping_status":"closed","template":"","meta":{"_et_pb_use_builder":"on","_et_pb_old_content":"","_et_gb_content_width":"","footnotes":""},"class_list":["post-434","page","type-page","status-publish","hentry"],"yoast_head":"<!-- This site is optimized with the Yoast SEO plugin v27.3 - https:\/\/yoast.com\/product\/yoast-seo-wordpress\/ -->\n<title>Wanneer distributieriem vervangen Ford Focus? Alle intervallen<\/title>\n<meta name=\"description\" content=\"Wanneer distributieriem vervangen Ford Focus? Alle intervallen, zowel diesel als benzine o.a.: 1.0 1.4 1.6 1.8 2.0 TDCi, EcoBoost, 16v en ST\" \/>\n<meta name=\"robots\" content=\"index, follow, max-snippet:-1, max-image-preview:large, max-video-preview:-1\" \/>\n<link rel=\"canonical\" href=\"https:\/\/autobaak.nl\/de\/ford-focus\/\" \/>\n<meta property=\"og:locale\" content=\"de_DE\" \/>\n<meta property=\"og:type\" content=\"article\" \/>\n<meta property=\"og:title\" content=\"Wanneer distributieriem vervangen Ford Focus? Alle intervallen\" \/>\n<meta property=\"og:description\" content=\"Wanneer distributieriem vervangen Ford Focus? Alle intervallen, zowel diesel als benzine o.a.: 1.0 1.4 1.6 1.8 2.0 TDCi, EcoBoost, 16v en ST\" \/>\n<meta property=\"og:url\" content=\"https:\/\/autobaak.nl\/de\/ford-focus\/\" \/>\n<meta property=\"og:site_name\" content=\"Autobaak.nl\" \/>\n<meta property=\"article:modified_time\" content=\"2020-11-23T16:03:42+00:00\" \/>\n<meta property=\"og:image\" content=\"https:\/\/ti.tradetracker.net\/?c=29059&m=1424763&a=390195&r=&t=html\" \/>\n<meta name=\"twitter:card\" content=\"summary_large_image\" \/>\n<meta name=\"twitter:label1\" content=\"Gesch\u00e4tzte Lesezeit\" \/>\n\t<meta name=\"twitter:data1\" content=\"4\u00a0Minuten\" \/>\n<script type=\"application\/ld+json\" class=\"yoast-schema-graph\">{\"@context\":\"https:\\\/\\\/schema.org\",\"@graph\":[{\"@type\":\"WebPage\",\"@id\":\"https:\\\/\\\/autobaak.nl\\\/ford-focus\\\/\",\"url\":\"https:\\\/\\\/autobaak.nl\\\/ford-focus\\\/\",\"name\":\"Wanneer distributieriem vervangen Ford Focus? Alle intervallen\",\"isPartOf\":{\"@id\":\"https:\\\/\\\/autobaak.nl\\\/#website\"},\"primaryImageOfPage\":{\"@id\":\"https:\\\/\\\/autobaak.nl\\\/ford-focus\\\/#primaryimage\"},\"image\":{\"@id\":\"https:\\\/\\\/autobaak.nl\\\/ford-focus\\\/#primaryimage\"},\"thumbnailUrl\":\"https:\\\/\\\/ti.tradetracker.net\\\/?c=29059&m=1424763&a=390195&r=&t=html\",\"datePublished\":\"2017-09-14T08:59:47+00:00\",\"dateModified\":\"2020-11-23T16:03:42+00:00\",\"description\":\"Wanneer distributieriem vervangen Ford Focus? Alle intervallen, zowel diesel als benzine o.a.: 1.0 1.4 1.6 1.8 2.0 TDCi, EcoBoost, 16v en ST\",\"breadcrumb\":{\"@id\":\"https:\\\/\\\/autobaak.nl\\\/ford-focus\\\/#breadcrumb\"},\"inLanguage\":\"de\",\"potentialAction\":[{\"@type\":\"ReadAction\",\"target\":[\"https:\\\/\\\/autobaak.nl\\\/ford-focus\\\/\"]}]},{\"@type\":\"ImageObject\",\"inLanguage\":\"de\",\"@id\":\"https:\\\/\\\/autobaak.nl\\\/ford-focus\\\/#primaryimage\",\"url\":\"https:\\\/\\\/ti.tradetracker.net\\\/?c=29059&m=1424763&a=390195&r=&t=html\",\"contentUrl\":\"https:\\\/\\\/ti.tradetracker.net\\\/?c=29059&m=1424763&a=390195&r=&t=html\"},{\"@type\":\"BreadcrumbList\",\"@id\":\"https:\\\/\\\/autobaak.nl\\\/ford-focus\\\/#breadcrumb\",\"itemListElement\":[{\"@type\":\"ListItem\",\"position\":1,\"name\":\"Home\",\"item\":\"https:\\\/\\\/autobaak.nl\\\/\"},{\"@type\":\"ListItem\",\"position\":2,\"name\":\"Ford Focus\"}]},{\"@type\":\"WebSite\",\"@id\":\"https:\\\/\\\/autobaak.nl\\\/#website\",\"url\":\"https:\\\/\\\/autobaak.nl\\\/\",\"name\":\"Autobaak.nl\",\"description\":\"Cars &amp; Racing\",\"potentialAction\":[{\"@type\":\"SearchAction\",\"target\":{\"@type\":\"EntryPoint\",\"urlTemplate\":\"https:\\\/\\\/autobaak.nl\\\/?s={search_term_string}\"},\"query-input\":{\"@type\":\"PropertyValueSpecification\",\"valueRequired\":true,\"valueName\":\"search_term_string\"}}],\"inLanguage\":\"de\"}]}<\/script>\n<!-- \/ Yoast SEO plugin. -->","yoast_head_json":{"title":"Wann ist ein Ford Focus Zahnriemen zu wechseln? Alle Intervalle","description":"Wann ist ein Ford Focus Zahnriemen zu wechseln? Alle Intervalle, sowohl Diesel als auch Benzin: 1,0 1,4 1,6 1,8 2,0 TDCi, EcoBoost, 16v und ST","robots":{"index":"index","follow":"follow","max-snippet":"max-snippet:-1","max-image-preview":"max-image-preview:large","max-video-preview":"max-video-preview:-1"},"canonical":"https:\/\/autobaak.nl\/de\/ford-focus\/","og_locale":"de_DE","og_type":"article","og_title":"Wanneer distributieriem vervangen Ford Focus? Alle intervallen","og_description":"Wanneer distributieriem vervangen Ford Focus? Alle intervallen, zowel diesel als benzine o.a.: 1.0 1.4 1.6 1.8 2.0 TDCi, EcoBoost, 16v en ST","og_url":"https:\/\/autobaak.nl\/de\/ford-focus\/","og_site_name":"Autobaak.nl","article_modified_time":"2020-11-23T16:03:42+00:00","og_image":[{"url":"https:\/\/ti.tradetracker.net\/?c=29059&m=1424763&a=390195&r=&t=html","type":"","width":"","height":""}],"twitter_card":"summary_large_image","twitter_misc":{"Gesch\u00e4tzte Lesezeit":"4\u00a0Minuten"},"schema":{"@context":"https:\/\/schema.org","@graph":[{"@type":"WebPage","@id":"https:\/\/autobaak.nl\/ford-focus\/","url":"https:\/\/autobaak.nl\/ford-focus\/","name":"Wann ist ein Ford Focus Zahnriemen zu wechseln? Alle Intervalle","isPartOf":{"@id":"https:\/\/autobaak.nl\/#website"},"primaryImageOfPage":{"@id":"https:\/\/autobaak.nl\/ford-focus\/#primaryimage"},"image":{"@id":"https:\/\/autobaak.nl\/ford-focus\/#primaryimage"},"thumbnailUrl":"https:\/\/ti.tradetracker.net\/?c=29059&m=1424763&a=390195&r=&t=html","datePublished":"2017-09-14T08:59:47+00:00","dateModified":"2020-11-23T16:03:42+00:00","description":"Wann ist ein Ford Focus Zahnriemen zu wechseln? Alle Intervalle, sowohl Diesel als auch Benzin: 1,0 1,4 1,6 1,8 2,0 TDCi, EcoBoost, 16v und ST","breadcrumb":{"@id":"https:\/\/autobaak.nl\/ford-focus\/#breadcrumb"},"inLanguage":"de","potentialAction":[{"@type":"ReadAction","target":["https:\/\/autobaak.nl\/ford-focus\/"]}]},{"@type":"ImageObject","inLanguage":"de","@id":"https:\/\/autobaak.nl\/ford-focus\/#primaryimage","url":"https:\/\/ti.tradetracker.net\/?c=29059&m=1424763&a=390195&r=&t=html","contentUrl":"https:\/\/ti.tradetracker.net\/?c=29059&m=1424763&a=390195&r=&t=html"},{"@type":"BreadcrumbList","@id":"https:\/\/autobaak.nl\/ford-focus\/#breadcrumb","itemListElement":[{"@type":"ListItem","position":1,"name":"Home","item":"https:\/\/autobaak.nl\/"},{"@type":"ListItem","position":2,"name":"Ford Focus"}]},{"@type":"WebSite","@id":"https:\/\/autobaak.nl\/#website","url":"https:\/\/autobaak.nl\/","name":"Autobook.de","description":"Autos &amp; Rennsport","potentialAction":[{"@type":"SearchAction","target":{"@type":"EntryPoint","urlTemplate":"https:\/\/autobaak.nl\/?s={search_term_string}"},"query-input":{"@type":"PropertyValueSpecification","valueRequired":true,"valueName":"search_term_string"}}],"inLanguage":"de"}]}},"_links":{"self":[{"href":"https:\/\/autobaak.nl\/de\/wp-json\/wp\/v2\/pages\/434","targetHints":{"allow":["GET"]}}],"collection":[{"href":"https:\/\/autobaak.nl\/de\/wp-json\/wp\/v2\/pages"}],"about":[{"href":"https:\/\/autobaak.nl\/de\/wp-json\/wp\/v2\/types\/page"}],"author":[{"embeddable":true,"href":"https:\/\/autobaak.nl\/de\/wp-json\/wp\/v2\/users\/1"}],"replies":[{"embeddable":true,"href":"https:\/\/autobaak.nl\/de\/wp-json\/wp\/v2\/comments?post=434"}],"version-history":[{"count":0,"href":"https:\/\/autobaak.nl\/de\/wp-json\/wp\/v2\/pages\/434\/revisions"}],"wp:attachment":[{"href":"https:\/\/autobaak.nl\/de\/wp-json\/wp\/v2\/media?parent=434"}],"curies":[{"name":"wp","href":"https:\/\/api.w.org\/{rel}","templated":true}]}}