{"id":465,"date":"2017-09-20T14:16:16","date_gmt":"2017-09-20T14:16:16","guid":{"rendered":"https:\/\/autobaak.nl\/?page_id=465"},"modified":"2022-09-19T11:33:06","modified_gmt":"2022-09-19T09:33:06","slug":"vw-volkswagen-polo","status":"publish","type":"page","link":"https:\/\/autobaak.nl\/de\/vw-volkswagen-polo\/","title":{"rendered":"VW Volkswagen Polo"},"content":{"rendered":"<p>[et_pb_section fb_built=\"1\u2033 custom_padding_last_edited=\"on|desktop\" _builder_version=\"4.16\u2033 background_color=\"#0c71c3\u2033 custom_padding_tablet=\"50px|0|50px|0\u2033 custom_padding_phone=\"\" transparent_background=\"off\" padding_mobile=\"off\" make_fullwidth=\"off\" use_custom_width=\"off\" width_unit=\"on\" global_colors_info=\"{}\"][et_pb_row _builder_version=\"4.16\u2033 background_size=\"initial\" background_position=\"top_left\" background_repeat=\"repeat\" global_colors_info=\"{}\"][et_pb_column type=\"4_4\u2033 _builder_version=\"4.16\u2033 custom_padding=\"|||\" global_colors_info=\"{}\" custom_padding__hover=\"|||\"][et_pb_text _builder_version=\"4.16\u2033 background_size=\"initial\" background_position=\"top_left\" background_repeat=\"repeat\" text_orientation=\"centre\" background_layout=\"dark\" module_alignment=\"centre\" use_border_color=\"off\" border_color=\"#ffffff\" border_style=\"solid\" global_colors_info=\"{}\"]<\/p>\n<h1 style=\"text-align: center;\">Wann ist der VW Polo Zahnriemen zu wechseln?<\/h1>\n<p>[\/et_pb_text][\/et_pb_column][\/et_pb_row][\/et_pb_section][et_pb_section fb_built=\"1\u2033 _builder_version=\"4.16\u2033 custom_padding=\"2px||0px|||\" global_colors_info=\"{}\"][\/et_pb_section][et_pb_section fb_built=\"1\u2033 _builder_version=\"4.16\u2033 custom_padding=\"13px|||||\" global_colors_info=\"{}\"][et_pb_row _builder_version=\"4.16\u2033 background_size=\"initial\" background_position=\"top_left\" background_repeat=\"repeat\" custom_padding=\"0px|||||\" global_colors_info=\"{}\"][et_pb_column type=\"4_4\u2033 _builder_version=\"4.16\u2033 custom_padding=\"|||\" global_colors_info=\"{}\" custom_padding__hover=\"|||\"][et_pb_text _builder_version=\"4.17.4\u2033 background_size=\"initial\" background_position=\"top_left\" background_repeat=\"repeat\" use_border_color=\"off\" border_color=\"#ffffff\" border_style=\"solid\" global_colors_info=\"{}\"]Der VW (Volkswagen) Polo ist ein Kompaktmodell von VW, das seit 1975 produziert wird. Dieses Modell gibt es sowohl mit Benzin- als auch mit Dieselmotoren. Nachfolgend finden Sie eine \u00dcbersicht \u00fcber die Zahnriemenwechselintervalle ab 1994. Wenn Sie nicht wissen, welchen Motor Ihr Auto hat, k\u00f6nnen Sie unten das amtliche Kennzeichen eingeben.<\/p>\n<p><a href=\"https:\/\/www.kentekencheck.nl\/aff.php?x=04b6ac7e12485cda2fcc62ec7ed8958b&#038;kenteken=\" target=\"_blank\" rel=\"noopener\"><img decoding=\"async\" src=\"https:\/\/www.kentekencheck.nl\/assets\/banners\/kentekencheck-468x60.gif\" alt=\"\"\/><\/a>[\/et_pb_text][et_pb_text _builder_version=\"4.16\u2033 background_size=\"initial\" background_position=\"top_left\" background_repeat=\"repeat\" use_border_color=\"off\" border_color=\"#ffffff\" border_style=\"solid\" global_colors_info=\"{}\"]<\/p>\n<h2><strong>Benzin<\/strong> <strong>zwischen 1994 und 2001 hergestellte Varianten<br \/><\/strong><\/h2>\n<ul>\n<li>VW Polo 1.0 i alle Varianten = <strong>120 000 Kilometern oder nach maximal 5 Jahren. (kein einheitliches Intervall angegeben, Ihre Garage ist f\u00fchrend) <\/strong><\/li>\n<li>VW Polo 1.4 i alle Varianten = <strong>120 000 Kilometern oder nach maximal 5 Jahren. (kein einheitliches Intervall angegeben, Ihre Garage ist f\u00fchrend)<\/strong><\/li>\n<li>VW Polo 1.6 i alle Varianten = <strong>120 000 Kilometern oder nach maximal 5 Jahren. (kein einheitliches Intervall angegeben, Ihre Garage ist f\u00fchrend) <\/strong><\/li>\n<li>VW Polo 1.8 i alle Varianten = <strong>120 000 Kilometern oder nach maximal 5 Jahren. (kein einheitliches Intervall angegeben, Ihre Garage ist f\u00fchrend) <\/strong><strong><br \/><\/strong><\/li>\n<\/ul>\n<h2><strong>Diesel-Varianten, die zwischen 1994 und 2001 hergestellt wurden<br \/><\/strong><\/h2>\n<ul>\n<li>VW Polo 1.9 D 47 kW = <strong>90 000 Kilometern. Keine H\u00f6chstzahl von Jahren. Es werden maximal 10 Jahre empfohlen.<br \/><\/strong><\/li>\n<li>VW Polo 1.9 SDI 47 kW = <strong>60 000 Kilometern. Keine H\u00f6chstzahl von Jahren. Es werden maximal 10 Jahre empfohlen. <\/strong><\/li>\n<li>VW Polo 1.4 TDI 55 kW = <strong>60 000 Kilometer. Keine H\u00f6chstzahl von Jahren. Es wird eine H\u00f6chstdauer von 10 Jahren empfohlen. <\/strong><\/li>\n<\/ul>\n<h2><strong>Benzin<\/strong> <strong>zwischen 2001 und 2009 hergestellte Varianten<br \/><\/strong><\/h2>\n<ul>\n<li>VW Polo 1.2 alle Varianten = <strong>Steuerkette, nach 10 Jahren pr\u00fcfen und ggf. ersetzen.<br \/><\/strong><\/li>\n<li>VW Polo 1.2 alle Varianten = <strong>Steuerkette, nach 10 Jahren pr\u00fcfen und ggf. ersetzen.<\/strong><\/li>\n<li>VW Polo 1.4 i alle Varianten = <strong>120 000 Kilometern oder nach maximal 5 Jahren. (kein einheitliches Intervall angegeben, Ihre Garage ist f\u00fchrend)<\/strong><\/li>\n<li>VW Polo 1.4 FSI 63 kW = <strong>Steuerkette, nach 10 Jahren pr\u00fcfen und ggf. ersetzen.<\/strong><\/li>\n<li>VW Polo 1.6 16V 63 kW = <strong>Steuerkette, nach 10 Jahren pr\u00fcfen und ggf. ersetzen.<\/strong><\/li>\n<li>VW Polo 1.8 110 und 132 kW = <strong>180 000 Kilometern. Keine H\u00f6chstzahl von Jahren, empfohlen werden maximal 10 Jahre. <\/strong><\/li>\n<\/ul>\n<h2><strong>Diesel-Varianten, die zwischen 2001 und 2009 produziert wurden<\/strong><\/h2>\n<ul>\n<li>VW Polo 1.9 SDI 47 kW =<strong> bis 2002<\/strong> <strong>120 000 Kilometern. Keine H\u00f6chstzahl von Jahren. Es werden maximal 10 Jahre empfohlen. <\/strong><\/li>\n<li>VW Polo 1.9 SDI 47 kW =<strong> ab 2003<\/strong> <strong>150 000 Kilometern. Keine H\u00f6chstzahl von Jahren. Es werden maximal 10 Jahre empfohlen. <\/strong><\/li>\n<li>VW Polo 1.4 TDI 51 und 59 kW =<strong> bis 2006<\/strong> <strong>120 000 Kilometern. Keine H\u00f6chstzahl von Jahren. Es werden maximal 10 Jahre empfohlen. <\/strong><\/li>\n<li>VW Polo 1.4 TDI 51 und 59 kW =<strong> ab 2007<\/strong> <strong>150 000 Kilometern. Keine H\u00f6chstzahl von Jahren. Es werden maximal 10 Jahre empfohlen. <\/strong><\/li>\n<li>VW Polo 1.9 TDI alle Varianten kW = <strong>120 000 Kilometern. Keine H\u00f6chstzahl von Jahren. Es werden maximal 10 Jahre empfohlen. <\/strong><\/li>\n<\/ul>\n<h2><strong>Benzin<\/strong> <strong>zwischen 2009 und 2017 produzierte Varianten<\/strong><\/h2>\n<ul>\n<li>VW Polo 1.0 alle Varianten = <strong>120 000 Kilometern oder nach maximal 5 Jahren. (kein einheitliches Intervall angegeben, Ihre Garage ist f\u00fchrend) <\/strong><\/li>\n<li>VW Polo 1.0 TSI alle Varianten = <strong>120 000 Kilometern oder nach maximal 5 Jahren. (kein einheitliches Intervall angegeben, Ihre Garage ist f\u00fchrend) <\/strong><\/li>\n<li>VW Polo 1.2 alle Varianten = <strong>Steuerkette, nach 10 Jahren pr\u00fcfen und ggf. ersetzen.<\/strong><\/li>\n<li>VW Polo 1.4 alle Varianten = <strong>120 000 Kilometern oder nach maximal 5 Jahren. (kein einheitliches Intervall angegeben, Ihre Garage ist f\u00fchrend) <\/strong><\/li>\n<li>VW Polo 1.4 TSI alle Varianten = <strong>120 000 Kilometern oder nach maximal 5 Jahren. (kein einheitliches Intervall angegeben, Ihre Garage ist f\u00fchrend) <\/strong><\/li>\n<li>VW Polo 1.6 alle Varianten = <strong>120 000 Kilometern oder nach maximal 5 Jahren. (kein einheitliches Intervall angegeben, Ihre Garage ist f\u00fchrend) <\/strong><\/li>\n<li>VW Polo 1.8 GTI 141 kW =\u00a0<strong>Steuerkette, nach 10 Jahren pr\u00fcfen und ggf. ersetzen.<\/strong><strong>\u00a0 <\/strong><\/li>\n<li>VW Polo 2.0 R WRC 162 kW = <strong>180 000 Kilometern. Keine H\u00f6chstzahl von Jahren, empfohlen werden maximal 10 Jahre.\u00a0 <\/strong><\/li>\n<\/ul>\n<h2><strong>Zwischen 2009 und 2017 produzierte Diesel-Varianten<\/strong><\/h2>\n<ul>\n<li>VW Polo 1.2 TDI 55 kW = <strong>210 000 Kilometern. Keine H\u00f6chstzahl von Jahren. Es werden maximal 10 Jahre empfohlen. <\/strong><\/li>\n<li>VW Polo 1.4 TDI alle Varianten = <strong>210 000 Kilometern. Keine H\u00f6chstzahl von Jahren. Es werden maximal 10 Jahre empfohlen. <\/strong><\/li>\n<li>VW Polo 1.6 TDI alle Varianten = <strong>210 000 Kilometern. Keine H\u00f6chstzahl von Jahren. Es werden maximal 10 Jahre empfohlen. <\/strong><\/li>\n<\/ul>\n<p>[\/et_pb_text][\/et_pb_column][\/et_pb_row][\/et_pb_section].<\/p>","protected":false},"excerpt":{"rendered":"<p>Wann muss der VW Polo Zahnriemen gewechselt werden Der VW (Volkswagen) Polo ist ein kompaktes VW-Modell, das seit 1975 produziert wird. Dieses Modell gibt es sowohl mit Benzin- als auch mit Dieselmotoren. Nachstehend finden Sie eine \u00dcbersicht \u00fcber die Zahnriemenwechselintervalle seit 1994. Wenn Sie nicht wissen, welchen Motor Ihr Auto hat, k\u00f6nnen Sie ihn unten finden.<\/p>","protected":false},"author":1,"featured_media":0,"parent":0,"menu_order":0,"comment_status":"closed","ping_status":"closed","template":"","meta":{"_et_pb_use_builder":"on","_et_pb_old_content":"","_et_gb_content_width":"","footnotes":""},"class_list":["post-465","page","type-page","status-publish","hentry"],"yoast_head":"<!-- This site is optimized with the Yoast SEO plugin v27.4 - https:\/\/yoast.com\/product\/yoast-seo-wordpress\/ -->\n<title>Wanneer distributieriem vervangen VW Volkswagen Polo? Alle intervallen<\/title>\n<meta name=\"description\" content=\"Wanneer distributieriem vervangen VW Polo? Alle intervallen zowel diesel als benzine motoren. O.a. 1.0 1.2 1.4 1.6 1.8 i 16V GTI TDI T FSI\" \/>\n<meta name=\"robots\" content=\"index, follow, max-snippet:-1, max-image-preview:large, max-video-preview:-1\" \/>\n<link rel=\"canonical\" href=\"https:\/\/autobaak.nl\/de\/vw-volkswagen-polo\/\" \/>\n<meta property=\"og:locale\" content=\"de_DE\" \/>\n<meta property=\"og:type\" content=\"article\" \/>\n<meta property=\"og:title\" content=\"Wanneer distributieriem vervangen VW Volkswagen Polo? Alle intervallen\" \/>\n<meta property=\"og:description\" content=\"Wanneer distributieriem vervangen VW Polo? Alle intervallen zowel diesel als benzine motoren. O.a. 1.0 1.2 1.4 1.6 1.8 i 16V GTI TDI T FSI\" \/>\n<meta property=\"og:url\" content=\"https:\/\/autobaak.nl\/de\/vw-volkswagen-polo\/\" \/>\n<meta property=\"og:site_name\" content=\"Autobaak.nl\" \/>\n<meta property=\"article:modified_time\" content=\"2022-09-19T09:33:06+00:00\" \/>\n<meta property=\"og:image\" content=\"https:\/\/www.kentekencheck.nl\/assets\/banners\/kentekencheck-468x60.gif\" \/>\n<meta name=\"twitter:card\" content=\"summary_large_image\" \/>\n<meta name=\"twitter:label1\" content=\"Gesch\u00e4tzte Lesezeit\" \/>\n\t<meta name=\"twitter:data1\" content=\"5\u00a0Minuten\" \/>\n<script type=\"application\/ld+json\" class=\"yoast-schema-graph\">{\"@context\":\"https:\\\/\\\/schema.org\",\"@graph\":[{\"@type\":\"WebPage\",\"@id\":\"https:\\\/\\\/autobaak.nl\\\/vw-volkswagen-polo\\\/\",\"url\":\"https:\\\/\\\/autobaak.nl\\\/vw-volkswagen-polo\\\/\",\"name\":\"Wanneer distributieriem vervangen VW Volkswagen Polo? Alle intervallen\",\"isPartOf\":{\"@id\":\"https:\\\/\\\/autobaak.nl\\\/#website\"},\"primaryImageOfPage\":{\"@id\":\"https:\\\/\\\/autobaak.nl\\\/vw-volkswagen-polo\\\/#primaryimage\"},\"image\":{\"@id\":\"https:\\\/\\\/autobaak.nl\\\/vw-volkswagen-polo\\\/#primaryimage\"},\"thumbnailUrl\":\"https:\\\/\\\/www.kentekencheck.nl\\\/assets\\\/banners\\\/kentekencheck-468x60.gif\",\"datePublished\":\"2017-09-20T14:16:16+00:00\",\"dateModified\":\"2022-09-19T09:33:06+00:00\",\"description\":\"Wanneer distributieriem vervangen VW Polo? Alle intervallen zowel diesel als benzine motoren. O.a. 1.0 1.2 1.4 1.6 1.8 i 16V GTI TDI T FSI\",\"breadcrumb\":{\"@id\":\"https:\\\/\\\/autobaak.nl\\\/vw-volkswagen-polo\\\/#breadcrumb\"},\"inLanguage\":\"de\",\"potentialAction\":[{\"@type\":\"ReadAction\",\"target\":[\"https:\\\/\\\/autobaak.nl\\\/vw-volkswagen-polo\\\/\"]}]},{\"@type\":\"ImageObject\",\"inLanguage\":\"de\",\"@id\":\"https:\\\/\\\/autobaak.nl\\\/vw-volkswagen-polo\\\/#primaryimage\",\"url\":\"https:\\\/\\\/www.kentekencheck.nl\\\/assets\\\/banners\\\/kentekencheck-468x60.gif\",\"contentUrl\":\"https:\\\/\\\/www.kentekencheck.nl\\\/assets\\\/banners\\\/kentekencheck-468x60.gif\"},{\"@type\":\"BreadcrumbList\",\"@id\":\"https:\\\/\\\/autobaak.nl\\\/vw-volkswagen-polo\\\/#breadcrumb\",\"itemListElement\":[{\"@type\":\"ListItem\",\"position\":1,\"name\":\"Home\",\"item\":\"https:\\\/\\\/autobaak.nl\\\/\"},{\"@type\":\"ListItem\",\"position\":2,\"name\":\"VW Volkswagen Polo\"}]},{\"@type\":\"WebSite\",\"@id\":\"https:\\\/\\\/autobaak.nl\\\/#website\",\"url\":\"https:\\\/\\\/autobaak.nl\\\/\",\"name\":\"Autobaak.nl\",\"description\":\"Cars &amp; Racing\",\"potentialAction\":[{\"@type\":\"SearchAction\",\"target\":{\"@type\":\"EntryPoint\",\"urlTemplate\":\"https:\\\/\\\/autobaak.nl\\\/?s={search_term_string}\"},\"query-input\":{\"@type\":\"PropertyValueSpecification\",\"valueRequired\":true,\"valueName\":\"search_term_string\"}}],\"inLanguage\":\"de\"}]}<\/script>\n<!-- \/ Yoast SEO plugin. -->","yoast_head_json":{"title":"Wann ist der Zahnriemen des VW Volkswagen Polo zu wechseln? Alle Intervalle","description":"Wann ist ein Zahnriemen im VW Polo zu wechseln? Alle Intervalle, sowohl Diesel- als auch Benzinmotoren. Einschlie\u00dflich 1,0 1,2 1,4 1,6 1,8 i 16V GTI TDI T FSI","robots":{"index":"index","follow":"follow","max-snippet":"max-snippet:-1","max-image-preview":"max-image-preview:large","max-video-preview":"max-video-preview:-1"},"canonical":"https:\/\/autobaak.nl\/de\/vw-volkswagen-polo\/","og_locale":"de_DE","og_type":"article","og_title":"Wanneer distributieriem vervangen VW Volkswagen Polo? Alle intervallen","og_description":"Wanneer distributieriem vervangen VW Polo? Alle intervallen zowel diesel als benzine motoren. O.a. 1.0 1.2 1.4 1.6 1.8 i 16V GTI TDI T FSI","og_url":"https:\/\/autobaak.nl\/de\/vw-volkswagen-polo\/","og_site_name":"Autobaak.nl","article_modified_time":"2022-09-19T09:33:06+00:00","og_image":[{"url":"https:\/\/www.kentekencheck.nl\/assets\/banners\/kentekencheck-468x60.gif","type":"","width":"","height":""}],"twitter_card":"summary_large_image","twitter_misc":{"Gesch\u00e4tzte Lesezeit":"5\u00a0Minuten"},"schema":{"@context":"https:\/\/schema.org","@graph":[{"@type":"WebPage","@id":"https:\/\/autobaak.nl\/vw-volkswagen-polo\/","url":"https:\/\/autobaak.nl\/vw-volkswagen-polo\/","name":"Wann ist der Zahnriemen des VW Volkswagen Polo zu wechseln? Alle Intervalle","isPartOf":{"@id":"https:\/\/autobaak.nl\/#website"},"primaryImageOfPage":{"@id":"https:\/\/autobaak.nl\/vw-volkswagen-polo\/#primaryimage"},"image":{"@id":"https:\/\/autobaak.nl\/vw-volkswagen-polo\/#primaryimage"},"thumbnailUrl":"https:\/\/www.kentekencheck.nl\/assets\/banners\/kentekencheck-468x60.gif","datePublished":"2017-09-20T14:16:16+00:00","dateModified":"2022-09-19T09:33:06+00:00","description":"Wann ist ein Zahnriemen im VW Polo zu wechseln? Alle Intervalle, sowohl Diesel- als auch Benzinmotoren. Einschlie\u00dflich 1,0 1,2 1,4 1,6 1,8 i 16V GTI TDI T FSI","breadcrumb":{"@id":"https:\/\/autobaak.nl\/vw-volkswagen-polo\/#breadcrumb"},"inLanguage":"de","potentialAction":[{"@type":"ReadAction","target":["https:\/\/autobaak.nl\/vw-volkswagen-polo\/"]}]},{"@type":"ImageObject","inLanguage":"de","@id":"https:\/\/autobaak.nl\/vw-volkswagen-polo\/#primaryimage","url":"https:\/\/www.kentekencheck.nl\/assets\/banners\/kentekencheck-468x60.gif","contentUrl":"https:\/\/www.kentekencheck.nl\/assets\/banners\/kentekencheck-468x60.gif"},{"@type":"BreadcrumbList","@id":"https:\/\/autobaak.nl\/vw-volkswagen-polo\/#breadcrumb","itemListElement":[{"@type":"ListItem","position":1,"name":"Home","item":"https:\/\/autobaak.nl\/"},{"@type":"ListItem","position":2,"name":"VW Volkswagen Polo"}]},{"@type":"WebSite","@id":"https:\/\/autobaak.nl\/#website","url":"https:\/\/autobaak.nl\/","name":"Autobook.de","description":"Autos &amp; Rennsport","potentialAction":[{"@type":"SearchAction","target":{"@type":"EntryPoint","urlTemplate":"https:\/\/autobaak.nl\/?s={search_term_string}"},"query-input":{"@type":"PropertyValueSpecification","valueRequired":true,"valueName":"search_term_string"}}],"inLanguage":"de"}]}},"_links":{"self":[{"href":"https:\/\/autobaak.nl\/de\/wp-json\/wp\/v2\/pages\/465","targetHints":{"allow":["GET"]}}],"collection":[{"href":"https:\/\/autobaak.nl\/de\/wp-json\/wp\/v2\/pages"}],"about":[{"href":"https:\/\/autobaak.nl\/de\/wp-json\/wp\/v2\/types\/page"}],"author":[{"embeddable":true,"href":"https:\/\/autobaak.nl\/de\/wp-json\/wp\/v2\/users\/1"}],"replies":[{"embeddable":true,"href":"https:\/\/autobaak.nl\/de\/wp-json\/wp\/v2\/comments?post=465"}],"version-history":[{"count":0,"href":"https:\/\/autobaak.nl\/de\/wp-json\/wp\/v2\/pages\/465\/revisions"}],"wp:attachment":[{"href":"https:\/\/autobaak.nl\/de\/wp-json\/wp\/v2\/media?parent=465"}],"curies":[{"name":"wp","href":"https:\/\/api.w.org\/{rel}","templated":true}]}}