{"id":483,"date":"2017-09-21T12:37:52","date_gmt":"2017-09-21T12:37:52","guid":{"rendered":"https:\/\/autobaak.nl\/?page_id=483"},"modified":"2022-09-19T11:32:17","modified_gmt":"2022-09-19T09:32:17","slug":"vw-volkswagen-golf-7","status":"publish","type":"page","link":"https:\/\/autobaak.nl\/de\/vw-volkswagen-golf-7\/","title":{"rendered":"VW Volkswagen Golf 7"},"content":{"rendered":"<p>[et_pb_section fb_built=\"1\u2033 custom_padding_last_edited=\"on|desktop\" _builder_version=\"4.16\u2033 background_color=\"#0c71c3\u2033 custom_padding_tablet=\"50px|0|50px|0\u2033 custom_padding_phone=\"\" transparent_background=\"off\" padding_mobile=\"off\" make_fullwidth=\"off\" use_custom_width=\"off\" width_unit=\"on\" global_colors_info=\"{}\"][et_pb_row _builder_version=\"4.16\u2033 background_size=\"initial\" background_position=\"top_left\" background_repeat=\"repeat\" global_colors_info=\"{}\"][et_pb_column type=\"4_4\u2033 _builder_version=\"4.16\u2033 custom_padding=\"|||\" global_colors_info=\"{}\" custom_padding__hover=\"|||\"][et_pb_text _builder_version=\"4.16\u2033 background_size=\"initial\" background_position=\"top_left\" background_repeat=\"repeat\" text_orientation=\"centre\" background_layout=\"dark\" module_alignment=\"centre\" use_border_color=\"off\" border_color=\"#ffffff\" border_style=\"solid\" global_colors_info=\"{}\"]<\/p>\n<h1 style=\"text-align: center;\">Wann ist der Zahnriemen im VW Golf 7 zu wechseln?<\/h1>\n<p>[\/et_pb_text][\/et_pb_column][\/et_pb_row][\/et_pb_section][et_pb_section fb_built=\"1\u2033 _builder_version=\"4.0.7\u2033 inner_width_tablet=\"50px\" inner_max_width_tablet=\"50px\" custom_margin=\"||-40px|\" custom_padding=\"2px||0px||false|false\" z_index_tablet=\"500\u2033 box_shadow_horizontal_tablet=\"0px\" box_shadow_vertical_tablet=\"0px\" box_shadow_blur_tablet=\"40px\" box_shadow_spread_tablet=\"0px\" global_module=\"1614\u2033 global_colors_info=\"{}\"][et_pb_row _builder_version=\"4.17.4\u2033 _module_preset=\"default\" global_colors_info=\"{}\"][et_pb_column type=\"4_4\u2033 _builder_version=\"4.17.4\u2033 _module_preset=\"default\" global_colors_info=\"{}\"][et_pb_code _builder_version=\"4.17.4\u2033 _module_preset=\"default\" global_colors_info=\"{}\"]<div class=\"et_bloom_inline_form et_bloom_optin et_bloom_make_form_visible et_bloom_optin_2\" style=\"display: none;\" data-success_action_details=\"redirect_url|https:\/\/autobaak.nl\/bedankt-checklist\">\n\t\t\t\t<style type=\"text\/css\">.et_bloom .et_bloom_optin_2 .et_bloom_form_content { background-color: #dddddd !important; } .et_bloom .et_bloom_optin_2 .et_bloom_form_container .et_bloom_form_header { background-color: #1e73be !important; } .et_bloom .et_bloom_optin_2 .carrot_edge .et_bloom_form_content:before { border-top-color: #1e73be !important; } .et_bloom .et_bloom_optin_2 .carrot_edge.et_bloom_form_right .et_bloom_form_content:before, .et_bloom .et_bloom_optin_2 .carrot_edge.et_bloom_form_left .et_bloom_form_content:before { border-top-color: transparent !important; border-left-color: #1e73be !important; }\n\t\t\t\t\t\t@media only screen and ( max-width: 767px ) {.et_bloom .et_bloom_optin_2 .carrot_edge.et_bloom_form_right .et_bloom_form_content:before { border-top-color: #1e73be !important; border-left-color: transparent !important; }.et_bloom .et_bloom_optin_2 .carrot_edge.et_bloom_form_left .et_bloom_form_content:after { border-bottom-color: #1e73be !important; border-left-color: transparent !important; }\n\t\t\t\t\t\t}.et_bloom .et_bloom_optin_2 .et_bloom_form_content button { background-color: #dd9933 !important; } .et_bloom .et_bloom_optin_2 .et_bloom_form_content .et_bloom_fields i { color: #dd9933 !important; } .et_bloom .et_bloom_optin_2 .et_bloom_form_content .et_bloom_custom_field_radio i:before { background: #dd9933 !important; } .et_bloom .et_bloom_optin_2 .et_bloom_form_content button { background-color: #dd9933 !important; } .et_bloom .et_bloom_optin_2 .et_bloom_form_container h2, .et_bloom .et_bloom_optin_2 .et_bloom_form_container h2 span, .et_bloom .et_bloom_optin_2 .et_bloom_form_container h2 strong { font-family: \"Open Sans\", Helvetica, Arial, Lucida, sans-serif; }.et_bloom .et_bloom_optin_2 .et_bloom_form_container p, .et_bloom .et_bloom_optin_2 .et_bloom_form_container p span, .et_bloom .et_bloom_optin_2 .et_bloom_form_container p strong, .et_bloom .et_bloom_optin_2 .et_bloom_form_container form input, .et_bloom .et_bloom_optin_2 .et_bloom_form_container form button span { font-family: \"Open Sans\", Helvetica, Arial, Lucida, sans-serif; } <\/style>\n\t\t\t\t<div class=\"et_bloom_form_container  with_edge carrot_edge et_bloom_rounded et_bloom_form_text_dark et_bloom_form_bottom et_bloom_inline_2_fields et_bloom_success_action\">\n\t\t\t\t\t\n\t\t\t<div class=\"et_bloom_form_container_wrapper clearfix\">\n\t\t\t\t<div class=\"et_bloom_header_outer\">\n\t\t\t\t\t<div class=\"et_bloom_form_header split et_bloom_header_text_light\">\n\t\t\t\t\t\t<img loading=\"lazy\" decoding=\"async\" width=\"610\" height=\"175\" src=\"https:\/\/autobaak.nl\/wp-content\/uploads\/2020\/02\/image-610x175.png\" class=\"et_bloom_hide_mobile et_bloom_image_no_animation et_bloom_image\" alt=\"Checkliste f\u00fcr den Gebrauchtwagenkauf\" srcset=\"https:\/\/autobaak.nl\/wp-content\/uploads\/2020\/02\/image-610x175.png 610w, https:\/\/autobaak.nl\/wp-content\/uploads\/2020\/02\/image-480x138.png 480w\" sizes=\"(min-width: 0px) and (max-width: 480px) 480px, (min-width: 481px) 610px, 100vw\" \/>\n\t\t\t\t\t\t<div class=\"et_bloom_form_text\">\n\t\t\t\t\t\t<h2>Gebrauchtwagen-Checkliste<\/h2><p>Erhalten Sie die Gebrauchtwagen-Checkliste in Ihrem Briefkasten. Anhand der Checkliste k\u00f6nnen Sie alles Schritt f\u00fcr Schritt \u00fcberpr\u00fcfen und einen Fehlkauf vermeiden.<\/p>\n\t\t\t\t\t<\/div>\n\t\t\t\t\t\t\n\t\t\t\t\t<\/div>\n\t\t\t\t<\/div>\n\t\t\t\t<div class=\"et_bloom_form_content et_bloom_2_fields et_bloom_bottom_inline\">\n\t\t\t\t\t\n\t\t\t\t\t\n\t\t\t\t\t<form method=\"post\" class=\"clearfix\" action=\"\">\n\t\t\t\t\t\t<div class=\"et_bloom_fields\">\n\t\t\t\t\t\t\t<p class=\"et_bloom_popup_input et_bloom_subscribe_name\">\n\t\t\t\t\t\t\t\t<input placeholder=\"Name\" maxlength=\"50\">\n\t\t\t\t\t\t\t<\/p>\n\t\t\t\t\t\t\t<p class=\"et_bloom_popup_input et_bloom_subscribe_email\">\n\t\t\t\t\t\t\t\t<input placeholder=\"E-Mail\">\n\t\t\t\t\t\t\t<\/p>\n\t\t\t\t\t\t\t\n\t\t\t\t\t\t\t<button data-optin_id=\"optin_2\" data-service=\"mailerlite\" data-list_id=\"106699396\" data-page_id=\"483\" data-account=\"Autobaaknl\" data-ip_address=\"true\" class=\"et_bloom_submit_subscription\">\n\t\t\t\t\t\t\t\t<span class=\"et_bloom_subscribe_loader\"><\/span>\n\t\t\t\t\t\t\t\t<span class=\"et_bloom_button_text et_bloom_button_text_color_dark\">Sofort erhalten!<\/span>\n\t\t\t\t\t\t\t<\/button>\n\t\t\t\t\t\t<\/div>\n\t\t\t\t\t<input type=\"hidden\" name=\"trp-form-language\" value=\"de\"\/><\/form>\n\t\t\t\t\t<div class=\"et_bloom_success_container\">\n\t\t\t\t\t\t<span class=\"et_bloom_success_checkmark\"><\/span>\n\t\t\t\t\t<\/div>\n\t\t\t\t\t<h2 class=\"et_bloom_success_message\">\u00dcberpr\u00fcfen Sie auch Ihr Postfach auf Spam. <\/h2>\n\t\t\t\t\t<div class=\"et_bloom_form_footer\"><p><span style=\"color: #333333;\"><em>Mehr als 2.000 Menschen sind vor Ihnen gegangen. Die Abbestellung ist jederzeit m\u00f6glich.\u00a0<\/em><\/span><\/p><\/div>\n\t\t\t\t<\/div>\n\t\t\t<\/div>\n\t\t\t<span class=\"et_bloom_close_button\"><\/span>\n\t\t\t\t<\/div>\n\t\t\t<\/div>[\/et_pb_code][\/et_pb_column][\/et_pb_row][\/et_pb_section][et_pb_section fb_built=\"1\u2033 _builder_version=\"4.16\u2033 custom_margin=\"-27px|||||\" custom_padding=\"14px|||||\" global_colors_info=\"{}\"][et_pb_row _builder_version=\"4.16\u2033 background_size=\"initial\" background_position=\"top_left\" background_repeat=\"repeat\" custom_padding=\"5px|||||\" global_colors_info=\"{}\"][et_pb_column type=\"4_4\u2033 _builder_version=\"4.16\u2033 custom_padding=\"|||\" global_colors_info=\"{}\" custom_padding__hover=\"|||\"][et_pb_text _builder_version=\"4.16\u2033 background_size=\"initial\" background_position=\"top_left\" background_repeat=\"repeat\" use_border_color=\"off\" border_color=\"#ffffff\" border_style=\"solid\" global_colors_info=\"{}\"]<\/p>\n<p>\nDer VW Golf 7 ist ein beliebter Mittelklassewagen von Volkswagen, der zwischen 2013 und 2017 produziert wurde. Dieses Modell ist sowohl mit Benzin- als auch mit Dieselmotoren erh\u00e4ltlich. Nachstehend finden Sie eine \u00dcbersicht \u00fcber die Wechselintervalle f\u00fcr Zahnriemen. Wenn Sie nicht wissen, welchen Motor Ihr Auto hat, k\u00f6nnen Sie unten das Kennzeichen eingeben.<\/p>\n<p>[open_rdw_check \"marke\" \"handelsname\" \"fahrzeugtyp\" \"kraftstoff_beschreibung\" \"anzahl_zylinder\" \"hubraum\" \"expiry_apk\"]<br \/>\n[\/et_pb_text][et_pb_text _builder_version=\"4.18.0\u2033 background_size=\"initial\" background_position=\"top_left\" background_repeat=\"repeat\" hover_enabled=\"0\u2033 use_border_color=\"off\" border_color=\"#ffffff\" border_style=\"solid\" global_colors_info=\"{}\" sticky_enabled=\"0\u2033]<\/p>\n<h2><strong>Benzin<\/strong> <strong>zwischen 2013 und 2017 produzierte Varianten<br \/><\/strong><\/h2>\n<ul>\n<li style=\"list-style-type: none;\">\n<ul>\n<li>VW Golf 7 1.2 TSI alle Varianten =\u00a0<strong>120 000 Kilometern oder nach maximal 5 Jahren. (kein einheitliches Intervall angegeben, Ihre Garage ist f\u00fchrend)<\/strong><\/li>\n<li>VW Golf 7 1.4 TSI alle Varianten =\u00a0<strong>120 000 Kilometern oder nach maximal 5 Jahren. (kein einheitliches Intervall angegeben, Ihre Garage ist f\u00fchrend)<\/strong><\/li>\n<li>VW Golf 7 1.4 GTE 110 kW =\u00a0<strong>120 000 Kilometern oder nach maximal 5 Jahren. (kein einheitliches Intervall angegeben, Ihre Garage ist f\u00fchrend)<\/strong><\/li>\n<li>VW Golf 7 1.4 TGI 81 kW =\u00a0<strong>120 000 Kilometern oder nach maximal 5 Jahren. (kein einheitliches Intervall angegeben, Ihre Garage ist f\u00fchrend)<\/strong><\/li>\n<li>VW Golf 7 1.6 i 81 kW = <strong>120 000 Kilometern oder nach maximal 5 Jahren. (kein einheitliches Intervall angegeben, Ihre Garage ist f\u00fchrend)<\/strong><\/li>\n<li>VW Golf 7 2.0 GTI alle Varianten =<strong> Steuerkette, nach 10 Jahren pr\u00fcfen und ggf. ersetzen.<\/strong><\/li>\n<li>VW Golf 7 2.0 R 4motion =<strong> Steuerkette, nach 10 Jahren pr\u00fcfen und ggf. ersetzen.<\/strong><\/li>\n<li>VW Golf 7 e-Golf =<strong> Elektromotor <\/strong><\/li>\n<\/ul>\n<\/li>\n<\/ul>\n<h2><strong>Diesel-Varianten, die zwischen 2003 und 2009 produziert wurden<br \/><\/strong><\/h2>\n<ul>\n<li>VW Golf 7 1.6 TDI alle Varianten = <strong>210 000 Kilometern. Keine H\u00f6chstzahl von Jahren. Es werden maximal 10 Jahre empfohlen.<br \/><\/strong><\/li>\n<li>VW Golf 7 2.0 TDI alle Varianten = <strong>210 000 Kilometern. Keine H\u00f6chstzahl von Jahren. Es werden maximal 10 Jahre empfohlen.<\/strong><\/li>\n<\/ul>\n<p>[\/et_pb_text][\/et_pb_column][\/et_pb_row][\/et_pb_section].<\/p>","protected":false},"excerpt":{"rendered":"<p>Wann ist der Zahnriemen im VW Golf 7 zu wechseln? <div class=\"et_bloom_inline_form et_bloom_optin et_bloom_make_form_visible et_bloom_optin_2\" style=\"display: none;\" data-success_action_details=\"redirect_url|https:\/\/autobaak.nl\/bedankt-checklist\">\n\t\t\t\t<style type=\"text\/css\">.et_bloom .et_bloom_optin_2 .et_bloom_form_content { background-color: #dddddd !important; } .et_bloom .et_bloom_optin_2 .et_bloom_form_container .et_bloom_form_header { background-color: #1e73be !important; } .et_bloom .et_bloom_optin_2 .carrot_edge .et_bloom_form_content:before { border-top-color: #1e73be !important; } .et_bloom .et_bloom_optin_2 .carrot_edge.et_bloom_form_right .et_bloom_form_content:before, .et_bloom .et_bloom_optin_2 .carrot_edge.et_bloom_form_left .et_bloom_form_content:before { border-top-color: transparent !important; border-left-color: #1e73be !important; }\n\t\t\t\t\t\t@media only screen and ( max-width: 767px ) {.et_bloom .et_bloom_optin_2 .carrot_edge.et_bloom_form_right .et_bloom_form_content:before { border-top-color: #1e73be !important; border-left-color: transparent !important; }.et_bloom .et_bloom_optin_2 .carrot_edge.et_bloom_form_left .et_bloom_form_content:after { border-bottom-color: #1e73be !important; border-left-color: transparent !important; }\n\t\t\t\t\t\t}.et_bloom .et_bloom_optin_2 .et_bloom_form_content button { background-color: #dd9933 !important; } .et_bloom .et_bloom_optin_2 .et_bloom_form_content .et_bloom_fields i { color: #dd9933 !important; } .et_bloom .et_bloom_optin_2 .et_bloom_form_content .et_bloom_custom_field_radio i:before { background: #dd9933 !important; } .et_bloom .et_bloom_optin_2 .et_bloom_form_content button { background-color: #dd9933 !important; } .et_bloom .et_bloom_optin_2 .et_bloom_form_container h2, .et_bloom .et_bloom_optin_2 .et_bloom_form_container h2 span, .et_bloom .et_bloom_optin_2 .et_bloom_form_container h2 strong { font-family: \"Open Sans\", Helvetica, Arial, Lucida, sans-serif; }.et_bloom .et_bloom_optin_2 .et_bloom_form_container p, .et_bloom .et_bloom_optin_2 .et_bloom_form_container p span, .et_bloom .et_bloom_optin_2 .et_bloom_form_container p strong, .et_bloom .et_bloom_optin_2 .et_bloom_form_container form input, .et_bloom .et_bloom_optin_2 .et_bloom_form_container form button span { font-family: \"Open Sans\", Helvetica, Arial, Lucida, sans-serif; } <\/style>\n\t\t\t\t<div class=\"et_bloom_form_container  with_edge carrot_edge et_bloom_rounded et_bloom_form_text_dark et_bloom_form_bottom et_bloom_inline_2_fields et_bloom_success_action\">\n\t\t\t\t\t\n\t\t\t<div class=\"et_bloom_form_container_wrapper clearfix\">\n\t\t\t\t<div class=\"et_bloom_header_outer\">\n\t\t\t\t\t<div class=\"et_bloom_form_header split et_bloom_header_text_light\">\n\t\t\t\t\t\t<img width=\"610\" height=\"175\" src=\"https:\/\/autobaak.nl\/wp-content\/uploads\/2020\/02\/image-610x175.png\" class=\"et_bloom_hide_mobile et_bloom_image_no_animation et_bloom_image\" alt=\"Checkliste f\u00fcr den Gebrauchtwagenkauf\" decoding=\"async\" loading=\"lazy\" srcset=\"https:\/\/autobaak.nl\/wp-content\/uploads\/2020\/02\/image-610x175.png 610w, https:\/\/autobaak.nl\/wp-content\/uploads\/2020\/02\/image-480x138.png 480w\" sizes=\"(min-width: 0px) and (max-width: 480px) 480px, (min-width: 481px) 610px, 100vw\" \/>\n\t\t\t\t\t\t<div class=\"et_bloom_form_text\">\n\t\t\t\t\t\t<h2>Gebrauchtwagen-Checkliste<\/h2><p>Erhalten Sie die Gebrauchtwagen-Checkliste in Ihrem Briefkasten. Anhand der Checkliste k\u00f6nnen Sie alles Schritt f\u00fcr Schritt \u00fcberpr\u00fcfen und einen Fehlkauf vermeiden.<\/p>\n\t\t\t\t\t<\/div>\n\t\t\t\t\t\t\n\t\t\t\t\t<\/div>\n\t\t\t\t<\/div>\n\t\t\t\t<div class=\"et_bloom_form_content et_bloom_2_fields et_bloom_bottom_inline\">\n\t\t\t\t\t\n\t\t\t\t\t\n\t\t\t\t\t<form method=\"post\" class=\"clearfix\" action=\"\">\n\t\t\t\t\t\t<div class=\"et_bloom_fields\">\n\t\t\t\t\t\t\t<p class=\"et_bloom_popup_input et_bloom_subscribe_name\">\n\t\t\t\t\t\t\t\t<input placeholder=\"Name\" maxlength=\"50\">\n\t\t\t\t\t\t\t<\/p>\n\t\t\t\t\t\t\t<p class=\"et_bloom_popup_input et_bloom_subscribe_email\">\n\t\t\t\t\t\t\t\t<input placeholder=\"E-Mail\">\n\t\t\t\t\t\t\t<\/p>\n\t\t\t\t\t\t\t\n\t\t\t\t\t\t\t<button data-optin_id=\"optin_2\" data-service=\"mailerlite\" data-list_id=\"106699396\" data-page_id=\"483\" data-account=\"Autobaaknl\" data-ip_address=\"true\" class=\"et_bloom_submit_subscription\">\n\t\t\t\t\t\t\t\t<span class=\"et_bloom_subscribe_loader\"><\/span>\n\t\t\t\t\t\t\t\t<span class=\"et_bloom_button_text et_bloom_button_text_color_dark\">Sofort erhalten!<\/span>\n\t\t\t\t\t\t\t<\/button>\n\t\t\t\t\t\t<\/div>\n\t\t\t\t\t<input type=\"hidden\" name=\"trp-form-language\" value=\"de\"\/><\/form>\n\t\t\t\t\t<div class=\"et_bloom_success_container\">\n\t\t\t\t\t\t<span class=\"et_bloom_success_checkmark\"><\/span>\n\t\t\t\t\t<\/div>\n\t\t\t\t\t<h2 class=\"et_bloom_success_message\">\u00dcberpr\u00fcfen Sie auch Ihr Postfach auf Spam. <\/h2>\n\t\t\t\t\t<div class=\"et_bloom_form_footer\"><p><span style=\"color: #333333;\"><em>Mehr als 2.000 Menschen sind vor Ihnen gegangen. Die Abbestellung ist jederzeit m\u00f6glich.\u00a0<\/em><\/span><\/p><\/div>\n\t\t\t\t<\/div>\n\t\t\t<\/div>\n\t\t\t<span class=\"et_bloom_close_button\"><\/span>\n\t\t\t\t<\/div>\n\t\t\t<\/div> Der VW (Volkswagen) Golf 7 ist ein beliebter Mittelklassewagen von Volkswagen, der zwischen 2013 und 2017 produziert wurde. Dieses Modell gibt es sowohl mit Benzin- als auch mit Dieselmotoren. Nachfolgend finden Sie eine \u00dcbersicht \u00fcber die Wechselintervalle des Zahnriemens. Wenn Sie nicht wissen, welchen Motor Ihr Auto hat, k\u00f6nnen Sie [...]<\/p>","protected":false},"author":1,"featured_media":0,"parent":0,"menu_order":0,"comment_status":"closed","ping_status":"closed","template":"","meta":{"_et_pb_use_builder":"on","_et_pb_old_content":"","_et_gb_content_width":"","footnotes":""},"class_list":["post-483","page","type-page","status-publish","hentry"],"yoast_head":"<!-- This site is optimized with the Yoast SEO plugin v27.4 - https:\/\/yoast.com\/product\/yoast-seo-wordpress\/ -->\n<title>Wanneer distributieriem vervangen VW Volkswagen Golf 7? Alle intervallen<\/title>\n<meta name=\"description\" content=\"Wanneer distributieriem vervangen VW Volkswagen Golf 7? Alle varianten. Zowel benzine als diesel. O.a. 1.2 1.4 1.6 2.0 TSI GTD GTI R\" \/>\n<meta name=\"robots\" content=\"index, follow, max-snippet:-1, max-image-preview:large, max-video-preview:-1\" \/>\n<link rel=\"canonical\" href=\"https:\/\/autobaak.nl\/de\/vw-volkswagen-golf-7\/\" \/>\n<meta property=\"og:locale\" content=\"de_DE\" \/>\n<meta property=\"og:type\" content=\"article\" \/>\n<meta property=\"og:title\" content=\"Wanneer distributieriem vervangen VW Volkswagen Golf 7? Alle intervallen\" \/>\n<meta property=\"og:description\" content=\"Wanneer distributieriem vervangen VW Volkswagen Golf 7? Alle varianten. Zowel benzine als diesel. O.a. 1.2 1.4 1.6 2.0 TSI GTD GTI R\" \/>\n<meta property=\"og:url\" content=\"https:\/\/autobaak.nl\/de\/vw-volkswagen-golf-7\/\" \/>\n<meta property=\"og:site_name\" content=\"Autobaak.nl\" \/>\n<meta property=\"article:modified_time\" content=\"2022-09-19T09:32:17+00:00\" \/>\n<meta name=\"twitter:card\" content=\"summary_large_image\" \/>\n<meta name=\"twitter:label1\" content=\"Gesch\u00e4tzte Lesezeit\" \/>\n\t<meta name=\"twitter:data1\" content=\"3\u00a0Minuten\" \/>\n<script type=\"application\/ld+json\" class=\"yoast-schema-graph\">{\"@context\":\"https:\\\/\\\/schema.org\",\"@graph\":[{\"@type\":\"WebPage\",\"@id\":\"https:\\\/\\\/autobaak.nl\\\/vw-volkswagen-golf-7\\\/\",\"url\":\"https:\\\/\\\/autobaak.nl\\\/vw-volkswagen-golf-7\\\/\",\"name\":\"Wanneer distributieriem vervangen VW Volkswagen Golf 7? Alle intervallen\",\"isPartOf\":{\"@id\":\"https:\\\/\\\/autobaak.nl\\\/#website\"},\"datePublished\":\"2017-09-21T12:37:52+00:00\",\"dateModified\":\"2022-09-19T09:32:17+00:00\",\"description\":\"Wanneer distributieriem vervangen VW Volkswagen Golf 7? Alle varianten. Zowel benzine als diesel. O.a. 1.2 1.4 1.6 2.0 TSI GTD GTI R\",\"breadcrumb\":{\"@id\":\"https:\\\/\\\/autobaak.nl\\\/vw-volkswagen-golf-7\\\/#breadcrumb\"},\"inLanguage\":\"de\",\"potentialAction\":[{\"@type\":\"ReadAction\",\"target\":[\"https:\\\/\\\/autobaak.nl\\\/vw-volkswagen-golf-7\\\/\"]}]},{\"@type\":\"BreadcrumbList\",\"@id\":\"https:\\\/\\\/autobaak.nl\\\/vw-volkswagen-golf-7\\\/#breadcrumb\",\"itemListElement\":[{\"@type\":\"ListItem\",\"position\":1,\"name\":\"Home\",\"item\":\"https:\\\/\\\/autobaak.nl\\\/\"},{\"@type\":\"ListItem\",\"position\":2,\"name\":\"VW Volkswagen Golf 7\"}]},{\"@type\":\"WebSite\",\"@id\":\"https:\\\/\\\/autobaak.nl\\\/#website\",\"url\":\"https:\\\/\\\/autobaak.nl\\\/\",\"name\":\"Autobaak.nl\",\"description\":\"Cars &amp; Racing\",\"potentialAction\":[{\"@type\":\"SearchAction\",\"target\":{\"@type\":\"EntryPoint\",\"urlTemplate\":\"https:\\\/\\\/autobaak.nl\\\/?s={search_term_string}\"},\"query-input\":{\"@type\":\"PropertyValueSpecification\",\"valueRequired\":true,\"valueName\":\"search_term_string\"}}],\"inLanguage\":\"de\"}]}<\/script>\n<!-- \/ Yoast SEO plugin. -->","yoast_head_json":{"title":"Wann ist ein Zahnriemen in einem VW Golf 7 zu wechseln? Alle Intervalle","description":"Wann ist der Zahnriemen beim VW Golf 7 zu wechseln? Alle Varianten. Sowohl Benzin als auch Diesel. Z.B. 1,2 1,4 1,6 2,0 TSI GTD GTI R","robots":{"index":"index","follow":"follow","max-snippet":"max-snippet:-1","max-image-preview":"max-image-preview:large","max-video-preview":"max-video-preview:-1"},"canonical":"https:\/\/autobaak.nl\/de\/vw-volkswagen-golf-7\/","og_locale":"de_DE","og_type":"article","og_title":"Wanneer distributieriem vervangen VW Volkswagen Golf 7? Alle intervallen","og_description":"Wanneer distributieriem vervangen VW Volkswagen Golf 7? Alle varianten. Zowel benzine als diesel. O.a. 1.2 1.4 1.6 2.0 TSI GTD GTI R","og_url":"https:\/\/autobaak.nl\/de\/vw-volkswagen-golf-7\/","og_site_name":"Autobaak.nl","article_modified_time":"2022-09-19T09:32:17+00:00","twitter_card":"summary_large_image","twitter_misc":{"Gesch\u00e4tzte Lesezeit":"3\u00a0Minuten"},"schema":{"@context":"https:\/\/schema.org","@graph":[{"@type":"WebPage","@id":"https:\/\/autobaak.nl\/vw-volkswagen-golf-7\/","url":"https:\/\/autobaak.nl\/vw-volkswagen-golf-7\/","name":"Wann ist ein Zahnriemen in einem VW Golf 7 zu wechseln? Alle Intervalle","isPartOf":{"@id":"https:\/\/autobaak.nl\/#website"},"datePublished":"2017-09-21T12:37:52+00:00","dateModified":"2022-09-19T09:32:17+00:00","description":"Wann ist der Zahnriemen beim VW Golf 7 zu wechseln? Alle Varianten. Sowohl Benzin als auch Diesel. Z.B. 1,2 1,4 1,6 2,0 TSI GTD GTI R","breadcrumb":{"@id":"https:\/\/autobaak.nl\/vw-volkswagen-golf-7\/#breadcrumb"},"inLanguage":"de","potentialAction":[{"@type":"ReadAction","target":["https:\/\/autobaak.nl\/vw-volkswagen-golf-7\/"]}]},{"@type":"BreadcrumbList","@id":"https:\/\/autobaak.nl\/vw-volkswagen-golf-7\/#breadcrumb","itemListElement":[{"@type":"ListItem","position":1,"name":"Home","item":"https:\/\/autobaak.nl\/"},{"@type":"ListItem","position":2,"name":"VW Volkswagen Golf 7"}]},{"@type":"WebSite","@id":"https:\/\/autobaak.nl\/#website","url":"https:\/\/autobaak.nl\/","name":"Autobook.de","description":"Autos &amp; Rennsport","potentialAction":[{"@type":"SearchAction","target":{"@type":"EntryPoint","urlTemplate":"https:\/\/autobaak.nl\/?s={search_term_string}"},"query-input":{"@type":"PropertyValueSpecification","valueRequired":true,"valueName":"search_term_string"}}],"inLanguage":"de"}]}},"_links":{"self":[{"href":"https:\/\/autobaak.nl\/de\/wp-json\/wp\/v2\/pages\/483","targetHints":{"allow":["GET"]}}],"collection":[{"href":"https:\/\/autobaak.nl\/de\/wp-json\/wp\/v2\/pages"}],"about":[{"href":"https:\/\/autobaak.nl\/de\/wp-json\/wp\/v2\/types\/page"}],"author":[{"embeddable":true,"href":"https:\/\/autobaak.nl\/de\/wp-json\/wp\/v2\/users\/1"}],"replies":[{"embeddable":true,"href":"https:\/\/autobaak.nl\/de\/wp-json\/wp\/v2\/comments?post=483"}],"version-history":[{"count":0,"href":"https:\/\/autobaak.nl\/de\/wp-json\/wp\/v2\/pages\/483\/revisions"}],"wp:attachment":[{"href":"https:\/\/autobaak.nl\/de\/wp-json\/wp\/v2\/media?parent=483"}],"curies":[{"name":"wp","href":"https:\/\/api.w.org\/{rel}","templated":true}]}}