{"id":486,"date":"2017-09-24T20:53:50","date_gmt":"2017-09-24T20:53:50","guid":{"rendered":"https:\/\/autobaak.nl\/?page_id=486"},"modified":"2022-01-30T12:29:20","modified_gmt":"2022-01-30T12:29:20","slug":"vw-volkswagen-passat","status":"publish","type":"page","link":"https:\/\/autobaak.nl\/de\/vw-volkswagen-passat\/","title":{"rendered":"VW Volkswagen Passat"},"content":{"rendered":"<p>[et_pb_section fb_built=\"1\u2033 custom_padding_last_edited=\"on|desktop\" _builder_version=\"3.22.3\u2033 background_color=\"#0c71c3\u2033 custom_padding_tablet=\"50px|0|50px|0\u2033 custom_padding_phone=\"\" transparent_background=\"off\" padding_mobile=\"off\" make_fullwidth=\"off\" use_custom_width=\"off\" width_unit=\"on\" global_colors_info=\"{}\"][et_pb_row _builder_version=\"3.25\u2033 background_size=\"initial\" background_position=\"top_left\" background_repeat=\"repeat\" global_colors_info=\"{}\"][et_pb_column type=\"4_4\u2033 _builder_version=\"3.25\u2033 custom_padding=\"|||\" global_colors_info=\"{}\" custom_padding__hover=\"|||\"][et_pb_text _builder_version=\"3.27.4\u2033 background_size=\"initial\" background_position=\"top_left\" background_repeat=\"repeat\" text_orientation=\"centre\" background_layout=\"dark\" module_alignment=\"centre\" use_border_color=\"off\" border_color=\"#ffffff\" border_style=\"solid\" global_colors_info=\"{}\"][et_pb_text _builder_version=\"3.27.<\/p>\n<h1 style=\"text-align: center;\">Wann ist der VW Passat Zahnriemen zu wechseln?<\/h1>\n<p>[\/et_pb_text][\/et_pb_column][\/et_pb_row][\/et_pb_section][et_pb_section fb_built=\"1\u2033 _builder_version=\"3.22.3\u2033 custom_padding=\"31px||1px|||\" global_colours_info=\"{}\"][\/et_pb_section][et_pb_section fb_built=\"1\u2033 _builder_version=\"3.22.3\u2033 custom_padding=\"2px|||||\" global_colors_info=\"{}\"][et_pb_row _builder_version=\"3.25\u2033 background_size=\"initial\" background_position=\"top_left\" background_repeat=\"repeat\" global_colors_info=\"{}\"][et_pb_column type=\"4_4\u2033 _builder_version=\"3.25\u2033 custom_padding=\"|||\" global_colors_info=\"{}\" custom_padding__hover=\"|||\"][et_pb_text _builder_version=\"3.27.4\u2033 background_size=\"initial\" background_position=\"top_left\" background_repeat=\"repeat\" use_border_color=\"off\" border_color=\"#ffffff\" border_style=\"solid\" global_colors_info=\"{}\"]<\/p>\n<p>\nDer VW (Volkswagen) Passat ist ein beliebter Mittelklassewagen von VW, der seit 1980 produziert wird. Dieses Modell ist sowohl mit Benzin- als auch mit Dieselmotoren erh\u00e4ltlich. Nachfolgend finden Sie eine \u00dcbersicht \u00fcber die Zahnriemenwechselintervalle seit 1996. Wenn Sie nicht wissen, welchen Motor Ihr Auto hat, k\u00f6nnen Sie unten das Kennzeichen eingeben.<\/p>\n<p>[open_rdw_check \"marke\" \"handelsname\" \"fahrzeugtyp\" \"kraftstoff_beschreibung\" \"anzahl_zylinder\" \"hubraum\" \"expiry_apk\"]<\/p>\n<p>[\/et_pb_text][et_pb_text _builder_version=\"3.27.4\u2033 background_size=\"initial\" background_position=\"top_left\" background_repeat=\"repeat\" use_border_color=\"off\" border_color=\"#ffffff\" border_style=\"solid\" global_colors_info=\"{}\"]<\/p>\n<h2><strong>Benzin<\/strong> <strong>zwischen 1996 und 2005 hergestellte Varianten<br \/>\n<\/strong><\/h2>\n<ul>\n<li>VW Passat 1.6 i 74 kW = <strong>120 000 Kilometern oder nach maximal 5 Jahren. (kein einheitliches Intervall angegeben, Ihre Garage ist f\u00fchrend)<\/strong><\/li>\n<li>VW Passat 1.8 i 92 kW = <strong>Bis 1999<\/strong>\u00a0<strong>120 000 Kilometer oder nach maximal 5 Jahren. Ab 2000 180 000 oder nach h\u00f6chstens 5 Jahren.<\/strong><\/li>\n<li>VW Passat 1.8 T 110 kW = <strong>Bis 1999<\/strong>\u00a0<strong>120 000 Kilometer oder nach maximal 5 Jahren. Ab 2000 180 000 oder nach h\u00f6chstens 5 Jahren.<\/strong><\/li>\n<li>VW Passat 2.0 i 88 kW = <strong>120 000 Kilometern oder nach maximal 5 Jahren. (kein einheitliches Intervall angegeben, Ihre Garage ist f\u00fchrend)<\/strong><\/li>\n<li>VW Passat 2.3 VR5 110 kW = <strong>Steuerkette, nach 10 Jahren pr\u00fcfen und ggf. ersetzen.<br \/>\n<\/strong><\/li>\n<li>VW Passat 2.8 V6 142 kW = <strong>120 000 Kilometern oder nach maximal 5 Jahren.<\/strong><\/li>\n<li>VW Passat 4.0 W8 202 kW = <strong>Steuerkette, nach 10 Jahren pr\u00fcfen und ggf. ersetzen.<\/strong><\/li>\n<\/ul>\n<h2><strong>Diesel-Varianten, die zwischen 1996 und 2005 produziert wurden<br \/>\n<\/strong><\/h2>\n<ul>\n<li>VW Passat 1.9 TDI alle Varianten = <strong>90 000 Kilometer. Keine H\u00f6chstzahl von Jahren. Es werden maximal 10 Jahre empfohlen.<\/strong><\/li>\n<li>VW Passat 2.5 TDI alle Varianten = <strong>120 000 Kilometer. Keine H\u00f6chstzahl von Jahren. Es werden maximal 10 Jahre empfohlen.<\/strong><\/li>\n<\/ul>\n<h2><strong>Benzin<\/strong> <strong>zwischen 2005 und 2010 produzierte Varianten<br \/>\n<\/strong><\/h2>\n<ul>\n<li>W Passat 1.6 i 75 kW = <strong>120 000 Kilometern oder nach maximal 5 Jahren. (kein einheitliches Intervall angegeben, Ihre Garage ist f\u00fchrend)<\/strong><\/li>\n<li>VW Passat 1.4 TSI 90 und 110 kW = <strong>Steuerkette, nach 10 Jahren pr\u00fcfen und ggf. ersetzen.<br \/>\n<\/strong><\/li>\n<li>VW Passat 1.6 FSI 85 kW = <strong>Steuerkette, nach 10 Jahren pr\u00fcfen und ggf. ersetzen.<br \/>\n<\/strong><\/li>\n<li>VW Passat 2.0 FSI alle Varianten = <strong>180 000 Kilometern. Keine H\u00f6chstzahl von Jahren vorgeschrieben. 10 Jahre empfohlen<\/strong><\/li>\n<li>VW Passat 3.2 FSI 184 kW = <strong>Steuerkette, nach 10 Jahren pr\u00fcfen und ggf. ersetzen.<br \/>\n<\/strong><\/li>\n<li>VW Passat 3.6 R36 220 kW = <strong>Steuerkette, nach 10 Jahren pr\u00fcfen und ggf. ersetzen.<\/strong><\/li>\n<\/ul>\n<h2><strong>Diesel-Varianten, die zwischen 2005 und 2010 produziert wurden<\/strong><\/h2>\n<ul>\n<li>VW Passat 1.9 TDI 77 kW = <strong>120 000 Kilometern. Keine H\u00f6chstzahl von Jahren. Es werden maximal 10 Jahre empfohlen.\u00a0<\/strong><\/li>\n<li>VW Passat 1.6 TDI 77 kW = <strong>210 000 Kilometern. Keine H\u00f6chstzahl von Jahren. Es werden maximal 10 Jahre empfohlen.<\/strong><\/li>\n<li>VW Passat 2.0 TDI alle Varianten bis 2006 =. <strong>120 000 Kilometern. Keine H\u00f6chstzahl von Jahren. Es werden maximal 10 Jahre empfohlen.<\/strong><\/li>\n<li>VW Passat 2.0 TDI alle Varianten ab 2007 =. <strong>150 000 Kilometern. Keine H\u00f6chstzahl von Jahren. Es werden maximal 10 Jahre empfohlen.<\/strong><\/li>\n<\/ul>\n<h2><strong>Benzin<\/strong> <strong>zwischen 2010 und 2014 produzierte Varianten<\/strong><\/h2>\n<ul>\n<li>VW Passat 1.4 TSI alle Varianten = <strong>Steuerkette, nach 10 Jahren pr\u00fcfen und ggf. ersetzen.<br \/>\n<\/strong><\/li>\n<li>VW Passat 1.8 TSI alle Varianten = <strong>Steuerkette, nach 10 Jahren pr\u00fcfen und ggf. ersetzen.<br \/>\n<\/strong><\/li>\n<li>VW Passat 2.0 TSI alle Varianten = <strong>Steuerkette, nach 10 Jahren pr\u00fcfen und ggf. ersetzen.<br \/>\n<\/strong><\/li>\n<li>VW Passat 3.6 FSI 220 kW = <strong>Steuerkette, nach 10 Jahren pr\u00fcfen und ggf. ersetzen.<\/strong><\/li>\n<\/ul>\n<h2><strong>Diesel-Varianten, die zwischen 2010 und 2014 produziert wurden<\/strong><\/h2>\n<ul>\n<li>VW Passat 1.6 TDI 77 kW = <strong>210 000 Kilometern. Keine H\u00f6chstzahl von Jahren. Es werden maximal 10 Jahre empfohlen.<\/strong><\/li>\n<li>VW Passat 2.0 TDI alle Varianten =\u00a0<strong>210 000 Kilometern. Keine H\u00f6chstzahl von Jahren. Es werden maximal 10 Jahre empfohlen.<\/strong><\/li>\n<\/ul>\n<h2><strong>Benzin<\/strong> <strong>ab 2014 produzierte Varianten -<\/strong><\/h2>\n<ul>\n<li>VW Passat 1.4 TSI alle Varianten = <strong>120 000 Kilometern oder nach maximal 5 Jahren. (kein einheitliches Intervall angegeben, Ihre Garage ist f\u00fchrend)<\/strong><strong><br \/>\n<\/strong><\/li>\n<li>VW Passat 1.8 TSI alle Varianten = <strong>Steuerkette, nach 10 Jahren pr\u00fcfen und ggf. ersetzen.<br \/>\n<\/strong><\/li>\n<li>VW Passat 2.0 TSI alle Varianten = <strong>Steuerkette, nach 10 Jahren pr\u00fcfen und ggf. ersetzen.<br \/>\n<\/strong><\/li>\n<\/ul>\n<h2><b>Diesel<\/b>\u00a0<strong>ab 2014 produzierte Varianten -<\/strong><\/h2>\n<ul>\n<li>VW Passat 1.6 TDI 88 kW = <strong>210 000 Kilometern. Keine H\u00f6chstzahl von Jahren. Es werden maximal 10 Jahre empfohlen.<\/strong><\/li>\n<li>VW Passat 2.0 TDI alle Varianten = <strong>210 000 Kilometern. Keine H\u00f6chstzahl von Jahren. Es werden maximal 10 Jahre empfohlen.<\/strong><\/li>\n<\/ul>\n<p>[\/et_pb_text][\/et_pb_column][\/et_pb_row][\/et_pb_section].<\/p>","protected":false},"excerpt":{"rendered":"<p>Wann muss der VW Passat Zahnriemen gewechselt werden Der VW (Volkswagen) Passat ist ein beliebtes Mittelklassefahrzeug von VW, das seit 1980 produziert wird. Dieses Modell gibt es sowohl mit Benzin- als auch mit Dieselmotoren. Nachfolgend finden Sie eine \u00dcbersicht \u00fcber die Zahnriemenwechselintervalle seit 1996. Wenn Sie nicht wissen, welchen Motor Ihr Auto hat, k\u00f6nnen Sie [...] unten.<\/p>","protected":false},"author":1,"featured_media":0,"parent":0,"menu_order":0,"comment_status":"closed","ping_status":"closed","template":"","meta":{"_et_pb_use_builder":"on","_et_pb_old_content":"","_et_gb_content_width":"","footnotes":""},"class_list":["post-486","page","type-page","status-publish","hentry"],"yoast_head":"<!-- This site is optimized with the Yoast SEO plugin v27.3 - https:\/\/yoast.com\/product\/yoast-seo-wordpress\/ -->\n<title>Wanneer distributieriem vervangen VW Passat? Alle intervallen<\/title>\n<meta name=\"description\" content=\"Wanneer distributieriem vervangen VW Volkswagen Passat? Alle intervallen, zowel benzine als diesel. o.a. 1.4 1.6 1.8 1.9 2.0 2.8 3.2 3.6 4.0 TDI TSI FSI W8\" \/>\n<meta name=\"robots\" content=\"index, follow, max-snippet:-1, max-image-preview:large, max-video-preview:-1\" \/>\n<link rel=\"canonical\" href=\"https:\/\/autobaak.nl\/de\/vw-volkswagen-passat\/\" \/>\n<meta property=\"og:locale\" content=\"de_DE\" \/>\n<meta property=\"og:type\" content=\"article\" \/>\n<meta property=\"og:title\" content=\"Wanneer distributieriem vervangen VW Passat? Alle intervallen\" \/>\n<meta property=\"og:description\" content=\"Wanneer distributieriem vervangen VW Volkswagen Passat? Alle intervallen, zowel benzine als diesel. o.a. 1.4 1.6 1.8 1.9 2.0 2.8 3.2 3.6 4.0 TDI TSI FSI W8\" \/>\n<meta property=\"og:url\" content=\"https:\/\/autobaak.nl\/de\/vw-volkswagen-passat\/\" \/>\n<meta property=\"og:site_name\" content=\"Autobaak.nl\" \/>\n<meta property=\"article:modified_time\" content=\"2022-01-30T12:29:20+00:00\" \/>\n<meta name=\"twitter:card\" content=\"summary_large_image\" \/>\n<meta name=\"twitter:label1\" content=\"Gesch\u00e4tzte Lesezeit\" \/>\n\t<meta name=\"twitter:data1\" content=\"4\u00a0Minuten\" \/>\n<script type=\"application\/ld+json\" class=\"yoast-schema-graph\">{\"@context\":\"https:\\\/\\\/schema.org\",\"@graph\":[{\"@type\":\"WebPage\",\"@id\":\"https:\\\/\\\/autobaak.nl\\\/en\\\/vw-volkswagen-passat\\\/\",\"url\":\"https:\\\/\\\/autobaak.nl\\\/en\\\/vw-volkswagen-passat\\\/\",\"name\":\"Wanneer distributieriem vervangen VW Passat? Alle intervallen\",\"isPartOf\":{\"@id\":\"https:\\\/\\\/autobaak.nl\\\/#website\"},\"datePublished\":\"2017-09-24T20:53:50+00:00\",\"dateModified\":\"2022-01-30T12:29:20+00:00\",\"description\":\"Wanneer distributieriem vervangen VW Volkswagen Passat? Alle intervallen, zowel benzine als diesel. o.a. 1.4 1.6 1.8 1.9 2.0 2.8 3.2 3.6 4.0 TDI TSI FSI W8\",\"breadcrumb\":{\"@id\":\"https:\\\/\\\/autobaak.nl\\\/en\\\/vw-volkswagen-passat\\\/#breadcrumb\"},\"inLanguage\":\"de\",\"potentialAction\":[{\"@type\":\"ReadAction\",\"target\":[\"https:\\\/\\\/autobaak.nl\\\/en\\\/vw-volkswagen-passat\\\/\"]}]},{\"@type\":\"BreadcrumbList\",\"@id\":\"https:\\\/\\\/autobaak.nl\\\/en\\\/vw-volkswagen-passat\\\/#breadcrumb\",\"itemListElement\":[{\"@type\":\"ListItem\",\"position\":1,\"name\":\"Home\",\"item\":\"https:\\\/\\\/autobaak.nl\\\/\"},{\"@type\":\"ListItem\",\"position\":2,\"name\":\"VW Volkswagen Passat\"}]},{\"@type\":\"WebSite\",\"@id\":\"https:\\\/\\\/autobaak.nl\\\/#website\",\"url\":\"https:\\\/\\\/autobaak.nl\\\/\",\"name\":\"Autobaak.nl\",\"description\":\"Cars &amp; Racing\",\"potentialAction\":[{\"@type\":\"SearchAction\",\"target\":{\"@type\":\"EntryPoint\",\"urlTemplate\":\"https:\\\/\\\/autobaak.nl\\\/?s={search_term_string}\"},\"query-input\":{\"@type\":\"PropertyValueSpecification\",\"valueRequired\":true,\"valueName\":\"search_term_string\"}}],\"inLanguage\":\"de\"}]}<\/script>\n<!-- \/ Yoast SEO plugin. -->","yoast_head_json":{"title":"Wann ist ein Zahnriemen in einem VW Passat zu wechseln? Alle Intervalle","description":"Wann ist ein Zahnriemenwechsel beim VW Volkswagen Passat erforderlich? Alle Intervalle, sowohl Benzin als auch Diesel. z.B. 1,4 1,6 1,8 1,9 2,0 2,8 3,2 3,6 4,0 TDI TSI FSI W8","robots":{"index":"index","follow":"follow","max-snippet":"max-snippet:-1","max-image-preview":"max-image-preview:large","max-video-preview":"max-video-preview:-1"},"canonical":"https:\/\/autobaak.nl\/de\/vw-volkswagen-passat\/","og_locale":"de_DE","og_type":"article","og_title":"Wanneer distributieriem vervangen VW Passat? Alle intervallen","og_description":"Wanneer distributieriem vervangen VW Volkswagen Passat? Alle intervallen, zowel benzine als diesel. o.a. 1.4 1.6 1.8 1.9 2.0 2.8 3.2 3.6 4.0 TDI TSI FSI W8","og_url":"https:\/\/autobaak.nl\/de\/vw-volkswagen-passat\/","og_site_name":"Autobaak.nl","article_modified_time":"2022-01-30T12:29:20+00:00","twitter_card":"summary_large_image","twitter_misc":{"Gesch\u00e4tzte Lesezeit":"4\u00a0Minuten"},"schema":{"@context":"https:\/\/schema.org","@graph":[{"@type":"WebPage","@id":"https:\/\/autobaak.nl\/en\/vw-volkswagen-passat\/","url":"https:\/\/autobaak.nl\/en\/vw-volkswagen-passat\/","name":"Wann ist ein Zahnriemen in einem VW Passat zu wechseln? Alle Intervalle","isPartOf":{"@id":"https:\/\/autobaak.nl\/#website"},"datePublished":"2017-09-24T20:53:50+00:00","dateModified":"2022-01-30T12:29:20+00:00","description":"Wann ist ein Zahnriemenwechsel beim VW Volkswagen Passat erforderlich? Alle Intervalle, sowohl Benzin als auch Diesel. z.B. 1,4 1,6 1,8 1,9 2,0 2,8 3,2 3,6 4,0 TDI TSI FSI W8","breadcrumb":{"@id":"https:\/\/autobaak.nl\/en\/vw-volkswagen-passat\/#breadcrumb"},"inLanguage":"de","potentialAction":[{"@type":"ReadAction","target":["https:\/\/autobaak.nl\/en\/vw-volkswagen-passat\/"]}]},{"@type":"BreadcrumbList","@id":"https:\/\/autobaak.nl\/en\/vw-volkswagen-passat\/#breadcrumb","itemListElement":[{"@type":"ListItem","position":1,"name":"Home","item":"https:\/\/autobaak.nl\/"},{"@type":"ListItem","position":2,"name":"VW Volkswagen Passat"}]},{"@type":"WebSite","@id":"https:\/\/autobaak.nl\/#website","url":"https:\/\/autobaak.nl\/","name":"Autobook.de","description":"Autos &amp; Rennsport","potentialAction":[{"@type":"SearchAction","target":{"@type":"EntryPoint","urlTemplate":"https:\/\/autobaak.nl\/?s={search_term_string}"},"query-input":{"@type":"PropertyValueSpecification","valueRequired":true,"valueName":"search_term_string"}}],"inLanguage":"de"}]}},"_links":{"self":[{"href":"https:\/\/autobaak.nl\/de\/wp-json\/wp\/v2\/pages\/486","targetHints":{"allow":["GET"]}}],"collection":[{"href":"https:\/\/autobaak.nl\/de\/wp-json\/wp\/v2\/pages"}],"about":[{"href":"https:\/\/autobaak.nl\/de\/wp-json\/wp\/v2\/types\/page"}],"author":[{"embeddable":true,"href":"https:\/\/autobaak.nl\/de\/wp-json\/wp\/v2\/users\/1"}],"replies":[{"embeddable":true,"href":"https:\/\/autobaak.nl\/de\/wp-json\/wp\/v2\/comments?post=486"}],"version-history":[{"count":0,"href":"https:\/\/autobaak.nl\/de\/wp-json\/wp\/v2\/pages\/486\/revisions"}],"wp:attachment":[{"href":"https:\/\/autobaak.nl\/de\/wp-json\/wp\/v2\/media?parent=486"}],"curies":[{"name":"wp","href":"https:\/\/api.w.org\/{rel}","templated":true}]}}