{"id":523,"date":"2017-09-28T07:21:40","date_gmt":"2017-09-28T07:21:40","guid":{"rendered":"https:\/\/autobaak.nl\/?page_id=523"},"modified":"2022-05-17T08:18:27","modified_gmt":"2022-05-17T06:18:27","slug":"vw-volkswagen-up","status":"publish","type":"page","link":"https:\/\/autobaak.nl\/de\/vw-volkswagen-up\/","title":{"rendered":"VW Volkswagen UP"},"content":{"rendered":"<p>[et_pb_section fb_built=\"1\u2033 custom_padding_last_edited=\"on|desktop\" _builder_version=\"4.16\u2033 background_color=\"#0c71c3\u2033 custom_padding_tablet=\"50px|0|50px|0\u2033 custom_padding_phone=\"\" transparent_background=\"off\" padding_mobile=\"off\" make_fullwidth=\"off\" use_custom_width=\"off\" width_unit=\"on\" global_colors_info=\"{}\"][et_pb_row _builder_version=\"4.16\u2033 background_size=\"initial\" background_position=\"top_left\" background_repeat=\"repeat\" global_colors_info=\"{}\"][et_pb_column type=\"4_4\u2033 _builder_version=\"4.16\u2033 custom_padding=\"|||\" global_colors_info=\"{}\" custom_padding__hover=\"|||\"][et_pb_text _builder_version=\"4.16\u2033 background_size=\"initial\" background_position=\"top_left\" background_repeat=\"repeat\" text_orientation=\"centre\" background_layout=\"dark\" module_alignment=\"centre\" use_border_color=\"off\" border_color=\"#ffffff\" border_style=\"solid\" global_colors_info=\"{}\"]<\/p>\n<h1 style=\"text-align: center;\">Wann ist ein VW UP Zahnriemen zu wechseln?<\/h1>\n<p>[\/et_pb_text][\/et_pb_column][\/et_pb_row][\/et_pb_section][et_pb_section fb_built=\"1\u2033 _builder_version=\"4.0.7\u2033 inner_width_tablet=\"50px\" inner_max_width_tablet=\"50px\" custom_margin=\"||-40px|\" custom_padding=\"2px||0px||false|false\" z_index_tablet=\"500\u2033 box_shadow_horizontal_tablet=\"0px\" box_shadow_vertical_tablet=\"0px\" box_shadow_blur_tablet=\"40px\" box_shadow_spread_tablet=\"0px\" global_module=\"1614\u2033 global_colors_info=\"{}\"][\/et_pb_section][et_pb_section fb_built=\"1\u2033 _builder_version=\"4.16\u2033 global_colours_info=\"{}\"][et_pb_row column_structure=\"2_3,1_3\u2033 _builder_version=\"4.16\u2033 background_size=\"initial\" background_position=\"top_left\" background_repeat=\"repeat\" global_colors_info=\"{}\"][et_pb_column type=\"2_3\u2033 _builder_version=\"4.16\u2033 custom_padding=\"|||\" global_colors_info=\"{}\" custom_padding__hover=\"|||\"][et_pb_text _builder_version=\"4.16\u2033 background_size=\"initial\" background_position=\"top_left\" background_repeat=\"repeat\" use_border_color=\"off\" border_color=\"#ffffff\" border_style=\"solid\" global_colors_info=\"{}\"]<\/p>\n<p>\nDer VW (Volkswagen) UP ist das kleinste Modell von VW, das seit 2011 produziert wird. Dieses Modell ist nur mit Benzinmotoren erh\u00e4ltlich. Nachfolgend finden Sie eine \u00dcbersicht \u00fcber die Wechselintervalle des Zahnriemens. Wenn Sie nicht wissen, welchen Motor Ihr Auto hat, k\u00f6nnen Sie unten das Kennzeichen eingeben.<\/p>\n<p>[open_rdw_check \"marke\" \"handelsname\" \"fahrzeugtyp\" \"kraftstoff_beschreibung\" \"anzahl_zylinder\" \"hubraum\" \"expiry_apk\"]<br \/>\n[\/et_pb_text][et_pb_text _builder_version=\"4.17.4\u2033 background_size=\"initial\" background_position=\"top_left\" background_repeat=\"repeat\" hover_enabled=\"0\u2033 use_border_color=\"off\" border_color=\"#ffffff\" border_style=\"solid\" global_colors_info=\"{}\" sticky_enabled=\"0\u2033]<\/p>\n<h2><strong>Benzin<\/strong> <strong>ab 2011 produzierte Varianten -<br \/><\/strong><\/h2>\n<ul>\n<li>VW UP 1.0 i alle Varianten = <b>Kein einheitliches Intervall. Bei 120 000 Kilometern pr\u00fcfen und bei Bedarf nach 240 000 Kilometern und bis zu 10 Jahren ersetzen.\u00a0<\/b><\/li>\n<\/ul>\n<h3>Mehr Informationen \u00fcber den VW Up?<\/h3>\n<p>VW Up Wartung, was ist damit verbunden? Bei einem Stadtauto wie dem VW Up ist es durchaus sinnvoll, das Fahrzeug regelm\u00e4\u00dfig zu \u00fcberpr\u00fcfen und zu warten. Um das Fahrzeug in einem bestm\u00f6glichen technischen Zustand zu halten, hat Volkswagen f\u00fcr den VW Up ein Wartungsprogramm entwickelt, das die Wartungsintervalle genau definiert, in denen das Fahrzeug \u00fcberpr\u00fcft werden muss. Auf <a href=\"https:\/\/autobaak.nl\/de\/vw-up-wartungstipps-und-intervalle\/\">diese Seite<\/a> Ein \u00dcberblick mit wertvollen Tipps f\u00fcr alle VW-Up-Fahrer.<\/p>\n<h3>Wechsel des Motor\u00f6ls VW Up!<\/h3>\n<p><span>Suche nach <a href=\"https:\/\/autobaak.nl\/de\/motorol-volkswagen-up\/\">Motoren\u00f6l<\/a> f\u00fcr den (VW) Volkswagen Up? Abgerufen von <a href=\"https:\/\/autobaak.nl\/de\/motorol-volkswagen-up\/\">diese Seite<\/a> eine \u00dcbersicht \u00fcber alle Modelle, das entsprechende Motor\u00f6l und dessen Inhaltsstoffe.\u00a0<\/span><\/p>\n<p>[\/et_pb_text][\/et_pb_column][et_pb_column type=\"1_3\u2033 _builder_version=\"4.16\u2033 custom_padding=\"|||\" global_colors_info=\"{}\" custom_padding__hover=\"|||\"][et_pb_code _builder_version=\"4.9.10\u2033 text_orientation=\"centre\" z_index_tablet=\"500\u2033 global_module=\"1602\u2033 saved_tabs=\"all\" global_colors_info=\"{}\"]<a href=\"https:\/\/www.carpardoo.nl\/cgi-php\/ersatzteile.cgi?tt=29059_1622525_390195_&#038;r=\" target=\"_blank\" rel=\"sponsored nofollow noopener\"><img loading=\"lazy\" decoding=\"async\" src=\"https:\/\/ti.tradetracker.net\/?c=29059&#038;m=1622525&#038;a=390195&#038;r=&#038;t=html\" width=\"120\" height=\"600\" border=\"0\" alt=\"\" \/><\/a>[\/et_pb_code][\/et_pb_column][\/et_pb_row][\/et_pb_section].<\/p>","protected":false},"excerpt":{"rendered":"<p>Wann ist der Zahnriemen zu wechseln VW UP Der VW (Volkswagen) UP ist der kleinste Spross von VW, der ab 2011 produziert wird. Dieses Modell ist nur mit Benzinmotoren erh\u00e4ltlich. Nachfolgend finden Sie eine \u00dcbersicht \u00fcber das Wechselintervall des Zahnriemens. Wenn Sie nicht wissen, welchen Motor Ihr Auto hat, k\u00f6nnen Sie unten das amtliche Kennzeichen eingeben. [open_rdw_check \"Marke\" \"Handelsname\" [...].<\/p>","protected":false},"author":1,"featured_media":0,"parent":0,"menu_order":0,"comment_status":"closed","ping_status":"closed","template":"","meta":{"_et_pb_use_builder":"on","_et_pb_old_content":"","_et_gb_content_width":"","footnotes":""},"class_list":["post-523","page","type-page","status-publish","hentry"],"yoast_head":"<!-- This site is optimized with the Yoast SEO plugin v27.3 - https:\/\/yoast.com\/product\/yoast-seo-wordpress\/ -->\n<title>Wanneer distributieriem vervangen VW Volkswagen UP? Alle intervallen<\/title>\n<meta name=\"description\" content=\"Wanneer distributieriem vervangen VW Volkswagen UP? Alle intervallen. Het kleinste model van VW wordt alleen met een benzine 1.0 motor geleverd\" \/>\n<meta name=\"robots\" content=\"index, follow, max-snippet:-1, max-image-preview:large, max-video-preview:-1\" \/>\n<link rel=\"canonical\" href=\"https:\/\/autobaak.nl\/de\/vw-volkswagen-up\/\" \/>\n<meta property=\"og:locale\" content=\"de_DE\" \/>\n<meta property=\"og:type\" content=\"article\" \/>\n<meta property=\"og:title\" content=\"Wanneer distributieriem vervangen VW Volkswagen UP? Alle intervallen\" \/>\n<meta property=\"og:description\" content=\"Wanneer distributieriem vervangen VW Volkswagen UP? Alle intervallen. Het kleinste model van VW wordt alleen met een benzine 1.0 motor geleverd\" \/>\n<meta property=\"og:url\" content=\"https:\/\/autobaak.nl\/de\/vw-volkswagen-up\/\" \/>\n<meta property=\"og:site_name\" content=\"Autobaak.nl\" \/>\n<meta property=\"article:modified_time\" content=\"2022-05-17T06:18:27+00:00\" \/>\n<meta property=\"og:image\" content=\"https:\/\/ti.tradetracker.net\/?c=29059&m=1622525&a=390195&r=&t=html\" \/>\n<meta name=\"twitter:card\" content=\"summary_large_image\" \/>\n<meta name=\"twitter:label1\" content=\"Gesch\u00e4tzte Lesezeit\" \/>\n\t<meta name=\"twitter:data1\" content=\"3\u00a0Minuten\" \/>\n<script type=\"application\/ld+json\" class=\"yoast-schema-graph\">{\"@context\":\"https:\\\/\\\/schema.org\",\"@graph\":[{\"@type\":\"WebPage\",\"@id\":\"https:\\\/\\\/autobaak.nl\\\/vw-volkswagen-up\\\/\",\"url\":\"https:\\\/\\\/autobaak.nl\\\/vw-volkswagen-up\\\/\",\"name\":\"Wanneer distributieriem vervangen VW Volkswagen UP? Alle intervallen\",\"isPartOf\":{\"@id\":\"https:\\\/\\\/autobaak.nl\\\/#website\"},\"primaryImageOfPage\":{\"@id\":\"https:\\\/\\\/autobaak.nl\\\/vw-volkswagen-up\\\/#primaryimage\"},\"image\":{\"@id\":\"https:\\\/\\\/autobaak.nl\\\/vw-volkswagen-up\\\/#primaryimage\"},\"thumbnailUrl\":\"https:\\\/\\\/ti.tradetracker.net\\\/?c=29059&m=1622525&a=390195&r=&t=html\",\"datePublished\":\"2017-09-28T07:21:40+00:00\",\"dateModified\":\"2022-05-17T06:18:27+00:00\",\"description\":\"Wanneer distributieriem vervangen VW Volkswagen UP? Alle intervallen. Het kleinste model van VW wordt alleen met een benzine 1.0 motor geleverd\",\"breadcrumb\":{\"@id\":\"https:\\\/\\\/autobaak.nl\\\/vw-volkswagen-up\\\/#breadcrumb\"},\"inLanguage\":\"de\",\"potentialAction\":[{\"@type\":\"ReadAction\",\"target\":[\"https:\\\/\\\/autobaak.nl\\\/vw-volkswagen-up\\\/\"]}]},{\"@type\":\"ImageObject\",\"inLanguage\":\"de\",\"@id\":\"https:\\\/\\\/autobaak.nl\\\/vw-volkswagen-up\\\/#primaryimage\",\"url\":\"https:\\\/\\\/ti.tradetracker.net\\\/?c=29059&m=1622525&a=390195&r=&t=html\",\"contentUrl\":\"https:\\\/\\\/ti.tradetracker.net\\\/?c=29059&m=1622525&a=390195&r=&t=html\"},{\"@type\":\"BreadcrumbList\",\"@id\":\"https:\\\/\\\/autobaak.nl\\\/vw-volkswagen-up\\\/#breadcrumb\",\"itemListElement\":[{\"@type\":\"ListItem\",\"position\":1,\"name\":\"Home\",\"item\":\"https:\\\/\\\/autobaak.nl\\\/\"},{\"@type\":\"ListItem\",\"position\":2,\"name\":\"VW Volkswagen UP\"}]},{\"@type\":\"WebSite\",\"@id\":\"https:\\\/\\\/autobaak.nl\\\/#website\",\"url\":\"https:\\\/\\\/autobaak.nl\\\/\",\"name\":\"Autobaak.nl\",\"description\":\"Cars &amp; Racing\",\"potentialAction\":[{\"@type\":\"SearchAction\",\"target\":{\"@type\":\"EntryPoint\",\"urlTemplate\":\"https:\\\/\\\/autobaak.nl\\\/?s={search_term_string}\"},\"query-input\":{\"@type\":\"PropertyValueSpecification\",\"valueRequired\":true,\"valueName\":\"search_term_string\"}}],\"inLanguage\":\"de\"}]}<\/script>\n<!-- \/ Yoast SEO plugin. -->","yoast_head_json":{"title":"Wann ist der Zahnriemen im VW Volkswagen UP zu wechseln? Alle Intervalle","description":"Wann ist der Zahnriemen im VW Volkswagen UP zu wechseln? Alle Intervalle. Das kleinste Modell von VW kommt nur mit einem 1.0 Benzinmotor","robots":{"index":"index","follow":"follow","max-snippet":"max-snippet:-1","max-image-preview":"max-image-preview:large","max-video-preview":"max-video-preview:-1"},"canonical":"https:\/\/autobaak.nl\/de\/vw-volkswagen-up\/","og_locale":"de_DE","og_type":"article","og_title":"Wanneer distributieriem vervangen VW Volkswagen UP? Alle intervallen","og_description":"Wanneer distributieriem vervangen VW Volkswagen UP? Alle intervallen. Het kleinste model van VW wordt alleen met een benzine 1.0 motor geleverd","og_url":"https:\/\/autobaak.nl\/de\/vw-volkswagen-up\/","og_site_name":"Autobaak.nl","article_modified_time":"2022-05-17T06:18:27+00:00","og_image":[{"url":"https:\/\/ti.tradetracker.net\/?c=29059&m=1622525&a=390195&r=&t=html","type":"","width":"","height":""}],"twitter_card":"summary_large_image","twitter_misc":{"Gesch\u00e4tzte Lesezeit":"3\u00a0Minuten"},"schema":{"@context":"https:\/\/schema.org","@graph":[{"@type":"WebPage","@id":"https:\/\/autobaak.nl\/vw-volkswagen-up\/","url":"https:\/\/autobaak.nl\/vw-volkswagen-up\/","name":"Wann ist der Zahnriemen im VW Volkswagen UP zu wechseln? Alle Intervalle","isPartOf":{"@id":"https:\/\/autobaak.nl\/#website"},"primaryImageOfPage":{"@id":"https:\/\/autobaak.nl\/vw-volkswagen-up\/#primaryimage"},"image":{"@id":"https:\/\/autobaak.nl\/vw-volkswagen-up\/#primaryimage"},"thumbnailUrl":"https:\/\/ti.tradetracker.net\/?c=29059&m=1622525&a=390195&r=&t=html","datePublished":"2017-09-28T07:21:40+00:00","dateModified":"2022-05-17T06:18:27+00:00","description":"Wann ist der Zahnriemen im VW Volkswagen UP zu wechseln? Alle Intervalle. Das kleinste Modell von VW kommt nur mit einem 1.0 Benzinmotor","breadcrumb":{"@id":"https:\/\/autobaak.nl\/vw-volkswagen-up\/#breadcrumb"},"inLanguage":"de","potentialAction":[{"@type":"ReadAction","target":["https:\/\/autobaak.nl\/vw-volkswagen-up\/"]}]},{"@type":"ImageObject","inLanguage":"de","@id":"https:\/\/autobaak.nl\/vw-volkswagen-up\/#primaryimage","url":"https:\/\/ti.tradetracker.net\/?c=29059&m=1622525&a=390195&r=&t=html","contentUrl":"https:\/\/ti.tradetracker.net\/?c=29059&m=1622525&a=390195&r=&t=html"},{"@type":"BreadcrumbList","@id":"https:\/\/autobaak.nl\/vw-volkswagen-up\/#breadcrumb","itemListElement":[{"@type":"ListItem","position":1,"name":"Home","item":"https:\/\/autobaak.nl\/"},{"@type":"ListItem","position":2,"name":"VW Volkswagen UP"}]},{"@type":"WebSite","@id":"https:\/\/autobaak.nl\/#website","url":"https:\/\/autobaak.nl\/","name":"Autobook.de","description":"Autos &amp; Rennsport","potentialAction":[{"@type":"SearchAction","target":{"@type":"EntryPoint","urlTemplate":"https:\/\/autobaak.nl\/?s={search_term_string}"},"query-input":{"@type":"PropertyValueSpecification","valueRequired":true,"valueName":"search_term_string"}}],"inLanguage":"de"}]}},"_links":{"self":[{"href":"https:\/\/autobaak.nl\/de\/wp-json\/wp\/v2\/pages\/523","targetHints":{"allow":["GET"]}}],"collection":[{"href":"https:\/\/autobaak.nl\/de\/wp-json\/wp\/v2\/pages"}],"about":[{"href":"https:\/\/autobaak.nl\/de\/wp-json\/wp\/v2\/types\/page"}],"author":[{"embeddable":true,"href":"https:\/\/autobaak.nl\/de\/wp-json\/wp\/v2\/users\/1"}],"replies":[{"embeddable":true,"href":"https:\/\/autobaak.nl\/de\/wp-json\/wp\/v2\/comments?post=523"}],"version-history":[{"count":0,"href":"https:\/\/autobaak.nl\/de\/wp-json\/wp\/v2\/pages\/523\/revisions"}],"wp:attachment":[{"href":"https:\/\/autobaak.nl\/de\/wp-json\/wp\/v2\/media?parent=523"}],"curies":[{"name":"wp","href":"https:\/\/api.w.org\/{rel}","templated":true}]}}