{"id":546,"date":"2017-10-02T19:33:24","date_gmt":"2017-10-02T19:33:24","guid":{"rendered":"https:\/\/autobaak.nl\/?page_id=546"},"modified":"2021-11-11T14:07:57","modified_gmt":"2021-11-11T14:07:57","slug":"alfa-romeo-mito","status":"publish","type":"page","link":"https:\/\/autobaak.nl\/de\/alfa-romeo-mito\/","title":{"rendered":"Alfa Romeo Mito"},"content":{"rendered":"<p>[et_pb_section fb_built=\"1\u2033 custom_padding_last_edited=\"on|desktop\" _builder_version=\"3.22\u2033 background_colour=\"#0c71c3\u2033 custom_padding_tablet=\"50px|0|50px|0\u2033 custom_padding_phone=\"\" transparent_background=\"off\" padding_mobile=\"off\" make_fullwidth=\"off\" use_custom_width=\"off\" width_unit=\"on\"][et_pb_row _builder_version=\"3.25\u2033 background_size=\"initial\" background_position=\"top_left\" background_repeat=\"repeat\"][et_pb_column type=\"4_4\u2033 _builder_version=\"3.25\u2033 custom_padding=\"|||\" custom_padding__hover=\"|||\"][et_pb_text _builder_version=\"3.27.4\u2033 background_size=\"initial\" background_position=\"top_left\" background_repeat=\"repeat\" text_orientation=\"centre\" background_layout=\"dark\" module_alignment=\"centre\" use_border_color=\"off\" border_color=\"#ffffff\" border_style=\"solid\"][et_pb_text _builder_version=\"3.27.<\/p>\n<h1 style=\"text-align: center;\">Wann muss der Alfa Romeo Mito Zahnriemen gewechselt werden?<\/h1>\n<p>[\/et_pb_text][\/et_pb_column][\/et_pb_row][\/et_pb_section][et_pb_section fb_built=\"1\u2033 _builder_version=\"4.0.7\u2033 inner_width_tablet=\"50px\" inner_max_width_tablet=\"50px\" custom_margin=\"||-40px|\" custom_padding=\"2px||0px||false|false\" z_index_tablet=\"500\u2033 box_shadow_horizontal_tablet=\"0px\" box_shadow_vertical_tablet=\"0px\" box_shadow_blur_tablet=\"40px\" box_shadow_spread_tablet=\"0px\" global_module=\"1614\u2033][et_pb_row _builder_version=\"3.25\u2033 background_size=\"initial\" background_position=\"top_left\" background_repeat=\"repeat\"][et_pb_column type=\"4_4\u2033 _builder_version=\"3.25\u2033 custom_padding=\"|||\" custom_padding__hover=\"|||\"][et_pb_code _builder_version=\"4.9.10\u2033 _module_preset=\"default\"]<a href=\"https:\/\/www.kentekenopzoeken.nl\/vinden\/?tt=26880_1192461_390195_&#038;r=\" target=\"_blank\" rel=\"sponsored nofollow noopener\"><img loading=\"lazy\" decoding=\"async\" src=\"https:\/\/ti.tradetracker.net\/?c=26880&#038;m=1192461&#038;a=390195&#038;r=&#038;t=html\" width=\"728\" height=\"90\" border=\"0\" alt=\"\" \/><\/a>[\/et_pb_code][\/et_pb_column][\/et_pb_row][\/et_pb_section][et_pb_section fb_built=\"1\u2033 _builder_version=\"3.22\u2033 custom_padding=\"23px|||||\"][et_pb_row column_structure=\"2_3,1_3\u2033 _builder_version=\"3.25\u2033 background_size=\"initial\" background_position=\"top_left\" background_repeat=\"repeat\"][et_pb_column type=\"2_3\u2033 _builder_version=\"3.25\u2033 custom_padding=\"|||\" custom_padding_hover=\"|||\"][et_pb_text _builder_version=\"3.27.4\u2033 background_size=\"initial\" background_position=\"top_left\" background_repeat=\"repeat\" use_border_colour=\"off\" border_colour=\"#ffffff\" border_style=\"solid\"]<\/p>\n<p>\nDer Alfa Romeo Mito ist das kleinste Modell des italienischen Anbieters, das ab 2008 produziert wird. Dieses Modell ist sowohl mit Benzin- als auch mit Dieselmotoren erh\u00e4ltlich. Nachfolgend finden Sie eine \u00dcbersicht \u00fcber die Zahnriemenwechselintervalle ab 2008. Wenn Sie nicht wissen, welchen Motor Ihr Auto hat, k\u00f6nnen Sie unten das Kennzeichen eingeben.<\/p>\n<p>[open_rdw_check \"marke\" \"handelsname\" \"fahrzeugtyp\" \"kraftstoff_beschreibung\" \"anzahl_zylinder\" \"hubraum\" \"expiry_apk\"]<br \/>\n[\/et_pb_text][et_pb_text _builder_version=\"3.27.4\u2033 background_size=\"initial\" background_position=\"top_left\" background_repeat=\"repeat\" use_border_color=\"off\" border_color=\"#ffffff\" border_style=\"solid\"]<\/p>\n<h2><strong>Benzin<\/strong> <strong>ab 2008 produzierte Varianten<br \/>\n<\/strong><\/h2>\n<ul>\n<li>Alfa Romeo Mito 0.9 alle Varianten = <strong>Steuerkette, nach 10 Jahren pr\u00fcfen und ggf. ersetzen.<\/strong><\/li>\n<li>Alfa Romeo Mito 1.4 51, 57, 70 und 77 kW = <strong>120 000 Kilometer oder nach maximal 5 Jahren. Bei schwerer Belastung sind 60 000 Kilometer vorgeschrieben. \u00a0<\/strong><\/li>\n<li>Alfa Romeo Mito 1.4 Bifeul 88 kW = <strong>120 000 Kilometer oder nach maximal 5 Jahren. \u00a0<\/strong><\/li>\n<li>Alfa Romeo Mito 1.4 TB alle Varianten = <strong>120 000 Kilometer oder nach maximal 5 Jahren. Bei schwerer Belastung sind 60 000 Kilometer vorgeschrieben.<\/strong><strong><br \/>\n<\/strong><\/li>\n<\/ul>\n<h2><strong>Ab 2008 produzierte Diesel-Varianten<br \/>\n<\/strong><\/h2>\n<ul>\n<li>Alfa Romeo Mito 1.3 JTDM alle Varianten = <strong>Steuerkette, nach 10 Jahren pr\u00fcfen und ggf. ersetzen.<\/strong><\/li>\n<li>Alfa Romeo Mito 1.6 JTDM Motorcode X025093 = <strong>140 000 Kilometer oder nach maximal 5 Jahren. Bei schwerer Belastung sind 60 000 Kilometer vorgeschrieben.\u00a0<\/strong><\/li>\n<li>Alfa Romeo Mito 1.6 JTDM Motorcode X025094 = <strong>120 000 Kilometer oder nach maximal 5 Jahren. Bei schwerer Belastung sind 60 000 Kilometer vorgeschrieben.\u00a0<\/strong><\/li>\n<\/ul>\n<p>[\/et_pb_text][\/et_pb_column][et_pb_column type=\"1_3\u2033 _builder_version=\"3.25\u2033 custom_padding=\"|||\" custom_padding__hover=\"|||\"][et_pb_code _builder_version=\"4.9.10\u2033 text_orientation=\"center\" hover_enabled=\"0\u2033 z_index_tablet=\"500\u2033 global_module=\"1602\u2033 saved_tabs=\"all\" sticky_enabled=\"0\u2033]<a href=\"https:\/\/www.carpardoo.nl\/cgi-php\/ersatzteile.cgi?tt=29059_1622525_390195_&amp;r=\" target=\"_blank\" rel=\"sponsored nofollow noopener\"><img loading=\"lazy\" decoding=\"async\" src=\"https:\/\/ti.tradetracker.net\/?c=29059&amp;m=1622525&amp;a=390195&amp;r=&amp;t=html\" width=\"120\" height=\"600\" border=\"0\" alt=\"\" \/><\/a>[\/et_pb_code][\/et_pb_column][\/et_pb_row][\/et_pb_section].<\/p>","protected":false},"excerpt":{"rendered":"<p>Wann ist der Zahnriemen zu wechseln Alfa Romeo Mito Der Alfa Romeo Mito ist das kleinste Modell des italienischen Herstellers, das ab 2008 produziert wird. Dieses Modell gibt es sowohl mit Benzin- als auch mit Dieselmotoren. Nachfolgend finden Sie eine \u00dcbersicht der Zahnriemenwechselintervalle ab 2008. Wenn Sie nicht wissen, welchen Motor Ihr Fahrzeug hat, k\u00f6nnen Sie [...]<\/p>","protected":false},"author":1,"featured_media":0,"parent":0,"menu_order":0,"comment_status":"closed","ping_status":"closed","template":"","meta":{"_et_pb_use_builder":"on","_et_pb_old_content":"","_et_gb_content_width":"","footnotes":""},"class_list":["post-546","page","type-page","status-publish","hentry"],"yoast_head":"<!-- This site is optimized with the Yoast SEO plugin v27.3 - https:\/\/yoast.com\/product\/yoast-seo-wordpress\/ -->\n<title>Wanneer distributieriem vervangen Alfa Romeo Mito? Alle intervallen<\/title>\n<meta name=\"description\" content=\"Wanneer distributieriemen vervangen Alfa Romeo Mito? Alle intervallen, zowel benzine als diesel motoren. o.a 0.9, 1.3, 1.4 1.6 JTDM TwinAir en turbo\" \/>\n<meta name=\"robots\" content=\"index, follow, max-snippet:-1, max-image-preview:large, max-video-preview:-1\" \/>\n<link rel=\"canonical\" href=\"https:\/\/autobaak.nl\/de\/alfa-romeo-mito\/\" \/>\n<meta property=\"og:locale\" content=\"de_DE\" \/>\n<meta property=\"og:type\" content=\"article\" \/>\n<meta property=\"og:title\" content=\"Wanneer distributieriem vervangen Alfa Romeo Mito? Alle intervallen\" \/>\n<meta property=\"og:description\" content=\"Wanneer distributieriemen vervangen Alfa Romeo Mito? Alle intervallen, zowel benzine als diesel motoren. o.a 0.9, 1.3, 1.4 1.6 JTDM TwinAir en turbo\" \/>\n<meta property=\"og:url\" content=\"https:\/\/autobaak.nl\/de\/alfa-romeo-mito\/\" \/>\n<meta property=\"og:site_name\" content=\"Autobaak.nl\" \/>\n<meta property=\"article:modified_time\" content=\"2021-11-11T14:07:57+00:00\" \/>\n<meta property=\"og:image\" content=\"https:\/\/ti.tradetracker.net\/?c=26880&m=1192461&a=390195&r=&t=html\" \/>\n<meta name=\"twitter:card\" content=\"summary_large_image\" \/>\n<meta name=\"twitter:label1\" content=\"Gesch\u00e4tzte Lesezeit\" \/>\n\t<meta name=\"twitter:data1\" content=\"3\u00a0Minuten\" \/>\n<script type=\"application\/ld+json\" class=\"yoast-schema-graph\">{\"@context\":\"https:\\\/\\\/schema.org\",\"@graph\":[{\"@type\":\"WebPage\",\"@id\":\"https:\\\/\\\/autobaak.nl\\\/alfa-romeo-mito\\\/\",\"url\":\"https:\\\/\\\/autobaak.nl\\\/alfa-romeo-mito\\\/\",\"name\":\"Wanneer distributieriem vervangen Alfa Romeo Mito? Alle intervallen\",\"isPartOf\":{\"@id\":\"https:\\\/\\\/autobaak.nl\\\/#website\"},\"primaryImageOfPage\":{\"@id\":\"https:\\\/\\\/autobaak.nl\\\/alfa-romeo-mito\\\/#primaryimage\"},\"image\":{\"@id\":\"https:\\\/\\\/autobaak.nl\\\/alfa-romeo-mito\\\/#primaryimage\"},\"thumbnailUrl\":\"https:\\\/\\\/ti.tradetracker.net\\\/?c=26880&m=1192461&a=390195&r=&t=html\",\"datePublished\":\"2017-10-02T19:33:24+00:00\",\"dateModified\":\"2021-11-11T14:07:57+00:00\",\"description\":\"Wanneer distributieriemen vervangen Alfa Romeo Mito? Alle intervallen, zowel benzine als diesel motoren. o.a 0.9, 1.3, 1.4 1.6 JTDM TwinAir en turbo\",\"breadcrumb\":{\"@id\":\"https:\\\/\\\/autobaak.nl\\\/alfa-romeo-mito\\\/#breadcrumb\"},\"inLanguage\":\"de\",\"potentialAction\":[{\"@type\":\"ReadAction\",\"target\":[\"https:\\\/\\\/autobaak.nl\\\/alfa-romeo-mito\\\/\"]}]},{\"@type\":\"ImageObject\",\"inLanguage\":\"de\",\"@id\":\"https:\\\/\\\/autobaak.nl\\\/alfa-romeo-mito\\\/#primaryimage\",\"url\":\"https:\\\/\\\/ti.tradetracker.net\\\/?c=26880&m=1192461&a=390195&r=&t=html\",\"contentUrl\":\"https:\\\/\\\/ti.tradetracker.net\\\/?c=26880&m=1192461&a=390195&r=&t=html\"},{\"@type\":\"BreadcrumbList\",\"@id\":\"https:\\\/\\\/autobaak.nl\\\/alfa-romeo-mito\\\/#breadcrumb\",\"itemListElement\":[{\"@type\":\"ListItem\",\"position\":1,\"name\":\"Home\",\"item\":\"https:\\\/\\\/autobaak.nl\\\/\"},{\"@type\":\"ListItem\",\"position\":2,\"name\":\"Alfa Romeo Mito\"}]},{\"@type\":\"WebSite\",\"@id\":\"https:\\\/\\\/autobaak.nl\\\/#website\",\"url\":\"https:\\\/\\\/autobaak.nl\\\/\",\"name\":\"Autobaak.nl\",\"description\":\"Cars &amp; Racing\",\"potentialAction\":[{\"@type\":\"SearchAction\",\"target\":{\"@type\":\"EntryPoint\",\"urlTemplate\":\"https:\\\/\\\/autobaak.nl\\\/?s={search_term_string}\"},\"query-input\":{\"@type\":\"PropertyValueSpecification\",\"valueRequired\":true,\"valueName\":\"search_term_string\"}}],\"inLanguage\":\"de\"}]}<\/script>\n<!-- \/ Yoast SEO plugin. -->","yoast_head_json":{"title":"Wann ist der Alfa Romeo Mito Zahnriemen zu wechseln? Alle Intervalle","description":"Wann m\u00fcssen die Zahnriemen des Alfa Romeo Mito gewechselt werden? Alle Intervalle, sowohl Benzin- als auch Dieselmotoren. u.a. 0,9, 1,3, 1,4 1,6 JTDM TwinAir und turbo","robots":{"index":"index","follow":"follow","max-snippet":"max-snippet:-1","max-image-preview":"max-image-preview:large","max-video-preview":"max-video-preview:-1"},"canonical":"https:\/\/autobaak.nl\/de\/alfa-romeo-mito\/","og_locale":"de_DE","og_type":"article","og_title":"Wanneer distributieriem vervangen Alfa Romeo Mito? Alle intervallen","og_description":"Wanneer distributieriemen vervangen Alfa Romeo Mito? Alle intervallen, zowel benzine als diesel motoren. o.a 0.9, 1.3, 1.4 1.6 JTDM TwinAir en turbo","og_url":"https:\/\/autobaak.nl\/de\/alfa-romeo-mito\/","og_site_name":"Autobaak.nl","article_modified_time":"2021-11-11T14:07:57+00:00","og_image":[{"url":"https:\/\/ti.tradetracker.net\/?c=26880&m=1192461&a=390195&r=&t=html","type":"","width":"","height":""}],"twitter_card":"summary_large_image","twitter_misc":{"Gesch\u00e4tzte Lesezeit":"3\u00a0Minuten"},"schema":{"@context":"https:\/\/schema.org","@graph":[{"@type":"WebPage","@id":"https:\/\/autobaak.nl\/alfa-romeo-mito\/","url":"https:\/\/autobaak.nl\/alfa-romeo-mito\/","name":"Wann ist der Alfa Romeo Mito Zahnriemen zu wechseln? Alle Intervalle","isPartOf":{"@id":"https:\/\/autobaak.nl\/#website"},"primaryImageOfPage":{"@id":"https:\/\/autobaak.nl\/alfa-romeo-mito\/#primaryimage"},"image":{"@id":"https:\/\/autobaak.nl\/alfa-romeo-mito\/#primaryimage"},"thumbnailUrl":"https:\/\/ti.tradetracker.net\/?c=26880&m=1192461&a=390195&r=&t=html","datePublished":"2017-10-02T19:33:24+00:00","dateModified":"2021-11-11T14:07:57+00:00","description":"Wann m\u00fcssen die Zahnriemen des Alfa Romeo Mito gewechselt werden? Alle Intervalle, sowohl Benzin- als auch Dieselmotoren. u.a. 0,9, 1,3, 1,4 1,6 JTDM TwinAir und turbo","breadcrumb":{"@id":"https:\/\/autobaak.nl\/alfa-romeo-mito\/#breadcrumb"},"inLanguage":"de","potentialAction":[{"@type":"ReadAction","target":["https:\/\/autobaak.nl\/alfa-romeo-mito\/"]}]},{"@type":"ImageObject","inLanguage":"de","@id":"https:\/\/autobaak.nl\/alfa-romeo-mito\/#primaryimage","url":"https:\/\/ti.tradetracker.net\/?c=26880&m=1192461&a=390195&r=&t=html","contentUrl":"https:\/\/ti.tradetracker.net\/?c=26880&m=1192461&a=390195&r=&t=html"},{"@type":"BreadcrumbList","@id":"https:\/\/autobaak.nl\/alfa-romeo-mito\/#breadcrumb","itemListElement":[{"@type":"ListItem","position":1,"name":"Home","item":"https:\/\/autobaak.nl\/"},{"@type":"ListItem","position":2,"name":"Alfa Romeo Mito"}]},{"@type":"WebSite","@id":"https:\/\/autobaak.nl\/#website","url":"https:\/\/autobaak.nl\/","name":"Autobook.de","description":"Autos &amp; Rennsport","potentialAction":[{"@type":"SearchAction","target":{"@type":"EntryPoint","urlTemplate":"https:\/\/autobaak.nl\/?s={search_term_string}"},"query-input":{"@type":"PropertyValueSpecification","valueRequired":true,"valueName":"search_term_string"}}],"inLanguage":"de"}]}},"_links":{"self":[{"href":"https:\/\/autobaak.nl\/de\/wp-json\/wp\/v2\/pages\/546","targetHints":{"allow":["GET"]}}],"collection":[{"href":"https:\/\/autobaak.nl\/de\/wp-json\/wp\/v2\/pages"}],"about":[{"href":"https:\/\/autobaak.nl\/de\/wp-json\/wp\/v2\/types\/page"}],"author":[{"embeddable":true,"href":"https:\/\/autobaak.nl\/de\/wp-json\/wp\/v2\/users\/1"}],"replies":[{"embeddable":true,"href":"https:\/\/autobaak.nl\/de\/wp-json\/wp\/v2\/comments?post=546"}],"version-history":[{"count":0,"href":"https:\/\/autobaak.nl\/de\/wp-json\/wp\/v2\/pages\/546\/revisions"}],"wp:attachment":[{"href":"https:\/\/autobaak.nl\/de\/wp-json\/wp\/v2\/media?parent=546"}],"curies":[{"name":"wp","href":"https:\/\/api.w.org\/{rel}","templated":true}]}}