{"id":554,"date":"2017-10-04T17:32:46","date_gmt":"2017-10-04T17:32:46","guid":{"rendered":"https:\/\/autobaak.nl\/?page_id=554"},"modified":"2020-03-28T20:30:13","modified_gmt":"2020-03-28T20:30:13","slug":"alfa-romeo-156","status":"publish","type":"page","link":"https:\/\/autobaak.nl\/de\/alfa-romeo-156\/","title":{"rendered":"Alfa Romeo 156"},"content":{"rendered":"<p>[et_pb_section fb_built=\"1\u2033 custom_padding_last_edited=\"on|desktop\" _builder_version=\"3.22\u2033 background_colour=\"#0c71c3\u2033 custom_padding_tablet=\"50px|0|50px|0\u2033 custom_padding_phone=\"\" transparent_background=\"off\" padding_mobile=\"off\" make_fullwidth=\"off\" use_custom_width=\"off\" width_unit=\"on\"][et_pb_row _builder_version=\"3.25\u2033 background_size=\"initial\" background_position=\"top_left\" background_repeat=\"repeat\"][et_pb_column type=\"4_4\u2033 _builder_version=\"3.25\u2033 custom_padding=\"|||\" custom_padding__hover=\"|||\"][et_pb_text _builder_version=\"3.27.4\u2033 background_size=\"initial\" background_position=\"top_left\" background_repeat=\"repeat\" text_orientation=\"centre\" background_layout=\"dark\" module_alignment=\"centre\" use_border_color=\"off\" border_color=\"#ffffff\" border_style=\"solid\"][et_pb_text _builder_version=\"3.27.<\/p>\n<h1 style=\"text-align: center;\">Wann ist der Alfa Romeo 156 Zahnriemen zu wechseln?<\/h1>\n<p>[\/et_pb_text][\/et_pb_column][\/et_pb_row][\/et_pb_section][et_pb_section fb_built=\"1\u2033 _builder_version=\"4.0.7\u2033 inner_width_tablet=\"50px\" inner_max_width_tablet=\"50px\" custom_margin=\"||-40px|\" custom_padding=\"2px||0px||false|false\" z_index_tablet=\"500\u2033 box_shadow_horizontal_tablet=\"0px\" box_shadow_vertical_tablet=\"0px\" box_shadow_blur_tablet=\"40px\" box_shadow_spread_tablet=\"0px\" global_module=\"1614\u2033][et_pb_row _builder_version=\"3.25\u2033 background_size=\"initial\" background_position=\"top_left\" background_repeat=\"repeat\"][et_pb_column type=\"4_4\u2033 _builder_version=\"3.25\u2033 custom_padding=\"|||\" custom_padding__hover=\"|||\"][et_pb_image src=\"https:\/\/autobaak.nl\/wp-content\/uploads\/2020\/03\/Copy-of-autobaak-webshop-winterartikelen-voor-de-auto.jpg\" _builder_version=\"4.4.2\u2033 url=\"https:\/\/autobaak.nl\/winkel\/\" url_new_window=\"on\" hover_enabled=\"0\u2033][\/et_pb_image][\/et_pb_column][\/et_pb_row][\/et_pb_section][et_pb_section fb_built=\"1\u2033 _builder_version=\"3.22\u2033][et_pb_row column_structure=\u201d2_3,1_3\u2033 _builder_version=\u201d3.25\u2033 background_size=\"initial\" background_position=\"top_left\" background_repeat=\"repeat\"][et_pb_column type=\"2_3\u2033 _builder_version=\"3.25\u2033 custom_padding=\"|||\" custom_padding__hover=\"|||\"][et_pb_text _builder_version=\"3.27.4\u2033 background_size=\"initial\" background_position=\"top_left\" background_repeat=\"repeat\" use_border_colour=\"off\" border_colour=\"#ffffff\" border_style=\"solid\"]<\/p>\n<p>\nDer Alfa Romeo 156 ist ein beliebter Mittelklassewagen des italienischen Herstellers, der zwischen 1997 und 2005 produziert wurde. Dieses Modell wurde sowohl mit Benzin- als auch mit Dieselmotoren geliefert. Nachfolgend finden Sie eine \u00dcbersicht \u00fcber die Zahnriemenwechselintervalle seit 1997. Wenn Sie nicht wissen, welchen Motor Ihr Auto hat, k\u00f6nnen Sie unten das Kennzeichen eingeben.<\/p>\n<p>[open_rdw_check \"marke\" \"handelsname\" \"fahrzeugtyp\" \"kraftstoff_beschreibung\" \"anzahl_zylinder\" \"hubraum\" \"expiry_apk\"]<br \/>\n[\/et_pb_text][et_pb_text _builder_version=\"3.27.4\u2033 background_size=\"initial\" background_position=\"top_left\" background_repeat=\"repeat\" use_border_color=\"off\" border_color=\"#ffffff\" border_style=\"solid\"]<\/p>\n<h2><strong>Benzin<\/strong> <strong>zwischen 1997 und 2005 hergestellte Varianten<br \/><\/strong><\/h2>\n<ul>\n<li>Alfa Romeo 156 1.6 16v T.Spark 82 und 88 kW =\u00a0<strong>60 000 Kilometer oder nach maximal 5 Jahren. Bei starker Belastung sind 3 Jahre vorgeschrieben.\u00a0<\/strong><\/li>\n<li>Alfa Romeo 156 1.8 16v T.Spark 103 und 106 kW =\u00a0<strong>60 000 Kilometer oder nach maximal 5 Jahren. Bei starker Belastung sind 3 Jahre vorgeschrieben.\u00a0<\/strong><\/li>\n<li>Alfa Romeo 156 2.0 16v T.Spark alle Varianten =\u00a0<strong>60 000 Kilometer oder nach maximal 5 Jahren. Bei starker Belastung sind 3 Jahre vorgeschrieben.\u00a0<\/strong><\/li>\n<li>Alfa Romeo 156 2.5 V6 24V =\u00a0<strong>120 000 Kilometer oder nach maximal 5 Jahren. Bei schwerer Belastung sind 3 Jahre vorgeschrieben.\u00a0<\/strong><\/li>\n<li>Alfa Romeo 156 3.2 GTA 184 kW =\u00a0<strong>120 000 Kilometer oder nach maximal 5 Jahren. Bei schwerer Belastung sind 3 Jahre vorgeschrieben.\u00a0<\/strong><\/li>\n<\/ul>\n<h2><strong>Diesel-Varianten, hergestellt zwischen 1997 und 2005<br \/><\/strong><\/h2>\n<ul>\n<li>Alfa Romeo 156 1.9 JTD alle Varianten =\u00a0<strong>120 000 Kilometer oder nach maximal 5 Jahren. Bei schwerer Belastung sind 3 Jahre vorgeschrieben.\u00a0<\/strong><\/li>\n<li>Alfa Romeo 156 2.4 JTD alle Varianten =\u00a0<strong>120 000 Kilometer oder nach maximal 5 Jahren. Bei schwerer Belastung sind 3 Jahre vorgeschrieben.\u00a0<\/strong><\/li>\n<\/ul>\n<p>[\/et_pb_text][\/et_pb_column][et_pb_column type=\"1_3\u2033 _builder_version=\"3.25\u2033 custom_padding=\"|||\" custom_padding__hover=\"|||\"][et_pb_code _builder_version=\"4.2.2\u2033 text_orientation=\"centre\" z_index_tablet=\"500\u2033 global_module=\"1602\u2033 saved_tabs=\"all\"]<a href=\"https:\/\/lt45.net\/c\/?si=13244&#038;li=1625022&#038;wi=334511&#038;ws=\" rel=\"sponsored noopener noreferrer\" target=\"_blank\"><img decoding=\"async\" src=\"https:\/\/static-dscn.net\/13244\/1625022\/?wi=334511&#038;ws=\" alt=\"\" style=\"max-width:100%; height:auto; border:none;\" \/><\/a>[\/et_pb_code][\/et_pb_column][\/et_pb_row][\/et_pb_section].<\/p>","protected":false},"excerpt":{"rendered":"<p>Wann ist der Zahnriemen zu wechseln Alfa Romeo 156 Der Alfa Romeo 156 ist ein beliebter Mittelklassewagen des italienischen Herstellers, der zwischen 1997 und 2005 produziert wurde. Dieses Modell gab es sowohl mit Benzin- als auch mit Dieselmotoren. Nachfolgend finden Sie eine \u00dcbersicht \u00fcber die Zahnriemenwechselintervalle ab 1997. Wenn Sie nicht wissen, welchen Motor Ihr Auto hat, dann [...]<\/p>","protected":false},"author":1,"featured_media":0,"parent":0,"menu_order":0,"comment_status":"closed","ping_status":"closed","template":"","meta":{"_et_pb_use_builder":"on","_et_pb_old_content":"","_et_gb_content_width":"","footnotes":""},"class_list":["post-554","page","type-page","status-publish","hentry"],"yoast_head":"<!-- This site is optimized with the Yoast SEO plugin v27.3 - https:\/\/yoast.com\/product\/yoast-seo-wordpress\/ -->\n<title>Wanneer distributieriem vervangen Alfa Romeo 156? Alle intervallen<\/title>\n<meta name=\"description\" content=\"Wanneer distributieriem vervangen Alfa Romeo 156? Alle intervallen zowel benzine als diesel. O.a. 1.6, 1.8, 1.9 2.0 2.5 3.2 T.Spark JTD GTA 16v 24v V6\" \/>\n<meta name=\"robots\" content=\"index, follow, max-snippet:-1, max-image-preview:large, max-video-preview:-1\" \/>\n<link rel=\"canonical\" href=\"https:\/\/autobaak.nl\/de\/alfa-romeo-156\/\" \/>\n<meta property=\"og:locale\" content=\"de_DE\" \/>\n<meta property=\"og:type\" content=\"article\" \/>\n<meta property=\"og:title\" content=\"Wanneer distributieriem vervangen Alfa Romeo 156? Alle intervallen\" \/>\n<meta property=\"og:description\" content=\"Wanneer distributieriem vervangen Alfa Romeo 156? Alle intervallen zowel benzine als diesel. O.a. 1.6, 1.8, 1.9 2.0 2.5 3.2 T.Spark JTD GTA 16v 24v V6\" \/>\n<meta property=\"og:url\" content=\"https:\/\/autobaak.nl\/de\/alfa-romeo-156\/\" \/>\n<meta property=\"og:site_name\" content=\"Autobaak.nl\" \/>\n<meta property=\"article:modified_time\" content=\"2020-03-28T20:30:13+00:00\" \/>\n<meta property=\"og:image\" content=\"https:\/\/static-dscn.net\/13244\/1625022\/?wi=334511&ws=\" \/>\n<meta name=\"twitter:card\" content=\"summary_large_image\" \/>\n<meta name=\"twitter:label1\" content=\"Gesch\u00e4tzte Lesezeit\" \/>\n\t<meta name=\"twitter:data1\" content=\"3\u00a0Minuten\" \/>\n<script type=\"application\/ld+json\" class=\"yoast-schema-graph\">{\"@context\":\"https:\\\/\\\/schema.org\",\"@graph\":[{\"@type\":\"WebPage\",\"@id\":\"https:\\\/\\\/autobaak.nl\\\/alfa-romeo-156\\\/\",\"url\":\"https:\\\/\\\/autobaak.nl\\\/alfa-romeo-156\\\/\",\"name\":\"Wanneer distributieriem vervangen Alfa Romeo 156? Alle intervallen\",\"isPartOf\":{\"@id\":\"https:\\\/\\\/autobaak.nl\\\/#website\"},\"primaryImageOfPage\":{\"@id\":\"https:\\\/\\\/autobaak.nl\\\/alfa-romeo-156\\\/#primaryimage\"},\"image\":{\"@id\":\"https:\\\/\\\/autobaak.nl\\\/alfa-romeo-156\\\/#primaryimage\"},\"thumbnailUrl\":\"https:\\\/\\\/static-dscn.net\\\/13244\\\/1625022\\\/?wi=334511&ws=\",\"datePublished\":\"2017-10-04T17:32:46+00:00\",\"dateModified\":\"2020-03-28T20:30:13+00:00\",\"description\":\"Wanneer distributieriem vervangen Alfa Romeo 156? Alle intervallen zowel benzine als diesel. O.a. 1.6, 1.8, 1.9 2.0 2.5 3.2 T.Spark JTD GTA 16v 24v V6\",\"breadcrumb\":{\"@id\":\"https:\\\/\\\/autobaak.nl\\\/alfa-romeo-156\\\/#breadcrumb\"},\"inLanguage\":\"de\",\"potentialAction\":[{\"@type\":\"ReadAction\",\"target\":[\"https:\\\/\\\/autobaak.nl\\\/alfa-romeo-156\\\/\"]}]},{\"@type\":\"ImageObject\",\"inLanguage\":\"de\",\"@id\":\"https:\\\/\\\/autobaak.nl\\\/alfa-romeo-156\\\/#primaryimage\",\"url\":\"https:\\\/\\\/static-dscn.net\\\/13244\\\/1625022\\\/?wi=334511&ws=\",\"contentUrl\":\"https:\\\/\\\/static-dscn.net\\\/13244\\\/1625022\\\/?wi=334511&ws=\"},{\"@type\":\"BreadcrumbList\",\"@id\":\"https:\\\/\\\/autobaak.nl\\\/alfa-romeo-156\\\/#breadcrumb\",\"itemListElement\":[{\"@type\":\"ListItem\",\"position\":1,\"name\":\"Home\",\"item\":\"https:\\\/\\\/autobaak.nl\\\/\"},{\"@type\":\"ListItem\",\"position\":2,\"name\":\"Alfa Romeo 156\"}]},{\"@type\":\"WebSite\",\"@id\":\"https:\\\/\\\/autobaak.nl\\\/#website\",\"url\":\"https:\\\/\\\/autobaak.nl\\\/\",\"name\":\"Autobaak.nl\",\"description\":\"Cars &amp; Racing\",\"potentialAction\":[{\"@type\":\"SearchAction\",\"target\":{\"@type\":\"EntryPoint\",\"urlTemplate\":\"https:\\\/\\\/autobaak.nl\\\/?s={search_term_string}\"},\"query-input\":{\"@type\":\"PropertyValueSpecification\",\"valueRequired\":true,\"valueName\":\"search_term_string\"}}],\"inLanguage\":\"de\"}]}<\/script>\n<!-- \/ Yoast SEO plugin. -->","yoast_head_json":{"title":"Wann ist der Alfa Romeo 156 Zahnriemen zu wechseln? Alle Intervalle","description":"Wann ist der Alfa Romeo 156 Zahnriemen zu wechseln? Alle Intervalle sowohl f\u00fcr Benzin als auch f\u00fcr Diesel. Einschlie\u00dflich 1.6, 1.8, 1.9 2.0 2.5 3.2 T.Spark JTD GTA 16v 24v V6","robots":{"index":"index","follow":"follow","max-snippet":"max-snippet:-1","max-image-preview":"max-image-preview:large","max-video-preview":"max-video-preview:-1"},"canonical":"https:\/\/autobaak.nl\/de\/alfa-romeo-156\/","og_locale":"de_DE","og_type":"article","og_title":"Wanneer distributieriem vervangen Alfa Romeo 156? Alle intervallen","og_description":"Wanneer distributieriem vervangen Alfa Romeo 156? Alle intervallen zowel benzine als diesel. O.a. 1.6, 1.8, 1.9 2.0 2.5 3.2 T.Spark JTD GTA 16v 24v V6","og_url":"https:\/\/autobaak.nl\/de\/alfa-romeo-156\/","og_site_name":"Autobaak.nl","article_modified_time":"2020-03-28T20:30:13+00:00","og_image":[{"url":"https:\/\/static-dscn.net\/13244\/1625022\/?wi=334511&ws=","type":"","width":"","height":""}],"twitter_card":"summary_large_image","twitter_misc":{"Gesch\u00e4tzte Lesezeit":"3\u00a0Minuten"},"schema":{"@context":"https:\/\/schema.org","@graph":[{"@type":"WebPage","@id":"https:\/\/autobaak.nl\/alfa-romeo-156\/","url":"https:\/\/autobaak.nl\/alfa-romeo-156\/","name":"Wann ist der Alfa Romeo 156 Zahnriemen zu wechseln? Alle Intervalle","isPartOf":{"@id":"https:\/\/autobaak.nl\/#website"},"primaryImageOfPage":{"@id":"https:\/\/autobaak.nl\/alfa-romeo-156\/#primaryimage"},"image":{"@id":"https:\/\/autobaak.nl\/alfa-romeo-156\/#primaryimage"},"thumbnailUrl":"https:\/\/static-dscn.net\/13244\/1625022\/?wi=334511&ws=","datePublished":"2017-10-04T17:32:46+00:00","dateModified":"2020-03-28T20:30:13+00:00","description":"Wann ist der Alfa Romeo 156 Zahnriemen zu wechseln? Alle Intervalle sowohl f\u00fcr Benzin als auch f\u00fcr Diesel. Einschlie\u00dflich 1.6, 1.8, 1.9 2.0 2.5 3.2 T.Spark JTD GTA 16v 24v V6","breadcrumb":{"@id":"https:\/\/autobaak.nl\/alfa-romeo-156\/#breadcrumb"},"inLanguage":"de","potentialAction":[{"@type":"ReadAction","target":["https:\/\/autobaak.nl\/alfa-romeo-156\/"]}]},{"@type":"ImageObject","inLanguage":"de","@id":"https:\/\/autobaak.nl\/alfa-romeo-156\/#primaryimage","url":"https:\/\/static-dscn.net\/13244\/1625022\/?wi=334511&ws=","contentUrl":"https:\/\/static-dscn.net\/13244\/1625022\/?wi=334511&ws="},{"@type":"BreadcrumbList","@id":"https:\/\/autobaak.nl\/alfa-romeo-156\/#breadcrumb","itemListElement":[{"@type":"ListItem","position":1,"name":"Home","item":"https:\/\/autobaak.nl\/"},{"@type":"ListItem","position":2,"name":"Alfa Romeo 156"}]},{"@type":"WebSite","@id":"https:\/\/autobaak.nl\/#website","url":"https:\/\/autobaak.nl\/","name":"Autobook.de","description":"Autos &amp; Rennsport","potentialAction":[{"@type":"SearchAction","target":{"@type":"EntryPoint","urlTemplate":"https:\/\/autobaak.nl\/?s={search_term_string}"},"query-input":{"@type":"PropertyValueSpecification","valueRequired":true,"valueName":"search_term_string"}}],"inLanguage":"de"}]}},"_links":{"self":[{"href":"https:\/\/autobaak.nl\/de\/wp-json\/wp\/v2\/pages\/554","targetHints":{"allow":["GET"]}}],"collection":[{"href":"https:\/\/autobaak.nl\/de\/wp-json\/wp\/v2\/pages"}],"about":[{"href":"https:\/\/autobaak.nl\/de\/wp-json\/wp\/v2\/types\/page"}],"author":[{"embeddable":true,"href":"https:\/\/autobaak.nl\/de\/wp-json\/wp\/v2\/users\/1"}],"replies":[{"embeddable":true,"href":"https:\/\/autobaak.nl\/de\/wp-json\/wp\/v2\/comments?post=554"}],"version-history":[{"count":0,"href":"https:\/\/autobaak.nl\/de\/wp-json\/wp\/v2\/pages\/554\/revisions"}],"wp:attachment":[{"href":"https:\/\/autobaak.nl\/de\/wp-json\/wp\/v2\/media?parent=554"}],"curies":[{"name":"wp","href":"https:\/\/api.w.org\/{rel}","templated":true}]}}