{"id":564,"date":"2017-10-08T09:39:55","date_gmt":"2017-10-08T09:39:55","guid":{"rendered":"https:\/\/autobaak.nl\/?page_id=564"},"modified":"2020-01-27T16:22:57","modified_gmt":"2020-01-27T16:22:57","slug":"alfa-romeo-giulietta","status":"publish","type":"page","link":"https:\/\/autobaak.nl\/de\/alfa-romeo-giulietta\/","title":{"rendered":"Alfa Romeo Giulietta"},"content":{"rendered":"<p>[et_pb_section fb_built=\"1\u2033 custom_padding_last_edited=\"on|desktop\" _builder_version=\"3.22\u2033 background_colour=\"#0c71c3\u2033 custom_padding_tablet=\"50px|0|50px|0\u2033 custom_padding_phone=\"\" transparent_background=\"off\" padding_mobile=\"off\" make_fullwidth=\"off\" use_custom_width=\"off\" width_unit=\"on\"][et_pb_row _builder_version=\"3.25\u2033 background_size=\"initial\" background_position=\"top_left\" background_repeat=\"repeat\"][et_pb_column type=\"4_4\u2033 _builder_version=\"3.25\u2033 custom_padding=\"|||\" custom_padding__hover=\"|||\"][et_pb_text _builder_version=\"3.27.4\u2033 background_size=\"initial\" background_position=\"top_left\" background_repeat=\"repeat\" text_orientation=\"centre\" background_layout=\"dark\" module_alignment=\"centre\" use_border_color=\"off\" border_color=\"#ffffff\" border_style=\"solid\"][et_pb_text _builder_version=\"3.27.<\/p>\n<h1 style=\"text-align: center;\">Wann ist der Zahnriemen der Alfa Romeo Giulietta zu wechseln?<\/h1>\n<p>[\/et_pb_text][\/et_pb_column][\/et_pb_row][\/et_pb_section][et_pb_section fb_built=\"1\u2033 _builder_version=\"4.0.7\u2033 inner_width_tablet=\"50px\" inner_max_width_tablet=\"50px\" custom_margin=\"||-40px|\" custom_padding=\"2px||0px||false|false\" z_index_tablet=\"500\u2033 box_shadow_horizontal_tablet=\"0px\" box_shadow_vertical_tablet=\"0px\" box_shadow_blur_tablet=\"40px\" box_shadow_spread_tablet=\"0px\" global_module=\"1614\u2033][et_pb_row column_structure=\"2_5,3_5\u2033 _builder_version=\"3.25\u2033 background_size=\"initial\" background_position=\"top_left\" background_repeat=\"repeat\"][et_pb_column type=\"2_5\u2033 _builder_version=\"3.25\u2033 custom_padding=\"|||\" custom_padding__hover=\"|||\"][et_pb_code _builder_version=\"4.0.8\u2033]<a href=\"https:\/\/ndt5.net\/c\/?si=13983&#038;li=1608911&#038;wi=334511&#038;ws=\" rel=\"sponsored noopener noreferrer\" target=\"_blank\"><img decoding=\"async\" src=\"https:\/\/static-dscn.net\/13983\/1608911\/?wi=334511&#038;ws=\" alt=\"\" style=\"max-width:100%; height:auto; border:none;\" \/><\/a>[\/et_pb_code][\/et_pb_column][et_pb_column type=\"3_5\u2033 _builder_version=\"3.25\u2033 custom_padding=\"|||\" custom_padding__hover=\"|||\"][et_pb_code _builder_version=\"4.0.8\u2033]<iframe loading=\"lazy\" style=\"overflow: hidden; border: none\" src=\"https:\/\/html.dt51.net\/12298\/1549998\/?wi=334511&#038;ws=\" width=\"728\" height=\"90\" frameborder=\"0\" marginwidth=\"0\" marginheight=\"0\" scrolling=\"no\"><\/iframe>[\/et_pb_code][\/et_pb_column][\/et_pb_row][\/et_pb_section][et_pb_section fb_built=\"1\u2033 _builder_version=\"3.22\u2033][et_pb_row column_structure=\"2_3,1_3\u2033 _builder_version=\"3.25\u2033 background_size=\"initial\" background_position=\"top_left\" background_repeat=\"repeat\"][et_pb_column type=\"2_3\u2033 _builder_version=\"3.25\u2033 custom_padding=\"|||\" custom_padding__hover=\"|||\"][et_pb_text _builder_version=\"3.27.4\u2033 background_size=\"initial\" background_position=\"top_left\" background_repeat=\"repeat\" use_border_color=\"off\" border_color=\"#ffffff\" border_style=\"solid\"]<\/p>\n<p>\nDie Alfa Romeo Giulietta ist ein kompakter Mittelklassewagen des italienischen Herstellers, der erstmals 1978 produziert wurde. Nach einer Zeit der Abwesenheit wurde die Giulietta im Jahr 2010 wiederbelebt.  Dieses Modell wurde sowohl mit Benzin- als auch mit Dieselmotoren geliefert. Nachfolgend finden Sie eine \u00dcbersicht \u00fcber die Zahnriemenwechselintervalle ab 2010. Wenn Sie nicht wissen, welchen Motor Ihr Fahrzeug hat, k\u00f6nnen Sie unten das Kennzeichen eingeben.<\/p>\n<p>[open_rdw_check \"marke\" \"handelsname\" \"fahrzeugtyp\" \"kraftstoff_beschreibung\" \"anzahl_zylinder\" \"hubraum\" \"expiry_apk\"]<br \/>\n[\/et_pb_text][et_pb_text _builder_version=\"3.27.4\u2033 background_size=\"initial\" background_position=\"top_left\" background_repeat=\"repeat\" use_border_color=\"off\" border_color=\"#ffffff\" border_style=\"solid\"]<\/p>\n<h2><strong>Benzin<\/strong> <strong>ab 2010 produzierte Varianten -<br \/><\/strong><\/h2>\n<ul>\n<li>Alfa Romeo Giulietta 1.4 TB und BiFeul alle Varianten =\u00a0<strong>120 000 Kilometer oder nach maximal 5 Jahren. Bei schwerer Belastung sind 3 Jahre und maximal 60 000 Kilometer vorgeschrieben.\u00a0<\/strong><\/li>\n<li>Alfa Romeo Giulietta 1.8 TBi 173 und 177 kW =\u00a0<strong>120 000 Kilometer oder nach maximal 5 Jahren. Bei schwerer Belastung sind 3 Jahre und maximal 60 000 Kilometer vorgeschrieben.\u00a0<\/strong><\/li>\n<\/ul>\n<h2><strong>Diesel-Varianten produziert ab 2010 -<br \/><\/strong><\/h2>\n<ul>\n<li>Alfa Romeo Giulietta 1.6 JTDM 77 kW =\u00a0<strong>120 000 Kilometer oder nach maximal 5 Jahren. Bei schwerer Belastung sind 3 Jahre vorgeschrieben.\u00a0<\/strong><\/li>\n<li>Alfa Romeo Giulietta 2.0 JTDM alle Varianten =\u00a0<strong>120 000 Kilometer oder nach maximal 5 Jahren. Bei schwerer Belastung sind 3 Jahre vorgeschrieben.\u00a0<\/strong><\/li>\n<\/ul>\n<p>[\/et_pb_text][\/et_pb_column][et_pb_column type=\"1_3\u2033 _builder_version=\"3.25\u2033 custom_padding=\"|||\" custom_padding__hover=\"|||\"][et_pb_code _builder_version=\"4.2.2\u2033 text_orientation=\"centre\" z_index_tablet=\"500\u2033 global_module=\"1602\u2033 saved_tabs=\"all\"]<a href=\"https:\/\/lt45.net\/c\/?si=13244&#038;li=1625022&#038;wi=334511&#038;ws=\" rel=\"sponsored noopener noreferrer\" target=\"_blank\"><img decoding=\"async\" src=\"https:\/\/static-dscn.net\/13244\/1625022\/?wi=334511&#038;ws=\" alt=\"\" style=\"max-width:100%; height:auto; border:none;\" \/><\/a>[\/et_pb_code][\/et_pb_column][\/et_pb_row][\/et_pb_section].<\/p>","protected":false},"excerpt":{"rendered":"<p>Wann den Zahnriemen wechseln Alfa Romeo Giulietta Die Alfa Romeo Giulietta ist ein kompakter Mittelklassewagen des italienischen Herstellers, der erstmals 1978 produziert wurde. Nach einer Zeit der Abwesenheit wurde die Giulietta im Jahr 2010 wiederbelebt.  Dieses Modell gab es sowohl mit Benzin- als auch mit Dieselmotoren. Nachfolgend finden Sie eine \u00dcbersicht \u00fcber das Zahnriemenwechselintervall [...].<\/p>","protected":false},"author":1,"featured_media":0,"parent":0,"menu_order":0,"comment_status":"closed","ping_status":"closed","template":"","meta":{"_et_pb_use_builder":"on","_et_pb_old_content":"","_et_gb_content_width":"","footnotes":""},"class_list":["post-564","page","type-page","status-publish","hentry"],"yoast_head":"<!-- This site is optimized with the Yoast SEO plugin v27.3 - https:\/\/yoast.com\/product\/yoast-seo-wordpress\/ -->\n<title>Wanneer distributieriem vervangen Alfa Romeo Giulietta? Alle intervallen<\/title>\n<meta name=\"description\" content=\"Wanneer distributieriem vervangen Alfa Romeo Giulietta? Alle intervallen. Zowel benzine als diesel. Met o.a. 1.4 1.6 1.8 2.0 TBi, Turbo, JTDm\" \/>\n<meta name=\"robots\" content=\"index, follow, max-snippet:-1, max-image-preview:large, max-video-preview:-1\" \/>\n<link rel=\"canonical\" href=\"https:\/\/autobaak.nl\/de\/alfa-romeo-giulietta\/\" \/>\n<meta property=\"og:locale\" content=\"de_DE\" \/>\n<meta property=\"og:type\" content=\"article\" \/>\n<meta property=\"og:title\" content=\"Wanneer distributieriem vervangen Alfa Romeo Giulietta? Alle intervallen\" \/>\n<meta property=\"og:description\" content=\"Wanneer distributieriem vervangen Alfa Romeo Giulietta? Alle intervallen. Zowel benzine als diesel. Met o.a. 1.4 1.6 1.8 2.0 TBi, Turbo, JTDm\" \/>\n<meta property=\"og:url\" content=\"https:\/\/autobaak.nl\/de\/alfa-romeo-giulietta\/\" \/>\n<meta property=\"og:site_name\" content=\"Autobaak.nl\" \/>\n<meta property=\"article:modified_time\" content=\"2020-01-27T16:22:57+00:00\" \/>\n<meta property=\"og:image\" content=\"https:\/\/static-dscn.net\/13983\/1608911\/?wi=334511&ws=\" \/>\n<meta name=\"twitter:card\" content=\"summary_large_image\" \/>\n<meta name=\"twitter:label1\" content=\"Gesch\u00e4tzte Lesezeit\" \/>\n\t<meta name=\"twitter:data1\" content=\"3\u00a0Minuten\" \/>\n<script type=\"application\/ld+json\" class=\"yoast-schema-graph\">{\"@context\":\"https:\\\/\\\/schema.org\",\"@graph\":[{\"@type\":\"WebPage\",\"@id\":\"https:\\\/\\\/autobaak.nl\\\/alfa-romeo-giulietta\\\/\",\"url\":\"https:\\\/\\\/autobaak.nl\\\/alfa-romeo-giulietta\\\/\",\"name\":\"Wanneer distributieriem vervangen Alfa Romeo Giulietta? Alle intervallen\",\"isPartOf\":{\"@id\":\"https:\\\/\\\/autobaak.nl\\\/#website\"},\"primaryImageOfPage\":{\"@id\":\"https:\\\/\\\/autobaak.nl\\\/alfa-romeo-giulietta\\\/#primaryimage\"},\"image\":{\"@id\":\"https:\\\/\\\/autobaak.nl\\\/alfa-romeo-giulietta\\\/#primaryimage\"},\"thumbnailUrl\":\"https:\\\/\\\/static-dscn.net\\\/13983\\\/1608911\\\/?wi=334511&ws=\",\"datePublished\":\"2017-10-08T09:39:55+00:00\",\"dateModified\":\"2020-01-27T16:22:57+00:00\",\"description\":\"Wanneer distributieriem vervangen Alfa Romeo Giulietta? Alle intervallen. Zowel benzine als diesel. Met o.a. 1.4 1.6 1.8 2.0 TBi, Turbo, JTDm\",\"breadcrumb\":{\"@id\":\"https:\\\/\\\/autobaak.nl\\\/alfa-romeo-giulietta\\\/#breadcrumb\"},\"inLanguage\":\"de\",\"potentialAction\":[{\"@type\":\"ReadAction\",\"target\":[\"https:\\\/\\\/autobaak.nl\\\/alfa-romeo-giulietta\\\/\"]}]},{\"@type\":\"ImageObject\",\"inLanguage\":\"de\",\"@id\":\"https:\\\/\\\/autobaak.nl\\\/alfa-romeo-giulietta\\\/#primaryimage\",\"url\":\"https:\\\/\\\/static-dscn.net\\\/13983\\\/1608911\\\/?wi=334511&ws=\",\"contentUrl\":\"https:\\\/\\\/static-dscn.net\\\/13983\\\/1608911\\\/?wi=334511&ws=\"},{\"@type\":\"BreadcrumbList\",\"@id\":\"https:\\\/\\\/autobaak.nl\\\/alfa-romeo-giulietta\\\/#breadcrumb\",\"itemListElement\":[{\"@type\":\"ListItem\",\"position\":1,\"name\":\"Home\",\"item\":\"https:\\\/\\\/autobaak.nl\\\/\"},{\"@type\":\"ListItem\",\"position\":2,\"name\":\"Alfa Romeo Giulietta\"}]},{\"@type\":\"WebSite\",\"@id\":\"https:\\\/\\\/autobaak.nl\\\/#website\",\"url\":\"https:\\\/\\\/autobaak.nl\\\/\",\"name\":\"Autobaak.nl\",\"description\":\"Cars &amp; Racing\",\"potentialAction\":[{\"@type\":\"SearchAction\",\"target\":{\"@type\":\"EntryPoint\",\"urlTemplate\":\"https:\\\/\\\/autobaak.nl\\\/?s={search_term_string}\"},\"query-input\":{\"@type\":\"PropertyValueSpecification\",\"valueRequired\":true,\"valueName\":\"search_term_string\"}}],\"inLanguage\":\"de\"}]}<\/script>\n<!-- \/ Yoast SEO plugin. -->","yoast_head_json":{"title":"Wann muss der Alfa Romeo Giulietta Zahnriemen gewechselt werden? Alle Intervalle","description":"Wann muss der Alfa Romeo Giulietta Zahnriemen gewechselt werden? Alle Intervalle. Sowohl Benzin als auch Diesel. Einschlie\u00dflich 1,4 1,6 1,8 2,0 TBi, Turbo, JTDm","robots":{"index":"index","follow":"follow","max-snippet":"max-snippet:-1","max-image-preview":"max-image-preview:large","max-video-preview":"max-video-preview:-1"},"canonical":"https:\/\/autobaak.nl\/de\/alfa-romeo-giulietta\/","og_locale":"de_DE","og_type":"article","og_title":"Wanneer distributieriem vervangen Alfa Romeo Giulietta? Alle intervallen","og_description":"Wanneer distributieriem vervangen Alfa Romeo Giulietta? Alle intervallen. Zowel benzine als diesel. Met o.a. 1.4 1.6 1.8 2.0 TBi, Turbo, JTDm","og_url":"https:\/\/autobaak.nl\/de\/alfa-romeo-giulietta\/","og_site_name":"Autobaak.nl","article_modified_time":"2020-01-27T16:22:57+00:00","og_image":[{"url":"https:\/\/static-dscn.net\/13983\/1608911\/?wi=334511&ws=","type":"","width":"","height":""}],"twitter_card":"summary_large_image","twitter_misc":{"Gesch\u00e4tzte Lesezeit":"3\u00a0Minuten"},"schema":{"@context":"https:\/\/schema.org","@graph":[{"@type":"WebPage","@id":"https:\/\/autobaak.nl\/alfa-romeo-giulietta\/","url":"https:\/\/autobaak.nl\/alfa-romeo-giulietta\/","name":"Wann muss der Alfa Romeo Giulietta Zahnriemen gewechselt werden? Alle Intervalle","isPartOf":{"@id":"https:\/\/autobaak.nl\/#website"},"primaryImageOfPage":{"@id":"https:\/\/autobaak.nl\/alfa-romeo-giulietta\/#primaryimage"},"image":{"@id":"https:\/\/autobaak.nl\/alfa-romeo-giulietta\/#primaryimage"},"thumbnailUrl":"https:\/\/static-dscn.net\/13983\/1608911\/?wi=334511&ws=","datePublished":"2017-10-08T09:39:55+00:00","dateModified":"2020-01-27T16:22:57+00:00","description":"Wann muss der Alfa Romeo Giulietta Zahnriemen gewechselt werden? Alle Intervalle. Sowohl Benzin als auch Diesel. Einschlie\u00dflich 1,4 1,6 1,8 2,0 TBi, Turbo, JTDm","breadcrumb":{"@id":"https:\/\/autobaak.nl\/alfa-romeo-giulietta\/#breadcrumb"},"inLanguage":"de","potentialAction":[{"@type":"ReadAction","target":["https:\/\/autobaak.nl\/alfa-romeo-giulietta\/"]}]},{"@type":"ImageObject","inLanguage":"de","@id":"https:\/\/autobaak.nl\/alfa-romeo-giulietta\/#primaryimage","url":"https:\/\/static-dscn.net\/13983\/1608911\/?wi=334511&ws=","contentUrl":"https:\/\/static-dscn.net\/13983\/1608911\/?wi=334511&ws="},{"@type":"BreadcrumbList","@id":"https:\/\/autobaak.nl\/alfa-romeo-giulietta\/#breadcrumb","itemListElement":[{"@type":"ListItem","position":1,"name":"Home","item":"https:\/\/autobaak.nl\/"},{"@type":"ListItem","position":2,"name":"Alfa Romeo Giulietta"}]},{"@type":"WebSite","@id":"https:\/\/autobaak.nl\/#website","url":"https:\/\/autobaak.nl\/","name":"Autobook.de","description":"Autos &amp; Rennsport","potentialAction":[{"@type":"SearchAction","target":{"@type":"EntryPoint","urlTemplate":"https:\/\/autobaak.nl\/?s={search_term_string}"},"query-input":{"@type":"PropertyValueSpecification","valueRequired":true,"valueName":"search_term_string"}}],"inLanguage":"de"}]}},"_links":{"self":[{"href":"https:\/\/autobaak.nl\/de\/wp-json\/wp\/v2\/pages\/564","targetHints":{"allow":["GET"]}}],"collection":[{"href":"https:\/\/autobaak.nl\/de\/wp-json\/wp\/v2\/pages"}],"about":[{"href":"https:\/\/autobaak.nl\/de\/wp-json\/wp\/v2\/types\/page"}],"author":[{"embeddable":true,"href":"https:\/\/autobaak.nl\/de\/wp-json\/wp\/v2\/users\/1"}],"replies":[{"embeddable":true,"href":"https:\/\/autobaak.nl\/de\/wp-json\/wp\/v2\/comments?post=564"}],"version-history":[{"count":0,"href":"https:\/\/autobaak.nl\/de\/wp-json\/wp\/v2\/pages\/564\/revisions"}],"wp:attachment":[{"href":"https:\/\/autobaak.nl\/de\/wp-json\/wp\/v2\/media?parent=564"}],"curies":[{"name":"wp","href":"https:\/\/api.w.org\/{rel}","templated":true}]}}