{"id":601,"date":"2017-10-24T21:18:30","date_gmt":"2017-10-24T21:18:30","guid":{"rendered":"https:\/\/autobaak.nl\/?page_id=601"},"modified":"2019-06-21T07:17:40","modified_gmt":"2019-06-21T07:17:40","slug":"volvo-c70","status":"publish","type":"page","link":"https:\/\/autobaak.nl\/de\/volvo-c70\/","title":{"rendered":"Volvo C70"},"content":{"rendered":"<p>[et_pb_section bb_built=\"1\u2033 fullwidth=\"off\" specialty=\"off\" transparent_background=\"off\" background_colour=\"#0c71c3\u2033 allow_player_pause=\"off\" inner_shadow=\"off\" parallax=\"off\" parallax_method=\"off\" padding_mobile=\"off\" make_fullwidth=\"off\" use_custom_width=\"off\" width_unit=\"on\" make_equal=\"off\" use_custom_gutter=\"off\" custom_padding_tablet=\"50px|0|50px|0\u2033 custom_padding_last_edited=\"on|desktop\" inner_width=\"auto\" inner_max_width=\"none\" next_background_colour=\"#ffffff\"][et_pb_row background_position=\"top_left\" background_repeat=\"repeat\" background_size=\"initial\" width=\"80%\" max_width=\"1080px\"][et_pb_column type=\"4_4\u2033][et_pb_text background_layout=\"dark\" text_orientation=\"center\" use_border_colour=\"off\" border_colour=\"#ffffff\" border_style=\"solid\" background_position=\"top_left\" background_repeat=\"repeat\" background_size=\"initial\" module_alignment=\"centre\"]<\/p>\n<h1 style=\"text-align: center;\">Wann ist der Volvo C70 Zahnriemen zu wechseln?<\/h1>\n<p>[\/et_pb_text][\/et_pb_column][\/et_pb_row][\/et_pb_section][et_pb_section bb_built=\"1\u2033 _builder_version=\"3.23.3\u2033 inner_width_tablet=\"50px\" inner_max_width_tablet=\"50px\" custom_margin=\"||-40px|\" custom_padding=\"||-20px|\" z_index_tablet=\"500\u2033 box_shadow_horizontal_tablet=\"0px\" box_shadow_vertical_tablet=\"0px\" box_shadow_blur_tablet=\"40px\" box_shadow_spread_tablet=\"0px\" next_background_color=\"#000000\u2033 global_module=\"1614\u2033 prev_background_color=\"#0c71c3\u2033][et_pb_row global_parent=\"1614\u2033 _builder_version=\"3.22.3\u2033 background_size=\"initial\" background_position=\"top_left\" background_repeat=\"repeat\"][et_pb_column type=\"4_4\u2033][et_pb_text global_parent=\"1614\u2033 _builder_version=\"3.23.3\u2033 custom_margin=\"-50px||-50px||\" z_index_tablet=\"500\u2033 text_text_shadow_horizontal_length_tablet=\"0px\" text_text_shadow_vertical_length_tablet=\"0px\" text_text_shadow_blur_strength_tablet=\"1px\" link_text_shadow_horizontal_length_tablet=\"0px\" link_text_shadow_vertical_length_tablet=\"0px\" link_text_shadow_blur_strength_tablet=\"1px\" ul_text_shadow_horizontal_length_tablet=\"0px\" ul_text_shadow_vertical_length_tablet=\"0px\" ul_text_shadow_blur_strength_tablet=\"1px\" ol_text_shadow_horizontal_length_tablet=\"0px\" ol_text_shadow_vertical_length_tablet=\"0px\" ol_text_shadow_blur_strength_tablet=\"1px\" quote_text_shadow_horizontal_length_tablet=\"0px\" quote_text_shadow_vertical_length_tablet=\"0px\" quote_text_shadow_blur_strength_tablet=\"1px\" header_text_shadow_horizontal_length_tablet=\"0px\" header_text_shadow_vertical_length_tablet=\"0px\" header_text_shadow_blur_strength_tablet=\"1px\" header_2_text_shadow_horizontal_length_tablet=\"0px\" header_2_text_shadow_vertical_length_tablet=\"0px\" header_2_text_shadow_blur_strength_tablet=\"1px\" header_3_text_shadow_horizontal_length_tablet=\"0px\" header_3_text_shadow_vertical_length_tablet=\"0px\" header_3_text_shadow_blur_strength_tablet=\"1px\" header_4_text_shadow_horizontal_length_tablet=\"0px\" header_4_text_shadow_vertical_length_tablet=\"0px\" header_4_text_shadow_blur_strength_tablet=\"1px\" header_5_text_shadow_horizontal_length_tablet=\"0px\" header_5_text_shadow_vertical_length_tablet=\"0px\" header_5_text_shadow_blur_strength_tablet=\"1px\" header_6_text_shadow_horizontal_length_tablet=\"0px\" header_6_text_shadow_vertical_length_tablet=\"0px\" header_6_text_shadow_blur_strength_tablet=\"1px\" box_shadow_horizontal_tablet=\"0px\" box_shadow_vertical_tablet=\"0px\" box_shadow_blur_tablet=\"40px\" box_shadow_spread_tablet=\"0px\" custom_padding=\"||0px|||\"]<\/p>\n<p><a href=\"https:\/\/lt45.net\/c\/?si=13244&amp;li=1615045&amp;wi=334511&amp;ws=\" target=\"_blank\" rel=\"nofollow noopener noreferrer\"><img decoding=\"async\" class=\"aligncenter\" style=\"max-width: 100%; height: auto; border: none;\" src=\"https:\/\/static-dscn.net\/13244\/1615045\/?wi=334511&amp;ws=\" alt=\"\" \/><\/a><\/p>\n<p>[\/et_pb_text][\/et_pb_column][\/et_pb_row][\/et_pb_section][et_pb_section bb_built=\"1\u2033 fullwidth=\"off\" specialty=\"off\" inner_width=\"auto\" inner_max_width=\"none\" prev_background_colour=\"#000000\u2033][et_pb_row background_position=\"top_left\" background_repeat=\"repeat\" background_size=\"initial\" width=\"80%\" max_width=\"1080px\"][et_pb_column type=\"2_3\u2033][et_pb_text background_layout=\"light\" text_orientation=\"left\" use_border_color=\"off\" border_color=\"#ffffff\" border_style=\"solid\" background_position=\"top_left\" background_repeat=\"repeat\" background_size=\"initial\"]<\/p>\n<p>\nDer Volvo C70 ist ein Coup\u00e9 und Cabrio des schwedischen Herstellers, das zwischen 1998 und 2013 produziert wurde. Dieses Modell wurde sowohl mit Benzin- als auch mit Dieselmotoren geliefert. Nachfolgend finden Sie eine \u00dcbersicht \u00fcber die Zahnriemenwechselintervalle ab 1998. Wenn Sie nicht wissen, welchen Motor Ihr Auto hat, k\u00f6nnen Sie unten das Kennzeichen eingeben.<\/p>\n<p>[open_rdw_check \"marke\" \"handelsname\" \"fahrzeugtyp\" \"kraftstoff_beschreibung\" \"anzahl_zylinder\" \"hubraum\" \"expiry_apk\"]<\/p>\n<p>[\/et_pb_text][et_pb_text background_layout=\"light\" text_orientation=\"left\" use_border_color=\"off\" border_color=\"#ffffff\" border_style=\"solid\" background_position=\"top_left\" background_repeat=\"repeat\" background_size=\"initial\"]<\/p>\n<h2><strong>Benzin<\/strong> <strong>zwischen 1998 und 2005 hergestellte Varianten<br \/>\n<\/strong><\/h2>\n<ul>\n<li>Volvo C70 2.0 T 120 kW = <strong>160 000 Kilometern oder nach maximal 8 Jahren.<\/strong><\/li>\n<li>Volvo C70 2.0 T 132 kW bis 1998 = <strong>120 000 Kilometern oder nach maximal 8 Jahren.<\/strong><\/li>\n<li>Volvo C70 2.0 T 132 kW ab 2000 = <strong>160 000 Kilometern oder nach maximal 8 Jahren.<\/strong><\/li>\n<li>Volvo C70 2.0 T 166 kW bis 1998 = <strong>120 000 Kilometern oder nach maximal 8 Jahren.<\/strong><\/li>\n<li>Volvo C70 2.0 T 166 kW ab 2000 = <strong>160 000 Kilometern oder nach maximal 8 Jahren.<\/strong><\/li>\n<li>Volvo C70 2.3 T-5 176 kW bis 1998 = <strong>120 000 Kilometern oder nach maximal 8 Jahren.<\/strong><\/li>\n<li>Volvo C70 2.3 T-5 176 kW ab 2000 = <strong>160 000 Kilometern oder nach maximal 8 Jahren.<\/strong><\/li>\n<li>Volvo C70 2.5 121 kW = <strong>160 000 Kilometern oder nach maximal 8 Jahren.<\/strong><\/li>\n<li>Volvo C70 2.5 125 kW = <strong>160 000 Kilometern oder nach maximal 8 Jahren.<\/strong><\/li>\n<li>Volvo C70 2.5 T 142 kW bis 1998 =. <strong>120 000 Kilometern oder nach maximal 8 Jahren.<\/strong><\/li>\n<li>Volvo C70 2.5 T 142 kW ab 2000 =. <strong>160 000 Kilometern oder nach maximal 8 Jahren.<\/strong><\/li>\n<\/ul>\n<h2><strong>Benzin<\/strong> <strong>zwischen 2006 und 2013 produzierte Varianten<br \/>\n<\/strong><\/h2>\n<ul>\n<li>Volvo C70 2.4 103 kW = <strong>180 000 Kilometern oder nach maximal 10 Jahren.<\/strong><\/li>\n<li>Volvo C70 2.4 125 kW = <strong>180 000 Kilometern oder nach maximal 10 Jahren.<\/strong><\/li>\n<li>Volvo C70 T5 162 und 169 kW = <strong>180 000 Kilometern oder nach maximal 10 Jahren.<\/strong><\/li>\n<\/ul>\n<h2><strong>Diesel-Varianten, hergestellt zwischen 2006 und 2013<\/strong><strong>\u00a0<\/strong><\/h2>\n<ul>\n<li>Volvo C70 2.0 D 100 kW = <strong>240 000 Kilometern oder nach maximal 10 Jahren.<\/strong><\/li>\n<li>Volvo C70 2.4 D 120 kW = <strong>180 000 Kilometern oder nach maximal 10 Jahren.<\/strong><\/li>\n<li>Volvo C70 D3 110 kW = <strong>180 000 Kilometern oder nach maximal 10 Jahren.<\/strong><\/li>\n<li>Volvo C70 D4 130 kW = <strong>180 000 Kilometern oder nach maximal 10 Jahren.<\/strong><\/li>\n<li>Volvo C70 D5 132 kW = <strong>180 000 Kilometern oder nach maximal 10 Jahren.<\/strong><\/li>\n<\/ul>\n<p>[\/et_pb_text][\/et_pb_column][et_pb_column type=\"1_3\u2033][et_pb_code _builder_version=\"3.23.3\u2033 z_index_tablet=\"500\u2033 saved_tabs=\"all\" text_orientation=\"centre\" global_module=\"1602\u2033]<iframe loading=\"lazy\" style=\"overflow: hidden; border: none\" src=\"https:\/\/html.dt51.net\/12298\/1550002\/?wi=334511&#038;ws=\" width=\"160\" height=\"600\" frameborder=\"0\" marginwidth=\"0\" marginheight=\"0\" scrolling=\"no\"><\/iframe>[\/et_pb_code][\/et_pb_column][\/et_pb_row][\/et_pb_section].<\/p>","protected":false},"excerpt":{"rendered":"<p>Wann ist der Zahnriemen zu wechseln Volvo C70 Der Volvo C70 ist ein Coup\u00e9 und Cabrio des schwedischen Herstellers, das zwischen 1998 und 2013 produziert wurde. Dieses Modell gab es sowohl mit Benzin- als auch mit Dieselmotoren. Nachfolgend finden Sie eine \u00dcbersicht \u00fcber die Zahnriemenwechselintervalle ab 1998. Wenn Sie nicht wissen, welchen Motor Ihr Auto hat, k\u00f6nnen Sie [...]<\/p>","protected":false},"author":1,"featured_media":0,"parent":0,"menu_order":0,"comment_status":"closed","ping_status":"closed","template":"","meta":{"_et_pb_use_builder":"on","_et_pb_old_content":"","_et_gb_content_width":"","footnotes":""},"class_list":["post-601","page","type-page","status-publish","hentry"],"yoast_head":"<!-- This site is optimized with the Yoast SEO plugin v27.4 - https:\/\/yoast.com\/product\/yoast-seo-wordpress\/ -->\n<title>Wanneer distributieriem vervangen Volvo C70? Alle intervallen hier<\/title>\n<meta name=\"description\" content=\"Wanneer distributieriem vervangen Volvo C70? Alle intervallen op deze pagina. Zowel benzine als diesel o.a. 2.0 2.3 2.4 2.5 T 5-R D D3 D4 D5\" \/>\n<meta name=\"robots\" content=\"index, follow, max-snippet:-1, max-image-preview:large, max-video-preview:-1\" \/>\n<link rel=\"canonical\" href=\"https:\/\/autobaak.nl\/de\/volvo-c70\/\" \/>\n<meta property=\"og:locale\" content=\"de_DE\" \/>\n<meta property=\"og:type\" content=\"article\" \/>\n<meta property=\"og:title\" content=\"Wanneer distributieriem vervangen Volvo C70? Alle intervallen hier\" \/>\n<meta property=\"og:description\" content=\"Wanneer distributieriem vervangen Volvo C70? Alle intervallen op deze pagina. Zowel benzine als diesel o.a. 2.0 2.3 2.4 2.5 T 5-R D D3 D4 D5\" \/>\n<meta property=\"og:url\" content=\"https:\/\/autobaak.nl\/de\/volvo-c70\/\" \/>\n<meta property=\"og:site_name\" content=\"Autobaak.nl\" \/>\n<meta property=\"article:modified_time\" content=\"2019-06-21T07:17:40+00:00\" \/>\n<meta property=\"og:image\" content=\"https:\/\/static-dscn.net\/13244\/1615045\/?wi=334511&amp;ws=\" \/>\n<meta name=\"twitter:card\" content=\"summary_large_image\" \/>\n<meta name=\"twitter:label1\" content=\"Gesch\u00e4tzte Lesezeit\" \/>\n\t<meta name=\"twitter:data1\" content=\"4\u00a0Minuten\" \/>\n<script type=\"application\/ld+json\" class=\"yoast-schema-graph\">{\"@context\":\"https:\\\/\\\/schema.org\",\"@graph\":[{\"@type\":\"WebPage\",\"@id\":\"https:\\\/\\\/autobaak.nl\\\/volvo-c70\\\/\",\"url\":\"https:\\\/\\\/autobaak.nl\\\/volvo-c70\\\/\",\"name\":\"Wanneer distributieriem vervangen Volvo C70? Alle intervallen hier\",\"isPartOf\":{\"@id\":\"https:\\\/\\\/autobaak.nl\\\/#website\"},\"primaryImageOfPage\":{\"@id\":\"https:\\\/\\\/autobaak.nl\\\/volvo-c70\\\/#primaryimage\"},\"image\":{\"@id\":\"https:\\\/\\\/autobaak.nl\\\/volvo-c70\\\/#primaryimage\"},\"thumbnailUrl\":\"https:\\\/\\\/static-dscn.net\\\/13244\\\/1615045\\\/?wi=334511&amp;ws=\",\"datePublished\":\"2017-10-24T21:18:30+00:00\",\"dateModified\":\"2019-06-21T07:17:40+00:00\",\"description\":\"Wanneer distributieriem vervangen Volvo C70? Alle intervallen op deze pagina. Zowel benzine als diesel o.a. 2.0 2.3 2.4 2.5 T 5-R D D3 D4 D5\",\"breadcrumb\":{\"@id\":\"https:\\\/\\\/autobaak.nl\\\/volvo-c70\\\/#breadcrumb\"},\"inLanguage\":\"de\",\"potentialAction\":[{\"@type\":\"ReadAction\",\"target\":[\"https:\\\/\\\/autobaak.nl\\\/volvo-c70\\\/\"]}]},{\"@type\":\"ImageObject\",\"inLanguage\":\"de\",\"@id\":\"https:\\\/\\\/autobaak.nl\\\/volvo-c70\\\/#primaryimage\",\"url\":\"https:\\\/\\\/static-dscn.net\\\/13244\\\/1615045\\\/?wi=334511&amp;ws=\",\"contentUrl\":\"https:\\\/\\\/static-dscn.net\\\/13244\\\/1615045\\\/?wi=334511&amp;ws=\"},{\"@type\":\"BreadcrumbList\",\"@id\":\"https:\\\/\\\/autobaak.nl\\\/volvo-c70\\\/#breadcrumb\",\"itemListElement\":[{\"@type\":\"ListItem\",\"position\":1,\"name\":\"Home\",\"item\":\"https:\\\/\\\/autobaak.nl\\\/\"},{\"@type\":\"ListItem\",\"position\":2,\"name\":\"Volvo C70\"}]},{\"@type\":\"WebSite\",\"@id\":\"https:\\\/\\\/autobaak.nl\\\/#website\",\"url\":\"https:\\\/\\\/autobaak.nl\\\/\",\"name\":\"Autobaak.nl\",\"description\":\"Cars &amp; Racing\",\"potentialAction\":[{\"@type\":\"SearchAction\",\"target\":{\"@type\":\"EntryPoint\",\"urlTemplate\":\"https:\\\/\\\/autobaak.nl\\\/?s={search_term_string}\"},\"query-input\":{\"@type\":\"PropertyValueSpecification\",\"valueRequired\":true,\"valueName\":\"search_term_string\"}}],\"inLanguage\":\"de\"}]}<\/script>\n<!-- \/ Yoast SEO plugin. -->","yoast_head_json":{"title":"Wann sollte ein Volvo C70 Zahnriemen gewechselt werden? Alle Intervalle hier","description":"Wann sollte ein Volvo C70 Zahnriemen gewechselt werden? Alle Intervalle auf dieser Seite. Sowohl Benzin als auch Diesel z.B. 2.0 2.3 2.4 2.5 T 5-R D D3 D4 D5","robots":{"index":"index","follow":"follow","max-snippet":"max-snippet:-1","max-image-preview":"max-image-preview:large","max-video-preview":"max-video-preview:-1"},"canonical":"https:\/\/autobaak.nl\/de\/volvo-c70\/","og_locale":"de_DE","og_type":"article","og_title":"Wanneer distributieriem vervangen Volvo C70? Alle intervallen hier","og_description":"Wanneer distributieriem vervangen Volvo C70? Alle intervallen op deze pagina. Zowel benzine als diesel o.a. 2.0 2.3 2.4 2.5 T 5-R D D3 D4 D5","og_url":"https:\/\/autobaak.nl\/de\/volvo-c70\/","og_site_name":"Autobaak.nl","article_modified_time":"2019-06-21T07:17:40+00:00","og_image":[{"url":"https:\/\/static-dscn.net\/13244\/1615045\/?wi=334511&amp;ws=","type":"","width":"","height":""}],"twitter_card":"summary_large_image","twitter_misc":{"Gesch\u00e4tzte Lesezeit":"4\u00a0Minuten"},"schema":{"@context":"https:\/\/schema.org","@graph":[{"@type":"WebPage","@id":"https:\/\/autobaak.nl\/volvo-c70\/","url":"https:\/\/autobaak.nl\/volvo-c70\/","name":"Wann sollte ein Volvo C70 Zahnriemen gewechselt werden? Alle Intervalle hier","isPartOf":{"@id":"https:\/\/autobaak.nl\/#website"},"primaryImageOfPage":{"@id":"https:\/\/autobaak.nl\/volvo-c70\/#primaryimage"},"image":{"@id":"https:\/\/autobaak.nl\/volvo-c70\/#primaryimage"},"thumbnailUrl":"https:\/\/static-dscn.net\/13244\/1615045\/?wi=334511&amp;ws=","datePublished":"2017-10-24T21:18:30+00:00","dateModified":"2019-06-21T07:17:40+00:00","description":"Wann sollte ein Volvo C70 Zahnriemen gewechselt werden? Alle Intervalle auf dieser Seite. Sowohl Benzin als auch Diesel z.B. 2.0 2.3 2.4 2.5 T 5-R D D3 D4 D5","breadcrumb":{"@id":"https:\/\/autobaak.nl\/volvo-c70\/#breadcrumb"},"inLanguage":"de","potentialAction":[{"@type":"ReadAction","target":["https:\/\/autobaak.nl\/volvo-c70\/"]}]},{"@type":"ImageObject","inLanguage":"de","@id":"https:\/\/autobaak.nl\/volvo-c70\/#primaryimage","url":"https:\/\/static-dscn.net\/13244\/1615045\/?wi=334511&amp;ws=","contentUrl":"https:\/\/static-dscn.net\/13244\/1615045\/?wi=334511&amp;ws="},{"@type":"BreadcrumbList","@id":"https:\/\/autobaak.nl\/volvo-c70\/#breadcrumb","itemListElement":[{"@type":"ListItem","position":1,"name":"Home","item":"https:\/\/autobaak.nl\/"},{"@type":"ListItem","position":2,"name":"Volvo C70"}]},{"@type":"WebSite","@id":"https:\/\/autobaak.nl\/#website","url":"https:\/\/autobaak.nl\/","name":"Autobook.de","description":"Autos &amp; Rennsport","potentialAction":[{"@type":"SearchAction","target":{"@type":"EntryPoint","urlTemplate":"https:\/\/autobaak.nl\/?s={search_term_string}"},"query-input":{"@type":"PropertyValueSpecification","valueRequired":true,"valueName":"search_term_string"}}],"inLanguage":"de"}]}},"_links":{"self":[{"href":"https:\/\/autobaak.nl\/de\/wp-json\/wp\/v2\/pages\/601","targetHints":{"allow":["GET"]}}],"collection":[{"href":"https:\/\/autobaak.nl\/de\/wp-json\/wp\/v2\/pages"}],"about":[{"href":"https:\/\/autobaak.nl\/de\/wp-json\/wp\/v2\/types\/page"}],"author":[{"embeddable":true,"href":"https:\/\/autobaak.nl\/de\/wp-json\/wp\/v2\/users\/1"}],"replies":[{"embeddable":true,"href":"https:\/\/autobaak.nl\/de\/wp-json\/wp\/v2\/comments?post=601"}],"version-history":[{"count":0,"href":"https:\/\/autobaak.nl\/de\/wp-json\/wp\/v2\/pages\/601\/revisions"}],"wp:attachment":[{"href":"https:\/\/autobaak.nl\/de\/wp-json\/wp\/v2\/media?parent=601"}],"curies":[{"name":"wp","href":"https:\/\/api.w.org\/{rel}","templated":true}]}}