{"id":620,"date":"2017-11-10T22:15:00","date_gmt":"2017-11-10T22:15:00","guid":{"rendered":"https:\/\/autobaak.nl\/?page_id=620"},"modified":"2019-06-19T15:12:35","modified_gmt":"2019-06-19T15:12:35","slug":"sitzleone","status":"publish","type":"page","link":"https:\/\/autobaak.nl\/de\/sitzleone\/","title":{"rendered":"SEAT Leon"},"content":{"rendered":"<p>[et_pb_section bb_built=\"1\u2033 custom_padding_last_edited=\"on|desktop\" _builder_version=\"3.22.3\u2033 background_color=\"#0c71c3\u2033 custom_padding_tablet=\"50px|0|50px|0\u2033 transparent_background=\"off\" padding_mobile=\"off\" make_fullwidth=\"off\" use_custom_width=\"off\" width_unit=\"on\" next_background_color=\"#ffff\"][et_pb_row _builder_version=\"3.22.3\u2033 background_size=\"initial\" background_position=\"top_left\" background_repeat=\"repeat\"][et_pb_column type=\"4_4\u2033][et_pb_text _builder_version=\"3.0.87\u2033 background_size=\"initial\" background_position=\"top_left\" background_repeat=\"repeat\" text_orientation=\"centre\" background_layout=\"dark\" module_alignment=\"centre\" use_border_color=\"off\" border_color=\"#ffffff\" border_style=\"solid\"][et_pb_column type=\"4_4\u2033][et_pb_column type=\"4_4\u2033][et_pb_text<\/p>\n<h1 style=\"text-align: center;\">Wann muss der SEAT Leon Zahnriemen gewechselt werden?<\/h1>\n<p>[\/et_pb_text][\/et_pb_column][\/et_pb_row][\/et_pb_section][et_pb_section bb_built=\"1\u2033 _builder_version=\"3.22.3\u2033 custom_margin=\"||-9px|||\" custom_padding=\"7px|||3px|||\" prev_background_color=\"#0c71c3\u2033 next_background_color=\"#000000\u2033][et_pb_row _builder_version=\"3.22.3\u2033 background_size=\"initial\" background_position=\"top_left\" background_repeat=\"repeat\"][et_pb_column type=\"4_4\u2033][et_pb_text _builder_version=\"3.23.3\u2033 z_index_tablet=\"500\u2033 text_text_shadow_horizontal_length_tablet=\"0px\" text_text_shadow_vertical_length_tablet=\"0px\" text_text_shadow_blur_strength_tablet=\"1px\" link_text_shadow_horizontal_length_tablet=\"0px\" link_text_shadow_vertical_length_tablet=\"0px\" link_text_shadow_blur_strength_tablet=\"1px\" ul_text_shadow_horizontal_length_tablet=\"0px\" ul_text_shadow_vertical_length_tablet=\"0px\" ul_text_shadow_blur_strength_tablet=\"1px\" ol_text_shadow_horizontal_length_tablet=\"0px\" ol_text_shadow_vertical_length_tablet=\"0px\" ol_text_shadow_blur_strength_tablet=\"1px\" quote_text_shadow_horizontal_length_tablet=\"0px\" quote_text_shadow_vertical_length_tablet=\"0px\" quote_text_shadow_blur_strength_tablet=\"1px\" header_text_shadow_horizontal_length_tablet=\"0px\" header_text_shadow_vertical_length_tablet=\"0px\" header_text_shadow_blur_strength_tablet=\"1px\" header_2_text_shadow_horizontal_length_tablet=\"0px\" header_2_text_shadow_vertical_length_tablet=\"0px\" header_2_text_shadow_blur_strength_tablet=\"1px\" header_3_text_shadow_horizontal_length_tablet=\"0px\" header_3_text_shadow_vertical_length_tablet=\"0px\" header_3_text_shadow_blur_strength_tablet=\"1px\" header_4_text_shadow_horizontal_length_tablet=\"0px\" header_4_text_shadow_vertical_length_tablet=\"0px\" header_4_text_shadow_blur_strength_tablet=\"1px\" header_5_text_shadow_horizontal_length_tablet=\"0px\" header_5_text_shadow_vertical_length_tablet=\"0px\" header_5_text_shadow_blur_strength_tablet=\"1px\" header_6_text_shadow_horizontal_length_tablet=\"0px\" header_6_text_shadow_vertical_length_tablet=\"0px\" header_6_text_shadow_blur_strength_tablet=\"1px\" box_shadow_horizontal_tablet=\"0px\" box_shadow_vertical_tablet=\"0px\" box_shadow_blur_tablet=\"40px\" box_shadow_spread_tablet=\"0px\"]<\/p>\n<p><a href=\"https:\/\/lt45.net\/c\/?si=13385&amp;li=1592655&amp;wi=334511&amp;ws=\" target=\"_blank\" rel=\"nofollow noopener noreferrer\"><img decoding=\"async\" class=\"aligncenter\" style=\"max-width: 100%; height: auto; border: none;\" src=\"https:\/\/static-dscn.net\/13385\/1592655\/?wi=334511&amp;ws=\" alt=\"\" \/><\/a><\/p>\n<p>[\/et_pb_text][\/et_pb_column][\/et_pb_row][\/et_pb_section][et_pb_section bb_built=\"1\u2033 _builder_version=\"3.22.3\u2033 custom_padding=\"0px|||||\" prev_background_color=\"#000000\u2033][et_pb_row _builder_version=\"3.22.3\u2033 background_size=\"initial\" background_position=\"top_left\" background_repeat=\"repeat\"][et_pb_column type=\"4_4\u2033][et_pb_text _builder_version=\"3.0.87\u2033 background_size=\"initial\" background_position=\"top_left\" background_repeat=\"repeat\" use_border_color=\"off\" border_color=\"#ffffff\" border_style=\"solid\"]<\/p>\n<p>\nDer Seat Leon ist ein beliebter Mittelklassewagen der spanischen Marke, der seit 2000 produziert wird. Dieses Modell ist sowohl mit Benzin- als auch mit Dieselmotor erh\u00e4ltlich. Nachfolgend finden Sie eine \u00dcbersicht \u00fcber die Zahnriemenwechselintervalle ab dem Jahr 2000. Wenn Sie nicht wissen, welchen Motor Ihr Fahrzeug hat, k\u00f6nnen Sie unten das Kennzeichen eingeben.<\/p>\n<p>[open_rdw_check \"marke\" \"handelsname\" \"fahrzeugtyp\" \"kraftstoff_beschreibung\" \"anzahl_zylinder\" \"hubraum\" \"expiry_apk\"]<\/p>\n<p>[\/et_pb_text][et_pb_text _builder_version=\"3.0.87\u2033 background_size=\"initial\" background_position=\"top_left\" background_repeat=\"repeat\" use_border_color=\"off\" border_color=\"#ffffff\" border_style=\"solid\"]<\/p>\n<h2><strong>Benzin<\/strong> <strong>zwischen 2000 und 2006 hergestellte Varianten<br \/>\n<\/strong><\/h2>\n<ul>\n<li>SEAT Leon 1.4 16V 55 kW = <strong>Kein eindeutiges Intervall, die Empfehlung liegt bei 90 000 Kilometern oder sp\u00e4testens nach 5 Jahren.<\/strong><\/li>\n<li>SEAT Leon 1.6 74 kW = <strong>Kein eindeutiges Intervall, die Empfehlung liegt bei 90 000 Kilometern oder sp\u00e4testens nach 5 Jahren.<\/strong><\/li>\n<li>SEAT Leon 1.6 16v 77 kW = <strong>Kein eindeutiges Intervall, die Empfehlung liegt bei 90 000 Kilometern oder sp\u00e4testens nach 5 Jahren.<\/strong><\/li>\n<li>SEAT Leon 1.8 20V 92 kW = <strong>180 000 Kilometer oder nach (empfohlen) maximal 5 Jahren.<\/strong><\/li>\n<li>SEAT Leon 1.8 T 20V 132 kW = <strong>180 000 Kilometer oder nach (empfohlen) maximal 5 Jahren.<\/strong><\/li>\n<li>SEAT Leon 1.8 T Cupra 154 und 165 kW = <strong>180 000 Kilometer oder nach (empfohlen) maximal 5 Jahren.<\/strong><\/li>\n<\/ul>\n<h2><strong>Diesel-Varianten, die zwischen 2000 und 2006 produziert wurden<br \/>\n<\/strong><\/h2>\n<ul>\n<li>SEAT Leon 1.9 SDI 50 kW =<strong> ID-Nr. 1R0172111 120 000 Kilometer oder nach maximal 5 Jahren.<\/strong><\/li>\n<li>SEAT Leon 1.9 SDI 50 kW =<strong> ID-Nr. 1R0172110 90 000 Kilometer oder nach h\u00f6chstens 5 Jahren.<\/strong><\/li>\n<li>SEAT Leon 1.9 SDI 50 kW = <strong>Motor-Nr. 3R014912 150 000 Kilometer oder nach maximal 5 Jahren.<\/strong><\/li>\n<li>SEAT Leon 1.9 TDI 66 und 81 kW =<strong> ID-Nr. 1R0172111 120 000 Kilometer oder nach maximal 5 Jahren.<\/strong><\/li>\n<li>SEAT Leon 1.9 TDI 66 und 81 kW =<strong> ID-Nr. 1R0172110 90 000 Kilometer oder nach h\u00f6chstens 5 Jahren.<\/strong><\/li>\n<li>SEAT Leon 1.9 TDI 66 und 81 kW = <strong>Motor-Nr. 3R014912 150 000 Kilometer oder nach maximal 5 Jahren.<\/strong><\/li>\n<li>SEAT Leon 1.9 TDI 74 und 96 kW = <strong>Motor-Nr. 3R014912 120 000 Kilometer oder nach maximal 5 Jahren.<\/strong><\/li>\n<\/ul>\n<h2><strong>Benzin<\/strong> <strong>zwischen 2005 und 2013 produzierte Varianten<br \/>\n<\/strong><\/h2>\n<ul>\n<li>SEAT Leon 1.2 TSI 77 kW = <strong>Steuerkette, nach 10 Jahren pr\u00fcfen und ggf. ersetzen.<\/strong><\/li>\n<li>SEAT Leon 1.4 16v 63 kW = <strong>Kein eindeutiges Intervall, die Empfehlung liegt bei 90 000 Kilometern oder sp\u00e4testens nach 5 Jahren.<\/strong><\/li>\n<li>SEAT Leon 1.4 TSI 92 kW = <strong>Steuerkette, nach 10 Jahren pr\u00fcfen und ggf. ersetzen.<\/strong><\/li>\n<li>SEAT Leon 1.6 75 kW = <strong>Kein eindeutiges Intervall, die Empfehlung liegt bei 90 000 Kilometern oder sp\u00e4testens nach 5 Jahren.<\/strong><\/li>\n<li>SEAT Leon 1.8 TSI 118 kW = <strong>Steuerkette, nach 10 Jahren pr\u00fcfen und ggf. ersetzen.<\/strong><\/li>\n<li>SEAT Leon 2.0 TFSI alle Varianten = <strong>180 000 Kilometer oder nach (empfohlen) maximal 5 Jahren.\u00a0\u00a0<\/strong><\/li>\n<\/ul>\n<h2><strong>Diesel-Varianten, die zwischen 2005 und 2013 produziert wurden<br \/>\n<\/strong><\/h2>\n<ul>\n<li>SEAT Leon 1.6 TDI 66 und 77 =<strong>\u00a0210 000 Kilometer oder nach maximal f\u00fcnf Jahren.<\/strong><\/li>\n<li>SEAT Leon 1.9 TDI 77 kW bis 2006 =<strong>\u00a0120 000 Kilometer oder nach maximal 5 Jahren.<\/strong><\/li>\n<li>SEAT Leon 1.9 TDI 77 kW vanaf 2007 =<strong>\u00a0150 000 Kilometer oder nach maximal 5 Jahren.<\/strong><\/li>\n<li>SEAT Leon 2.0 TDI 103 kW MOTOR BKD =<strong>\u00a0120 000 Kilometer oder nach maximal 5 Jahren.<\/strong><\/li>\n<li>SEAT Leon 2.0 TDI 103 kW MOTOR CFHC =<strong>\u00a0210 000 Kilometer oder nach maximal f\u00fcnf Jahren.<\/strong><\/li>\n<li>SEAT Leon 2.0 TDI 125 kW MOTOR BMN =<strong>\u00a0150 000 Kilometer oder nach maximal 5 Jahren.<\/strong><\/li>\n<li>SEAT Leon 2.0 TDI 125 kW MOTOR CEGA =<strong>\u00a0180 000 Kilometer oder nach maximal f\u00fcnf Jahren.<\/strong><\/li>\n<li>SEAT Leon 2.0 TDI 125 kW MOTOR CFJA =<strong>\u00a0210 000 Kilometer oder nach maximal f\u00fcnf Jahren.<\/strong><\/li>\n<\/ul>\n<h2><strong>Benzin<\/strong> <strong>ab 2013 produzierte Varianten -<br \/>\n<\/strong><\/h2>\n<ul>\n<li>SEAT Leon 1.0 TSI 85 kW = <strong>Empfehlung 120 000 Kilometer oder nach maximal 6 Jahren.<\/strong><\/li>\n<li>SEAT Leon 1.2 TSI 63 und 77 kW = <strong>Empfehlung 120 000 Kilometer oder nach maximal 6 Jahren.<\/strong><\/li>\n<li>SEAT Leon 1.2 TSI 81 kW = <strong>Empfehlung 120 000 Kilometer oder nach maximal 6 Jahren.<\/strong><\/li>\n<li>SEAT Leon 1.4 TSI 90 (92) und 103 (110) kW = <strong>Empfehlung 120 000 Kilometer oder nach maximal 6 Jahren.<\/strong><\/li>\n<li>SEAT Leon 1.8 TSI 132 kW = <strong>Steuerkette, nach 10 Jahren pr\u00fcfen und ggf. ersetzen.<\/strong><\/li>\n<li>SEAT Leon 2.0 Cupra = <strong>Steuerkette, nach 10 Jahren pr\u00fcfen und ggf. ersetzen.<\/strong><\/li>\n<\/ul>\n<h2><strong>Diesel-Varianten, die ab 2013 produziert wurden -<br \/>\n<\/strong><\/h2>\n<ul>\n<li>SEAT Leon 1.6 TDI alle Varianten =<strong>\u00a0210 000 Kilometer oder nach maximal f\u00fcnf Jahren.<\/strong><\/li>\n<li>SEAT Leon 2.0 TDI alle Varianten =<strong>\u00a0210 000 Kilometer oder nach maximal f\u00fcnf Jahren.<\/strong><\/li>\n<\/ul>\n<p>[\/et_pb_text][\/et_pb_column][\/et_pb_row][\/et_pb_section].<\/p>","protected":false},"excerpt":{"rendered":"<p>Wann ein SEAT Leon Zahnriemen zu wechseln ist Der Seat Leon ist ein beliebtes spanisches Mittelklassemodell, das ab dem Jahr 2000 hergestellt wurde. Dieses Modell ist sowohl mit Benzin- als auch mit Dieselmotoren erh\u00e4ltlich. Nachstehend finden Sie eine \u00dcbersicht \u00fcber die Zahnriemenwechselintervalle ab dem Jahr 2000. Wenn Sie nicht wissen, welchen Motor Ihr Auto hat, k\u00f6nnen Sie die [...] unten finden.<\/p>","protected":false},"author":1,"featured_media":0,"parent":0,"menu_order":0,"comment_status":"closed","ping_status":"closed","template":"","meta":{"_et_pb_use_builder":"on","_et_pb_old_content":"","_et_gb_content_width":"","footnotes":""},"class_list":["post-620","page","type-page","status-publish","hentry"],"yoast_head":"<!-- This site is optimized with the Yoast SEO plugin v27.4 - https:\/\/yoast.com\/product\/yoast-seo-wordpress\/ -->\n<title>Wanneer distributieriem vervangen Seat LEON? Alle intervallen<\/title>\n<meta name=\"description\" content=\"Wanneer distributieriem vervangen Seat Leon? Alle intervallen op deze pagina zowel diesel en benzine o.a. 1.0 1.2 1.4 1.6 1.8 1.9 2.0 TSI TFSI tdi Cupra etc\" \/>\n<meta name=\"robots\" content=\"index, follow, max-snippet:-1, max-image-preview:large, max-video-preview:-1\" \/>\n<link rel=\"canonical\" href=\"https:\/\/autobaak.nl\/de\/sitzleone\/\" \/>\n<meta property=\"og:locale\" content=\"de_DE\" \/>\n<meta property=\"og:type\" content=\"article\" \/>\n<meta property=\"og:title\" content=\"Wanneer distributieriem vervangen Seat LEON? Alle intervallen\" \/>\n<meta property=\"og:description\" content=\"Wanneer distributieriem vervangen Seat Leon? Alle intervallen op deze pagina zowel diesel en benzine o.a. 1.0 1.2 1.4 1.6 1.8 1.9 2.0 TSI TFSI tdi Cupra etc\" \/>\n<meta property=\"og:url\" content=\"https:\/\/autobaak.nl\/de\/sitzleone\/\" \/>\n<meta property=\"og:site_name\" content=\"Autobaak.nl\" \/>\n<meta property=\"article:modified_time\" content=\"2019-06-19T15:12:35+00:00\" \/>\n<meta property=\"og:image\" content=\"https:\/\/static-dscn.net\/13385\/1592655\/?wi=334511&amp;ws=\" \/>\n<meta name=\"twitter:card\" content=\"summary_large_image\" \/>\n<meta name=\"twitter:label1\" content=\"Gesch\u00e4tzte Lesezeit\" \/>\n\t<meta name=\"twitter:data1\" content=\"5\u00a0Minuten\" \/>\n<script type=\"application\/ld+json\" class=\"yoast-schema-graph\">{\"@context\":\"https:\\\/\\\/schema.org\",\"@graph\":[{\"@type\":\"WebPage\",\"@id\":\"https:\\\/\\\/autobaak.nl\\\/seat-leon\\\/\",\"url\":\"https:\\\/\\\/autobaak.nl\\\/seat-leon\\\/\",\"name\":\"Wanneer distributieriem vervangen Seat LEON? Alle intervallen\",\"isPartOf\":{\"@id\":\"https:\\\/\\\/autobaak.nl\\\/#website\"},\"primaryImageOfPage\":{\"@id\":\"https:\\\/\\\/autobaak.nl\\\/seat-leon\\\/#primaryimage\"},\"image\":{\"@id\":\"https:\\\/\\\/autobaak.nl\\\/seat-leon\\\/#primaryimage\"},\"thumbnailUrl\":\"https:\\\/\\\/static-dscn.net\\\/13385\\\/1592655\\\/?wi=334511&amp;ws=\",\"datePublished\":\"2017-11-10T22:15:00+00:00\",\"dateModified\":\"2019-06-19T15:12:35+00:00\",\"description\":\"Wanneer distributieriem vervangen Seat Leon? Alle intervallen op deze pagina zowel diesel en benzine o.a. 1.0 1.2 1.4 1.6 1.8 1.9 2.0 TSI TFSI tdi Cupra etc\",\"breadcrumb\":{\"@id\":\"https:\\\/\\\/autobaak.nl\\\/seat-leon\\\/#breadcrumb\"},\"inLanguage\":\"de\",\"potentialAction\":[{\"@type\":\"ReadAction\",\"target\":[\"https:\\\/\\\/autobaak.nl\\\/seat-leon\\\/\"]}]},{\"@type\":\"ImageObject\",\"inLanguage\":\"de\",\"@id\":\"https:\\\/\\\/autobaak.nl\\\/seat-leon\\\/#primaryimage\",\"url\":\"https:\\\/\\\/static-dscn.net\\\/13385\\\/1592655\\\/?wi=334511&amp;ws=\",\"contentUrl\":\"https:\\\/\\\/static-dscn.net\\\/13385\\\/1592655\\\/?wi=334511&amp;ws=\"},{\"@type\":\"BreadcrumbList\",\"@id\":\"https:\\\/\\\/autobaak.nl\\\/seat-leon\\\/#breadcrumb\",\"itemListElement\":[{\"@type\":\"ListItem\",\"position\":1,\"name\":\"Home\",\"item\":\"https:\\\/\\\/autobaak.nl\\\/\"},{\"@type\":\"ListItem\",\"position\":2,\"name\":\"SEAT Leon\"}]},{\"@type\":\"WebSite\",\"@id\":\"https:\\\/\\\/autobaak.nl\\\/#website\",\"url\":\"https:\\\/\\\/autobaak.nl\\\/\",\"name\":\"Autobaak.nl\",\"description\":\"Cars &amp; Racing\",\"potentialAction\":[{\"@type\":\"SearchAction\",\"target\":{\"@type\":\"EntryPoint\",\"urlTemplate\":\"https:\\\/\\\/autobaak.nl\\\/?s={search_term_string}\"},\"query-input\":{\"@type\":\"PropertyValueSpecification\",\"valueRequired\":true,\"valueName\":\"search_term_string\"}}],\"inLanguage\":\"de\"}]}<\/script>\n<!-- \/ Yoast SEO plugin. -->","yoast_head_json":{"title":"Wann ist der Seat LEON Zahnriemen zu wechseln? Alle Intervalle","description":"Wann ist ein Seat Leon Zahnriemen zu wechseln? Alle Intervalle auf dieser Seite sowohl Diesel als auch Benziner einschlie\u00dflich 1.0 1.2 1.4 1.6 1.8 1.9 2.0 TSI TFSI tdi Cupra etc.","robots":{"index":"index","follow":"follow","max-snippet":"max-snippet:-1","max-image-preview":"max-image-preview:large","max-video-preview":"max-video-preview:-1"},"canonical":"https:\/\/autobaak.nl\/de\/sitzleone\/","og_locale":"de_DE","og_type":"article","og_title":"Wanneer distributieriem vervangen Seat LEON? Alle intervallen","og_description":"Wanneer distributieriem vervangen Seat Leon? Alle intervallen op deze pagina zowel diesel en benzine o.a. 1.0 1.2 1.4 1.6 1.8 1.9 2.0 TSI TFSI tdi Cupra etc","og_url":"https:\/\/autobaak.nl\/de\/sitzleone\/","og_site_name":"Autobaak.nl","article_modified_time":"2019-06-19T15:12:35+00:00","og_image":[{"url":"https:\/\/static-dscn.net\/13385\/1592655\/?wi=334511&amp;ws=","type":"","width":"","height":""}],"twitter_card":"summary_large_image","twitter_misc":{"Gesch\u00e4tzte Lesezeit":"5\u00a0Minuten"},"schema":{"@context":"https:\/\/schema.org","@graph":[{"@type":"WebPage","@id":"https:\/\/autobaak.nl\/seat-leon\/","url":"https:\/\/autobaak.nl\/seat-leon\/","name":"Wann ist der Seat LEON Zahnriemen zu wechseln? Alle Intervalle","isPartOf":{"@id":"https:\/\/autobaak.nl\/#website"},"primaryImageOfPage":{"@id":"https:\/\/autobaak.nl\/seat-leon\/#primaryimage"},"image":{"@id":"https:\/\/autobaak.nl\/seat-leon\/#primaryimage"},"thumbnailUrl":"https:\/\/static-dscn.net\/13385\/1592655\/?wi=334511&amp;ws=","datePublished":"2017-11-10T22:15:00+00:00","dateModified":"2019-06-19T15:12:35+00:00","description":"Wann ist ein Seat Leon Zahnriemen zu wechseln? Alle Intervalle auf dieser Seite sowohl Diesel als auch Benziner einschlie\u00dflich 1.0 1.2 1.4 1.6 1.8 1.9 2.0 TSI TFSI tdi Cupra etc.","breadcrumb":{"@id":"https:\/\/autobaak.nl\/seat-leon\/#breadcrumb"},"inLanguage":"de","potentialAction":[{"@type":"ReadAction","target":["https:\/\/autobaak.nl\/seat-leon\/"]}]},{"@type":"ImageObject","inLanguage":"de","@id":"https:\/\/autobaak.nl\/seat-leon\/#primaryimage","url":"https:\/\/static-dscn.net\/13385\/1592655\/?wi=334511&amp;ws=","contentUrl":"https:\/\/static-dscn.net\/13385\/1592655\/?wi=334511&amp;ws="},{"@type":"BreadcrumbList","@id":"https:\/\/autobaak.nl\/seat-leon\/#breadcrumb","itemListElement":[{"@type":"ListItem","position":1,"name":"Home","item":"https:\/\/autobaak.nl\/"},{"@type":"ListItem","position":2,"name":"SEAT Leon"}]},{"@type":"WebSite","@id":"https:\/\/autobaak.nl\/#website","url":"https:\/\/autobaak.nl\/","name":"Autobook.de","description":"Autos &amp; Rennsport","potentialAction":[{"@type":"SearchAction","target":{"@type":"EntryPoint","urlTemplate":"https:\/\/autobaak.nl\/?s={search_term_string}"},"query-input":{"@type":"PropertyValueSpecification","valueRequired":true,"valueName":"search_term_string"}}],"inLanguage":"de"}]}},"_links":{"self":[{"href":"https:\/\/autobaak.nl\/de\/wp-json\/wp\/v2\/pages\/620","targetHints":{"allow":["GET"]}}],"collection":[{"href":"https:\/\/autobaak.nl\/de\/wp-json\/wp\/v2\/pages"}],"about":[{"href":"https:\/\/autobaak.nl\/de\/wp-json\/wp\/v2\/types\/page"}],"author":[{"embeddable":true,"href":"https:\/\/autobaak.nl\/de\/wp-json\/wp\/v2\/users\/1"}],"replies":[{"embeddable":true,"href":"https:\/\/autobaak.nl\/de\/wp-json\/wp\/v2\/comments?post=620"}],"version-history":[{"count":0,"href":"https:\/\/autobaak.nl\/de\/wp-json\/wp\/v2\/pages\/620\/revisions"}],"wp:attachment":[{"href":"https:\/\/autobaak.nl\/de\/wp-json\/wp\/v2\/media?parent=620"}],"curies":[{"name":"wp","href":"https:\/\/api.w.org\/{rel}","templated":true}]}}