{"id":633,"date":"2017-11-16T17:53:09","date_gmt":"2017-11-16T17:53:09","guid":{"rendered":"https:\/\/autobaak.nl\/?page_id=633"},"modified":"2019-06-21T07:06:02","modified_gmt":"2019-06-21T07:06:02","slug":"skoda-fabia","status":"publish","type":"page","link":"https:\/\/autobaak.nl\/de\/skoda-fabia\/","title":{"rendered":"Skoda Fabia"},"content":{"rendered":"<p>[et_pb_section bb_built=\"1\u2033 fullwidth=\"off\" specialty=\"off\" transparent_background=\"off\" background_colour=\"#0c71c3\u2033 allow_player_pause=\"off\" inner_shadow=\"off\" parallax=\"off\" parallax_method=\"off\" padding_mobile=\"off\" make_fullwidth=\"off\" use_custom_width=\"off\" width_unit=\"on\" make_equal=\"off\" use_custom_gutter=\"off\" custom_padding_tablet=\"50px|0|50px|0\u2033 custom_padding_last_edited=\"on|desktop\" inner_width=\"auto\" inner_max_width=\"none\" next_background_colour=\"#ffffff\"][et_pb_row background_position=\"top_left\" background_repeat=\"repeat\" background_size=\"initial\" width=\"80%\" max_width=\"1080px\"][et_pb_column type=\"4_4\u2033][et_pb_text background_layout=\"dark\" text_orientation=\"center\" use_border_colour=\"off\" border_colour=\"#ffffff\" border_style=\"solid\" background_position=\"top_left\" background_repeat=\"repeat\" background_size=\"initial\" module_alignment=\"centre\"]<\/p>\n<h1 style=\"text-align: center;\">Wann ist ein Zahnriemen im Skoda Fabia zu wechseln?<\/h1>\n<p>[\/et_pb_text][\/et_pb_column][\/et_pb_row][\/et_pb_section][et_pb_section bb_built=\"1\u2033 _builder_version=\"3.23.3\u2033 inner_width_tablet=\"50px\" inner_max_width_tablet=\"50px\" custom_margin=\"||-40px|\" custom_padding=\"||-20px|\" z_index_tablet=\"500\u2033 box_shadow_horizontal_tablet=\"0px\" box_shadow_vertical_tablet=\"0px\" box_shadow_blur_tablet=\"40px\" box_shadow_spread_tablet=\"0px\" next_background_color=\"#000000\u2033 global_module=\"1614\u2033 prev_background_color=\"#0c71c3\u2033][et_pb_row global_parent=\"1614\u2033 _builder_version=\"3.22.3\u2033 background_size=\"initial\" background_position=\"top_left\" background_repeat=\"repeat\"][et_pb_column type=\"4_4\u2033][et_pb_text global_parent=\"1614\u2033 _builder_version=\"3.23.3\u2033 custom_margin=\"-50px||-50px||\" z_index_tablet=\"500\u2033 text_text_shadow_horizontal_length_tablet=\"0px\" text_text_shadow_vertical_length_tablet=\"0px\" text_text_shadow_blur_strength_tablet=\"1px\" link_text_shadow_horizontal_length_tablet=\"0px\" link_text_shadow_vertical_length_tablet=\"0px\" link_text_shadow_blur_strength_tablet=\"1px\" ul_text_shadow_horizontal_length_tablet=\"0px\" ul_text_shadow_vertical_length_tablet=\"0px\" ul_text_shadow_blur_strength_tablet=\"1px\" ol_text_shadow_horizontal_length_tablet=\"0px\" ol_text_shadow_vertical_length_tablet=\"0px\" ol_text_shadow_blur_strength_tablet=\"1px\" quote_text_shadow_horizontal_length_tablet=\"0px\" quote_text_shadow_vertical_length_tablet=\"0px\" quote_text_shadow_blur_strength_tablet=\"1px\" header_text_shadow_horizontal_length_tablet=\"0px\" header_text_shadow_vertical_length_tablet=\"0px\" header_text_shadow_blur_strength_tablet=\"1px\" header_2_text_shadow_horizontal_length_tablet=\"0px\" header_2_text_shadow_vertical_length_tablet=\"0px\" header_2_text_shadow_blur_strength_tablet=\"1px\" header_3_text_shadow_horizontal_length_tablet=\"0px\" header_3_text_shadow_vertical_length_tablet=\"0px\" header_3_text_shadow_blur_strength_tablet=\"1px\" header_4_text_shadow_horizontal_length_tablet=\"0px\" header_4_text_shadow_vertical_length_tablet=\"0px\" header_4_text_shadow_blur_strength_tablet=\"1px\" header_5_text_shadow_horizontal_length_tablet=\"0px\" header_5_text_shadow_vertical_length_tablet=\"0px\" header_5_text_shadow_blur_strength_tablet=\"1px\" header_6_text_shadow_horizontal_length_tablet=\"0px\" header_6_text_shadow_vertical_length_tablet=\"0px\" header_6_text_shadow_blur_strength_tablet=\"1px\" box_shadow_horizontal_tablet=\"0px\" box_shadow_vertical_tablet=\"0px\" box_shadow_blur_tablet=\"40px\" box_shadow_spread_tablet=\"0px\" custom_padding=\"||0px|||\"]<\/p>\n<p><a href=\"https:\/\/lt45.net\/c\/?si=13244&amp;li=1615045&amp;wi=334511&amp;ws=\" target=\"_blank\" rel=\"nofollow noopener noreferrer\"><img decoding=\"async\" class=\"aligncenter\" style=\"max-width: 100%; height: auto; border: none;\" src=\"https:\/\/static-dscn.net\/13244\/1615045\/?wi=334511&amp;ws=\" alt=\"\" \/><\/a><\/p>\n<p>[\/et_pb_text][\/et_pb_column][\/et_pb_row][\/et_pb_section][et_pb_section bb_built=\"1\u2033 fullwidth=\"off\" specialty=\"off\" inner_width=\"auto\" inner_max_width=\"none\" prev_background_colour=\"#000000\u2033][et_pb_row background_position=\"top_left\" background_repeat=\"repeat\" background_size=\"initial\" width=\"80%\" max_width=\"1080px\"][et_pb_column type=\"2_3\u2033][et_pb_text background_layout=\"light\" text_orientation=\"left\" use_border_color=\"off\" border_color=\"#ffffff\" border_style=\"solid\" background_position=\"top_left\" background_repeat=\"repeat\" background_size=\"initial\"]<\/p>\n<p>\nDer Skoda Fabia ist ein beliebtes Modell der tschechischen Marke, das seit 2000 produziert wird. Dieses Modell wird sowohl mit Benzin- als auch mit Dieselmotoren geliefert. Nachfolgend finden Sie eine \u00dcbersicht \u00fcber die Zahnriemenwechselintervalle ab dem Jahr 2000. Wenn Sie nicht wissen, welchen Motor Ihr Fahrzeug hat, k\u00f6nnen Sie unten das Kennzeichen eingeben.<\/p>\n<p>[open_rdw_check \"marke\" \"handelsname\" \"fahrzeugtyp\" \"kraftstoff_beschreibung\" \"anzahl_zylinder\" \"hubraum\" \"expiry_apk\"]<\/p>\n<p>[\/et_pb_text][et_pb_text background_layout=\"light\" text_orientation=\"left\" use_border_color=\"off\" border_color=\"#ffffff\" border_style=\"solid\" background_position=\"top_left\" background_repeat=\"repeat\" background_size=\"initial\"]<\/p>\n<h2><strong>Benzin<\/strong> <strong>zwischen 2000 und 2006 hergestellte Varianten<br \/>\n<\/strong><\/h2>\n<ul>\n<li>Skoda Fabia 1.0 37 kW (6Y2) =\u00a0<strong>Steuerkette, nach 10 Jahren pr\u00fcfen und ggf. ersetzen.<\/strong><\/li>\n<li>Skoda Fabia 1.2 40 und 47 kW (6Y2) =\u00a0<strong>Steuerkette, nach 10 Jahren pr\u00fcfen und ggf. ersetzen.<\/strong><\/li>\n<li>Skoda Fabia 1.4 50 kW (6Y3) =\u00a0<strong>Steuerkette, nach 10 Jahren pr\u00fcfen und ggf. ersetzen.<\/strong><\/li>\n<li>Skoda Fabia 1.4 44 kW (6Y2\/3) =\u00a0<strong>Steuerkette, nach 10 Jahren pr\u00fcfen und ggf. ersetzen.<\/strong><\/li>\n<li>Skoda Fabia 1.4 16v 59 kW (6Y3) = <strong>Kein eindeutiges Intervall, die Empfehlung liegt bei 90 000 Kilometern oder sp\u00e4testens nach 5 Jahren.<\/strong><\/li>\n<li>Skoda Fabia 1.4 16v 55 und 74 kW (6Y2\/3) = <strong>Kein eindeutiges Intervall, die Empfehlung liegt bei 90 000 Kilometern oder sp\u00e4testens nach 5 Jahren.<\/strong><\/li>\n<li>Skoda Fabia 2.0 85 kW (6Y2) = <strong>Kein eindeutiges Intervall, die Empfehlung liegt bei 90 000 Kilometern oder sp\u00e4testens nach 5 Jahren.<\/strong><\/li>\n<\/ul>\n<h2><b>Diesel<\/b>\u00a0<strong>zwischen 2000 und 2006 hergestellte Varianten<br \/>\n<\/strong><\/h2>\n<ul>\n<li>Skoda Fabia 1.4 TDI 51 und 59 kW =<b>\u00a0120 000\u00a0<\/b><strong>Kilometer oder nach maximal 5 Jahren.<\/strong><\/li>\n<li>Skoda Fabia 1.4 TDI 55 kW =<b>\u00a090 000\u00a0<\/b><strong>Kilometer oder nach maximal 5 Jahren.<\/strong><\/li>\n<li>Skoda Fabia 1.4 TDI 55 kW ab 2004 = 1.0<b>\u00a0120 000\u00a0<\/b><strong>Kilometer oder nach maximal 5 Jahren.<\/strong><\/li>\n<li>Skoda Fabia 1.9 SDI 47 kW bis 04-2001 =.<b>\u00a090<\/b><strong>\u00a0000 Kilometern oder nach maximal 5 Jahren.<\/strong><\/li>\n<li>Skoda Fabia 1.9 SDI 47 kW von 05-2001 = 1.<b>\u00a0120<\/b><strong>\u00a0000 Kilometern oder nach maximal 5 Jahren.<\/strong><\/li>\n<li>Skoda Fabia 1.9 TDI 74 kW bis 07-2003 = 1.0<b>\u00a090<\/b><strong>\u00a0000 Kilometern oder nach maximal 5 Jahren.<\/strong><\/li>\n<li>Skoda Fabia 1.9 TDI 74 kW bis 08-2003 = 1.0<b>\u00a0120<\/b><strong>\u00a0000 Kilometern oder nach maximal 5 Jahren.<\/strong><\/li>\n<li>Skoda Fabia 1.9 TDI 96 kW bis 07-2003 = 1.0<b>\u00a090<\/b><strong>\u00a0000 Kilometern oder nach maximal 5 Jahren.<\/strong><\/li>\n<li>Skoda Fabia 1.9 TDI 96 kW bis 08-2003 = 1.0<b>\u00a0120<\/b><strong>\u00a0000 Kilometern oder nach maximal 5 Jahren.<\/strong><\/li>\n<\/ul>\n<h2><strong>Benziner-Varianten, die zwischen 2006 und 2014 produziert wurden<br \/>\n<\/strong><\/h2>\n<ul>\n<li>Skoda Fabia 1.2 (12v) 44 und 51 kW = <strong>Steuerkette, nach 10 Jahren pr\u00fcfen und ggf. ersetzen.<\/strong><\/li>\n<li>Skoda Fabia 1.2 TSI 63 und 77 kW = <strong>Steuerkette, nach 10 Jahren pr\u00fcfen und ggf. ersetzen.<\/strong><\/li>\n<li>Skoda Fabia 1.4 63 kW = <strong>Kein eindeutiges Intervall, die Empfehlung liegt bei 90 000 Kilometern oder sp\u00e4testens nach 5 Jahren.<\/strong><\/li>\n<li>Skoda Fabia 1.6 77 kW =\u00a0<strong>Steuerkette, nach 10 Jahren pr\u00fcfen und ggf. ersetzen.<\/strong><\/li>\n<\/ul>\n<h2><b>Diesel<\/b>\u00a0<strong>zwischen 2006 und 2014 produzierte Varianten<br \/>\n<\/strong><\/h2>\n<ul>\n<li>Skoda Fabia 1.2 TDI 55 kW =<b>\u00a0210 000\u00a0<\/b><strong>Kilometer oder nach maximal 5 Jahren.<\/strong><\/li>\n<li>Skoda Fabia 1.4 TDI 51 und 59 kW =<b>\u00a0150 000\u00a0<\/b><strong>Kilometer oder nach maximal 5 Jahren.<\/strong><\/li>\n<li>Skoda Fabia 1.6 TDI alle Versionen =<b>\u00a0210 000\u00a0<\/b><strong>Kilometer oder nach maximal 5 Jahren.<\/strong><\/li>\n<li>Skoda Fabia 1.9 TDI 77 kW =<b>\u00a0120 000\u00a0<\/b><strong>Kilometer oder nach maximal 5 Jahren.<\/strong><\/li>\n<\/ul>\n<h2><b>Benzin<\/b>\u00a0<strong>ab 2014 produzierte Varianten -<br \/>\n<\/strong><\/h2>\n<ul>\n<li>Skoda Fabia 1.0 44 und 55 kW =\u00a0<strong>Kein eindeutiges Intervall, empfohlen werden 120 000 Kilometer oder maximal 5 Jahre.<\/strong><\/li>\n<li>Skoda Fabia 1.0 TSI 70 und 81 kW =\u00a0<strong>Kein eindeutiges Intervall, empfohlen werden 120 000 Kilometer oder maximal 5 Jahre.<\/strong><\/li>\n<li>Skoda Fabia 1.2 TSI 66 und 81 kW =\u00a0<strong>Kein eindeutiges Intervall, empfohlen werden 120 000 Kilometer oder maximal 5 Jahre.<\/strong><\/li>\n<li>Skoda Fabia 1.6 81 kW =\u00a0<strong>Kein eindeutiges Intervall, die Empfehlung lautet 120 000 Kilometer oder nach maximal 5 Jahren<\/strong><\/li>\n<\/ul>\n<h2><b>Diesel<\/b>\u00a0<strong>ab 2014 produzierte Varianten -<br \/>\n<\/strong><\/h2>\n<ul>\n<li>Skoda Fabia 1.4 TDI alle Varianten = <strong>210 000 Kilometer oder nach maximal 8 Jahren.<\/strong><\/li>\n<\/ul>\n<p>[\/et_pb_text][\/et_pb_column][et_pb_column type=\"1_3\u2033][et_pb_code _builder_version=\"3.23.3\u2033 z_index_tablet=\"500\u2033 saved_tabs=\"all\" text_orientation=\"centre\" global_module=\"1602\u2033]<iframe loading=\"lazy\" style=\"overflow: hidden; border: none\" src=\"https:\/\/html.dt51.net\/12298\/1550002\/?wi=334511&#038;ws=\" width=\"160\" height=\"600\" frameborder=\"0\" marginwidth=\"0\" marginheight=\"0\" scrolling=\"no\"><\/iframe>[\/et_pb_code][\/et_pb_column][\/et_pb_row][\/et_pb_section].<\/p>","protected":false},"excerpt":{"rendered":"<p>Wann ist der Zahnriemen zu wechseln Skoda Fabia Der Skoda Fabia ist ein beliebtes Modell der tschechischen Marke, das seit 2000 produziert wird. Dieses Modell gibt es sowohl mit Benzin- als auch mit Dieselmotoren. Nachfolgend finden Sie eine \u00dcbersicht der Zahnriemenwechselintervalle ab dem Jahr 2000. Wenn Sie nicht wissen, welchen Motor Ihr Auto hat, k\u00f6nnen Sie [...] unten.<\/p>","protected":false},"author":1,"featured_media":0,"parent":0,"menu_order":0,"comment_status":"closed","ping_status":"closed","template":"","meta":{"_et_pb_use_builder":"on","_et_pb_old_content":"","_et_gb_content_width":"","footnotes":""},"class_list":["post-633","page","type-page","status-publish","hentry"],"yoast_head":"<!-- This site is optimized with the Yoast SEO plugin v27.4 - https:\/\/yoast.com\/product\/yoast-seo-wordpress\/ -->\n<title>Wanneer distributieriem vervangen Skoda Fabia? Alle intervallen<\/title>\n<meta name=\"description\" content=\"Wanneer distributieriem vervangen Skoda Fabia? Alle intervallen, zowel diesel als benzine. O.a. 1.0 1.2 1.4 1.6 2.0 TSI TDI combi en 16v direct checken\" \/>\n<meta name=\"robots\" content=\"index, follow, max-snippet:-1, max-image-preview:large, max-video-preview:-1\" \/>\n<link rel=\"canonical\" href=\"https:\/\/autobaak.nl\/de\/skoda-fabia\/\" \/>\n<meta property=\"og:locale\" content=\"de_DE\" \/>\n<meta property=\"og:type\" content=\"article\" \/>\n<meta property=\"og:title\" content=\"Wanneer distributieriem vervangen Skoda Fabia? Alle intervallen\" \/>\n<meta property=\"og:description\" content=\"Wanneer distributieriem vervangen Skoda Fabia? Alle intervallen, zowel diesel als benzine. O.a. 1.0 1.2 1.4 1.6 2.0 TSI TDI combi en 16v direct checken\" \/>\n<meta property=\"og:url\" content=\"https:\/\/autobaak.nl\/de\/skoda-fabia\/\" \/>\n<meta property=\"og:site_name\" content=\"Autobaak.nl\" \/>\n<meta property=\"article:modified_time\" content=\"2019-06-21T07:06:02+00:00\" \/>\n<meta property=\"og:image\" content=\"https:\/\/static-dscn.net\/13244\/1615045\/?wi=334511&amp;ws=\" \/>\n<meta name=\"twitter:card\" content=\"summary_large_image\" \/>\n<meta name=\"twitter:label1\" content=\"Gesch\u00e4tzte Lesezeit\" \/>\n\t<meta name=\"twitter:data1\" content=\"5\u00a0Minuten\" \/>\n<script type=\"application\/ld+json\" class=\"yoast-schema-graph\">{\"@context\":\"https:\\\/\\\/schema.org\",\"@graph\":[{\"@type\":\"WebPage\",\"@id\":\"https:\\\/\\\/autobaak.nl\\\/skoda-fabia\\\/\",\"url\":\"https:\\\/\\\/autobaak.nl\\\/skoda-fabia\\\/\",\"name\":\"Wanneer distributieriem vervangen Skoda Fabia? Alle intervallen\",\"isPartOf\":{\"@id\":\"https:\\\/\\\/autobaak.nl\\\/#website\"},\"primaryImageOfPage\":{\"@id\":\"https:\\\/\\\/autobaak.nl\\\/skoda-fabia\\\/#primaryimage\"},\"image\":{\"@id\":\"https:\\\/\\\/autobaak.nl\\\/skoda-fabia\\\/#primaryimage\"},\"thumbnailUrl\":\"https:\\\/\\\/static-dscn.net\\\/13244\\\/1615045\\\/?wi=334511&amp;ws=\",\"datePublished\":\"2017-11-16T17:53:09+00:00\",\"dateModified\":\"2019-06-21T07:06:02+00:00\",\"description\":\"Wanneer distributieriem vervangen Skoda Fabia? Alle intervallen, zowel diesel als benzine. O.a. 1.0 1.2 1.4 1.6 2.0 TSI TDI combi en 16v direct checken\",\"breadcrumb\":{\"@id\":\"https:\\\/\\\/autobaak.nl\\\/skoda-fabia\\\/#breadcrumb\"},\"inLanguage\":\"de\",\"potentialAction\":[{\"@type\":\"ReadAction\",\"target\":[\"https:\\\/\\\/autobaak.nl\\\/skoda-fabia\\\/\"]}]},{\"@type\":\"ImageObject\",\"inLanguage\":\"de\",\"@id\":\"https:\\\/\\\/autobaak.nl\\\/skoda-fabia\\\/#primaryimage\",\"url\":\"https:\\\/\\\/static-dscn.net\\\/13244\\\/1615045\\\/?wi=334511&amp;ws=\",\"contentUrl\":\"https:\\\/\\\/static-dscn.net\\\/13244\\\/1615045\\\/?wi=334511&amp;ws=\"},{\"@type\":\"BreadcrumbList\",\"@id\":\"https:\\\/\\\/autobaak.nl\\\/skoda-fabia\\\/#breadcrumb\",\"itemListElement\":[{\"@type\":\"ListItem\",\"position\":1,\"name\":\"Home\",\"item\":\"https:\\\/\\\/autobaak.nl\\\/\"},{\"@type\":\"ListItem\",\"position\":2,\"name\":\"Skoda Fabia\"}]},{\"@type\":\"WebSite\",\"@id\":\"https:\\\/\\\/autobaak.nl\\\/#website\",\"url\":\"https:\\\/\\\/autobaak.nl\\\/\",\"name\":\"Autobaak.nl\",\"description\":\"Cars &amp; Racing\",\"potentialAction\":[{\"@type\":\"SearchAction\",\"target\":{\"@type\":\"EntryPoint\",\"urlTemplate\":\"https:\\\/\\\/autobaak.nl\\\/?s={search_term_string}\"},\"query-input\":{\"@type\":\"PropertyValueSpecification\",\"valueRequired\":true,\"valueName\":\"search_term_string\"}}],\"inLanguage\":\"de\"}]}<\/script>\n<!-- \/ Yoast SEO plugin. -->","yoast_head_json":{"title":"Wann ist ein Skoda Fabia Zahnriemen zu wechseln? Alle Intervalle","description":"Wann ist ein Skoda Fabia Zahnriemen zu wechseln? Alle Intervalle, sowohl Diesel als auch Benzin. Z.B. 1.0 1.2 1.4 1.6 2.0 TSI TDI combi und 16v direct check","robots":{"index":"index","follow":"follow","max-snippet":"max-snippet:-1","max-image-preview":"max-image-preview:large","max-video-preview":"max-video-preview:-1"},"canonical":"https:\/\/autobaak.nl\/de\/skoda-fabia\/","og_locale":"de_DE","og_type":"article","og_title":"Wanneer distributieriem vervangen Skoda Fabia? Alle intervallen","og_description":"Wanneer distributieriem vervangen Skoda Fabia? Alle intervallen, zowel diesel als benzine. O.a. 1.0 1.2 1.4 1.6 2.0 TSI TDI combi en 16v direct checken","og_url":"https:\/\/autobaak.nl\/de\/skoda-fabia\/","og_site_name":"Autobaak.nl","article_modified_time":"2019-06-21T07:06:02+00:00","og_image":[{"url":"https:\/\/static-dscn.net\/13244\/1615045\/?wi=334511&amp;ws=","type":"","width":"","height":""}],"twitter_card":"summary_large_image","twitter_misc":{"Gesch\u00e4tzte Lesezeit":"5\u00a0Minuten"},"schema":{"@context":"https:\/\/schema.org","@graph":[{"@type":"WebPage","@id":"https:\/\/autobaak.nl\/skoda-fabia\/","url":"https:\/\/autobaak.nl\/skoda-fabia\/","name":"Wann ist ein Skoda Fabia Zahnriemen zu wechseln? Alle Intervalle","isPartOf":{"@id":"https:\/\/autobaak.nl\/#website"},"primaryImageOfPage":{"@id":"https:\/\/autobaak.nl\/skoda-fabia\/#primaryimage"},"image":{"@id":"https:\/\/autobaak.nl\/skoda-fabia\/#primaryimage"},"thumbnailUrl":"https:\/\/static-dscn.net\/13244\/1615045\/?wi=334511&amp;ws=","datePublished":"2017-11-16T17:53:09+00:00","dateModified":"2019-06-21T07:06:02+00:00","description":"Wann ist ein Skoda Fabia Zahnriemen zu wechseln? Alle Intervalle, sowohl Diesel als auch Benzin. Z.B. 1.0 1.2 1.4 1.6 2.0 TSI TDI combi und 16v direct check","breadcrumb":{"@id":"https:\/\/autobaak.nl\/skoda-fabia\/#breadcrumb"},"inLanguage":"de","potentialAction":[{"@type":"ReadAction","target":["https:\/\/autobaak.nl\/skoda-fabia\/"]}]},{"@type":"ImageObject","inLanguage":"de","@id":"https:\/\/autobaak.nl\/skoda-fabia\/#primaryimage","url":"https:\/\/static-dscn.net\/13244\/1615045\/?wi=334511&amp;ws=","contentUrl":"https:\/\/static-dscn.net\/13244\/1615045\/?wi=334511&amp;ws="},{"@type":"BreadcrumbList","@id":"https:\/\/autobaak.nl\/skoda-fabia\/#breadcrumb","itemListElement":[{"@type":"ListItem","position":1,"name":"Home","item":"https:\/\/autobaak.nl\/"},{"@type":"ListItem","position":2,"name":"Skoda Fabia"}]},{"@type":"WebSite","@id":"https:\/\/autobaak.nl\/#website","url":"https:\/\/autobaak.nl\/","name":"Autobook.de","description":"Autos &amp; Rennsport","potentialAction":[{"@type":"SearchAction","target":{"@type":"EntryPoint","urlTemplate":"https:\/\/autobaak.nl\/?s={search_term_string}"},"query-input":{"@type":"PropertyValueSpecification","valueRequired":true,"valueName":"search_term_string"}}],"inLanguage":"de"}]}},"_links":{"self":[{"href":"https:\/\/autobaak.nl\/de\/wp-json\/wp\/v2\/pages\/633","targetHints":{"allow":["GET"]}}],"collection":[{"href":"https:\/\/autobaak.nl\/de\/wp-json\/wp\/v2\/pages"}],"about":[{"href":"https:\/\/autobaak.nl\/de\/wp-json\/wp\/v2\/types\/page"}],"author":[{"embeddable":true,"href":"https:\/\/autobaak.nl\/de\/wp-json\/wp\/v2\/users\/1"}],"replies":[{"embeddable":true,"href":"https:\/\/autobaak.nl\/de\/wp-json\/wp\/v2\/comments?post=633"}],"version-history":[{"count":0,"href":"https:\/\/autobaak.nl\/de\/wp-json\/wp\/v2\/pages\/633\/revisions"}],"wp:attachment":[{"href":"https:\/\/autobaak.nl\/de\/wp-json\/wp\/v2\/media?parent=633"}],"curies":[{"name":"wp","href":"https:\/\/api.w.org\/{rel}","templated":true}]}}