{"id":687,"date":"2017-11-28T21:07:53","date_gmt":"2017-11-28T21:07:53","guid":{"rendered":"https:\/\/autobaak.nl\/?page_id=687"},"modified":"2022-01-29T16:45:50","modified_gmt":"2022-01-29T16:45:50","slug":"skoda-rapid","status":"publish","type":"page","link":"https:\/\/autobaak.nl\/de\/skoda-rapid\/","title":{"rendered":"Skoda Rapid"},"content":{"rendered":"<p>[et_pb_section fb_built=\"1\u2033 custom_padding_last_edited=\"on|desktop\" _builder_version=\"3.22\u2033 background_color=\"#0c71c3\u2033 custom_padding_tablet=\"50px|0|50px|0\u2033 custom_padding_phone=\"\" transparent_background=\"off\" padding_mobile=\"off\" make_fullwidth=\"off\" use_custom_width=\"off\" width_unit=\"on\" global_colors_info=\"{}\"][et_pb_row _builder_version=\"3.25\u2033 background_size=\"initial\" background_position=\"top_left\" background_repeat=\"repeat\" global_colors_info=\"{}\"][et_pb_column type=\"4_4\u2033 _builder_version=\"3.25\u2033 custom_padding=\"|||\" global_colors_info=\"{}\" custom_padding__hover=\"|||\"][et_pb_text _builder_version=\"3.27.4\u2033 background_size=\"initial\" background_position=\"top_left\" background_repeat=\"repeat\" text_orientation=\"centre\" background_layout=\"dark\" module_alignment=\"centre\" use_border_color=\"off\" border_color=\"#ffffff\" border_style=\"solid\" global_colors_info=\"{}\"][et_pb_text _builder_version=\"3.27.<\/p>\n<h1 style=\"text-align: center;\">Wann ist der Zahnriemen zu wechseln?<\/h1>\n<p>[\/et_pb_text][\/et_pb_column][\/et_pb_row][\/et_pb_section][et_pb_section fb_built=\"1\u2033 _builder_version=\"4.0.7\u2033 inner_width_tablet=\"50px\" inner_max_width_tablet=\"50px\" custom_margin=\"||-40px|\" custom_padding=\"2px|||0px|||false|false\" z_index_tablet=\"500\u2033 box_shadow_horizontal_tablet=\"0px\" box_shadow_vertical_tablet=\"0px\" box_shadow_blur_tablet=\"40px\" box_shadow_spread_tablet=\"0px\" global_module=\"1614\u2033 global_colors_info=\"{}\"][et_pb_row _builder_version=\"3.25\u2033 background_size=\"initial\" background_position=\"top_left\" background_repeat=\"repeat\" global_colors_info=\"{}\"][et_pb_column type=\"4_4\u2033 _builder_version=\"3.25\u2033 custom_padding=\"|||\" global_colors_info=\"{}\" custom_padding__hover=\"|||\"][et_pb_code _builder_version=\"4.13.1\u2033 _module_preset=\"default\" global_colors_info=\"{}\"]<div class=\"et_bloom_inline_form et_bloom_optin et_bloom_make_form_visible et_bloom_optin_4\" style=\"display: none;\">\n\t\t\t\t<style type=\"text\/css\">.et_bloom .et_bloom_optin_4 .et_bloom_form_content { background-color: #1e73be !important; } .et_bloom .et_bloom_optin_4 .et_bloom_form_container .et_bloom_form_header { background-color: #4e8abf !important; } .et_bloom .et_bloom_optin_4 .carrot_edge .et_bloom_form_content:before { border-top-color: #4e8abf !important; } .et_bloom .et_bloom_optin_4 .carrot_edge.et_bloom_form_right .et_bloom_form_content:before, .et_bloom .et_bloom_optin_4 .carrot_edge.et_bloom_form_left .et_bloom_form_content:before { border-top-color: transparent !important; border-left-color: #4e8abf !important; }\n\t\t\t\t\t\t@media only screen and ( max-width: 767px ) {.et_bloom .et_bloom_optin_4 .carrot_edge.et_bloom_form_right .et_bloom_form_content:before { border-top-color: #4e8abf !important; border-left-color: transparent !important; }.et_bloom .et_bloom_optin_4 .carrot_edge.et_bloom_form_left .et_bloom_form_content:after { border-bottom-color: #4e8abf !important; border-left-color: transparent !important; }\n\t\t\t\t\t\t}.et_bloom .et_bloom_optin_4 .et_bloom_form_content button { background-color: #dd9933 !important; } .et_bloom .et_bloom_optin_4 .et_bloom_form_content .et_bloom_fields i { color: #dd9933 !important; } .et_bloom .et_bloom_optin_4 .et_bloom_form_content .et_bloom_custom_field_radio i:before { background: #dd9933 !important; } .et_bloom .et_bloom_optin_4 .et_bloom_border_solid { border-color: #dd9933 !important } .et_bloom .et_bloom_optin_4 .et_bloom_form_content button { background-color: #dd9933 !important; } .et_bloom .et_bloom_optin_4 .et_bloom_form_container h2, .et_bloom .et_bloom_optin_4 .et_bloom_form_container h2 span, .et_bloom .et_bloom_optin_4 .et_bloom_form_container h2 strong { font-family: \"Roboto\", Helvetica, Arial, Lucida, sans-serif; }.et_bloom .et_bloom_optin_4 .et_bloom_form_container p, .et_bloom .et_bloom_optin_4 .et_bloom_form_container p span, .et_bloom .et_bloom_optin_4 .et_bloom_form_container p strong, .et_bloom .et_bloom_optin_4 .et_bloom_form_container form input, .et_bloom .et_bloom_optin_4 .et_bloom_form_container form button span { font-family: \"Roboto\", Helvetica, Arial, Lucida, sans-serif; } <\/style>\n\t\t\t\t<div class=\"et_bloom_form_container  with_edge carrot_edge et_bloom_border_solid et_bloom_border_position_top et_bloom_rounded_corners et_bloom_rounded et_bloom_form_text_light et_bloom_form_bottom et_bloom_inline_2_fields\">\n\t\t\t\t\t\n\t\t\t<div class=\"et_bloom_form_container_wrapper clearfix\">\n\t\t\t\t<div class=\"et_bloom_header_outer\">\n\t\t\t\t\t<div class=\"et_bloom_form_header et_bloom_header_text_light\">\n\t\t\t\t\t\t\n\t\t\t\t\t\t<div class=\"et_bloom_form_text\">\n\t\t\t\t\t\t<h2 style=\"text-align: center;\"><span style=\"color: #ffffff;\"><strong>Werden Sie ein Auto kaufen? Machen Sie keinen Fehlkauf. Holen Sie sich die kostenlose Checkliste<\/strong><\/span><\/h2><p style=\"text-align: center;\"><span style=\"color: #ffffff;\"><em>Sie erhalten die Checkliste in Ihrem Briefkasten<\/em><\/span><\/p>\n\t\t\t\t\t<\/div>\n\t\t\t\t\t\t\n\t\t\t\t\t<\/div>\n\t\t\t\t<\/div>\n\t\t\t\t<div class=\"et_bloom_form_content et_bloom_2_fields et_bloom_bottom_inline\">\n\t\t\t\t\t\n\t\t\t\t\t\n\t\t\t\t\t<form method=\"post\" class=\"clearfix\" action=\"\">\n\t\t\t\t\t\t<div class=\"et_bloom_fields\">\n\t\t\t\t\t\t\t<p class=\"et_bloom_popup_input et_bloom_subscribe_name\">\n\t\t\t\t\t\t\t\t<input placeholder=\"Name\" maxlength=\"50\">\n\t\t\t\t\t\t\t<\/p>\n\t\t\t\t\t\t\t<p class=\"et_bloom_popup_input et_bloom_subscribe_email\">\n\t\t\t\t\t\t\t\t<input placeholder=\"E-Mail\">\n\t\t\t\t\t\t\t<\/p>\n\t\t\t\t\t\t\t\n\t\t\t\t\t\t\t<button data-optin_id=\"optin_4\" data-service=\"mailerlite\" data-list_id=\"106699396\" data-page_id=\"687\" data-account=\"Autobaaknl\" data-ip_address=\"true\" class=\"et_bloom_submit_subscription\">\n\t\t\t\t\t\t\t\t<span class=\"et_bloom_subscribe_loader\"><\/span>\n\t\t\t\t\t\t\t\t<span class=\"et_bloom_button_text et_bloom_button_text_color_light\">Empfangen<\/span>\n\t\t\t\t\t\t\t<\/button>\n\t\t\t\t\t\t<\/div>\n\t\t\t\t\t<input type=\"hidden\" name=\"trp-form-language\" value=\"de\"\/><\/form>\n\t\t\t\t\t<div class=\"et_bloom_success_container\">\n\t\t\t\t\t\t<span class=\"et_bloom_success_checkmark\"><\/span>\n\t\t\t\t\t<\/div>\n\t\t\t\t\t<h2 class=\"et_bloom_success_message\">Gehen Sie nun zu Ihrem Posteingang und \u00fcberpr\u00fcfen Sie Ihren Spam-Ordner <\/h2>\n\t\t\t\t\t<div class=\"et_bloom_form_footer\"><p><span style=\"color: #999999;\"><em>Wir versenden keinen Spam und die Abmeldung ist jederzeit m\u00f6glich<\/em><\/span><\/p><\/div>\n\t\t\t\t<\/div>\n\t\t\t<\/div>\n\t\t\t<span class=\"et_bloom_close_button\"><\/span>\n\t\t\t\t<\/div>\n\t\t\t<\/div>[\/et_pb_code][\/et_pb_column][\/et_pb_row][\/et_pb_section][et_pb_section fb_built=\"1\u2033 _builder_version=\"3.22\u2033 global_colors_info=\"{}\"][et_pb_row _builder_version=\"3.25\u2033 background_size=\"initial\" background_position=\"top_left\" background_repeat=\"repeat\" global_colors_info=\"{}\"][et_pb_column type=\"4_4\u2033 _builder_version=\"3.25\u2033 custom_padding=\"|||\" global_colors_info=\"{}\" custom_padding__hover=\"|||\"][et_pb_text _builder_version=\"3.27.4\u2033 background_size=\"initial\" background_position=\"top_left\" background_repeat=\"repeat\" use_border_color=\"off\" border_color=\"#ffffff\" border_style=\"solid\" global_colors_info=\"{}\"]<\/p>\n<p>\nDer Skoda Rapid ist ein kompaktes 5-t\u00fcriges Modell der tschechischen Marke, das seit 2012 produziert wird. Dieses Modell wird sowohl mit Benzin- als auch mit Dieselmotoren geliefert. Nachfolgend finden Sie eine \u00dcbersicht \u00fcber die Zahnriemenwechselintervalle ab 2012. Wenn Sie nicht wissen, welchen Motor Ihr Fahrzeug hat, k\u00f6nnen Sie unten das Kennzeichen eingeben.<\/p>\n<p>[open_rdw_check \"marke\" \"handelsname\" \"fahrzeugtyp\" \"kraftstoff_beschreibung\" \"anzahl_zylinder\" \"hubraum\" \"expiry_apk\"]<br \/>\n[\/et_pb_text][et_pb_text _builder_version=\"3.27.4\u2033 background_size=\"initial\" background_position=\"top_left\" background_repeat=\"repeat\" use_border_color=\"off\" border_color=\"#ffffff\" border_style=\"solid\" global_colors_info=\"{}\"]<\/p>\n<h2><strong>Benzin-Varianten, hergestellt ab 2012 -<br \/>\n<\/strong><\/h2>\n<ul>\n<li>Skoda Rapid 1.0 TSI 70 und 81 kW =\u00a0<strong>Kein eindeutiges Intervall, empfohlen werden 120 000 Kilometer oder maximal 5 Jahre.<\/strong><\/li>\n<li>Skoda Rapid 1.2 55 kW bis 2015=. <strong>Steuerkette, nach 10 Jahren pr\u00fcfen und ggf. ersetzen.<\/strong><\/li>\n<li>Skoda Rapid 1.2 TSI 63 und 77 kW = <strong>Steuerkette, nach 10 Jahren pr\u00fcfen und ggf. ersetzen.<\/strong><\/li>\n<li>Skoda Rapid 1.2 TSI 66 und 81 kW =\u00a0<strong>Kein eindeutiges Intervall, empfohlen werden 120 000 Kilometer oder maximal 5 Jahre.<\/strong><\/li>\n<li>Skoda Rapid 1.4 TSI 90 kW =\u00a0<strong>Steuerkette, nach 10 Jahren pr\u00fcfen und ggf. ersetzen.<\/strong><\/li>\n<li>Skoda Rapid 1.4 TSI 92 kW = <strong>Kein eindeutiges Intervall, empfohlen werden 120 000 Kilometer oder maximal 5 Jahre.<\/strong><\/li>\n<li>Skoda Rapid 1.6 77 kW =\u00a0<strong>Steuerkette, nach 10 Jahren pr\u00fcfen und ggf. ersetzen.<\/strong><\/li>\n<\/ul>\n<h2><b>Diesel<\/b>\u00a0<strong>ab 2012 produzierte Varianten -<br \/>\n<\/strong><\/h2>\n<ul>\n<li>Skoda Rapid 1.4 TDI 66 kW =<b>\u00a0210 000\u00a0<\/b><strong>Kilometer oder nach maximal 5 Jahren.<\/strong><\/li>\n<li>Skoda Rapid 1.6 TDI alle Varianten =<b>\u00a0210 000\u00a0<\/b><strong>Kilometer oder nach maximal 5 Jahren.<\/strong><\/li>\n<p>[\/et_pb_text][\/et_pb_column][\/et_pb_row][\/et_pb_section][et_pb_section fb_built=\"1\u2033 _builder_version=\"4.0.7\u2033 global_colors_info=\"{}\"][et_pb_row _builder_version=\"4.0.7\u2033 global_colors_info=\"{}\"][et_pb_column type=\"4_4\u2033 _builder_version=\"4.0.7\u2033 global_colors_info=\"{}\"][et_pb_image src=\"https:\/\/autobaak.nl\/wp-content\/uploads\/2019\/12\/Wieldoppen-kopen.png\" _builder_version=\"4.0.7\u2033 global_colors_info=\"{}\"][\/et_pb_image][\/et_pb_column][\/et_pb_row][\/et_pb_section]<\/p>","protected":false},"excerpt":{"rendered":"<p>Wann ist der Zahnriemen zu wechseln? <div class=\"et_bloom_inline_form et_bloom_optin et_bloom_make_form_visible et_bloom_optin_4\" style=\"display: none;\">\n\t\t\t\t<style type=\"text\/css\">.et_bloom .et_bloom_optin_4 .et_bloom_form_content { background-color: #1e73be !important; } .et_bloom .et_bloom_optin_4 .et_bloom_form_container .et_bloom_form_header { background-color: #4e8abf !important; } .et_bloom .et_bloom_optin_4 .carrot_edge .et_bloom_form_content:before { border-top-color: #4e8abf !important; } .et_bloom .et_bloom_optin_4 .carrot_edge.et_bloom_form_right .et_bloom_form_content:before, .et_bloom .et_bloom_optin_4 .carrot_edge.et_bloom_form_left .et_bloom_form_content:before { border-top-color: transparent !important; border-left-color: #4e8abf !important; }\n\t\t\t\t\t\t@media only screen and ( max-width: 767px ) {.et_bloom .et_bloom_optin_4 .carrot_edge.et_bloom_form_right .et_bloom_form_content:before { border-top-color: #4e8abf !important; border-left-color: transparent !important; }.et_bloom .et_bloom_optin_4 .carrot_edge.et_bloom_form_left .et_bloom_form_content:after { border-bottom-color: #4e8abf !important; border-left-color: transparent !important; }\n\t\t\t\t\t\t}.et_bloom .et_bloom_optin_4 .et_bloom_form_content button { background-color: #dd9933 !important; } .et_bloom .et_bloom_optin_4 .et_bloom_form_content .et_bloom_fields i { color: #dd9933 !important; } .et_bloom .et_bloom_optin_4 .et_bloom_form_content .et_bloom_custom_field_radio i:before { background: #dd9933 !important; } .et_bloom .et_bloom_optin_4 .et_bloom_border_solid { border-color: #dd9933 !important } .et_bloom .et_bloom_optin_4 .et_bloom_form_content button { background-color: #dd9933 !important; } .et_bloom .et_bloom_optin_4 .et_bloom_form_container h2, .et_bloom .et_bloom_optin_4 .et_bloom_form_container h2 span, .et_bloom .et_bloom_optin_4 .et_bloom_form_container h2 strong { font-family: \"Roboto\", Helvetica, Arial, Lucida, sans-serif; }.et_bloom .et_bloom_optin_4 .et_bloom_form_container p, .et_bloom .et_bloom_optin_4 .et_bloom_form_container p span, .et_bloom .et_bloom_optin_4 .et_bloom_form_container p strong, .et_bloom .et_bloom_optin_4 .et_bloom_form_container form input, .et_bloom .et_bloom_optin_4 .et_bloom_form_container form button span { font-family: \"Roboto\", Helvetica, Arial, Lucida, sans-serif; } <\/style>\n\t\t\t\t<div class=\"et_bloom_form_container  with_edge carrot_edge et_bloom_border_solid et_bloom_border_position_top et_bloom_rounded_corners et_bloom_rounded et_bloom_form_text_light et_bloom_form_bottom et_bloom_inline_2_fields\">\n\t\t\t\t\t\n\t\t\t<div class=\"et_bloom_form_container_wrapper clearfix\">\n\t\t\t\t<div class=\"et_bloom_header_outer\">\n\t\t\t\t\t<div class=\"et_bloom_form_header et_bloom_header_text_light\">\n\t\t\t\t\t\t\n\t\t\t\t\t\t<div class=\"et_bloom_form_text\">\n\t\t\t\t\t\t<h2 style=\"text-align: center;\"><span style=\"color: #ffffff;\"><strong>Werden Sie ein Auto kaufen? Machen Sie keinen Fehlkauf. Holen Sie sich die kostenlose Checkliste<\/strong><\/span><\/h2><p style=\"text-align: center;\"><span style=\"color: #ffffff;\"><em>Sie erhalten die Checkliste in Ihrem Briefkasten<\/em><\/span><\/p>\n\t\t\t\t\t<\/div>\n\t\t\t\t\t\t\n\t\t\t\t\t<\/div>\n\t\t\t\t<\/div>\n\t\t\t\t<div class=\"et_bloom_form_content et_bloom_2_fields et_bloom_bottom_inline\">\n\t\t\t\t\t\n\t\t\t\t\t\n\t\t\t\t\t<form method=\"post\" class=\"clearfix\" action=\"\">\n\t\t\t\t\t\t<div class=\"et_bloom_fields\">\n\t\t\t\t\t\t\t<p class=\"et_bloom_popup_input et_bloom_subscribe_name\">\n\t\t\t\t\t\t\t\t<input placeholder=\"Name\" maxlength=\"50\">\n\t\t\t\t\t\t\t<\/p>\n\t\t\t\t\t\t\t<p class=\"et_bloom_popup_input et_bloom_subscribe_email\">\n\t\t\t\t\t\t\t\t<input placeholder=\"E-Mail\">\n\t\t\t\t\t\t\t<\/p>\n\t\t\t\t\t\t\t\n\t\t\t\t\t\t\t<button data-optin_id=\"optin_4\" data-service=\"mailerlite\" data-list_id=\"106699396\" data-page_id=\"687\" data-account=\"Autobaaknl\" data-ip_address=\"true\" class=\"et_bloom_submit_subscription\">\n\t\t\t\t\t\t\t\t<span class=\"et_bloom_subscribe_loader\"><\/span>\n\t\t\t\t\t\t\t\t<span class=\"et_bloom_button_text et_bloom_button_text_color_light\">Empfangen<\/span>\n\t\t\t\t\t\t\t<\/button>\n\t\t\t\t\t\t<\/div>\n\t\t\t\t\t<input type=\"hidden\" name=\"trp-form-language\" value=\"de\"\/><\/form>\n\t\t\t\t\t<div class=\"et_bloom_success_container\">\n\t\t\t\t\t\t<span class=\"et_bloom_success_checkmark\"><\/span>\n\t\t\t\t\t<\/div>\n\t\t\t\t\t<h2 class=\"et_bloom_success_message\">Gehen Sie nun zu Ihrem Posteingang und \u00fcberpr\u00fcfen Sie Ihren Spam-Ordner <\/h2>\n\t\t\t\t\t<div class=\"et_bloom_form_footer\"><p><span style=\"color: #999999;\"><em>Wir versenden keinen Spam und die Abmeldung ist jederzeit m\u00f6glich<\/em><\/span><\/p><\/div>\n\t\t\t\t<\/div>\n\t\t\t<\/div>\n\t\t\t<span class=\"et_bloom_close_button\"><\/span>\n\t\t\t\t<\/div>\n\t\t\t<\/div> Der Skoda Rapid ist ein kompaktes 5-t\u00fcriges Modell der tschechischen Marke, das seit 2012 produziert wird. Dieses Modell gibt es sowohl mit Benzin- als auch mit Dieselmotoren. Nachfolgend finden Sie eine \u00dcbersicht \u00fcber das Zahnriemenwechselintervall ab 2012. Wenn Sie nicht wissen, welchen Motor Ihr Auto hat, k\u00f6nnen Sie [...]<\/p>","protected":false},"author":1,"featured_media":0,"parent":0,"menu_order":0,"comment_status":"closed","ping_status":"closed","template":"","meta":{"_et_pb_use_builder":"on","_et_pb_old_content":"","_et_gb_content_width":"","footnotes":""},"class_list":["post-687","page","type-page","status-publish","hentry"],"yoast_head":"<!-- This site is optimized with the Yoast SEO plugin v27.4 - https:\/\/yoast.com\/product\/yoast-seo-wordpress\/ -->\n<title>Wanneer distributieriem vervangen bij Skoda Rapid? Alle intervallen hier<\/title>\n<meta name=\"description\" content=\"Wanneer distributieriem vervangen Skoda Rapid? Bekijk alle vervang intervallen op deze pagina, diesel en benzine. O.a. 1.0 1.2 1.4 1.6 TSI en TDI &gt;\" \/>\n<meta name=\"robots\" content=\"index, follow, max-snippet:-1, max-image-preview:large, max-video-preview:-1\" \/>\n<link rel=\"canonical\" href=\"https:\/\/autobaak.nl\/de\/skoda-rapid\/\" \/>\n<meta property=\"og:locale\" content=\"de_DE\" \/>\n<meta property=\"og:type\" content=\"article\" \/>\n<meta property=\"og:title\" content=\"Wanneer distributieriem vervangen bij Skoda Rapid? Alle intervallen hier\" \/>\n<meta property=\"og:description\" content=\"Wanneer distributieriem vervangen Skoda Rapid? Bekijk alle vervang intervallen op deze pagina, diesel en benzine. O.a. 1.0 1.2 1.4 1.6 TSI en TDI &gt;\" \/>\n<meta property=\"og:url\" content=\"https:\/\/autobaak.nl\/de\/skoda-rapid\/\" \/>\n<meta property=\"og:site_name\" content=\"Autobaak.nl\" \/>\n<meta property=\"article:modified_time\" content=\"2022-01-29T16:45:50+00:00\" \/>\n<meta name=\"twitter:card\" content=\"summary_large_image\" \/>\n<meta name=\"twitter:label1\" content=\"Gesch\u00e4tzte Lesezeit\" \/>\n\t<meta name=\"twitter:data1\" content=\"3\u00a0Minuten\" \/>\n<script type=\"application\/ld+json\" class=\"yoast-schema-graph\">{\"@context\":\"https:\\\/\\\/schema.org\",\"@graph\":[{\"@type\":\"WebPage\",\"@id\":\"https:\\\/\\\/autobaak.nl\\\/skoda-rapid\\\/\",\"url\":\"https:\\\/\\\/autobaak.nl\\\/skoda-rapid\\\/\",\"name\":\"Wanneer distributieriem vervangen bij Skoda Rapid? Alle intervallen hier\",\"isPartOf\":{\"@id\":\"https:\\\/\\\/autobaak.nl\\\/#website\"},\"datePublished\":\"2017-11-28T21:07:53+00:00\",\"dateModified\":\"2022-01-29T16:45:50+00:00\",\"description\":\"Wanneer distributieriem vervangen Skoda Rapid? Bekijk alle vervang intervallen op deze pagina, diesel en benzine. O.a. 1.0 1.2 1.4 1.6 TSI en TDI >\",\"breadcrumb\":{\"@id\":\"https:\\\/\\\/autobaak.nl\\\/skoda-rapid\\\/#breadcrumb\"},\"inLanguage\":\"de\",\"potentialAction\":[{\"@type\":\"ReadAction\",\"target\":[\"https:\\\/\\\/autobaak.nl\\\/skoda-rapid\\\/\"]}]},{\"@type\":\"BreadcrumbList\",\"@id\":\"https:\\\/\\\/autobaak.nl\\\/skoda-rapid\\\/#breadcrumb\",\"itemListElement\":[{\"@type\":\"ListItem\",\"position\":1,\"name\":\"Home\",\"item\":\"https:\\\/\\\/autobaak.nl\\\/\"},{\"@type\":\"ListItem\",\"position\":2,\"name\":\"Skoda Rapid\"}]},{\"@type\":\"WebSite\",\"@id\":\"https:\\\/\\\/autobaak.nl\\\/#website\",\"url\":\"https:\\\/\\\/autobaak.nl\\\/\",\"name\":\"Autobaak.nl\",\"description\":\"Cars &amp; Racing\",\"potentialAction\":[{\"@type\":\"SearchAction\",\"target\":{\"@type\":\"EntryPoint\",\"urlTemplate\":\"https:\\\/\\\/autobaak.nl\\\/?s={search_term_string}\"},\"query-input\":{\"@type\":\"PropertyValueSpecification\",\"valueRequired\":true,\"valueName\":\"search_term_string\"}}],\"inLanguage\":\"de\"}]}<\/script>\n<!-- \/ Yoast SEO plugin. -->","yoast_head_json":{"title":"Wann ist ein Zahnriemenwechsel bei einem Skoda Rapid erforderlich? Alle Intervalle hier","description":"Wann muss ein Zahnriemen im Skoda Rapid gewechselt werden? Auf dieser Seite finden Sie alle Wechselintervalle f\u00fcr Diesel und Benzin. Einschlie\u00dflich 1,0 1,2 1,4 1,6 TSI und TDI &gt;","robots":{"index":"index","follow":"follow","max-snippet":"max-snippet:-1","max-image-preview":"max-image-preview:large","max-video-preview":"max-video-preview:-1"},"canonical":"https:\/\/autobaak.nl\/de\/skoda-rapid\/","og_locale":"de_DE","og_type":"article","og_title":"Wanneer distributieriem vervangen bij Skoda Rapid? Alle intervallen hier","og_description":"Wanneer distributieriem vervangen Skoda Rapid? Bekijk alle vervang intervallen op deze pagina, diesel en benzine. O.a. 1.0 1.2 1.4 1.6 TSI en TDI >","og_url":"https:\/\/autobaak.nl\/de\/skoda-rapid\/","og_site_name":"Autobaak.nl","article_modified_time":"2022-01-29T16:45:50+00:00","twitter_card":"summary_large_image","twitter_misc":{"Gesch\u00e4tzte Lesezeit":"3\u00a0Minuten"},"schema":{"@context":"https:\/\/schema.org","@graph":[{"@type":"WebPage","@id":"https:\/\/autobaak.nl\/skoda-rapid\/","url":"https:\/\/autobaak.nl\/skoda-rapid\/","name":"Wann ist ein Zahnriemenwechsel bei einem Skoda Rapid erforderlich? Alle Intervalle hier","isPartOf":{"@id":"https:\/\/autobaak.nl\/#website"},"datePublished":"2017-11-28T21:07:53+00:00","dateModified":"2022-01-29T16:45:50+00:00","description":"Wann muss ein Zahnriemen im Skoda Rapid gewechselt werden? Auf dieser Seite finden Sie alle Wechselintervalle f\u00fcr Diesel und Benzin. Einschlie\u00dflich 1,0 1,2 1,4 1,6 TSI und TDI &gt;","breadcrumb":{"@id":"https:\/\/autobaak.nl\/skoda-rapid\/#breadcrumb"},"inLanguage":"de","potentialAction":[{"@type":"ReadAction","target":["https:\/\/autobaak.nl\/skoda-rapid\/"]}]},{"@type":"BreadcrumbList","@id":"https:\/\/autobaak.nl\/skoda-rapid\/#breadcrumb","itemListElement":[{"@type":"ListItem","position":1,"name":"Home","item":"https:\/\/autobaak.nl\/"},{"@type":"ListItem","position":2,"name":"Skoda Rapid"}]},{"@type":"WebSite","@id":"https:\/\/autobaak.nl\/#website","url":"https:\/\/autobaak.nl\/","name":"Autobook.de","description":"Autos &amp; Rennsport","potentialAction":[{"@type":"SearchAction","target":{"@type":"EntryPoint","urlTemplate":"https:\/\/autobaak.nl\/?s={search_term_string}"},"query-input":{"@type":"PropertyValueSpecification","valueRequired":true,"valueName":"search_term_string"}}],"inLanguage":"de"}]}},"_links":{"self":[{"href":"https:\/\/autobaak.nl\/de\/wp-json\/wp\/v2\/pages\/687","targetHints":{"allow":["GET"]}}],"collection":[{"href":"https:\/\/autobaak.nl\/de\/wp-json\/wp\/v2\/pages"}],"about":[{"href":"https:\/\/autobaak.nl\/de\/wp-json\/wp\/v2\/types\/page"}],"author":[{"embeddable":true,"href":"https:\/\/autobaak.nl\/de\/wp-json\/wp\/v2\/users\/1"}],"replies":[{"embeddable":true,"href":"https:\/\/autobaak.nl\/de\/wp-json\/wp\/v2\/comments?post=687"}],"version-history":[{"count":0,"href":"https:\/\/autobaak.nl\/de\/wp-json\/wp\/v2\/pages\/687\/revisions"}],"wp:attachment":[{"href":"https:\/\/autobaak.nl\/de\/wp-json\/wp\/v2\/media?parent=687"}],"curies":[{"name":"wp","href":"https:\/\/api.w.org\/{rel}","templated":true}]}}